{"id":10570,"date":"2024-10-30T11:27:33","date_gmt":"2024-10-30T11:27:33","guid":{"rendered":"https:\/\/sitio2.utopiasl.eu\/?page_id=10570"},"modified":"2024-12-12T09:48:37","modified_gmt":"2024-12-12T09:48:37","slug":"informacio-de-proteccio-de-dades-a-proveidors","status":"publish","type":"page","link":"https:\/\/clece.es\/ca\/informacio-de-proteccio-de-dades-a-proveidors\/","title":{"rendered":"Informaci\u00f3 de protecci\u00f3 de dades a prove\u00efdors"},"content":{"rendered":"\t\t<div data-elementor-type=\"wp-page\" data-elementor-id=\"10570\" class=\"elementor elementor-10570 elementor-10521\" data-elementor-post-type=\"page\">\n\t\t\t\t<div class=\"elementor-element elementor-element-199f150 e-flex e-con-boxed e-con e-parent\" data-id=\"199f150\" data-element_type=\"container\" data-e-type=\"container\">\n\t\t\t\t\t<div class=\"e-con-inner\">\n\t\t\t\t<div class=\"elementor-element elementor-element-4c7a393 elementor-widget elementor-widget-heading\" data-id=\"4c7a393\" data-element_type=\"widget\" data-e-type=\"widget\" data-widget_type=\"heading.default\">\n\t\t\t\t<div class=\"elementor-widget-container\">\n\t\t\t\t\t<h2 class=\"elementor-heading-title elementor-size-default\">INFORMACI\u00d3 DE PROTECCI\u00d3 DE DADES A PROVE\u00cfDORS<\/h2>\t\t\t\t<\/div>\n\t\t\t\t<\/div>\n\t\t\t\t\t<\/div>\n\t\t\t\t<\/div>\n\t\t<div class=\"elementor-element elementor-element-f54f602 e-flex e-con-boxed e-con e-parent\" data-id=\"f54f602\" data-element_type=\"container\" data-e-type=\"container\">\n\t\t\t\t\t<div class=\"e-con-inner\">\n\t\t\t\t<div class=\"elementor-element elementor-element-3f63420 elementor-widget elementor-widget-text-editor\" data-id=\"3f63420\" data-element_type=\"widget\" data-e-type=\"widget\" data-widget_type=\"text-editor.default\">\n\t\t\t\t<div class=\"elementor-widget-container\">\n\t\t\t\t\t\t\t\t\t<p><strong>1. QUI \u00c9S EL CORRESPONSABLE DE TRACTAMENT DE LES SEVES DADES?<\/strong><br \/>Clece i filials s\u00f3n corresponsables dels tractaments de dades personals de contactes de prove\u00efdors que prestin serveis a qualsevol de les nostres entitats. Es pot consultar el llistat actualitzat d\u2019entitats corresponsables al seg\u00fcent <a href=\"\/ca\/listado-clece-filiales\/\">enlla\u00e7<\/a>.<\/p>\t\t\t\t\t\t\t\t<\/div>\n\t\t\t\t<\/div>\n\t\t\t\t\t<\/div>\n\t\t\t\t<\/div>\n\t\t<div class=\"elementor-element elementor-element-0d0b36d e-flex e-con-boxed e-con e-parent\" data-id=\"0d0b36d\" data-element_type=\"container\" data-e-type=\"container\">\n\t\t\t\t\t<div class=\"e-con-inner\">\n\t\t\t\t<div class=\"elementor-element elementor-element-c815773 elementor-widget elementor-widget-text-editor\" data-id=\"c815773\" data-element_type=\"widget\" data-e-type=\"widget\" data-widget_type=\"text-editor.default\">\n\t\t\t\t<div class=\"elementor-widget-container\">\n\t\t\t\t\t\t\t\t\t<p><strong>2. AMB QUINA FINALITAT I SOTA QUINA BASE LEGITIMADORA TRACTEM LES SEVES DADES PERSONALS?<\/strong><\/p><p>Tractem les dades personals del prove\u00efdor o de les persones de contacte del prove\u00efdor per a les seg\u00fcents finalitats:<\/p><ul><li>Manteniment de la relaci\u00f3 comercial<\/li><li>Gesti\u00f3 financera, econ\u00f2mica, comptable i d\u2019administraci\u00f3<\/li><li>Enviaments d\u2019informaci\u00f3 comercial<\/li><li style=\"padding-bottom: 20px;\">La base que legitima el tractament \u00e9s l\u2019inter\u00e8s leg\u00edtim a gestionar i mantenir la relaci\u00f3 comercial entre les parts.<\/li><\/ul>\t\t\t\t\t\t\t\t<\/div>\n\t\t\t\t<\/div>\n\t\t\t\t\t<\/div>\n\t\t\t\t<\/div>\n\t\t<div class=\"elementor-element elementor-element-40ef2fc e-flex e-con-boxed e-con e-parent\" data-id=\"40ef2fc\" data-element_type=\"container\" data-e-type=\"container\">\n\t\t\t\t\t<div class=\"e-con-inner\">\n\t\t\t\t<div class=\"elementor-element elementor-element-74246eb elementor-widget elementor-widget-text-editor\" data-id=\"74246eb\" data-element_type=\"widget\" data-e-type=\"widget\" data-widget_type=\"text-editor.default\">\n\t\t\t\t<div class=\"elementor-widget-container\">\n\t\t\t\t\t\t\t\t\t<p><strong>3. QUINES DADES PERSONALS TRACTEM?<\/strong><\/p><p>Tractem les dades necess\u00e0ries per a la gesti\u00f3 i manteniment de la relaci\u00f3 comercial, i que normalment seran dades identificatives, dades professionals i dades de contacte professional. En el cas d\u2019empresaris individuals, podem tractar les seves dades banc\u00e0ries per a la necess\u00e0ria gesti\u00f3 financera.<\/p>\t\t\t\t\t\t\t\t<\/div>\n\t\t\t\t<\/div>\n\t\t\t\t\t<\/div>\n\t\t\t\t<\/div>\n\t\t<div class=\"elementor-element elementor-element-87a0f09 e-flex e-con-boxed e-con e-parent\" data-id=\"87a0f09\" data-element_type=\"container\" data-e-type=\"container\">\n\t\t\t\t\t<div class=\"e-con-inner\">\n\t\t\t\t<div class=\"elementor-element elementor-element-e647e3b elementor-widget elementor-widget-text-editor\" data-id=\"e647e3b\" data-element_type=\"widget\" data-e-type=\"widget\" data-widget_type=\"text-editor.default\">\n\t\t\t\t<div class=\"elementor-widget-container\">\n\t\t\t\t\t\t\t\t\t<p><strong>4. DURANT QUANT DE TEMPS CONSERVEM LES SEVES DADES?<\/strong><\/p><p>Les dades es conservaran mentre es mantingui vigent la relaci\u00f3 comercial i, en tot cas, durant un termini de 6 anys conforme l\u2019indicat a l\u2019art. 30 del Codi de Comer\u00e7.<\/p>\t\t\t\t\t\t\t\t<\/div>\n\t\t\t\t<\/div>\n\t\t\t\t\t<\/div>\n\t\t\t\t<\/div>\n\t\t<div class=\"elementor-element elementor-element-18c333d e-flex e-con-boxed e-con e-parent\" data-id=\"18c333d\" data-element_type=\"container\" data-e-type=\"container\">\n\t\t\t\t\t<div class=\"e-con-inner\">\n\t\t\t\t<div class=\"elementor-element elementor-element-bdfdbf6 elementor-widget elementor-widget-text-editor\" data-id=\"bdfdbf6\" data-element_type=\"widget\" data-e-type=\"widget\" data-widget_type=\"text-editor.default\">\n\t\t\t\t<div class=\"elementor-widget-container\">\n\t\t\t\t\t\t\t\t\t<p><strong>5. A QUINS DESTINATARIS PODREM COMUNICAR LES SEVES DADES?<\/strong><\/p><p>Organitzaci\u00f3<\/p><p>Ag\u00e8ncia tribut\u00e0ria<\/p><p>Bancs, caixes d\u2019estalvi i caixes rurals<\/p><p>Amb car\u00e0cter general, les seves dades no seran comunicades a tercers excepte que es derivi d\u2019una obligaci\u00f3 legal.<\/p>\t\t\t\t\t\t\t\t<\/div>\n\t\t\t\t<\/div>\n\t\t\t\t\t<\/div>\n\t\t\t\t<\/div>\n\t\t<div class=\"elementor-element elementor-element-7069cba e-flex e-con-boxed e-con e-parent\" data-id=\"7069cba\" data-element_type=\"container\" data-e-type=\"container\">\n\t\t\t\t\t<div class=\"e-con-inner\">\n\t\t\t\t<div class=\"elementor-element elementor-element-7009b8d elementor-widget elementor-widget-text-editor\" data-id=\"7009b8d\" data-element_type=\"widget\" data-e-type=\"widget\" data-widget_type=\"text-editor.default\">\n\t\t\t\t<div class=\"elementor-widget-container\">\n\t\t\t\t\t\t\t\t\t<p><strong>6. COM ES PROTEGEIXEN LES SEVES DADES PERSONALS?<\/strong><\/p><p>Ens comprometem a mantenir segures les seves dades personals, adoptant totes les precaucions raonables per fer-ho. Implementem totes les mesures organitzatives i t\u00e8cniques necess\u00e0ries d\u2019acord amb la normativa vigent contra qualsevol acc\u00e9s no autoritzat i modificaci\u00f3, divulgaci\u00f3, p\u00e8rdua o destrucci\u00f3. Exigim i imposem contractualment als prove\u00efdors de serveis el mateix nivell de seguretat.<\/p>\t\t\t\t\t\t\t\t<\/div>\n\t\t\t\t<\/div>\n\t\t\t\t\t<\/div>\n\t\t\t\t<\/div>\n\t\t<div class=\"elementor-element elementor-element-7956985 e-flex e-con-boxed e-con e-parent\" data-id=\"7956985\" data-element_type=\"container\" data-e-type=\"container\">\n\t\t\t\t\t<div class=\"e-con-inner\">\n\t\t\t\t<div class=\"elementor-element elementor-element-79a9464 elementor-widget elementor-widget-text-editor\" data-id=\"79a9464\" data-element_type=\"widget\" data-e-type=\"widget\" data-widget_type=\"text-editor.default\">\n\t\t\t\t<div class=\"elementor-widget-container\">\n\t\t\t\t\t\t\t\t\t<p><strong>7. EXERCICI DE DRETS<\/strong><\/p><p>Les persones interessades tenen dret a:<\/p><ul><li>Obtenir confirmaci\u00f3 sobre si estem tractant les seves dades personals.<\/li><li>Obtenir una c\u00f2pia de les seves dades personals.<\/li><li>Solicitar l\u2019eliminaci\u00f3 quan, entre altres motius, les dades ja no siguin necess\u00e0ries per a les finalitats per a les quals van ser recollides.<\/li><li>Solicitar la limitaci\u00f3 del tractament de les seves dades, en aquest cas \u00fanicament es conservaran per a l\u2019exercici o la defensa de reclamacions.<\/li><li style=\"padding-bottom: 30px;\">Oposar-se al tractament de les seves dades, especialment per rebre comunicacions comercials.<\/li><\/ul><p>Pot sol\u00b7licitar l\u2019exercici dels seus drets mitjan\u00e7ant l\u2019adre\u00e7a de correu electr\u00f2nic de contacte del Delegat de Protecci\u00f3 de Dades: <a href=\"mailto:rgpd-clece@clece.es\">rgpd-clece@clece.es<\/a><\/p><p>Si no queda satisfet en l\u2019exercici dels seus drets, pot presentar una reclamaci\u00f3 a l\u2019Ag\u00e8ncia Espanyola de Protecci\u00f3 de Dades.<\/p>\t\t\t\t\t\t\t\t<\/div>\n\t\t\t\t<\/div>\n\t\t\t\t\t<\/div>\n\t\t\t\t<\/div>\n\t\t\t\t<\/div>\n\t\t","protected":false},"excerpt":{"rendered":"<p>INFORMACI\u00d3 DE PROTECCI\u00d3 DE DADES A PROVE\u00cfDORS 1. QUI \u00c9S EL CORRESPONSABLE DE TRACTAMENT DE LES SEVES DADES?Clece i filials s\u00f3n corresponsables dels tractaments de dades personals de contactes de prove\u00efdors que prestin serveis a qualsevol de les nostres entitats. Es pot consultar el llistat actualitzat d\u2019entitats corresponsables al seg\u00fcent enlla\u00e7. 2. AMB QUINA FINALITAT [&hellip;]<\/p>\n","protected":false},"author":6,"featured_media":0,"parent":0,"menu_order":0,"comment_status":"closed","ping_status":"closed","template":"","meta":{"_acf_changed":false,"footnotes":""},"class_list":["post-10570","page","type-page","status-publish","hentry"],"acf":[],"yoast_head":"<!-- This site is optimized with the Yoast SEO plugin v27.3 - https:\/\/yoast.com\/product\/yoast-seo-wordpress\/ -->\n<title>Informaci\u00f3 de protecci\u00f3 de dades a prove\u00efdors - Clece<\/title>\n<meta name=\"robots\" content=\"index, follow, max-snippet:-1, max-image-preview:large, max-video-preview:-1\" \/>\n<link rel=\"canonical\" href=\"https:\/\/clece.es\/es\/politica-de-privacidad-de-proveedores\/\" \/>\n<meta property=\"og:locale\" content=\"ca_ES\" \/>\n<meta property=\"og:type\" content=\"article\" \/>\n<meta property=\"og:title\" content=\"Informaci\u00f3 de protecci\u00f3 de dades a prove\u00efdors - Clece\" \/>\n<meta property=\"og:description\" content=\"INFORMACI\u00d3 DE PROTECCI\u00d3 DE DADES A PROVE\u00cfDORS 1. QUI \u00c9S EL CORRESPONSABLE DE TRACTAMENT DE LES SEVES DADES?Clece i filials s\u00f3n corresponsables dels tractaments de dades personals de contactes de prove\u00efdors que prestin serveis a qualsevol de les nostres entitats. Es pot consultar el llistat actualitzat d\u2019entitats corresponsables al seg\u00fcent enlla\u00e7. 2. AMB QUINA FINALITAT [&hellip;]\" \/>\n<meta property=\"og:url\" content=\"https:\/\/clece.es\/es\/politica-de-privacidad-de-proveedores\/\" \/>\n<meta property=\"og:site_name\" content=\"Clece\" \/>\n<meta property=\"article:publisher\" content=\"https:\/\/www.facebook.com\/CleceSociedadAnonima\/\" \/>\n<meta property=\"article:modified_time\" content=\"2024-12-12T09:48:37+00:00\" \/>\n<meta name=\"twitter:card\" content=\"summary_large_image\" \/>\n<meta name=\"twitter:site\" content=\"@Clece_\" \/>\n<meta name=\"twitter:label1\" content=\"Temps estimat de lectura\" \/>\n\t<meta name=\"twitter:data1\" content=\"2 minuts\" \/>\n<script type=\"application\/ld+json\" class=\"yoast-schema-graph\">{\"@context\":\"https:\\\/\\\/schema.org\",\"@graph\":[{\"@type\":\"WebPage\",\"@id\":\"https:\\\/\\\/clece.es\\\/es\\\/politica-de-privacidad-de-proveedores\\\/\",\"url\":\"https:\\\/\\\/clece.es\\\/es\\\/politica-de-privacidad-de-proveedores\\\/\",\"name\":\"Informaci\u00f3 de protecci\u00f3 de dades a prove\u00efdors - Clece\",\"isPartOf\":{\"@id\":\"https:\\\/\\\/clece.es\\\/es\\\/#website\"},\"datePublished\":\"2024-10-30T11:27:33+00:00\",\"dateModified\":\"2024-12-12T09:48:37+00:00\",\"breadcrumb\":{\"@id\":\"https:\\\/\\\/clece.es\\\/es\\\/politica-de-privacidad-de-proveedores\\\/#breadcrumb\"},\"inLanguage\":\"ca\",\"potentialAction\":[{\"@type\":\"ReadAction\",\"target\":[\"https:\\\/\\\/clece.es\\\/es\\\/politica-de-privacidad-de-proveedores\\\/\"]}]},{\"@type\":\"BreadcrumbList\",\"@id\":\"https:\\\/\\\/clece.es\\\/es\\\/politica-de-privacidad-de-proveedores\\\/#breadcrumb\",\"itemListElement\":[{\"@type\":\"ListItem\",\"position\":1,\"name\":\"Portada\",\"item\":\"https:\\\/\\\/clece.es\\\/es\\\/\"},{\"@type\":\"ListItem\",\"position\":2,\"name\":\"Informaci\u00f3 de protecci\u00f3 de dades a prove\u00efdors\"}]},{\"@type\":\"WebSite\",\"@id\":\"https:\\\/\\\/clece.es\\\/es\\\/#website\",\"url\":\"https:\\\/\\\/clece.es\\\/es\\\/\",\"name\":\"Clece\",\"description\":\"\",\"publisher\":{\"@id\":\"https:\\\/\\\/clece.es\\\/es\\\/#organization\"},\"potentialAction\":[{\"@type\":\"SearchAction\",\"target\":{\"@type\":\"EntryPoint\",\"urlTemplate\":\"https:\\\/\\\/clece.es\\\/es\\\/?s={search_term_string}\"},\"query-input\":{\"@type\":\"PropertyValueSpecification\",\"valueRequired\":true,\"valueName\":\"search_term_string\"}}],\"inLanguage\":\"ca\"},{\"@type\":\"Organization\",\"@id\":\"https:\\\/\\\/clece.es\\\/es\\\/#organization\",\"name\":\"Grupo Clece\",\"url\":\"https:\\\/\\\/clece.es\\\/es\\\/\",\"logo\":{\"@type\":\"ImageObject\",\"inLanguage\":\"ca\",\"@id\":\"https:\\\/\\\/clece.es\\\/es\\\/#\\\/schema\\\/logo\\\/image\\\/\",\"url\":\"https:\\\/\\\/sitio2.utopiasl.eu\\\/wp-content\\\/uploads\\\/2024\\\/10\\\/Logotipos_filiales_Clece_logotipo.png\",\"contentUrl\":\"https:\\\/\\\/sitio2.utopiasl.eu\\\/wp-content\\\/uploads\\\/2024\\\/10\\\/Logotipos_filiales_Clece_logotipo.png\",\"width\":5000,\"height\":5000,\"caption\":\"Grupo Clece\"},\"image\":{\"@id\":\"https:\\\/\\\/clece.es\\\/es\\\/#\\\/schema\\\/logo\\\/image\\\/\"},\"sameAs\":[\"https:\\\/\\\/www.facebook.com\\\/CleceSociedadAnonima\\\/\",\"https:\\\/\\\/x.com\\\/Clece_\",\"https:\\\/\\\/www.linkedin.com\\\/company\\\/clece-sa\\\/\"]}]}<\/script>\n<!-- \/ Yoast SEO plugin. -->","yoast_head_json":{"title":"Informaci\u00f3 de protecci\u00f3 de dades a prove\u00efdors - Clece","robots":{"index":"index","follow":"follow","max-snippet":"max-snippet:-1","max-image-preview":"max-image-preview:large","max-video-preview":"max-video-preview:-1"},"canonical":"https:\/\/clece.es\/es\/politica-de-privacidad-de-proveedores\/","og_locale":"ca_ES","og_type":"article","og_title":"Informaci\u00f3 de protecci\u00f3 de dades a prove\u00efdors - Clece","og_description":"INFORMACI\u00d3 DE PROTECCI\u00d3 DE DADES A PROVE\u00cfDORS 1. QUI \u00c9S EL CORRESPONSABLE DE TRACTAMENT DE LES SEVES DADES?Clece i filials s\u00f3n corresponsables dels tractaments de dades personals de contactes de prove\u00efdors que prestin serveis a qualsevol de les nostres entitats. Es pot consultar el llistat actualitzat d\u2019entitats corresponsables al seg\u00fcent enlla\u00e7. 2. AMB QUINA FINALITAT [&hellip;]","og_url":"https:\/\/clece.es\/es\/politica-de-privacidad-de-proveedores\/","og_site_name":"Clece","article_publisher":"https:\/\/www.facebook.com\/CleceSociedadAnonima\/","article_modified_time":"2024-12-12T09:48:37+00:00","twitter_card":"summary_large_image","twitter_site":"@Clece_","twitter_misc":{"Temps estimat de lectura":"2 minuts"},"schema":{"@context":"https:\/\/schema.org","@graph":[{"@type":"WebPage","@id":"https:\/\/clece.es\/es\/politica-de-privacidad-de-proveedores\/","url":"https:\/\/clece.es\/es\/politica-de-privacidad-de-proveedores\/","name":"Informaci\u00f3 de protecci\u00f3 de dades a prove\u00efdors - Clece","isPartOf":{"@id":"https:\/\/clece.es\/es\/#website"},"datePublished":"2024-10-30T11:27:33+00:00","dateModified":"2024-12-12T09:48:37+00:00","breadcrumb":{"@id":"https:\/\/clece.es\/es\/politica-de-privacidad-de-proveedores\/#breadcrumb"},"inLanguage":"ca","potentialAction":[{"@type":"ReadAction","target":["https:\/\/clece.es\/es\/politica-de-privacidad-de-proveedores\/"]}]},{"@type":"BreadcrumbList","@id":"https:\/\/clece.es\/es\/politica-de-privacidad-de-proveedores\/#breadcrumb","itemListElement":[{"@type":"ListItem","position":1,"name":"Portada","item":"https:\/\/clece.es\/es\/"},{"@type":"ListItem","position":2,"name":"Informaci\u00f3 de protecci\u00f3 de dades a prove\u00efdors"}]},{"@type":"WebSite","@id":"https:\/\/clece.es\/es\/#website","url":"https:\/\/clece.es\/es\/","name":"Clece","description":"","publisher":{"@id":"https:\/\/clece.es\/es\/#organization"},"potentialAction":[{"@type":"SearchAction","target":{"@type":"EntryPoint","urlTemplate":"https:\/\/clece.es\/es\/?s={search_term_string}"},"query-input":{"@type":"PropertyValueSpecification","valueRequired":true,"valueName":"search_term_string"}}],"inLanguage":"ca"},{"@type":"Organization","@id":"https:\/\/clece.es\/es\/#organization","name":"Grupo Clece","url":"https:\/\/clece.es\/es\/","logo":{"@type":"ImageObject","inLanguage":"ca","@id":"https:\/\/clece.es\/es\/#\/schema\/logo\/image\/","url":"https:\/\/sitio2.utopiasl.eu\/wp-content\/uploads\/2024\/10\/Logotipos_filiales_Clece_logotipo.png","contentUrl":"https:\/\/sitio2.utopiasl.eu\/wp-content\/uploads\/2024\/10\/Logotipos_filiales_Clece_logotipo.png","width":5000,"height":5000,"caption":"Grupo Clece"},"image":{"@id":"https:\/\/clece.es\/es\/#\/schema\/logo\/image\/"},"sameAs":["https:\/\/www.facebook.com\/CleceSociedadAnonima\/","https:\/\/x.com\/Clece_","https:\/\/www.linkedin.com\/company\/clece-sa\/"]}]}},"_links":{"self":[{"href":"https:\/\/clece.es\/ca\/wp-json\/wp\/v2\/pages\/10570","targetHints":{"allow":["GET"]}}],"collection":[{"href":"https:\/\/clece.es\/ca\/wp-json\/wp\/v2\/pages"}],"about":[{"href":"https:\/\/clece.es\/ca\/wp-json\/wp\/v2\/types\/page"}],"author":[{"embeddable":true,"href":"https:\/\/clece.es\/ca\/wp-json\/wp\/v2\/users\/6"}],"replies":[{"embeddable":true,"href":"https:\/\/clece.es\/ca\/wp-json\/wp\/v2\/comments?post=10570"}],"version-history":[{"count":29,"href":"https:\/\/clece.es\/ca\/wp-json\/wp\/v2\/pages\/10570\/revisions"}],"predecessor-version":[{"id":15352,"href":"https:\/\/clece.es\/ca\/wp-json\/wp\/v2\/pages\/10570\/revisions\/15352"}],"wp:attachment":[{"href":"https:\/\/clece.es\/ca\/wp-json\/wp\/v2\/media?parent=10570"}],"curies":[{"name":"wp","href":"https:\/\/api.w.org\/{rel}","templated":true}]}}