{"id":13104,"date":"2024-10-02T10:52:18","date_gmt":"2024-10-02T10:52:18","guid":{"rendered":"https:\/\/sitio2.utopiasl.eu\/politica-de-privacidad-del-canal-etico\/"},"modified":"2025-09-15T14:41:48","modified_gmt":"2025-09-15T14:41:48","slug":"politica-de-privacitat-del-canal-etic","status":"publish","type":"page","link":"https:\/\/clece.es\/ca\/politica-de-privacitat-del-canal-etic\/","title":{"rendered":"Pol\u00edtica de Privacitat del Canal \u00c8tic"},"content":{"rendered":"\t\t<div data-elementor-type=\"wp-page\" data-elementor-id=\"13104\" class=\"elementor elementor-13104 elementor-6596\" data-elementor-post-type=\"page\">\n\t\t\t\t<div class=\"elementor-element elementor-element-3f4ee76 e-flex e-con-boxed e-con e-parent\" data-id=\"3f4ee76\" data-element_type=\"container\" data-e-type=\"container\">\n\t\t\t\t\t<div class=\"e-con-inner\">\n\t\t\t\t<div class=\"elementor-element elementor-element-8c48e1f elementor-widget elementor-widget-heading\" data-id=\"8c48e1f\" data-element_type=\"widget\" data-e-type=\"widget\" data-widget_type=\"heading.default\">\n\t\t\t\t<div class=\"elementor-widget-container\">\n\t\t\t\t\t<h2 class=\"elementor-heading-title elementor-size-default\">POL\u00cdTICA DE PRIVACITAT DEL CANAL \u00c8TIC<\/h2>\t\t\t\t<\/div>\n\t\t\t\t<\/div>\n\t\t\t\t\t<\/div>\n\t\t\t\t<\/div>\n\t\t<div class=\"elementor-element elementor-element-1b603a0 e-flex e-con-boxed e-con e-parent\" data-id=\"1b603a0\" data-element_type=\"container\" data-e-type=\"container\">\n\t\t\t\t\t<div class=\"e-con-inner\">\n\t\t\t\t<div class=\"elementor-element elementor-element-b1c8707 elementor-widget elementor-widget-text-editor\" data-id=\"b1c8707\" data-element_type=\"widget\" data-e-type=\"widget\" data-widget_type=\"text-editor.default\">\n\t\t\t\t<div class=\"elementor-widget-container\">\n\t\t\t\t\t\t\t\t\t<p><strong>QUI \u00c9S EL RESPONSABLE DEL TRACTAMENT DE LES SEVES DADES?<\/strong><\/p>\n<p>Identitat: CLECE, S.A. (d\u2019ara endavant, la \u00abCompanyia\u00bb)<\/p>\n<p>CIF: A80364243<\/p>\n<p>Adre\u00e7a Postal: Calle de Quintanavides, 19 Bloque 4 \u2013 Planta 1 y 2 (28050 \u2013Madrid)<\/p>\n<p>Tel\u00e8fon: 91 745 91 00<\/p>\n<p>Delegat de Protecci\u00f3 de Dades: Vost\u00e8 pot contactar amb el Delegat de Protecci\u00f3 de Dades en el correu electr\u00f2nic\u00a0<a href=\"mailto:rgpd-clece@clece.es\">rgpd-clece@clece.es<\/a><\/p>\t\t\t\t\t\t\t\t<\/div>\n\t\t\t\t<\/div>\n\t\t\t\t\t<\/div>\n\t\t\t\t<\/div>\n\t\t<div class=\"elementor-element elementor-element-923aeaf e-flex e-con-boxed e-con e-parent\" data-id=\"923aeaf\" data-element_type=\"container\" data-e-type=\"container\">\n\t\t\t\t\t<div class=\"e-con-inner\">\n\t\t\t\t<div class=\"elementor-element elementor-element-2b104dc elementor-widget elementor-widget-text-editor\" data-id=\"2b104dc\" data-element_type=\"widget\" data-e-type=\"widget\" data-widget_type=\"text-editor.default\">\n\t\t\t\t<div class=\"elementor-widget-container\">\n\t\t\t\t\t\t\t\t\t<p><strong>AMB QUINA FINALITAT TRACTEM LES SEVES DADES PERSONALS?<\/strong><\/p>\n<p>Les dades seran tractades amb la finalitat de gestionar les informacions relatives a la comissi\u00f3 d\u2019irregularitats o infraccions penals i administratives greus o molt greus o actes contraris a l\u2019\u00e8tica, la legalitat o les normes corporatives de la Companyia, i dur a terme les actuacions necess\u00e0ries per a la investigaci\u00f3 dels fets denunciats, incloses, si escau, les mesures disciplin\u00e0ries o legals que puguin correspondre.<\/p>\n<p>Les dades seran tractades aplicant la m\u00e9s estricta confidencialitat i no seran utilitzades per a cap altra finalitat diferent de la indicada. En particular, en cas d\u2019identificaci\u00f3, es garantir\u00e0 la confidencialitat de la persona que hagi posat els fets en coneixement de la Companyia.<\/p>\t\t\t\t\t\t\t\t<\/div>\n\t\t\t\t<\/div>\n\t\t\t\t\t<\/div>\n\t\t\t\t<\/div>\n\t\t<div class=\"elementor-element elementor-element-4b44cf5 e-flex e-con-boxed e-con e-parent\" data-id=\"4b44cf5\" data-element_type=\"container\" data-e-type=\"container\">\n\t\t\t\t\t<div class=\"e-con-inner\">\n\t\t\t\t<div class=\"elementor-element elementor-element-d96a0ab elementor-widget elementor-widget-text-editor\" data-id=\"d96a0ab\" data-element_type=\"widget\" data-e-type=\"widget\" data-widget_type=\"text-editor.default\">\n\t\t\t\t<div class=\"elementor-widget-container\">\n\t\t\t\t\t\t\t\t\t<p><strong>QUINA \u00c9S LA LEGITIMACI\u00d3 PER AL TRACTAMENT DE LES SEVES DADES?<\/strong><\/p>\n<p>La base jur\u00eddica del tractament \u00e9s el compliment de l\u2019obligaci\u00f3 legal de la Companyia conforme a la Llei 2\/2023, de 20 de febrer, reguladora de la protecci\u00f3 de les persones que informin sobre infraccions normatives i de lluita contra la corrupci\u00f3.<\/p>\n<p>El tractament de les seves dades personals \u00e9s estrictament necessari per gestionar el Canal \u00c8tic i complir les obligacions legals esmentades.<\/p>\t\t\t\t\t\t\t\t<\/div>\n\t\t\t\t<\/div>\n\t\t\t\t\t<\/div>\n\t\t\t\t<\/div>\n\t\t<div class=\"elementor-element elementor-element-bdbd0a7 e-flex e-con-boxed e-con e-parent\" data-id=\"bdbd0a7\" data-element_type=\"container\" data-e-type=\"container\">\n\t\t\t\t\t<div class=\"e-con-inner\">\n\t\t\t\t<div class=\"elementor-element elementor-element-da1d0c7 elementor-widget elementor-widget-text-editor\" data-id=\"da1d0c7\" data-element_type=\"widget\" data-e-type=\"widget\" data-widget_type=\"text-editor.default\">\n\t\t\t\t<div class=\"elementor-widget-container\">\n\t\t\t\t\t\t\t\t\t<p><strong>DURANT QUANT DE TEMPS CONSERVAREM LES SEVES DADES?<\/strong><\/p>\n<p>Les dades que siguin objecte de tractament es conservaran en el sistema d\u2019informaci\u00f3 durant el temps imprescindible per a decidir sobre la necessitat d\u2019iniciar una recerca sobre els fets informats, aix\u00ed com per a evidenciar el funcionament correcte del sistema.<\/p>\n<p>No obstant aix\u00f2, s\u2019atendr\u00e0, en tot cas, als terminis disposats a la Llei 2\/2023, de 20 de febrer, reguladora de la protecci\u00f3 de les persones que informin sobre infraccions normatives i de lluita contra la corrupci\u00f3.<\/p>\t\t\t\t\t\t\t\t<\/div>\n\t\t\t\t<\/div>\n\t\t\t\t\t<\/div>\n\t\t\t\t<\/div>\n\t\t<div class=\"elementor-element elementor-element-a1e4ced e-flex e-con-boxed e-con e-parent\" data-id=\"a1e4ced\" data-element_type=\"container\" data-e-type=\"container\">\n\t\t\t\t\t<div class=\"e-con-inner\">\n\t\t\t\t<div class=\"elementor-element elementor-element-0ffb957 elementor-widget elementor-widget-text-editor\" data-id=\"0ffb957\" data-element_type=\"widget\" data-e-type=\"widget\" data-widget_type=\"text-editor.default\">\n\t\t\t\t<div class=\"elementor-widget-container\">\n\t\t\t\t\t\t\t\t\t<p><strong>A QUINS DESTINATARIS ES COMUNICARAN LES SEVES DADES?<\/strong><\/p><p><span data-teams=\"true\">Les seves dades seran tractades pel nostre prove\u00efdor, Formalize ApS, com a encarregat del tractament, en qualitat de prove\u00efdor de la plataforma de gesti\u00f3 de den\u00fancies. Formalize ApS actuar\u00e0 conforme a les instruccions de la Companyia i en el marc del contracte d&#8217;enc\u00e0rrec de tractament subscrit entre ambdues parts.<\/span><\/p><p>A m\u00e9s, les dades podrien comunicar-se a altres destinataris quan sigui necessari en el marc de la investigaci\u00f3 de fets concrets, com ara investigadors\/detectius privats i assessors externs, aix\u00ed com advocats i procuradors per a la tramitaci\u00f3 de procediments sancionadors o penals que corresponguin.<\/p><p>Les dades tamb\u00e9 podran ser comunicades al Ministeri Fiscal, forces i cossos de seguretat, aix\u00ed com a autoritats judicials i\/o administratives quan sigui pertinent i\/o necessari.<\/p>\t\t\t\t\t\t\t\t<\/div>\n\t\t\t\t<\/div>\n\t\t\t\t\t<\/div>\n\t\t\t\t<\/div>\n\t\t<div class=\"elementor-element elementor-element-0434727 e-flex e-con-boxed e-con e-parent\" data-id=\"0434727\" data-element_type=\"container\" data-e-type=\"container\">\n\t\t\t\t\t<div class=\"e-con-inner\">\n\t\t\t\t<div class=\"elementor-element elementor-element-4ea220f elementor-widget elementor-widget-text-editor\" data-id=\"4ea220f\" data-element_type=\"widget\" data-e-type=\"widget\" data-widget_type=\"text-editor.default\">\n\t\t\t\t<div class=\"elementor-widget-container\">\n\t\t\t\t\t\t\t\t\t<p><strong>QUINS S\u00d3N ELS SEUS DRETS?<\/strong><\/p>\n<div id=\"container\">\n<section id=\"content\" role=\"main\">\n<article id=\"post-109627\" class=\"post-109627 page type-page status-publish hentry\">\n<section class=\"entry-content\">\n<div class=\"content\">\n<div class=\"center\">\n<p>Pot sol\u00b7licitar a la Companyia la confirmaci\u00f3 de si les seves dades personals estan sent tractades en el marc de la gesti\u00f3 del Canal \u00c8tic i, si \u00e9s afirmatiu, accedir-hi i sol\u00b7licitar-ne una c\u00f2pia. Tamb\u00e9 pot sol\u00b7licitar la rectificaci\u00f3 de les dades inexactes o, si escau, sol\u00b7licitar-ne la supressi\u00f3 quan, entre altres motius, les dades ja no siguin necess\u00e0ries per a les finalitats per a les quals es van recollir.<\/p>\n<p>Tingui en compte que, en tot cas, s\u2019exclour\u00e0 el dret d\u2019acc\u00e9s a la identitat de qualsevol persona informant o altres tercers implicats. Tamb\u00e9 es podr\u00e0 limitar l\u2019exercici del dret d\u2019acc\u00e9s quan pugui posar en perill o incidir, directament o indirectament, en el curs d\u2019una investigaci\u00f3.<\/p>\n<p>Si la persona a qui es refereixen els fets relatats en la comunicaci\u00f3 o a qui es refereixi la revelaci\u00f3 p\u00fablica exerceix el dret d\u2019oposici\u00f3, es presumir\u00e0 que, excepte prova en contrari, hi ha motius leg\u00edtims imperiosos que justifiquen el tractament de les seves dades personals.<\/p>\n<p>Per exercir els drets esmentats, haur\u00e0 d\u2019enviar una comunicaci\u00f3 escrita o electr\u00f2nica a les adreces de contacte facilitades en el primer ep\u00edgraf d\u2019aquesta pol\u00edtica.<\/p>\n<p>Finalment, se l\u2019informa del seu dret a presentar una reclamaci\u00f3 davant l\u2019Ag\u00e8ncia Espanyola de Protecci\u00f3 de Dades.<\/p>\n<\/div>\n<\/div>\n<\/section>\n<\/article>\n<\/section>\n<\/div>\t\t\t\t\t\t\t\t<\/div>\n\t\t\t\t<\/div>\n\t\t\t\t\t<\/div>\n\t\t\t\t<\/div>\n\t\t\t\t<\/div>\n\t\t","protected":false},"excerpt":{"rendered":"<p>POL\u00cdTICA DE PRIVACITAT DEL CANAL \u00c8TIC QUI \u00c9S EL RESPONSABLE DEL TRACTAMENT DE LES SEVES DADES? Identitat: CLECE, S.A. (d\u2019ara endavant, la \u00abCompanyia\u00bb) CIF: A80364243 Adre\u00e7a Postal: Calle de Quintanavides, 19 Bloque 4 \u2013 Planta 1 y 2 (28050 \u2013Madrid) Tel\u00e8fon: 91 745 91 00 Delegat de Protecci\u00f3 de Dades: Vost\u00e8 pot contactar amb el [&hellip;]<\/p>\n","protected":false},"author":2,"featured_media":0,"parent":0,"menu_order":0,"comment_status":"closed","ping_status":"closed","template":"","meta":{"_acf_changed":false,"footnotes":""},"class_list":["post-13104","page","type-page","status-publish","hentry"],"acf":[],"yoast_head":"<!-- This site is optimized with the Yoast SEO plugin v27.3 - https:\/\/yoast.com\/product\/yoast-seo-wordpress\/ -->\n<title>Pol\u00edtica de Privacitat del Canal \u00c8tic - Clece<\/title>\n<meta name=\"robots\" content=\"index, follow, max-snippet:-1, max-image-preview:large, max-video-preview:-1\" \/>\n<link rel=\"canonical\" href=\"https:\/\/clece.es\/ca\/politica-de-privacitat-del-canal-etic\/\" \/>\n<meta property=\"og:locale\" content=\"ca_ES\" \/>\n<meta property=\"og:type\" content=\"article\" \/>\n<meta property=\"og:title\" content=\"Pol\u00edtica de Privacitat del Canal \u00c8tic - Clece\" \/>\n<meta property=\"og:description\" content=\"POL\u00cdTICA DE PRIVACITAT DEL CANAL \u00c8TIC QUI \u00c9S EL RESPONSABLE DEL TRACTAMENT DE LES SEVES DADES? Identitat: CLECE, S.A. (d\u2019ara endavant, la \u00abCompanyia\u00bb) CIF: A80364243 Adre\u00e7a Postal: Calle de Quintanavides, 19 Bloque 4 \u2013 Planta 1 y 2 (28050 \u2013Madrid) Tel\u00e8fon: 91 745 91 00 Delegat de Protecci\u00f3 de Dades: Vost\u00e8 pot contactar amb el [&hellip;]\" \/>\n<meta property=\"og:url\" content=\"https:\/\/clece.es\/ca\/politica-de-privacitat-del-canal-etic\/\" \/>\n<meta property=\"og:site_name\" content=\"Clece\" \/>\n<meta property=\"article:publisher\" content=\"https:\/\/www.facebook.com\/CleceSociedadAnonima\/\" \/>\n<meta property=\"article:modified_time\" content=\"2025-09-15T14:41:48+00:00\" \/>\n<meta name=\"twitter:card\" content=\"summary_large_image\" \/>\n<meta name=\"twitter:site\" content=\"@Clece_\" \/>\n<meta name=\"twitter:label1\" content=\"Temps estimat de lectura\" \/>\n\t<meta name=\"twitter:data1\" content=\"4 minuts\" \/>\n<script type=\"application\/ld+json\" class=\"yoast-schema-graph\">{\"@context\":\"https:\\\/\\\/schema.org\",\"@graph\":[{\"@type\":\"WebPage\",\"@id\":\"https:\\\/\\\/clece.es\\\/ca\\\/politica-de-privacitat-del-canal-etic\\\/\",\"url\":\"https:\\\/\\\/clece.es\\\/ca\\\/politica-de-privacitat-del-canal-etic\\\/\",\"name\":\"Pol\u00edtica de Privacitat del Canal \u00c8tic - Clece\",\"isPartOf\":{\"@id\":\"https:\\\/\\\/clece.es\\\/es\\\/#website\"},\"datePublished\":\"2024-10-02T10:52:18+00:00\",\"dateModified\":\"2025-09-15T14:41:48+00:00\",\"breadcrumb\":{\"@id\":\"https:\\\/\\\/clece.es\\\/ca\\\/politica-de-privacitat-del-canal-etic\\\/#breadcrumb\"},\"inLanguage\":\"ca\",\"potentialAction\":[{\"@type\":\"ReadAction\",\"target\":[\"https:\\\/\\\/clece.es\\\/ca\\\/politica-de-privacitat-del-canal-etic\\\/\"]}]},{\"@type\":\"BreadcrumbList\",\"@id\":\"https:\\\/\\\/clece.es\\\/ca\\\/politica-de-privacitat-del-canal-etic\\\/#breadcrumb\",\"itemListElement\":[{\"@type\":\"ListItem\",\"position\":1,\"name\":\"Portada\",\"item\":\"https:\\\/\\\/clece.es\\\/es\\\/\"},{\"@type\":\"ListItem\",\"position\":2,\"name\":\"Pol\u00edtica de Privacitat del Canal \u00c8tic\"}]},{\"@type\":\"WebSite\",\"@id\":\"https:\\\/\\\/clece.es\\\/es\\\/#website\",\"url\":\"https:\\\/\\\/clece.es\\\/es\\\/\",\"name\":\"Clece\",\"description\":\"\",\"publisher\":{\"@id\":\"https:\\\/\\\/clece.es\\\/es\\\/#organization\"},\"potentialAction\":[{\"@type\":\"SearchAction\",\"target\":{\"@type\":\"EntryPoint\",\"urlTemplate\":\"https:\\\/\\\/clece.es\\\/es\\\/?s={search_term_string}\"},\"query-input\":{\"@type\":\"PropertyValueSpecification\",\"valueRequired\":true,\"valueName\":\"search_term_string\"}}],\"inLanguage\":\"ca\"},{\"@type\":\"Organization\",\"@id\":\"https:\\\/\\\/clece.es\\\/es\\\/#organization\",\"name\":\"Grupo Clece\",\"url\":\"https:\\\/\\\/clece.es\\\/es\\\/\",\"logo\":{\"@type\":\"ImageObject\",\"inLanguage\":\"ca\",\"@id\":\"https:\\\/\\\/clece.es\\\/es\\\/#\\\/schema\\\/logo\\\/image\\\/\",\"url\":\"https:\\\/\\\/sitio2.utopiasl.eu\\\/wp-content\\\/uploads\\\/2024\\\/10\\\/Logotipos_filiales_Clece_logotipo.png\",\"contentUrl\":\"https:\\\/\\\/sitio2.utopiasl.eu\\\/wp-content\\\/uploads\\\/2024\\\/10\\\/Logotipos_filiales_Clece_logotipo.png\",\"width\":5000,\"height\":5000,\"caption\":\"Grupo Clece\"},\"image\":{\"@id\":\"https:\\\/\\\/clece.es\\\/es\\\/#\\\/schema\\\/logo\\\/image\\\/\"},\"sameAs\":[\"https:\\\/\\\/www.facebook.com\\\/CleceSociedadAnonima\\\/\",\"https:\\\/\\\/x.com\\\/Clece_\",\"https:\\\/\\\/www.linkedin.com\\\/company\\\/clece-sa\\\/\"]}]}<\/script>\n<!-- \/ Yoast SEO plugin. -->","yoast_head_json":{"title":"Pol\u00edtica de Privacitat del Canal \u00c8tic - Clece","robots":{"index":"index","follow":"follow","max-snippet":"max-snippet:-1","max-image-preview":"max-image-preview:large","max-video-preview":"max-video-preview:-1"},"canonical":"https:\/\/clece.es\/ca\/politica-de-privacitat-del-canal-etic\/","og_locale":"ca_ES","og_type":"article","og_title":"Pol\u00edtica de Privacitat del Canal \u00c8tic - Clece","og_description":"POL\u00cdTICA DE PRIVACITAT DEL CANAL \u00c8TIC QUI \u00c9S EL RESPONSABLE DEL TRACTAMENT DE LES SEVES DADES? Identitat: CLECE, S.A. (d\u2019ara endavant, la \u00abCompanyia\u00bb) CIF: A80364243 Adre\u00e7a Postal: Calle de Quintanavides, 19 Bloque 4 \u2013 Planta 1 y 2 (28050 \u2013Madrid) Tel\u00e8fon: 91 745 91 00 Delegat de Protecci\u00f3 de Dades: Vost\u00e8 pot contactar amb el [&hellip;]","og_url":"https:\/\/clece.es\/ca\/politica-de-privacitat-del-canal-etic\/","og_site_name":"Clece","article_publisher":"https:\/\/www.facebook.com\/CleceSociedadAnonima\/","article_modified_time":"2025-09-15T14:41:48+00:00","twitter_card":"summary_large_image","twitter_site":"@Clece_","twitter_misc":{"Temps estimat de lectura":"4 minuts"},"schema":{"@context":"https:\/\/schema.org","@graph":[{"@type":"WebPage","@id":"https:\/\/clece.es\/ca\/politica-de-privacitat-del-canal-etic\/","url":"https:\/\/clece.es\/ca\/politica-de-privacitat-del-canal-etic\/","name":"Pol\u00edtica de Privacitat del Canal \u00c8tic - Clece","isPartOf":{"@id":"https:\/\/clece.es\/es\/#website"},"datePublished":"2024-10-02T10:52:18+00:00","dateModified":"2025-09-15T14:41:48+00:00","breadcrumb":{"@id":"https:\/\/clece.es\/ca\/politica-de-privacitat-del-canal-etic\/#breadcrumb"},"inLanguage":"ca","potentialAction":[{"@type":"ReadAction","target":["https:\/\/clece.es\/ca\/politica-de-privacitat-del-canal-etic\/"]}]},{"@type":"BreadcrumbList","@id":"https:\/\/clece.es\/ca\/politica-de-privacitat-del-canal-etic\/#breadcrumb","itemListElement":[{"@type":"ListItem","position":1,"name":"Portada","item":"https:\/\/clece.es\/es\/"},{"@type":"ListItem","position":2,"name":"Pol\u00edtica de Privacitat del Canal \u00c8tic"}]},{"@type":"WebSite","@id":"https:\/\/clece.es\/es\/#website","url":"https:\/\/clece.es\/es\/","name":"Clece","description":"","publisher":{"@id":"https:\/\/clece.es\/es\/#organization"},"potentialAction":[{"@type":"SearchAction","target":{"@type":"EntryPoint","urlTemplate":"https:\/\/clece.es\/es\/?s={search_term_string}"},"query-input":{"@type":"PropertyValueSpecification","valueRequired":true,"valueName":"search_term_string"}}],"inLanguage":"ca"},{"@type":"Organization","@id":"https:\/\/clece.es\/es\/#organization","name":"Grupo Clece","url":"https:\/\/clece.es\/es\/","logo":{"@type":"ImageObject","inLanguage":"ca","@id":"https:\/\/clece.es\/es\/#\/schema\/logo\/image\/","url":"https:\/\/sitio2.utopiasl.eu\/wp-content\/uploads\/2024\/10\/Logotipos_filiales_Clece_logotipo.png","contentUrl":"https:\/\/sitio2.utopiasl.eu\/wp-content\/uploads\/2024\/10\/Logotipos_filiales_Clece_logotipo.png","width":5000,"height":5000,"caption":"Grupo Clece"},"image":{"@id":"https:\/\/clece.es\/es\/#\/schema\/logo\/image\/"},"sameAs":["https:\/\/www.facebook.com\/CleceSociedadAnonima\/","https:\/\/x.com\/Clece_","https:\/\/www.linkedin.com\/company\/clece-sa\/"]}]}},"_links":{"self":[{"href":"https:\/\/clece.es\/ca\/wp-json\/wp\/v2\/pages\/13104","targetHints":{"allow":["GET"]}}],"collection":[{"href":"https:\/\/clece.es\/ca\/wp-json\/wp\/v2\/pages"}],"about":[{"href":"https:\/\/clece.es\/ca\/wp-json\/wp\/v2\/types\/page"}],"author":[{"embeddable":true,"href":"https:\/\/clece.es\/ca\/wp-json\/wp\/v2\/users\/2"}],"replies":[{"embeddable":true,"href":"https:\/\/clece.es\/ca\/wp-json\/wp\/v2\/comments?post=13104"}],"version-history":[{"count":10,"href":"https:\/\/clece.es\/ca\/wp-json\/wp\/v2\/pages\/13104\/revisions"}],"predecessor-version":[{"id":149698,"href":"https:\/\/clece.es\/ca\/wp-json\/wp\/v2\/pages\/13104\/revisions\/149698"}],"wp:attachment":[{"href":"https:\/\/clece.es\/ca\/wp-json\/wp\/v2\/media?parent=13104"}],"curies":[{"name":"wp","href":"https:\/\/api.w.org\/{rel}","templated":true}]}}