{"id":142195,"date":"2024-09-26T13:37:41","date_gmt":"2024-09-26T13:37:41","guid":{"rendered":"https:\/\/sitio2.utopiasl.eu\/?page_id=142195"},"modified":"2024-12-19T10:14:34","modified_gmt":"2024-12-19T10:14:34","slug":"declaracion-de-accesibilidad","status":"publish","type":"page","link":"https:\/\/clece.es\/ca\/declaracion-de-accesibilidad\/","title":{"rendered":"Declaraci\u00f3n de accesibilidad"},"content":{"rendered":"\t\t<div data-elementor-type=\"wp-page\" data-elementor-id=\"142195\" class=\"elementor elementor-142195 elementor-1357\" data-elementor-post-type=\"page\">\n\t\t\t\t<div class=\"elementor-element elementor-element-e0599bd e-flex e-con-boxed e-con e-parent\" data-id=\"e0599bd\" data-element_type=\"container\" data-e-type=\"container\">\n\t\t\t\t\t<div class=\"e-con-inner\">\n\t\t\t\t<div class=\"elementor-element elementor-element-fd0365a elementor-widget elementor-widget-heading\" data-id=\"fd0365a\" data-element_type=\"widget\" data-e-type=\"widget\" data-widget_type=\"heading.default\">\n\t\t\t\t<div class=\"elementor-widget-container\">\n\t\t\t\t\t<h2 class=\"elementor-heading-title elementor-size-default\">Declaraci\u00f3 d\u2019accessibilitat<\/h2>\t\t\t\t<\/div>\n\t\t\t\t<\/div>\n\t\t\t\t\t<\/div>\n\t\t\t\t<\/div>\n\t\t<div class=\"elementor-element elementor-element-cce0c6f e-flex e-con-boxed e-con e-parent\" data-id=\"cce0c6f\" data-element_type=\"container\" data-e-type=\"container\">\n\t\t\t\t\t<div class=\"e-con-inner\">\n\t\t\t\t<div class=\"elementor-element elementor-element-926d102 elementor-widget elementor-widget-text-editor\" data-id=\"926d102\" data-element_type=\"widget\" data-e-type=\"widget\" data-widget_type=\"text-editor.default\">\n\t\t\t\t<div class=\"elementor-widget-container\">\n\t\t\t\t\t\t\t\t\t<div id=\"container\"><section id=\"content\" role=\"main\"><article id=\"post-109578\" class=\"post-109578 page type-page status-publish hentry\"><section class=\"entry-content\"><div class=\"content\"><div class=\"center\"><p><strong>Estat de compliment<\/strong><\/p><p>Creiem fermament que internet ha de ser accessible i estar a la disposici\u00f3 de tothom. Per aix\u00f2, tenim el comprom\u00eds de proporcionar un lloc web accessible a la major quantitat possible de persones, independentment de les seves circumst\u00e0ncies i capacitats.<\/p><p>Per fer-ho possible, el nostre objectiu consisteix a adherir-nos el m\u00e9s estrictament possible a les Pautes d\u2019Accessibilitat per al Contingut Web 2.1 (WCAG 2.1) del Consorci World Wide Web (W3C) en el seu nivell AA. Aquestes directrius descriuen com adaptar els continguts web perqu\u00e8 puguin ser accessibles a persones afectades per diverses discapacitats. El fet de complir aquestes directrius ens ajuda a garantir que el lloc web sigui accessible per a la totalitat de la poblaci\u00f3: persones invidents, amb defici\u00e8ncies motores, visuals o cognitives, entre d\u2019altres.<\/p><p>Aquest lloc web fa servir diverses tecnologies perqu\u00e8 sigui el m\u00e9s accessible possible. Fem servir una interf\u00edcie d\u2019accessibilitat que permet a les persones amb discapacitats espec\u00edfiques adequar la interf\u00edcie d\u2019usuari a les seves necessitats particulars.<\/p><p>A m\u00e9s, el lloc web fa servir una aplicaci\u00f3 basada en intel\u00b7lig\u00e8ncia artificial que s\u2019executa en segon pla i optimitza cont\u00ednuament el nivell d\u2019accessibilitat. Aquesta aplicaci\u00f3 modifica el codi HTML del lloc web, adaptant la seva funcionalitat i comportament als lectors de pantalla que fan servir les persones invidents i a les funcions de teclat que utilitzen les persones amb defici\u00e8ncies motrius.<\/p><\/div><\/div><\/section><\/article><\/section><\/div>\t\t\t\t\t\t\t\t<\/div>\n\t\t\t\t<\/div>\n\t\t\t\t<div class=\"elementor-element elementor-element-a042a1d elementor-widget elementor-widget-text-editor\" data-id=\"a042a1d\" data-element_type=\"widget\" data-e-type=\"widget\" data-widget_type=\"text-editor.default\">\n\t\t\t\t<div class=\"elementor-widget-container\">\n\t\t\t\t\t\t\t\t\t<div id=\"container\"><section id=\"content\" role=\"main\"><article id=\"post-109578\" class=\"post-109578 page type-page status-publish hentry\"><section class=\"entry-content\"><div class=\"content\"><div class=\"center\"><p><strong>Navegaci\u00f3 mitjan\u00e7ant lector de pantalla i teclat<\/strong><\/p><p>El nostre lloc web implementa la t\u00e8cnica d\u2019atributs ARIA (Accessible Rich Internet Applications, accessibilitat en aplicacions web enriquides), juntament amb altres canvis pel que fa al comportament, per garantir que les persones invidents que ens visiten amb lectors de pantalla puguin llegir, entendre i aprofitar les funcionalitats del lloc web. Quan un usuari que fa servir un lector de pantalla entra en el nostre lloc web, se li demana que estableixi el seu perfil de lector de pantalla perqu\u00e8 pugui navegar i fer \u00fas del lloc web d\u2019una manera satisfact\u00f2ria. A continuaci\u00f3 es mostra com el nostre lloc web satisf\u00e0 alguns dels requisits m\u00e9s importants en relaci\u00f3 amb els lectors de pantalla, juntament amb algunes captures de pantalla de la consola que contenen exemples de codi:<\/p><p>1. Optimitzaci\u00f3 per a lectors de pantalla: executem un proc\u00e9s en segon pla que analitza tots els elements del lloc web per garantir el compliment de les directrius d\u2019accessibilitat fins i tot en el cas que el lloc web s\u2019actualitzi. En aquest proc\u00e9s, es proporcionen, als lectors de pantalla, les dades que els fa falta per funcionar correctament, per a la qual cosa es fa servir el conjunt d\u2019atributs ARIA. Per exemple, se subministren etiquetes apropiades per als formularis, descripcions per a les icones que permeten fer accions (icones de xarxes socials,<\/p><p>icones de cerca, icones de carro de la compra, etc.), indicacions per validar les entrades en els formularis, elements com ara botons, men\u00fas, di\u00e0legs modals (finestres emergents) i d\u2019altres. Aix\u00ed mateix, el proc\u00e9s en segon pla escaneja totes les imatges del lloc web i proporciona una descripci\u00f3 precisa i rellevant basada en reconeixement d\u2019objectes mitjan\u00e7ant etiquetes ALT (text alternatiu) per a les imatges que no estan identificades. Tamb\u00e9 s\u2019extreuen els textos que cont\u00e9 la imatge per mitj\u00e0 de tecnologia OCR (reconeixement \u00f2ptic de car\u00e0cters). Els usuaris poden activar els controls del lector de pantalla en qualsevol moment amb tan sols pr\u00e9mer la combinaci\u00f3 de tecles Alt+1. A m\u00e9s a m\u00e9s, els usuaris de lectors de pantalla reben un av\u00eds autom\u00e0tic perqu\u00e8 activin el mode de lector de pantalla just entrar en el lloc web.<\/p><p>Aquesta configuraci\u00f3 \u00e9s compatible amb els lectors de pantalla m\u00e9s populars, com ara JAWS i NVDA.<\/p><p>2. Optimitzaci\u00f3 de la navegaci\u00f3 des del teclat: el proc\u00e9s en segon pla tamb\u00e9 adapta el codi HTML del lloc web, afegint-hi diversos comportaments mitjan\u00e7ant l\u2019\u00fas de codi Javascript. D\u2019aquesta manera, el lloc web es pot fer servir a trav\u00e9s del teclat. Aix\u00ed, \u00e9s possible navegar pel lloc web utilitzant les tecles Tabulador i May\u00fas + Tabulador, despla\u00e7ar-se pels elements desplegables amb les tecles de cursor, tancar-los amb Esc, pr\u00e9mer sobre botons i enlla\u00e7os amb la tecla Entrar, moure\u2019s entre botons d\u2019opci\u00f3 i caselles de verificaci\u00f3 amb les tecles de cursor i marcar-los amb la barra espaiadora o la tecla Entrar. A m\u00e9s a m\u00e9s, els usuaris que facin servir el teclat podran accedir en qualsevol moment a men\u00fas de navegaci\u00f3 r\u00e0pida i aquells que permeten ometre continguts amb tan sol pr\u00e9mer Alt+1 (aquestes tamb\u00e9 seran les primeres opcions en navegar pel lloc web). El proc\u00e9s en segon pla tamb\u00e9 gestiona les finestres emergents, fent-les accessibles des del teclat quan es mostren i mentre estiguin actives.<\/p><p>Els usuaris tamb\u00e9 poden utilitzar dreceres de teclat prement tecles com ara \u201cM\u201d (per als men\u00fas), \u201cH\u201d (encap\u00e7alats), \u201cF\u201d (formularis), \u201cB\u201d (botons) i \u201cG\u201d (gr\u00e0fics) per tal d\u2019accedir directament a elements espec\u00edfics.<\/p><\/div><\/div><\/section><\/article><\/section><\/div>\t\t\t\t\t\t\t\t<\/div>\n\t\t\t\t<\/div>\n\t\t\t\t\t<\/div>\n\t\t\t\t<\/div>\n\t\t<div class=\"elementor-element elementor-element-0d30d46 e-flex e-con-boxed e-con e-parent\" data-id=\"0d30d46\" data-element_type=\"container\" data-e-type=\"container\">\n\t\t\t\t\t<div class=\"e-con-inner\">\n\t\t\t\t<div class=\"elementor-element elementor-element-f61eb4d elementor-widget elementor-widget-text-editor\" data-id=\"f61eb4d\" data-element_type=\"widget\" data-e-type=\"widget\" data-widget_type=\"text-editor.default\">\n\t\t\t\t<div class=\"elementor-widget-container\">\n\t\t\t\t\t\t\t\t\t<div id=\"container\"><section id=\"content\" role=\"main\"><article id=\"post-109578\" class=\"post-109578 page type-page status-publish hentry\"><section class=\"entry-content\"><div class=\"content\"><div class=\"center\"><p><strong>Perfils de discapacitat compatibles amb el nostre lloc web.<\/strong><\/p><ul><li>Mode segur per a epil\u00e8psia: aquest perfil permet a les persones amb epil\u00e8psia navegar de forma segura a trav\u00e9s del lloc web, en evitar el risc de convulsions provocades per animacions que mostren parpellejos i combinacions de colors que puguin ser perjudicials.<\/li><li>Mode per a persones amb discapacitat visual: aquest mode adapta el lloc web a les necessitats de les persones amb discapacitats visuals com ara degradaci\u00f3 de la vista, visi\u00f3 t\u00fanel, cataractes, glaucoma, etc.<\/li><li>Mode per a discapacitats cognitives: aquest mode proporciona diferents funcions d\u2019assist\u00e8ncia perqu\u00e8 las persones amb discapacitats cognitives com ara disl\u00e8xia, autisme, que han sofert un accident cerebrovascular, etc., puguin concentrar-se m\u00e9s f\u00e0cilment en els elements essencials del lloc web.<\/li><li>Mode adaptat per a persones amb TDAH: aquest mode facilita que els usuaris amb trastorns TDAH i de neurodesenvolupament puguin llegir, navegar i concentrar-se en els elements principals del lloc web m\u00e9s f\u00e0cilment, alhora que redueix significativament les distraccions.<\/li><li>Mode per a persones invidents: aquest mode adapta el lloc web perqu\u00e8 sigui compatible amb lectors de pantalla com ara JAWS, NVDA, VoiceOver i TalkBack. Un lector de pantalla \u00e9s una aplicaci\u00f3 dissenyada per a persones invidents que es pot fer servir en ordinadors tel\u00e8fons intel\u00b7ligents i per la qual els llocs web han d\u2019estar dissenyats perqu\u00e8 hi puguin ser compatibles<\/li><li>Perfil de navegaci\u00f3 per a teclat (persones amb discapacitats motrius): aquest perfil permet, a les persones que pateixen discapacitats motrius, navegar a trav\u00e9s del lloc web mitjan\u00e7ant la tecla Tabulador, May\u00fas + Tabulador i Entrar. Els usuaris tamb\u00e9 poden fer servir dreceres de teclat prement en tecles tals com ara \u201cM\u201d (per als men\u00fas), \u201cH\u201d (encap\u00e7alats), \u201cF\u201d (formularis), \u201cB\u201d (botons) i \u201cG\u201d (gr\u00e0fics) per tal d\u2019accedir directament a elements espec\u00edfics.<\/li><\/ul><\/div><\/div><\/section><\/article><\/section><\/div>\t\t\t\t\t\t\t\t<\/div>\n\t\t\t\t<\/div>\n\t\t\t\t\t<\/div>\n\t\t\t\t<\/div>\n\t\t<div class=\"elementor-element elementor-element-b327796 e-flex e-con-boxed e-con e-parent\" data-id=\"b327796\" data-element_type=\"container\" data-e-type=\"container\">\n\t\t\t\t\t<div class=\"e-con-inner\">\n\t\t\t\t<div class=\"elementor-element elementor-element-9e389fb elementor-widget elementor-widget-text-editor\" data-id=\"9e389fb\" data-element_type=\"widget\" data-e-type=\"widget\" data-widget_type=\"text-editor.default\">\n\t\t\t\t<div class=\"elementor-widget-container\">\n\t\t\t\t\t\t\t\t\t<div id=\"container\"><section id=\"content\" role=\"main\"><article id=\"post-109578\" class=\"post-109578 page type-page status-publish hentry\"><section class=\"entry-content\"><div class=\"content\"><div class=\"center\"><p><strong>Configuraci\u00f3 addicional de la interf\u00edcie d\u2019usuari, disseny i llegibilitat<\/strong><\/p><ul><li>Ajust de fonts: els usuaris poden augmentar i reduir la grand\u00e0ria, triar la fam\u00edlia (tipus de lletra), ajustar l\u2019espaiat, l\u2019alineaci\u00f3, l\u2019altura de l\u00ednia, etc.<\/li><li>Ajust de color: els usuaris poden seleccionar diversos perfils de contrast en relaci\u00f3 amb el color, com clar, fosc, invertit i monocrom. A m\u00e9s a m\u00e9s, \u00e9s possible canviar els esquemes de color dels t\u00edtols, textos i fons, ja que es disposa de m\u00e9s de 7 opcions diferents.<\/li><li>Animacions: les persones epil\u00e8ptiques poden aturar totes les animacions en execuci\u00f3 prement tan sols un bot\u00f3. Les animacions que pot controlar la interf\u00edcie s\u00f3n, entre d\u2019altres, v\u00eddeos, GIF i transicions CSS amb parpellejos.<\/li><li>Ressaltat de contingut: els usuaris tenen l\u2019opci\u00f3 de ressaltar elements importants com els enlla\u00e7os i els t\u00edtols. Tamb\u00e9 poden triar ressaltar nom\u00e9s els elements seleccionats o sobre els quals es desplaci el ratol\u00ed.<\/li><li>Funci\u00f3 per silenciar l\u2019\u00e0udio: alguns usuaris que fan servir audi\u00f2fons poden patir mal de cap o altres problemes a causa de la reproducci\u00f3 autom\u00e0tica de sons. Aquesta opci\u00f3 permet silenciar la totalitat del lloc web a l\u2019instant.<\/li><li>Desordres cognitius: utilitzem un motor de cerca vinculat a Viquip\u00e8dia i Wiktionary que possibilita que les persones amb desordres cognitius puguin interpretar el significat de frases, sigles, expressions populars, etc.<\/li><li>Funcions addicionals: oferim als usuaris l\u2019opci\u00f3 de modificar el color i grand\u00e0ria del cursor, utilitzar una manera d\u2019impressi\u00f3, activar un teclat virtual i un gran nombre de funcions addicionals.<\/li><li>\u00a0<\/li><\/ul><\/div><\/div><\/section><\/article><\/section><\/div>\t\t\t\t\t\t\t\t<\/div>\n\t\t\t\t<\/div>\n\t\t\t\t\t<\/div>\n\t\t\t\t<\/div>\n\t\t<div class=\"elementor-element elementor-element-99dcd07 e-flex e-con-boxed e-con e-parent\" data-id=\"99dcd07\" data-element_type=\"container\" data-e-type=\"container\">\n\t\t\t\t\t<div class=\"e-con-inner\">\n\t\t\t\t<div class=\"elementor-element elementor-element-7f1f51a elementor-widget elementor-widget-text-editor\" data-id=\"7f1f51a\" data-element_type=\"widget\" data-e-type=\"widget\" data-widget_type=\"text-editor.default\">\n\t\t\t\t<div class=\"elementor-widget-container\">\n\t\t\t\t\t\t\t\t\t<div id=\"container\"><section id=\"content\" role=\"main\"><article id=\"post-109578\" class=\"post-109578 page type-page status-publish hentry\"><section class=\"entry-content\"><div class=\"content\"><div class=\"center\"><p><strong>Compatibilitat amb navegadors i tecnologies d\u2019assist\u00e8ncia<\/strong><\/p><p>El nostre objectiu \u00e9s suportar una \u00e0mplia varietat de navegadors i tecnologies d\u2019assist\u00e8ncia amb la finalitat que els nostres usuaris puguin triar les eines que s\u2019adaptin millor a les seves necessitats i experimentin aix\u00ed les menors limitacions possibles. Per a aix\u00f2, ens hem esfor\u00e7at al m\u00e0xim a poder oferir compatibilitat amb els principals navegadors, que en conjunt suposen m\u00e9s del 95% dels usuaris, com ara Google Chrome, Mozilla Firefox, Safari d\u2019Apple, Opera i Microsoft Edge, aix\u00ed com JAWS i NVDA (lectors de pantalla), tant en les seves versions per a Windows com per a Mac.<\/p><\/div><\/div><\/section><\/article><\/section><\/div>\t\t\t\t\t\t\t\t<\/div>\n\t\t\t\t<\/div>\n\t\t\t\t\t<\/div>\n\t\t\t\t<\/div>\n\t\t<div class=\"elementor-element elementor-element-6539a44 e-flex e-con-boxed e-con e-parent\" data-id=\"6539a44\" data-element_type=\"container\" data-e-type=\"container\">\n\t\t\t\t\t<div class=\"e-con-inner\">\n\t\t\t\t<div class=\"elementor-element elementor-element-cbaee01 elementor-widget elementor-widget-text-editor\" data-id=\"cbaee01\" data-element_type=\"widget\" data-e-type=\"widget\" data-widget_type=\"text-editor.default\">\n\t\t\t\t<div class=\"elementor-widget-container\">\n\t\t\t\t\t\t\t\t\t<div id=\"container\"><section id=\"content\" role=\"main\"><article id=\"post-109581\" class=\"post-109581 page type-page status-publish hentry\"><section class=\"entry-content\"><div class=\"content\"><div class=\"center\"><p><strong>Notes, comentaris i suggeriments<\/strong><\/p><p>Malgrat que ens hem esfor\u00e7at al m\u00e0xim perqu\u00e8 qualsevol persona pugui adaptar el lloc web a les seves necessitats, \u00e9s possible que encara existeixin p\u00e0gines o seccions que no siguin completament<\/p><p>accessibles, es trobin en proc\u00e9s de convertir-se en accessibles o per a les quals no hi hagi en aquest moment una soluci\u00f3 tecnol\u00f2gica adequada per transformar-les en accessibles. Continuem millorant cont\u00ednuament les nostres capacitats d\u2019accessibilitat, afegint, actualitzant i millorant funcionalitats i opcions, aix\u00ed com desenvolupant i adoptant noves tecnologies. Tot aix\u00f2 amb la finalitat d\u2019assolir un nivell \u00f2ptim d\u2019accessibilitat, conforme als \u00faltims avan\u00e7os tecnol\u00f2gics.<\/p><\/div><\/div><\/section><\/article><section id=\"comments\"><\/section><\/section><aside id=\"sidebar\" role=\"complementary\"><\/aside><div class=\"clear\">\u00a0<\/div><\/div><footer id=\"footer\" role=\"contentinfo\"><div class=\"blue\"><div class=\"row\"><div class=\"col\">\u00a0<\/div><\/div><\/div><\/footer>\t\t\t\t\t\t\t\t<\/div>\n\t\t\t\t<\/div>\n\t\t\t\t\t<\/div>\n\t\t\t\t<\/div>\n\t\t\t\t<\/div>\n\t\t","protected":false},"excerpt":{"rendered":"<p>Declaraci\u00f3 d\u2019accessibilitat Estat de compliment Creiem fermament que internet ha de ser accessible i estar a la disposici\u00f3 de tothom. Per aix\u00f2, tenim el comprom\u00eds de proporcionar un lloc web accessible a la major quantitat possible de persones, independentment de les seves circumst\u00e0ncies i capacitats. Per fer-ho possible, el nostre objectiu consisteix a adherir-nos el [&hellip;]<\/p>\n","protected":false},"author":3,"featured_media":0,"parent":0,"menu_order":0,"comment_status":"closed","ping_status":"closed","template":"","meta":{"_acf_changed":false,"footnotes":""},"class_list":["post-142195","page","type-page","status-publish","hentry"],"acf":[],"yoast_head":"<!-- This site is optimized with the Yoast SEO plugin v27.2 - https:\/\/yoast.com\/product\/yoast-seo-wordpress\/ -->\n<title>Declaraci\u00f3n de accesibilidad - Clece<\/title>\n<meta name=\"robots\" content=\"index, follow, max-snippet:-1, max-image-preview:large, max-video-preview:-1\" \/>\n<link rel=\"canonical\" href=\"https:\/\/clece.es\/ca\/declaracion-de-accesibilidad\/\" \/>\n<meta property=\"og:locale\" content=\"ca_ES\" \/>\n<meta property=\"og:type\" content=\"article\" \/>\n<meta property=\"og:title\" content=\"Declaraci\u00f3n de accesibilidad - Clece\" \/>\n<meta property=\"og:description\" content=\"Declaraci\u00f3 d\u2019accessibilitat Estat de compliment Creiem fermament que internet ha de ser accessible i estar a la disposici\u00f3 de tothom. Per aix\u00f2, tenim el comprom\u00eds de proporcionar un lloc web accessible a la major quantitat possible de persones, independentment de les seves circumst\u00e0ncies i capacitats. Per fer-ho possible, el nostre objectiu consisteix a adherir-nos el [&hellip;]\" \/>\n<meta property=\"og:url\" content=\"https:\/\/clece.es\/ca\/declaracion-de-accesibilidad\/\" \/>\n<meta property=\"og:site_name\" content=\"Clece\" \/>\n<meta property=\"article:publisher\" content=\"https:\/\/www.facebook.com\/CleceSociedadAnonima\/\" \/>\n<meta property=\"article:modified_time\" content=\"2024-12-19T10:14:34+00:00\" \/>\n<meta name=\"twitter:card\" content=\"summary_large_image\" \/>\n<meta name=\"twitter:site\" content=\"@Clece_\" \/>\n<meta name=\"twitter:label1\" content=\"Temps estimat de lectura\" \/>\n\t<meta name=\"twitter:data1\" content=\"8 minuts\" \/>\n<script type=\"application\/ld+json\" class=\"yoast-schema-graph\">{\"@context\":\"https:\/\/schema.org\",\"@graph\":[{\"@type\":\"WebPage\",\"@id\":\"https:\/\/clece.es\/ca\/declaracion-de-accesibilidad\/\",\"url\":\"https:\/\/clece.es\/ca\/declaracion-de-accesibilidad\/\",\"name\":\"Declaraci\u00f3n de accesibilidad - Clece\",\"isPartOf\":{\"@id\":\"https:\/\/clece.es\/es\/#website\"},\"datePublished\":\"2024-09-26T13:37:41+00:00\",\"dateModified\":\"2024-12-19T10:14:34+00:00\",\"breadcrumb\":{\"@id\":\"https:\/\/clece.es\/ca\/declaracion-de-accesibilidad\/#breadcrumb\"},\"inLanguage\":\"ca\",\"potentialAction\":[{\"@type\":\"ReadAction\",\"target\":[\"https:\/\/clece.es\/ca\/declaracion-de-accesibilidad\/\"]}]},{\"@type\":\"BreadcrumbList\",\"@id\":\"https:\/\/clece.es\/ca\/declaracion-de-accesibilidad\/#breadcrumb\",\"itemListElement\":[{\"@type\":\"ListItem\",\"position\":1,\"name\":\"Portada\",\"item\":\"https:\/\/clece.es\/es\/\"},{\"@type\":\"ListItem\",\"position\":2,\"name\":\"Declaraci\u00f3n de accesibilidad\"}]},{\"@type\":\"WebSite\",\"@id\":\"https:\/\/clece.es\/es\/#website\",\"url\":\"https:\/\/clece.es\/es\/\",\"name\":\"Clece\",\"description\":\"\",\"publisher\":{\"@id\":\"https:\/\/clece.es\/es\/#organization\"},\"potentialAction\":[{\"@type\":\"SearchAction\",\"target\":{\"@type\":\"EntryPoint\",\"urlTemplate\":\"https:\/\/clece.es\/es\/?s={search_term_string}\"},\"query-input\":{\"@type\":\"PropertyValueSpecification\",\"valueRequired\":true,\"valueName\":\"search_term_string\"}}],\"inLanguage\":\"ca\"},{\"@type\":\"Organization\",\"@id\":\"https:\/\/clece.es\/es\/#organization\",\"name\":\"Grupo Clece\",\"url\":\"https:\/\/clece.es\/es\/\",\"logo\":{\"@type\":\"ImageObject\",\"inLanguage\":\"ca\",\"@id\":\"https:\/\/clece.es\/es\/#\/schema\/logo\/image\/\",\"url\":\"https:\/\/sitio2.utopiasl.eu\/wp-content\/uploads\/2024\/10\/Logotipos_filiales_Clece_logotipo.png\",\"contentUrl\":\"https:\/\/sitio2.utopiasl.eu\/wp-content\/uploads\/2024\/10\/Logotipos_filiales_Clece_logotipo.png\",\"width\":5000,\"height\":5000,\"caption\":\"Grupo Clece\"},\"image\":{\"@id\":\"https:\/\/clece.es\/es\/#\/schema\/logo\/image\/\"},\"sameAs\":[\"https:\/\/www.facebook.com\/CleceSociedadAnonima\/\",\"https:\/\/x.com\/Clece_\",\"https:\/\/www.linkedin.com\/company\/clece-sa\/\"]}]}<\/script>\n<!-- \/ Yoast SEO plugin. -->","yoast_head_json":{"title":"Declaraci\u00f3n de accesibilidad - Clece","robots":{"index":"index","follow":"follow","max-snippet":"max-snippet:-1","max-image-preview":"max-image-preview:large","max-video-preview":"max-video-preview:-1"},"canonical":"https:\/\/clece.es\/ca\/declaracion-de-accesibilidad\/","og_locale":"ca_ES","og_type":"article","og_title":"Declaraci\u00f3n de accesibilidad - Clece","og_description":"Declaraci\u00f3 d\u2019accessibilitat Estat de compliment Creiem fermament que internet ha de ser accessible i estar a la disposici\u00f3 de tothom. Per aix\u00f2, tenim el comprom\u00eds de proporcionar un lloc web accessible a la major quantitat possible de persones, independentment de les seves circumst\u00e0ncies i capacitats. Per fer-ho possible, el nostre objectiu consisteix a adherir-nos el [&hellip;]","og_url":"https:\/\/clece.es\/ca\/declaracion-de-accesibilidad\/","og_site_name":"Clece","article_publisher":"https:\/\/www.facebook.com\/CleceSociedadAnonima\/","article_modified_time":"2024-12-19T10:14:34+00:00","twitter_card":"summary_large_image","twitter_site":"@Clece_","twitter_misc":{"Temps estimat de lectura":"8 minuts"},"schema":{"@context":"https:\/\/schema.org","@graph":[{"@type":"WebPage","@id":"https:\/\/clece.es\/ca\/declaracion-de-accesibilidad\/","url":"https:\/\/clece.es\/ca\/declaracion-de-accesibilidad\/","name":"Declaraci\u00f3n de accesibilidad - Clece","isPartOf":{"@id":"https:\/\/clece.es\/es\/#website"},"datePublished":"2024-09-26T13:37:41+00:00","dateModified":"2024-12-19T10:14:34+00:00","breadcrumb":{"@id":"https:\/\/clece.es\/ca\/declaracion-de-accesibilidad\/#breadcrumb"},"inLanguage":"ca","potentialAction":[{"@type":"ReadAction","target":["https:\/\/clece.es\/ca\/declaracion-de-accesibilidad\/"]}]},{"@type":"BreadcrumbList","@id":"https:\/\/clece.es\/ca\/declaracion-de-accesibilidad\/#breadcrumb","itemListElement":[{"@type":"ListItem","position":1,"name":"Portada","item":"https:\/\/clece.es\/es\/"},{"@type":"ListItem","position":2,"name":"Declaraci\u00f3n de accesibilidad"}]},{"@type":"WebSite","@id":"https:\/\/clece.es\/es\/#website","url":"https:\/\/clece.es\/es\/","name":"Clece","description":"","publisher":{"@id":"https:\/\/clece.es\/es\/#organization"},"potentialAction":[{"@type":"SearchAction","target":{"@type":"EntryPoint","urlTemplate":"https:\/\/clece.es\/es\/?s={search_term_string}"},"query-input":{"@type":"PropertyValueSpecification","valueRequired":true,"valueName":"search_term_string"}}],"inLanguage":"ca"},{"@type":"Organization","@id":"https:\/\/clece.es\/es\/#organization","name":"Grupo Clece","url":"https:\/\/clece.es\/es\/","logo":{"@type":"ImageObject","inLanguage":"ca","@id":"https:\/\/clece.es\/es\/#\/schema\/logo\/image\/","url":"https:\/\/sitio2.utopiasl.eu\/wp-content\/uploads\/2024\/10\/Logotipos_filiales_Clece_logotipo.png","contentUrl":"https:\/\/sitio2.utopiasl.eu\/wp-content\/uploads\/2024\/10\/Logotipos_filiales_Clece_logotipo.png","width":5000,"height":5000,"caption":"Grupo Clece"},"image":{"@id":"https:\/\/clece.es\/es\/#\/schema\/logo\/image\/"},"sameAs":["https:\/\/www.facebook.com\/CleceSociedadAnonima\/","https:\/\/x.com\/Clece_","https:\/\/www.linkedin.com\/company\/clece-sa\/"]}]}},"_links":{"self":[{"href":"https:\/\/clece.es\/ca\/wp-json\/wp\/v2\/pages\/142195","targetHints":{"allow":["GET"]}}],"collection":[{"href":"https:\/\/clece.es\/ca\/wp-json\/wp\/v2\/pages"}],"about":[{"href":"https:\/\/clece.es\/ca\/wp-json\/wp\/v2\/types\/page"}],"author":[{"embeddable":true,"href":"https:\/\/clece.es\/ca\/wp-json\/wp\/v2\/users\/3"}],"replies":[{"embeddable":true,"href":"https:\/\/clece.es\/ca\/wp-json\/wp\/v2\/comments?post=142195"}],"version-history":[{"count":4,"href":"https:\/\/clece.es\/ca\/wp-json\/wp\/v2\/pages\/142195\/revisions"}],"predecessor-version":[{"id":142206,"href":"https:\/\/clece.es\/ca\/wp-json\/wp\/v2\/pages\/142195\/revisions\/142206"}],"wp:attachment":[{"href":"https:\/\/clece.es\/ca\/wp-json\/wp\/v2\/media?parent=142195"}],"curies":[{"name":"wp","href":"https:\/\/api.w.org\/{rel}","templated":true}]}}