{"id":142265,"date":"2024-10-23T10:03:12","date_gmt":"2024-10-23T10:03:12","guid":{"rendered":"https:\/\/sitio2.utopiasl.eu\/?page_id=142265"},"modified":"2025-01-28T09:08:22","modified_gmt":"2025-01-28T09:08:22","slug":"ii-forum-per-la-integracio","status":"publish","type":"page","link":"https:\/\/clece.es\/ca\/sobre-nosaltres\/comunicacio\/esdeveniments\/ii-forum-per-la-integracio\/","title":{"rendered":"II F\u00f2rum per la Integraci\u00f3"},"content":{"rendered":"\t\t<div data-elementor-type=\"wp-page\" data-elementor-id=\"142265\" class=\"elementor elementor-142265 elementor-8747\" data-elementor-post-type=\"page\">\n\t\t\t\t<div class=\"elementor-element elementor-element-b6bf24f e-flex e-con-boxed e-con e-parent\" data-id=\"b6bf24f\" data-element_type=\"container\" data-e-type=\"container\">\n\t\t\t\t\t<div class=\"e-con-inner\">\n\t\t<div class=\"elementor-element elementor-element-1ca0add e-con-full e-flex e-con e-child\" data-id=\"1ca0add\" data-element_type=\"container\" data-e-type=\"container\">\n\t\t\t\t<div class=\"elementor-element elementor-element-61e628c elementor-widget elementor-widget-heading\" data-id=\"61e628c\" data-element_type=\"widget\" data-e-type=\"widget\" data-widget_type=\"heading.default\">\n\t\t\t\t<div class=\"elementor-widget-container\">\n\t\t\t\t\t<h2 class=\"elementor-heading-title elementor-size-default\"><a href=\"\/ca\/sobre-nosaltres\/\">Sobre nosaltres<\/a><\/h2>\t\t\t\t<\/div>\n\t\t\t\t<\/div>\n\t\t\t\t<div class=\"elementor-element elementor-element-b0b7819 elementor-widget elementor-widget-heading\" data-id=\"b0b7819\" data-element_type=\"widget\" data-e-type=\"widget\" data-widget_type=\"heading.default\">\n\t\t\t\t<div class=\"elementor-widget-container\">\n\t\t\t\t\t<h2 class=\"elementor-heading-title elementor-size-default\"><a href=\"\/ca\/sobre-nosaltres\/comunicacio\/\">Comunicaci\u00f3<\/a><\/h2>\t\t\t\t<\/div>\n\t\t\t\t<\/div>\n\t\t\t\t<div class=\"elementor-element elementor-element-eb2d827 elementor-widget elementor-widget-heading\" data-id=\"eb2d827\" data-element_type=\"widget\" data-e-type=\"widget\" data-widget_type=\"heading.default\">\n\t\t\t\t<div class=\"elementor-widget-container\">\n\t\t\t\t\t<h2 class=\"elementor-heading-title elementor-size-default\"><a href=\"\/ca\/sobre-nosaltres\/comunicacio\/esdeveniments\/\">ESDEVENIMENTS<\/a><\/h2>\t\t\t\t<\/div>\n\t\t\t\t<\/div>\n\t\t\t\t<div class=\"elementor-element elementor-element-a679a1f elementor-widget elementor-widget-heading\" data-id=\"a679a1f\" data-element_type=\"widget\" data-e-type=\"widget\" data-widget_type=\"heading.default\">\n\t\t\t\t<div class=\"elementor-widget-container\">\n\t\t\t\t\t<h2 class=\"elementor-heading-title elementor-size-default\">II F\u00f2rum \u00abClece per la integraci\u00f3\u00bb<\/h2>\t\t\t\t<\/div>\n\t\t\t\t<\/div>\n\t\t\t\t<\/div>\n\t\t\t\t\t<\/div>\n\t\t\t\t<\/div>\n\t\t<div class=\"elementor-element elementor-element-039a57e e-flex e-con-boxed e-con e-parent\" data-id=\"039a57e\" data-element_type=\"container\" data-e-type=\"container\">\n\t\t\t\t\t<div class=\"e-con-inner\">\n\t\t<div class=\"elementor-element elementor-element-a10e20b e-con-full e-flex e-con e-child\" data-id=\"a10e20b\" data-element_type=\"container\" data-e-type=\"container\">\n\t\t<div class=\"elementor-element elementor-element-f6c69ca e-con-full e-flex e-con e-child\" data-id=\"f6c69ca\" data-element_type=\"container\" data-e-type=\"container\">\n\t\t\t\t<div class=\"elementor-element elementor-element-72b62e4 elementor-widget elementor-widget-image\" data-id=\"72b62e4\" data-element_type=\"widget\" data-e-type=\"widget\" data-widget_type=\"image.default\">\n\t\t\t\t<div class=\"elementor-widget-container\">\n\t\t\t\t\t\t\t\t\t\t\t\t\t\t\t<img fetchpriority=\"high\" decoding=\"async\" width=\"800\" height=\"403\" src=\"https:\/\/clece.es\/wp-content\/uploads\/2024\/10\/IIForo-por-la-integracion-Hay-salida-Valencia-1-1024x516.jpg\" class=\"attachment-large size-large wp-image-8780\" alt=\"\" srcset=\"https:\/\/clece.es\/wp-content\/uploads\/2024\/10\/IIForo-por-la-integracion-Hay-salida-Valencia-1-1024x516.jpg 1024w, https:\/\/clece.es\/wp-content\/uploads\/2024\/10\/IIForo-por-la-integracion-Hay-salida-Valencia-1-300x151.jpg 300w, https:\/\/clece.es\/wp-content\/uploads\/2024\/10\/IIForo-por-la-integracion-Hay-salida-Valencia-1-768x387.jpg 768w, https:\/\/clece.es\/wp-content\/uploads\/2024\/10\/IIForo-por-la-integracion-Hay-salida-Valencia-1.jpg 1271w\" sizes=\"(max-width: 800px) 100vw, 800px\" \/>\t\t\t\t\t\t\t\t\t\t\t\t\t\t\t<\/div>\n\t\t\t\t<\/div>\n\t\t\t\t<\/div>\n\t\t\t\t<div class=\"elementor-element elementor-element-584ac7b elementor-widget elementor-widget-text-editor\" data-id=\"584ac7b\" data-element_type=\"widget\" data-e-type=\"widget\" data-widget_type=\"text-editor.default\">\n\t\t\t\t<div class=\"elementor-widget-container\">\n\t\t\t\t\t\t\t\t\t<p>16-04-2015<\/p>\t\t\t\t\t\t\t\t<\/div>\n\t\t\t\t<\/div>\n\t\t\t\t<div class=\"elementor-element elementor-element-3a8f8c2 elementor-widget elementor-widget-heading\" data-id=\"3a8f8c2\" data-element_type=\"widget\" data-e-type=\"widget\" data-widget_type=\"heading.default\">\n\t\t\t\t<div class=\"elementor-widget-container\">\n\t\t\t\t\t<h2 class=\"elementor-heading-title elementor-size-default\">II F\u00f2rum \"Clece per la integraci\u00f3\"<\/h2>\t\t\t\t<\/div>\n\t\t\t\t<\/div>\n\t\t\t\t<div class=\"elementor-element elementor-element-a972b19 elementor-widget-divider--view-line elementor-widget elementor-widget-divider\" data-id=\"a972b19\" data-element_type=\"widget\" data-e-type=\"widget\" data-widget_type=\"divider.default\">\n\t\t\t\t<div class=\"elementor-widget-container\">\n\t\t\t\t\t\t\t<div class=\"elementor-divider\">\n\t\t\t<span class=\"elementor-divider-separator\">\n\t\t\t\t\t\t<\/span>\n\t\t<\/div>\n\t\t\t\t\t\t<\/div>\n\t\t\t\t<\/div>\n\t\t\t\t<div class=\"elementor-element elementor-element-3a31415 elementor-widget elementor-widget-text-editor\" data-id=\"3a31415\" data-element_type=\"widget\" data-e-type=\"widget\" data-widget_type=\"text-editor.default\">\n\t\t\t\t<div class=\"elementor-widget-container\">\n\t\t\t\t\t\t\t\t\t<ul>\n<li><strong>En el II f\u00f2rum-col\u00b7loqui \u00abClece per la integraci\u00f3\u00bb, diferents agents involucrats en l\u2019atenci\u00f3 a dones que han estat v\u00edctimes de viol\u00e8ncia de g\u00e8nere han debatut sobre els principals reptes a l\u2019hora d\u2019ajudar aquest col\u00b7lectiu i col\u00b7laborar en la seva integraci\u00f3 social\n<\/strong><\/li>\n<li><strong>En el seu comprom\u00eds amb la inserci\u00f3 de col\u00b7lectius vulnerables, el president de Clece, Crist\u00f3bal Valderas, ha explicat que la principal aportaci\u00f3 que pot fer la seva empresa per les v\u00edctimes \u00e9s oferir-los una oportunitat laboral\n<\/strong><\/li>\n<li><strong>Actualment, Clece d\u00f3na feina a 143 v\u00edctimes de viol\u00e8ncia de g\u00e8nere\n<\/strong><\/li>\n<\/ul>\t\t\t\t\t\t\t\t<\/div>\n\t\t\t\t<\/div>\n\t\t\t\t<div class=\"elementor-element elementor-element-6ec0b5f elementor-widget elementor-widget-text-editor\" data-id=\"6ec0b5f\" data-element_type=\"widget\" data-e-type=\"widget\" data-widget_type=\"text-editor.default\">\n\t\t\t\t<div class=\"elementor-widget-container\">\n\t\t\t\t\t\t\t\t\t<p style=\"font-weight: 300;\"><b><strong style=\"font-style: inherit;\"><span style=\"font-style: inherit; font-weight: inherit;\">Val\u00e8ncia, 16 d\u2019abril del 2015.<\/span><\/strong><\/b><\/p>\n<p>Clece, empresa multiserveis, ha celebrat aquest mat\u00ed una jornada de debat sobre els principals reptes que afronten les dones v\u00edctimes de viol\u00e8ncia de g\u00e8nere. El II f\u00f2rum-col\u00b7loqui \u00abClece per la integraci\u00f3\u00bb, que ha portat per t\u00edtol \u00abHi ha sortida a la viol\u00e8ncia de g\u00e8nere\u00bb, ha reunit diferents agents socials implicats en l\u2019atenci\u00f3 i l\u2019ajuda a aquest col\u00b7lectiu, que han coincidit a assenyalar que el treball \u00e9s vital per afavorir la integraci\u00f3 social de les dones que han patit la viol\u00e8ncia de g\u00e8nere, sent una eina que els permet dotar-se d\u2019autoestima, autonomia i independ\u00e8ncia.<\/p>\n<p>Precisament, en aquest sentit, els assistents al f\u00f2rum han tingut l\u2019oportunitat de con\u00e8ixer en primera persona el punt de vista i les experi\u00e8ncies de dues dones que han estat v\u00edctimes de viol\u00e8ncia de g\u00e8nere i que han pogut accedir a un lloc de treball. La Lorena i la Marta han coincidit a assenyalar que l\u2019oportunitat laboral que els va proporcionar Clece ha estat una de les principals ajudes per recuperar-se del trauma que han patit. La Marta ha explicat que \u00abl\u2019estat emocional \u00e9s el primer que cal tractar i cuidar, per\u00f2 la feina \u00e9s essencial per recuperar la normalitat i l\u2019autoestima\u00bb. De la seva banda, en el seu testimoni, Lorena ha incidit en l\u2019est\u00edmul que representa trobar una ocupaci\u00f3: \u00abQuan sembla que totes les portes estan tancades, la feina representa una motivaci\u00f3 per continuar endavant. Per\u00f2 sobretot, si en aquest entorn laboral ets reconeguda com una persona que t\u00e9 alguna cosa per aportar-hi\u00bb.<\/p>\n<p>A m\u00e9s d\u2019aquestes dues dones, el col\u00b7loqui \u2014moderat pel periodista Juli\u00e1n Gim\u00e9nez\u2014 ha comptat amb la participaci\u00f3 de Blanca Hern\u00e1ndez Oliver, delegada del Govern per a la Viol\u00e8ncia de G\u00e8nere; Laura Chorro, directora general de Fam\u00edlia i Dona de la Conselleria de Benestar Social de la Generalitat Valenciana; Crist\u00f3bal Valderas, president de Clece; Eva Planells, directora del Centre de Protecci\u00f3 de la Dona de Val\u00e8ncia, i d\u2019una representant de l\u2019Associaci\u00f3 Alanna, Ana Ferrer.<\/p>\n<p>\u00c9s la segona edici\u00f3 d\u2019aquest f\u00f2rum de di\u00e0leg, que se celebra \u00abdins del comprom\u00eds social de Clece\u00bb, tal com ha recordat Crist\u00f3bal Valderas, president de Clece: \u00abUn comprom\u00eds social que va m\u00e9s enll\u00e0 d\u2019una pol\u00edtica de responsabilitat social corporativa i s\u2019integra en una aut\u00e8ntica cultura d\u2019empresa\u00bb. En aquest sentit, Valderas ha anunciat que la companyia actualment d\u00f3na feina a m\u00e9s de 70.000 persones, 5.537 de les quals provenen de col\u00b7lectius vulnerables i, en concret, 143 s\u00f3n dones que han estat v\u00edctimes de viol\u00e8ncia de g\u00e8nere.<\/p>\n<p>El f\u00f2rum ha arrencat amb la intervenci\u00f3 de Blanca Hern\u00e1ndez, delegada del Govern per a la Viol\u00e8ncia de G\u00e8nere, que ha volgut ressaltar, en primer lloc, els aspectes positius de la gesti\u00f3 que han fet les diferents administracions en aquest camp durant els \u00faltims anys: \u00abEl que ha fet Espanya en la lluita contra la viol\u00e8ncia de g\u00e8nere no t\u00e9 comparaci\u00f3 en cap altre pa\u00eds del m\u00f3n. Som pioners en moltes mesures i rebem permanentment altres estats interessats a con\u00e8ixer la nostra gesti\u00f3 i model\u00bb. No obstant aix\u00f2, la delegada del Govern tamb\u00e9 ha volgut recordar quins s\u00f3n els principals camps de millora i els assumptes que m\u00e9s preocupen: \u00abL\u2019autonomia \u00e9s un dels principals ant\u00eddots contra la viol\u00e8ncia de g\u00e8nere i la feina \u00e9s fonamental per aconseguir aquesta independ\u00e8ncia\u00bb. Finalment, Blanca Hern\u00e1ndez ha advertit que, si b\u00e9 s\u2019est\u00e9n entre la poblaci\u00f3 el rebuig total a la viol\u00e8ncia f\u00edsica, encara s\u00f3n acceptades, d\u2019una part significativa de la societat, formes m\u00e9s subtils de viol\u00e8ncia com la de control o seguiment\u00bb.<\/p>\n<p>De la seva banda, Laura Chorro, directora general de Fam\u00edlia i Dona de la Conselleria de Benestar Social de la Generalitat Valenciana, ha assenyalat la import\u00e0ncia que el sector privat es conscienci\u00ef realment del seu paper, especialment que es cre\u00ef una aut\u00e8ntica conscienciaci\u00f3 empresarial: \u00abLes empreses, a m\u00e9s de valorar les bonificacions fiscals per promoure la contractaci\u00f3 d\u2019aquest col\u00b7lectiu, han de saber que tenen una responsabilitat amb l\u2019entorn on es desenvolupen i haurien de ser conscients del b\u00e9 que poden fer atenent problemes tan reals com el de la inserci\u00f3 laboral de les dones que han patit la viol\u00e8ncia de g\u00e8nere\u00bb.<\/p>\n<p>Eva Planells, directora del Centre de Protecci\u00f3 de la Dona de Val\u00e8ncia, ha ressaltat que la integraci\u00f3 laboral de les dones v\u00edctimes de viol\u00e8ncia de g\u00e8nere \u00e9s definitiva en la seva recuperaci\u00f3 an\u00edmica i psicol\u00f2gica: \u00abSense ocupaci\u00f3 \u00e9s molt dif\u00edcil la sortida. Sense una feina es corre el perill que la v\u00edctima desfaci cam\u00ed ja recorregut. Cal entendre la import\u00e0ncia que l\u2019autonomia t\u00e9 per a elles\u00bb. De la mateixa manera, Planells ha afegit que \u00abla solitud i l\u2019a\u00efllament s\u00f3n algunes de les principals barreres que cal trencar. Cal buscar \u201cxarxes\u201d, ajudes que afavoreixin la integraci\u00f3\u00bb.<\/p>\n<p><em><strong>Comprom\u00eds social amb la igualtat d\u2019oportunitats<\/strong><\/em><br \/>El II F\u00f2rum Clece per la Integraci\u00f3 s\u2019emmarca en\u00a0<a href=\"http:\/\/www.clecesocial.es\/\"><span lang=\"CA\">el comprom\u00eds social de Clece<\/span><\/a>\u00a0amb la integraci\u00f3 laboral de dones v\u00edctimes de viol\u00e8ncia de g\u00e8nere. Actualment, a la seva plantilla compta amb 143 treballadores que pertanyen a aquest col\u00b7lectiu. Aquest esfor\u00e7 de la companyia s\u2019est\u00e9n, a m\u00e9s, a altres col\u00b7lectius com ara persones amb discapacitat, joves aturats, persones en risc d\u2019exclusi\u00f3 social i v\u00edctimes del terrorisme. Per fer-ho, Clece col\u00b7labora amb m\u00e9s de 200 associacions. Avui dia, Clece d\u00f3na feina a m\u00e9s de 70.000 persones a Espanya i a prop de 6.000 al Pa\u00eds Valenci\u00e0.<\/p>\t\t\t\t\t\t\t\t<\/div>\n\t\t\t\t<\/div>\n\t\t\t\t<\/div>\n\t\t\t\t\t<\/div>\n\t\t\t\t<\/div>\n\t\t\t\t<\/div>\n\t\t","protected":false},"excerpt":{"rendered":"<p>Sobre nosaltres Comunicaci\u00f3 ESDEVENIMENTS II F\u00f2rum \u00abClece per la integraci\u00f3\u00bb 16-04-2015 II F\u00f2rum &#8220;Clece per la integraci\u00f3&#8221; En el II f\u00f2rum-col\u00b7loqui \u00abClece per la integraci\u00f3\u00bb, diferents agents involucrats en l\u2019atenci\u00f3 a dones que han estat v\u00edctimes de viol\u00e8ncia de g\u00e8nere han debatut sobre els principals reptes a l\u2019hora d\u2019ajudar aquest col\u00b7lectiu i col\u00b7laborar en la [&hellip;]<\/p>\n","protected":false},"author":4,"featured_media":0,"parent":145731,"menu_order":0,"comment_status":"closed","ping_status":"closed","template":"","meta":{"_acf_changed":false,"footnotes":""},"class_list":["post-142265","page","type-page","status-publish","hentry"],"acf":[],"yoast_head":"<!-- This site is optimized with the Yoast SEO plugin v27.3 - https:\/\/yoast.com\/product\/yoast-seo-wordpress\/ -->\n<title>II F\u00f2rum per la Integraci\u00f3 | Clece<\/title>\n<meta name=\"description\" content=\"Celebraci\u00f3 a Val\u00e8ncia del segon F\u00f2rum per la Integraci\u00f3 de Clece sota el lema \u201cHi ha sortida a la viol\u00e8ncia de g\u00e8nere\u201d. Un espai de di\u00e0leg sobre els reptes laborals als quals s\u2019enfronten les dones que pateixen aquesta xacra social.\" \/>\n<meta name=\"robots\" content=\"index, follow, max-snippet:-1, max-image-preview:large, max-video-preview:-1\" \/>\n<link rel=\"canonical\" href=\"https:\/\/clece.es\/gl\/conecenos\/comunicacion\/eventos\/ii-foro-pola-integracion\/\" \/>\n<meta property=\"og:locale\" content=\"ca_ES\" \/>\n<meta property=\"og:type\" content=\"article\" \/>\n<meta property=\"og:title\" content=\"II F\u00f2rum per la Integraci\u00f3 | Clece\" \/>\n<meta property=\"og:description\" content=\"Celebraci\u00f3 a Val\u00e8ncia del segon F\u00f2rum per la Integraci\u00f3 de Clece sota el lema \u201cHi ha sortida a la viol\u00e8ncia de g\u00e8nere\u201d. Un espai de di\u00e0leg sobre els reptes laborals als quals s\u2019enfronten les dones que pateixen aquesta xacra social.\" \/>\n<meta property=\"og:url\" content=\"https:\/\/clece.es\/gl\/conecenos\/comunicacion\/eventos\/ii-foro-pola-integracion\/\" \/>\n<meta property=\"og:site_name\" content=\"Clece\" \/>\n<meta property=\"article:publisher\" content=\"https:\/\/www.facebook.com\/CleceSociedadAnonima\/\" \/>\n<meta property=\"article:modified_time\" content=\"2025-01-28T09:08:22+00:00\" \/>\n<meta property=\"og:image\" content=\"http:\/\/sitio2.utopiasl.eu\/wp-content\/uploads\/2024\/10\/IIForo-por-la-integracion-Hay-salida-Valencia-1-1024x516.jpg\" \/>\n<meta name=\"twitter:card\" content=\"summary_large_image\" \/>\n<meta name=\"twitter:site\" content=\"@Clece_\" \/>\n<meta name=\"twitter:label1\" content=\"Temps estimat de lectura\" \/>\n\t<meta name=\"twitter:data1\" content=\"5 minuts\" \/>\n<script type=\"application\/ld+json\" class=\"yoast-schema-graph\">{\"@context\":\"https:\\\/\\\/schema.org\",\"@graph\":[{\"@type\":\"WebPage\",\"@id\":\"https:\\\/\\\/clece.es\\\/gl\\\/conecenos\\\/comunicacion\\\/eventos\\\/ii-foro-pola-integracion\\\/\",\"url\":\"https:\\\/\\\/clece.es\\\/gl\\\/conecenos\\\/comunicacion\\\/eventos\\\/ii-foro-pola-integracion\\\/\",\"name\":\"II F\u00f2rum per la Integraci\u00f3 | Clece\",\"isPartOf\":{\"@id\":\"https:\\\/\\\/clece.es\\\/es\\\/#website\"},\"primaryImageOfPage\":{\"@id\":\"https:\\\/\\\/clece.es\\\/gl\\\/conecenos\\\/comunicacion\\\/eventos\\\/ii-foro-pola-integracion\\\/#primaryimage\"},\"image\":{\"@id\":\"https:\\\/\\\/clece.es\\\/gl\\\/conecenos\\\/comunicacion\\\/eventos\\\/ii-foro-pola-integracion\\\/#primaryimage\"},\"thumbnailUrl\":\"http:\\\/\\\/sitio2.utopiasl.eu\\\/wp-content\\\/uploads\\\/2024\\\/10\\\/IIForo-por-la-integracion-Hay-salida-Valencia-1-1024x516.jpg\",\"datePublished\":\"2024-10-23T10:03:12+00:00\",\"dateModified\":\"2025-01-28T09:08:22+00:00\",\"description\":\"Celebraci\u00f3 a Val\u00e8ncia del segon F\u00f2rum per la Integraci\u00f3 de Clece sota el lema \u201cHi ha sortida a la viol\u00e8ncia de g\u00e8nere\u201d. Un espai de di\u00e0leg sobre els reptes laborals als quals s\u2019enfronten les dones que pateixen aquesta xacra social.\",\"breadcrumb\":{\"@id\":\"https:\\\/\\\/clece.es\\\/gl\\\/conecenos\\\/comunicacion\\\/eventos\\\/ii-foro-pola-integracion\\\/#breadcrumb\"},\"inLanguage\":\"ca\",\"potentialAction\":[{\"@type\":\"ReadAction\",\"target\":[\"https:\\\/\\\/clece.es\\\/gl\\\/conecenos\\\/comunicacion\\\/eventos\\\/ii-foro-pola-integracion\\\/\"]}]},{\"@type\":\"ImageObject\",\"inLanguage\":\"ca\",\"@id\":\"https:\\\/\\\/clece.es\\\/gl\\\/conecenos\\\/comunicacion\\\/eventos\\\/ii-foro-pola-integracion\\\/#primaryimage\",\"url\":\"http:\\\/\\\/sitio2.utopiasl.eu\\\/wp-content\\\/uploads\\\/2024\\\/10\\\/IIForo-por-la-integracion-Hay-salida-Valencia-1-1024x516.jpg\",\"contentUrl\":\"http:\\\/\\\/sitio2.utopiasl.eu\\\/wp-content\\\/uploads\\\/2024\\\/10\\\/IIForo-por-la-integracion-Hay-salida-Valencia-1-1024x516.jpg\"},{\"@type\":\"BreadcrumbList\",\"@id\":\"https:\\\/\\\/clece.es\\\/gl\\\/conecenos\\\/comunicacion\\\/eventos\\\/ii-foro-pola-integracion\\\/#breadcrumb\",\"itemListElement\":[{\"@type\":\"ListItem\",\"position\":1,\"name\":\"Portada\",\"item\":\"https:\\\/\\\/clece.es\\\/es\\\/\"},{\"@type\":\"ListItem\",\"position\":2,\"name\":\"Sobre nosaltres\",\"item\":\"https:\\\/\\\/clece.es\\\/ca\\\/sobre-nosaltres\\\/\"},{\"@type\":\"ListItem\",\"position\":3,\"name\":\"Comunicaci\u00f3\",\"item\":\"https:\\\/\\\/clece.es\\\/gl\\\/conecenos\\\/comunicacion\\\/\"},{\"@type\":\"ListItem\",\"position\":4,\"name\":\"Esdeveniments\",\"item\":\"https:\\\/\\\/clece.es\\\/gl\\\/conecenos\\\/comunicacion\\\/eventos\\\/\"},{\"@type\":\"ListItem\",\"position\":5,\"name\":\"II F\u00f2rum per la Integraci\u00f3\"}]},{\"@type\":\"WebSite\",\"@id\":\"https:\\\/\\\/clece.es\\\/es\\\/#website\",\"url\":\"https:\\\/\\\/clece.es\\\/es\\\/\",\"name\":\"Clece\",\"description\":\"\",\"publisher\":{\"@id\":\"https:\\\/\\\/clece.es\\\/es\\\/#organization\"},\"potentialAction\":[{\"@type\":\"SearchAction\",\"target\":{\"@type\":\"EntryPoint\",\"urlTemplate\":\"https:\\\/\\\/clece.es\\\/es\\\/?s={search_term_string}\"},\"query-input\":{\"@type\":\"PropertyValueSpecification\",\"valueRequired\":true,\"valueName\":\"search_term_string\"}}],\"inLanguage\":\"ca\"},{\"@type\":\"Organization\",\"@id\":\"https:\\\/\\\/clece.es\\\/es\\\/#organization\",\"name\":\"Grupo Clece\",\"url\":\"https:\\\/\\\/clece.es\\\/es\\\/\",\"logo\":{\"@type\":\"ImageObject\",\"inLanguage\":\"ca\",\"@id\":\"https:\\\/\\\/clece.es\\\/es\\\/#\\\/schema\\\/logo\\\/image\\\/\",\"url\":\"https:\\\/\\\/sitio2.utopiasl.eu\\\/wp-content\\\/uploads\\\/2024\\\/10\\\/Logotipos_filiales_Clece_logotipo.png\",\"contentUrl\":\"https:\\\/\\\/sitio2.utopiasl.eu\\\/wp-content\\\/uploads\\\/2024\\\/10\\\/Logotipos_filiales_Clece_logotipo.png\",\"width\":5000,\"height\":5000,\"caption\":\"Grupo Clece\"},\"image\":{\"@id\":\"https:\\\/\\\/clece.es\\\/es\\\/#\\\/schema\\\/logo\\\/image\\\/\"},\"sameAs\":[\"https:\\\/\\\/www.facebook.com\\\/CleceSociedadAnonima\\\/\",\"https:\\\/\\\/x.com\\\/Clece_\",\"https:\\\/\\\/www.linkedin.com\\\/company\\\/clece-sa\\\/\"]}]}<\/script>\n<!-- \/ Yoast SEO plugin. -->","yoast_head_json":{"title":"II F\u00f2rum per la Integraci\u00f3 | Clece","description":"Celebraci\u00f3 a Val\u00e8ncia del segon F\u00f2rum per la Integraci\u00f3 de Clece sota el lema \u201cHi ha sortida a la viol\u00e8ncia de g\u00e8nere\u201d. Un espai de di\u00e0leg sobre els reptes laborals als quals s\u2019enfronten les dones que pateixen aquesta xacra social.","robots":{"index":"index","follow":"follow","max-snippet":"max-snippet:-1","max-image-preview":"max-image-preview:large","max-video-preview":"max-video-preview:-1"},"canonical":"https:\/\/clece.es\/gl\/conecenos\/comunicacion\/eventos\/ii-foro-pola-integracion\/","og_locale":"ca_ES","og_type":"article","og_title":"II F\u00f2rum per la Integraci\u00f3 | Clece","og_description":"Celebraci\u00f3 a Val\u00e8ncia del segon F\u00f2rum per la Integraci\u00f3 de Clece sota el lema \u201cHi ha sortida a la viol\u00e8ncia de g\u00e8nere\u201d. Un espai de di\u00e0leg sobre els reptes laborals als quals s\u2019enfronten les dones que pateixen aquesta xacra social.","og_url":"https:\/\/clece.es\/gl\/conecenos\/comunicacion\/eventos\/ii-foro-pola-integracion\/","og_site_name":"Clece","article_publisher":"https:\/\/www.facebook.com\/CleceSociedadAnonima\/","article_modified_time":"2025-01-28T09:08:22+00:00","og_image":[{"url":"http:\/\/sitio2.utopiasl.eu\/wp-content\/uploads\/2024\/10\/IIForo-por-la-integracion-Hay-salida-Valencia-1-1024x516.jpg","type":"","width":"","height":""}],"twitter_card":"summary_large_image","twitter_site":"@Clece_","twitter_misc":{"Temps estimat de lectura":"5 minuts"},"schema":{"@context":"https:\/\/schema.org","@graph":[{"@type":"WebPage","@id":"https:\/\/clece.es\/gl\/conecenos\/comunicacion\/eventos\/ii-foro-pola-integracion\/","url":"https:\/\/clece.es\/gl\/conecenos\/comunicacion\/eventos\/ii-foro-pola-integracion\/","name":"II F\u00f2rum per la Integraci\u00f3 | Clece","isPartOf":{"@id":"https:\/\/clece.es\/es\/#website"},"primaryImageOfPage":{"@id":"https:\/\/clece.es\/gl\/conecenos\/comunicacion\/eventos\/ii-foro-pola-integracion\/#primaryimage"},"image":{"@id":"https:\/\/clece.es\/gl\/conecenos\/comunicacion\/eventos\/ii-foro-pola-integracion\/#primaryimage"},"thumbnailUrl":"http:\/\/sitio2.utopiasl.eu\/wp-content\/uploads\/2024\/10\/IIForo-por-la-integracion-Hay-salida-Valencia-1-1024x516.jpg","datePublished":"2024-10-23T10:03:12+00:00","dateModified":"2025-01-28T09:08:22+00:00","description":"Celebraci\u00f3 a Val\u00e8ncia del segon F\u00f2rum per la Integraci\u00f3 de Clece sota el lema \u201cHi ha sortida a la viol\u00e8ncia de g\u00e8nere\u201d. Un espai de di\u00e0leg sobre els reptes laborals als quals s\u2019enfronten les dones que pateixen aquesta xacra social.","breadcrumb":{"@id":"https:\/\/clece.es\/gl\/conecenos\/comunicacion\/eventos\/ii-foro-pola-integracion\/#breadcrumb"},"inLanguage":"ca","potentialAction":[{"@type":"ReadAction","target":["https:\/\/clece.es\/gl\/conecenos\/comunicacion\/eventos\/ii-foro-pola-integracion\/"]}]},{"@type":"ImageObject","inLanguage":"ca","@id":"https:\/\/clece.es\/gl\/conecenos\/comunicacion\/eventos\/ii-foro-pola-integracion\/#primaryimage","url":"http:\/\/sitio2.utopiasl.eu\/wp-content\/uploads\/2024\/10\/IIForo-por-la-integracion-Hay-salida-Valencia-1-1024x516.jpg","contentUrl":"http:\/\/sitio2.utopiasl.eu\/wp-content\/uploads\/2024\/10\/IIForo-por-la-integracion-Hay-salida-Valencia-1-1024x516.jpg"},{"@type":"BreadcrumbList","@id":"https:\/\/clece.es\/gl\/conecenos\/comunicacion\/eventos\/ii-foro-pola-integracion\/#breadcrumb","itemListElement":[{"@type":"ListItem","position":1,"name":"Portada","item":"https:\/\/clece.es\/es\/"},{"@type":"ListItem","position":2,"name":"Sobre nosaltres","item":"https:\/\/clece.es\/ca\/sobre-nosaltres\/"},{"@type":"ListItem","position":3,"name":"Comunicaci\u00f3","item":"https:\/\/clece.es\/gl\/conecenos\/comunicacion\/"},{"@type":"ListItem","position":4,"name":"Esdeveniments","item":"https:\/\/clece.es\/gl\/conecenos\/comunicacion\/eventos\/"},{"@type":"ListItem","position":5,"name":"II F\u00f2rum per la Integraci\u00f3"}]},{"@type":"WebSite","@id":"https:\/\/clece.es\/es\/#website","url":"https:\/\/clece.es\/es\/","name":"Clece","description":"","publisher":{"@id":"https:\/\/clece.es\/es\/#organization"},"potentialAction":[{"@type":"SearchAction","target":{"@type":"EntryPoint","urlTemplate":"https:\/\/clece.es\/es\/?s={search_term_string}"},"query-input":{"@type":"PropertyValueSpecification","valueRequired":true,"valueName":"search_term_string"}}],"inLanguage":"ca"},{"@type":"Organization","@id":"https:\/\/clece.es\/es\/#organization","name":"Grupo Clece","url":"https:\/\/clece.es\/es\/","logo":{"@type":"ImageObject","inLanguage":"ca","@id":"https:\/\/clece.es\/es\/#\/schema\/logo\/image\/","url":"https:\/\/sitio2.utopiasl.eu\/wp-content\/uploads\/2024\/10\/Logotipos_filiales_Clece_logotipo.png","contentUrl":"https:\/\/sitio2.utopiasl.eu\/wp-content\/uploads\/2024\/10\/Logotipos_filiales_Clece_logotipo.png","width":5000,"height":5000,"caption":"Grupo Clece"},"image":{"@id":"https:\/\/clece.es\/es\/#\/schema\/logo\/image\/"},"sameAs":["https:\/\/www.facebook.com\/CleceSociedadAnonima\/","https:\/\/x.com\/Clece_","https:\/\/www.linkedin.com\/company\/clece-sa\/"]}]}},"_links":{"self":[{"href":"https:\/\/clece.es\/ca\/wp-json\/wp\/v2\/pages\/142265","targetHints":{"allow":["GET"]}}],"collection":[{"href":"https:\/\/clece.es\/ca\/wp-json\/wp\/v2\/pages"}],"about":[{"href":"https:\/\/clece.es\/ca\/wp-json\/wp\/v2\/types\/page"}],"author":[{"embeddable":true,"href":"https:\/\/clece.es\/ca\/wp-json\/wp\/v2\/users\/4"}],"replies":[{"embeddable":true,"href":"https:\/\/clece.es\/ca\/wp-json\/wp\/v2\/comments?post=142265"}],"version-history":[{"count":6,"href":"https:\/\/clece.es\/ca\/wp-json\/wp\/v2\/pages\/142265\/revisions"}],"predecessor-version":[{"id":146399,"href":"https:\/\/clece.es\/ca\/wp-json\/wp\/v2\/pages\/142265\/revisions\/146399"}],"up":[{"embeddable":true,"href":"https:\/\/clece.es\/ca\/wp-json\/wp\/v2\/pages\/145731"}],"wp:attachment":[{"href":"https:\/\/clece.es\/ca\/wp-json\/wp\/v2\/media?parent=142265"}],"curies":[{"name":"wp","href":"https:\/\/api.w.org\/{rel}","templated":true}]}}