{"id":145673,"date":"2024-09-24T10:20:38","date_gmt":"2024-09-24T10:20:38","guid":{"rendered":"https:\/\/sitio2.utopiasl.eu\/?page_id=145673"},"modified":"2025-02-04T11:03:45","modified_gmt":"2025-02-04T11:03:45","slug":"declaracio-digualtat-i-responsabilitat-social","status":"publish","type":"page","link":"https:\/\/clece.es\/ca\/declaracio-digualtat-i-responsabilitat-social\/","title":{"rendered":"Declaraci\u00f3 d\u2019igualtat i responsabilitat social"},"content":{"rendered":"\t\t<div data-elementor-type=\"wp-page\" data-elementor-id=\"145673\" class=\"elementor elementor-145673 elementor-1133\" data-elementor-post-type=\"page\">\n\t\t\t\t<div class=\"elementor-element elementor-element-675a965 e-flex e-con-boxed e-con e-parent\" data-id=\"675a965\" data-element_type=\"container\" data-e-type=\"container\">\n\t\t\t\t\t<div class=\"e-con-inner\">\n\t\t\t\t<div class=\"elementor-element elementor-element-c1df7dc elementor-widget elementor-widget-heading\" data-id=\"c1df7dc\" data-element_type=\"widget\" data-e-type=\"widget\" data-widget_type=\"heading.default\">\n\t\t\t\t<div class=\"elementor-widget-container\">\n\t\t\t\t\t<h2 class=\"elementor-heading-title elementor-size-default\">DECLARACI\u00d3 D\u2019IGUALTAT I RESPONSABILITAT SOCIAL<\/h2>\t\t\t\t<\/div>\n\t\t\t\t<\/div>\n\t\t\t\t\t<\/div>\n\t\t\t\t<\/div>\n\t\t<div class=\"elementor-element elementor-element-da44b6d e-flex e-con-boxed e-con e-parent\" data-id=\"da44b6d\" data-element_type=\"container\" data-e-type=\"container\">\n\t\t\t\t\t<div class=\"e-con-inner\">\n\t\t\t\t<div class=\"elementor-element elementor-element-351a917 elementor-widget elementor-widget-text-editor\" data-id=\"351a917\" data-element_type=\"widget\" data-e-type=\"widget\" data-widget_type=\"text-editor.default\">\n\t\t\t\t<div class=\"elementor-widget-container\">\n\t\t\t\t\t\t\t\t\t<p>Conscient que la gesti\u00f3 empresarial ha d\u2019estar d\u2019acord amb les necessitats i demandes de la societat, Clece declara el seu comprom\u00eds amb la igualtat efectiva entre dones i homes en el si de l\u2019empresa i l\u2019aplicaci\u00f3 efectiva de pol\u00edtiques per a la consecuci\u00f3 d\u2019aquest principi, dins dels termes que preveu la Llei Org\u00e0nica 3\/2007.<\/p><p>En tots i cadascun dels \u00e0mbits de l\u2019empresa -des de les condicions de treball, els serveis prestats o la comunicaci\u00f3- Clece assumeix la igualtat de tracte i oportunitats sense discriminar directament o indirectament per ra\u00f3 de sexe.<\/p><p>Els principis enunciats es porten a la pr\u00e0ctica a trav\u00e9s de l\u2019elaboraci\u00f3 i aplicaci\u00f3 d\u2019un Pla d\u2019Igualtat en l\u2019Empresa i d\u2019altres mesures com l\u2019establiment de protocols de prevenci\u00f3 i actuaci\u00f3 per a casos d\u2019assetjament laboral i sexual.<\/p><p>Dins del seu projecte social, Clece tamb\u00e9 treballa per la integraci\u00f3 laboral en la seva plantilla de dones que han patit viol\u00e8ncia de g\u00e8nere.<\/p><p>Som rigorosos amb la legislaci\u00f3 vigent i estenem aquest comprom\u00eds per mitj\u00e0 d\u2019una exig\u00e8ncia de certificaci\u00f3 en RSE, la Norma IQ NET SR 10. Aquesta certificaci\u00f3 implica el compliment i comprom\u00eds amb els requeriments de la norma en mat\u00e8ria de rendici\u00f3 de comptes, transpar\u00e8ncia, comportament \u00e8tic, respecte als grups d\u2019inter\u00e8s, respecte al principi de legalitat, respecte a la normativa internacional de compliment i respecte als drets humans. Si desitja ampliar informaci\u00f3, podeu consultar la nostra <a href=\"\/wp-content\/uploads\/2024\/10\/Declaracion-RSC-SR-10-edicion-1-CLECE.pdf\"><strong>Pol\u00edtica de Responsabilitat Social <\/strong><\/a>i<strong> l<a href=\"\/wp-content\/uploads\/2025\/02\/P-02-MATERIALIDAD-ENE25-V07.pdf\">\u2019an\u00e0lisi de materialitat<\/a><\/strong>.<\/p><p>Igualment, Clece es compromet amb les persones que formen part de l\u2019organitzaci\u00f3, per mitj\u00e0 de la Norma EFR, a oferir mesures de conciliaci\u00f3 adequades a la seva cultura i marc de negoci, entenent com a tal la declaraci\u00f3 flexibilitat atesa per l\u2019empresa per cobrir les necessitats personals i familiars dels seus col\u00b7laboradors, d\u2019acord i equilibri amb els objectius de la declaraci\u00f3.<\/p><p>La direcci\u00f3 i tots els empleats assumeixen el comprom\u00eds contingut en aquesta declaraci\u00f3.<\/p>\t\t\t\t\t\t\t\t<\/div>\n\t\t\t\t<\/div>\n\t\t\t\t\t<\/div>\n\t\t\t\t<\/div>\n\t\t\t\t<\/div>\n\t\t","protected":false},"excerpt":{"rendered":"<p>DECLARACI\u00d3 D\u2019IGUALTAT I RESPONSABILITAT SOCIAL Conscient que la gesti\u00f3 empresarial ha d\u2019estar d\u2019acord amb les necessitats i demandes de la societat, Clece declara el seu comprom\u00eds amb la igualtat efectiva entre dones i homes en el si de l\u2019empresa i l\u2019aplicaci\u00f3 efectiva de pol\u00edtiques per a la consecuci\u00f3 d\u2019aquest principi, dins dels termes que preveu [&hellip;]<\/p>\n","protected":false},"author":2,"featured_media":0,"parent":0,"menu_order":0,"comment_status":"closed","ping_status":"closed","template":"","meta":{"_acf_changed":false,"footnotes":""},"class_list":["post-145673","page","type-page","status-publish","hentry"],"acf":[],"yoast_head":"<!-- This site is optimized with the Yoast SEO plugin v27.3 - https:\/\/yoast.com\/product\/yoast-seo-wordpress\/ -->\n<title>Declaraci\u00f3 d\u2019igualtat i responsabilitat social - Clece<\/title>\n<meta name=\"robots\" content=\"index, follow, max-snippet:-1, max-image-preview:large, max-video-preview:-1\" \/>\n<link rel=\"canonical\" href=\"https:\/\/clece.es\/ca\/declaracio-digualtat-i-responsabilitat-social\/\" \/>\n<meta property=\"og:locale\" content=\"ca_ES\" \/>\n<meta property=\"og:type\" content=\"article\" \/>\n<meta property=\"og:title\" content=\"Declaraci\u00f3 d\u2019igualtat i responsabilitat social - Clece\" \/>\n<meta property=\"og:description\" content=\"DECLARACI\u00d3 D\u2019IGUALTAT I RESPONSABILITAT SOCIAL Conscient que la gesti\u00f3 empresarial ha d\u2019estar d\u2019acord amb les necessitats i demandes de la societat, Clece declara el seu comprom\u00eds amb la igualtat efectiva entre dones i homes en el si de l\u2019empresa i l\u2019aplicaci\u00f3 efectiva de pol\u00edtiques per a la consecuci\u00f3 d\u2019aquest principi, dins dels termes que preveu [&hellip;]\" \/>\n<meta property=\"og:url\" content=\"https:\/\/clece.es\/ca\/declaracio-digualtat-i-responsabilitat-social\/\" \/>\n<meta property=\"og:site_name\" content=\"Clece\" \/>\n<meta property=\"article:publisher\" content=\"https:\/\/www.facebook.com\/CleceSociedadAnonima\/\" \/>\n<meta property=\"article:modified_time\" content=\"2025-02-04T11:03:45+00:00\" \/>\n<meta name=\"twitter:card\" content=\"summary_large_image\" \/>\n<meta name=\"twitter:site\" content=\"@Clece_\" \/>\n<meta name=\"twitter:label1\" content=\"Temps estimat de lectura\" \/>\n\t<meta name=\"twitter:data1\" content=\"2 minuts\" \/>\n<script type=\"application\/ld+json\" class=\"yoast-schema-graph\">{\"@context\":\"https:\\\/\\\/schema.org\",\"@graph\":[{\"@type\":\"WebPage\",\"@id\":\"https:\\\/\\\/clece.es\\\/ca\\\/declaracio-digualtat-i-responsabilitat-social\\\/\",\"url\":\"https:\\\/\\\/clece.es\\\/ca\\\/declaracio-digualtat-i-responsabilitat-social\\\/\",\"name\":\"Declaraci\u00f3 d\u2019igualtat i responsabilitat social - Clece\",\"isPartOf\":{\"@id\":\"https:\\\/\\\/clece.es\\\/es\\\/#website\"},\"datePublished\":\"2024-09-24T10:20:38+00:00\",\"dateModified\":\"2025-02-04T11:03:45+00:00\",\"breadcrumb\":{\"@id\":\"https:\\\/\\\/clece.es\\\/ca\\\/declaracio-digualtat-i-responsabilitat-social\\\/#breadcrumb\"},\"inLanguage\":\"ca\",\"potentialAction\":[{\"@type\":\"ReadAction\",\"target\":[\"https:\\\/\\\/clece.es\\\/ca\\\/declaracio-digualtat-i-responsabilitat-social\\\/\"]}]},{\"@type\":\"BreadcrumbList\",\"@id\":\"https:\\\/\\\/clece.es\\\/ca\\\/declaracio-digualtat-i-responsabilitat-social\\\/#breadcrumb\",\"itemListElement\":[{\"@type\":\"ListItem\",\"position\":1,\"name\":\"Portada\",\"item\":\"https:\\\/\\\/clece.es\\\/es\\\/\"},{\"@type\":\"ListItem\",\"position\":2,\"name\":\"Declaraci\u00f3 d\u2019igualtat i responsabilitat social\"}]},{\"@type\":\"WebSite\",\"@id\":\"https:\\\/\\\/clece.es\\\/es\\\/#website\",\"url\":\"https:\\\/\\\/clece.es\\\/es\\\/\",\"name\":\"Clece\",\"description\":\"\",\"publisher\":{\"@id\":\"https:\\\/\\\/clece.es\\\/es\\\/#organization\"},\"potentialAction\":[{\"@type\":\"SearchAction\",\"target\":{\"@type\":\"EntryPoint\",\"urlTemplate\":\"https:\\\/\\\/clece.es\\\/es\\\/?s={search_term_string}\"},\"query-input\":{\"@type\":\"PropertyValueSpecification\",\"valueRequired\":true,\"valueName\":\"search_term_string\"}}],\"inLanguage\":\"ca\"},{\"@type\":\"Organization\",\"@id\":\"https:\\\/\\\/clece.es\\\/es\\\/#organization\",\"name\":\"Grupo Clece\",\"url\":\"https:\\\/\\\/clece.es\\\/es\\\/\",\"logo\":{\"@type\":\"ImageObject\",\"inLanguage\":\"ca\",\"@id\":\"https:\\\/\\\/clece.es\\\/es\\\/#\\\/schema\\\/logo\\\/image\\\/\",\"url\":\"https:\\\/\\\/sitio2.utopiasl.eu\\\/wp-content\\\/uploads\\\/2024\\\/10\\\/Logotipos_filiales_Clece_logotipo.png\",\"contentUrl\":\"https:\\\/\\\/sitio2.utopiasl.eu\\\/wp-content\\\/uploads\\\/2024\\\/10\\\/Logotipos_filiales_Clece_logotipo.png\",\"width\":5000,\"height\":5000,\"caption\":\"Grupo Clece\"},\"image\":{\"@id\":\"https:\\\/\\\/clece.es\\\/es\\\/#\\\/schema\\\/logo\\\/image\\\/\"},\"sameAs\":[\"https:\\\/\\\/www.facebook.com\\\/CleceSociedadAnonima\\\/\",\"https:\\\/\\\/x.com\\\/Clece_\",\"https:\\\/\\\/www.linkedin.com\\\/company\\\/clece-sa\\\/\"]}]}<\/script>\n<!-- \/ Yoast SEO plugin. -->","yoast_head_json":{"title":"Declaraci\u00f3 d\u2019igualtat i responsabilitat social - Clece","robots":{"index":"index","follow":"follow","max-snippet":"max-snippet:-1","max-image-preview":"max-image-preview:large","max-video-preview":"max-video-preview:-1"},"canonical":"https:\/\/clece.es\/ca\/declaracio-digualtat-i-responsabilitat-social\/","og_locale":"ca_ES","og_type":"article","og_title":"Declaraci\u00f3 d\u2019igualtat i responsabilitat social - Clece","og_description":"DECLARACI\u00d3 D\u2019IGUALTAT I RESPONSABILITAT SOCIAL Conscient que la gesti\u00f3 empresarial ha d\u2019estar d\u2019acord amb les necessitats i demandes de la societat, Clece declara el seu comprom\u00eds amb la igualtat efectiva entre dones i homes en el si de l\u2019empresa i l\u2019aplicaci\u00f3 efectiva de pol\u00edtiques per a la consecuci\u00f3 d\u2019aquest principi, dins dels termes que preveu [&hellip;]","og_url":"https:\/\/clece.es\/ca\/declaracio-digualtat-i-responsabilitat-social\/","og_site_name":"Clece","article_publisher":"https:\/\/www.facebook.com\/CleceSociedadAnonima\/","article_modified_time":"2025-02-04T11:03:45+00:00","twitter_card":"summary_large_image","twitter_site":"@Clece_","twitter_misc":{"Temps estimat de lectura":"2 minuts"},"schema":{"@context":"https:\/\/schema.org","@graph":[{"@type":"WebPage","@id":"https:\/\/clece.es\/ca\/declaracio-digualtat-i-responsabilitat-social\/","url":"https:\/\/clece.es\/ca\/declaracio-digualtat-i-responsabilitat-social\/","name":"Declaraci\u00f3 d\u2019igualtat i responsabilitat social - Clece","isPartOf":{"@id":"https:\/\/clece.es\/es\/#website"},"datePublished":"2024-09-24T10:20:38+00:00","dateModified":"2025-02-04T11:03:45+00:00","breadcrumb":{"@id":"https:\/\/clece.es\/ca\/declaracio-digualtat-i-responsabilitat-social\/#breadcrumb"},"inLanguage":"ca","potentialAction":[{"@type":"ReadAction","target":["https:\/\/clece.es\/ca\/declaracio-digualtat-i-responsabilitat-social\/"]}]},{"@type":"BreadcrumbList","@id":"https:\/\/clece.es\/ca\/declaracio-digualtat-i-responsabilitat-social\/#breadcrumb","itemListElement":[{"@type":"ListItem","position":1,"name":"Portada","item":"https:\/\/clece.es\/es\/"},{"@type":"ListItem","position":2,"name":"Declaraci\u00f3 d\u2019igualtat i responsabilitat social"}]},{"@type":"WebSite","@id":"https:\/\/clece.es\/es\/#website","url":"https:\/\/clece.es\/es\/","name":"Clece","description":"","publisher":{"@id":"https:\/\/clece.es\/es\/#organization"},"potentialAction":[{"@type":"SearchAction","target":{"@type":"EntryPoint","urlTemplate":"https:\/\/clece.es\/es\/?s={search_term_string}"},"query-input":{"@type":"PropertyValueSpecification","valueRequired":true,"valueName":"search_term_string"}}],"inLanguage":"ca"},{"@type":"Organization","@id":"https:\/\/clece.es\/es\/#organization","name":"Grupo Clece","url":"https:\/\/clece.es\/es\/","logo":{"@type":"ImageObject","inLanguage":"ca","@id":"https:\/\/clece.es\/es\/#\/schema\/logo\/image\/","url":"https:\/\/sitio2.utopiasl.eu\/wp-content\/uploads\/2024\/10\/Logotipos_filiales_Clece_logotipo.png","contentUrl":"https:\/\/sitio2.utopiasl.eu\/wp-content\/uploads\/2024\/10\/Logotipos_filiales_Clece_logotipo.png","width":5000,"height":5000,"caption":"Grupo Clece"},"image":{"@id":"https:\/\/clece.es\/es\/#\/schema\/logo\/image\/"},"sameAs":["https:\/\/www.facebook.com\/CleceSociedadAnonima\/","https:\/\/x.com\/Clece_","https:\/\/www.linkedin.com\/company\/clece-sa\/"]}]}},"_links":{"self":[{"href":"https:\/\/clece.es\/ca\/wp-json\/wp\/v2\/pages\/145673","targetHints":{"allow":["GET"]}}],"collection":[{"href":"https:\/\/clece.es\/ca\/wp-json\/wp\/v2\/pages"}],"about":[{"href":"https:\/\/clece.es\/ca\/wp-json\/wp\/v2\/types\/page"}],"author":[{"embeddable":true,"href":"https:\/\/clece.es\/ca\/wp-json\/wp\/v2\/users\/2"}],"replies":[{"embeddable":true,"href":"https:\/\/clece.es\/ca\/wp-json\/wp\/v2\/comments?post=145673"}],"version-history":[{"count":7,"href":"https:\/\/clece.es\/ca\/wp-json\/wp\/v2\/pages\/145673\/revisions"}],"predecessor-version":[{"id":147803,"href":"https:\/\/clece.es\/ca\/wp-json\/wp\/v2\/pages\/145673\/revisions\/147803"}],"wp:attachment":[{"href":"https:\/\/clece.es\/ca\/wp-json\/wp\/v2\/media?parent=145673"}],"curies":[{"name":"wp","href":"https:\/\/api.w.org\/{rel}","templated":true}]}}