{"id":145764,"date":"2024-10-23T13:27:33","date_gmt":"2024-10-23T13:27:33","guid":{"rendered":"https:\/\/sitio2.utopiasl.eu\/?page_id=145764"},"modified":"2025-01-28T09:12:37","modified_gmt":"2025-01-28T09:12:37","slug":"viii-forum-per-la-integracio","status":"publish","type":"page","link":"https:\/\/clece.es\/ca\/sobre-nosaltres\/comunicacio\/esdeveniments\/viii-forum-per-la-integracio\/","title":{"rendered":"VIII F\u00f2rum per la Integraci\u00f3"},"content":{"rendered":"\t\t<div data-elementor-type=\"wp-page\" data-elementor-id=\"145764\" class=\"elementor elementor-145764 elementor-9126\" data-elementor-post-type=\"page\">\n\t\t\t\t<div class=\"elementor-element elementor-element-e2ae174 e-flex e-con-boxed e-con e-parent\" data-id=\"e2ae174\" data-element_type=\"container\" data-e-type=\"container\">\n\t\t\t\t\t<div class=\"e-con-inner\">\n\t\t<div class=\"elementor-element elementor-element-ff7996d e-con-full e-flex e-con e-child\" data-id=\"ff7996d\" data-element_type=\"container\" data-e-type=\"container\">\n\t\t\t\t<div class=\"elementor-element elementor-element-7cb0daf elementor-widget elementor-widget-heading\" data-id=\"7cb0daf\" data-element_type=\"widget\" data-e-type=\"widget\" data-widget_type=\"heading.default\">\n\t\t\t\t<div class=\"elementor-widget-container\">\n\t\t\t\t\t<h2 class=\"elementor-heading-title elementor-size-default\"><a href=\"\/ca\/sobre-nosaltres\/\">Sobre nosaltres<\/a><\/h2>\t\t\t\t<\/div>\n\t\t\t\t<\/div>\n\t\t\t\t<div class=\"elementor-element elementor-element-ef9320d elementor-widget elementor-widget-heading\" data-id=\"ef9320d\" data-element_type=\"widget\" data-e-type=\"widget\" data-widget_type=\"heading.default\">\n\t\t\t\t<div class=\"elementor-widget-container\">\n\t\t\t\t\t<h2 class=\"elementor-heading-title elementor-size-default\"><a href=\"\/ca\/sobre-nosaltres\/comunicacio\/\">Comunicaci\u00f3<\/a><\/h2>\t\t\t\t<\/div>\n\t\t\t\t<\/div>\n\t\t\t\t<div class=\"elementor-element elementor-element-35cbb94 elementor-widget elementor-widget-heading\" data-id=\"35cbb94\" data-element_type=\"widget\" data-e-type=\"widget\" data-widget_type=\"heading.default\">\n\t\t\t\t<div class=\"elementor-widget-container\">\n\t\t\t\t\t<h2 class=\"elementor-heading-title elementor-size-default\"><a href=\"\/ca\/sobre-nosaltres\/comunicacio\/esdeveniments\/\">ESDEVENIMENTS<\/a><\/h2>\t\t\t\t<\/div>\n\t\t\t\t<\/div>\n\t\t\t\t<div class=\"elementor-element elementor-element-794b494 elementor-widget elementor-widget-heading\" data-id=\"794b494\" data-element_type=\"widget\" data-e-type=\"widget\" data-widget_type=\"heading.default\">\n\t\t\t\t<div class=\"elementor-widget-container\">\n\t\t\t\t\t<h2 class=\"elementor-heading-title elementor-size-default\">VIII F\u00f2rum \u00abClece per la integraci\u00f3\u00bb<\/h2>\t\t\t\t<\/div>\n\t\t\t\t<\/div>\n\t\t\t\t<\/div>\n\t\t\t\t\t<\/div>\n\t\t\t\t<\/div>\n\t\t<div class=\"elementor-element elementor-element-6021f0e e-flex e-con-boxed e-con e-parent\" data-id=\"6021f0e\" data-element_type=\"container\" data-e-type=\"container\">\n\t\t\t\t\t<div class=\"e-con-inner\">\n\t\t<div class=\"elementor-element elementor-element-e2cdb64 e-con-full e-flex e-con e-child\" data-id=\"e2cdb64\" data-element_type=\"container\" data-e-type=\"container\">\n\t\t<div class=\"elementor-element elementor-element-5be7dbb e-con-full e-flex e-con e-child\" data-id=\"5be7dbb\" data-element_type=\"container\" data-e-type=\"container\">\n\t\t\t\t<div class=\"elementor-element elementor-element-8a4a826 elementor-widget elementor-widget-image\" data-id=\"8a4a826\" data-element_type=\"widget\" data-e-type=\"widget\" data-widget_type=\"image.default\">\n\t\t\t\t<div class=\"elementor-widget-container\">\n\t\t\t\t\t\t\t\t\t\t\t\t\t\t\t<img fetchpriority=\"high\" decoding=\"async\" width=\"800\" height=\"360\" src=\"https:\/\/clece.es\/wp-content\/uploads\/2024\/10\/VIIIForo-1-1024x461.jpg\" class=\"attachment-large size-large wp-image-9346\" alt=\"\" srcset=\"https:\/\/clece.es\/wp-content\/uploads\/2024\/10\/VIIIForo-1-1024x461.jpg 1024w, https:\/\/clece.es\/wp-content\/uploads\/2024\/10\/VIIIForo-1-300x135.jpg 300w, https:\/\/clece.es\/wp-content\/uploads\/2024\/10\/VIIIForo-1-768x346.jpg 768w, https:\/\/clece.es\/wp-content\/uploads\/2024\/10\/VIIIForo-1.jpg 1449w\" sizes=\"(max-width: 800px) 100vw, 800px\" \/>\t\t\t\t\t\t\t\t\t\t\t\t\t\t\t<\/div>\n\t\t\t\t<\/div>\n\t\t\t\t<\/div>\n\t\t\t\t<div class=\"elementor-element elementor-element-d833061 elementor-widget elementor-widget-text-editor\" data-id=\"d833061\" data-element_type=\"widget\" data-e-type=\"widget\" data-widget_type=\"text-editor.default\">\n\t\t\t\t<div class=\"elementor-widget-container\">\n\t\t\t\t\t\t\t\t\t<p>14-03-2018<\/p>\t\t\t\t\t\t\t\t<\/div>\n\t\t\t\t<\/div>\n\t\t\t\t<div class=\"elementor-element elementor-element-7ef2165 elementor-widget elementor-widget-heading\" data-id=\"7ef2165\" data-element_type=\"widget\" data-e-type=\"widget\" data-widget_type=\"heading.default\">\n\t\t\t\t<div class=\"elementor-widget-container\">\n\t\t\t\t\t<h2 class=\"elementor-heading-title elementor-size-default\">VIII F\u00f2rum \u00abClece per la integraci\u00f3\u00bb \u00abL\u2019Administraci\u00f3 P\u00fablica t\u00e9 l\u2019accelerador perqu\u00e8 la inclusi\u00f3 laboral creixi exponencialment\u00bb\n<\/h2>\t\t\t\t<\/div>\n\t\t\t\t<\/div>\n\t\t\t\t<div class=\"elementor-element elementor-element-f5e380a elementor-widget-divider--view-line elementor-widget elementor-widget-divider\" data-id=\"f5e380a\" data-element_type=\"widget\" data-e-type=\"widget\" data-widget_type=\"divider.default\">\n\t\t\t\t<div class=\"elementor-widget-container\">\n\t\t\t\t\t\t\t<div class=\"elementor-divider\">\n\t\t\t<span class=\"elementor-divider-separator\">\n\t\t\t\t\t\t<\/span>\n\t\t<\/div>\n\t\t\t\t\t\t<\/div>\n\t\t\t\t<\/div>\n\t\t\t\t<div class=\"elementor-element elementor-element-26c3095 elementor-widget elementor-widget-text-editor\" data-id=\"26c3095\" data-element_type=\"widget\" data-e-type=\"widget\" data-widget_type=\"text-editor.default\">\n\t\t\t\t<div class=\"elementor-widget-container\">\n\t\t\t\t\t\t\t\t\t<ul>\n \t<li style=\"font-weight: 300;\"><span style=\"font-style: inherit; font-weight: inherit;\">\u00a0\u00a0<\/span><b><strong style=\"font-style: inherit;\"><span style=\"font-style: inherit; font-weight: inherit;\">Aquesta va ser una de les conclusions de Crist\u00f3bal Valderas, president de Clece, que va afegir la necessitat d\u2019apostar per la formaci\u00f3 com a mesura facilitadora de la inserci\u00f3 sociolaboral.<\/span><\/strong><\/b><\/li>\n \t<li style=\"font-weight: 300;\"><b><strong style=\"font-style: inherit;\"><span style=\"font-style: inherit; font-weight: inherit;\">Dels prop de 75.000 treballadors de la companyia a tot Espanya, 7.547 s\u00f3n persones procedents de col\u00b7lectius vulnerables i 471 treballa a la regi\u00f3 Cant\u00e0brica.<\/span><\/strong><\/b><\/li>\n<\/ul>\t\t\t\t\t\t\t\t<\/div>\n\t\t\t\t<\/div>\n\t\t\t\t<div class=\"elementor-element elementor-element-319841c elementor-widget elementor-widget-text-editor\" data-id=\"319841c\" data-element_type=\"widget\" data-e-type=\"widget\" data-widget_type=\"text-editor.default\">\n\t\t\t\t<div class=\"elementor-widget-container\">\n\t\t\t\t\t\t\t\t\t<p>\u00abEstem en el millor moment d\u2019incorporaci\u00f3 de col\u00b7lectius desfavorits per\u00f2 queda molt per fer. L\u2019Administraci\u00f3 P\u00fablica t\u00e9 l\u2019accelerador perqu\u00e8 la inclusi\u00f3 laboral creixi exponencialment. Ells tenen les eines a la m\u00e0 per incrementar la integraci\u00f3 de persones de col\u00b7lectius desfavorits\u00bb. Aquesta \u00e9s una de les principals conclusions extretes del\u00a0<strong>VIII F\u00f2rum \u00abClece per la Integraci\u00f3\u00bb<\/strong>\u00a0celebrat el passat 1 de mar\u00e7 al Palacio de la Magdalena de Santander sota el lema \u00abParlem d\u2019inclusi\u00f3 laboral?\u00bb.<\/p><p>A la trobada s\u2019ha posat en relleu la necessitat d\u2019impulsar aliances entre l\u2019empresa privada i l\u2019Administraci\u00f3 P\u00fablica, aix\u00ed com la necessitat d\u2019apostar per la formaci\u00f3 per reduir les taxes d\u2019atur de les persones amb discapacitat, en risc d\u2019exclusi\u00f3 o dones v\u00edctimes de viol\u00e8ncia de g\u00e8nere.<\/p><p>Gema Igual Ortiz, alcaldessa de Santander, ha estat l\u2019encarregada d\u2019obrir aquest col\u00b7loqui que ha congregat a representants de l\u2019Administraci\u00f3 P\u00fablica, l\u2019empresa privada, agents socials aix\u00ed com treballadors provinents d\u2019aquests col\u00b7lectius com s\u00f3n: Roberto del Pozo L\u00f3pez, regidor d\u2019Autonomia personal de l\u2019Ajuntament de Santander; Francisco Javier Guti\u00e9rrez Iglesias, primer tinent d\u2019alcalde de l\u2019Ajuntament de Cabez\u00f3n de la Sal; Tom\u00e1s Castillo Arenal, gerent de l\u2019Associaci\u00f3 de persones amb discapacitat Amica; Crist\u00f3bal Valderas Alvarado, president de Clece, i Mar\u00eda Jos\u00e9 M. N., v\u00edctima de viol\u00e8ncia de g\u00e8nere i treballadora de Clece.<\/p><p>Com a representant d\u2019un dels col\u00b7lectius m\u00e9s afectats, Tom\u00e1s Castillo Arenal, gerent de l\u2019Associaci\u00f3 de persones amb discapacitat Amica, ha posat en relleu les \u00faltimes xifres: \u00abEstem avan\u00e7ant. El 2017, s\u2019ha batut el r\u00e8cord de contractacions de persones amb discapacitat, m\u00e9s de 110.000 persones contractades\u00bb.<\/p><p>Roberto del Pozo L\u00f3pez, regidor d\u2019Autonomia personal de l\u2019Ajuntament de Santander, ha afegit que, sens dubte, \u00abaquestes xifres reflecteixen un canvi de mentalitat de la societat i ens donen esperan\u00e7a, per\u00f2 \u00e9s necessari continuar derrocant barreres i prejudicis\u00bb.<\/p><p>De la seva banda, Javier Guti\u00e9rrez Iglesias, primer tinent d\u2019alcalde de l\u2019Ajuntament de Cabez\u00f3n de la Sal, ha destacat que \u00abnecessitem que les empreses i la ind\u00fastria innovin per incloure aquests col\u00b7lectius. L\u2019intercanvi d\u2019idees \u00e9s necessari entre l\u2019administraci\u00f3 publica i les empreses per formar les persones i ajudar-los a la seva incorporaci\u00f3 al mercat laboral\u00bb.<\/p><p>\u00abEls ajuntaments no tenen capacitat en l\u2019ocupaci\u00f3, per\u00f2 s\u00ed en la presa de decisi\u00f3 de les empreses que contracten, en els plecs de condicions i les cl\u00e0usules socials\u00bb, ha subratllat Crist\u00f3bal Valderas.<\/p><p>El punt de vista m\u00e9s hum\u00e0 i personal al problema l\u2019ha posat Mar\u00eda Jos\u00e9 M. N., v\u00edctima de viol\u00e8ncia de g\u00e8nere i treballadora de Clece que representa \u00abuna fita en ella mateixa\u00bb, en paraules de la moderadora del F\u00f2rum, Elena D\u00edez-Fuentes. Ella va comen\u00e7ar el 2015 amb un contracte temporal que aviat es va transformar en indefinit i que li ha canviat la vida. \u00abLa feina m\u2019ha donat la vida. Ha estat la meva ter\u00e0pia. Comen\u00e7ar a treballar per Clece m\u2019ha perm\u00e8s valer-me per mi mateixa i recuperar la confian\u00e7a\u00bb, afegeix.<\/p><p><strong>La formaci\u00f3 com a mesura necess\u00e0ria en la inserci\u00f3 laboral<\/strong><\/p><p>Un altre dels aspectes m\u00e9s repetits en el F\u00f2rum ha estat la necessitat de fomentar la formaci\u00f3 com a mesura facilitadora de la inserci\u00f3 sociolaboral. En aquest sentit, Crist\u00f3bal Valderas ha destacat el fort comprom\u00eds fet en aquesta mat\u00e8ria en els darrers anys i, especialment, el 2017. \u00abL\u2019\u00faltim any, hem format m\u00e9s de 22.300 participants en 2.000 cursos de formaci\u00f3 en els \u00e0mbits d\u2019activitat de serveis socials, seguretat, serveis educatius, neteja i manteniment, entre d\u2019altres. D\u2019aquests, 1.192 eren persones amb discapacitat, 148 eren treballadors pertanyents al col\u00b7lectiu d\u2019exclusi\u00f3 social i, 33, dones v\u00edctimes de viol\u00e8ncia de g\u00e8nere\u00bb.<\/p><p>Aquest comprom\u00eds social de Clece per l\u2019ocupabilitat i la formaci\u00f3 \u00e9s a l\u2019ADN de l\u2019empresa i ha fet possible que avui la companyia compti amb prop de 75.000 treballadors i pres\u00e8ncia a tot el territori nacional. D\u2019aquests, 7.547 s\u00f3n treballadors de col\u00b7lectius desfavorits. En concret, a la regi\u00f3 Cant\u00e0brica, la companyia compta amb 2.950 treballadors, 471 dels quals s\u00f3n persones procedents d\u2019aquests col\u00b7lectius vulnerables.<\/p><p>Com a conclusions de la jornada, cadascun dels ponents ha resumit un objectiu o una esperan\u00e7a. \u00abAconseguir que la societat sigui conscient que els objectius que s\u2019aconsegueixen s\u00f3n per a tothom\u00bb, ha estat el que ha assenyalat Roberto del Pozo; Javier Guti\u00e9rrez ha afegit la import\u00e0ncia de \u00abtreballar en formaci\u00f3, desenvolupament i innovaci\u00f3\u00bb; Tom\u00e1s Castillo ha esmentat que \u00abincloure \u00e9s enriquir tota la societat\u00bb; Mar\u00eda Jos\u00e9 M.\u00a0N. ha dit que el seu somni \u00e9s mantenir la seva feina i fer una mica m\u00e9s en formaci\u00f3 per millorar, i, finalment, Crist\u00f3bal Valderas ha afegit que Clece t\u00e9 el repte de contractar 139 dones v\u00edctimes de viol\u00e8ncia de g\u00e8nere segons el comprom\u00eds adquirit a la III Edici\u00f3 dels Premis Comprom\u00eds. Actualment, indica amb orgull: \u00abJa hem aconseguit la xifra de 49 llocs de treball. Hi estem treballant\u00bb.<\/p>\t\t\t\t\t\t\t\t<\/div>\n\t\t\t\t<\/div>\n\t\t\t\t<\/div>\n\t\t\t\t\t<\/div>\n\t\t\t\t<\/div>\n\t\t\t\t<\/div>\n\t\t","protected":false},"excerpt":{"rendered":"<p>Sobre nosaltres Comunicaci\u00f3 ESDEVENIMENTS VIII F\u00f2rum \u00abClece per la integraci\u00f3\u00bb 14-03-2018 VIII F\u00f2rum \u00abClece per la integraci\u00f3\u00bb \u00abL\u2019Administraci\u00f3 P\u00fablica t\u00e9 l\u2019accelerador perqu\u00e8 la inclusi\u00f3 laboral creixi exponencialment\u00bb \u00a0\u00a0Aquesta va ser una de les conclusions de Crist\u00f3bal Valderas, president de Clece, que va afegir la necessitat d\u2019apostar per la formaci\u00f3 com a mesura facilitadora de la [&hellip;]<\/p>\n","protected":false},"author":2,"featured_media":0,"parent":145731,"menu_order":0,"comment_status":"closed","ping_status":"closed","template":"","meta":{"_acf_changed":false,"footnotes":""},"class_list":["post-145764","page","type-page","status-publish","hentry"],"acf":[],"yoast_head":"<!-- This site is optimized with the Yoast SEO plugin v27.3 - https:\/\/yoast.com\/product\/yoast-seo-wordpress\/ -->\n<title>VIII F\u00f2rum per la Integraci\u00f3 | Clece<\/title>\n<meta name=\"description\" content=\"Vuit\u00e8 F\u00f2rum per la Integraci\u00f3 de Clece. Sota el lema \u201cParlem d\u2019inclusi\u00f3 laboral?\u201d, l\u2019esdeveniment celebrat a Santander incideix en l\u2019exig\u00e8ncia de crear lla\u00e7os entre el sector privat i l\u2019Administraci\u00f3 P\u00fablica en aquest \u00e0mbit.\" \/>\n<meta name=\"robots\" content=\"index, follow, max-snippet:-1, max-image-preview:large, max-video-preview:-1\" \/>\n<link rel=\"canonical\" href=\"https:\/\/clece.es\/gl\/conecenos\/comunicacion\/eventos\/viii-foro-pola-integracion\/\" \/>\n<meta property=\"og:locale\" content=\"ca_ES\" \/>\n<meta property=\"og:type\" content=\"article\" \/>\n<meta property=\"og:title\" content=\"VIII F\u00f2rum per la Integraci\u00f3 | Clece\" \/>\n<meta property=\"og:description\" content=\"Vuit\u00e8 F\u00f2rum per la Integraci\u00f3 de Clece. Sota el lema \u201cParlem d\u2019inclusi\u00f3 laboral?\u201d, l\u2019esdeveniment celebrat a Santander incideix en l\u2019exig\u00e8ncia de crear lla\u00e7os entre el sector privat i l\u2019Administraci\u00f3 P\u00fablica en aquest \u00e0mbit.\" \/>\n<meta property=\"og:url\" content=\"https:\/\/clece.es\/gl\/conecenos\/comunicacion\/eventos\/viii-foro-pola-integracion\/\" \/>\n<meta property=\"og:site_name\" content=\"Clece\" \/>\n<meta property=\"article:publisher\" content=\"https:\/\/www.facebook.com\/CleceSociedadAnonima\/\" \/>\n<meta property=\"article:modified_time\" content=\"2025-01-28T09:12:37+00:00\" \/>\n<meta property=\"og:image\" content=\"http:\/\/sitio2.utopiasl.eu\/wp-content\/uploads\/2024\/10\/VIIIForo-1-1024x461.jpg\" \/>\n<meta name=\"twitter:card\" content=\"summary_large_image\" \/>\n<meta name=\"twitter:site\" content=\"@Clece_\" \/>\n<meta name=\"twitter:label1\" content=\"Temps estimat de lectura\" \/>\n\t<meta name=\"twitter:data1\" content=\"5 minuts\" \/>\n<script type=\"application\/ld+json\" class=\"yoast-schema-graph\">{\"@context\":\"https:\\\/\\\/schema.org\",\"@graph\":[{\"@type\":\"WebPage\",\"@id\":\"https:\\\/\\\/clece.es\\\/gl\\\/conecenos\\\/comunicacion\\\/eventos\\\/viii-foro-pola-integracion\\\/\",\"url\":\"https:\\\/\\\/clece.es\\\/gl\\\/conecenos\\\/comunicacion\\\/eventos\\\/viii-foro-pola-integracion\\\/\",\"name\":\"VIII F\u00f2rum per la Integraci\u00f3 | Clece\",\"isPartOf\":{\"@id\":\"https:\\\/\\\/clece.es\\\/es\\\/#website\"},\"primaryImageOfPage\":{\"@id\":\"https:\\\/\\\/clece.es\\\/gl\\\/conecenos\\\/comunicacion\\\/eventos\\\/viii-foro-pola-integracion\\\/#primaryimage\"},\"image\":{\"@id\":\"https:\\\/\\\/clece.es\\\/gl\\\/conecenos\\\/comunicacion\\\/eventos\\\/viii-foro-pola-integracion\\\/#primaryimage\"},\"thumbnailUrl\":\"http:\\\/\\\/sitio2.utopiasl.eu\\\/wp-content\\\/uploads\\\/2024\\\/10\\\/VIIIForo-1-1024x461.jpg\",\"datePublished\":\"2024-10-23T13:27:33+00:00\",\"dateModified\":\"2025-01-28T09:12:37+00:00\",\"description\":\"Vuit\u00e8 F\u00f2rum per la Integraci\u00f3 de Clece. Sota el lema \u201cParlem d\u2019inclusi\u00f3 laboral?\u201d, l\u2019esdeveniment celebrat a Santander incideix en l\u2019exig\u00e8ncia de crear lla\u00e7os entre el sector privat i l\u2019Administraci\u00f3 P\u00fablica en aquest \u00e0mbit.\",\"breadcrumb\":{\"@id\":\"https:\\\/\\\/clece.es\\\/gl\\\/conecenos\\\/comunicacion\\\/eventos\\\/viii-foro-pola-integracion\\\/#breadcrumb\"},\"inLanguage\":\"ca\",\"potentialAction\":[{\"@type\":\"ReadAction\",\"target\":[\"https:\\\/\\\/clece.es\\\/gl\\\/conecenos\\\/comunicacion\\\/eventos\\\/viii-foro-pola-integracion\\\/\"]}]},{\"@type\":\"ImageObject\",\"inLanguage\":\"ca\",\"@id\":\"https:\\\/\\\/clece.es\\\/gl\\\/conecenos\\\/comunicacion\\\/eventos\\\/viii-foro-pola-integracion\\\/#primaryimage\",\"url\":\"http:\\\/\\\/sitio2.utopiasl.eu\\\/wp-content\\\/uploads\\\/2024\\\/10\\\/VIIIForo-1-1024x461.jpg\",\"contentUrl\":\"http:\\\/\\\/sitio2.utopiasl.eu\\\/wp-content\\\/uploads\\\/2024\\\/10\\\/VIIIForo-1-1024x461.jpg\"},{\"@type\":\"BreadcrumbList\",\"@id\":\"https:\\\/\\\/clece.es\\\/gl\\\/conecenos\\\/comunicacion\\\/eventos\\\/viii-foro-pola-integracion\\\/#breadcrumb\",\"itemListElement\":[{\"@type\":\"ListItem\",\"position\":1,\"name\":\"Portada\",\"item\":\"https:\\\/\\\/clece.es\\\/es\\\/\"},{\"@type\":\"ListItem\",\"position\":2,\"name\":\"Sobre nosaltres\",\"item\":\"https:\\\/\\\/clece.es\\\/ca\\\/sobre-nosaltres\\\/\"},{\"@type\":\"ListItem\",\"position\":3,\"name\":\"Comunicaci\u00f3\",\"item\":\"https:\\\/\\\/clece.es\\\/gl\\\/conecenos\\\/comunicacion\\\/\"},{\"@type\":\"ListItem\",\"position\":4,\"name\":\"Esdeveniments\",\"item\":\"https:\\\/\\\/clece.es\\\/gl\\\/conecenos\\\/comunicacion\\\/eventos\\\/\"},{\"@type\":\"ListItem\",\"position\":5,\"name\":\"VIII F\u00f2rum per la Integraci\u00f3\"}]},{\"@type\":\"WebSite\",\"@id\":\"https:\\\/\\\/clece.es\\\/es\\\/#website\",\"url\":\"https:\\\/\\\/clece.es\\\/es\\\/\",\"name\":\"Clece\",\"description\":\"\",\"publisher\":{\"@id\":\"https:\\\/\\\/clece.es\\\/es\\\/#organization\"},\"potentialAction\":[{\"@type\":\"SearchAction\",\"target\":{\"@type\":\"EntryPoint\",\"urlTemplate\":\"https:\\\/\\\/clece.es\\\/es\\\/?s={search_term_string}\"},\"query-input\":{\"@type\":\"PropertyValueSpecification\",\"valueRequired\":true,\"valueName\":\"search_term_string\"}}],\"inLanguage\":\"ca\"},{\"@type\":\"Organization\",\"@id\":\"https:\\\/\\\/clece.es\\\/es\\\/#organization\",\"name\":\"Grupo Clece\",\"url\":\"https:\\\/\\\/clece.es\\\/es\\\/\",\"logo\":{\"@type\":\"ImageObject\",\"inLanguage\":\"ca\",\"@id\":\"https:\\\/\\\/clece.es\\\/es\\\/#\\\/schema\\\/logo\\\/image\\\/\",\"url\":\"https:\\\/\\\/sitio2.utopiasl.eu\\\/wp-content\\\/uploads\\\/2024\\\/10\\\/Logotipos_filiales_Clece_logotipo.png\",\"contentUrl\":\"https:\\\/\\\/sitio2.utopiasl.eu\\\/wp-content\\\/uploads\\\/2024\\\/10\\\/Logotipos_filiales_Clece_logotipo.png\",\"width\":5000,\"height\":5000,\"caption\":\"Grupo Clece\"},\"image\":{\"@id\":\"https:\\\/\\\/clece.es\\\/es\\\/#\\\/schema\\\/logo\\\/image\\\/\"},\"sameAs\":[\"https:\\\/\\\/www.facebook.com\\\/CleceSociedadAnonima\\\/\",\"https:\\\/\\\/x.com\\\/Clece_\",\"https:\\\/\\\/www.linkedin.com\\\/company\\\/clece-sa\\\/\"]}]}<\/script>\n<!-- \/ Yoast SEO plugin. -->","yoast_head_json":{"title":"VIII F\u00f2rum per la Integraci\u00f3 | Clece","description":"Vuit\u00e8 F\u00f2rum per la Integraci\u00f3 de Clece. Sota el lema \u201cParlem d\u2019inclusi\u00f3 laboral?\u201d, l\u2019esdeveniment celebrat a Santander incideix en l\u2019exig\u00e8ncia de crear lla\u00e7os entre el sector privat i l\u2019Administraci\u00f3 P\u00fablica en aquest \u00e0mbit.","robots":{"index":"index","follow":"follow","max-snippet":"max-snippet:-1","max-image-preview":"max-image-preview:large","max-video-preview":"max-video-preview:-1"},"canonical":"https:\/\/clece.es\/gl\/conecenos\/comunicacion\/eventos\/viii-foro-pola-integracion\/","og_locale":"ca_ES","og_type":"article","og_title":"VIII F\u00f2rum per la Integraci\u00f3 | Clece","og_description":"Vuit\u00e8 F\u00f2rum per la Integraci\u00f3 de Clece. Sota el lema \u201cParlem d\u2019inclusi\u00f3 laboral?\u201d, l\u2019esdeveniment celebrat a Santander incideix en l\u2019exig\u00e8ncia de crear lla\u00e7os entre el sector privat i l\u2019Administraci\u00f3 P\u00fablica en aquest \u00e0mbit.","og_url":"https:\/\/clece.es\/gl\/conecenos\/comunicacion\/eventos\/viii-foro-pola-integracion\/","og_site_name":"Clece","article_publisher":"https:\/\/www.facebook.com\/CleceSociedadAnonima\/","article_modified_time":"2025-01-28T09:12:37+00:00","og_image":[{"url":"http:\/\/sitio2.utopiasl.eu\/wp-content\/uploads\/2024\/10\/VIIIForo-1-1024x461.jpg","type":"","width":"","height":""}],"twitter_card":"summary_large_image","twitter_site":"@Clece_","twitter_misc":{"Temps estimat de lectura":"5 minuts"},"schema":{"@context":"https:\/\/schema.org","@graph":[{"@type":"WebPage","@id":"https:\/\/clece.es\/gl\/conecenos\/comunicacion\/eventos\/viii-foro-pola-integracion\/","url":"https:\/\/clece.es\/gl\/conecenos\/comunicacion\/eventos\/viii-foro-pola-integracion\/","name":"VIII F\u00f2rum per la Integraci\u00f3 | Clece","isPartOf":{"@id":"https:\/\/clece.es\/es\/#website"},"primaryImageOfPage":{"@id":"https:\/\/clece.es\/gl\/conecenos\/comunicacion\/eventos\/viii-foro-pola-integracion\/#primaryimage"},"image":{"@id":"https:\/\/clece.es\/gl\/conecenos\/comunicacion\/eventos\/viii-foro-pola-integracion\/#primaryimage"},"thumbnailUrl":"http:\/\/sitio2.utopiasl.eu\/wp-content\/uploads\/2024\/10\/VIIIForo-1-1024x461.jpg","datePublished":"2024-10-23T13:27:33+00:00","dateModified":"2025-01-28T09:12:37+00:00","description":"Vuit\u00e8 F\u00f2rum per la Integraci\u00f3 de Clece. Sota el lema \u201cParlem d\u2019inclusi\u00f3 laboral?\u201d, l\u2019esdeveniment celebrat a Santander incideix en l\u2019exig\u00e8ncia de crear lla\u00e7os entre el sector privat i l\u2019Administraci\u00f3 P\u00fablica en aquest \u00e0mbit.","breadcrumb":{"@id":"https:\/\/clece.es\/gl\/conecenos\/comunicacion\/eventos\/viii-foro-pola-integracion\/#breadcrumb"},"inLanguage":"ca","potentialAction":[{"@type":"ReadAction","target":["https:\/\/clece.es\/gl\/conecenos\/comunicacion\/eventos\/viii-foro-pola-integracion\/"]}]},{"@type":"ImageObject","inLanguage":"ca","@id":"https:\/\/clece.es\/gl\/conecenos\/comunicacion\/eventos\/viii-foro-pola-integracion\/#primaryimage","url":"http:\/\/sitio2.utopiasl.eu\/wp-content\/uploads\/2024\/10\/VIIIForo-1-1024x461.jpg","contentUrl":"http:\/\/sitio2.utopiasl.eu\/wp-content\/uploads\/2024\/10\/VIIIForo-1-1024x461.jpg"},{"@type":"BreadcrumbList","@id":"https:\/\/clece.es\/gl\/conecenos\/comunicacion\/eventos\/viii-foro-pola-integracion\/#breadcrumb","itemListElement":[{"@type":"ListItem","position":1,"name":"Portada","item":"https:\/\/clece.es\/es\/"},{"@type":"ListItem","position":2,"name":"Sobre nosaltres","item":"https:\/\/clece.es\/ca\/sobre-nosaltres\/"},{"@type":"ListItem","position":3,"name":"Comunicaci\u00f3","item":"https:\/\/clece.es\/gl\/conecenos\/comunicacion\/"},{"@type":"ListItem","position":4,"name":"Esdeveniments","item":"https:\/\/clece.es\/gl\/conecenos\/comunicacion\/eventos\/"},{"@type":"ListItem","position":5,"name":"VIII F\u00f2rum per la Integraci\u00f3"}]},{"@type":"WebSite","@id":"https:\/\/clece.es\/es\/#website","url":"https:\/\/clece.es\/es\/","name":"Clece","description":"","publisher":{"@id":"https:\/\/clece.es\/es\/#organization"},"potentialAction":[{"@type":"SearchAction","target":{"@type":"EntryPoint","urlTemplate":"https:\/\/clece.es\/es\/?s={search_term_string}"},"query-input":{"@type":"PropertyValueSpecification","valueRequired":true,"valueName":"search_term_string"}}],"inLanguage":"ca"},{"@type":"Organization","@id":"https:\/\/clece.es\/es\/#organization","name":"Grupo Clece","url":"https:\/\/clece.es\/es\/","logo":{"@type":"ImageObject","inLanguage":"ca","@id":"https:\/\/clece.es\/es\/#\/schema\/logo\/image\/","url":"https:\/\/sitio2.utopiasl.eu\/wp-content\/uploads\/2024\/10\/Logotipos_filiales_Clece_logotipo.png","contentUrl":"https:\/\/sitio2.utopiasl.eu\/wp-content\/uploads\/2024\/10\/Logotipos_filiales_Clece_logotipo.png","width":5000,"height":5000,"caption":"Grupo Clece"},"image":{"@id":"https:\/\/clece.es\/es\/#\/schema\/logo\/image\/"},"sameAs":["https:\/\/www.facebook.com\/CleceSociedadAnonima\/","https:\/\/x.com\/Clece_","https:\/\/www.linkedin.com\/company\/clece-sa\/"]}]}},"_links":{"self":[{"href":"https:\/\/clece.es\/ca\/wp-json\/wp\/v2\/pages\/145764","targetHints":{"allow":["GET"]}}],"collection":[{"href":"https:\/\/clece.es\/ca\/wp-json\/wp\/v2\/pages"}],"about":[{"href":"https:\/\/clece.es\/ca\/wp-json\/wp\/v2\/types\/page"}],"author":[{"embeddable":true,"href":"https:\/\/clece.es\/ca\/wp-json\/wp\/v2\/users\/2"}],"replies":[{"embeddable":true,"href":"https:\/\/clece.es\/ca\/wp-json\/wp\/v2\/comments?post=145764"}],"version-history":[{"count":7,"href":"https:\/\/clece.es\/ca\/wp-json\/wp\/v2\/pages\/145764\/revisions"}],"predecessor-version":[{"id":146417,"href":"https:\/\/clece.es\/ca\/wp-json\/wp\/v2\/pages\/145764\/revisions\/146417"}],"up":[{"embeddable":true,"href":"https:\/\/clece.es\/ca\/wp-json\/wp\/v2\/pages\/145731"}],"wp:attachment":[{"href":"https:\/\/clece.es\/ca\/wp-json\/wp\/v2\/media?parent=145764"}],"curies":[{"name":"wp","href":"https:\/\/api.w.org\/{rel}","templated":true}]}}