{"id":145910,"date":"2024-09-17T10:13:34","date_gmt":"2024-09-17T10:13:34","guid":{"rendered":"https:\/\/sitio2.utopiasl.eu\/?page_id=145910"},"modified":"2025-09-11T10:33:48","modified_gmt":"2025-09-11T10:33:48","slug":"innovacio","status":"publish","type":"page","link":"https:\/\/clece.es\/ca\/innovacio\/","title":{"rendered":"Innovaci\u00f3"},"content":{"rendered":"\t\t<div data-elementor-type=\"wp-page\" data-elementor-id=\"145910\" class=\"elementor elementor-145910 elementor-73\" data-elementor-post-type=\"page\">\n\t\t\t\t<div class=\"elementor-element elementor-element-56c0203 e-con-full e-flex e-con e-parent\" data-id=\"56c0203\" data-element_type=\"container\" data-e-type=\"container\" data-settings=\"{&quot;background_background&quot;:&quot;classic&quot;}\">\n\t\t<div class=\"elementor-element elementor-element-756d0fd e-con-full e-flex e-con e-child\" data-id=\"756d0fd\" data-element_type=\"container\" data-e-type=\"container\">\n\t\t<div class=\"elementor-element elementor-element-8286db4 e-con-full e-flex e-con e-child\" data-id=\"8286db4\" data-element_type=\"container\" data-e-type=\"container\">\n\t\t\t\t<div class=\"elementor-element elementor-element-7d190d1 elementor-widget elementor-widget-heading\" data-id=\"7d190d1\" data-element_type=\"widget\" data-e-type=\"widget\" data-widget_type=\"heading.default\">\n\t\t\t\t<div class=\"elementor-widget-container\">\n\t\t\t\t\t<h2 class=\"elementor-heading-title elementor-size-default\">INNOVACI\u00d3<\/h2>\t\t\t\t<\/div>\n\t\t\t\t<\/div>\n\t\t\t\t<div class=\"elementor-element elementor-element-94bd6ed elementor-widget elementor-widget-heading\" data-id=\"94bd6ed\" data-element_type=\"widget\" data-e-type=\"widget\" data-widget_type=\"heading.default\">\n\t\t\t\t<div class=\"elementor-widget-container\">\n\t\t\t\t\t<h2 class=\"elementor-heading-title elementor-size-default\">A l\u2019avantguarda del sector<\/h2>\t\t\t\t<\/div>\n\t\t\t\t<\/div>\n\t\t\t\t<div class=\"elementor-element elementor-element-8b8252c elementor-widget elementor-widget-text-editor\" data-id=\"8b8252c\" data-element_type=\"widget\" data-e-type=\"widget\" data-widget_type=\"text-editor.default\">\n\t\t\t\t<div class=\"elementor-widget-container\">\n\t\t\t\t\t\t\t\t\t<p>Tota l\u2019activitat de Clece es complementa amb solucions innovadores des d\u2019un doble vessant: social i tecnol\u00f2gic. Per fer-ho comptem amb CleceLab, una unitat especialitzada per al desenvolupament de projectes i cont\u00ednuament al corrent de les \u00faltimes tend\u00e8ncies per incorporar-les tant als seus propis processos com a les solucions adaptades a les necessitats de cada servei.<\/p>\t\t\t\t\t\t\t\t<\/div>\n\t\t\t\t<\/div>\n\t\t\t\t<\/div>\n\t\t\t\t<\/div>\n\t\t<div class=\"elementor-element elementor-element-5a1d908 e-con-full e-flex e-con e-child\" data-id=\"5a1d908\" data-element_type=\"container\" data-e-type=\"container\" data-settings=\"{&quot;background_background&quot;:&quot;classic&quot;}\">\n\t\t\t\t<\/div>\n\t\t\t\t<\/div>\n\t\t<div class=\"elementor-element elementor-element-a2f6625 e-grid e-con-boxed e-con e-parent\" data-id=\"a2f6625\" data-element_type=\"container\" data-e-type=\"container\">\n\t\t\t\t\t<div class=\"e-con-inner\">\n\t\t<div class=\"elementor-element elementor-element-4762928 e-con-full e-flex e-con e-child\" data-id=\"4762928\" data-element_type=\"container\" data-e-type=\"container\" data-settings=\"{&quot;background_background&quot;:&quot;classic&quot;}\">\n\t\t<div class=\"elementor-element elementor-element-60f6a90 e-con-full e-flex e-con e-child\" data-id=\"60f6a90\" data-element_type=\"container\" data-e-type=\"container\" data-settings=\"{&quot;background_background&quot;:&quot;classic&quot;}\">\n\t\t\t\t<\/div>\n\t\t<div class=\"elementor-element elementor-element-b8965d3 e-con-full e-flex e-con e-child\" data-id=\"b8965d3\" data-element_type=\"container\" data-e-type=\"container\">\n\t\t\t\t<div class=\"elementor-element elementor-element-7c0fc74 elementor-widget elementor-widget-heading\" data-id=\"7c0fc74\" data-element_type=\"widget\" data-e-type=\"widget\" data-widget_type=\"heading.default\">\n\t\t\t\t<div class=\"elementor-widget-container\">\n\t\t\t\t\t<h2 class=\"elementor-heading-title elementor-size-default\">Innovaci\u00f3 social<\/h2>\t\t\t\t<\/div>\n\t\t\t\t<\/div>\n\t\t\t\t<div class=\"elementor-element elementor-element-009a638 elementor-widget elementor-widget-text-editor\" data-id=\"009a638\" data-element_type=\"widget\" data-e-type=\"widget\" data-widget_type=\"text-editor.default\">\n\t\t\t\t<div class=\"elementor-widget-container\">\n\t\t\t\t\t\t\t\t\t<p>Ideem projectes pioners i originals per respondre a problemes seriosos de la societat.<\/p>\t\t\t\t\t\t\t\t<\/div>\n\t\t\t\t<\/div>\n\t\t\t\t<div class=\"elementor-element elementor-element-20ecf0b elementor-widget elementor-widget-button-arrow-widget\" data-id=\"20ecf0b\" data-element_type=\"widget\" data-e-type=\"widget\" data-widget_type=\"button-arrow-widget.default\">\n\t\t\t\t<div class=\"elementor-widget-container\">\n\t\t\t\t\t\n        <div class=\"button-arrow-widget-container widget-69dd258d500da\">\n            <a\n                href=\"\/ca\/innovacio\/innovacio-social\/\"\n                class=\"button-arrow\"\n                href=\"\/ca\/innovacio\/innovacio-social\/\">\n                <div class=\"btn-icon\">\n                                    <\/div>\n                <span class=\"btn-text\">M\u00e9s informaci\u00f3<\/span>\n                <div class=\"icon\"><\/div>\n            <\/a>\n        <\/div>\n\n\t\t\t\t<\/div>\n\t\t\t\t<\/div>\n\t\t\t\t<\/div>\n\t\t\t\t<\/div>\n\t\t<div class=\"elementor-element elementor-element-1424ec6 e-con-full e-flex e-con e-child\" data-id=\"1424ec6\" data-element_type=\"container\" data-e-type=\"container\" data-settings=\"{&quot;background_background&quot;:&quot;classic&quot;}\">\n\t\t<div class=\"elementor-element elementor-element-2d94f23 e-con-full e-flex e-con e-child\" data-id=\"2d94f23\" data-element_type=\"container\" data-e-type=\"container\" data-settings=\"{&quot;background_background&quot;:&quot;classic&quot;}\">\n\t\t\t\t<\/div>\n\t\t<div class=\"elementor-element elementor-element-8569e57 e-con-full e-flex e-con e-child\" data-id=\"8569e57\" data-element_type=\"container\" data-e-type=\"container\">\n\t\t\t\t<div class=\"elementor-element elementor-element-52b3a9f elementor-widget elementor-widget-heading\" data-id=\"52b3a9f\" data-element_type=\"widget\" data-e-type=\"widget\" data-widget_type=\"heading.default\">\n\t\t\t\t<div class=\"elementor-widget-container\">\n\t\t\t\t\t<h2 class=\"elementor-heading-title elementor-size-default\">Innovaci\u00f3 tecnol\u00f2gica<\/h2>\t\t\t\t<\/div>\n\t\t\t\t<\/div>\n\t\t\t\t<div class=\"elementor-element elementor-element-e8a1427 elementor-widget elementor-widget-text-editor\" data-id=\"e8a1427\" data-element_type=\"widget\" data-e-type=\"widget\" data-widget_type=\"text-editor.default\">\n\t\t\t\t<div class=\"elementor-widget-container\">\n\t\t\t\t\t\t\t\t\t<p>Adaptem solucions a les necessitats dels nostres clients i de les persones usu\u00e0ries dels serveis que prestem.<\/p>\t\t\t\t\t\t\t\t<\/div>\n\t\t\t\t<\/div>\n\t\t\t\t<div class=\"elementor-element elementor-element-17767f5 elementor-widget elementor-widget-button-arrow-widget\" data-id=\"17767f5\" data-element_type=\"widget\" data-e-type=\"widget\" data-widget_type=\"button-arrow-widget.default\">\n\t\t\t\t<div class=\"elementor-widget-container\">\n\t\t\t\t\t\n        <div class=\"button-arrow-widget-container widget-69dd258d51064\">\n            <a\n                href=\"\/ca\/innovacio\/innovacio-tecnologica\/\"\n                class=\"button-arrow\"\n                href=\"\/ca\/innovacio\/innovacio-tecnologica\/\">\n                <div class=\"btn-icon\">\n                                    <\/div>\n                <span class=\"btn-text\">M\u00e9s informaci\u00f3<\/span>\n                <div class=\"icon\"><\/div>\n            <\/a>\n        <\/div>\n\n\t\t\t\t<\/div>\n\t\t\t\t<\/div>\n\t\t\t\t<\/div>\n\t\t\t\t<\/div>\n\t\t\t\t\t<\/div>\n\t\t\t\t<\/div>\n\t\t\t\t<\/div>\n\t\t","protected":false},"excerpt":{"rendered":"<p>INNOVACI\u00d3 A l\u2019avantguarda del sector Tota l\u2019activitat de Clece es complementa amb solucions innovadores des d\u2019un doble vessant: social i tecnol\u00f2gic. Per fer-ho comptem amb CleceLab, una unitat especialitzada per al desenvolupament de projectes i cont\u00ednuament al corrent de les \u00faltimes tend\u00e8ncies per incorporar-les tant als seus propis processos com a les solucions adaptades a [&hellip;]<\/p>\n","protected":false},"author":2,"featured_media":0,"parent":0,"menu_order":0,"comment_status":"closed","ping_status":"closed","template":"","meta":{"_acf_changed":false,"footnotes":""},"class_list":["post-145910","page","type-page","status-publish","hentry"],"acf":[],"yoast_head":"<!-- This site is optimized with the Yoast SEO plugin v27.3 - https:\/\/yoast.com\/product\/yoast-seo-wordpress\/ -->\n<title>Innovaci\u00f3 d\u2019avantguarda en cada sector | Clece<\/title>\n<meta name=\"description\" content=\"Oferim solucions innovadores amb un enfocament social i tecnol\u00f2gic, adaptades a les necessitats de cada servei. CleceLab, a l\u2019avantguarda del sector, \u00e9s la nostra unitat de desenvolupament de projectes amb les \u00faltimes tend\u00e8ncies.\" \/>\n<meta name=\"robots\" content=\"index, follow, max-snippet:-1, max-image-preview:large, max-video-preview:-1\" \/>\n<link rel=\"canonical\" href=\"https:\/\/clece.es\/ca\/innovacio\/\" \/>\n<meta property=\"og:locale\" content=\"ca_ES\" \/>\n<meta property=\"og:type\" content=\"article\" \/>\n<meta property=\"og:title\" content=\"Innovaci\u00f3 d\u2019avantguarda en cada sector | Clece\" \/>\n<meta property=\"og:description\" content=\"Oferim solucions innovadores amb un enfocament social i tecnol\u00f2gic, adaptades a les necessitats de cada servei. CleceLab, a l\u2019avantguarda del sector, \u00e9s la nostra unitat de desenvolupament de projectes amb les \u00faltimes tend\u00e8ncies.\" \/>\n<meta property=\"og:url\" content=\"https:\/\/clece.es\/ca\/innovacio\/\" \/>\n<meta property=\"og:site_name\" content=\"Clece\" \/>\n<meta property=\"article:publisher\" content=\"https:\/\/www.facebook.com\/CleceSociedadAnonima\/\" \/>\n<meta property=\"article:modified_time\" content=\"2025-09-11T10:33:48+00:00\" \/>\n<meta property=\"og:image\" content=\"https:\/\/clece.es\/wp-content\/uploads\/2024\/11\/SIG_Innovacion_350x300px_Clece.jpg\" \/>\n\t<meta property=\"og:image:width\" content=\"350\" \/>\n\t<meta property=\"og:image:height\" content=\"300\" \/>\n\t<meta property=\"og:image:type\" content=\"image\/jpeg\" \/>\n<meta name=\"twitter:card\" content=\"summary_large_image\" \/>\n<meta name=\"twitter:title\" content=\"Innovaci\u00f3 d\u2019avantguarda en cada sector | Clece\" \/>\n<meta name=\"twitter:description\" content=\"Oferim solucions innovadores amb un enfocament social i tecnol\u00f2gic, adaptades a les necessitats de cada servei. CleceLab, a l\u2019avantguarda del sector, \u00e9s la nostra unitat de desenvolupament de projectes amb les \u00faltimes tend\u00e8ncies.\" \/>\n<meta name=\"twitter:image\" content=\"https:\/\/clece.es\/wp-content\/uploads\/2024\/11\/SIG_Innovacion_350x300px_Clece.jpg\" \/>\n<meta name=\"twitter:site\" content=\"@Clece_\" \/>\n<meta name=\"twitter:label1\" content=\"Temps estimat de lectura\" \/>\n\t<meta name=\"twitter:data1\" content=\"1 minut\" \/>\n<script type=\"application\/ld+json\" class=\"yoast-schema-graph\">{\"@context\":\"https:\\\/\\\/schema.org\",\"@graph\":[{\"@type\":\"WebPage\",\"@id\":\"https:\\\/\\\/clece.es\\\/ca\\\/innovacio\\\/\",\"url\":\"https:\\\/\\\/clece.es\\\/ca\\\/innovacio\\\/\",\"name\":\"Innovaci\u00f3 d\u2019avantguarda en cada sector | Clece\",\"isPartOf\":{\"@id\":\"https:\\\/\\\/clece.es\\\/es\\\/#website\"},\"datePublished\":\"2024-09-17T10:13:34+00:00\",\"dateModified\":\"2025-09-11T10:33:48+00:00\",\"description\":\"Oferim solucions innovadores amb un enfocament social i tecnol\u00f2gic, adaptades a les necessitats de cada servei. CleceLab, a l\u2019avantguarda del sector, \u00e9s la nostra unitat de desenvolupament de projectes amb les \u00faltimes tend\u00e8ncies.\",\"breadcrumb\":{\"@id\":\"https:\\\/\\\/clece.es\\\/ca\\\/innovacio\\\/#breadcrumb\"},\"inLanguage\":\"ca\",\"potentialAction\":[{\"@type\":\"ReadAction\",\"target\":[\"https:\\\/\\\/clece.es\\\/ca\\\/innovacio\\\/\"]}]},{\"@type\":\"BreadcrumbList\",\"@id\":\"https:\\\/\\\/clece.es\\\/ca\\\/innovacio\\\/#breadcrumb\",\"itemListElement\":[{\"@type\":\"ListItem\",\"position\":1,\"name\":\"Portada\",\"item\":\"https:\\\/\\\/clece.es\\\/es\\\/\"},{\"@type\":\"ListItem\",\"position\":2,\"name\":\"Innovaci\u00f3\"}]},{\"@type\":\"WebSite\",\"@id\":\"https:\\\/\\\/clece.es\\\/es\\\/#website\",\"url\":\"https:\\\/\\\/clece.es\\\/es\\\/\",\"name\":\"Clece\",\"description\":\"\",\"publisher\":{\"@id\":\"https:\\\/\\\/clece.es\\\/es\\\/#organization\"},\"potentialAction\":[{\"@type\":\"SearchAction\",\"target\":{\"@type\":\"EntryPoint\",\"urlTemplate\":\"https:\\\/\\\/clece.es\\\/es\\\/?s={search_term_string}\"},\"query-input\":{\"@type\":\"PropertyValueSpecification\",\"valueRequired\":true,\"valueName\":\"search_term_string\"}}],\"inLanguage\":\"ca\"},{\"@type\":\"Organization\",\"@id\":\"https:\\\/\\\/clece.es\\\/es\\\/#organization\",\"name\":\"Grupo Clece\",\"url\":\"https:\\\/\\\/clece.es\\\/es\\\/\",\"logo\":{\"@type\":\"ImageObject\",\"inLanguage\":\"ca\",\"@id\":\"https:\\\/\\\/clece.es\\\/es\\\/#\\\/schema\\\/logo\\\/image\\\/\",\"url\":\"https:\\\/\\\/sitio2.utopiasl.eu\\\/wp-content\\\/uploads\\\/2024\\\/10\\\/Logotipos_filiales_Clece_logotipo.png\",\"contentUrl\":\"https:\\\/\\\/sitio2.utopiasl.eu\\\/wp-content\\\/uploads\\\/2024\\\/10\\\/Logotipos_filiales_Clece_logotipo.png\",\"width\":5000,\"height\":5000,\"caption\":\"Grupo Clece\"},\"image\":{\"@id\":\"https:\\\/\\\/clece.es\\\/es\\\/#\\\/schema\\\/logo\\\/image\\\/\"},\"sameAs\":[\"https:\\\/\\\/www.facebook.com\\\/CleceSociedadAnonima\\\/\",\"https:\\\/\\\/x.com\\\/Clece_\",\"https:\\\/\\\/www.linkedin.com\\\/company\\\/clece-sa\\\/\"]}]}<\/script>\n<!-- \/ Yoast SEO plugin. -->","yoast_head_json":{"title":"Innovaci\u00f3 d\u2019avantguarda en cada sector | Clece","description":"Oferim solucions innovadores amb un enfocament social i tecnol\u00f2gic, adaptades a les necessitats de cada servei. CleceLab, a l\u2019avantguarda del sector, \u00e9s la nostra unitat de desenvolupament de projectes amb les \u00faltimes tend\u00e8ncies.","robots":{"index":"index","follow":"follow","max-snippet":"max-snippet:-1","max-image-preview":"max-image-preview:large","max-video-preview":"max-video-preview:-1"},"canonical":"https:\/\/clece.es\/ca\/innovacio\/","og_locale":"ca_ES","og_type":"article","og_title":"Innovaci\u00f3 d\u2019avantguarda en cada sector | Clece","og_description":"Oferim solucions innovadores amb un enfocament social i tecnol\u00f2gic, adaptades a les necessitats de cada servei. CleceLab, a l\u2019avantguarda del sector, \u00e9s la nostra unitat de desenvolupament de projectes amb les \u00faltimes tend\u00e8ncies.","og_url":"https:\/\/clece.es\/ca\/innovacio\/","og_site_name":"Clece","article_publisher":"https:\/\/www.facebook.com\/CleceSociedadAnonima\/","article_modified_time":"2025-09-11T10:33:48+00:00","og_image":[{"width":350,"height":300,"url":"https:\/\/clece.es\/wp-content\/uploads\/2024\/11\/SIG_Innovacion_350x300px_Clece.jpg","type":"image\/jpeg"}],"twitter_card":"summary_large_image","twitter_title":"Innovaci\u00f3 d\u2019avantguarda en cada sector | Clece","twitter_description":"Oferim solucions innovadores amb un enfocament social i tecnol\u00f2gic, adaptades a les necessitats de cada servei. CleceLab, a l\u2019avantguarda del sector, \u00e9s la nostra unitat de desenvolupament de projectes amb les \u00faltimes tend\u00e8ncies.","twitter_image":"https:\/\/clece.es\/wp-content\/uploads\/2024\/11\/SIG_Innovacion_350x300px_Clece.jpg","twitter_site":"@Clece_","twitter_misc":{"Temps estimat de lectura":"1 minut"},"schema":{"@context":"https:\/\/schema.org","@graph":[{"@type":"WebPage","@id":"https:\/\/clece.es\/ca\/innovacio\/","url":"https:\/\/clece.es\/ca\/innovacio\/","name":"Innovaci\u00f3 d\u2019avantguarda en cada sector | Clece","isPartOf":{"@id":"https:\/\/clece.es\/es\/#website"},"datePublished":"2024-09-17T10:13:34+00:00","dateModified":"2025-09-11T10:33:48+00:00","description":"Oferim solucions innovadores amb un enfocament social i tecnol\u00f2gic, adaptades a les necessitats de cada servei. CleceLab, a l\u2019avantguarda del sector, \u00e9s la nostra unitat de desenvolupament de projectes amb les \u00faltimes tend\u00e8ncies.","breadcrumb":{"@id":"https:\/\/clece.es\/ca\/innovacio\/#breadcrumb"},"inLanguage":"ca","potentialAction":[{"@type":"ReadAction","target":["https:\/\/clece.es\/ca\/innovacio\/"]}]},{"@type":"BreadcrumbList","@id":"https:\/\/clece.es\/ca\/innovacio\/#breadcrumb","itemListElement":[{"@type":"ListItem","position":1,"name":"Portada","item":"https:\/\/clece.es\/es\/"},{"@type":"ListItem","position":2,"name":"Innovaci\u00f3"}]},{"@type":"WebSite","@id":"https:\/\/clece.es\/es\/#website","url":"https:\/\/clece.es\/es\/","name":"Clece","description":"","publisher":{"@id":"https:\/\/clece.es\/es\/#organization"},"potentialAction":[{"@type":"SearchAction","target":{"@type":"EntryPoint","urlTemplate":"https:\/\/clece.es\/es\/?s={search_term_string}"},"query-input":{"@type":"PropertyValueSpecification","valueRequired":true,"valueName":"search_term_string"}}],"inLanguage":"ca"},{"@type":"Organization","@id":"https:\/\/clece.es\/es\/#organization","name":"Grupo Clece","url":"https:\/\/clece.es\/es\/","logo":{"@type":"ImageObject","inLanguage":"ca","@id":"https:\/\/clece.es\/es\/#\/schema\/logo\/image\/","url":"https:\/\/sitio2.utopiasl.eu\/wp-content\/uploads\/2024\/10\/Logotipos_filiales_Clece_logotipo.png","contentUrl":"https:\/\/sitio2.utopiasl.eu\/wp-content\/uploads\/2024\/10\/Logotipos_filiales_Clece_logotipo.png","width":5000,"height":5000,"caption":"Grupo Clece"},"image":{"@id":"https:\/\/clece.es\/es\/#\/schema\/logo\/image\/"},"sameAs":["https:\/\/www.facebook.com\/CleceSociedadAnonima\/","https:\/\/x.com\/Clece_","https:\/\/www.linkedin.com\/company\/clece-sa\/"]}]}},"_links":{"self":[{"href":"https:\/\/clece.es\/ca\/wp-json\/wp\/v2\/pages\/145910","targetHints":{"allow":["GET"]}}],"collection":[{"href":"https:\/\/clece.es\/ca\/wp-json\/wp\/v2\/pages"}],"about":[{"href":"https:\/\/clece.es\/ca\/wp-json\/wp\/v2\/types\/page"}],"author":[{"embeddable":true,"href":"https:\/\/clece.es\/ca\/wp-json\/wp\/v2\/users\/2"}],"replies":[{"embeddable":true,"href":"https:\/\/clece.es\/ca\/wp-json\/wp\/v2\/comments?post=145910"}],"version-history":[{"count":7,"href":"https:\/\/clece.es\/ca\/wp-json\/wp\/v2\/pages\/145910\/revisions"}],"predecessor-version":[{"id":146660,"href":"https:\/\/clece.es\/ca\/wp-json\/wp\/v2\/pages\/145910\/revisions\/146660"}],"wp:attachment":[{"href":"https:\/\/clece.es\/ca\/wp-json\/wp\/v2\/media?parent=145910"}],"curies":[{"name":"wp","href":"https:\/\/api.w.org\/{rel}","templated":true}]}}