{"id":145952,"date":"2024-09-23T10:10:20","date_gmt":"2024-09-23T10:10:20","guid":{"rendered":"https:\/\/sitio2.utopiasl.eu\/?page_id=145952"},"modified":"2025-01-28T09:41:05","modified_gmt":"2025-01-28T09:41:05","slug":"bon-govern","status":"publish","type":"page","link":"https:\/\/clece.es\/ca\/sostenibilitat\/bon-govern\/","title":{"rendered":"Sostenibilitat de bon govern"},"content":{"rendered":"\t\t<div data-elementor-type=\"wp-page\" data-elementor-id=\"145952\" class=\"elementor elementor-145952 elementor-900\" data-elementor-post-type=\"page\">\n\t\t\t\t<div class=\"elementor-element elementor-element-7dab549 e-con-full e-flex e-con e-parent\" data-id=\"7dab549\" data-element_type=\"container\" data-e-type=\"container\" data-settings=\"{&quot;background_background&quot;:&quot;classic&quot;}\">\n\t\t\t\t<\/div>\n\t\t<div class=\"elementor-element elementor-element-0eaf996 e-con-full e-flex e-con e-parent\" data-id=\"0eaf996\" data-element_type=\"container\" data-e-type=\"container\" data-settings=\"{&quot;background_background&quot;:&quot;classic&quot;}\">\n\t\t<div class=\"elementor-element elementor-element-45ce9b1 e-con-full e-flex e-con e-child\" data-id=\"45ce9b1\" data-element_type=\"container\" data-e-type=\"container\" data-settings=\"{&quot;background_background&quot;:&quot;classic&quot;}\">\n\t\t<div class=\"elementor-element elementor-element-2a0436c e-con-full e-flex e-con e-child\" data-id=\"2a0436c\" data-element_type=\"container\" data-e-type=\"container\">\n\t\t\t\t<div class=\"elementor-element elementor-element-5eaf4e6 elementor-widget elementor-widget-heading\" data-id=\"5eaf4e6\" data-element_type=\"widget\" data-e-type=\"widget\" data-widget_type=\"heading.default\">\n\t\t\t\t<div class=\"elementor-widget-container\">\n\t\t\t\t\t<h2 class=\"elementor-heading-title elementor-size-default\"><a href=\"\/ca\/sostenibilitat\/\">Sostenibilitat<\/a><\/h2>\t\t\t\t<\/div>\n\t\t\t\t<\/div>\n\t\t\t\t<div class=\"elementor-element elementor-element-00dad6e elementor-widget elementor-widget-heading\" data-id=\"00dad6e\" data-element_type=\"widget\" data-e-type=\"widget\" data-widget_type=\"heading.default\">\n\t\t\t\t<div class=\"elementor-widget-container\">\n\t\t\t\t\t<h2 class=\"elementor-heading-title elementor-size-default\">Bon govern<\/h2>\t\t\t\t<\/div>\n\t\t\t\t<\/div>\n\t\t\t\t<\/div>\n\t\t\t\t<div class=\"elementor-element elementor-element-77cdd3b elementor-widget elementor-widget-heading\" data-id=\"77cdd3b\" data-element_type=\"widget\" data-e-type=\"widget\" data-widget_type=\"heading.default\">\n\t\t\t\t<div class=\"elementor-widget-container\">\n\t\t\t\t\t<h2 class=\"elementor-heading-title elementor-size-default\">Compromesos amb els valors \u00e8tics i empresarials m\u00e9s elevats<\/h2>\t\t\t\t<\/div>\n\t\t\t\t<\/div>\n\t\t\t\t<div class=\"elementor-element elementor-element-4c2b952 elementor-widget elementor-widget-text-editor\" data-id=\"4c2b952\" data-element_type=\"widget\" data-e-type=\"widget\" data-widget_type=\"text-editor.default\">\n\t\t\t\t<div class=\"elementor-widget-container\">\n\t\t\t\t\t\t\t\t\t<p>El bon govern exerceix un paper fonamental a Clece perqu\u00e8 el nostre model de negoci sigui sostenible, ja que s\u2019encarrega de mantenir una estructura adequada de la direcci\u00f3 de la companyia, una \u00e8tica empresarial i de compliment irreprotxables, una bona gesti\u00f3 i la m\u00e0xima transpar\u00e8ncia.<\/p>\t\t\t\t\t\t\t\t<\/div>\n\t\t\t\t<\/div>\n\t\t\t\t<\/div>\n\t\t<div class=\"elementor-element elementor-element-67a3afe e-con-full e-flex e-con e-child\" data-id=\"67a3afe\" data-element_type=\"container\" data-e-type=\"container\" data-settings=\"{&quot;background_background&quot;:&quot;classic&quot;}\">\n\t\t<div class=\"elementor-element elementor-element-0b7e738 e-con-full e-flex e-con e-child\" data-id=\"0b7e738\" data-element_type=\"container\" data-e-type=\"container\">\n\t\t<div class=\"elementor-element elementor-element-b98eb58 e-grid e-con-full e-con e-child\" data-id=\"b98eb58\" data-element_type=\"container\" data-e-type=\"container\">\n\t\t<div class=\"elementor-element elementor-element-451a4c2 e-con-full e-flex e-con e-child\" data-id=\"451a4c2\" data-element_type=\"container\" data-e-type=\"container\">\n\t\t<div class=\"elementor-element elementor-element-20b92bb e-con-full e-flex e-con e-child\" data-id=\"20b92bb\" data-element_type=\"container\" data-e-type=\"container\" data-settings=\"{&quot;background_background&quot;:&quot;classic&quot;}\">\n\t\t\t\t<\/div>\n\t\t<div class=\"elementor-element elementor-element-fc79c33 e-con-full e-flex e-con e-child\" data-id=\"fc79c33\" data-element_type=\"container\" data-e-type=\"container\" data-settings=\"{&quot;background_background&quot;:&quot;classic&quot;}\">\n\t\t\t\t<div class=\"elementor-element elementor-element-0e3ef1a elementor-widget elementor-widget-heading\" data-id=\"0e3ef1a\" data-element_type=\"widget\" data-e-type=\"widget\" data-widget_type=\"heading.default\">\n\t\t\t\t<div class=\"elementor-widget-container\">\n\t\t\t\t\t<h2 class=\"elementor-heading-title elementor-size-default\">INTEGRITAT I CONDUCTA<\/h2>\t\t\t\t<\/div>\n\t\t\t\t<\/div>\n\t\t\t\t<\/div>\n\t\t<div class=\"elementor-element elementor-element-7cc2191 e-con-full e-flex e-con e-child\" data-id=\"7cc2191\" data-element_type=\"container\" data-e-type=\"container\" data-settings=\"{&quot;background_background&quot;:&quot;classic&quot;}\">\n\t\t\t\t<div class=\"elementor-element elementor-element-d72c014 elementor-widget elementor-widget-text-editor\" data-id=\"d72c014\" data-element_type=\"widget\" data-e-type=\"widget\" data-widget_type=\"text-editor.default\">\n\t\t\t\t<div class=\"elementor-widget-container\">\n\t\t\t\t\t\t\t\t\t<p>A Clece basem tota la nostra activitat en una cultura corporativa que va m\u00e9s enll\u00e0 de l\u2019estricte compliment de la llei. Es tracta d\u2019una manera d\u2019actuar que articula la relaci\u00f3 amb tots els nostres grups d\u2019inter\u00e8s, als quals tamb\u00e9 exigim un comportament irreprotxable per contribuir conjuntament, i de manera sostenible, al progr\u00e9s econ\u00f2mic i social.<\/p>\t\t\t\t\t\t\t\t<\/div>\n\t\t\t\t<\/div>\n\t\t\t\t<div class=\"elementor-element elementor-element-a026e5e elementor-widget elementor-widget-button-arrow-widget\" data-id=\"a026e5e\" data-element_type=\"widget\" data-e-type=\"widget\" data-widget_type=\"button-arrow-widget.default\">\n\t\t\t\t<div class=\"elementor-widget-container\">\n\t\t\t\t\t\n        <div class=\"button-arrow-widget-container widget-69dd26a771a2d\">\n            <a\n                href=\"\/ca\/sobre-nosaltres\/sistema-integrat-de-gestio\/integridad-y-conducta\/\"\n                class=\"button-arrow\"\n                href=\"\/ca\/sobre-nosaltres\/sistema-integrat-de-gestio\/integridad-y-conducta\/\">\n                <div class=\"btn-icon\">\n                                    <\/div>\n                <span class=\"btn-text\">M\u00e9s informaci\u00f3<\/span>\n                <div class=\"icon\"><\/div>\n            <\/a>\n        <\/div>\n\n\t\t\t\t<\/div>\n\t\t\t\t<\/div>\n\t\t\t\t<\/div>\n\t\t\t\t<\/div>\n\t\t\t\t<\/div>\n\t\t\t\t<\/div>\n\t\t\t\t<\/div>\n\t\t\t\t<\/div>\n\t\t\t\t<\/div>\n\t\t","protected":false},"excerpt":{"rendered":"<p>Sostenibilitat Bon govern Compromesos amb els valors \u00e8tics i empresarials m\u00e9s elevats El bon govern exerceix un paper fonamental a Clece perqu\u00e8 el nostre model de negoci sigui sostenible, ja que s\u2019encarrega de mantenir una estructura adequada de la direcci\u00f3 de la companyia, una \u00e8tica empresarial i de compliment irreprotxables, una bona gesti\u00f3 i la [&hellip;]<\/p>\n","protected":false},"author":2,"featured_media":0,"parent":145948,"menu_order":0,"comment_status":"closed","ping_status":"closed","template":"","meta":{"_acf_changed":false,"footnotes":""},"class_list":["post-145952","page","type-page","status-publish","hentry"],"acf":[],"yoast_head":"<!-- This site is optimized with the Yoast SEO plugin v27.3 - https:\/\/yoast.com\/product\/yoast-seo-wordpress\/ -->\n<title>Sostenibilitat de bon govern, integritat i conducta | Clece<\/title>\n<meta name=\"description\" content=\"La sostenibilitat de bon govern a Clece compr\u00e8n el comprom\u00eds amb els valors \u00e8tics i empresarials. La nostra cultura corporativa recull estrictes normes d\u2019integritat i conducta per a tota l\u2019organitzaci\u00f3.\" \/>\n<meta name=\"robots\" content=\"index, follow, max-snippet:-1, max-image-preview:large, max-video-preview:-1\" \/>\n<link rel=\"canonical\" href=\"https:\/\/clece.es\/ca\/sostenibilitat\/bon-govern\/\" \/>\n<meta property=\"og:locale\" content=\"ca_ES\" \/>\n<meta property=\"og:type\" content=\"article\" \/>\n<meta property=\"og:title\" content=\"Sostenibilitat de bon govern, integritat i conducta | Clece\" \/>\n<meta property=\"og:description\" content=\"La sostenibilitat de bon govern a Clece compr\u00e8n el comprom\u00eds amb els valors \u00e8tics i empresarials. La nostra cultura corporativa recull estrictes normes d\u2019integritat i conducta per a tota l\u2019organitzaci\u00f3.\" \/>\n<meta property=\"og:url\" content=\"https:\/\/clece.es\/ca\/sostenibilitat\/bon-govern\/\" \/>\n<meta property=\"og:site_name\" content=\"Clece\" \/>\n<meta property=\"article:publisher\" content=\"https:\/\/www.facebook.com\/CleceSociedadAnonima\/\" \/>\n<meta property=\"article:modified_time\" content=\"2025-01-28T09:41:05+00:00\" \/>\n<meta name=\"twitter:card\" content=\"summary_large_image\" \/>\n<meta name=\"twitter:site\" content=\"@Clece_\" \/>\n<meta name=\"twitter:label1\" content=\"Temps estimat de lectura\" \/>\n\t<meta name=\"twitter:data1\" content=\"1 minut\" \/>\n<script type=\"application\/ld+json\" class=\"yoast-schema-graph\">{\"@context\":\"https:\\\/\\\/schema.org\",\"@graph\":[{\"@type\":\"WebPage\",\"@id\":\"https:\\\/\\\/clece.es\\\/ca\\\/sostenibilitat\\\/bon-govern\\\/\",\"url\":\"https:\\\/\\\/clece.es\\\/ca\\\/sostenibilitat\\\/bon-govern\\\/\",\"name\":\"Sostenibilitat de bon govern, integritat i conducta | Clece\",\"isPartOf\":{\"@id\":\"https:\\\/\\\/clece.es\\\/es\\\/#website\"},\"datePublished\":\"2024-09-23T10:10:20+00:00\",\"dateModified\":\"2025-01-28T09:41:05+00:00\",\"description\":\"La sostenibilitat de bon govern a Clece compr\u00e8n el comprom\u00eds amb els valors \u00e8tics i empresarials. La nostra cultura corporativa recull estrictes normes d\u2019integritat i conducta per a tota l\u2019organitzaci\u00f3.\",\"breadcrumb\":{\"@id\":\"https:\\\/\\\/clece.es\\\/ca\\\/sostenibilitat\\\/bon-govern\\\/#breadcrumb\"},\"inLanguage\":\"ca\",\"potentialAction\":[{\"@type\":\"ReadAction\",\"target\":[\"https:\\\/\\\/clece.es\\\/ca\\\/sostenibilitat\\\/bon-govern\\\/\"]}]},{\"@type\":\"BreadcrumbList\",\"@id\":\"https:\\\/\\\/clece.es\\\/ca\\\/sostenibilitat\\\/bon-govern\\\/#breadcrumb\",\"itemListElement\":[{\"@type\":\"ListItem\",\"position\":1,\"name\":\"Portada\",\"item\":\"https:\\\/\\\/clece.es\\\/es\\\/\"},{\"@type\":\"ListItem\",\"position\":2,\"name\":\"Sostenibilitat\",\"item\":\"https:\\\/\\\/clece.es\\\/ca\\\/sostenibilitat\\\/\"},{\"@type\":\"ListItem\",\"position\":3,\"name\":\"Sostenibilitat de bon govern\"}]},{\"@type\":\"WebSite\",\"@id\":\"https:\\\/\\\/clece.es\\\/es\\\/#website\",\"url\":\"https:\\\/\\\/clece.es\\\/es\\\/\",\"name\":\"Clece\",\"description\":\"\",\"publisher\":{\"@id\":\"https:\\\/\\\/clece.es\\\/es\\\/#organization\"},\"potentialAction\":[{\"@type\":\"SearchAction\",\"target\":{\"@type\":\"EntryPoint\",\"urlTemplate\":\"https:\\\/\\\/clece.es\\\/es\\\/?s={search_term_string}\"},\"query-input\":{\"@type\":\"PropertyValueSpecification\",\"valueRequired\":true,\"valueName\":\"search_term_string\"}}],\"inLanguage\":\"ca\"},{\"@type\":\"Organization\",\"@id\":\"https:\\\/\\\/clece.es\\\/es\\\/#organization\",\"name\":\"Grupo Clece\",\"url\":\"https:\\\/\\\/clece.es\\\/es\\\/\",\"logo\":{\"@type\":\"ImageObject\",\"inLanguage\":\"ca\",\"@id\":\"https:\\\/\\\/clece.es\\\/es\\\/#\\\/schema\\\/logo\\\/image\\\/\",\"url\":\"https:\\\/\\\/sitio2.utopiasl.eu\\\/wp-content\\\/uploads\\\/2024\\\/10\\\/Logotipos_filiales_Clece_logotipo.png\",\"contentUrl\":\"https:\\\/\\\/sitio2.utopiasl.eu\\\/wp-content\\\/uploads\\\/2024\\\/10\\\/Logotipos_filiales_Clece_logotipo.png\",\"width\":5000,\"height\":5000,\"caption\":\"Grupo Clece\"},\"image\":{\"@id\":\"https:\\\/\\\/clece.es\\\/es\\\/#\\\/schema\\\/logo\\\/image\\\/\"},\"sameAs\":[\"https:\\\/\\\/www.facebook.com\\\/CleceSociedadAnonima\\\/\",\"https:\\\/\\\/x.com\\\/Clece_\",\"https:\\\/\\\/www.linkedin.com\\\/company\\\/clece-sa\\\/\"]}]}<\/script>\n<!-- \/ Yoast SEO plugin. -->","yoast_head_json":{"title":"Sostenibilitat de bon govern, integritat i conducta | Clece","description":"La sostenibilitat de bon govern a Clece compr\u00e8n el comprom\u00eds amb els valors \u00e8tics i empresarials. La nostra cultura corporativa recull estrictes normes d\u2019integritat i conducta per a tota l\u2019organitzaci\u00f3.","robots":{"index":"index","follow":"follow","max-snippet":"max-snippet:-1","max-image-preview":"max-image-preview:large","max-video-preview":"max-video-preview:-1"},"canonical":"https:\/\/clece.es\/ca\/sostenibilitat\/bon-govern\/","og_locale":"ca_ES","og_type":"article","og_title":"Sostenibilitat de bon govern, integritat i conducta | Clece","og_description":"La sostenibilitat de bon govern a Clece compr\u00e8n el comprom\u00eds amb els valors \u00e8tics i empresarials. La nostra cultura corporativa recull estrictes normes d\u2019integritat i conducta per a tota l\u2019organitzaci\u00f3.","og_url":"https:\/\/clece.es\/ca\/sostenibilitat\/bon-govern\/","og_site_name":"Clece","article_publisher":"https:\/\/www.facebook.com\/CleceSociedadAnonima\/","article_modified_time":"2025-01-28T09:41:05+00:00","twitter_card":"summary_large_image","twitter_site":"@Clece_","twitter_misc":{"Temps estimat de lectura":"1 minut"},"schema":{"@context":"https:\/\/schema.org","@graph":[{"@type":"WebPage","@id":"https:\/\/clece.es\/ca\/sostenibilitat\/bon-govern\/","url":"https:\/\/clece.es\/ca\/sostenibilitat\/bon-govern\/","name":"Sostenibilitat de bon govern, integritat i conducta | Clece","isPartOf":{"@id":"https:\/\/clece.es\/es\/#website"},"datePublished":"2024-09-23T10:10:20+00:00","dateModified":"2025-01-28T09:41:05+00:00","description":"La sostenibilitat de bon govern a Clece compr\u00e8n el comprom\u00eds amb els valors \u00e8tics i empresarials. La nostra cultura corporativa recull estrictes normes d\u2019integritat i conducta per a tota l\u2019organitzaci\u00f3.","breadcrumb":{"@id":"https:\/\/clece.es\/ca\/sostenibilitat\/bon-govern\/#breadcrumb"},"inLanguage":"ca","potentialAction":[{"@type":"ReadAction","target":["https:\/\/clece.es\/ca\/sostenibilitat\/bon-govern\/"]}]},{"@type":"BreadcrumbList","@id":"https:\/\/clece.es\/ca\/sostenibilitat\/bon-govern\/#breadcrumb","itemListElement":[{"@type":"ListItem","position":1,"name":"Portada","item":"https:\/\/clece.es\/es\/"},{"@type":"ListItem","position":2,"name":"Sostenibilitat","item":"https:\/\/clece.es\/ca\/sostenibilitat\/"},{"@type":"ListItem","position":3,"name":"Sostenibilitat de bon govern"}]},{"@type":"WebSite","@id":"https:\/\/clece.es\/es\/#website","url":"https:\/\/clece.es\/es\/","name":"Clece","description":"","publisher":{"@id":"https:\/\/clece.es\/es\/#organization"},"potentialAction":[{"@type":"SearchAction","target":{"@type":"EntryPoint","urlTemplate":"https:\/\/clece.es\/es\/?s={search_term_string}"},"query-input":{"@type":"PropertyValueSpecification","valueRequired":true,"valueName":"search_term_string"}}],"inLanguage":"ca"},{"@type":"Organization","@id":"https:\/\/clece.es\/es\/#organization","name":"Grupo Clece","url":"https:\/\/clece.es\/es\/","logo":{"@type":"ImageObject","inLanguage":"ca","@id":"https:\/\/clece.es\/es\/#\/schema\/logo\/image\/","url":"https:\/\/sitio2.utopiasl.eu\/wp-content\/uploads\/2024\/10\/Logotipos_filiales_Clece_logotipo.png","contentUrl":"https:\/\/sitio2.utopiasl.eu\/wp-content\/uploads\/2024\/10\/Logotipos_filiales_Clece_logotipo.png","width":5000,"height":5000,"caption":"Grupo Clece"},"image":{"@id":"https:\/\/clece.es\/es\/#\/schema\/logo\/image\/"},"sameAs":["https:\/\/www.facebook.com\/CleceSociedadAnonima\/","https:\/\/x.com\/Clece_","https:\/\/www.linkedin.com\/company\/clece-sa\/"]}]}},"_links":{"self":[{"href":"https:\/\/clece.es\/ca\/wp-json\/wp\/v2\/pages\/145952","targetHints":{"allow":["GET"]}}],"collection":[{"href":"https:\/\/clece.es\/ca\/wp-json\/wp\/v2\/pages"}],"about":[{"href":"https:\/\/clece.es\/ca\/wp-json\/wp\/v2\/types\/page"}],"author":[{"embeddable":true,"href":"https:\/\/clece.es\/ca\/wp-json\/wp\/v2\/users\/2"}],"replies":[{"embeddable":true,"href":"https:\/\/clece.es\/ca\/wp-json\/wp\/v2\/comments?post=145952"}],"version-history":[{"count":7,"href":"https:\/\/clece.es\/ca\/wp-json\/wp\/v2\/pages\/145952\/revisions"}],"predecessor-version":[{"id":146761,"href":"https:\/\/clece.es\/ca\/wp-json\/wp\/v2\/pages\/145952\/revisions\/146761"}],"up":[{"embeddable":true,"href":"https:\/\/clece.es\/ca\/wp-json\/wp\/v2\/pages\/145948"}],"wp:attachment":[{"href":"https:\/\/clece.es\/ca\/wp-json\/wp\/v2\/media?parent=145952"}],"curies":[{"name":"wp","href":"https:\/\/api.w.org\/{rel}","templated":true}]}}