{"id":145954,"date":"2024-09-23T10:09:11","date_gmt":"2024-09-23T10:09:11","guid":{"rendered":"https:\/\/sitio2.utopiasl.eu\/?page_id=145954"},"modified":"2025-01-28T09:40:25","modified_gmt":"2025-01-28T09:40:25","slug":"social","status":"publish","type":"page","link":"https:\/\/clece.es\/ca\/sostenibilitat\/social\/","title":{"rendered":"Sostenibilitat social"},"content":{"rendered":"\t\t<div data-elementor-type=\"wp-page\" data-elementor-id=\"145954\" class=\"elementor elementor-145954 elementor-892\" data-elementor-post-type=\"page\">\n\t\t\t\t<div class=\"elementor-element elementor-element-ad56c40 e-con-full e-flex e-con e-parent\" data-id=\"ad56c40\" data-element_type=\"container\" data-e-type=\"container\" data-settings=\"{&quot;background_background&quot;:&quot;classic&quot;}\">\n\t\t\t\t<\/div>\n\t\t<div class=\"elementor-element elementor-element-5769f7a e-con-full e-flex e-con e-parent\" data-id=\"5769f7a\" data-element_type=\"container\" data-e-type=\"container\" data-settings=\"{&quot;background_background&quot;:&quot;classic&quot;}\">\n\t\t<div class=\"elementor-element elementor-element-a5d4a3b e-con-full e-flex e-con e-child\" data-id=\"a5d4a3b\" data-element_type=\"container\" data-e-type=\"container\" data-settings=\"{&quot;background_background&quot;:&quot;classic&quot;}\">\n\t\t<div class=\"elementor-element elementor-element-fb783a1 e-con-full e-flex e-con e-child\" data-id=\"fb783a1\" data-element_type=\"container\" data-e-type=\"container\">\n\t\t\t\t<div class=\"elementor-element elementor-element-fdf1134 elementor-widget elementor-widget-heading\" data-id=\"fdf1134\" data-element_type=\"widget\" data-e-type=\"widget\" data-widget_type=\"heading.default\">\n\t\t\t\t<div class=\"elementor-widget-container\">\n\t\t\t\t\t<h2 class=\"elementor-heading-title elementor-size-default\"><a href=\"\/ca\/sostenibilitat\/\">Sostenibilitat <\/a><\/h2>\t\t\t\t<\/div>\n\t\t\t\t<\/div>\n\t\t\t\t<div class=\"elementor-element elementor-element-8645f10 elementor-widget elementor-widget-heading\" data-id=\"8645f10\" data-element_type=\"widget\" data-e-type=\"widget\" data-widget_type=\"heading.default\">\n\t\t\t\t<div class=\"elementor-widget-container\">\n\t\t\t\t\t<h2 class=\"elementor-heading-title elementor-size-default\">Social<\/h2>\t\t\t\t<\/div>\n\t\t\t\t<\/div>\n\t\t\t\t<\/div>\n\t\t\t\t<div class=\"elementor-element elementor-element-7b93300 elementor-widget elementor-widget-heading\" data-id=\"7b93300\" data-element_type=\"widget\" data-e-type=\"widget\" data-widget_type=\"heading.default\">\n\t\t\t\t<div class=\"elementor-widget-container\">\n\t\t\t\t\t<h2 class=\"elementor-heading-title elementor-size-default\">Per una societat m\u00e9s justa i inclusiva<\/h2>\t\t\t\t<\/div>\n\t\t\t\t<\/div>\n\t\t\t\t<div class=\"elementor-element elementor-element-c3a6107 elementor-widget elementor-widget-text-editor\" data-id=\"c3a6107\" data-element_type=\"widget\" data-e-type=\"widget\" data-widget_type=\"text-editor.default\">\n\t\t\t\t<div class=\"elementor-widget-container\">\n\t\t\t\t\t\t\t\t\t<p>A Clece\u00a0<strong>entenem el comprom\u00eds social com una part fonamental del progr\u00e9s sostenible<\/strong>\u00a0que ha de marcar la nostra activitat di\u00e0ria. Per aix\u00f2, ens esforcem per tenir un efecte positiu en totes les comunitats amb les quals interactuem directament i indirectament.<\/p><p>En aquest sentit, no nom\u00e9s complim de manera exhaustiva amb totes les nostres obligacions com a empresa en mat\u00e8ria de drets laborals i salut i seguretat en el treball, sin\u00f3 que anem molt m\u00e9s all\u00e0 amb la posada en marxa de mesures que contribueixen a promoure una societat m\u00e9s justa, inclusiva i igualit\u00e0ria. Creiem fermament en el fet que la igualtat d\u2019oportunitats \u00e9s clau perqu\u00e8 ning\u00fa no es quedi enrere.<\/p>\t\t\t\t\t\t\t\t<\/div>\n\t\t\t\t<\/div>\n\t\t\t\t<div class=\"elementor-element elementor-element-0f58fa7 elementor-widget elementor-widget-heading\" data-id=\"0f58fa7\" data-element_type=\"widget\" data-e-type=\"widget\" data-widget_type=\"heading.default\">\n\t\t\t\t<div class=\"elementor-widget-container\">\n\t\t\t\t\t<h2 class=\"elementor-heading-title elementor-size-default\">+ del 12%<\/h2>\t\t\t\t<\/div>\n\t\t\t\t<\/div>\n\t\t\t\t<div class=\"elementor-element elementor-element-105f8c3 elementor-widget elementor-widget-heading\" data-id=\"105f8c3\" data-element_type=\"widget\" data-e-type=\"widget\" data-widget_type=\"heading.default\">\n\t\t\t\t<div class=\"elementor-widget-container\">\n\t\t\t\t\t<h2 class=\"elementor-heading-title elementor-size-default\">DE LA PLANTILLA PROV\u00c9 DE\nCOL\u00b7LECTIUS DESFAVORITS<\/h2>\t\t\t\t<\/div>\n\t\t\t\t<\/div>\n\t\t\t\t<\/div>\n\t\t<div class=\"elementor-element elementor-element-51adebd e-con-full e-flex e-con e-child\" data-id=\"51adebd\" data-element_type=\"container\" data-e-type=\"container\" data-settings=\"{&quot;background_background&quot;:&quot;classic&quot;}\">\n\t\t<div class=\"elementor-element elementor-element-96bf51f e-con-full e-flex e-con e-child\" data-id=\"96bf51f\" data-element_type=\"container\" data-e-type=\"container\">\n\t\t<div class=\"elementor-element elementor-element-bae1185 e-con-full e-flex e-con e-child\" data-id=\"bae1185\" data-element_type=\"container\" data-e-type=\"container\">\n\t\t\t\t<div class=\"elementor-element elementor-element-9d86dae elementor-widget elementor-widget-text-editor\" data-id=\"9d86dae\" data-element_type=\"widget\" data-e-type=\"widget\" data-widget_type=\"text-editor.default\">\n\t\t\t\t<div class=\"elementor-widget-container\">\n\t\t\t\t\t\t\t\t\t<p>Des del nostre naixement, ens hem caracteritzat per una forta vocaci\u00f3 social. Per\u00f2, a m\u00e9s a m\u00e9s, el 2012 vam decidir aprofundir en aquest comprom\u00eds i prendre el pols a la societat per saber qu\u00e8 esperava d\u2019una empresa com Clece.\u00a0<strong>I va ser la pr\u00f2pia societat, amb les seves respostes, la que ens va mostrar el cam\u00ed que hav\u00edem de seguir per afermar el nostre projecte social.\u00a0<\/strong>Aquell exercici d\u2019escolta activa va corroborar el nostre comprom\u00eds de retornar a la societat el que la societat mateixa ens encarrega fer com a servidor p\u00fablic.<\/p><p>Des del nostre paper com a prestadors de serveis p\u00fablics essencials, sentim l\u2019obligaci\u00f3 de respondre a les demandes de la ciutadania i atendre les seves peticions, entre les quals destaquen la\u00a0<strong>dignificaci\u00f3 de les persones treballadores que presten serveis de l\u2019Administraci\u00f3 P\u00fablica i la igualtat d\u2019oportunitats per a les persones que busquen una feina.<\/strong><\/p><p>El pilar fonamental del nostre projecte social \u00e9s la\u00a0<strong>inclusi\u00f3 laboral de persones procedents de col\u00b7lectius desfavorits:\u00a0<\/strong>dones que pateixen o han patit viol\u00e8ncia, persones amb discapacitat i persones en risc d\u2019exclusi\u00f3 social. Per\u00f2 aquest comprom\u00eds es tradueix, tamb\u00e9, en la posada en pr\u00e0ctica d\u2019altres mesures, entre les quals destaquen:<\/p><ul><li>L\u2019aprovaci\u00f3 del Pla d\u2019Igualtat de Clece.<\/li><li>El nostre cat\u00e0leg de mesures de conciliaci\u00f3 i el certificat EFR de la Fundaci\u00f3 M\u00e1sfamilia com a Empresa Familiarment Responsable.<\/li><li>La definici\u00f3 de protocols contra l\u2019assetjament laboral i l\u2019assetjament sexual o per ra\u00f3 de sexe.<\/li><li>La configuraci\u00f3 de mapes de riscos de vulneraci\u00f3 de drets humans en totes les nostres activitats.<\/li><li>L\u2019establiment de mesures de Prevenci\u00f3 de Riscos Laborals (PRL) per garantir la seguretat i salut en el treball.<\/li><li>La formaci\u00f3 i capacitaci\u00f3 cont\u00ednua de la plantilla mitjan\u00e7ant programes de desenvolupament professional.<\/li><li>La nostra adhesi\u00f3 a la Xarxa Espanyola del Pacte Mundial, amb la qual reconeixem el nostre comprom\u00eds amb els\u00a010\u00a0Principis\u00a0d\u2019aquesta iniciativa, que promouen la\u00a0Responsabilitat Social Empresarial i el desenvolupament sostenible al m\u00f3n.<\/li><\/ul>\t\t\t\t\t\t\t\t<\/div>\n\t\t\t\t<\/div>\n\t\t\t\t<div class=\"elementor-element elementor-element-dd599df elementor-widget elementor-widget-heading\" data-id=\"dd599df\" data-element_type=\"widget\" data-e-type=\"widget\" data-widget_type=\"heading.default\">\n\t\t\t\t<div class=\"elementor-widget-container\">\n\t\t\t\t\t<h2 class=\"elementor-heading-title elementor-size-default\">Eixos d\u2019actuaci\u00f3<\/h2>\t\t\t\t<\/div>\n\t\t\t\t<\/div>\n\t\t\t\t<div class=\"elementor-element elementor-element-a48aa59 elementor-widget elementor-widget-text-editor\" data-id=\"a48aa59\" data-element_type=\"widget\" data-e-type=\"widget\" data-widget_type=\"text-editor.default\">\n\t\t\t\t<div class=\"elementor-widget-container\">\n\t\t\t\t\t\t\t\t\t<p>Clece articula les seves mesures de sostenibilitat social al voltant de dos eixos d\u2019actuaci\u00f3:\u00a0<strong>Integraci\u00f3 i Sensibilitzaci\u00f3.<\/strong>\u00a0Les diferents actuacions que duem a terme en aquest \u00e0mbit s\u2019emmarquen en aquests eixos i busquen aportar beneficis directes i indirectes a diferents col\u00b7lectius.<\/p>\t\t\t\t\t\t\t\t<\/div>\n\t\t\t\t<\/div>\n\t\t<div class=\"elementor-element elementor-element-df79cd5 e-con-full e-flex e-con e-child\" data-id=\"df79cd5\" data-element_type=\"container\" data-e-type=\"container\">\n\t\t<div class=\"elementor-element elementor-element-c4d4b6c e-con-full e-flex e-con e-child\" data-id=\"c4d4b6c\" data-element_type=\"container\" data-e-type=\"container\">\n\t\t\t\t<div class=\"elementor-element elementor-element-163a0a1 elementor-widget elementor-widget-heading\" data-id=\"163a0a1\" data-element_type=\"widget\" data-e-type=\"widget\" data-widget_type=\"heading.default\">\n\t\t\t\t<div class=\"elementor-widget-container\">\n\t\t\t\t\t<h2 class=\"elementor-heading-title elementor-size-default\">Integraci\u00f3<\/h2>\t\t\t\t<\/div>\n\t\t\t\t<\/div>\n\t\t\t\t<div class=\"elementor-element elementor-element-b3a1a4c elementor-widget elementor-widget-text-editor\" data-id=\"b3a1a4c\" data-element_type=\"widget\" data-e-type=\"widget\" data-widget_type=\"text-editor.default\">\n\t\t\t\t<div class=\"elementor-widget-container\">\n\t\t\t\t\t\t\t\t\t<ul><li>Convenis de col\u00b7laboraci\u00f3 amb entitats socials per a la intermediaci\u00f3 de perfils de persones procedents de col\u00b7lectius desfavorits.<\/li><li>Acords amb administracions p\u00fabliques per a la inclusi\u00f3 laboral de dites col\u00b7lectives.<\/li><\/ul>\t\t\t\t\t\t\t\t<\/div>\n\t\t\t\t<\/div>\n\t\t\t\t<\/div>\n\t\t<div class=\"elementor-element elementor-element-6ad6637 e-con-full e-flex e-con e-child\" data-id=\"6ad6637\" data-element_type=\"container\" data-e-type=\"container\">\n\t\t\t\t<div class=\"elementor-element elementor-element-f6921bf elementor-widget elementor-widget-image\" data-id=\"f6921bf\" data-element_type=\"widget\" data-e-type=\"widget\" data-widget_type=\"image.default\">\n\t\t\t\t<div class=\"elementor-widget-container\">\n\t\t\t\t\t\t\t\t\t\t\t\t\t\t\t<img fetchpriority=\"high\" decoding=\"async\" width=\"700\" height=\"700\" src=\"https:\/\/clece.es\/wp-content\/uploads\/2024\/11\/Sostenibilidad_Social_Integracion_350x350px_Clece.jpg\" class=\"attachment-large size-large wp-image-12653\" alt=\"\" srcset=\"https:\/\/clece.es\/wp-content\/uploads\/2024\/11\/Sostenibilidad_Social_Integracion_350x350px_Clece.jpg 700w, https:\/\/clece.es\/wp-content\/uploads\/2024\/11\/Sostenibilidad_Social_Integracion_350x350px_Clece-300x300.jpg 300w, https:\/\/clece.es\/wp-content\/uploads\/2024\/11\/Sostenibilidad_Social_Integracion_350x350px_Clece-150x150.jpg 150w\" sizes=\"(max-width: 700px) 100vw, 700px\" \/>\t\t\t\t\t\t\t\t\t\t\t\t\t\t\t<\/div>\n\t\t\t\t<\/div>\n\t\t\t\t<\/div>\n\t\t\t\t<\/div>\n\t\t<div class=\"elementor-element elementor-element-a102a4e e-con-full e-flex e-con e-child\" data-id=\"a102a4e\" data-element_type=\"container\" data-e-type=\"container\">\n\t\t<div class=\"elementor-element elementor-element-a026361 e-con-full e-flex e-con e-child\" data-id=\"a026361\" data-element_type=\"container\" data-e-type=\"container\">\n\t\t\t\t<div class=\"elementor-element elementor-element-a032d14 elementor-widget elementor-widget-image\" data-id=\"a032d14\" data-element_type=\"widget\" data-e-type=\"widget\" data-widget_type=\"image.default\">\n\t\t\t\t<div class=\"elementor-widget-container\">\n\t\t\t\t\t\t\t\t\t\t\t\t\t\t\t<img decoding=\"async\" width=\"700\" height=\"700\" src=\"https:\/\/clece.es\/wp-content\/uploads\/2024\/11\/Sostenibilidad_Social_Sensibilizacion_350x350px_Clece.jpg\" class=\"attachment-large size-large wp-image-12647\" alt=\"\" srcset=\"https:\/\/clece.es\/wp-content\/uploads\/2024\/11\/Sostenibilidad_Social_Sensibilizacion_350x350px_Clece.jpg 700w, https:\/\/clece.es\/wp-content\/uploads\/2024\/11\/Sostenibilidad_Social_Sensibilizacion_350x350px_Clece-300x300.jpg 300w, https:\/\/clece.es\/wp-content\/uploads\/2024\/11\/Sostenibilidad_Social_Sensibilizacion_350x350px_Clece-150x150.jpg 150w\" sizes=\"(max-width: 700px) 100vw, 700px\" \/>\t\t\t\t\t\t\t\t\t\t\t\t\t\t\t<\/div>\n\t\t\t\t<\/div>\n\t\t\t\t<\/div>\n\t\t<div class=\"elementor-element elementor-element-511546a e-con-full e-flex e-con e-child\" data-id=\"511546a\" data-element_type=\"container\" data-e-type=\"container\">\n\t\t\t\t<div class=\"elementor-element elementor-element-b4a07c8 elementor-widget elementor-widget-heading\" data-id=\"b4a07c8\" data-element_type=\"widget\" data-e-type=\"widget\" data-widget_type=\"heading.default\">\n\t\t\t\t<div class=\"elementor-widget-container\">\n\t\t\t\t\t<h2 class=\"elementor-heading-title elementor-size-default\">Sensibilitzaci\u00f3<\/h2>\t\t\t\t<\/div>\n\t\t\t\t<\/div>\n\t\t\t\t<div class=\"elementor-element elementor-element-8a8a42d elementor-widget elementor-widget-text-editor\" data-id=\"8a8a42d\" data-element_type=\"widget\" data-e-type=\"widget\" data-widget_type=\"text-editor.default\">\n\t\t\t\t<div class=\"elementor-widget-container\">\n\t\t\t\t\t\t\t\t\t<ul><li>Organitzaci\u00f3 de f\u00f2rums i col\u00b7loquis per conscienciar sobre els reptes que ens concerneixen com a societat.<\/li><li>Participaci\u00f3 de la plantilla de Clece en campanyes solid\u00e0ries relacionades amb diferents causes socials.<\/li><\/ul>\t\t\t\t\t\t\t\t<\/div>\n\t\t\t\t<\/div>\n\t\t\t\t<\/div>\n\t\t\t\t<\/div>\n\t\t\t\t<\/div>\n\t\t\t\t<\/div>\n\t\t\t\t<\/div>\n\t\t\t\t<\/div>\n\t\t\t\t<\/div>\n\t\t","protected":false},"excerpt":{"rendered":"<p>Sostenibilitat Social Per una societat m\u00e9s justa i inclusiva A Clece\u00a0entenem el comprom\u00eds social com una part fonamental del progr\u00e9s sostenible\u00a0que ha de marcar la nostra activitat di\u00e0ria. Per aix\u00f2, ens esforcem per tenir un efecte positiu en totes les comunitats amb les quals interactuem directament i indirectament. En aquest sentit, no nom\u00e9s complim de [&hellip;]<\/p>\n","protected":false},"author":2,"featured_media":0,"parent":145948,"menu_order":0,"comment_status":"closed","ping_status":"closed","template":"","meta":{"_acf_changed":false,"footnotes":""},"class_list":["post-145954","page","type-page","status-publish","hentry"],"acf":[],"yoast_head":"<!-- This site is optimized with the Yoast SEO plugin v27.3 - https:\/\/yoast.com\/product\/yoast-seo-wordpress\/ -->\n<title>Sostenibilitat social per a una societat m\u00e9s justa i inclusiva | Clece<\/title>\n<meta name=\"description\" content=\"El comprom\u00eds social de Clece \u00e9s vital per assolir el progr\u00e9s sostenible que marca la nostra activitat. Fomentem mesures que contribueixen a promoure una societat m\u00e9s justa, inclusiva i igualit\u00e0ria perqu\u00e8 ning\u00fa no es quedi enrere.\" \/>\n<meta name=\"robots\" content=\"index, follow, max-snippet:-1, max-image-preview:large, max-video-preview:-1\" \/>\n<link rel=\"canonical\" href=\"https:\/\/clece.es\/ca\/sostenibilitat\/social\/\" \/>\n<meta property=\"og:locale\" content=\"ca_ES\" \/>\n<meta property=\"og:type\" content=\"article\" \/>\n<meta property=\"og:title\" content=\"Sostenibilitat social per a una societat m\u00e9s justa i inclusiva | Clece\" \/>\n<meta property=\"og:description\" content=\"El comprom\u00eds social de Clece \u00e9s vital per assolir el progr\u00e9s sostenible que marca la nostra activitat. Fomentem mesures que contribueixen a promoure una societat m\u00e9s justa, inclusiva i igualit\u00e0ria perqu\u00e8 ning\u00fa no es quedi enrere.\" \/>\n<meta property=\"og:url\" content=\"https:\/\/clece.es\/ca\/sostenibilitat\/social\/\" \/>\n<meta property=\"og:site_name\" content=\"Clece\" \/>\n<meta property=\"article:publisher\" content=\"https:\/\/www.facebook.com\/CleceSociedadAnonima\/\" \/>\n<meta property=\"article:modified_time\" content=\"2025-01-28T09:40:25+00:00\" \/>\n<meta property=\"og:image\" content=\"http:\/\/sitio2.utopiasl.eu\/wp-content\/uploads\/2024\/11\/Sostenibilidad_Social_Integracion_350x350px_Clece.jpg\" \/>\n<meta name=\"twitter:card\" content=\"summary_large_image\" \/>\n<meta name=\"twitter:site\" content=\"@Clece_\" \/>\n<meta name=\"twitter:label1\" content=\"Temps estimat de lectura\" \/>\n\t<meta name=\"twitter:data1\" content=\"3 minuts\" \/>\n<script type=\"application\/ld+json\" class=\"yoast-schema-graph\">{\"@context\":\"https:\\\/\\\/schema.org\",\"@graph\":[{\"@type\":\"WebPage\",\"@id\":\"https:\\\/\\\/clece.es\\\/ca\\\/sostenibilitat\\\/social\\\/\",\"url\":\"https:\\\/\\\/clece.es\\\/ca\\\/sostenibilitat\\\/social\\\/\",\"name\":\"Sostenibilitat social per a una societat m\u00e9s justa i inclusiva | Clece\",\"isPartOf\":{\"@id\":\"https:\\\/\\\/clece.es\\\/es\\\/#website\"},\"primaryImageOfPage\":{\"@id\":\"https:\\\/\\\/clece.es\\\/ca\\\/sostenibilitat\\\/social\\\/#primaryimage\"},\"image\":{\"@id\":\"https:\\\/\\\/clece.es\\\/ca\\\/sostenibilitat\\\/social\\\/#primaryimage\"},\"thumbnailUrl\":\"http:\\\/\\\/sitio2.utopiasl.eu\\\/wp-content\\\/uploads\\\/2024\\\/11\\\/Sostenibilidad_Social_Integracion_350x350px_Clece.jpg\",\"datePublished\":\"2024-09-23T10:09:11+00:00\",\"dateModified\":\"2025-01-28T09:40:25+00:00\",\"description\":\"El comprom\u00eds social de Clece \u00e9s vital per assolir el progr\u00e9s sostenible que marca la nostra activitat. Fomentem mesures que contribueixen a promoure una societat m\u00e9s justa, inclusiva i igualit\u00e0ria perqu\u00e8 ning\u00fa no es quedi enrere.\",\"breadcrumb\":{\"@id\":\"https:\\\/\\\/clece.es\\\/ca\\\/sostenibilitat\\\/social\\\/#breadcrumb\"},\"inLanguage\":\"ca\",\"potentialAction\":[{\"@type\":\"ReadAction\",\"target\":[\"https:\\\/\\\/clece.es\\\/ca\\\/sostenibilitat\\\/social\\\/\"]}]},{\"@type\":\"ImageObject\",\"inLanguage\":\"ca\",\"@id\":\"https:\\\/\\\/clece.es\\\/ca\\\/sostenibilitat\\\/social\\\/#primaryimage\",\"url\":\"http:\\\/\\\/sitio2.utopiasl.eu\\\/wp-content\\\/uploads\\\/2024\\\/11\\\/Sostenibilidad_Social_Integracion_350x350px_Clece.jpg\",\"contentUrl\":\"http:\\\/\\\/sitio2.utopiasl.eu\\\/wp-content\\\/uploads\\\/2024\\\/11\\\/Sostenibilidad_Social_Integracion_350x350px_Clece.jpg\"},{\"@type\":\"BreadcrumbList\",\"@id\":\"https:\\\/\\\/clece.es\\\/ca\\\/sostenibilitat\\\/social\\\/#breadcrumb\",\"itemListElement\":[{\"@type\":\"ListItem\",\"position\":1,\"name\":\"Portada\",\"item\":\"https:\\\/\\\/clece.es\\\/es\\\/\"},{\"@type\":\"ListItem\",\"position\":2,\"name\":\"Sostenibilitat\",\"item\":\"https:\\\/\\\/clece.es\\\/ca\\\/sostenibilitat\\\/\"},{\"@type\":\"ListItem\",\"position\":3,\"name\":\"Sostenibilitat social\"}]},{\"@type\":\"WebSite\",\"@id\":\"https:\\\/\\\/clece.es\\\/es\\\/#website\",\"url\":\"https:\\\/\\\/clece.es\\\/es\\\/\",\"name\":\"Clece\",\"description\":\"\",\"publisher\":{\"@id\":\"https:\\\/\\\/clece.es\\\/es\\\/#organization\"},\"potentialAction\":[{\"@type\":\"SearchAction\",\"target\":{\"@type\":\"EntryPoint\",\"urlTemplate\":\"https:\\\/\\\/clece.es\\\/es\\\/?s={search_term_string}\"},\"query-input\":{\"@type\":\"PropertyValueSpecification\",\"valueRequired\":true,\"valueName\":\"search_term_string\"}}],\"inLanguage\":\"ca\"},{\"@type\":\"Organization\",\"@id\":\"https:\\\/\\\/clece.es\\\/es\\\/#organization\",\"name\":\"Grupo Clece\",\"url\":\"https:\\\/\\\/clece.es\\\/es\\\/\",\"logo\":{\"@type\":\"ImageObject\",\"inLanguage\":\"ca\",\"@id\":\"https:\\\/\\\/clece.es\\\/es\\\/#\\\/schema\\\/logo\\\/image\\\/\",\"url\":\"https:\\\/\\\/sitio2.utopiasl.eu\\\/wp-content\\\/uploads\\\/2024\\\/10\\\/Logotipos_filiales_Clece_logotipo.png\",\"contentUrl\":\"https:\\\/\\\/sitio2.utopiasl.eu\\\/wp-content\\\/uploads\\\/2024\\\/10\\\/Logotipos_filiales_Clece_logotipo.png\",\"width\":5000,\"height\":5000,\"caption\":\"Grupo Clece\"},\"image\":{\"@id\":\"https:\\\/\\\/clece.es\\\/es\\\/#\\\/schema\\\/logo\\\/image\\\/\"},\"sameAs\":[\"https:\\\/\\\/www.facebook.com\\\/CleceSociedadAnonima\\\/\",\"https:\\\/\\\/x.com\\\/Clece_\",\"https:\\\/\\\/www.linkedin.com\\\/company\\\/clece-sa\\\/\"]}]}<\/script>\n<!-- \/ Yoast SEO plugin. -->","yoast_head_json":{"title":"Sostenibilitat social per a una societat m\u00e9s justa i inclusiva | Clece","description":"El comprom\u00eds social de Clece \u00e9s vital per assolir el progr\u00e9s sostenible que marca la nostra activitat. Fomentem mesures que contribueixen a promoure una societat m\u00e9s justa, inclusiva i igualit\u00e0ria perqu\u00e8 ning\u00fa no es quedi enrere.","robots":{"index":"index","follow":"follow","max-snippet":"max-snippet:-1","max-image-preview":"max-image-preview:large","max-video-preview":"max-video-preview:-1"},"canonical":"https:\/\/clece.es\/ca\/sostenibilitat\/social\/","og_locale":"ca_ES","og_type":"article","og_title":"Sostenibilitat social per a una societat m\u00e9s justa i inclusiva | Clece","og_description":"El comprom\u00eds social de Clece \u00e9s vital per assolir el progr\u00e9s sostenible que marca la nostra activitat. Fomentem mesures que contribueixen a promoure una societat m\u00e9s justa, inclusiva i igualit\u00e0ria perqu\u00e8 ning\u00fa no es quedi enrere.","og_url":"https:\/\/clece.es\/ca\/sostenibilitat\/social\/","og_site_name":"Clece","article_publisher":"https:\/\/www.facebook.com\/CleceSociedadAnonima\/","article_modified_time":"2025-01-28T09:40:25+00:00","og_image":[{"url":"http:\/\/sitio2.utopiasl.eu\/wp-content\/uploads\/2024\/11\/Sostenibilidad_Social_Integracion_350x350px_Clece.jpg","type":"","width":"","height":""}],"twitter_card":"summary_large_image","twitter_site":"@Clece_","twitter_misc":{"Temps estimat de lectura":"3 minuts"},"schema":{"@context":"https:\/\/schema.org","@graph":[{"@type":"WebPage","@id":"https:\/\/clece.es\/ca\/sostenibilitat\/social\/","url":"https:\/\/clece.es\/ca\/sostenibilitat\/social\/","name":"Sostenibilitat social per a una societat m\u00e9s justa i inclusiva | Clece","isPartOf":{"@id":"https:\/\/clece.es\/es\/#website"},"primaryImageOfPage":{"@id":"https:\/\/clece.es\/ca\/sostenibilitat\/social\/#primaryimage"},"image":{"@id":"https:\/\/clece.es\/ca\/sostenibilitat\/social\/#primaryimage"},"thumbnailUrl":"http:\/\/sitio2.utopiasl.eu\/wp-content\/uploads\/2024\/11\/Sostenibilidad_Social_Integracion_350x350px_Clece.jpg","datePublished":"2024-09-23T10:09:11+00:00","dateModified":"2025-01-28T09:40:25+00:00","description":"El comprom\u00eds social de Clece \u00e9s vital per assolir el progr\u00e9s sostenible que marca la nostra activitat. Fomentem mesures que contribueixen a promoure una societat m\u00e9s justa, inclusiva i igualit\u00e0ria perqu\u00e8 ning\u00fa no es quedi enrere.","breadcrumb":{"@id":"https:\/\/clece.es\/ca\/sostenibilitat\/social\/#breadcrumb"},"inLanguage":"ca","potentialAction":[{"@type":"ReadAction","target":["https:\/\/clece.es\/ca\/sostenibilitat\/social\/"]}]},{"@type":"ImageObject","inLanguage":"ca","@id":"https:\/\/clece.es\/ca\/sostenibilitat\/social\/#primaryimage","url":"http:\/\/sitio2.utopiasl.eu\/wp-content\/uploads\/2024\/11\/Sostenibilidad_Social_Integracion_350x350px_Clece.jpg","contentUrl":"http:\/\/sitio2.utopiasl.eu\/wp-content\/uploads\/2024\/11\/Sostenibilidad_Social_Integracion_350x350px_Clece.jpg"},{"@type":"BreadcrumbList","@id":"https:\/\/clece.es\/ca\/sostenibilitat\/social\/#breadcrumb","itemListElement":[{"@type":"ListItem","position":1,"name":"Portada","item":"https:\/\/clece.es\/es\/"},{"@type":"ListItem","position":2,"name":"Sostenibilitat","item":"https:\/\/clece.es\/ca\/sostenibilitat\/"},{"@type":"ListItem","position":3,"name":"Sostenibilitat social"}]},{"@type":"WebSite","@id":"https:\/\/clece.es\/es\/#website","url":"https:\/\/clece.es\/es\/","name":"Clece","description":"","publisher":{"@id":"https:\/\/clece.es\/es\/#organization"},"potentialAction":[{"@type":"SearchAction","target":{"@type":"EntryPoint","urlTemplate":"https:\/\/clece.es\/es\/?s={search_term_string}"},"query-input":{"@type":"PropertyValueSpecification","valueRequired":true,"valueName":"search_term_string"}}],"inLanguage":"ca"},{"@type":"Organization","@id":"https:\/\/clece.es\/es\/#organization","name":"Grupo Clece","url":"https:\/\/clece.es\/es\/","logo":{"@type":"ImageObject","inLanguage":"ca","@id":"https:\/\/clece.es\/es\/#\/schema\/logo\/image\/","url":"https:\/\/sitio2.utopiasl.eu\/wp-content\/uploads\/2024\/10\/Logotipos_filiales_Clece_logotipo.png","contentUrl":"https:\/\/sitio2.utopiasl.eu\/wp-content\/uploads\/2024\/10\/Logotipos_filiales_Clece_logotipo.png","width":5000,"height":5000,"caption":"Grupo Clece"},"image":{"@id":"https:\/\/clece.es\/es\/#\/schema\/logo\/image\/"},"sameAs":["https:\/\/www.facebook.com\/CleceSociedadAnonima\/","https:\/\/x.com\/Clece_","https:\/\/www.linkedin.com\/company\/clece-sa\/"]}]}},"_links":{"self":[{"href":"https:\/\/clece.es\/ca\/wp-json\/wp\/v2\/pages\/145954","targetHints":{"allow":["GET"]}}],"collection":[{"href":"https:\/\/clece.es\/ca\/wp-json\/wp\/v2\/pages"}],"about":[{"href":"https:\/\/clece.es\/ca\/wp-json\/wp\/v2\/types\/page"}],"author":[{"embeddable":true,"href":"https:\/\/clece.es\/ca\/wp-json\/wp\/v2\/users\/2"}],"replies":[{"embeddable":true,"href":"https:\/\/clece.es\/ca\/wp-json\/wp\/v2\/comments?post=145954"}],"version-history":[{"count":13,"href":"https:\/\/clece.es\/ca\/wp-json\/wp\/v2\/pages\/145954\/revisions"}],"predecessor-version":[{"id":146758,"href":"https:\/\/clece.es\/ca\/wp-json\/wp\/v2\/pages\/145954\/revisions\/146758"}],"up":[{"embeddable":true,"href":"https:\/\/clece.es\/ca\/wp-json\/wp\/v2\/pages\/145948"}],"wp:attachment":[{"href":"https:\/\/clece.es\/ca\/wp-json\/wp\/v2\/media?parent=145954"}],"curies":[{"name":"wp","href":"https:\/\/api.w.org\/{rel}","templated":true}]}}