{"id":145956,"date":"2024-11-19T14:51:43","date_gmt":"2024-11-19T14:51:43","guid":{"rendered":"https:\/\/sitio2.utopiasl.eu\/?page_id=145956"},"modified":"2025-01-27T16:34:56","modified_gmt":"2025-01-27T16:34:56","slug":"subencarregat-de-tractament-de-dades-de-clece-i-filials","status":"publish","type":"page","link":"https:\/\/clece.es\/ca\/subencarregat-de-tractament-de-dades-de-clece-i-filials\/","title":{"rendered":"Subencarregat de tractament de dades de Clece i filials"},"content":{"rendered":"\t\t<div data-elementor-type=\"wp-page\" data-elementor-id=\"145956\" class=\"elementor elementor-145956 elementor-13356\" data-elementor-post-type=\"page\">\n\t\t\t\t<div class=\"elementor-element elementor-element-1172ab9 e-flex e-con-boxed e-con e-parent\" data-id=\"1172ab9\" data-element_type=\"container\" data-e-type=\"container\">\n\t\t\t\t\t<div class=\"e-con-inner\">\n\t\t\t\t<div class=\"elementor-element elementor-element-184fa56 elementor-widget elementor-widget-heading\" data-id=\"184fa56\" data-element_type=\"widget\" data-e-type=\"widget\" data-widget_type=\"heading.default\">\n\t\t\t\t<div class=\"elementor-widget-container\">\n\t\t\t\t\t<h2 class=\"elementor-heading-title elementor-size-default\">SUBENCARREGAT DE TRACTAMENT DE DADES DE CLECE I FILIALS<\/h2>\t\t\t\t<\/div>\n\t\t\t\t<\/div>\n\t\t\t\t\t<\/div>\n\t\t\t\t<\/div>\n\t\t<div class=\"elementor-element elementor-element-8d99a04 e-flex e-con-boxed e-con e-parent\" data-id=\"8d99a04\" data-element_type=\"container\" data-e-type=\"container\">\n\t\t\t\t\t<div class=\"e-con-inner\">\n\t\t\t\t<div class=\"elementor-element elementor-element-7e482c4 elementor-widget elementor-widget-text-editor\" data-id=\"7e482c4\" data-element_type=\"widget\" data-e-type=\"widget\" data-widget_type=\"text-editor.default\">\n\t\t\t\t<div class=\"elementor-widget-container\">\n\t\t\t\t\t\t\t\t\t<p><strong>\u00daltima actualitzaci\u00f3: maig 2024<\/strong><\/p><p>Amb la finalitat de facilitar la prestaci\u00f3 dels nostres serveis, Clece i les seves filials poden rec\u00f3rrer a prove\u00efdors amb acc\u00e9s a determinats dades dels nostres Clients (aqu\u00ed anomenats \u00absubencarregats\u00bb). En aquesta p\u00e0gina es proporciona informaci\u00f3 important sobre la identitat, la ubicaci\u00f3 i la funci\u00f3 de cada subencarregat del tractament.<\/p><p>Clece i les seves filials verifiquen regularment que els subencarregats compleixin amb totes les normatives aplicables en mat\u00e8ria de protecci\u00f3 de dades, exigint-los garanties que avalin el seu comprom\u00eds amb la privadesa i seguretat de la informaci\u00f3.<\/p><p>Els subencarregats dependran de la tipologia o context del servei prestat per Clece o les seves filials, i aquests s\u00f3n els seg\u00fcents:<\/p><p>1. Subencarregats que presten activitats auxiliars en la prestaci\u00f3 de <strong>serveis relacionats amb l\u2019ajuda a domicili (SAD) o la teleassist\u00e8ncia:<\/strong><\/p><table width=\"100%\"><tbody><tr><td><p><strong>Nom<\/strong><\/p><\/td><td><p><strong>Prop\u00f2sit<\/strong><\/p><\/td><td><p><strong>Ubicaci\u00f3<\/strong><\/p><\/td><td><p><strong>Transfer\u00e8ncia internacional<\/strong><\/p><\/td><\/tr><tr><td><p>Trevenque sistemas de informaci\u00f3n, SL<\/p><\/td><td><p>Aplicatiu per a la gesti\u00f3 del SAD (GESAD)<\/p><\/td><td><p>\u00a0Granada<\/p><\/td><td><p>\u00a0N\/D<\/p><\/td><\/tr><tr><td><p>Numintec Comunicaciones, SL<\/p><\/td><td><p>Enregistrament de trucades en el context de la prestaci\u00f3 del SAD i teleassist\u00e8ncia<\/p><\/td><td><p>\u00a0Barcelona<\/p><\/td><td><p>\u00a0N\/D<\/p><\/td><\/tr><tr><td><p>Legrand Care<\/p><\/td><td><p>Plataforma de suport al servei de teleassist\u00e8ncia<\/p><\/td><td><p>Madrid<\/p><\/td><td><p>N\/D<\/p><\/td><\/tr><\/tbody><\/table><p>\u00a0<\/p><p>2. Subencarregats que presten activitats auxiliars en la gesti\u00f3 d\u2019<strong>Escoles Bressol:<\/strong><\/p><table width=\"100%\"><tbody><tr><td><p><strong>Nom<\/strong><\/p><\/td><td><p><strong>Prop\u00f2sit<\/strong><\/p><\/td><td><p><strong>Ubicaci\u00f3<\/strong><\/p><\/td><td><p><strong>Transfer\u00e8ncia internacional<\/strong><\/p><\/td><\/tr><tr><td><p>Kuantico Software, SL<\/p><\/td><td><p>Prove\u00efdor de la plataforma Kinder Up (agenda digital entre centres i fam\u00edlies)<\/p><\/td><td><p>\u00a0Madrid<\/p><\/td><td><p>\u00a0N\/D<\/p><\/td><\/tr><tr><td><p>Wappa Software, SL<\/p><\/td><td><p>Prove\u00efdor de la plataforma Wappa Babies (agenda digital entre centres i fam\u00edlies)<\/p><\/td><td><p>Valladolid<\/p><\/td><td><p>\u00a0N\/D<\/p><\/td><\/tr><\/tbody><\/table><p>\u00a0<\/p><p>3. Subencarregats que presten activitats auxiliars en la prestaci\u00f3 de <strong>serveis de gesti\u00f3 de Resid\u00e8ncies P\u00fabliques i centres de dia:<\/strong><\/p><table width=\"100%\"><tbody><tr><td><p><strong>Nom<\/strong><\/p><\/td><td><p><strong>Prop\u00f2sit<\/strong><\/p><\/td><td><p><strong>Ubicaci\u00f3<\/strong><\/p><\/td><td><p><strong>Transfer\u00e8ncia internacional i mecanisme de garantia<\/strong><\/p><\/td><\/tr><tr><td><p>Aphelion Soluciones Inform\u00e1ticas<\/p><\/td><td><p>Aplicatiu per a la gesti\u00f3 integral de Resid\u00e8ncies i Centres de Dia (Resiplus)<\/p><\/td><td><p>Val\u00e8ncia<\/p><\/td><td><p>\u00a0N\/D<\/p><\/td><\/tr><\/tbody><\/table><p>\u00a0<\/p><p>4. Subencarregats que presten <strong>altres activitats auxiliars:<\/strong><\/p><table width=\"100%\"><tbody><tr><td><p><strong>Nom<\/strong><\/p><\/td><td><p><strong>Prop\u00f2sit<\/strong><\/p><\/td><td><p><strong>Ubicaci\u00f3<\/strong><\/p><\/td><td><p><strong>Transfer\u00e8ncia internacional i mecanisme de garantia<\/strong><\/p><\/td><\/tr><tr><td><p>Iron Mountain Espa\u00f1a<\/p><\/td><td><p>Emmagatzematge i destrucci\u00f3 de documents (paper)<\/p><\/td><td><p>Madrid<\/p><\/td><td><p>N\/D<\/p><\/td><\/tr><tr><td><p>Destrucci\u00f3n Confidencial de Documentaci\u00f3n, SA<\/p><\/td><td><p>Destrucci\u00f3 de documents (paper)<\/p><\/td><td><p>Madrid<\/p><\/td><td><p>N\/D<\/p><\/td><\/tr><tr><td><p>Microsoft Corporation<\/p><\/td><td><p>Prove\u00efdor de serveis en el n\u00favol<\/p><\/td><td><p>EUA<\/p><\/td><td><p>S\u00ed, s\u2019apliquen cl\u00e0usules contractuals tipus.<\/p><\/td><\/tr><tr><td><p>Iron Mountain Espa\u00f1a<\/p><\/td><td><p>Emmagatzematge i destrucci\u00f3 de documents (paper)<\/p><\/td><td><p>Madrid<\/p><\/td><td><p>N\/D<\/p><\/td><\/tr><\/tbody><\/table><p>\u00a0<\/p><p>Clece i filials actualitzaran aquesta p\u00e0gina almenys 30 dies abans de contractar un subencarregat nou.<\/p>\t\t\t\t\t\t\t\t<\/div>\n\t\t\t\t<\/div>\n\t\t\t\t\t<\/div>\n\t\t\t\t<\/div>\n\t\t\t\t<\/div>\n\t\t","protected":false},"excerpt":{"rendered":"<p>SUBENCARREGAT DE TRACTAMENT DE DADES DE CLECE I FILIALS \u00daltima actualitzaci\u00f3: maig 2024 Amb la finalitat de facilitar la prestaci\u00f3 dels nostres serveis, Clece i les seves filials poden rec\u00f3rrer a prove\u00efdors amb acc\u00e9s a determinats dades dels nostres Clients (aqu\u00ed anomenats \u00absubencarregats\u00bb). En aquesta p\u00e0gina es proporciona informaci\u00f3 important sobre la identitat, la ubicaci\u00f3 [&hellip;]<\/p>\n","protected":false},"author":2,"featured_media":0,"parent":0,"menu_order":0,"comment_status":"closed","ping_status":"closed","template":"","meta":{"_acf_changed":false,"footnotes":""},"class_list":["post-145956","page","type-page","status-publish","hentry"],"acf":[],"yoast_head":"<!-- This site is optimized with the Yoast SEO plugin v27.2 - https:\/\/yoast.com\/product\/yoast-seo-wordpress\/ -->\n<title>Subencarregat de tractament de dades de Clece i filials - Clece<\/title>\n<meta name=\"robots\" content=\"index, follow, max-snippet:-1, max-image-preview:large, max-video-preview:-1\" \/>\n<link rel=\"canonical\" href=\"https:\/\/clece.es\/es\/subencargados-de-tratamiento-de-clece-y-filiales\/\" \/>\n<meta property=\"og:locale\" content=\"ca_ES\" \/>\n<meta property=\"og:type\" content=\"article\" \/>\n<meta property=\"og:title\" content=\"Subencarregat de tractament de dades de Clece i filials - Clece\" \/>\n<meta property=\"og:description\" content=\"SUBENCARREGAT DE TRACTAMENT DE DADES DE CLECE I FILIALS \u00daltima actualitzaci\u00f3: maig 2024 Amb la finalitat de facilitar la prestaci\u00f3 dels nostres serveis, Clece i les seves filials poden rec\u00f3rrer a prove\u00efdors amb acc\u00e9s a determinats dades dels nostres Clients (aqu\u00ed anomenats \u00absubencarregats\u00bb). En aquesta p\u00e0gina es proporciona informaci\u00f3 important sobre la identitat, la ubicaci\u00f3 [&hellip;]\" \/>\n<meta property=\"og:url\" content=\"https:\/\/clece.es\/es\/subencargados-de-tratamiento-de-clece-y-filiales\/\" \/>\n<meta property=\"og:site_name\" content=\"Clece\" \/>\n<meta property=\"article:publisher\" content=\"https:\/\/www.facebook.com\/CleceSociedadAnonima\/\" \/>\n<meta property=\"article:modified_time\" content=\"2025-01-27T16:34:56+00:00\" \/>\n<meta name=\"twitter:card\" content=\"summary_large_image\" \/>\n<meta name=\"twitter:site\" content=\"@Clece_\" \/>\n<meta name=\"twitter:label1\" content=\"Temps estimat de lectura\" \/>\n\t<meta name=\"twitter:data1\" content=\"3 minuts\" \/>\n<script type=\"application\/ld+json\" class=\"yoast-schema-graph\">{\"@context\":\"https:\/\/schema.org\",\"@graph\":[{\"@type\":\"WebPage\",\"@id\":\"https:\/\/clece.es\/es\/subencargados-de-tratamiento-de-clece-y-filiales\/\",\"url\":\"https:\/\/clece.es\/es\/subencargados-de-tratamiento-de-clece-y-filiales\/\",\"name\":\"Subencarregat de tractament de dades de Clece i filials - Clece\",\"isPartOf\":{\"@id\":\"https:\/\/clece.es\/es\/#website\"},\"datePublished\":\"2024-11-19T14:51:43+00:00\",\"dateModified\":\"2025-01-27T16:34:56+00:00\",\"breadcrumb\":{\"@id\":\"https:\/\/clece.es\/es\/subencargados-de-tratamiento-de-clece-y-filiales\/#breadcrumb\"},\"inLanguage\":\"ca\",\"potentialAction\":[{\"@type\":\"ReadAction\",\"target\":[\"https:\/\/clece.es\/es\/subencargados-de-tratamiento-de-clece-y-filiales\/\"]}]},{\"@type\":\"BreadcrumbList\",\"@id\":\"https:\/\/clece.es\/es\/subencargados-de-tratamiento-de-clece-y-filiales\/#breadcrumb\",\"itemListElement\":[{\"@type\":\"ListItem\",\"position\":1,\"name\":\"Portada\",\"item\":\"https:\/\/clece.es\/es\/\"},{\"@type\":\"ListItem\",\"position\":2,\"name\":\"Subencarregat de tractament de dades de Clece i filials\"}]},{\"@type\":\"WebSite\",\"@id\":\"https:\/\/clece.es\/es\/#website\",\"url\":\"https:\/\/clece.es\/es\/\",\"name\":\"Clece\",\"description\":\"\",\"publisher\":{\"@id\":\"https:\/\/clece.es\/es\/#organization\"},\"potentialAction\":[{\"@type\":\"SearchAction\",\"target\":{\"@type\":\"EntryPoint\",\"urlTemplate\":\"https:\/\/clece.es\/es\/?s={search_term_string}\"},\"query-input\":{\"@type\":\"PropertyValueSpecification\",\"valueRequired\":true,\"valueName\":\"search_term_string\"}}],\"inLanguage\":\"ca\"},{\"@type\":\"Organization\",\"@id\":\"https:\/\/clece.es\/es\/#organization\",\"name\":\"Grupo Clece\",\"url\":\"https:\/\/clece.es\/es\/\",\"logo\":{\"@type\":\"ImageObject\",\"inLanguage\":\"ca\",\"@id\":\"https:\/\/clece.es\/es\/#\/schema\/logo\/image\/\",\"url\":\"https:\/\/sitio2.utopiasl.eu\/wp-content\/uploads\/2024\/10\/Logotipos_filiales_Clece_logotipo.png\",\"contentUrl\":\"https:\/\/sitio2.utopiasl.eu\/wp-content\/uploads\/2024\/10\/Logotipos_filiales_Clece_logotipo.png\",\"width\":5000,\"height\":5000,\"caption\":\"Grupo Clece\"},\"image\":{\"@id\":\"https:\/\/clece.es\/es\/#\/schema\/logo\/image\/\"},\"sameAs\":[\"https:\/\/www.facebook.com\/CleceSociedadAnonima\/\",\"https:\/\/x.com\/Clece_\",\"https:\/\/www.linkedin.com\/company\/clece-sa\/\"]}]}<\/script>\n<!-- \/ Yoast SEO plugin. -->","yoast_head_json":{"title":"Subencarregat de tractament de dades de Clece i filials - Clece","robots":{"index":"index","follow":"follow","max-snippet":"max-snippet:-1","max-image-preview":"max-image-preview:large","max-video-preview":"max-video-preview:-1"},"canonical":"https:\/\/clece.es\/es\/subencargados-de-tratamiento-de-clece-y-filiales\/","og_locale":"ca_ES","og_type":"article","og_title":"Subencarregat de tractament de dades de Clece i filials - Clece","og_description":"SUBENCARREGAT DE TRACTAMENT DE DADES DE CLECE I FILIALS \u00daltima actualitzaci\u00f3: maig 2024 Amb la finalitat de facilitar la prestaci\u00f3 dels nostres serveis, Clece i les seves filials poden rec\u00f3rrer a prove\u00efdors amb acc\u00e9s a determinats dades dels nostres Clients (aqu\u00ed anomenats \u00absubencarregats\u00bb). En aquesta p\u00e0gina es proporciona informaci\u00f3 important sobre la identitat, la ubicaci\u00f3 [&hellip;]","og_url":"https:\/\/clece.es\/es\/subencargados-de-tratamiento-de-clece-y-filiales\/","og_site_name":"Clece","article_publisher":"https:\/\/www.facebook.com\/CleceSociedadAnonima\/","article_modified_time":"2025-01-27T16:34:56+00:00","twitter_card":"summary_large_image","twitter_site":"@Clece_","twitter_misc":{"Temps estimat de lectura":"3 minuts"},"schema":{"@context":"https:\/\/schema.org","@graph":[{"@type":"WebPage","@id":"https:\/\/clece.es\/es\/subencargados-de-tratamiento-de-clece-y-filiales\/","url":"https:\/\/clece.es\/es\/subencargados-de-tratamiento-de-clece-y-filiales\/","name":"Subencarregat de tractament de dades de Clece i filials - Clece","isPartOf":{"@id":"https:\/\/clece.es\/es\/#website"},"datePublished":"2024-11-19T14:51:43+00:00","dateModified":"2025-01-27T16:34:56+00:00","breadcrumb":{"@id":"https:\/\/clece.es\/es\/subencargados-de-tratamiento-de-clece-y-filiales\/#breadcrumb"},"inLanguage":"ca","potentialAction":[{"@type":"ReadAction","target":["https:\/\/clece.es\/es\/subencargados-de-tratamiento-de-clece-y-filiales\/"]}]},{"@type":"BreadcrumbList","@id":"https:\/\/clece.es\/es\/subencargados-de-tratamiento-de-clece-y-filiales\/#breadcrumb","itemListElement":[{"@type":"ListItem","position":1,"name":"Portada","item":"https:\/\/clece.es\/es\/"},{"@type":"ListItem","position":2,"name":"Subencarregat de tractament de dades de Clece i filials"}]},{"@type":"WebSite","@id":"https:\/\/clece.es\/es\/#website","url":"https:\/\/clece.es\/es\/","name":"Clece","description":"","publisher":{"@id":"https:\/\/clece.es\/es\/#organization"},"potentialAction":[{"@type":"SearchAction","target":{"@type":"EntryPoint","urlTemplate":"https:\/\/clece.es\/es\/?s={search_term_string}"},"query-input":{"@type":"PropertyValueSpecification","valueRequired":true,"valueName":"search_term_string"}}],"inLanguage":"ca"},{"@type":"Organization","@id":"https:\/\/clece.es\/es\/#organization","name":"Grupo Clece","url":"https:\/\/clece.es\/es\/","logo":{"@type":"ImageObject","inLanguage":"ca","@id":"https:\/\/clece.es\/es\/#\/schema\/logo\/image\/","url":"https:\/\/sitio2.utopiasl.eu\/wp-content\/uploads\/2024\/10\/Logotipos_filiales_Clece_logotipo.png","contentUrl":"https:\/\/sitio2.utopiasl.eu\/wp-content\/uploads\/2024\/10\/Logotipos_filiales_Clece_logotipo.png","width":5000,"height":5000,"caption":"Grupo Clece"},"image":{"@id":"https:\/\/clece.es\/es\/#\/schema\/logo\/image\/"},"sameAs":["https:\/\/www.facebook.com\/CleceSociedadAnonima\/","https:\/\/x.com\/Clece_","https:\/\/www.linkedin.com\/company\/clece-sa\/"]}]}},"_links":{"self":[{"href":"https:\/\/clece.es\/ca\/wp-json\/wp\/v2\/pages\/145956","targetHints":{"allow":["GET"]}}],"collection":[{"href":"https:\/\/clece.es\/ca\/wp-json\/wp\/v2\/pages"}],"about":[{"href":"https:\/\/clece.es\/ca\/wp-json\/wp\/v2\/types\/page"}],"author":[{"embeddable":true,"href":"https:\/\/clece.es\/ca\/wp-json\/wp\/v2\/users\/2"}],"replies":[{"embeddable":true,"href":"https:\/\/clece.es\/ca\/wp-json\/wp\/v2\/comments?post=145956"}],"version-history":[{"count":7,"href":"https:\/\/clece.es\/ca\/wp-json\/wp\/v2\/pages\/145956\/revisions"}],"predecessor-version":[{"id":146820,"href":"https:\/\/clece.es\/ca\/wp-json\/wp\/v2\/pages\/145956\/revisions\/146820"}],"wp:attachment":[{"href":"https:\/\/clece.es\/ca\/wp-json\/wp\/v2\/media?parent=145956"}],"curies":[{"name":"wp","href":"https:\/\/api.w.org\/{rel}","templated":true}]}}