{"id":8676,"date":"2024-09-17T11:32:04","date_gmt":"2024-09-17T11:32:04","guid":{"rendered":"https:\/\/sitio2.utopiasl.eu\/?page_id=8676"},"modified":"2025-05-26T10:51:41","modified_gmt":"2025-05-26T10:51:41","slug":"politica-de-privadesa","status":"publish","type":"page","link":"https:\/\/clece.es\/ca\/politica-de-privadesa\/","title":{"rendered":"Pol\u00edtica de privadesa"},"content":{"rendered":"\t\t<div data-elementor-type=\"wp-page\" data-elementor-id=\"8676\" class=\"elementor elementor-8676 elementor-177\" data-elementor-post-type=\"page\">\n\t\t\t\t<div class=\"elementor-element elementor-element-29c33de e-flex e-con-boxed e-con e-parent\" data-id=\"29c33de\" data-element_type=\"container\" data-e-type=\"container\">\n\t\t\t\t\t<div class=\"e-con-inner\">\n\t\t\t\t<div class=\"elementor-element elementor-element-f61667f elementor-widget elementor-widget-heading\" data-id=\"f61667f\" data-element_type=\"widget\" data-e-type=\"widget\" data-widget_type=\"heading.default\">\n\t\t\t\t<div class=\"elementor-widget-container\">\n\t\t\t\t\t<h2 class=\"elementor-heading-title elementor-size-default\">POL\u00cdTICA DE PRIVADESA<\/h2>\t\t\t\t<\/div>\n\t\t\t\t<\/div>\n\t\t\t\t\t<\/div>\n\t\t\t\t<\/div>\n\t\t<div class=\"elementor-element elementor-element-3f3324e e-flex e-con-boxed e-con e-parent\" data-id=\"3f3324e\" data-element_type=\"container\" data-e-type=\"container\">\n\t\t\t\t\t<div class=\"e-con-inner\">\n\t\t\t\t<div class=\"elementor-element elementor-element-e6cd495 elementor-widget elementor-widget-text-editor\" data-id=\"e6cd495\" data-element_type=\"widget\" data-e-type=\"widget\" data-widget_type=\"text-editor.default\">\n\t\t\t\t<div class=\"elementor-widget-container\">\n\t\t\t\t\t\t\t\t\t<p><strong>1. QUI \u00c9S EL RESPONSABLE DEL TRACTAMENT DE LES SEVES DADES PERSONALS?<\/strong><\/p><table><tbody><tr><td><strong>Denominaci\u00f3 Social<\/strong>:\u00a0CLECE, S.A.<\/td><\/tr><tr><td><strong>CIF<\/strong>: A80364243<\/td><\/tr><tr><td><strong>Adre\u00e7a Registrada:\u00a0<\/strong>Carrer de Quintanavides, 19, Bloc 4 \u2013 Plantes 1 i 2, 28050<br \/>Madrid, Espanya<\/td><\/tr><tr><td><strong>Tel\u00e8fon<\/strong>:\u00a0+34 91 745 91 00<\/td><\/tr><tr><td><strong>Contacte Delegat de Protecci\u00f3 de dades (DPD):<\/strong> <a href=\"mailto:rgpd-clece@clece.es\">rgpd-clece@clece.es<\/a><\/td><\/tr><\/tbody><\/table>\t\t\t\t\t\t\t\t<\/div>\n\t\t\t\t<\/div>\n\t\t\t\t\t<\/div>\n\t\t\t\t<\/div>\n\t\t<div class=\"elementor-element elementor-element-5069eb3 e-flex e-con-boxed e-con e-parent\" data-id=\"5069eb3\" data-element_type=\"container\" data-e-type=\"container\">\n\t\t\t\t\t<div class=\"e-con-inner\">\n\t\t\t\t<div class=\"elementor-element elementor-element-99f1f91 elementor-widget elementor-widget-text-editor\" data-id=\"99f1f91\" data-element_type=\"widget\" data-e-type=\"widget\" data-widget_type=\"text-editor.default\">\n\t\t\t\t<div class=\"elementor-widget-container\">\n\t\t\t\t\t\t\t\t\t<p><strong>2. AMB QUINA FINALITAT I SOBRE QUINA BASE LEGAL TRACTEM LES SEVES DADES PERSONALS?<\/strong><\/p><p>Mitjan\u00e7ant aquest lloc web, recopilem dades personals a trav\u00e9s del formulari de contacte per a les seg\u00fcents finalitats:<\/p><p><strong>Gesti\u00f3 de sol\u00b7licituds d\u00b4informaci\u00f3 i contacte:<\/strong><\/p><ul><li>Recopilar i gestionar consultes relatives als nostres serveis.<\/li><li>Proporcionar informaci\u00f3 sobre els serveis segons l\u00b4\u00e0rea geogr\u00e0fica seleccionada.<\/li><li>Atendre les sol\u00b7licituds rebudes.<\/li><\/ul><p>La base legal per a aquest tractament \u00e9s l\u00b4execuci\u00f3 d\u00b4un contracte o mesures precontractuals d\u00b4acord amb l\u00b4article 6.1(b) del Reglament General de Protecci\u00f3 de Dades (RGPD), i es considera concedit quan vost\u00e8 envia el formulari amb les seves dades.<\/p><p><strong>Gesti\u00f3 de suggeriments, reclamacions i comentaris:<\/strong><\/p><ul><li>Processar queixes, suggeriments o comentaris enviats mitjan\u00e7ant la secci\u00f3 corresponent.<\/li><li>Respondre a sol\u00b7licituds relacionades amb la qualitat dels serveis prestats.<\/li><\/ul><p>La base legal per a aquest tractament \u00e9s l\u00b4execuci\u00f3 d\u00b4un contracte o mesures precontractuals d\u00b4acord amb l\u00b4article 6.1(b) del Reglament General de Protecci\u00f3 de Dades (RGPD), i es considera concedit quan vost\u00e8 envia el formulari amb les seves dades.<\/p><p>Si vost\u00e8 es posa en contacte amb nosaltres a trav\u00e9s d&amp;#39;altres canals (per exemple, correu electr\u00f2nic), tractarem les seves dades per tramitar la seva sol\u00b7licitud i respondre mitjan\u00e7ant el mitj\u00e0 de contacte proporcionat. La base legal per a aquest tractament \u00e9s el seu consentiment expr\u00e9s, que es considera atorgat en rebre la seva petici\u00f3 per correu electr\u00f2nic.<\/p>\t\t\t\t\t\t\t\t<\/div>\n\t\t\t\t<\/div>\n\t\t\t\t\t<\/div>\n\t\t\t\t<\/div>\n\t\t<div class=\"elementor-element elementor-element-99e4716 e-flex e-con-boxed e-con e-parent\" data-id=\"99e4716\" data-element_type=\"container\" data-e-type=\"container\">\n\t\t\t\t\t<div class=\"e-con-inner\">\n\t\t\t\t<div class=\"elementor-element elementor-element-8d0c364 elementor-widget elementor-widget-text-editor\" data-id=\"8d0c364\" data-element_type=\"widget\" data-e-type=\"widget\" data-widget_type=\"text-editor.default\">\n\t\t\t\t<div class=\"elementor-widget-container\">\n\t\t\t\t\t\t\t\t\t<p><strong>3. QUINES CATEGORIES DE DADES TRACTEM?<\/strong><\/p><p>Segons l\u2019\u00fas que faci del nostre lloc web, podem tractar les seg\u00fcents categories de dades personals:<\/p><ul><li><strong>Dades identificatives<\/strong> i <strong>de contacte<\/strong>: Nom, cognoms, adre\u00e7a de correu electr\u00f2nic i tel\u00e8fon.<\/li><li><strong>Dades de localitzaci\u00f3:<\/strong> Selecci\u00f3 d\u00b4\u00e0rea geogr\u00e0fica.<\/li><li><strong>Dades de navegaci\u00f3:<\/strong> Adre\u00e7a IP i patrons d\u00b4\u00fas del lloc web (Per a m\u00e9s<br \/>informaci\u00f3, consulti la nostra Pol\u00edtica de Cookies).<\/li><li><strong>Altres dades<\/strong>: Informaci\u00f3 addicional proporcionada per l\u2019usuari en el camp &#8220;Comentaris&#8221; del formulari.<\/li><\/ul><p>Li demanem que no envi\u00ef dades personals sensibles o informaci\u00f3 de tercers sense el seu consentiment expl\u00edcit a trav\u00e9s del formulari web o mitjan\u00e7ant cap correu electr\u00f2nic proporcionat en aquest lloc web.<\/p>\t\t\t\t\t\t\t\t<\/div>\n\t\t\t\t<\/div>\n\t\t\t\t\t<\/div>\n\t\t\t\t<\/div>\n\t\t<div class=\"elementor-element elementor-element-6619e04 e-flex e-con-boxed e-con e-parent\" data-id=\"6619e04\" data-element_type=\"container\" data-e-type=\"container\">\n\t\t\t\t\t<div class=\"e-con-inner\">\n\t\t\t\t<div class=\"elementor-element elementor-element-1c1accd elementor-widget elementor-widget-text-editor\" data-id=\"1c1accd\" data-element_type=\"widget\" data-e-type=\"widget\" data-widget_type=\"text-editor.default\">\n\t\t\t\t<div class=\"elementor-widget-container\">\n\t\t\t\t\t\t\t\t\t<p><strong>4. DURANT QUANT DE TEMPS CONSERVEM LES SEVES DADES PERSONALS?<\/strong><\/p><p>Les dades personals es conservaran durant els per\u00edodes seg\u00fcents:<\/p><ul><li><strong>Gesti\u00f3 de sol\u00b7licituds i consultes:<\/strong> Fins a resoldre la consulta i per un m\u00e0xim de 12 mesos.<\/li><li><strong>Suggeriments i reclamacions:<\/strong> Durant el temps necessari per resoldre la q\u00fcesti\u00f3 i fins a 5 anys despr\u00e9s de la seva tramitaci\u00f3 (termini de prescripci\u00f3 d\u00b4accions civils potencials).<\/li><li><strong>Dades de navegaci\u00f3<\/strong>: Segons la configuraci\u00f3 de cookies (Per a m\u00e9s informaci\u00f3, consulti la nostra Pol\u00edtica de Cookies).<\/li><\/ul>\t\t\t\t\t\t\t\t<\/div>\n\t\t\t\t<\/div>\n\t\t\t\t\t<\/div>\n\t\t\t\t<\/div>\n\t\t<div class=\"elementor-element elementor-element-a814a64 e-flex e-con-boxed e-con e-parent\" data-id=\"a814a64\" data-element_type=\"container\" data-e-type=\"container\">\n\t\t\t\t\t<div class=\"e-con-inner\">\n\t\t\t\t<div class=\"elementor-element elementor-element-516e36f elementor-widget elementor-widget-text-editor\" data-id=\"516e36f\" data-element_type=\"widget\" data-e-type=\"widget\" data-widget_type=\"text-editor.default\">\n\t\t\t\t<div class=\"elementor-widget-container\">\n\t\t\t\t\t\t\t\t\t<p><strong>5. A QUI COMUNIQUEM LES SEVES DADES PERSONALS?<\/strong><\/p><p>No cedirem les seves dades personals a tercers fora del Grup CLECE, excepte si \u00e9s necessari per obligaci\u00f3 legal o per a la prestaci\u00f3 de serveis amb prove\u00efdors contractats, com ara:<\/p><ul><li><strong>Prove\u00efdors tecnol\u00f2gics:<\/strong> Plataformes d\u00b4allotjament i manteniment web.<\/li><li><strong>Autoritats i organismes p\u00fablics<\/strong>:\u00a0Quan la llei ho requereixi.<\/li><\/ul><p>En cas de serveis amb prove\u00efdors fora de l\u2019Espai Econ\u00f2mic Europeu (EEE), garantim que compleixin amb les garanties adequades per a la protecci\u00f3 de les dades personals.<\/p><p>A m\u00e9s, la nostra companyia t\u00e9 pres\u00e8ncia a xarxes socials (Facebook, Twitter, YouTube, LinkedIn). Quan interactu\u00ef amb els nostres perfils, li recomanem que revisi les seves pol\u00edtiques de privacitat.<\/p>\t\t\t\t\t\t\t\t<\/div>\n\t\t\t\t<\/div>\n\t\t\t\t\t<\/div>\n\t\t\t\t<\/div>\n\t\t<div class=\"elementor-element elementor-element-daac50c e-flex e-con-boxed e-con e-parent\" data-id=\"daac50c\" data-element_type=\"container\" data-e-type=\"container\">\n\t\t\t\t\t<div class=\"e-con-inner\">\n\t\t\t\t<div class=\"elementor-element elementor-element-09975d1 elementor-widget elementor-widget-text-editor\" data-id=\"09975d1\" data-element_type=\"widget\" data-e-type=\"widget\" data-widget_type=\"text-editor.default\">\n\t\t\t\t<div class=\"elementor-widget-container\">\n\t\t\t\t\t\t\t\t\t<p><strong>6. COM PROTEGIM LES SEVES DADES PERSONALS?<\/strong><\/p><p>Apliquem mesures t\u00e8cniques i organitzatives adequades per garantir la seguretat de les seves dades personals, evitant accessos no autoritzats, p\u00e8rdues o alteracions.<\/p>\t\t\t\t\t\t\t\t<\/div>\n\t\t\t\t<\/div>\n\t\t\t\t\t<\/div>\n\t\t\t\t<\/div>\n\t\t<div class=\"elementor-element elementor-element-1181839 e-flex e-con-boxed e-con e-parent\" data-id=\"1181839\" data-element_type=\"container\" data-e-type=\"container\">\n\t\t\t\t\t<div class=\"e-con-inner\">\n\t\t\t\t<div class=\"elementor-element elementor-element-e589b81 elementor-widget elementor-widget-text-editor\" data-id=\"e589b81\" data-element_type=\"widget\" data-e-type=\"widget\" data-widget_type=\"text-editor.default\">\n\t\t\t\t<div class=\"elementor-widget-container\">\n\t\t\t\t\t\t\t\t\t<p><strong>7. QUINS S\u00d3N ELS SEUS DRETS I COM ELS POT EXERCIR?<\/strong><\/p><p>Vost\u00e8 t\u00e9 dret a:<\/p><ul><li><strong>Acc\u00e9s<\/strong>: Obtenir confirmaci\u00f3 sobre si estem tractant les seves dades personals i accedir-hi.<\/li><li><strong>Rectificaci\u00f3<\/strong>: Sol\u00b7licitar la modificaci\u00f3 de dades inexactes o incompletes.<\/li><li><strong>Supressi\u00f3 (Dret a l\u2019oblit)<\/strong>: Sol\u00b7licitar l\u00b4eliminaci\u00f3 de les seves dades personals quan ja no siguin necess\u00e0ries per als fins per als quals es van recopilar.<\/li><li><strong>Limitaci\u00f3 del tractament<\/strong>: Restringir el tractament de les seves dades en determinades circumst\u00e0ncies.<\/li><li><strong>Oposici\u00f3<\/strong>: Negar-se al tractament de les seves dades per a finalitats espec\u00edfiques.<\/li><li><strong>Portabilitat<\/strong>: Rebre les seves dades en un format estructurat, d\u00b4\u00fas com\u00fa i llegible per m\u00e0quina o sol\u00b7licitar la seva transfer\u00e8ncia a un altre responsable.<\/li><\/ul><p>Per exercir aquests drets, envieu un correu a<a href=\"mailto:rgpd-clece@clece.es\"> rgpd-clece@clece.es<\/a> amb l\u00b4assumpte &#8220;Exercici de Drets de Protecci\u00f3 de Dades&#8221;.<\/p><p>Si considera que els seus drets no han estat adequadament atesos, pot presentar una reclamaci\u00f3 davant l\u00b4Ag\u00e8ncia Espanyola de Protecci\u00f3 de Dades (AEPD) (C\/ Jorge Juan, 6, 28001 Madrid o\u00a0<a href=\"https:\/\/www.aepd.es\/\">www.aepd.es<\/a>).<\/p>\t\t\t\t\t\t\t\t<\/div>\n\t\t\t\t<\/div>\n\t\t\t\t\t<\/div>\n\t\t\t\t<\/div>\n\t\t<div class=\"elementor-element elementor-element-e9da6d4 e-flex e-con-boxed e-con e-parent\" data-id=\"e9da6d4\" data-element_type=\"container\" data-e-type=\"container\">\n\t\t\t\t\t<div class=\"e-con-inner\">\n\t\t\t\t<div class=\"elementor-element elementor-element-69c2c79 elementor-widget elementor-widget-text-editor\" data-id=\"69c2c79\" data-element_type=\"widget\" data-e-type=\"widget\" data-widget_type=\"text-editor.default\">\n\t\t\t\t<div class=\"elementor-widget-container\">\n\t\t\t\t\t\t\t\t\t<p><strong>8. ACTUALITZACIONS D\u00b4AQUESTA POL\u00cdTICA DE PRIVACITAT<\/strong><\/p><p>L\u2019empresa pot actualitzar aquesta pol\u00edtica de privacitat per reflectir canvis en la normativa o en les seves pr\u00e0ctiques de tractament de dades. Es recomana revisar-la peri\u00f2dicament.<\/p>\t\t\t\t\t\t\t\t<\/div>\n\t\t\t\t<\/div>\n\t\t\t\t\t<\/div>\n\t\t\t\t<\/div>\n\t\t\t\t<\/div>\n\t\t","protected":false},"excerpt":{"rendered":"<p>POL\u00cdTICA DE PRIVADESA 1. QUI \u00c9S EL RESPONSABLE DEL TRACTAMENT DE LES SEVES DADES PERSONALS? Denominaci\u00f3 Social:\u00a0CLECE, S.A. CIF: A80364243 Adre\u00e7a Registrada:\u00a0Carrer de Quintanavides, 19, Bloc 4 \u2013 Plantes 1 i 2, 28050Madrid, Espanya Tel\u00e8fon:\u00a0+34 91 745 91 00 Contacte Delegat de Protecci\u00f3 de dades (DPD): rgpd-clece@clece.es 2. AMB QUINA FINALITAT I SOBRE QUINA BASE [&hellip;]<\/p>\n","protected":false},"author":6,"featured_media":0,"parent":0,"menu_order":0,"comment_status":"closed","ping_status":"closed","template":"","meta":{"_acf_changed":false,"footnotes":""},"class_list":["post-8676","page","type-page","status-publish","hentry"],"acf":[],"yoast_head":"<!-- This site is optimized with the Yoast SEO plugin v27.4 - https:\/\/yoast.com\/product\/yoast-seo-wordpress\/ -->\n<title>Pol\u00edtica de privadesa | Clece<\/title>\n<meta name=\"description\" content=\"Llegeix la nostra pol\u00edtica de privadesa, amb estrictes mesures de seguretat i confidencialitat. T\u2019expliquem com gestionem la teva informaci\u00f3 a Clece i les seves filials.\" \/>\n<meta name=\"robots\" content=\"index, follow, max-snippet:-1, max-image-preview:large, max-video-preview:-1\" \/>\n<link rel=\"canonical\" href=\"https:\/\/clece.es\/ca\/politica-de-privadesa\/\" \/>\n<meta property=\"og:locale\" content=\"ca_ES\" \/>\n<meta property=\"og:type\" content=\"article\" \/>\n<meta property=\"og:title\" content=\"Pol\u00edtica de privadesa | Clece\" \/>\n<meta property=\"og:description\" content=\"Llegeix la nostra pol\u00edtica de privadesa, amb estrictes mesures de seguretat i confidencialitat. T\u2019expliquem com gestionem la teva informaci\u00f3 a Clece i les seves filials.\" \/>\n<meta property=\"og:url\" content=\"https:\/\/clece.es\/ca\/politica-de-privadesa\/\" \/>\n<meta property=\"og:site_name\" content=\"Clece\" \/>\n<meta property=\"article:publisher\" content=\"https:\/\/www.facebook.com\/CleceSociedadAnonima\/\" \/>\n<meta property=\"article:modified_time\" content=\"2025-05-26T10:51:41+00:00\" \/>\n<meta name=\"twitter:card\" content=\"summary_large_image\" \/>\n<meta name=\"twitter:site\" content=\"@Clece_\" \/>\n<meta name=\"twitter:label1\" content=\"Temps estimat de lectura\" \/>\n\t<meta name=\"twitter:data1\" content=\"5 minuts\" \/>\n<script type=\"application\/ld+json\" class=\"yoast-schema-graph\">{\"@context\":\"https:\\\/\\\/schema.org\",\"@graph\":[{\"@type\":\"WebPage\",\"@id\":\"https:\\\/\\\/clece.es\\\/ca\\\/politica-de-privadesa\\\/\",\"url\":\"https:\\\/\\\/clece.es\\\/ca\\\/politica-de-privadesa\\\/\",\"name\":\"Pol\u00edtica de privadesa | Clece\",\"isPartOf\":{\"@id\":\"https:\\\/\\\/clece.es\\\/es\\\/#website\"},\"datePublished\":\"2024-09-17T11:32:04+00:00\",\"dateModified\":\"2025-05-26T10:51:41+00:00\",\"description\":\"Llegeix la nostra pol\u00edtica de privadesa, amb estrictes mesures de seguretat i confidencialitat. T\u2019expliquem com gestionem la teva informaci\u00f3 a Clece i les seves filials.\",\"breadcrumb\":{\"@id\":\"https:\\\/\\\/clece.es\\\/ca\\\/politica-de-privadesa\\\/#breadcrumb\"},\"inLanguage\":\"ca\",\"potentialAction\":[{\"@type\":\"ReadAction\",\"target\":[\"https:\\\/\\\/clece.es\\\/ca\\\/politica-de-privadesa\\\/\"]}]},{\"@type\":\"BreadcrumbList\",\"@id\":\"https:\\\/\\\/clece.es\\\/ca\\\/politica-de-privadesa\\\/#breadcrumb\",\"itemListElement\":[{\"@type\":\"ListItem\",\"position\":1,\"name\":\"Portada\",\"item\":\"https:\\\/\\\/clece.es\\\/es\\\/\"},{\"@type\":\"ListItem\",\"position\":2,\"name\":\"Pol\u00edtica de privadesa\"}]},{\"@type\":\"WebSite\",\"@id\":\"https:\\\/\\\/clece.es\\\/es\\\/#website\",\"url\":\"https:\\\/\\\/clece.es\\\/es\\\/\",\"name\":\"Clece\",\"description\":\"\",\"publisher\":{\"@id\":\"https:\\\/\\\/clece.es\\\/es\\\/#organization\"},\"potentialAction\":[{\"@type\":\"SearchAction\",\"target\":{\"@type\":\"EntryPoint\",\"urlTemplate\":\"https:\\\/\\\/clece.es\\\/es\\\/?s={search_term_string}\"},\"query-input\":{\"@type\":\"PropertyValueSpecification\",\"valueRequired\":true,\"valueName\":\"search_term_string\"}}],\"inLanguage\":\"ca\"},{\"@type\":\"Organization\",\"@id\":\"https:\\\/\\\/clece.es\\\/es\\\/#organization\",\"name\":\"Grupo Clece\",\"url\":\"https:\\\/\\\/clece.es\\\/es\\\/\",\"logo\":{\"@type\":\"ImageObject\",\"inLanguage\":\"ca\",\"@id\":\"https:\\\/\\\/clece.es\\\/es\\\/#\\\/schema\\\/logo\\\/image\\\/\",\"url\":\"https:\\\/\\\/sitio2.utopiasl.eu\\\/wp-content\\\/uploads\\\/2024\\\/10\\\/Logotipos_filiales_Clece_logotipo.png\",\"contentUrl\":\"https:\\\/\\\/sitio2.utopiasl.eu\\\/wp-content\\\/uploads\\\/2024\\\/10\\\/Logotipos_filiales_Clece_logotipo.png\",\"width\":5000,\"height\":5000,\"caption\":\"Grupo Clece\"},\"image\":{\"@id\":\"https:\\\/\\\/clece.es\\\/es\\\/#\\\/schema\\\/logo\\\/image\\\/\"},\"sameAs\":[\"https:\\\/\\\/www.facebook.com\\\/CleceSociedadAnonima\\\/\",\"https:\\\/\\\/x.com\\\/Clece_\",\"https:\\\/\\\/www.linkedin.com\\\/company\\\/clece-sa\\\/\"]}]}<\/script>\n<!-- \/ Yoast SEO plugin. -->","yoast_head_json":{"title":"Pol\u00edtica de privadesa | Clece","description":"Llegeix la nostra pol\u00edtica de privadesa, amb estrictes mesures de seguretat i confidencialitat. T\u2019expliquem com gestionem la teva informaci\u00f3 a Clece i les seves filials.","robots":{"index":"index","follow":"follow","max-snippet":"max-snippet:-1","max-image-preview":"max-image-preview:large","max-video-preview":"max-video-preview:-1"},"canonical":"https:\/\/clece.es\/ca\/politica-de-privadesa\/","og_locale":"ca_ES","og_type":"article","og_title":"Pol\u00edtica de privadesa | Clece","og_description":"Llegeix la nostra pol\u00edtica de privadesa, amb estrictes mesures de seguretat i confidencialitat. T\u2019expliquem com gestionem la teva informaci\u00f3 a Clece i les seves filials.","og_url":"https:\/\/clece.es\/ca\/politica-de-privadesa\/","og_site_name":"Clece","article_publisher":"https:\/\/www.facebook.com\/CleceSociedadAnonima\/","article_modified_time":"2025-05-26T10:51:41+00:00","twitter_card":"summary_large_image","twitter_site":"@Clece_","twitter_misc":{"Temps estimat de lectura":"5 minuts"},"schema":{"@context":"https:\/\/schema.org","@graph":[{"@type":"WebPage","@id":"https:\/\/clece.es\/ca\/politica-de-privadesa\/","url":"https:\/\/clece.es\/ca\/politica-de-privadesa\/","name":"Pol\u00edtica de privadesa | Clece","isPartOf":{"@id":"https:\/\/clece.es\/es\/#website"},"datePublished":"2024-09-17T11:32:04+00:00","dateModified":"2025-05-26T10:51:41+00:00","description":"Llegeix la nostra pol\u00edtica de privadesa, amb estrictes mesures de seguretat i confidencialitat. T\u2019expliquem com gestionem la teva informaci\u00f3 a Clece i les seves filials.","breadcrumb":{"@id":"https:\/\/clece.es\/ca\/politica-de-privadesa\/#breadcrumb"},"inLanguage":"ca","potentialAction":[{"@type":"ReadAction","target":["https:\/\/clece.es\/ca\/politica-de-privadesa\/"]}]},{"@type":"BreadcrumbList","@id":"https:\/\/clece.es\/ca\/politica-de-privadesa\/#breadcrumb","itemListElement":[{"@type":"ListItem","position":1,"name":"Portada","item":"https:\/\/clece.es\/es\/"},{"@type":"ListItem","position":2,"name":"Pol\u00edtica de privadesa"}]},{"@type":"WebSite","@id":"https:\/\/clece.es\/es\/#website","url":"https:\/\/clece.es\/es\/","name":"Clece","description":"","publisher":{"@id":"https:\/\/clece.es\/es\/#organization"},"potentialAction":[{"@type":"SearchAction","target":{"@type":"EntryPoint","urlTemplate":"https:\/\/clece.es\/es\/?s={search_term_string}"},"query-input":{"@type":"PropertyValueSpecification","valueRequired":true,"valueName":"search_term_string"}}],"inLanguage":"ca"},{"@type":"Organization","@id":"https:\/\/clece.es\/es\/#organization","name":"Grupo Clece","url":"https:\/\/clece.es\/es\/","logo":{"@type":"ImageObject","inLanguage":"ca","@id":"https:\/\/clece.es\/es\/#\/schema\/logo\/image\/","url":"https:\/\/sitio2.utopiasl.eu\/wp-content\/uploads\/2024\/10\/Logotipos_filiales_Clece_logotipo.png","contentUrl":"https:\/\/sitio2.utopiasl.eu\/wp-content\/uploads\/2024\/10\/Logotipos_filiales_Clece_logotipo.png","width":5000,"height":5000,"caption":"Grupo Clece"},"image":{"@id":"https:\/\/clece.es\/es\/#\/schema\/logo\/image\/"},"sameAs":["https:\/\/www.facebook.com\/CleceSociedadAnonima\/","https:\/\/x.com\/Clece_","https:\/\/www.linkedin.com\/company\/clece-sa\/"]}]}},"_links":{"self":[{"href":"https:\/\/clece.es\/ca\/wp-json\/wp\/v2\/pages\/8676","targetHints":{"allow":["GET"]}}],"collection":[{"href":"https:\/\/clece.es\/ca\/wp-json\/wp\/v2\/pages"}],"about":[{"href":"https:\/\/clece.es\/ca\/wp-json\/wp\/v2\/types\/page"}],"author":[{"embeddable":true,"href":"https:\/\/clece.es\/ca\/wp-json\/wp\/v2\/users\/6"}],"replies":[{"embeddable":true,"href":"https:\/\/clece.es\/ca\/wp-json\/wp\/v2\/comments?post=8676"}],"version-history":[{"count":24,"href":"https:\/\/clece.es\/ca\/wp-json\/wp\/v2\/pages\/8676\/revisions"}],"predecessor-version":[{"id":148166,"href":"https:\/\/clece.es\/ca\/wp-json\/wp\/v2\/pages\/8676\/revisions\/148166"}],"wp:attachment":[{"href":"https:\/\/clece.es\/ca\/wp-json\/wp\/v2\/media?parent=8676"}],"curies":[{"name":"wp","href":"https:\/\/api.w.org\/{rel}","templated":true}]}}