{"id":8695,"date":"2024-09-17T11:31:55","date_gmt":"2024-09-17T11:31:55","guid":{"rendered":"https:\/\/sitio2.utopiasl.eu\/?page_id=8695"},"modified":"2025-01-28T09:47:32","modified_gmt":"2025-01-28T09:47:32","slug":"avis-legal","status":"publish","type":"page","link":"https:\/\/clece.es\/ca\/avis-legal\/","title":{"rendered":"Av\u00eds legal"},"content":{"rendered":"\t\t<div data-elementor-type=\"wp-page\" data-elementor-id=\"8695\" class=\"elementor elementor-8695 elementor-175\" data-elementor-post-type=\"page\">\n\t\t\t\t<div class=\"elementor-element elementor-element-3b343b7 e-flex e-con-boxed e-con e-parent\" data-id=\"3b343b7\" data-element_type=\"container\" data-e-type=\"container\">\n\t\t\t\t\t<div class=\"e-con-inner\">\n\t\t\t\t<div class=\"elementor-element elementor-element-4cb8297 elementor-widget elementor-widget-heading\" data-id=\"4cb8297\" data-element_type=\"widget\" data-e-type=\"widget\" data-widget_type=\"heading.default\">\n\t\t\t\t<div class=\"elementor-widget-container\">\n\t\t\t\t\t<h2 class=\"elementor-heading-title elementor-size-default\">AV\u00cdS LEGAL<\/h2>\t\t\t\t<\/div>\n\t\t\t\t<\/div>\n\t\t\t\t\t<\/div>\n\t\t\t\t<\/div>\n\t\t<div class=\"elementor-element elementor-element-908d245 e-flex e-con-boxed e-con e-parent\" data-id=\"908d245\" data-element_type=\"container\" data-e-type=\"container\">\n\t\t\t\t\t<div class=\"e-con-inner\">\n\t\t\t\t<div class=\"elementor-element elementor-element-54aac86 elementor-widget elementor-widget-text-editor\" data-id=\"54aac86\" data-element_type=\"widget\" data-e-type=\"widget\" data-widget_type=\"text-editor.default\">\n\t\t\t\t<div class=\"elementor-widget-container\">\n\t\t\t\t\t\t\t\t\t<p><strong>DADES IDENTIFICATIVES:<\/strong><\/p><p>En compliment amb el deure d\u2019informaci\u00f3 que es recull a l\u2019article 10 de la Llei 34\/2002, d\u201911 de juliol, de serveis de la societat de la informaci\u00f3 i del comer\u00e7 electr\u00f2nic, a continuaci\u00f3 s\u2019indiquen les dades seg\u00fcents:<\/p><p>L\u2019empresa titular d\u2019aquest lloc web \u00e9s CLECE, SA, amb domicili a C\/Quintanavides, 19. Edificio 4 , 28050 \u2013 Madrid, amb n\u00famero de CIF: A-80364243, inscrita en el Registre Mercantil de Madrid al volum 3176, foli 101, full M-54.213, inscripci\u00f3 1a.<\/p><p>Correu electr\u00f2nic de contacte: clece@grupoclece.com<\/p>\t\t\t\t\t\t\t\t<\/div>\n\t\t\t\t<\/div>\n\t\t\t\t\t<\/div>\n\t\t\t\t<\/div>\n\t\t<div class=\"elementor-element elementor-element-ec6b0f0 e-flex e-con-boxed e-con e-parent\" data-id=\"ec6b0f0\" data-element_type=\"container\" data-e-type=\"container\">\n\t\t\t\t\t<div class=\"e-con-inner\">\n\t\t\t\t<div class=\"elementor-element elementor-element-5598313 elementor-widget elementor-widget-text-editor\" data-id=\"5598313\" data-element_type=\"widget\" data-e-type=\"widget\" data-widget_type=\"text-editor.default\">\n\t\t\t\t<div class=\"elementor-widget-container\">\n\t\t\t\t\t\t\t\t\t<p><strong>USUARIS<\/strong><strong>:<\/strong><\/p><p>l\u2019acc\u00e9s o l\u2019\u00fas del lloc web clece.es atribueix la condici\u00f3 d\u2019USUARI, que accepta, des d\u2019aquest acc\u00e9s o \u00fas, les Condicions Generals d\u2019\u00das que s\u2019indiquen aqu\u00ed. Les condicions que se citen seran aplicables independentment de les Condicions Particulars que, si escau, regeixin la utilitzaci\u00f3 del lloc web o dels serveis que hi estan vinculats. La prestaci\u00f3 del servei del lloc web t\u00e9 car\u00e0cter gratu\u00eft.<\/p><p>Quan l\u2019USUARI es registri i aporti dades personals per poder accedir a algun dels serveis espec\u00edfics, a la recollida i al tractament de les dades personals dels USUARIS hi ser\u00e0 aplicable el que disposa l\u2019ep\u00edgraf sobre seguretat i protecci\u00f3 de dades de car\u00e0cter personal.<\/p>\t\t\t\t\t\t\t\t<\/div>\n\t\t\t\t<\/div>\n\t\t\t\t\t<\/div>\n\t\t\t\t<\/div>\n\t\t<div class=\"elementor-element elementor-element-fa0add6 e-flex e-con-boxed e-con e-parent\" data-id=\"fa0add6\" data-element_type=\"container\" data-e-type=\"container\">\n\t\t\t\t\t<div class=\"e-con-inner\">\n\t\t\t\t<div class=\"elementor-element elementor-element-9ec74af elementor-widget elementor-widget-text-editor\" data-id=\"9ec74af\" data-element_type=\"widget\" data-e-type=\"widget\" data-widget_type=\"text-editor.default\">\n\t\t\t\t<div class=\"elementor-widget-container\">\n\t\t\t\t\t\t\t\t\t<p><strong>OBLIGACIONS DE L\u2019USUARI:<\/strong><\/p><p>el simple acc\u00e9s, navegaci\u00f3 i \u00fas del lloc web comporta i suposa l\u2019acceptaci\u00f3, per part de l\u2019Usuari, de l\u2019Av\u00eds Legal vigent i publicat en cada moment.<\/p><p>El lloc web de\u00a0<a href=\"https:\/\/www.clece.es\/\"><u>www.clece.es<\/u><\/a>\u00a0proporciona l\u2019acc\u00e9s a multitud d\u2019informacions, serveis, programes o dades (d\u2019ara endavant, \u201cels continguts\u201d) a Internet que pertanyen a CLECE, SA, o als seus llicenciadors als quals l\u2019USUARI pugui tenir acc\u00e9s.<\/p><p>L\u2019USUARI assumeix la responsabilitat de l\u2019\u00fas del PORTAL. Aquesta responsabilitat s\u2019est\u00e9n al registre que fos necessari per accedir a certs serveis o continguts. En aquest registre, l\u2019USUARI ser\u00e0 responsable d\u2019aportar informaci\u00f3 vera\u00e7 i l\u00edcita. Com a conseq\u00fc\u00e8ncia d\u2019aquest registre, a l\u2019USUARI se li pot proporcionar una contrasenya, de la qual ser\u00e0 responsable i es compromet a fer un \u00fas diligent i confidencial.<\/p><p>L\u2019USUARI es compromet a fer un \u00fas adequat dels continguts i dels serveis que CLECE, SA, ofereix a trav\u00e9s del seu lloc web i amb car\u00e0cter enunciatiu per\u00f2 no limitatiu, a no emprar-los per (i) inc\u00f3rrer en activitats il\u00b7l\u00edcites, il\u00b7legals o contr\u00e0ries a la bona fe i a l\u2019ordre p\u00fablic; (ii) difondre continguts o propaganda de car\u00e0cter racista, xen\u00f2fob, pornogr\u00e0fic-il\u00b7legal, d\u2019apologia del terrorisme o que atempti contra els drets humans; (iii) provocar danys en els sistemes f\u00edsics i l\u00f2gics de clece.es, dels seus prove\u00efdors o de terceres persones, introduir o difondre a la xarxa virus inform\u00e0tics o qualssevol altres sistemes f\u00edsics o l\u00f2gics que siguin susceptibles de provocar els danys que s\u2019han esmentat anteriorment; (iv) intentar accedir i, si escau, fer servir els comptes de correu electr\u00f2nic d\u2019altres usuaris i modificar o manipular-ne els missatges.<\/p><p>CLECE, SA, es reserva el dret de retirar tots els comentaris i les aportacions que vulnerin el respecte a la dignitat de la persona, que siguin discriminatoris, xen\u00f2fobs, racistes, pornogr\u00e0fics, que atemptin contra el jovent o la inf\u00e0ncia, l\u2019ordre o la seguretat p\u00fablica o que, si ho considera aix\u00ed, no siguin adequats per a la seva publicaci\u00f3.<\/p><p>En qualsevol cas, CLECE, SA, no ser\u00e0 responsable de les opinions que expressin els usuaris a trav\u00e9s dels f\u00f2rums, missatges o altres eines de participaci\u00f3, si escau.<\/p>\t\t\t\t\t\t\t\t<\/div>\n\t\t\t\t<\/div>\n\t\t\t\t\t<\/div>\n\t\t\t\t<\/div>\n\t\t<div class=\"elementor-element elementor-element-265418f e-flex e-con-boxed e-con e-parent\" data-id=\"265418f\" data-element_type=\"container\" data-e-type=\"container\">\n\t\t\t\t\t<div class=\"e-con-inner\">\n\t\t\t\t<div class=\"elementor-element elementor-element-9cdfbef elementor-widget elementor-widget-text-editor\" data-id=\"9cdfbef\" data-element_type=\"widget\" data-e-type=\"widget\" data-widget_type=\"text-editor.default\">\n\t\t\t\t<div class=\"elementor-widget-container\">\n\t\t\t\t\t\t\t\t\t<p><strong>PROPIETAT INTEL\u00b7LECTUAL I INDUSTRIAL:<\/strong><\/p><p>CLECE, SA, per ella mateixa o com a cession\u00e0ria, \u00e9s titular de tots els drets de propietat intel\u00b7lectual i industrial de les seves p\u00e0gines webs, aix\u00ed com dels elements que s\u2019hi recullen (a t\u00edtol enunciatiu, imatges, so, \u00e0udio, v\u00eddeo, programari o textos; marques o logotips, combinacions de colors, estructura i disseny, selecci\u00f3 de materials usats, programes d\u2019ordinador necessaris per al seu funcionament, acc\u00e9s i \u00fas, etc.).<\/p><p>L\u2019usuari es compromet a respectar els drets de propietat intel\u00b7lectual i industrial titularitat de CLECE, SA. L\u2019acc\u00e9s, la navegaci\u00f3, la utilitzaci\u00f3, l\u2019emmagatzematge o les desc\u00e0rregues del contingut, per part de l\u2019usuari al lloc web no li atorga cap dret de propietat sobre aquests.<\/p><p>En conseq\u00fc\u00e8ncia, l\u2019\u00fas dels continguts del lloc web per part de l\u2019usuari ser\u00e0\u00a0 per al seu \u00fas privat i, sempre que, amb aix\u00f2 no infringeixi el copyright o qualsevol altre dret de CLECE, SA. Aquesta autoritzaci\u00f3 de c\u00f2pia privada no implica la concessi\u00f3 de cap mena de llic\u00e8ncia o dret d\u2019explotaci\u00f3 a favor de l\u2019usuari.<\/p>\t\t\t\t\t\t\t\t<\/div>\n\t\t\t\t<\/div>\n\t\t\t\t\t<\/div>\n\t\t\t\t<\/div>\n\t\t<div class=\"elementor-element elementor-element-affc6a6 e-flex e-con-boxed e-con e-parent\" data-id=\"affc6a6\" data-element_type=\"container\" data-e-type=\"container\">\n\t\t\t\t\t<div class=\"e-con-inner\">\n\t\t\t\t<div class=\"elementor-element elementor-element-93c0007 elementor-widget elementor-widget-text-editor\" data-id=\"93c0007\" data-element_type=\"widget\" data-e-type=\"widget\" data-widget_type=\"text-editor.default\">\n\t\t\t\t<div class=\"elementor-widget-container\">\n\t\t\t\t\t\t\t\t\t<p><strong>EXCLUSI\u00d3 DE GARANTIES I RESPONSABILITAT:<\/strong><\/p><p>CLECE, SA, ha adoptat totes les mesures necess\u00e0ries, dins de les seves possibilitats i de l\u2019estat de la tecnologia, per garantir el funcionament del lloc web i evitar l\u2019exist\u00e8ncia i la transmissi\u00f3 de virus i altres components nocius als Usuaris.<\/p><p>L\u2019Usuari ha de saber que les comunicacions a trav\u00e9s de xarxes obertes estan exposades a una pluralitat d\u2019amenaces que fa que no siguin segures. \u00c9s responsabilitat de l\u2019Usuari adoptar totes les mesures t\u00e8cniques adequades per controlar raonablement aquestes amenaces i, entre aquestes, el fet de tenir sistemes actualitzats de detecci\u00f3 de programari malici\u00f3s, com ara virus, troians, etc., aix\u00ed com tenir actualitzats els pegats de seguretat dels corresponents navegadors.<\/p><p>CLECE, SA, no es fa responsable, en cap cas, dels danys i perjudicis de qualsevol naturalesa que pogu\u00e9s ocasionar.<\/p><p>CLECE, SA, no garanteix la mancada disponibilitat, manteniment i efectiu funcionament del lloc web i\/o dels seus serveis. No obstant aix\u00f2, posar\u00e0 els seus millors esfor\u00e7os a procurar que el lloc web estigui accessible i en ple funcionament tot el temps.<\/p>\t\t\t\t\t\t\t\t<\/div>\n\t\t\t\t<\/div>\n\t\t\t\t\t<\/div>\n\t\t\t\t<\/div>\n\t\t<div class=\"elementor-element elementor-element-a463fe3 e-flex e-con-boxed e-con e-parent\" data-id=\"a463fe3\" data-element_type=\"container\" data-e-type=\"container\">\n\t\t\t\t\t<div class=\"e-con-inner\">\n\t\t\t\t<div class=\"elementor-element elementor-element-34a2337 elementor-widget elementor-widget-text-editor\" data-id=\"34a2337\" data-element_type=\"widget\" data-e-type=\"widget\" data-widget_type=\"text-editor.default\">\n\t\t\t\t<div class=\"elementor-widget-container\">\n\t\t\t\t\t\t\t\t\t<p><strong>\u00daS DE GALETES:<\/strong><\/p><p>El lloc web de clece.es fa servir galetes (petits arxius d\u2019informaci\u00f3 que el servidor envia a l\u2019ordinador de qui accedeix a la p\u00e0gina) per al funcionament i la visualitzaci\u00f3 correctes dels llocs web per part de l\u2019usuari, aix\u00ed com la recollida d\u2019estad\u00edstiques. Per a m\u00e9s informaci\u00f3, accedeixi a la nostra\u00a0<a href=\"https:\/\/www.clece.es\/ca\/politica-de-galetes\/\"><u>Pol\u00edtica de Galetes<\/u><\/a><\/p>\t\t\t\t\t\t\t\t<\/div>\n\t\t\t\t<\/div>\n\t\t\t\t\t<\/div>\n\t\t\t\t<\/div>\n\t\t<div class=\"elementor-element elementor-element-932aad1 e-flex e-con-boxed e-con e-parent\" data-id=\"932aad1\" data-element_type=\"container\" data-e-type=\"container\">\n\t\t\t\t\t<div class=\"e-con-inner\">\n\t\t\t\t<div class=\"elementor-element elementor-element-93f8c25 elementor-widget elementor-widget-text-editor\" data-id=\"93f8c25\" data-element_type=\"widget\" data-e-type=\"widget\" data-widget_type=\"text-editor.default\">\n\t\t\t\t<div class=\"elementor-widget-container\">\n\t\t\t\t\t\t\t\t\t<p><strong>ENLLA\u00c7OS:<\/strong><\/p><p>Els enlla\u00e7os continguts en el nostre lloc web poden dirigir a continguts web de tercers. L\u2019objectiu d\u2019aquests enlla\u00e7os \u00fanicament \u00e9s facilitar-li la cerca dels recursos que li puguin interessar a trav\u00e9s d\u2019Internet.<\/p><p>CLECE, SA, no assumeix cap responsabilitat pel contingut, les informacions o els serveis que poguessin apar\u00e8ixer en aquests llocs, que tindran exclusivament car\u00e0cter informatiu i que en cap cas impliquen una relaci\u00f3 entre CLECE, SA, i les persones o entitats titulars d\u2019aquests continguts o titulars dels llocs on es trobin.<\/p><p>Los enlla\u00e7os als webs de CLECE, SA, hauran de respectar les condicions seg\u00fcents:<\/p><ul><li>L\u2019establiment de l\u2019enlla\u00e7 no suposar\u00e0 cap tipus d\u2019acord, contracte, patrocini ni recomanaci\u00f3 per part de CLECE, SA, de la p\u00e0gina que fa l\u2019enlla\u00e7.<\/li><li>La p\u00e0gina web en la qual s\u2019estableixi l\u2019hiperenlla\u00e7 no contindr\u00e0 informacions amb continguts que siguin il\u00b7l\u00edcits, discriminatoris, contraris als principis \u00e8tics comunament acceptats o atemptin contra l\u2019ordre p\u00fablic, aix\u00ed com tampoc no contindr\u00e0 continguts contraris a qualssevol drets de tercers.<\/li><li>CLECE, SA, podr\u00e0 sol\u00b7licitar que es retiri un enlla\u00e7 del seu web, sense necessitat d\u2019al\u00b7legar-ne cap causa. En aquest cas, la p\u00e0gina que hagi fet l\u2019enlla\u00e7 haur\u00e0 de procedir a suprimir-lo immediatament, tan aviat com rebi la notificaci\u00f3 de CLECE, SA.<\/li><li>No es responsabilitza de cap manera ni garanteix la qualitat, exactitud, fiabilitat, correcci\u00f3 o moralitat de continguts o serveis que l\u2019establiment de l\u2019hiperenlla\u00e7 pugui oferir. L\u2019usuari assumeix, sota la seva exclusiva responsabilitat, les conseq\u00fc\u00e8ncies, els danys o les accions que poguessin derivar-se de l\u2019acc\u00e9s a la p\u00e0gina web de l\u2019hiperenlla\u00e7.<\/li><li>La p\u00e0gina web en la qual s\u2019estableixi l\u2019hiperenlla\u00e7 no podr\u00e0 contenir cap marca, denominaci\u00f3, logotip, esl\u00f2gan o altres signes distintius pertanyents a CLECE, SA, excepte aquells signes que formin part del mateix hiperenlla\u00e7.<\/li><\/ul>\t\t\t\t\t\t\t\t<\/div>\n\t\t\t\t<\/div>\n\t\t\t\t\t<\/div>\n\t\t\t\t<\/div>\n\t\t<div class=\"elementor-element elementor-element-df5907c e-flex e-con-boxed e-con e-parent\" data-id=\"df5907c\" data-element_type=\"container\" data-e-type=\"container\">\n\t\t\t\t\t<div class=\"e-con-inner\">\n\t\t\t\t<div class=\"elementor-element elementor-element-975037c elementor-widget elementor-widget-text-editor\" data-id=\"975037c\" data-element_type=\"widget\" data-e-type=\"widget\" data-widget_type=\"text-editor.default\">\n\t\t\t\t<div class=\"elementor-widget-container\">\n\t\t\t\t\t\t\t\t\t<p><strong>GENERALITATS:<\/strong><\/p><p>CLECE, SA, perseguir\u00e0 l\u2019incompliment d\u2019aquestes condicions aix\u00ed com de qualsevol utilitzaci\u00f3 indeguda dels seus llocs web i exercir\u00e0 totes les accions civils i penals que li puguin correspondre en dret.<\/p>\t\t\t\t\t\t\t\t<\/div>\n\t\t\t\t<\/div>\n\t\t\t\t\t<\/div>\n\t\t\t\t<\/div>\n\t\t<div class=\"elementor-element elementor-element-5a346c0 e-flex e-con-boxed e-con e-parent\" data-id=\"5a346c0\" data-element_type=\"container\" data-e-type=\"container\">\n\t\t\t\t\t<div class=\"e-con-inner\">\n\t\t\t\t<div class=\"elementor-element elementor-element-1b975b1 elementor-widget elementor-widget-text-editor\" data-id=\"1b975b1\" data-element_type=\"widget\" data-e-type=\"widget\" data-widget_type=\"text-editor.default\">\n\t\t\t\t<div class=\"elementor-widget-container\">\n\t\t\t\t\t\t\t\t\t<p><strong>MODIFICACI\u00d3 D\u2019AQUESTES CONDICIONS I DURADA:<\/strong><\/p><p>CLECE, SA, es reserva el dret de fer, en qualsevol moment i sense av\u00eds previ, qualsevol modificaci\u00f3 que consideri oportuna en el seu lloc web.<\/p><p>CLECE, SA, podr\u00e0 modificar, en qualsevol moment, les condicions que aqu\u00ed es determinin, que es publicaran degudament quan apareguin aqu\u00ed. La vig\u00e8ncia de les condicions citades coincideix amb el temps de la seva exposici\u00f3, fins que siguin modificades totalment o parcialment, moment en el qual passaran a tenir vig\u00e8ncia des del moment de la seva modificaci\u00f3 i publicaci\u00f3 en el lloc web.<\/p>\t\t\t\t\t\t\t\t<\/div>\n\t\t\t\t<\/div>\n\t\t\t\t\t<\/div>\n\t\t\t\t<\/div>\n\t\t<div class=\"elementor-element elementor-element-d1cb7c4 e-flex e-con-boxed e-con e-parent\" data-id=\"d1cb7c4\" data-element_type=\"container\" data-e-type=\"container\">\n\t\t\t\t\t<div class=\"e-con-inner\">\n\t\t\t\t<div class=\"elementor-element elementor-element-1feb824 elementor-widget elementor-widget-text-editor\" data-id=\"1feb824\" data-element_type=\"widget\" data-e-type=\"widget\" data-widget_type=\"text-editor.default\">\n\t\t\t\t<div class=\"elementor-widget-container\">\n\t\t\t\t\t\t\t\t\t<p><strong>LEGISLACI\u00d3 APLICABLE I JURISDICCI\u00d3:<\/strong><\/p><p>La relaci\u00f3 entre l\u2019Empresa i l\u2019USUARI es regir\u00e0 per la normativa espanyola vigent i qualsevol controv\u00e8rsia es recorrer\u00e0 als jutjats i tribunals que corresponguin a la compet\u00e8ncia territorial de l\u2019Empresa titular de la web, renunciant expressament l\u2019usuari a qualsevol altre fur que pogu\u00e9s ser competent.<\/p>\t\t\t\t\t\t\t\t<\/div>\n\t\t\t\t<\/div>\n\t\t\t\t\t<\/div>\n\t\t\t\t<\/div>\n\t\t\t\t<\/div>\n\t\t","protected":false},"excerpt":{"rendered":"<p>AV\u00cdS LEGAL DADES IDENTIFICATIVES: En compliment amb el deure d\u2019informaci\u00f3 que es recull a l\u2019article 10 de la Llei 34\/2002, d\u201911 de juliol, de serveis de la societat de la informaci\u00f3 i del comer\u00e7 electr\u00f2nic, a continuaci\u00f3 s\u2019indiquen les dades seg\u00fcents: L\u2019empresa titular d\u2019aquest lloc web \u00e9s CLECE, SA, amb domicili a C\/Quintanavides, 19. Edificio [&hellip;]<\/p>\n","protected":false},"author":6,"featured_media":0,"parent":0,"menu_order":0,"comment_status":"closed","ping_status":"closed","template":"","meta":{"_acf_changed":false,"footnotes":""},"class_list":["post-8695","page","type-page","status-publish","hentry"],"acf":[],"yoast_head":"<!-- This site is optimized with the Yoast SEO plugin v27.3 - https:\/\/yoast.com\/product\/yoast-seo-wordpress\/ -->\n<title>Av\u00eds legal | Clece<\/title>\n<meta name=\"description\" content=\"Aquest \u00e9s l\u2019Av\u00eds Legal del web de Clece, on trobar\u00e0s tota la informaci\u00f3 legal sobre l\u2019\u00fas de dades identificatives, obligacions de l\u2019usuari, responsabilitats, propietat intel\u00b7lectual i altres condicions legals.\" \/>\n<meta name=\"robots\" content=\"index, follow, max-snippet:-1, max-image-preview:large, max-video-preview:-1\" \/>\n<link rel=\"canonical\" href=\"https:\/\/clece.es\/ca\/avis-legal\/\" \/>\n<meta property=\"og:locale\" content=\"ca_ES\" \/>\n<meta property=\"og:type\" content=\"article\" \/>\n<meta property=\"og:title\" content=\"Av\u00eds legal | Clece\" \/>\n<meta property=\"og:description\" content=\"Aquest \u00e9s l\u2019Av\u00eds Legal del web de Clece, on trobar\u00e0s tota la informaci\u00f3 legal sobre l\u2019\u00fas de dades identificatives, obligacions de l\u2019usuari, responsabilitats, propietat intel\u00b7lectual i altres condicions legals.\" \/>\n<meta property=\"og:url\" content=\"https:\/\/clece.es\/ca\/avis-legal\/\" \/>\n<meta property=\"og:site_name\" content=\"Clece\" \/>\n<meta property=\"article:publisher\" content=\"https:\/\/www.facebook.com\/CleceSociedadAnonima\/\" \/>\n<meta property=\"article:modified_time\" content=\"2025-01-28T09:47:32+00:00\" \/>\n<meta name=\"twitter:card\" content=\"summary_large_image\" \/>\n<meta name=\"twitter:site\" content=\"@Clece_\" \/>\n<meta name=\"twitter:label1\" content=\"Temps estimat de lectura\" \/>\n\t<meta name=\"twitter:data1\" content=\"7 minuts\" \/>\n<script type=\"application\/ld+json\" class=\"yoast-schema-graph\">{\"@context\":\"https:\\\/\\\/schema.org\",\"@graph\":[{\"@type\":\"WebPage\",\"@id\":\"https:\\\/\\\/clece.es\\\/ca\\\/avis-legal\\\/\",\"url\":\"https:\\\/\\\/clece.es\\\/ca\\\/avis-legal\\\/\",\"name\":\"Av\u00eds legal | Clece\",\"isPartOf\":{\"@id\":\"https:\\\/\\\/clece.es\\\/es\\\/#website\"},\"datePublished\":\"2024-09-17T11:31:55+00:00\",\"dateModified\":\"2025-01-28T09:47:32+00:00\",\"description\":\"Aquest \u00e9s l\u2019Av\u00eds Legal del web de Clece, on trobar\u00e0s tota la informaci\u00f3 legal sobre l\u2019\u00fas de dades identificatives, obligacions de l\u2019usuari, responsabilitats, propietat intel\u00b7lectual i altres condicions legals.\",\"breadcrumb\":{\"@id\":\"https:\\\/\\\/clece.es\\\/ca\\\/avis-legal\\\/#breadcrumb\"},\"inLanguage\":\"ca\",\"potentialAction\":[{\"@type\":\"ReadAction\",\"target\":[\"https:\\\/\\\/clece.es\\\/ca\\\/avis-legal\\\/\"]}]},{\"@type\":\"BreadcrumbList\",\"@id\":\"https:\\\/\\\/clece.es\\\/ca\\\/avis-legal\\\/#breadcrumb\",\"itemListElement\":[{\"@type\":\"ListItem\",\"position\":1,\"name\":\"Portada\",\"item\":\"https:\\\/\\\/clece.es\\\/es\\\/\"},{\"@type\":\"ListItem\",\"position\":2,\"name\":\"Av\u00eds legal\"}]},{\"@type\":\"WebSite\",\"@id\":\"https:\\\/\\\/clece.es\\\/es\\\/#website\",\"url\":\"https:\\\/\\\/clece.es\\\/es\\\/\",\"name\":\"Clece\",\"description\":\"\",\"publisher\":{\"@id\":\"https:\\\/\\\/clece.es\\\/es\\\/#organization\"},\"potentialAction\":[{\"@type\":\"SearchAction\",\"target\":{\"@type\":\"EntryPoint\",\"urlTemplate\":\"https:\\\/\\\/clece.es\\\/es\\\/?s={search_term_string}\"},\"query-input\":{\"@type\":\"PropertyValueSpecification\",\"valueRequired\":true,\"valueName\":\"search_term_string\"}}],\"inLanguage\":\"ca\"},{\"@type\":\"Organization\",\"@id\":\"https:\\\/\\\/clece.es\\\/es\\\/#organization\",\"name\":\"Grupo Clece\",\"url\":\"https:\\\/\\\/clece.es\\\/es\\\/\",\"logo\":{\"@type\":\"ImageObject\",\"inLanguage\":\"ca\",\"@id\":\"https:\\\/\\\/clece.es\\\/es\\\/#\\\/schema\\\/logo\\\/image\\\/\",\"url\":\"https:\\\/\\\/sitio2.utopiasl.eu\\\/wp-content\\\/uploads\\\/2024\\\/10\\\/Logotipos_filiales_Clece_logotipo.png\",\"contentUrl\":\"https:\\\/\\\/sitio2.utopiasl.eu\\\/wp-content\\\/uploads\\\/2024\\\/10\\\/Logotipos_filiales_Clece_logotipo.png\",\"width\":5000,\"height\":5000,\"caption\":\"Grupo Clece\"},\"image\":{\"@id\":\"https:\\\/\\\/clece.es\\\/es\\\/#\\\/schema\\\/logo\\\/image\\\/\"},\"sameAs\":[\"https:\\\/\\\/www.facebook.com\\\/CleceSociedadAnonima\\\/\",\"https:\\\/\\\/x.com\\\/Clece_\",\"https:\\\/\\\/www.linkedin.com\\\/company\\\/clece-sa\\\/\"]}]}<\/script>\n<!-- \/ Yoast SEO plugin. -->","yoast_head_json":{"title":"Av\u00eds legal | Clece","description":"Aquest \u00e9s l\u2019Av\u00eds Legal del web de Clece, on trobar\u00e0s tota la informaci\u00f3 legal sobre l\u2019\u00fas de dades identificatives, obligacions de l\u2019usuari, responsabilitats, propietat intel\u00b7lectual i altres condicions legals.","robots":{"index":"index","follow":"follow","max-snippet":"max-snippet:-1","max-image-preview":"max-image-preview:large","max-video-preview":"max-video-preview:-1"},"canonical":"https:\/\/clece.es\/ca\/avis-legal\/","og_locale":"ca_ES","og_type":"article","og_title":"Av\u00eds legal | Clece","og_description":"Aquest \u00e9s l\u2019Av\u00eds Legal del web de Clece, on trobar\u00e0s tota la informaci\u00f3 legal sobre l\u2019\u00fas de dades identificatives, obligacions de l\u2019usuari, responsabilitats, propietat intel\u00b7lectual i altres condicions legals.","og_url":"https:\/\/clece.es\/ca\/avis-legal\/","og_site_name":"Clece","article_publisher":"https:\/\/www.facebook.com\/CleceSociedadAnonima\/","article_modified_time":"2025-01-28T09:47:32+00:00","twitter_card":"summary_large_image","twitter_site":"@Clece_","twitter_misc":{"Temps estimat de lectura":"7 minuts"},"schema":{"@context":"https:\/\/schema.org","@graph":[{"@type":"WebPage","@id":"https:\/\/clece.es\/ca\/avis-legal\/","url":"https:\/\/clece.es\/ca\/avis-legal\/","name":"Av\u00eds legal | Clece","isPartOf":{"@id":"https:\/\/clece.es\/es\/#website"},"datePublished":"2024-09-17T11:31:55+00:00","dateModified":"2025-01-28T09:47:32+00:00","description":"Aquest \u00e9s l\u2019Av\u00eds Legal del web de Clece, on trobar\u00e0s tota la informaci\u00f3 legal sobre l\u2019\u00fas de dades identificatives, obligacions de l\u2019usuari, responsabilitats, propietat intel\u00b7lectual i altres condicions legals.","breadcrumb":{"@id":"https:\/\/clece.es\/ca\/avis-legal\/#breadcrumb"},"inLanguage":"ca","potentialAction":[{"@type":"ReadAction","target":["https:\/\/clece.es\/ca\/avis-legal\/"]}]},{"@type":"BreadcrumbList","@id":"https:\/\/clece.es\/ca\/avis-legal\/#breadcrumb","itemListElement":[{"@type":"ListItem","position":1,"name":"Portada","item":"https:\/\/clece.es\/es\/"},{"@type":"ListItem","position":2,"name":"Av\u00eds legal"}]},{"@type":"WebSite","@id":"https:\/\/clece.es\/es\/#website","url":"https:\/\/clece.es\/es\/","name":"Clece","description":"","publisher":{"@id":"https:\/\/clece.es\/es\/#organization"},"potentialAction":[{"@type":"SearchAction","target":{"@type":"EntryPoint","urlTemplate":"https:\/\/clece.es\/es\/?s={search_term_string}"},"query-input":{"@type":"PropertyValueSpecification","valueRequired":true,"valueName":"search_term_string"}}],"inLanguage":"ca"},{"@type":"Organization","@id":"https:\/\/clece.es\/es\/#organization","name":"Grupo Clece","url":"https:\/\/clece.es\/es\/","logo":{"@type":"ImageObject","inLanguage":"ca","@id":"https:\/\/clece.es\/es\/#\/schema\/logo\/image\/","url":"https:\/\/sitio2.utopiasl.eu\/wp-content\/uploads\/2024\/10\/Logotipos_filiales_Clece_logotipo.png","contentUrl":"https:\/\/sitio2.utopiasl.eu\/wp-content\/uploads\/2024\/10\/Logotipos_filiales_Clece_logotipo.png","width":5000,"height":5000,"caption":"Grupo Clece"},"image":{"@id":"https:\/\/clece.es\/es\/#\/schema\/logo\/image\/"},"sameAs":["https:\/\/www.facebook.com\/CleceSociedadAnonima\/","https:\/\/x.com\/Clece_","https:\/\/www.linkedin.com\/company\/clece-sa\/"]}]}},"_links":{"self":[{"href":"https:\/\/clece.es\/ca\/wp-json\/wp\/v2\/pages\/8695","targetHints":{"allow":["GET"]}}],"collection":[{"href":"https:\/\/clece.es\/ca\/wp-json\/wp\/v2\/pages"}],"about":[{"href":"https:\/\/clece.es\/ca\/wp-json\/wp\/v2\/types\/page"}],"author":[{"embeddable":true,"href":"https:\/\/clece.es\/ca\/wp-json\/wp\/v2\/users\/6"}],"replies":[{"embeddable":true,"href":"https:\/\/clece.es\/ca\/wp-json\/wp\/v2\/comments?post=8695"}],"version-history":[{"count":19,"href":"https:\/\/clece.es\/ca\/wp-json\/wp\/v2\/pages\/8695\/revisions"}],"predecessor-version":[{"id":146434,"href":"https:\/\/clece.es\/ca\/wp-json\/wp\/v2\/pages\/8695\/revisions\/146434"}],"wp:attachment":[{"href":"https:\/\/clece.es\/ca\/wp-json\/wp\/v2\/media?parent=8695"}],"curies":[{"name":"wp","href":"https:\/\/api.w.org\/{rel}","templated":true}]}}