{"id":8726,"date":"2024-09-17T11:32:13","date_gmt":"2024-09-17T11:32:13","guid":{"rendered":"https:\/\/sitio2.utopiasl.eu\/?page_id=8726"},"modified":"2025-01-28T09:49:21","modified_gmt":"2025-01-28T09:49:21","slug":"politica-de-galetes","status":"publish","type":"page","link":"https:\/\/clece.es\/ca\/politica-de-galetes\/","title":{"rendered":"Pol\u00edtica de galetes"},"content":{"rendered":"\t\t<div data-elementor-type=\"wp-page\" data-elementor-id=\"8726\" class=\"elementor elementor-8726 elementor-179\" data-elementor-post-type=\"page\">\n\t\t\t\t<div class=\"elementor-element elementor-element-eb48d67 e-flex e-con-boxed e-con e-parent\" data-id=\"eb48d67\" data-element_type=\"container\" data-e-type=\"container\">\n\t\t\t\t\t<div class=\"e-con-inner\">\n\t\t\t\t<div class=\"elementor-element elementor-element-f941d30 elementor-widget elementor-widget-heading\" data-id=\"f941d30\" data-element_type=\"widget\" data-e-type=\"widget\" data-widget_type=\"heading.default\">\n\t\t\t\t<div class=\"elementor-widget-container\">\n\t\t\t\t\t<h2 class=\"elementor-heading-title elementor-size-default\">POL\u00cdTICA DE GALETES\n<\/h2>\t\t\t\t<\/div>\n\t\t\t\t<\/div>\n\t\t\t\t\t<\/div>\n\t\t\t\t<\/div>\n\t\t<div class=\"elementor-element elementor-element-8c65637 e-flex e-con-boxed e-con e-parent\" data-id=\"8c65637\" data-element_type=\"container\" data-e-type=\"container\">\n\t\t\t\t\t<div class=\"e-con-inner\">\n\t\t\t\t<div class=\"elementor-element elementor-element-67c0536 elementor-widget elementor-widget-text-editor\" data-id=\"67c0536\" data-element_type=\"widget\" data-e-type=\"widget\" data-widget_type=\"text-editor.default\">\n\t\t\t\t<div class=\"elementor-widget-container\">\n\t\t\t\t\t\t\t\t\t<p><strong style=\"text-transform: uppercase;\">Introducci\u00f3<\/strong><br \/><br \/>L\u2019editor del lloc\u00a0<a href=\"http:\/\/www.clece.es\/\">http:\/\/www.clece.es<\/a> \u00e9s Clece, S.A<br \/>Clece, S.A., en compliment de l\u2019article 22 de la Llei 34\/2002, d\u201911 de juliol, de serveis de la societat de la informaci\u00f3 i de comer\u00e7 electr\u00f2nic, facilita, als usuaris, informaci\u00f3 relativa a les galetes com ara qu\u00e8 s\u00f3n, quins tipus de galetes s\u2019instal\u2022len a l\u2019ordinador (d\u2019ara endavant \u00abequip\u00bb) de l\u2019usuari quan aquest visita el nostre lloc i quina \u00e9s la finalitat de l\u2019\u00fas de les galetes.<\/p>\t\t\t\t\t\t\t\t<\/div>\n\t\t\t\t<\/div>\n\t\t\t\t\t<\/div>\n\t\t\t\t<\/div>\n\t\t<div class=\"elementor-element elementor-element-4e57936 e-flex e-con-boxed e-con e-parent\" data-id=\"4e57936\" data-element_type=\"container\" data-e-type=\"container\">\n\t\t\t\t\t<div class=\"e-con-inner\">\n\t\t\t\t<div class=\"elementor-element elementor-element-4d86771 elementor-widget elementor-widget-text-editor\" data-id=\"4d86771\" data-element_type=\"widget\" data-e-type=\"widget\" data-widget_type=\"text-editor.default\">\n\t\t\t\t<div class=\"elementor-widget-container\">\n\t\t\t\t\t\t\t\t\t<p><strong style=\"text-transform: uppercase;\">Qu\u00e8 s\u00f3n les galetes?<\/strong><br \/><br \/>Una \u201cgaleta\u201d \u00e9s un element de dades que un lloc web pot enviar al vostre navegador i que pot ser que s\u2019emmagatzemi al vostre sistema.<br \/><br \/><\/p><p>Una galeta \u00e9s un arxiu petit de text que un prove\u00efdor de serveis en l\u00ednia (com ara www.clece.es) instal\u2022la a l\u2019equip de les persones que visiten el seu lloc web. Les galetes poden recaptar informaci\u00f3 sobre els h\u00e0bits dels visitants pel que fa a l\u2019\u00fas d\u2019aquest lloc web tot registrant les activitats del seu equip en relaci\u00f3 amb aquest lloc, per exemple, quan compren algun article.<br \/><br \/><\/p><p>Les galetes es fan servir, fonamentalment, per optimitzar el funcionament de lloc web. Les galetes que es generen quan un usuari nom\u00e9s visita el nostre lloc no ens permeten identificar-lo personalment.<br \/><br \/><\/p>\t\t\t\t\t\t\t\t<\/div>\n\t\t\t\t<\/div>\n\t\t\t\t\t<\/div>\n\t\t\t\t<\/div>\n\t\t<div class=\"elementor-element elementor-element-2dfce69 e-flex e-con-boxed e-con e-parent\" data-id=\"2dfce69\" data-element_type=\"container\" data-e-type=\"container\">\n\t\t\t\t\t<div class=\"e-con-inner\">\n\t\t\t\t<div class=\"elementor-element elementor-element-71ac929 elementor-widget elementor-widget-text-editor\" data-id=\"71ac929\" data-element_type=\"widget\" data-e-type=\"widget\" data-widget_type=\"text-editor.default\">\n\t\t\t\t<div class=\"elementor-widget-container\">\n\t\t\t\t\t\t\t\t\t<p><strong style=\"text-transform: uppercase;\">Tipus de galetes<\/strong><br \/>La informaci\u00f3 que us proporcionem a continuaci\u00f3 us ajudar\u00e0 a entendre els diferents tipus de galetes:<\/p><p><strong>Segons el termini de temps que estan activades:<\/strong><\/p><p><br \/><strong>Galetes de sessi\u00f3:<\/strong> s\u00f3n galetes temporals que es troben a l\u2019arxiu de galetes del vostre navegador fins que abandoneu el lloc web, amb la qual cosa al vostre equip no queda cap galeta registrada. La informaci\u00f3 que s\u2019obt\u00e9 mitjan\u00e7ant aquestes galetes serveix per analitzar les pautes de tr\u00e0nsit al web. Per exemple, permeten fer un seguiment de l\u2019\u00fas que l\u2019usuari fa dels nostres llocs durant una sessi\u00f3 de navegaci\u00f3 \u00fanica i ajuden a fer servir el nostre lloc d\u2019una manera m\u00e9s efica\u00e7.<\/p><p><strong>Galetes persistents:<\/strong> s\u2019emmagatzemen a l\u2019equip de l\u2019usuari durant una sessi\u00f3 de navegaci\u00f3 i es queden a l\u2019equip en finalitzar la sessi\u00f3 de navegaci\u00f3. Les galetes persistents es mantenen actives durant per\u00edodes definits que poden anar des de diversos minuts fins a diversos anys.<\/p><p><br \/><strong>Segons l\u2019entitat que les gestioni<\/strong><\/p><p><strong>Galetes pr\u00f2pies:<\/strong> S\u00f3n les que s\u2019envien a l\u2019equip de l\u2019usuari des d\u2019un equip o domini gestionat pel mateix editor i des del qual es presta el servei que hagi sollicitat l\u2019usuari.<\/p><p>Poden incloure galetes com ara galetes de sessi\u00f3 i galetes persistents. Fem servir les galetes d\u2019origen per seguir els moviments que es fan des de l\u2019ordinador o un altre dispositiu de l\u2019usuari en consultar el nostre lloc, per exemple, amb finalitats de comercialitzaci\u00f3 i an\u00e0lisi.<\/p><p><strong>Galetes de tercers: <\/strong>S\u00f3n les que s\u2019envien a l\u2019equip de l\u2019usuari des d\u2019un equip o domini que no el gestiona l\u2019editor, sin\u00f3 una altra entitat que tracta les dades que obt\u00e9 a trav\u00e9s de les galetes, com ara les que es fan servir en xarxes socials o les que fan servir complements externs de contingut com ara Google Maps.<\/p>\t\t\t\t\t\t\t\t<\/div>\n\t\t\t\t<\/div>\n\t\t\t\t\t<\/div>\n\t\t\t\t<\/div>\n\t\t<div class=\"elementor-element elementor-element-bed5984 e-flex e-con-boxed e-con e-parent\" data-id=\"bed5984\" data-element_type=\"container\" data-e-type=\"container\">\n\t\t\t\t\t<div class=\"e-con-inner\">\n\t\t\t\t<div class=\"elementor-element elementor-element-73b4c06 elementor-widget elementor-widget-text-editor\" data-id=\"73b4c06\" data-element_type=\"widget\" data-e-type=\"widget\" data-widget_type=\"text-editor.default\">\n\t\t\t\t<div class=\"elementor-widget-container\">\n\t\t\t\t\t\t\t\t\t<p><strong>RELACI\u00d3 I DESCRIPCI\u00d3 DE COOKIES:<\/strong><\/p><p><script id=\"CookieDeclaration\" data-culture=\"ca\" type=\"text\/javascript\" src=\"https:\/\/consent.cookiebot.com\/cad23b8d-27da-42c5-8b77-cc348e31f2df\/cd.js\" async><\/script><\/p><p><strong style=\"text-transform: uppercase;\">Alguna pregunta?<\/strong><br \/>Si l\u2019usuari t\u00e9 alguna pregunta, es pot posar en <a href=\"\/contacto\">contacte<\/a> amb nosaltres.<\/p>\t\t\t\t\t\t\t\t<\/div>\n\t\t\t\t<\/div>\n\t\t\t\t\t<\/div>\n\t\t\t\t<\/div>\n\t\t\t\t<\/div>\n\t\t","protected":false},"excerpt":{"rendered":"<p>POL\u00cdTICA DE GALETES Introducci\u00f3 L\u2019editor del lloc\u00a0http:\/\/www.clece.es \u00e9s Clece, S.AClece, S.A., en compliment de l\u2019article 22 de la Llei 34\/2002, d\u201911 de juliol, de serveis de la societat de la informaci\u00f3 i de comer\u00e7 electr\u00f2nic, facilita, als usuaris, informaci\u00f3 relativa a les galetes com ara qu\u00e8 s\u00f3n, quins tipus de galetes s\u2019instal\u2022len a l\u2019ordinador (d\u2019ara [&hellip;]<\/p>\n","protected":false},"author":6,"featured_media":0,"parent":0,"menu_order":0,"comment_status":"closed","ping_status":"closed","template":"","meta":{"_acf_changed":false,"footnotes":""},"class_list":["post-8726","page","type-page","status-publish","hentry"],"acf":[],"yoast_head":"<!-- This site is optimized with the Yoast SEO plugin v27.3 - https:\/\/yoast.com\/product\/yoast-seo-wordpress\/ -->\n<title>Pol\u00edtica de galetes | Clece<\/title>\n<meta name=\"description\" content=\"La nostra pol\u00edtica de galetes explica com i per qu\u00e8 les fem servir aix\u00ed com les teves opcions de consentiment pel que fa a l\u2019\u00fas per part de Clece i les seves filials.\" \/>\n<meta name=\"robots\" content=\"index, follow, max-snippet:-1, max-image-preview:large, max-video-preview:-1\" \/>\n<link rel=\"canonical\" href=\"https:\/\/clece.es\/ca\/politica-de-galetes\/\" \/>\n<meta property=\"og:locale\" content=\"ca_ES\" \/>\n<meta property=\"og:type\" content=\"article\" \/>\n<meta property=\"og:title\" content=\"Pol\u00edtica de galetes | Clece\" \/>\n<meta property=\"og:description\" content=\"La nostra pol\u00edtica de galetes explica com i per qu\u00e8 les fem servir aix\u00ed com les teves opcions de consentiment pel que fa a l\u2019\u00fas per part de Clece i les seves filials.\" \/>\n<meta property=\"og:url\" content=\"https:\/\/clece.es\/ca\/politica-de-galetes\/\" \/>\n<meta property=\"og:site_name\" content=\"Clece\" \/>\n<meta property=\"article:publisher\" content=\"https:\/\/www.facebook.com\/CleceSociedadAnonima\/\" \/>\n<meta property=\"article:modified_time\" content=\"2025-01-28T09:49:21+00:00\" \/>\n<meta name=\"twitter:card\" content=\"summary_large_image\" \/>\n<meta name=\"twitter:site\" content=\"@Clece_\" \/>\n<meta name=\"twitter:label1\" content=\"Temps estimat de lectura\" \/>\n\t<meta name=\"twitter:data1\" content=\"3 minuts\" \/>\n<script type=\"application\/ld+json\" class=\"yoast-schema-graph\">{\"@context\":\"https:\\\/\\\/schema.org\",\"@graph\":[{\"@type\":\"WebPage\",\"@id\":\"https:\\\/\\\/clece.es\\\/ca\\\/politica-de-galetes\\\/\",\"url\":\"https:\\\/\\\/clece.es\\\/ca\\\/politica-de-galetes\\\/\",\"name\":\"Pol\u00edtica de galetes | Clece\",\"isPartOf\":{\"@id\":\"https:\\\/\\\/clece.es\\\/es\\\/#website\"},\"datePublished\":\"2024-09-17T11:32:13+00:00\",\"dateModified\":\"2025-01-28T09:49:21+00:00\",\"description\":\"La nostra pol\u00edtica de galetes explica com i per qu\u00e8 les fem servir aix\u00ed com les teves opcions de consentiment pel que fa a l\u2019\u00fas per part de Clece i les seves filials.\",\"breadcrumb\":{\"@id\":\"https:\\\/\\\/clece.es\\\/ca\\\/politica-de-galetes\\\/#breadcrumb\"},\"inLanguage\":\"ca\",\"potentialAction\":[{\"@type\":\"ReadAction\",\"target\":[\"https:\\\/\\\/clece.es\\\/ca\\\/politica-de-galetes\\\/\"]}]},{\"@type\":\"BreadcrumbList\",\"@id\":\"https:\\\/\\\/clece.es\\\/ca\\\/politica-de-galetes\\\/#breadcrumb\",\"itemListElement\":[{\"@type\":\"ListItem\",\"position\":1,\"name\":\"Portada\",\"item\":\"https:\\\/\\\/clece.es\\\/es\\\/\"},{\"@type\":\"ListItem\",\"position\":2,\"name\":\"Pol\u00edtica de galetes\"}]},{\"@type\":\"WebSite\",\"@id\":\"https:\\\/\\\/clece.es\\\/es\\\/#website\",\"url\":\"https:\\\/\\\/clece.es\\\/es\\\/\",\"name\":\"Clece\",\"description\":\"\",\"publisher\":{\"@id\":\"https:\\\/\\\/clece.es\\\/es\\\/#organization\"},\"potentialAction\":[{\"@type\":\"SearchAction\",\"target\":{\"@type\":\"EntryPoint\",\"urlTemplate\":\"https:\\\/\\\/clece.es\\\/es\\\/?s={search_term_string}\"},\"query-input\":{\"@type\":\"PropertyValueSpecification\",\"valueRequired\":true,\"valueName\":\"search_term_string\"}}],\"inLanguage\":\"ca\"},{\"@type\":\"Organization\",\"@id\":\"https:\\\/\\\/clece.es\\\/es\\\/#organization\",\"name\":\"Grupo Clece\",\"url\":\"https:\\\/\\\/clece.es\\\/es\\\/\",\"logo\":{\"@type\":\"ImageObject\",\"inLanguage\":\"ca\",\"@id\":\"https:\\\/\\\/clece.es\\\/es\\\/#\\\/schema\\\/logo\\\/image\\\/\",\"url\":\"https:\\\/\\\/sitio2.utopiasl.eu\\\/wp-content\\\/uploads\\\/2024\\\/10\\\/Logotipos_filiales_Clece_logotipo.png\",\"contentUrl\":\"https:\\\/\\\/sitio2.utopiasl.eu\\\/wp-content\\\/uploads\\\/2024\\\/10\\\/Logotipos_filiales_Clece_logotipo.png\",\"width\":5000,\"height\":5000,\"caption\":\"Grupo Clece\"},\"image\":{\"@id\":\"https:\\\/\\\/clece.es\\\/es\\\/#\\\/schema\\\/logo\\\/image\\\/\"},\"sameAs\":[\"https:\\\/\\\/www.facebook.com\\\/CleceSociedadAnonima\\\/\",\"https:\\\/\\\/x.com\\\/Clece_\",\"https:\\\/\\\/www.linkedin.com\\\/company\\\/clece-sa\\\/\"]}]}<\/script>\n<!-- \/ Yoast SEO plugin. -->","yoast_head_json":{"title":"Pol\u00edtica de galetes | Clece","description":"La nostra pol\u00edtica de galetes explica com i per qu\u00e8 les fem servir aix\u00ed com les teves opcions de consentiment pel que fa a l\u2019\u00fas per part de Clece i les seves filials.","robots":{"index":"index","follow":"follow","max-snippet":"max-snippet:-1","max-image-preview":"max-image-preview:large","max-video-preview":"max-video-preview:-1"},"canonical":"https:\/\/clece.es\/ca\/politica-de-galetes\/","og_locale":"ca_ES","og_type":"article","og_title":"Pol\u00edtica de galetes | Clece","og_description":"La nostra pol\u00edtica de galetes explica com i per qu\u00e8 les fem servir aix\u00ed com les teves opcions de consentiment pel que fa a l\u2019\u00fas per part de Clece i les seves filials.","og_url":"https:\/\/clece.es\/ca\/politica-de-galetes\/","og_site_name":"Clece","article_publisher":"https:\/\/www.facebook.com\/CleceSociedadAnonima\/","article_modified_time":"2025-01-28T09:49:21+00:00","twitter_card":"summary_large_image","twitter_site":"@Clece_","twitter_misc":{"Temps estimat de lectura":"3 minuts"},"schema":{"@context":"https:\/\/schema.org","@graph":[{"@type":"WebPage","@id":"https:\/\/clece.es\/ca\/politica-de-galetes\/","url":"https:\/\/clece.es\/ca\/politica-de-galetes\/","name":"Pol\u00edtica de galetes | Clece","isPartOf":{"@id":"https:\/\/clece.es\/es\/#website"},"datePublished":"2024-09-17T11:32:13+00:00","dateModified":"2025-01-28T09:49:21+00:00","description":"La nostra pol\u00edtica de galetes explica com i per qu\u00e8 les fem servir aix\u00ed com les teves opcions de consentiment pel que fa a l\u2019\u00fas per part de Clece i les seves filials.","breadcrumb":{"@id":"https:\/\/clece.es\/ca\/politica-de-galetes\/#breadcrumb"},"inLanguage":"ca","potentialAction":[{"@type":"ReadAction","target":["https:\/\/clece.es\/ca\/politica-de-galetes\/"]}]},{"@type":"BreadcrumbList","@id":"https:\/\/clece.es\/ca\/politica-de-galetes\/#breadcrumb","itemListElement":[{"@type":"ListItem","position":1,"name":"Portada","item":"https:\/\/clece.es\/es\/"},{"@type":"ListItem","position":2,"name":"Pol\u00edtica de galetes"}]},{"@type":"WebSite","@id":"https:\/\/clece.es\/es\/#website","url":"https:\/\/clece.es\/es\/","name":"Clece","description":"","publisher":{"@id":"https:\/\/clece.es\/es\/#organization"},"potentialAction":[{"@type":"SearchAction","target":{"@type":"EntryPoint","urlTemplate":"https:\/\/clece.es\/es\/?s={search_term_string}"},"query-input":{"@type":"PropertyValueSpecification","valueRequired":true,"valueName":"search_term_string"}}],"inLanguage":"ca"},{"@type":"Organization","@id":"https:\/\/clece.es\/es\/#organization","name":"Grupo Clece","url":"https:\/\/clece.es\/es\/","logo":{"@type":"ImageObject","inLanguage":"ca","@id":"https:\/\/clece.es\/es\/#\/schema\/logo\/image\/","url":"https:\/\/sitio2.utopiasl.eu\/wp-content\/uploads\/2024\/10\/Logotipos_filiales_Clece_logotipo.png","contentUrl":"https:\/\/sitio2.utopiasl.eu\/wp-content\/uploads\/2024\/10\/Logotipos_filiales_Clece_logotipo.png","width":5000,"height":5000,"caption":"Grupo Clece"},"image":{"@id":"https:\/\/clece.es\/es\/#\/schema\/logo\/image\/"},"sameAs":["https:\/\/www.facebook.com\/CleceSociedadAnonima\/","https:\/\/x.com\/Clece_","https:\/\/www.linkedin.com\/company\/clece-sa\/"]}]}},"_links":{"self":[{"href":"https:\/\/clece.es\/ca\/wp-json\/wp\/v2\/pages\/8726","targetHints":{"allow":["GET"]}}],"collection":[{"href":"https:\/\/clece.es\/ca\/wp-json\/wp\/v2\/pages"}],"about":[{"href":"https:\/\/clece.es\/ca\/wp-json\/wp\/v2\/types\/page"}],"author":[{"embeddable":true,"href":"https:\/\/clece.es\/ca\/wp-json\/wp\/v2\/users\/6"}],"replies":[{"embeddable":true,"href":"https:\/\/clece.es\/ca\/wp-json\/wp\/v2\/comments?post=8726"}],"version-history":[{"count":50,"href":"https:\/\/clece.es\/ca\/wp-json\/wp\/v2\/pages\/8726\/revisions"}],"predecessor-version":[{"id":11395,"href":"https:\/\/clece.es\/ca\/wp-json\/wp\/v2\/pages\/8726\/revisions\/11395"}],"wp:attachment":[{"href":"https:\/\/clece.es\/ca\/wp-json\/wp\/v2\/media?parent=8726"}],"curies":[{"name":"wp","href":"https:\/\/api.w.org\/{rel}","templated":true}]}}