{"id":142119,"date":"2024-10-22T09:32:54","date_gmt":"2024-10-22T09:32:54","guid":{"rendered":"https:\/\/sitio2.utopiasl.eu\/?page_id=142119"},"modified":"2025-01-09T15:55:02","modified_gmt":"2025-01-09T15:55:02","slug":"i-clece-for-integration-forum","status":"publish","type":"page","link":"https:\/\/clece.es\/en\/about-us\/communication\/events\/i-clece-for-integration-forum\/","title":{"rendered":"I Clece for Integration Forum"},"content":{"rendered":"\t\t<div data-elementor-type=\"wp-page\" data-elementor-id=\"142119\" class=\"elementor elementor-142119 elementor-8554\" data-elementor-post-type=\"page\">\n\t\t\t\t<div class=\"elementor-element elementor-element-36acbf2 e-flex e-con-boxed e-con e-parent\" data-id=\"36acbf2\" data-element_type=\"container\" data-e-type=\"container\">\n\t\t\t\t\t<div class=\"e-con-inner\">\n\t\t<div class=\"elementor-element elementor-element-83915ee e-con-full e-flex e-con e-child\" data-id=\"83915ee\" data-element_type=\"container\" data-e-type=\"container\">\n\t\t\t\t<div class=\"elementor-element elementor-element-fcce8a9 elementor-widget elementor-widget-heading\" data-id=\"fcce8a9\" data-element_type=\"widget\" data-e-type=\"widget\" data-widget_type=\"heading.default\">\n\t\t\t\t<div class=\"elementor-widget-container\">\n\t\t\t\t\t<h2 class=\"elementor-heading-title elementor-size-default\"><a href=\"\/en\/about-us\/\">About us<\/a><\/h2>\t\t\t\t<\/div>\n\t\t\t\t<\/div>\n\t\t\t\t<div class=\"elementor-element elementor-element-4656ae7 elementor-widget elementor-widget-heading\" data-id=\"4656ae7\" data-element_type=\"widget\" data-e-type=\"widget\" data-widget_type=\"heading.default\">\n\t\t\t\t<div class=\"elementor-widget-container\">\n\t\t\t\t\t<h2 class=\"elementor-heading-title elementor-size-default\"><a href=\"\/en\/about-us\/comunication\/\">Comunication<\/a><\/h2>\t\t\t\t<\/div>\n\t\t\t\t<\/div>\n\t\t\t\t<div class=\"elementor-element elementor-element-3078f71 elementor-widget elementor-widget-heading\" data-id=\"3078f71\" data-element_type=\"widget\" data-e-type=\"widget\" data-widget_type=\"heading.default\">\n\t\t\t\t<div class=\"elementor-widget-container\">\n\t\t\t\t\t<h2 class=\"elementor-heading-title elementor-size-default\"><a href=\"\/en\/about-us\/comunication\/events\/\">Events<\/a><\/h2>\t\t\t\t<\/div>\n\t\t\t\t<\/div>\n\t\t\t\t<div class=\"elementor-element elementor-element-387da89 elementor-widget elementor-widget-heading\" data-id=\"387da89\" data-element_type=\"widget\" data-e-type=\"widget\" data-widget_type=\"heading.default\">\n\t\t\t\t<div class=\"elementor-widget-container\">\n\t\t\t\t\t<h2 class=\"elementor-heading-title elementor-size-default\">I \u201cClece for Integration\u201d Forum<\/h2>\t\t\t\t<\/div>\n\t\t\t\t<\/div>\n\t\t\t\t<\/div>\n\t\t\t\t\t<\/div>\n\t\t\t\t<\/div>\n\t\t<div class=\"elementor-element elementor-element-48a18ed e-flex e-con-boxed e-con e-parent\" data-id=\"48a18ed\" data-element_type=\"container\" data-e-type=\"container\">\n\t\t\t\t\t<div class=\"e-con-inner\">\n\t\t<div class=\"elementor-element elementor-element-5f5d719 e-con-full e-flex e-con e-child\" data-id=\"5f5d719\" data-element_type=\"container\" data-e-type=\"container\">\n\t\t<div class=\"elementor-element elementor-element-cc91aad e-con-full e-flex e-con e-child\" data-id=\"cc91aad\" data-element_type=\"container\" data-e-type=\"container\">\n\t\t\t\t<div class=\"elementor-element elementor-element-90b58d6 elementor-widget elementor-widget-image\" data-id=\"90b58d6\" data-element_type=\"widget\" data-e-type=\"widget\" data-widget_type=\"image.default\">\n\t\t\t\t<div class=\"elementor-widget-container\">\n\t\t\t\t\t\t\t\t\t\t\t\t\t\t\t<img fetchpriority=\"high\" decoding=\"async\" width=\"800\" height=\"378\" src=\"https:\/\/clece.es\/wp-content\/uploads\/2024\/10\/IForo-por-la-integracion-1-1024x484.jpg\" class=\"attachment-large size-large wp-image-8565\" alt=\"\" srcset=\"https:\/\/clece.es\/wp-content\/uploads\/2024\/10\/IForo-por-la-integracion-1-1024x484.jpg 1024w, https:\/\/clece.es\/wp-content\/uploads\/2024\/10\/IForo-por-la-integracion-1-300x142.jpg 300w, https:\/\/clece.es\/wp-content\/uploads\/2024\/10\/IForo-por-la-integracion-1-768x363.jpg 768w, https:\/\/clece.es\/wp-content\/uploads\/2024\/10\/IForo-por-la-integracion-1.jpg 1244w\" sizes=\"(max-width: 800px) 100vw, 800px\" \/>\t\t\t\t\t\t\t\t\t\t\t\t\t\t\t<\/div>\n\t\t\t\t<\/div>\n\t\t\t\t<\/div>\n\t\t\t\t<div class=\"elementor-element elementor-element-ad875fa elementor-widget elementor-widget-text-editor\" data-id=\"ad875fa\" data-element_type=\"widget\" data-e-type=\"widget\" data-widget_type=\"text-editor.default\">\n\t\t\t\t<div class=\"elementor-widget-container\">\n\t\t\t\t\t\t\t\t\t<p>10-03-2014<\/p>\t\t\t\t\t\t\t\t<\/div>\n\t\t\t\t<\/div>\n\t\t\t\t<div class=\"elementor-element elementor-element-fa81baf elementor-widget elementor-widget-heading\" data-id=\"fa81baf\" data-element_type=\"widget\" data-e-type=\"widget\" data-widget_type=\"heading.default\">\n\t\t\t\t<div class=\"elementor-widget-container\">\n\t\t\t\t\t<h2 class=\"elementor-heading-title elementor-size-default\">1st \u201cClece for Integration\u201d Forum : Companies\u2019 ignorance one of the main barriers to hiring people with disabilities\n<\/h2>\t\t\t\t<\/div>\n\t\t\t\t<\/div>\n\t\t\t\t<div class=\"elementor-element elementor-element-acd1453 elementor-widget-divider--view-line elementor-widget elementor-widget-divider\" data-id=\"acd1453\" data-element_type=\"widget\" data-e-type=\"widget\" data-widget_type=\"divider.default\">\n\t\t\t\t<div class=\"elementor-widget-container\">\n\t\t\t\t\t\t\t<div class=\"elementor-divider\">\n\t\t\t<span class=\"elementor-divider-separator\">\n\t\t\t\t\t\t<\/span>\n\t\t<\/div>\n\t\t\t\t\t\t<\/div>\n\t\t\t\t<\/div>\n\t\t\t\t<div class=\"elementor-element elementor-element-4e636a1 elementor-widget elementor-widget-text-editor\" data-id=\"4e636a1\" data-element_type=\"widget\" data-e-type=\"widget\" data-widget_type=\"text-editor.default\">\n\t\t\t\t<div class=\"elementor-widget-container\">\n\t\t\t\t\t\t\t\t\t<ul><li><strong>At the 1st \u201cClece for Integration\u201d Forum-Conference, the various agents involved in hiring people with disabilities discussed the main barriers to finding work<\/strong><\/li><li><strong>As part of its commitment to help people from vulnerable social groups find work, Clece currently employs 3,283 people with disabilities<\/strong><\/li><\/ul>\t\t\t\t\t\t\t\t<\/div>\n\t\t\t\t<\/div>\n\t\t\t\t<div class=\"elementor-element elementor-element-5b5fb01 elementor-widget elementor-widget-text-editor\" data-id=\"5b5fb01\" data-element_type=\"widget\" data-e-type=\"widget\" data-widget_type=\"text-editor.default\">\n\t\t\t\t<div class=\"elementor-widget-container\">\n\t\t\t\t\t\t\t\t\t<p style=\"font-weight: 300;\"><b><strong style=\"font-style: inherit;\"><span style=\"font-style: inherit; font-weight: inherit;\">Madrid, 06 March 2014. <\/span><\/strong><\/b><\/p><p style=\"font-weight: 300;\"><b><\/b>The multiservices company Clece held its first day of discussions on the main barriers to hiring people with disabilities. Under the banner \u201cClece for integration\u201d, the forum acted as a point of encounter for the various social agents involved in helping disabled people find work, with all them agreeing that ignorance among businesses is one of the main difficulties preventing people with disabilities from finding work.<\/p><p style=\"font-weight: 300;\">This was the first edition of this forum, \u201cwhich was created with continuity in mind, and within the social commitment shown by Clece that ensures work for 3,283 people with disabilities,\u201d explained Clece chairman Crist\u00f3bal Valderas. \u201cThis social commitment goes beyond a corporate social responsibility policy, and forms part of an authentic corporate culture,\u201d Valderas added.<\/p><p style=\"font-weight: 300;\">Moderated by the journalist Jos\u00e9 Manuel Dolader, the conference included the involvement of Ignacio Tremi\u00f1o, managing director of Disability Policies; Luis Cayo, chairman of CERMI; Purificaci\u00f3n Gonz\u00e1lez, human resources director at Clece; and Juan Jos\u00e9 Laguna, director of the Integra Group. Clece employee V\u00edctor Isidro and Integra workers Lorena Mateo and Reyes Cabet also attended to give an account of their experience of looking for work.<\/p><p style=\"font-weight: 300;\">The conference\u2019s opening speech by Ignacio Tremi\u00f1o highlighted the positive evolution that has taken place in recent years in Spain in terms of people with disabilities finding work. Even in the context of the crisis, in 2013 \u201cemployment among disabled people has grown by 14 per cent\u201d, although there is still much work to be done, just as there is in the field of raising awareness, which \u201chas improved greatly but where there is still a lot of ignorance in the business world. Jobs are created by businesses, and there is work to be done before they will place their trust in people with disabilities\u201d.<\/p><p style=\"font-weight: 300;\">CERMI chairman Luis Cayo welcomed the growth of 14 per cent in the number of jobs among people with disabilities, but pointed out that \u201cthe base we are starting from is very low\u201d, and that the employment rate is 40 per cent lower than with the rest of the population. \u201cWe\u2019re faced with a structural problem that needs approaching with extraordinary measures\u201d.<\/p><p style=\"font-weight: 300;\">Juan Jos\u00e9 Laguna, Director of the Integra Group, made a distinction between tangible barriers, such as the \u201clack of professional qualifications\u201d and intangible barriers such as \u201cthe ignorance of companies\u201d and their \u201cfear of hiring because they lack prior experience, because of their fear of the unknown\u201d, as well as \u201cstigmas or preconceived ideas about the professionalism of people with disabilities\u201d. Representing special employment centres, Juan Jos\u00e9 Laguna pointed out the role these centres play in improving employability and making the disabled workforce much more visible. He pointed out that there are currently \u201c72,000 people with disabilities in special employment centres\u201d.<\/p><p style=\"font-weight: 300;\">Purificaci\u00f3n Gonz\u00e1lez spoke of the ignorance among businesses as one of the main barriers for successful integration into the workplace, \u201cso much work needs to be done to raise awareness and do away with this fear of the unknown\u201d. From her experience as director of human resources at Clece, Gonz\u00e1lez said that the key for a hiring company is \u201cto provide equal opportunities\u201d.<\/p><p style=\"font-weight: 300;\">V\u00edctor Isidro, training manager at the Queen Sof\u00eda Foundation Alzheimer\u2019s Centre, told how in his specific case and with a disability from birth, \u201che has never found rejection in the world of work\u201d and asked businesses to \u201ctrust\u201d workers with disabilities, stressing their capacity for hard work as setting them apart: \u201cyou can ask more of us because we\u2019re used to life asking more of us\u201d.<\/p><p style=\"font-weight: 300;\">Integra receptionist Lorena Mateo told of the different obstacles that she has had to overcome in both her education and her career. She felt that having a non-visible disability meant she had to repeatedly provide justifications and deal with situations where people did not believe that she did have a disability. Integra employee Reyes Cabet agreed with this view. With a disability acquired ten years ago, she explained that \u201cif the disability can\u2019t be seen, then it\u2019s more difficult. We can\u2019t spend our whole lives having to explain ourselves.\u201d<\/p><p style=\"font-weight: 300;\">Ending the debate, Crist\u00f3bal Valderas called for \u201cintegration in the workplace for people with disabilities to be real and sustainable\u201d, and that the key lies in \u201cnormalising disability\u201d. For such a process to succeed, awareness needs to be raised among businesses to encourage them to trust in hiring people with disabilities.<\/p><p style=\"font-weight: 300;\">Social commitment to equal opportunities<\/p><p style=\"font-weight: 300;\">The 1st \u201cClece for Integration\u201d Forum is part of Clece\u2019s social commitment to helping disadvantaged people, particularly people with disabilities, find work. The company has 3,283 disabled people on its workforce, and through its special employment centre, INTEGRA CEE, helps people with disabilities to find work and companies to comply with the Law on the Social Integration of People with Disabilities (LISMI) through alternative measures. Integra currently employs 1,376 people with disabilities, a full 90 per cent of its workforce.<br \/>This work by the company also extends to other collectives, such as women who have suffered gender-based violence, people at risk of social exclusion, and jobless young people. To achieve this Clece collaborates with more than 200 associations. Clece currently employs around 68,000 people in Spain.<\/p>\t\t\t\t\t\t\t\t<\/div>\n\t\t\t\t<\/div>\n\t\t\t\t<\/div>\n\t\t\t\t\t<\/div>\n\t\t\t\t<\/div>\n\t\t\t\t<\/div>\n\t\t","protected":false},"excerpt":{"rendered":"<p>About us Comunication Events I \u201cClece for Integration\u201d Forum 10-03-2014 1st \u201cClece for Integration\u201d Forum : Companies\u2019 ignorance one of the main barriers to hiring people with disabilities At the 1st \u201cClece for Integration\u201d Forum-Conference, the various agents involved in hiring people with disabilities discussed the main barriers to finding work As part of its [&hellip;]<\/p>\n","protected":false},"author":3,"featured_media":0,"parent":142036,"menu_order":0,"comment_status":"closed","ping_status":"closed","template":"","meta":{"_acf_changed":false,"footnotes":""},"class_list":["post-142119","page","type-page","status-publish","hentry"],"acf":[],"yoast_head":"<!-- This site is optimized with the Yoast SEO plugin v27.3 - https:\/\/yoast.com\/product\/yoast-seo-wordpress\/ -->\n<title>1st Integration Forum | Clece<\/title>\n<meta name=\"description\" content=\"1st Clece Integration Forum. A colloquium at which different agents involved in hiring people with disabilities discuss the main obstacles to them finding work.\" \/>\n<meta name=\"robots\" content=\"index, follow, max-snippet:-1, max-image-preview:large, max-video-preview:-1\" \/>\n<link rel=\"canonical\" href=\"https:\/\/clece.es\/gl\/conecenos\/comunicacion\/eventos\/i-foro-pola-integracion\/\" \/>\n<meta property=\"og:locale\" content=\"en_US\" \/>\n<meta property=\"og:type\" content=\"article\" \/>\n<meta property=\"og:title\" content=\"1st Integration Forum | Clece\" \/>\n<meta property=\"og:description\" content=\"1st Clece Integration Forum. A colloquium at which different agents involved in hiring people with disabilities discuss the main obstacles to them finding work.\" \/>\n<meta property=\"og:url\" content=\"https:\/\/clece.es\/gl\/conecenos\/comunicacion\/eventos\/i-foro-pola-integracion\/\" \/>\n<meta property=\"og:site_name\" content=\"Clece\" \/>\n<meta property=\"article:publisher\" content=\"https:\/\/www.facebook.com\/CleceSociedadAnonima\/\" \/>\n<meta property=\"article:modified_time\" content=\"2025-01-09T15:55:02+00:00\" \/>\n<meta property=\"og:image\" content=\"http:\/\/sitio2.utopiasl.eu\/wp-content\/uploads\/2024\/10\/IForo-por-la-integracion-1-1024x484.jpg\" \/>\n<meta name=\"twitter:card\" content=\"summary_large_image\" \/>\n<meta name=\"twitter:site\" content=\"@Clece_\" \/>\n<meta name=\"twitter:label1\" content=\"Est. reading time\" \/>\n\t<meta name=\"twitter:data1\" content=\"5 minutes\" \/>\n<script type=\"application\/ld+json\" class=\"yoast-schema-graph\">{\"@context\":\"https:\\\/\\\/schema.org\",\"@graph\":[{\"@type\":\"WebPage\",\"@id\":\"https:\\\/\\\/clece.es\\\/gl\\\/conecenos\\\/comunicacion\\\/eventos\\\/i-foro-pola-integracion\\\/\",\"url\":\"https:\\\/\\\/clece.es\\\/gl\\\/conecenos\\\/comunicacion\\\/eventos\\\/i-foro-pola-integracion\\\/\",\"name\":\"1st Integration Forum | Clece\",\"isPartOf\":{\"@id\":\"https:\\\/\\\/clece.es\\\/es\\\/#website\"},\"primaryImageOfPage\":{\"@id\":\"https:\\\/\\\/clece.es\\\/gl\\\/conecenos\\\/comunicacion\\\/eventos\\\/i-foro-pola-integracion\\\/#primaryimage\"},\"image\":{\"@id\":\"https:\\\/\\\/clece.es\\\/gl\\\/conecenos\\\/comunicacion\\\/eventos\\\/i-foro-pola-integracion\\\/#primaryimage\"},\"thumbnailUrl\":\"http:\\\/\\\/sitio2.utopiasl.eu\\\/wp-content\\\/uploads\\\/2024\\\/10\\\/IForo-por-la-integracion-1-1024x484.jpg\",\"datePublished\":\"2024-10-22T09:32:54+00:00\",\"dateModified\":\"2025-01-09T15:55:02+00:00\",\"description\":\"1st Clece Integration Forum. A colloquium at which different agents involved in hiring people with disabilities discuss the main obstacles to them finding work.\",\"breadcrumb\":{\"@id\":\"https:\\\/\\\/clece.es\\\/gl\\\/conecenos\\\/comunicacion\\\/eventos\\\/i-foro-pola-integracion\\\/#breadcrumb\"},\"inLanguage\":\"en-US\",\"potentialAction\":[{\"@type\":\"ReadAction\",\"target\":[\"https:\\\/\\\/clece.es\\\/gl\\\/conecenos\\\/comunicacion\\\/eventos\\\/i-foro-pola-integracion\\\/\"]}]},{\"@type\":\"ImageObject\",\"inLanguage\":\"en-US\",\"@id\":\"https:\\\/\\\/clece.es\\\/gl\\\/conecenos\\\/comunicacion\\\/eventos\\\/i-foro-pola-integracion\\\/#primaryimage\",\"url\":\"http:\\\/\\\/sitio2.utopiasl.eu\\\/wp-content\\\/uploads\\\/2024\\\/10\\\/IForo-por-la-integracion-1-1024x484.jpg\",\"contentUrl\":\"http:\\\/\\\/sitio2.utopiasl.eu\\\/wp-content\\\/uploads\\\/2024\\\/10\\\/IForo-por-la-integracion-1-1024x484.jpg\"},{\"@type\":\"BreadcrumbList\",\"@id\":\"https:\\\/\\\/clece.es\\\/gl\\\/conecenos\\\/comunicacion\\\/eventos\\\/i-foro-pola-integracion\\\/#breadcrumb\",\"itemListElement\":[{\"@type\":\"ListItem\",\"position\":1,\"name\":\"Portada\",\"item\":\"https:\\\/\\\/clece.es\\\/es\\\/\"},{\"@type\":\"ListItem\",\"position\":2,\"name\":\"About us\",\"item\":\"https:\\\/\\\/clece.es\\\/en\\\/about-us\\\/\"},{\"@type\":\"ListItem\",\"position\":3,\"name\":\"Communication\",\"item\":\"https:\\\/\\\/clece.es\\\/gl\\\/conecenos\\\/comunicacion\\\/\"},{\"@type\":\"ListItem\",\"position\":4,\"name\":\"Events\",\"item\":\"https:\\\/\\\/clece.es\\\/gl\\\/conecenos\\\/comunicacion\\\/eventos\\\/\"},{\"@type\":\"ListItem\",\"position\":5,\"name\":\"I Clece for Integration Forum\"}]},{\"@type\":\"WebSite\",\"@id\":\"https:\\\/\\\/clece.es\\\/es\\\/#website\",\"url\":\"https:\\\/\\\/clece.es\\\/es\\\/\",\"name\":\"Clece\",\"description\":\"\",\"publisher\":{\"@id\":\"https:\\\/\\\/clece.es\\\/es\\\/#organization\"},\"potentialAction\":[{\"@type\":\"SearchAction\",\"target\":{\"@type\":\"EntryPoint\",\"urlTemplate\":\"https:\\\/\\\/clece.es\\\/es\\\/?s={search_term_string}\"},\"query-input\":{\"@type\":\"PropertyValueSpecification\",\"valueRequired\":true,\"valueName\":\"search_term_string\"}}],\"inLanguage\":\"en-US\"},{\"@type\":\"Organization\",\"@id\":\"https:\\\/\\\/clece.es\\\/es\\\/#organization\",\"name\":\"Grupo Clece\",\"url\":\"https:\\\/\\\/clece.es\\\/es\\\/\",\"logo\":{\"@type\":\"ImageObject\",\"inLanguage\":\"en-US\",\"@id\":\"https:\\\/\\\/clece.es\\\/es\\\/#\\\/schema\\\/logo\\\/image\\\/\",\"url\":\"https:\\\/\\\/sitio2.utopiasl.eu\\\/wp-content\\\/uploads\\\/2024\\\/10\\\/Logotipos_filiales_Clece_logotipo.png\",\"contentUrl\":\"https:\\\/\\\/sitio2.utopiasl.eu\\\/wp-content\\\/uploads\\\/2024\\\/10\\\/Logotipos_filiales_Clece_logotipo.png\",\"width\":5000,\"height\":5000,\"caption\":\"Grupo Clece\"},\"image\":{\"@id\":\"https:\\\/\\\/clece.es\\\/es\\\/#\\\/schema\\\/logo\\\/image\\\/\"},\"sameAs\":[\"https:\\\/\\\/www.facebook.com\\\/CleceSociedadAnonima\\\/\",\"https:\\\/\\\/x.com\\\/Clece_\",\"https:\\\/\\\/www.linkedin.com\\\/company\\\/clece-sa\\\/\"]}]}<\/script>\n<!-- \/ Yoast SEO plugin. -->","yoast_head_json":{"title":"1st Integration Forum | Clece","description":"1st Clece Integration Forum. A colloquium at which different agents involved in hiring people with disabilities discuss the main obstacles to them finding work.","robots":{"index":"index","follow":"follow","max-snippet":"max-snippet:-1","max-image-preview":"max-image-preview:large","max-video-preview":"max-video-preview:-1"},"canonical":"https:\/\/clece.es\/gl\/conecenos\/comunicacion\/eventos\/i-foro-pola-integracion\/","og_locale":"en_US","og_type":"article","og_title":"1st Integration Forum | Clece","og_description":"1st Clece Integration Forum. A colloquium at which different agents involved in hiring people with disabilities discuss the main obstacles to them finding work.","og_url":"https:\/\/clece.es\/gl\/conecenos\/comunicacion\/eventos\/i-foro-pola-integracion\/","og_site_name":"Clece","article_publisher":"https:\/\/www.facebook.com\/CleceSociedadAnonima\/","article_modified_time":"2025-01-09T15:55:02+00:00","og_image":[{"url":"http:\/\/sitio2.utopiasl.eu\/wp-content\/uploads\/2024\/10\/IForo-por-la-integracion-1-1024x484.jpg","type":"","width":"","height":""}],"twitter_card":"summary_large_image","twitter_site":"@Clece_","twitter_misc":{"Est. reading time":"5 minutes"},"schema":{"@context":"https:\/\/schema.org","@graph":[{"@type":"WebPage","@id":"https:\/\/clece.es\/gl\/conecenos\/comunicacion\/eventos\/i-foro-pola-integracion\/","url":"https:\/\/clece.es\/gl\/conecenos\/comunicacion\/eventos\/i-foro-pola-integracion\/","name":"1st Integration Forum | Clece","isPartOf":{"@id":"https:\/\/clece.es\/es\/#website"},"primaryImageOfPage":{"@id":"https:\/\/clece.es\/gl\/conecenos\/comunicacion\/eventos\/i-foro-pola-integracion\/#primaryimage"},"image":{"@id":"https:\/\/clece.es\/gl\/conecenos\/comunicacion\/eventos\/i-foro-pola-integracion\/#primaryimage"},"thumbnailUrl":"http:\/\/sitio2.utopiasl.eu\/wp-content\/uploads\/2024\/10\/IForo-por-la-integracion-1-1024x484.jpg","datePublished":"2024-10-22T09:32:54+00:00","dateModified":"2025-01-09T15:55:02+00:00","description":"1st Clece Integration Forum. A colloquium at which different agents involved in hiring people with disabilities discuss the main obstacles to them finding work.","breadcrumb":{"@id":"https:\/\/clece.es\/gl\/conecenos\/comunicacion\/eventos\/i-foro-pola-integracion\/#breadcrumb"},"inLanguage":"en-US","potentialAction":[{"@type":"ReadAction","target":["https:\/\/clece.es\/gl\/conecenos\/comunicacion\/eventos\/i-foro-pola-integracion\/"]}]},{"@type":"ImageObject","inLanguage":"en-US","@id":"https:\/\/clece.es\/gl\/conecenos\/comunicacion\/eventos\/i-foro-pola-integracion\/#primaryimage","url":"http:\/\/sitio2.utopiasl.eu\/wp-content\/uploads\/2024\/10\/IForo-por-la-integracion-1-1024x484.jpg","contentUrl":"http:\/\/sitio2.utopiasl.eu\/wp-content\/uploads\/2024\/10\/IForo-por-la-integracion-1-1024x484.jpg"},{"@type":"BreadcrumbList","@id":"https:\/\/clece.es\/gl\/conecenos\/comunicacion\/eventos\/i-foro-pola-integracion\/#breadcrumb","itemListElement":[{"@type":"ListItem","position":1,"name":"Portada","item":"https:\/\/clece.es\/es\/"},{"@type":"ListItem","position":2,"name":"About us","item":"https:\/\/clece.es\/en\/about-us\/"},{"@type":"ListItem","position":3,"name":"Communication","item":"https:\/\/clece.es\/gl\/conecenos\/comunicacion\/"},{"@type":"ListItem","position":4,"name":"Events","item":"https:\/\/clece.es\/gl\/conecenos\/comunicacion\/eventos\/"},{"@type":"ListItem","position":5,"name":"I Clece for Integration Forum"}]},{"@type":"WebSite","@id":"https:\/\/clece.es\/es\/#website","url":"https:\/\/clece.es\/es\/","name":"Clece","description":"","publisher":{"@id":"https:\/\/clece.es\/es\/#organization"},"potentialAction":[{"@type":"SearchAction","target":{"@type":"EntryPoint","urlTemplate":"https:\/\/clece.es\/es\/?s={search_term_string}"},"query-input":{"@type":"PropertyValueSpecification","valueRequired":true,"valueName":"search_term_string"}}],"inLanguage":"en-US"},{"@type":"Organization","@id":"https:\/\/clece.es\/es\/#organization","name":"Grupo Clece","url":"https:\/\/clece.es\/es\/","logo":{"@type":"ImageObject","inLanguage":"en-US","@id":"https:\/\/clece.es\/es\/#\/schema\/logo\/image\/","url":"https:\/\/sitio2.utopiasl.eu\/wp-content\/uploads\/2024\/10\/Logotipos_filiales_Clece_logotipo.png","contentUrl":"https:\/\/sitio2.utopiasl.eu\/wp-content\/uploads\/2024\/10\/Logotipos_filiales_Clece_logotipo.png","width":5000,"height":5000,"caption":"Grupo Clece"},"image":{"@id":"https:\/\/clece.es\/es\/#\/schema\/logo\/image\/"},"sameAs":["https:\/\/www.facebook.com\/CleceSociedadAnonima\/","https:\/\/x.com\/Clece_","https:\/\/www.linkedin.com\/company\/clece-sa\/"]}]}},"_links":{"self":[{"href":"https:\/\/clece.es\/en\/wp-json\/wp\/v2\/pages\/142119","targetHints":{"allow":["GET"]}}],"collection":[{"href":"https:\/\/clece.es\/en\/wp-json\/wp\/v2\/pages"}],"about":[{"href":"https:\/\/clece.es\/en\/wp-json\/wp\/v2\/types\/page"}],"author":[{"embeddable":true,"href":"https:\/\/clece.es\/en\/wp-json\/wp\/v2\/users\/3"}],"replies":[{"embeddable":true,"href":"https:\/\/clece.es\/en\/wp-json\/wp\/v2\/comments?post=142119"}],"version-history":[{"count":26,"href":"https:\/\/clece.es\/en\/wp-json\/wp\/v2\/pages\/142119\/revisions"}],"predecessor-version":[{"id":143651,"href":"https:\/\/clece.es\/en\/wp-json\/wp\/v2\/pages\/142119\/revisions\/143651"}],"up":[{"embeddable":true,"href":"https:\/\/clece.es\/en\/wp-json\/wp\/v2\/pages\/142036"}],"wp:attachment":[{"href":"https:\/\/clece.es\/en\/wp-json\/wp\/v2\/media?parent=142119"}],"curies":[{"name":"wp","href":"https:\/\/api.w.org\/{rel}","templated":true}]}}