{"id":142155,"date":"2024-10-23T13:27:33","date_gmt":"2024-10-23T13:27:33","guid":{"rendered":"https:\/\/sitio2.utopiasl.eu\/?page_id=142155"},"modified":"2025-01-08T11:41:45","modified_gmt":"2025-01-08T11:41:45","slug":"viii-clece-for-integration-forum","status":"publish","type":"page","link":"https:\/\/clece.es\/en\/about-us\/communication\/events\/viii-clece-for-integration-forum\/","title":{"rendered":"VIII Clece for Integration Forum"},"content":{"rendered":"\t\t<div data-elementor-type=\"wp-page\" data-elementor-id=\"142155\" class=\"elementor elementor-142155 elementor-9126\" data-elementor-post-type=\"page\">\n\t\t\t\t<div class=\"elementor-element elementor-element-e2ae174 e-flex e-con-boxed e-con e-parent\" data-id=\"e2ae174\" data-element_type=\"container\" data-e-type=\"container\">\n\t\t\t\t\t<div class=\"e-con-inner\">\n\t\t<div class=\"elementor-element elementor-element-d6f242d e-con-full e-flex e-con e-child\" data-id=\"d6f242d\" data-element_type=\"container\" data-e-type=\"container\">\n\t\t\t\t<div class=\"elementor-element elementor-element-3b6cfef elementor-widget elementor-widget-heading\" data-id=\"3b6cfef\" data-element_type=\"widget\" data-e-type=\"widget\" data-widget_type=\"heading.default\">\n\t\t\t\t<div class=\"elementor-widget-container\">\n\t\t\t\t\t<h2 class=\"elementor-heading-title elementor-size-default\"><a href=\"\/en\/about-us\/\">About us<\/a><\/h2>\t\t\t\t<\/div>\n\t\t\t\t<\/div>\n\t\t\t\t<div class=\"elementor-element elementor-element-daef0c6 elementor-widget elementor-widget-heading\" data-id=\"daef0c6\" data-element_type=\"widget\" data-e-type=\"widget\" data-widget_type=\"heading.default\">\n\t\t\t\t<div class=\"elementor-widget-container\">\n\t\t\t\t\t<h2 class=\"elementor-heading-title elementor-size-default\"><a href=\"\/en\/about-us\/comunication\/\">Comunication<\/a><\/h2>\t\t\t\t<\/div>\n\t\t\t\t<\/div>\n\t\t\t\t<div class=\"elementor-element elementor-element-53a7bb6 elementor-widget elementor-widget-heading\" data-id=\"53a7bb6\" data-element_type=\"widget\" data-e-type=\"widget\" data-widget_type=\"heading.default\">\n\t\t\t\t<div class=\"elementor-widget-container\">\n\t\t\t\t\t<h2 class=\"elementor-heading-title elementor-size-default\"><a href=\"\/en\/about-us\/comunication\/events\/\">Events<\/a><\/h2>\t\t\t\t<\/div>\n\t\t\t\t<\/div>\n\t\t\t\t<div class=\"elementor-element elementor-element-666855d elementor-widget elementor-widget-heading\" data-id=\"666855d\" data-element_type=\"widget\" data-e-type=\"widget\" data-widget_type=\"heading.default\">\n\t\t\t\t<div class=\"elementor-widget-container\">\n\t\t\t\t\t<h2 class=\"elementor-heading-title elementor-size-default\">VIII \u201cClece for Integration\u201d Forum<\/h2>\t\t\t\t<\/div>\n\t\t\t\t<\/div>\n\t\t\t\t<\/div>\n\t\t\t\t\t<\/div>\n\t\t\t\t<\/div>\n\t\t<div class=\"elementor-element elementor-element-6021f0e e-flex e-con-boxed e-con e-parent\" data-id=\"6021f0e\" data-element_type=\"container\" data-e-type=\"container\">\n\t\t\t\t\t<div class=\"e-con-inner\">\n\t\t<div class=\"elementor-element elementor-element-e2cdb64 e-con-full e-flex e-con e-child\" data-id=\"e2cdb64\" data-element_type=\"container\" data-e-type=\"container\">\n\t\t<div class=\"elementor-element elementor-element-5be7dbb e-con-full e-flex e-con e-child\" data-id=\"5be7dbb\" data-element_type=\"container\" data-e-type=\"container\">\n\t\t\t\t<div class=\"elementor-element elementor-element-8a4a826 elementor-widget elementor-widget-image\" data-id=\"8a4a826\" data-element_type=\"widget\" data-e-type=\"widget\" data-widget_type=\"image.default\">\n\t\t\t\t<div class=\"elementor-widget-container\">\n\t\t\t\t\t\t\t\t\t\t\t\t\t\t\t<img fetchpriority=\"high\" decoding=\"async\" width=\"800\" height=\"360\" src=\"https:\/\/clece.es\/wp-content\/uploads\/2024\/10\/VIIIForo-1-1024x461.jpg\" class=\"attachment-large size-large wp-image-9347\" alt=\"\" srcset=\"https:\/\/clece.es\/wp-content\/uploads\/2024\/10\/VIIIForo-1-1024x461.jpg 1024w, https:\/\/clece.es\/wp-content\/uploads\/2024\/10\/VIIIForo-1-300x135.jpg 300w, https:\/\/clece.es\/wp-content\/uploads\/2024\/10\/VIIIForo-1-768x346.jpg 768w, https:\/\/clece.es\/wp-content\/uploads\/2024\/10\/VIIIForo-1.jpg 1449w\" sizes=\"(max-width: 800px) 100vw, 800px\" \/>\t\t\t\t\t\t\t\t\t\t\t\t\t\t\t<\/div>\n\t\t\t\t<\/div>\n\t\t\t\t<\/div>\n\t\t\t\t<div class=\"elementor-element elementor-element-d833061 elementor-widget elementor-widget-text-editor\" data-id=\"d833061\" data-element_type=\"widget\" data-e-type=\"widget\" data-widget_type=\"text-editor.default\">\n\t\t\t\t<div class=\"elementor-widget-container\">\n\t\t\t\t\t\t\t\t\t<p>14-03-2018<\/p>\t\t\t\t\t\t\t\t<\/div>\n\t\t\t\t<\/div>\n\t\t\t\t<div class=\"elementor-element elementor-element-7ef2165 elementor-widget elementor-widget-heading\" data-id=\"7ef2165\" data-element_type=\"widget\" data-e-type=\"widget\" data-widget_type=\"heading.default\">\n\t\t\t\t<div class=\"elementor-widget-container\">\n\t\t\t\t\t<h2 class=\"elementor-heading-title elementor-size-default\">VIII \u201cClece for Integration\u201d Forum\"Public Administration has the accelerator for growing workplace integration exponentially\"<\/h2>\t\t\t\t<\/div>\n\t\t\t\t<\/div>\n\t\t\t\t<div class=\"elementor-element elementor-element-f5e380a elementor-widget-divider--view-line elementor-widget elementor-widget-divider\" data-id=\"f5e380a\" data-element_type=\"widget\" data-e-type=\"widget\" data-widget_type=\"divider.default\">\n\t\t\t\t<div class=\"elementor-widget-container\">\n\t\t\t\t\t\t\t<div class=\"elementor-divider\">\n\t\t\t<span class=\"elementor-divider-separator\">\n\t\t\t\t\t\t<\/span>\n\t\t<\/div>\n\t\t\t\t\t\t<\/div>\n\t\t\t\t<\/div>\n\t\t\t\t<div class=\"elementor-element elementor-element-26c3095 elementor-widget elementor-widget-text-editor\" data-id=\"26c3095\" data-element_type=\"widget\" data-e-type=\"widget\" data-widget_type=\"text-editor.default\">\n\t\t\t\t<div class=\"elementor-widget-container\">\n\t\t\t\t\t\t\t\t\t<ul><li style=\"font-weight: 300;\"><b><strong style=\"font-style: inherit;\"><span style=\"font-style: inherit; font-weight: inherit;\">This was one of the conclusions of Clece\u2019s President, Crist\u00f3bal Valderas, who added that there was a need for more training as a facilitating measure for social and workplace integration.<\/span><\/strong><\/b><\/li><li style=\"font-weight: 300;\"><b><strong style=\"font-style: inherit;\"><span style=\"font-style: inherit; font-weight: inherit;\">Out of approximately 75,000 company employees across the whole of Spain, 7,547 are from vulnerable collectives, 471 of these working in the Cantabrian Corniche region of Spain.<\/span><\/strong><\/b><\/li><\/ul>\t\t\t\t\t\t\t\t<\/div>\n\t\t\t\t<\/div>\n\t\t\t\t<div class=\"elementor-element elementor-element-319841c elementor-widget elementor-widget-text-editor\" data-id=\"319841c\" data-element_type=\"widget\" data-e-type=\"widget\" data-widget_type=\"text-editor.default\">\n\t\t\t\t<div class=\"elementor-widget-container\">\n\t\t\t\t\t\t\t\t\t<p>\u201cCurrently we are achieving more than ever in incorporating disadvantaged collectives, but there is still a lot to do. Public Administration has the accelerator for growing workplace integration exponentially. It has the tools to hand to grow the integration of people from disadvantaged collectives\u201d:\u00a0 This was one of the principle conclusions from the\u00a0<strong>VIII \u201cClece for Integration\u201d Forum entitled \u201cAre we talking about workplace integration?\u201d<\/strong>. The event took place on 1st March at the Magdalena de Santander Palace.<\/p><p>The meeting highlighted the need to encourage alliances between private companies and Public Administration. In addition, the need to support training in order to reduce levels of unemployment among disabled people, those at risk of exclusion, or women who are victims of gender based violence.<\/p><p>The Mayor of Santander, Gema Igual Ortiz, opened the forum. This gathered together representatives from Public Administration, the private company, social agents and workers from these collectives. They included: Roberto del Pozo L\u00f3pez, Councillor for Personal Autonomy from Santander Town Hall; Francisco Javier Guti\u00e9rrez Iglesias, Deputy Mayor of the Cabez\u00f3n de la Sal Town Hall; Tom\u00e1s Castillo Arenal, Manager of Amica, an association for the disabled; Crist\u00f3bal Valderas Alvarado, President of Clece; and Mar\u00eda Jos\u00e9 M. N., a victim gender based violence who now works for Clece.<\/p><p>As a representative of one of the most affected collectives, Tom\u00e1s Castillo Arenal, Manager of Amica, highlighted the latest figures: \u201cWe are making progress. 2017 has beaten the record for job contracts for people with disabilities. More than 110,000 people have been placed\u201d.<\/p><p>Roberto del Pozo L\u00f3pez, Councillor for Personal Autonomy at Santander Town Hall added that without doubt \u201cthese figures reflect a changing mentality in society and this gives us hope. However, we still need to continue to break down barriers and prejudices\u201d.<\/p><p>The Deputy Mayor of Cabez\u00f3n de la Sal, Javier Guti\u00e9rrez Iglesias, emphasized \u201cwe need companies and industry to innovate in order to include these collectives. An interchange of ideas\u00a0is necessary between public administration and companies in order to train people and help their incorporation within the employment market\u201d.<\/p><p>Crist\u00f3bal Valderas underlined the fact that \u201cTown halls do not have employment capacity, but they certainly make decisions about the companies they hire, tender conditions and social clauses\u201d,<\/p><p>The human and personal aspect of the problem was expressed by Mar\u00eda Jos\u00e9 M.N., a victim of gender-based violence and one of Clece\u2019s employees. In the words of the Forum moderator, Elena D\u00edez-Fuentes, Mar\u00eda Jos\u00e9 represents \u201ca success in herself\u201d.\u00a0 She started on a temporary contract in 2015 that soon became permanent. It changed her life. \u201cWork has given me a life. It has been my therapy. Starting work with Clece allowed me to feel valued and to recover my confidence\u201d she added.<\/p><p><strong>Training as the required measure for workplace integration.<\/strong><\/p><p>Another of the most repeated issues at the Forum has been the need to encourage training as a facilitating measure for social and workplace integration. Crist\u00f3bal Valderas highlighted the strong commitment to this issue over recent years, and especially in 2017. \u201cLast year we trained more than 22,300 participants in 2,000 courses covering social services activity, safety, educational services, cleaning and maintenance, amongst others.\u00a0 Of these, 1,192 were disabled people, 148 were from the social exclusion collective, and 33 women were victims of gender-based violence\u201d.<\/p><p>Clece\u2019s social commitment to employability and training is in the company\u2019s DNA. Today, it means that it is a company of around 75,000 employees with a presence across the whole of national territory. Of these employees, 7,547 are from disadvantaged collectives. Specifically in the Cantabrian Corniche, the company has 2,950 employees of whom 471 are from vulnerable collectives.<\/p><p>In the conclusion to the day, each of the speakers summarised an aim or a hope. Roberto del Pozo\u2019s aim is \u201cTo achieve a society that is conscious that the objectives achieved are for everyone\u201d; Javier Guti\u00e9rrez added the importance of \u201cteamwork, development and innovation\u201d; Tomas Castillo talked about \u201cinclusion giving us a richer society\u201d; and Mar\u00eda Jos\u00e9 M.N. said that her dream is to keep working and to improve through more training. Lastly, Crist\u00f3bal Valderas added that Clece\u2019s challenge is to hire 139 women who are victims of gender-based violence in line with the commitment made at the III Edition of the Compromiso Awards.\u00a0 Currently, he was proud to say, \u201cWe are up to 49. We\u2019re on to it\u201d.<\/p>\t\t\t\t\t\t\t\t<\/div>\n\t\t\t\t<\/div>\n\t\t\t\t<\/div>\n\t\t\t\t\t<\/div>\n\t\t\t\t<\/div>\n\t\t\t\t<\/div>\n\t\t","protected":false},"excerpt":{"rendered":"<p>About us Comunication Events VIII \u201cClece for Integration\u201d Forum 14-03-2018 VIII \u201cClece for Integration\u201d Forum&#8221;Public Administration has the accelerator for growing workplace integration exponentially&#8221; This was one of the conclusions of Clece\u2019s President, Crist\u00f3bal Valderas, who added that there was a need for more training as a facilitating measure for social and workplace integration. Out [&hellip;]<\/p>\n","protected":false},"author":3,"featured_media":0,"parent":142036,"menu_order":0,"comment_status":"closed","ping_status":"closed","template":"","meta":{"_acf_changed":false,"footnotes":""},"class_list":["post-142155","page","type-page","status-publish","hentry"],"acf":[],"yoast_head":"<!-- This site is optimized with the Yoast SEO plugin v27.3 - https:\/\/yoast.com\/product\/yoast-seo-wordpress\/ -->\n<title>8th Forum for Integration | Clece<\/title>\n<meta name=\"description\" content=\"8th Clece Forum for Integration. Held in Santander, under the heading \u201cShall we talk about inclusion in the workplace?\u201d, the event focused on the need to create links between the private sector and public administration on this issue.\" \/>\n<meta name=\"robots\" content=\"index, follow, max-snippet:-1, max-image-preview:large, max-video-preview:-1\" \/>\n<link rel=\"canonical\" href=\"https:\/\/clece.es\/gl\/conecenos\/comunicacion\/eventos\/viii-foro-pola-integracion\/\" \/>\n<meta property=\"og:locale\" content=\"en_US\" \/>\n<meta property=\"og:type\" content=\"article\" \/>\n<meta property=\"og:title\" content=\"8th Forum for Integration | Clece\" \/>\n<meta property=\"og:description\" content=\"8th Clece Forum for Integration. Held in Santander, under the heading \u201cShall we talk about inclusion in the workplace?\u201d, the event focused on the need to create links between the private sector and public administration on this issue.\" \/>\n<meta property=\"og:url\" content=\"https:\/\/clece.es\/gl\/conecenos\/comunicacion\/eventos\/viii-foro-pola-integracion\/\" \/>\n<meta property=\"og:site_name\" content=\"Clece\" \/>\n<meta property=\"article:publisher\" content=\"https:\/\/www.facebook.com\/CleceSociedadAnonima\/\" \/>\n<meta property=\"article:modified_time\" content=\"2025-01-08T11:41:45+00:00\" \/>\n<meta property=\"og:image\" content=\"http:\/\/sitio2.utopiasl.eu\/wp-content\/uploads\/2024\/10\/VIIIForo-1-1024x461.jpg\" \/>\n<meta name=\"twitter:card\" content=\"summary_large_image\" \/>\n<meta name=\"twitter:site\" content=\"@Clece_\" \/>\n<meta name=\"twitter:label1\" content=\"Est. reading time\" \/>\n\t<meta name=\"twitter:data1\" content=\"4 minutes\" \/>\n<script type=\"application\/ld+json\" class=\"yoast-schema-graph\">{\"@context\":\"https:\\\/\\\/schema.org\",\"@graph\":[{\"@type\":\"WebPage\",\"@id\":\"https:\\\/\\\/clece.es\\\/gl\\\/conecenos\\\/comunicacion\\\/eventos\\\/viii-foro-pola-integracion\\\/\",\"url\":\"https:\\\/\\\/clece.es\\\/gl\\\/conecenos\\\/comunicacion\\\/eventos\\\/viii-foro-pola-integracion\\\/\",\"name\":\"8th Forum for Integration | Clece\",\"isPartOf\":{\"@id\":\"https:\\\/\\\/clece.es\\\/es\\\/#website\"},\"primaryImageOfPage\":{\"@id\":\"https:\\\/\\\/clece.es\\\/gl\\\/conecenos\\\/comunicacion\\\/eventos\\\/viii-foro-pola-integracion\\\/#primaryimage\"},\"image\":{\"@id\":\"https:\\\/\\\/clece.es\\\/gl\\\/conecenos\\\/comunicacion\\\/eventos\\\/viii-foro-pola-integracion\\\/#primaryimage\"},\"thumbnailUrl\":\"http:\\\/\\\/sitio2.utopiasl.eu\\\/wp-content\\\/uploads\\\/2024\\\/10\\\/VIIIForo-1-1024x461.jpg\",\"datePublished\":\"2024-10-23T13:27:33+00:00\",\"dateModified\":\"2025-01-08T11:41:45+00:00\",\"description\":\"8th Clece Forum for Integration. Held in Santander, under the heading \u201cShall we talk about inclusion in the workplace?\u201d, the event focused on the need to create links between the private sector and public administration on this issue.\",\"breadcrumb\":{\"@id\":\"https:\\\/\\\/clece.es\\\/gl\\\/conecenos\\\/comunicacion\\\/eventos\\\/viii-foro-pola-integracion\\\/#breadcrumb\"},\"inLanguage\":\"en-US\",\"potentialAction\":[{\"@type\":\"ReadAction\",\"target\":[\"https:\\\/\\\/clece.es\\\/gl\\\/conecenos\\\/comunicacion\\\/eventos\\\/viii-foro-pola-integracion\\\/\"]}]},{\"@type\":\"ImageObject\",\"inLanguage\":\"en-US\",\"@id\":\"https:\\\/\\\/clece.es\\\/gl\\\/conecenos\\\/comunicacion\\\/eventos\\\/viii-foro-pola-integracion\\\/#primaryimage\",\"url\":\"http:\\\/\\\/sitio2.utopiasl.eu\\\/wp-content\\\/uploads\\\/2024\\\/10\\\/VIIIForo-1-1024x461.jpg\",\"contentUrl\":\"http:\\\/\\\/sitio2.utopiasl.eu\\\/wp-content\\\/uploads\\\/2024\\\/10\\\/VIIIForo-1-1024x461.jpg\"},{\"@type\":\"BreadcrumbList\",\"@id\":\"https:\\\/\\\/clece.es\\\/gl\\\/conecenos\\\/comunicacion\\\/eventos\\\/viii-foro-pola-integracion\\\/#breadcrumb\",\"itemListElement\":[{\"@type\":\"ListItem\",\"position\":1,\"name\":\"Portada\",\"item\":\"https:\\\/\\\/clece.es\\\/es\\\/\"},{\"@type\":\"ListItem\",\"position\":2,\"name\":\"About us\",\"item\":\"https:\\\/\\\/clece.es\\\/en\\\/about-us\\\/\"},{\"@type\":\"ListItem\",\"position\":3,\"name\":\"Communication\",\"item\":\"https:\\\/\\\/clece.es\\\/gl\\\/conecenos\\\/comunicacion\\\/\"},{\"@type\":\"ListItem\",\"position\":4,\"name\":\"Events\",\"item\":\"https:\\\/\\\/clece.es\\\/gl\\\/conecenos\\\/comunicacion\\\/eventos\\\/\"},{\"@type\":\"ListItem\",\"position\":5,\"name\":\"VIII Clece for Integration Forum\"}]},{\"@type\":\"WebSite\",\"@id\":\"https:\\\/\\\/clece.es\\\/es\\\/#website\",\"url\":\"https:\\\/\\\/clece.es\\\/es\\\/\",\"name\":\"Clece\",\"description\":\"\",\"publisher\":{\"@id\":\"https:\\\/\\\/clece.es\\\/es\\\/#organization\"},\"potentialAction\":[{\"@type\":\"SearchAction\",\"target\":{\"@type\":\"EntryPoint\",\"urlTemplate\":\"https:\\\/\\\/clece.es\\\/es\\\/?s={search_term_string}\"},\"query-input\":{\"@type\":\"PropertyValueSpecification\",\"valueRequired\":true,\"valueName\":\"search_term_string\"}}],\"inLanguage\":\"en-US\"},{\"@type\":\"Organization\",\"@id\":\"https:\\\/\\\/clece.es\\\/es\\\/#organization\",\"name\":\"Grupo Clece\",\"url\":\"https:\\\/\\\/clece.es\\\/es\\\/\",\"logo\":{\"@type\":\"ImageObject\",\"inLanguage\":\"en-US\",\"@id\":\"https:\\\/\\\/clece.es\\\/es\\\/#\\\/schema\\\/logo\\\/image\\\/\",\"url\":\"https:\\\/\\\/sitio2.utopiasl.eu\\\/wp-content\\\/uploads\\\/2024\\\/10\\\/Logotipos_filiales_Clece_logotipo.png\",\"contentUrl\":\"https:\\\/\\\/sitio2.utopiasl.eu\\\/wp-content\\\/uploads\\\/2024\\\/10\\\/Logotipos_filiales_Clece_logotipo.png\",\"width\":5000,\"height\":5000,\"caption\":\"Grupo Clece\"},\"image\":{\"@id\":\"https:\\\/\\\/clece.es\\\/es\\\/#\\\/schema\\\/logo\\\/image\\\/\"},\"sameAs\":[\"https:\\\/\\\/www.facebook.com\\\/CleceSociedadAnonima\\\/\",\"https:\\\/\\\/x.com\\\/Clece_\",\"https:\\\/\\\/www.linkedin.com\\\/company\\\/clece-sa\\\/\"]}]}<\/script>\n<!-- \/ Yoast SEO plugin. -->","yoast_head_json":{"title":"8th Forum for Integration | Clece","description":"8th Clece Forum for Integration. Held in Santander, under the heading \u201cShall we talk about inclusion in the workplace?\u201d, the event focused on the need to create links between the private sector and public administration on this issue.","robots":{"index":"index","follow":"follow","max-snippet":"max-snippet:-1","max-image-preview":"max-image-preview:large","max-video-preview":"max-video-preview:-1"},"canonical":"https:\/\/clece.es\/gl\/conecenos\/comunicacion\/eventos\/viii-foro-pola-integracion\/","og_locale":"en_US","og_type":"article","og_title":"8th Forum for Integration | Clece","og_description":"8th Clece Forum for Integration. Held in Santander, under the heading \u201cShall we talk about inclusion in the workplace?\u201d, the event focused on the need to create links between the private sector and public administration on this issue.","og_url":"https:\/\/clece.es\/gl\/conecenos\/comunicacion\/eventos\/viii-foro-pola-integracion\/","og_site_name":"Clece","article_publisher":"https:\/\/www.facebook.com\/CleceSociedadAnonima\/","article_modified_time":"2025-01-08T11:41:45+00:00","og_image":[{"url":"http:\/\/sitio2.utopiasl.eu\/wp-content\/uploads\/2024\/10\/VIIIForo-1-1024x461.jpg","type":"","width":"","height":""}],"twitter_card":"summary_large_image","twitter_site":"@Clece_","twitter_misc":{"Est. reading time":"4 minutes"},"schema":{"@context":"https:\/\/schema.org","@graph":[{"@type":"WebPage","@id":"https:\/\/clece.es\/gl\/conecenos\/comunicacion\/eventos\/viii-foro-pola-integracion\/","url":"https:\/\/clece.es\/gl\/conecenos\/comunicacion\/eventos\/viii-foro-pola-integracion\/","name":"8th Forum for Integration | Clece","isPartOf":{"@id":"https:\/\/clece.es\/es\/#website"},"primaryImageOfPage":{"@id":"https:\/\/clece.es\/gl\/conecenos\/comunicacion\/eventos\/viii-foro-pola-integracion\/#primaryimage"},"image":{"@id":"https:\/\/clece.es\/gl\/conecenos\/comunicacion\/eventos\/viii-foro-pola-integracion\/#primaryimage"},"thumbnailUrl":"http:\/\/sitio2.utopiasl.eu\/wp-content\/uploads\/2024\/10\/VIIIForo-1-1024x461.jpg","datePublished":"2024-10-23T13:27:33+00:00","dateModified":"2025-01-08T11:41:45+00:00","description":"8th Clece Forum for Integration. Held in Santander, under the heading \u201cShall we talk about inclusion in the workplace?\u201d, the event focused on the need to create links between the private sector and public administration on this issue.","breadcrumb":{"@id":"https:\/\/clece.es\/gl\/conecenos\/comunicacion\/eventos\/viii-foro-pola-integracion\/#breadcrumb"},"inLanguage":"en-US","potentialAction":[{"@type":"ReadAction","target":["https:\/\/clece.es\/gl\/conecenos\/comunicacion\/eventos\/viii-foro-pola-integracion\/"]}]},{"@type":"ImageObject","inLanguage":"en-US","@id":"https:\/\/clece.es\/gl\/conecenos\/comunicacion\/eventos\/viii-foro-pola-integracion\/#primaryimage","url":"http:\/\/sitio2.utopiasl.eu\/wp-content\/uploads\/2024\/10\/VIIIForo-1-1024x461.jpg","contentUrl":"http:\/\/sitio2.utopiasl.eu\/wp-content\/uploads\/2024\/10\/VIIIForo-1-1024x461.jpg"},{"@type":"BreadcrumbList","@id":"https:\/\/clece.es\/gl\/conecenos\/comunicacion\/eventos\/viii-foro-pola-integracion\/#breadcrumb","itemListElement":[{"@type":"ListItem","position":1,"name":"Portada","item":"https:\/\/clece.es\/es\/"},{"@type":"ListItem","position":2,"name":"About us","item":"https:\/\/clece.es\/en\/about-us\/"},{"@type":"ListItem","position":3,"name":"Communication","item":"https:\/\/clece.es\/gl\/conecenos\/comunicacion\/"},{"@type":"ListItem","position":4,"name":"Events","item":"https:\/\/clece.es\/gl\/conecenos\/comunicacion\/eventos\/"},{"@type":"ListItem","position":5,"name":"VIII Clece for Integration Forum"}]},{"@type":"WebSite","@id":"https:\/\/clece.es\/es\/#website","url":"https:\/\/clece.es\/es\/","name":"Clece","description":"","publisher":{"@id":"https:\/\/clece.es\/es\/#organization"},"potentialAction":[{"@type":"SearchAction","target":{"@type":"EntryPoint","urlTemplate":"https:\/\/clece.es\/es\/?s={search_term_string}"},"query-input":{"@type":"PropertyValueSpecification","valueRequired":true,"valueName":"search_term_string"}}],"inLanguage":"en-US"},{"@type":"Organization","@id":"https:\/\/clece.es\/es\/#organization","name":"Grupo Clece","url":"https:\/\/clece.es\/es\/","logo":{"@type":"ImageObject","inLanguage":"en-US","@id":"https:\/\/clece.es\/es\/#\/schema\/logo\/image\/","url":"https:\/\/sitio2.utopiasl.eu\/wp-content\/uploads\/2024\/10\/Logotipos_filiales_Clece_logotipo.png","contentUrl":"https:\/\/sitio2.utopiasl.eu\/wp-content\/uploads\/2024\/10\/Logotipos_filiales_Clece_logotipo.png","width":5000,"height":5000,"caption":"Grupo Clece"},"image":{"@id":"https:\/\/clece.es\/es\/#\/schema\/logo\/image\/"},"sameAs":["https:\/\/www.facebook.com\/CleceSociedadAnonima\/","https:\/\/x.com\/Clece_","https:\/\/www.linkedin.com\/company\/clece-sa\/"]}]}},"_links":{"self":[{"href":"https:\/\/clece.es\/en\/wp-json\/wp\/v2\/pages\/142155","targetHints":{"allow":["GET"]}}],"collection":[{"href":"https:\/\/clece.es\/en\/wp-json\/wp\/v2\/pages"}],"about":[{"href":"https:\/\/clece.es\/en\/wp-json\/wp\/v2\/types\/page"}],"author":[{"embeddable":true,"href":"https:\/\/clece.es\/en\/wp-json\/wp\/v2\/users\/3"}],"replies":[{"embeddable":true,"href":"https:\/\/clece.es\/en\/wp-json\/wp\/v2\/comments?post=142155"}],"version-history":[{"count":11,"href":"https:\/\/clece.es\/en\/wp-json\/wp\/v2\/pages\/142155\/revisions"}],"predecessor-version":[{"id":142411,"href":"https:\/\/clece.es\/en\/wp-json\/wp\/v2\/pages\/142155\/revisions\/142411"}],"up":[{"embeddable":true,"href":"https:\/\/clece.es\/en\/wp-json\/wp\/v2\/pages\/142036"}],"wp:attachment":[{"href":"https:\/\/clece.es\/en\/wp-json\/wp\/v2\/media?parent=142155"}],"curies":[{"name":"wp","href":"https:\/\/api.w.org\/{rel}","templated":true}]}}