{"id":142276,"date":"2024-10-23T10:03:12","date_gmt":"2024-10-23T10:03:12","guid":{"rendered":"https:\/\/sitio2.utopiasl.eu\/?page_id=142276"},"modified":"2025-01-08T11:39:49","modified_gmt":"2025-01-08T11:39:49","slug":"ii-clece-for-integration-forum","status":"publish","type":"page","link":"https:\/\/clece.es\/en\/about-us\/communication\/events\/ii-clece-for-integration-forum\/","title":{"rendered":"II Clece for Integration Forum"},"content":{"rendered":"\t\t<div data-elementor-type=\"wp-page\" data-elementor-id=\"142276\" class=\"elementor elementor-142276 elementor-8747\" data-elementor-post-type=\"page\">\n\t\t\t\t<div class=\"elementor-element elementor-element-ac1a506 e-flex e-con-boxed e-con e-parent\" data-id=\"ac1a506\" data-element_type=\"container\" data-e-type=\"container\">\n\t\t\t\t\t<div class=\"e-con-inner\">\n\t\t<div class=\"elementor-element elementor-element-43f8d11 e-con-full e-flex e-con e-child\" data-id=\"43f8d11\" data-element_type=\"container\" data-e-type=\"container\">\n\t\t\t\t<div class=\"elementor-element elementor-element-62b6cab elementor-widget elementor-widget-heading\" data-id=\"62b6cab\" data-element_type=\"widget\" data-e-type=\"widget\" data-widget_type=\"heading.default\">\n\t\t\t\t<div class=\"elementor-widget-container\">\n\t\t\t\t\t<h2 class=\"elementor-heading-title elementor-size-default\"><a href=\"\/en\/about-us\/\">About us<\/a><\/h2>\t\t\t\t<\/div>\n\t\t\t\t<\/div>\n\t\t\t\t<div class=\"elementor-element elementor-element-b928593 elementor-widget elementor-widget-heading\" data-id=\"b928593\" data-element_type=\"widget\" data-e-type=\"widget\" data-widget_type=\"heading.default\">\n\t\t\t\t<div class=\"elementor-widget-container\">\n\t\t\t\t\t<h2 class=\"elementor-heading-title elementor-size-default\"><a href=\"\/en\/about-us\/comunication\/\">Comunication<\/a><\/h2>\t\t\t\t<\/div>\n\t\t\t\t<\/div>\n\t\t\t\t<div class=\"elementor-element elementor-element-91747a9 elementor-widget elementor-widget-heading\" data-id=\"91747a9\" data-element_type=\"widget\" data-e-type=\"widget\" data-widget_type=\"heading.default\">\n\t\t\t\t<div class=\"elementor-widget-container\">\n\t\t\t\t\t<h2 class=\"elementor-heading-title elementor-size-default\"><a href=\"\/en\/about-us\/comunication\/events\/\">Events<\/a><\/h2>\t\t\t\t<\/div>\n\t\t\t\t<\/div>\n\t\t\t\t<div class=\"elementor-element elementor-element-d0b605f elementor-widget elementor-widget-heading\" data-id=\"d0b605f\" data-element_type=\"widget\" data-e-type=\"widget\" data-widget_type=\"heading.default\">\n\t\t\t\t<div class=\"elementor-widget-container\">\n\t\t\t\t\t<h2 class=\"elementor-heading-title elementor-size-default\">II \u201cClece for Integration\u201d Forum<\/h2>\t\t\t\t<\/div>\n\t\t\t\t<\/div>\n\t\t\t\t<\/div>\n\t\t\t\t\t<\/div>\n\t\t\t\t<\/div>\n\t\t<div class=\"elementor-element elementor-element-eac3551 e-flex e-con-boxed e-con e-parent\" data-id=\"eac3551\" data-element_type=\"container\" data-e-type=\"container\">\n\t\t\t\t\t<div class=\"e-con-inner\">\n\t\t<div class=\"elementor-element elementor-element-bb27f15 e-con-full e-flex e-con e-child\" data-id=\"bb27f15\" data-element_type=\"container\" data-e-type=\"container\">\n\t\t<div class=\"elementor-element elementor-element-5df11e1 e-con-full e-flex e-con e-child\" data-id=\"5df11e1\" data-element_type=\"container\" data-e-type=\"container\">\n\t\t\t\t<div class=\"elementor-element elementor-element-684d8b1 elementor-widget elementor-widget-image\" data-id=\"684d8b1\" data-element_type=\"widget\" data-e-type=\"widget\" data-widget_type=\"image.default\">\n\t\t\t\t<div class=\"elementor-widget-container\">\n\t\t\t\t\t\t\t\t\t\t\t\t\t\t\t<img fetchpriority=\"high\" decoding=\"async\" width=\"800\" height=\"403\" src=\"https:\/\/clece.es\/wp-content\/uploads\/2024\/10\/IIForo-por-la-integracion-Hay-salida-Valencia-1-1024x516.jpg\" class=\"attachment-large size-large wp-image-8781\" alt=\"\" srcset=\"https:\/\/clece.es\/wp-content\/uploads\/2024\/10\/IIForo-por-la-integracion-Hay-salida-Valencia-1-1024x516.jpg 1024w, https:\/\/clece.es\/wp-content\/uploads\/2024\/10\/IIForo-por-la-integracion-Hay-salida-Valencia-1-300x151.jpg 300w, https:\/\/clece.es\/wp-content\/uploads\/2024\/10\/IIForo-por-la-integracion-Hay-salida-Valencia-1-768x387.jpg 768w, https:\/\/clece.es\/wp-content\/uploads\/2024\/10\/IIForo-por-la-integracion-Hay-salida-Valencia-1.jpg 1271w\" sizes=\"(max-width: 800px) 100vw, 800px\" \/>\t\t\t\t\t\t\t\t\t\t\t\t\t\t\t<\/div>\n\t\t\t\t<\/div>\n\t\t\t\t<\/div>\n\t\t\t\t<div class=\"elementor-element elementor-element-9c170b5 elementor-widget elementor-widget-text-editor\" data-id=\"9c170b5\" data-element_type=\"widget\" data-e-type=\"widget\" data-widget_type=\"text-editor.default\">\n\t\t\t\t<div class=\"elementor-widget-container\">\n\t\t\t\t\t\t\t\t\t<p>16-04-2015<\/p>\t\t\t\t\t\t\t\t<\/div>\n\t\t\t\t<\/div>\n\t\t\t\t<div class=\"elementor-element elementor-element-38d3999 elementor-widget elementor-widget-heading\" data-id=\"38d3999\" data-element_type=\"widget\" data-e-type=\"widget\" data-widget_type=\"heading.default\">\n\t\t\t\t<div class=\"elementor-widget-container\">\n\t\t\t\t\t<h2 class=\"elementor-heading-title elementor-size-default\">II Forum \u201cClece for integration\u201d\n<\/h2>\t\t\t\t<\/div>\n\t\t\t\t<\/div>\n\t\t\t\t<div class=\"elementor-element elementor-element-0bf8fd5 elementor-widget-divider--view-line elementor-widget elementor-widget-divider\" data-id=\"0bf8fd5\" data-element_type=\"widget\" data-e-type=\"widget\" data-widget_type=\"divider.default\">\n\t\t\t\t<div class=\"elementor-widget-container\">\n\t\t\t\t\t\t\t<div class=\"elementor-divider\">\n\t\t\t<span class=\"elementor-divider-separator\">\n\t\t\t\t\t\t<\/span>\n\t\t<\/div>\n\t\t\t\t\t\t<\/div>\n\t\t\t\t<\/div>\n\t\t\t\t<div class=\"elementor-element elementor-element-592da8d elementor-widget elementor-widget-text-editor\" data-id=\"592da8d\" data-element_type=\"widget\" data-e-type=\"widget\" data-widget_type=\"text-editor.default\">\n\t\t\t\t<div class=\"elementor-widget-container\">\n\t\t\t\t\t\t\t\t\t<ul><li><strong>In the II Forum-Symposium \u201cClece for Integration\u201d, the different agents involved in assisting victims of domestic violence debated the main challenges of this work and of collaborating with social integration<\/strong><\/li><li><strong>In its commitment to the assimilation of vulnerable groups, the chairman of Clece, Crist\u00f3bal Valderas, explained that the greatest contribution that his company can make for these victims is to offer them the chance to work.<\/strong><\/li><li><strong>Clece currently employs 143 victims of domestic violence<\/strong><\/li><\/ul>\t\t\t\t\t\t\t\t<\/div>\n\t\t\t\t<\/div>\n\t\t\t\t<div class=\"elementor-element elementor-element-4aea9c3 elementor-widget elementor-widget-text-editor\" data-id=\"4aea9c3\" data-element_type=\"widget\" data-e-type=\"widget\" data-widget_type=\"text-editor.default\">\n\t\t\t\t<div class=\"elementor-widget-container\">\n\t\t\t\t\t\t\t\t\t<p style=\"font-weight: 300;\"><b><strong style=\"font-style: inherit;\"><span style=\"font-style: inherit; font-weight: inherit;\">Valencia, 16 April 2015.<\/span><\/strong><\/b><\/p><p>Clece, a multiservices company, held a debate on the main challenges faced by victims of domestic violence. The \u201cII Clece Forum-Symposium for integration\u201d, under the title \u201cThere is a way out of domestic violence\u201d, brought together different social agents involved in assisting this group, who all agreed that the work that fosters the social integration of women who have suffered domestic violence is crucial, as it is a tool which gives them self-esteem, autonomy and independence.<\/p><p>Attendants at the forum had the opportunity to hear first-hand the points of view and experiences of two victims of domestic violence who have been able to gain employment. Lorena and Marta concurred that the work opportunity that Clece provided them was one of the main things that helped them recover from the trauma they suffered. \u201cYour emotional state is the first thing that has to be treated and cared for\u201d, explained Marta, \u201cbut work is essential for regaining normality and self-esteem\u201d. For her part, Lorena mentioned the stimulus that finding a job represented for her. \u201cWhen it seems like all doors are closed\u201d, she said, \u201cwork gives you motivation to continue moving forward, and especially, if in this work environment you are recognised as a person with something to contribute\u201d.<\/p><p>In addition to these two women, the symposium (moderated by journalist Juli\u00e1n Gim\u00e9nez), included the participation of Blanca Hern\u00e1ndez Oliver, Government Delegate for Domestic Violence; Laura Chorro, General Manager for Family and Women in the Social Well-being department of the Generalitat of Valencia; Crist\u00f3bal Valderas, chairman of Clece; Eva Planells, manager of the Valencia Centre for the Protection of Women; and a representative of the Alanna Association, Ana Ferrer.<\/p><p>This is the second time this forum for dialogue has been held \u201cunder the social commitment of Clece\u201d, as mentioned by Crist\u00f3bal Valderas, Clece chairman, \u201ca social commitment that goes beyond Corporate Social Responsibility and is integrated into an authentic company culture\u201d. In this regard Valderas announced that the company currently employs more than 70,000 people of whom 5,537 come from vulnerable groups and, specifically 143 of them are victims of domestic violence.<\/p><p>The forum started off with a speech by Blanca Hern\u00e1ndez, Government Delegate for Domestic Violence, who wished first to highlight the positive aspects of the management of this area by different administrations in recent years. \u201cWhat has been done in Spain in the fight against domestic violence has no parallel in other countries\u201d, she said. \u201cWe are pioneers in many measures and we constantly have other states interested in learning our management model\u201d. However, the Government Delegate also wished to mention the main areas for improvement and the issues of most concern. \u201cAutonomy is one of the main antidotes for domestic violence and work is essential for achieving this independence\u201d. Last, Blanca Hern\u00e1ndez warned that, while the greater population fully rejects physical violence, more subtle forms of violence such as control and stalking are still accepted by a significant part of society\u201d.<\/p><p>Laura Chorro, General Manager for Family and Women of the Social Well-being department of the Generalitat of Valencia, indicated how important it is for the private sector to be truly aware of its role, especially in creating true business awareness. \u201cCompanies, as well as considering tax breaks for promoting employment of this group\u201d, she said, \u201cshould know that they have a responsibility to the environment where they run their activities and they must be aware of the good that they can do by addressing real problems such as providing employment for women who have suffered domestic violence\u201d.<\/p><p>Eva Planells, manager of the Valencia Centre for the Protection of Women, highlighted how the workplace integration of victims of domestic violence is definitive for emotional and psychological recovery. \u201cWithout work it is very difficult to get out. Without a job we run the risk that the victim returns to the path already trodden. It is important to understand what autonomy is to them\u201d. Planells added that \u201cbeing alone and isolated is one of the main barriers that need to be broken down. It is necessary to seek out \u2018networks\u2019, assistance that foster integration\u201d.<\/p><p><em><strong>Social commitment to equal opportunities<\/strong><\/em><br \/>The II Forum \u201cClece for integration\u201d is framed by\u00a0<span lang=\"EN-GB\"><a href=\"http:\/\/www.clecesocial.es\/\">Clece&#8217;s social commitment<\/a><\/span>\u00a0to the workplace integration of victims of domestic violence. Currently its staff includes 143 employees who belong to this group. The company\u2019s effort extends, as well as to other groups and people with disabilities, to unemployed youths, people at risk of social exclusion and victims of terrorism. For this purpose, Clece collaborates with more than 200 associations. Currently, Clece employs more than 70,000 people in Spain and around 6,000 in the Community of Valencia.<\/p>\t\t\t\t\t\t\t\t<\/div>\n\t\t\t\t<\/div>\n\t\t\t\t<\/div>\n\t\t\t\t\t<\/div>\n\t\t\t\t<\/div>\n\t\t\t\t<\/div>\n\t\t","protected":false},"excerpt":{"rendered":"<p>About us Comunication Events II \u201cClece for Integration\u201d Forum 16-04-2015 II Forum \u201cClece for integration\u201d In the II Forum-Symposium \u201cClece for Integration\u201d, the different agents involved in assisting victims of domestic violence debated the main challenges of this work and of collaborating with social integration In its commitment to the assimilation of vulnerable groups, the [&hellip;]<\/p>\n","protected":false},"author":3,"featured_media":0,"parent":142036,"menu_order":0,"comment_status":"closed","ping_status":"closed","template":"","meta":{"_acf_changed":false,"footnotes":""},"class_list":["post-142276","page","type-page","status-publish","hentry"],"acf":[],"yoast_head":"<!-- This site is optimized with the Yoast SEO plugin v27.3 - https:\/\/yoast.com\/product\/yoast-seo-wordpress\/ -->\n<title>2nd Forum for Integration | Clece<\/title>\n<meta name=\"description\" content=\"The second Clece Forum for Integration, held in Valencia under the heading \u201cThere is a way out from gender-based violence\u201d. A form of discussion on the work-based challenges faced by women who experience harm of this kind.\" \/>\n<meta name=\"robots\" content=\"index, follow, max-snippet:-1, max-image-preview:large, max-video-preview:-1\" \/>\n<link rel=\"canonical\" href=\"https:\/\/clece.es\/gl\/conecenos\/comunicacion\/eventos\/ii-foro-pola-integracion\/\" \/>\n<meta property=\"og:locale\" content=\"en_US\" \/>\n<meta property=\"og:type\" content=\"article\" \/>\n<meta property=\"og:title\" content=\"2nd Forum for Integration | Clece\" \/>\n<meta property=\"og:description\" content=\"The second Clece Forum for Integration, held in Valencia under the heading \u201cThere is a way out from gender-based violence\u201d. A form of discussion on the work-based challenges faced by women who experience harm of this kind.\" \/>\n<meta property=\"og:url\" content=\"https:\/\/clece.es\/gl\/conecenos\/comunicacion\/eventos\/ii-foro-pola-integracion\/\" \/>\n<meta property=\"og:site_name\" content=\"Clece\" \/>\n<meta property=\"article:publisher\" content=\"https:\/\/www.facebook.com\/CleceSociedadAnonima\/\" \/>\n<meta property=\"article:modified_time\" content=\"2025-01-08T11:39:49+00:00\" \/>\n<meta property=\"og:image\" content=\"http:\/\/sitio2.utopiasl.eu\/wp-content\/uploads\/2024\/10\/IIForo-por-la-integracion-Hay-salida-Valencia-1-1024x516.jpg\" \/>\n<meta name=\"twitter:card\" content=\"summary_large_image\" \/>\n<meta name=\"twitter:site\" content=\"@Clece_\" \/>\n<meta name=\"twitter:label1\" content=\"Est. reading time\" \/>\n\t<meta name=\"twitter:data1\" content=\"5 minutes\" \/>\n<script type=\"application\/ld+json\" class=\"yoast-schema-graph\">{\"@context\":\"https:\\\/\\\/schema.org\",\"@graph\":[{\"@type\":\"WebPage\",\"@id\":\"https:\\\/\\\/clece.es\\\/gl\\\/conecenos\\\/comunicacion\\\/eventos\\\/ii-foro-pola-integracion\\\/\",\"url\":\"https:\\\/\\\/clece.es\\\/gl\\\/conecenos\\\/comunicacion\\\/eventos\\\/ii-foro-pola-integracion\\\/\",\"name\":\"2nd Forum for Integration | Clece\",\"isPartOf\":{\"@id\":\"https:\\\/\\\/clece.es\\\/es\\\/#website\"},\"primaryImageOfPage\":{\"@id\":\"https:\\\/\\\/clece.es\\\/gl\\\/conecenos\\\/comunicacion\\\/eventos\\\/ii-foro-pola-integracion\\\/#primaryimage\"},\"image\":{\"@id\":\"https:\\\/\\\/clece.es\\\/gl\\\/conecenos\\\/comunicacion\\\/eventos\\\/ii-foro-pola-integracion\\\/#primaryimage\"},\"thumbnailUrl\":\"http:\\\/\\\/sitio2.utopiasl.eu\\\/wp-content\\\/uploads\\\/2024\\\/10\\\/IIForo-por-la-integracion-Hay-salida-Valencia-1-1024x516.jpg\",\"datePublished\":\"2024-10-23T10:03:12+00:00\",\"dateModified\":\"2025-01-08T11:39:49+00:00\",\"description\":\"The second Clece Forum for Integration, held in Valencia under the heading \u201cThere is a way out from gender-based violence\u201d. A form of discussion on the work-based challenges faced by women who experience harm of this kind.\",\"breadcrumb\":{\"@id\":\"https:\\\/\\\/clece.es\\\/gl\\\/conecenos\\\/comunicacion\\\/eventos\\\/ii-foro-pola-integracion\\\/#breadcrumb\"},\"inLanguage\":\"en-US\",\"potentialAction\":[{\"@type\":\"ReadAction\",\"target\":[\"https:\\\/\\\/clece.es\\\/gl\\\/conecenos\\\/comunicacion\\\/eventos\\\/ii-foro-pola-integracion\\\/\"]}]},{\"@type\":\"ImageObject\",\"inLanguage\":\"en-US\",\"@id\":\"https:\\\/\\\/clece.es\\\/gl\\\/conecenos\\\/comunicacion\\\/eventos\\\/ii-foro-pola-integracion\\\/#primaryimage\",\"url\":\"http:\\\/\\\/sitio2.utopiasl.eu\\\/wp-content\\\/uploads\\\/2024\\\/10\\\/IIForo-por-la-integracion-Hay-salida-Valencia-1-1024x516.jpg\",\"contentUrl\":\"http:\\\/\\\/sitio2.utopiasl.eu\\\/wp-content\\\/uploads\\\/2024\\\/10\\\/IIForo-por-la-integracion-Hay-salida-Valencia-1-1024x516.jpg\"},{\"@type\":\"BreadcrumbList\",\"@id\":\"https:\\\/\\\/clece.es\\\/gl\\\/conecenos\\\/comunicacion\\\/eventos\\\/ii-foro-pola-integracion\\\/#breadcrumb\",\"itemListElement\":[{\"@type\":\"ListItem\",\"position\":1,\"name\":\"Portada\",\"item\":\"https:\\\/\\\/clece.es\\\/es\\\/\"},{\"@type\":\"ListItem\",\"position\":2,\"name\":\"About us\",\"item\":\"https:\\\/\\\/clece.es\\\/en\\\/about-us\\\/\"},{\"@type\":\"ListItem\",\"position\":3,\"name\":\"Communication\",\"item\":\"https:\\\/\\\/clece.es\\\/gl\\\/conecenos\\\/comunicacion\\\/\"},{\"@type\":\"ListItem\",\"position\":4,\"name\":\"Events\",\"item\":\"https:\\\/\\\/clece.es\\\/gl\\\/conecenos\\\/comunicacion\\\/eventos\\\/\"},{\"@type\":\"ListItem\",\"position\":5,\"name\":\"II Clece for Integration Forum\"}]},{\"@type\":\"WebSite\",\"@id\":\"https:\\\/\\\/clece.es\\\/es\\\/#website\",\"url\":\"https:\\\/\\\/clece.es\\\/es\\\/\",\"name\":\"Clece\",\"description\":\"\",\"publisher\":{\"@id\":\"https:\\\/\\\/clece.es\\\/es\\\/#organization\"},\"potentialAction\":[{\"@type\":\"SearchAction\",\"target\":{\"@type\":\"EntryPoint\",\"urlTemplate\":\"https:\\\/\\\/clece.es\\\/es\\\/?s={search_term_string}\"},\"query-input\":{\"@type\":\"PropertyValueSpecification\",\"valueRequired\":true,\"valueName\":\"search_term_string\"}}],\"inLanguage\":\"en-US\"},{\"@type\":\"Organization\",\"@id\":\"https:\\\/\\\/clece.es\\\/es\\\/#organization\",\"name\":\"Grupo Clece\",\"url\":\"https:\\\/\\\/clece.es\\\/es\\\/\",\"logo\":{\"@type\":\"ImageObject\",\"inLanguage\":\"en-US\",\"@id\":\"https:\\\/\\\/clece.es\\\/es\\\/#\\\/schema\\\/logo\\\/image\\\/\",\"url\":\"https:\\\/\\\/sitio2.utopiasl.eu\\\/wp-content\\\/uploads\\\/2024\\\/10\\\/Logotipos_filiales_Clece_logotipo.png\",\"contentUrl\":\"https:\\\/\\\/sitio2.utopiasl.eu\\\/wp-content\\\/uploads\\\/2024\\\/10\\\/Logotipos_filiales_Clece_logotipo.png\",\"width\":5000,\"height\":5000,\"caption\":\"Grupo Clece\"},\"image\":{\"@id\":\"https:\\\/\\\/clece.es\\\/es\\\/#\\\/schema\\\/logo\\\/image\\\/\"},\"sameAs\":[\"https:\\\/\\\/www.facebook.com\\\/CleceSociedadAnonima\\\/\",\"https:\\\/\\\/x.com\\\/Clece_\",\"https:\\\/\\\/www.linkedin.com\\\/company\\\/clece-sa\\\/\"]}]}<\/script>\n<!-- \/ Yoast SEO plugin. -->","yoast_head_json":{"title":"2nd Forum for Integration | Clece","description":"The second Clece Forum for Integration, held in Valencia under the heading \u201cThere is a way out from gender-based violence\u201d. A form of discussion on the work-based challenges faced by women who experience harm of this kind.","robots":{"index":"index","follow":"follow","max-snippet":"max-snippet:-1","max-image-preview":"max-image-preview:large","max-video-preview":"max-video-preview:-1"},"canonical":"https:\/\/clece.es\/gl\/conecenos\/comunicacion\/eventos\/ii-foro-pola-integracion\/","og_locale":"en_US","og_type":"article","og_title":"2nd Forum for Integration | Clece","og_description":"The second Clece Forum for Integration, held in Valencia under the heading \u201cThere is a way out from gender-based violence\u201d. A form of discussion on the work-based challenges faced by women who experience harm of this kind.","og_url":"https:\/\/clece.es\/gl\/conecenos\/comunicacion\/eventos\/ii-foro-pola-integracion\/","og_site_name":"Clece","article_publisher":"https:\/\/www.facebook.com\/CleceSociedadAnonima\/","article_modified_time":"2025-01-08T11:39:49+00:00","og_image":[{"url":"http:\/\/sitio2.utopiasl.eu\/wp-content\/uploads\/2024\/10\/IIForo-por-la-integracion-Hay-salida-Valencia-1-1024x516.jpg","type":"","width":"","height":""}],"twitter_card":"summary_large_image","twitter_site":"@Clece_","twitter_misc":{"Est. reading time":"5 minutes"},"schema":{"@context":"https:\/\/schema.org","@graph":[{"@type":"WebPage","@id":"https:\/\/clece.es\/gl\/conecenos\/comunicacion\/eventos\/ii-foro-pola-integracion\/","url":"https:\/\/clece.es\/gl\/conecenos\/comunicacion\/eventos\/ii-foro-pola-integracion\/","name":"2nd Forum for Integration | Clece","isPartOf":{"@id":"https:\/\/clece.es\/es\/#website"},"primaryImageOfPage":{"@id":"https:\/\/clece.es\/gl\/conecenos\/comunicacion\/eventos\/ii-foro-pola-integracion\/#primaryimage"},"image":{"@id":"https:\/\/clece.es\/gl\/conecenos\/comunicacion\/eventos\/ii-foro-pola-integracion\/#primaryimage"},"thumbnailUrl":"http:\/\/sitio2.utopiasl.eu\/wp-content\/uploads\/2024\/10\/IIForo-por-la-integracion-Hay-salida-Valencia-1-1024x516.jpg","datePublished":"2024-10-23T10:03:12+00:00","dateModified":"2025-01-08T11:39:49+00:00","description":"The second Clece Forum for Integration, held in Valencia under the heading \u201cThere is a way out from gender-based violence\u201d. A form of discussion on the work-based challenges faced by women who experience harm of this kind.","breadcrumb":{"@id":"https:\/\/clece.es\/gl\/conecenos\/comunicacion\/eventos\/ii-foro-pola-integracion\/#breadcrumb"},"inLanguage":"en-US","potentialAction":[{"@type":"ReadAction","target":["https:\/\/clece.es\/gl\/conecenos\/comunicacion\/eventos\/ii-foro-pola-integracion\/"]}]},{"@type":"ImageObject","inLanguage":"en-US","@id":"https:\/\/clece.es\/gl\/conecenos\/comunicacion\/eventos\/ii-foro-pola-integracion\/#primaryimage","url":"http:\/\/sitio2.utopiasl.eu\/wp-content\/uploads\/2024\/10\/IIForo-por-la-integracion-Hay-salida-Valencia-1-1024x516.jpg","contentUrl":"http:\/\/sitio2.utopiasl.eu\/wp-content\/uploads\/2024\/10\/IIForo-por-la-integracion-Hay-salida-Valencia-1-1024x516.jpg"},{"@type":"BreadcrumbList","@id":"https:\/\/clece.es\/gl\/conecenos\/comunicacion\/eventos\/ii-foro-pola-integracion\/#breadcrumb","itemListElement":[{"@type":"ListItem","position":1,"name":"Portada","item":"https:\/\/clece.es\/es\/"},{"@type":"ListItem","position":2,"name":"About us","item":"https:\/\/clece.es\/en\/about-us\/"},{"@type":"ListItem","position":3,"name":"Communication","item":"https:\/\/clece.es\/gl\/conecenos\/comunicacion\/"},{"@type":"ListItem","position":4,"name":"Events","item":"https:\/\/clece.es\/gl\/conecenos\/comunicacion\/eventos\/"},{"@type":"ListItem","position":5,"name":"II Clece for Integration Forum"}]},{"@type":"WebSite","@id":"https:\/\/clece.es\/es\/#website","url":"https:\/\/clece.es\/es\/","name":"Clece","description":"","publisher":{"@id":"https:\/\/clece.es\/es\/#organization"},"potentialAction":[{"@type":"SearchAction","target":{"@type":"EntryPoint","urlTemplate":"https:\/\/clece.es\/es\/?s={search_term_string}"},"query-input":{"@type":"PropertyValueSpecification","valueRequired":true,"valueName":"search_term_string"}}],"inLanguage":"en-US"},{"@type":"Organization","@id":"https:\/\/clece.es\/es\/#organization","name":"Grupo Clece","url":"https:\/\/clece.es\/es\/","logo":{"@type":"ImageObject","inLanguage":"en-US","@id":"https:\/\/clece.es\/es\/#\/schema\/logo\/image\/","url":"https:\/\/sitio2.utopiasl.eu\/wp-content\/uploads\/2024\/10\/Logotipos_filiales_Clece_logotipo.png","contentUrl":"https:\/\/sitio2.utopiasl.eu\/wp-content\/uploads\/2024\/10\/Logotipos_filiales_Clece_logotipo.png","width":5000,"height":5000,"caption":"Grupo Clece"},"image":{"@id":"https:\/\/clece.es\/es\/#\/schema\/logo\/image\/"},"sameAs":["https:\/\/www.facebook.com\/CleceSociedadAnonima\/","https:\/\/x.com\/Clece_","https:\/\/www.linkedin.com\/company\/clece-sa\/"]}]}},"_links":{"self":[{"href":"https:\/\/clece.es\/en\/wp-json\/wp\/v2\/pages\/142276","targetHints":{"allow":["GET"]}}],"collection":[{"href":"https:\/\/clece.es\/en\/wp-json\/wp\/v2\/pages"}],"about":[{"href":"https:\/\/clece.es\/en\/wp-json\/wp\/v2\/types\/page"}],"author":[{"embeddable":true,"href":"https:\/\/clece.es\/en\/wp-json\/wp\/v2\/users\/3"}],"replies":[{"embeddable":true,"href":"https:\/\/clece.es\/en\/wp-json\/wp\/v2\/comments?post=142276"}],"version-history":[{"count":11,"href":"https:\/\/clece.es\/en\/wp-json\/wp\/v2\/pages\/142276\/revisions"}],"predecessor-version":[{"id":142418,"href":"https:\/\/clece.es\/en\/wp-json\/wp\/v2\/pages\/142276\/revisions\/142418"}],"up":[{"embeddable":true,"href":"https:\/\/clece.es\/en\/wp-json\/wp\/v2\/pages\/142036"}],"wp:attachment":[{"href":"https:\/\/clece.es\/en\/wp-json\/wp\/v2\/media?parent=142276"}],"curies":[{"name":"wp","href":"https:\/\/api.w.org\/{rel}","templated":true}]}}