{"id":10521,"date":"2024-10-30T11:27:33","date_gmt":"2024-10-30T11:27:33","guid":{"rendered":"https:\/\/sitio2.utopiasl.eu\/?page_id=10521"},"modified":"2025-01-22T15:41:39","modified_gmt":"2025-01-22T15:41:39","slug":"politica-de-privacidad-de-proveedores","status":"publish","type":"page","link":"https:\/\/clece.es\/es\/politica-de-privacidad-de-proveedores\/","title":{"rendered":"Informaci\u00f3n de protecci\u00f3n de datos a proveedores"},"content":{"rendered":"\t\t<div data-elementor-type=\"wp-page\" data-elementor-id=\"10521\" class=\"elementor elementor-10521\" data-elementor-post-type=\"page\">\n\t\t\t\t<div class=\"elementor-element elementor-element-3cfdcee e-flex e-con-boxed e-con e-parent\" data-id=\"3cfdcee\" data-element_type=\"container\" data-e-type=\"container\">\n\t\t\t\t\t<div class=\"e-con-inner\">\n\t\t\t\t<div class=\"elementor-element elementor-element-87f2d78 elementor-widget elementor-widget-heading\" data-id=\"87f2d78\" data-element_type=\"widget\" data-e-type=\"widget\" data-widget_type=\"heading.default\">\n\t\t\t\t<div class=\"elementor-widget-container\">\n\t\t\t\t\t<h2 class=\"elementor-heading-title elementor-size-default\">INFORMACI\u00d3N DE PROTECCI\u00d3N DE DATOS A PROVEEDORES<\/h2>\t\t\t\t<\/div>\n\t\t\t\t<\/div>\n\t\t\t\t\t<\/div>\n\t\t\t\t<\/div>\n\t\t<div class=\"elementor-element elementor-element-e852e81 e-flex e-con-boxed e-con e-parent\" data-id=\"e852e81\" data-element_type=\"container\" data-e-type=\"container\">\n\t\t\t\t\t<div class=\"e-con-inner\">\n\t\t\t\t<div class=\"elementor-element elementor-element-af525a4 elementor-widget elementor-widget-text-editor\" data-id=\"af525a4\" data-element_type=\"widget\" data-e-type=\"widget\" data-widget_type=\"text-editor.default\">\n\t\t\t\t<div class=\"elementor-widget-container\">\n\t\t\t\t\t\t\t\t\t<p><strong>1. \u00bfQUI\u00c9N EL CORRESPONSABLE DE TRATAMIENTO DE SUS DATOS?<\/strong><br \/>Clece y filiales son corresponsables de los tratamientos de datos personales de contactos de proveedores que presten servicios a cualquiera de nuestras entidades. Se puede consultar el listado actualizado de entidades corresponsables en el siguiente <a href=\"\/listado-clece-filiales\/\">enlace<\/a>.<\/p>\t\t\t\t\t\t\t\t<\/div>\n\t\t\t\t<\/div>\n\t\t\t\t\t<\/div>\n\t\t\t\t<\/div>\n\t\t<div class=\"elementor-element elementor-element-aa4a86b e-flex e-con-boxed e-con e-parent\" data-id=\"aa4a86b\" data-element_type=\"container\" data-e-type=\"container\">\n\t\t\t\t\t<div class=\"e-con-inner\">\n\t\t\t\t<div class=\"elementor-element elementor-element-eaea743 elementor-widget elementor-widget-text-editor\" data-id=\"eaea743\" data-element_type=\"widget\" data-e-type=\"widget\" data-widget_type=\"text-editor.default\">\n\t\t\t\t<div class=\"elementor-widget-container\">\n\t\t\t\t\t\t\t\t\t<strong>2. \u00bfCON QU\u00c9 FINALIDAD Y BAJO QUE BASE LEGITIMADORA TRATAMOS SUS DATOS PERSONALES?<\/strong>\n\nTratamos los datos personales del proveedor o de las personas de contacto del proveedor para las siguientes finalidades:\n<ul>\n \t<li>Mantener la relaci\u00f3n comercial<\/li>\n \t<li>Gesti\u00f3n financiera, econ\u00f3mica, contable y de administraci\u00f3n.<\/li>\n \t<li>Env\u00edos de informaci\u00f3n comercial<\/li>\n \t<li style=\"padding-bottom: 20px;\">La base que legitima el tratamiento es el inter\u00e9s leg\u00edtimo en gestionar y mantener la relaci\u00f3n comercial entre las partes.<\/li>\n<\/ul>\t\t\t\t\t\t\t\t<\/div>\n\t\t\t\t<\/div>\n\t\t\t\t\t<\/div>\n\t\t\t\t<\/div>\n\t\t<div class=\"elementor-element elementor-element-dfe8302 e-flex e-con-boxed e-con e-parent\" data-id=\"dfe8302\" data-element_type=\"container\" data-e-type=\"container\">\n\t\t\t\t\t<div class=\"e-con-inner\">\n\t\t\t\t<div class=\"elementor-element elementor-element-9fe4bcc elementor-widget elementor-widget-text-editor\" data-id=\"9fe4bcc\" data-element_type=\"widget\" data-e-type=\"widget\" data-widget_type=\"text-editor.default\">\n\t\t\t\t<div class=\"elementor-widget-container\">\n\t\t\t\t\t\t\t\t\t<strong>3. \u00bfQU\u00c9 DATOS PERSONALES TRATAMOS?<\/strong>\n\nTratamos los datos necesarios para la gesti\u00f3n y mantenimiento de la relaci\u00f3n comercial, y que normalmente ser\u00e1n datos identificativos, datos profesionales y de contacto profesional. En caso de empresarios individuales, podremos tratar sus daos bancarios para la necesaria gesti\u00f3n financiera.\t\t\t\t\t\t\t\t<\/div>\n\t\t\t\t<\/div>\n\t\t\t\t\t<\/div>\n\t\t\t\t<\/div>\n\t\t<div class=\"elementor-element elementor-element-6be3549 e-flex e-con-boxed e-con e-parent\" data-id=\"6be3549\" data-element_type=\"container\" data-e-type=\"container\">\n\t\t\t\t\t<div class=\"e-con-inner\">\n\t\t\t\t<div class=\"elementor-element elementor-element-5580e70 elementor-widget elementor-widget-text-editor\" data-id=\"5580e70\" data-element_type=\"widget\" data-e-type=\"widget\" data-widget_type=\"text-editor.default\">\n\t\t\t\t<div class=\"elementor-widget-container\">\n\t\t\t\t\t\t\t\t\t<strong>4. \u00bfCUANTO TIEMPO CONSERVAMOS SUS DATOS?<\/strong>\n\nLos datos se conservar\u00e1n mientras se mantenga vigente la relaci\u00f3n comercial y, en todo caso, durante un plazo de 6 a\u00f1os conforme lo indicado en el art. 30 del C\u00f3digo de Comercio.\t\t\t\t\t\t\t\t<\/div>\n\t\t\t\t<\/div>\n\t\t\t\t\t<\/div>\n\t\t\t\t<\/div>\n\t\t<div class=\"elementor-element elementor-element-42a2a9e e-flex e-con-boxed e-con e-parent\" data-id=\"42a2a9e\" data-element_type=\"container\" data-e-type=\"container\">\n\t\t\t\t\t<div class=\"e-con-inner\">\n\t\t\t\t<div class=\"elementor-element elementor-element-dd61a0f elementor-widget elementor-widget-text-editor\" data-id=\"dd61a0f\" data-element_type=\"widget\" data-e-type=\"widget\" data-widget_type=\"text-editor.default\">\n\t\t\t\t<div class=\"elementor-widget-container\">\n\t\t\t\t\t\t\t\t\t<strong>5. \u00bfA QUE DESTINATARIOS PODREMOS COMUNICAR SUS DATOS?<\/strong>\n\nOrganizaci\u00f3n\n\nAgencia tributaria\n\nBancos, Cajas de ahorro y Cajas rurales\n\nCon car\u00e1cter general, sus datos no ser\u00e1n comunicados a terceros salvo en que se deriva de una obligaci\u00f3n legal.\t\t\t\t\t\t\t\t<\/div>\n\t\t\t\t<\/div>\n\t\t\t\t\t<\/div>\n\t\t\t\t<\/div>\n\t\t<div class=\"elementor-element elementor-element-198db5e e-flex e-con-boxed e-con e-parent\" data-id=\"198db5e\" data-element_type=\"container\" data-e-type=\"container\">\n\t\t\t\t\t<div class=\"e-con-inner\">\n\t\t\t\t<div class=\"elementor-element elementor-element-31bd4e3 elementor-widget elementor-widget-text-editor\" data-id=\"31bd4e3\" data-element_type=\"widget\" data-e-type=\"widget\" data-widget_type=\"text-editor.default\">\n\t\t\t\t<div class=\"elementor-widget-container\">\n\t\t\t\t\t\t\t\t\t<strong>6. \u00bfC\u00d3MO SE PROTEGEN SUS DATOS PERSONALES?<\/strong>\n\nNos comprometemos a mantener seguros sus datos personales, adoptando todas las precauciones razonables para hacerlo. Implementamos todas las medidas organizativas y t\u00e9cnicas necesarias de acuerdo con la normativa vigente contra cualquier acceso no autorizado y modificaci\u00f3n, divulgaci\u00f3n, p\u00e9rdida o destrucci\u00f3n. Exigimos e imponemos contractualmente a los proveedores de servicios el mismo nivel de seguridad.\t\t\t\t\t\t\t\t<\/div>\n\t\t\t\t<\/div>\n\t\t\t\t\t<\/div>\n\t\t\t\t<\/div>\n\t\t<div class=\"elementor-element elementor-element-bb519e9 e-flex e-con-boxed e-con e-parent\" data-id=\"bb519e9\" data-element_type=\"container\" data-e-type=\"container\">\n\t\t\t\t\t<div class=\"e-con-inner\">\n\t\t\t\t<div class=\"elementor-element elementor-element-c3fbbd7 elementor-widget elementor-widget-text-editor\" data-id=\"c3fbbd7\" data-element_type=\"widget\" data-e-type=\"widget\" data-widget_type=\"text-editor.default\">\n\t\t\t\t<div class=\"elementor-widget-container\">\n\t\t\t\t\t\t\t\t\t<strong>7. EJERCICIO DE DERECHOS<\/strong>\n\nLas personas interesadas tienen derecho a:\n<ul>\n \t<li>Obtener confirmaci\u00f3n sobre si estamos tratando sus datos personales.<\/li>\n \t<li>Obtener una copia de sus datos personales.<\/li>\n \t<li>La rectificaci\u00f3n de los datos inexactos.<\/li>\n \t<li>La supresi\u00f3n cuando, entre otros motivos, los datos ya no sean necesarios para los fines que fueron recogido.<\/li>\n \t<li>La limitaci\u00f3n del tratamiento de sus datos, en cuyo caso \u00fanicamente los conservaremos para el ejercicio o la defensa de reclamaciones.<\/li>\n \t<li style=\"padding-bottom: 30px;\">Oponerse al tratamiento de sus datos, especialmente a recibir comunicaciones comerciales.<\/li>\n<\/ul>\nPuede solicitar el ejercicio de derechos a trav\u00e9s del email de contacto del Delegado de Protecci\u00f3n de datos: <a href=\"mailto:rgpd-clece@clece.es\">rgpd-clece@clece.es<\/a>\n\nEn el caso de no haber obtenido satisfacci\u00f3n en ejercicio de sus derechos puede presentar una reclamaci\u00f3n en la Agencia Espa\u00f1ola de Protecci\u00f3n de datos.\t\t\t\t\t\t\t\t<\/div>\n\t\t\t\t<\/div>\n\t\t\t\t\t<\/div>\n\t\t\t\t<\/div>\n\t\t\t\t<\/div>\n\t\t","protected":false},"excerpt":{"rendered":"<p>INFORMACI\u00d3N DE PROTECCI\u00d3N DE DATOS A PROVEEDORES 1. \u00bfQUI\u00c9N EL CORRESPONSABLE DE TRATAMIENTO DE SUS DATOS?Clece y filiales son corresponsables de los tratamientos de datos personales de contactos de proveedores que presten servicios a cualquiera de nuestras entidades. Se puede consultar el listado actualizado de entidades corresponsables en el siguiente enlace. 2. \u00bfCON QU\u00c9 FINALIDAD [&hellip;]<\/p>\n","protected":false},"author":6,"featured_media":0,"parent":0,"menu_order":0,"comment_status":"closed","ping_status":"closed","template":"","meta":{"_acf_changed":false,"footnotes":""},"class_list":["post-10521","page","type-page","status-publish","hentry"],"acf":[],"yoast_head":"<!-- This site is optimized with the Yoast SEO plugin v27.3 - https:\/\/yoast.com\/product\/yoast-seo-wordpress\/ -->\n<title>Informaci\u00f3n de protecci\u00f3n de datos a proveedores - Clece<\/title>\n<meta name=\"robots\" content=\"index, follow, max-snippet:-1, max-image-preview:large, max-video-preview:-1\" \/>\n<link rel=\"canonical\" href=\"https:\/\/clece.es\/es\/politica-de-privacidad-de-proveedores\/\" \/>\n<meta property=\"og:locale\" content=\"es_ES\" \/>\n<meta property=\"og:type\" content=\"article\" \/>\n<meta property=\"og:title\" content=\"Informaci\u00f3n de protecci\u00f3n de datos a proveedores - Clece\" \/>\n<meta property=\"og:description\" content=\"INFORMACI\u00d3N DE PROTECCI\u00d3N DE DATOS A PROVEEDORES 1. \u00bfQUI\u00c9N EL CORRESPONSABLE DE TRATAMIENTO DE SUS DATOS?Clece y filiales son corresponsables de los tratamientos de datos personales de contactos de proveedores que presten servicios a cualquiera de nuestras entidades. Se puede consultar el listado actualizado de entidades corresponsables en el siguiente enlace. 2. \u00bfCON QU\u00c9 FINALIDAD [&hellip;]\" \/>\n<meta property=\"og:url\" content=\"https:\/\/clece.es\/es\/politica-de-privacidad-de-proveedores\/\" \/>\n<meta property=\"og:site_name\" content=\"Clece\" \/>\n<meta property=\"article:publisher\" content=\"https:\/\/www.facebook.com\/CleceSociedadAnonima\/\" \/>\n<meta property=\"article:modified_time\" content=\"2025-01-22T15:41:39+00:00\" \/>\n<meta name=\"twitter:card\" content=\"summary_large_image\" \/>\n<meta name=\"twitter:site\" content=\"@Clece_\" \/>\n<meta name=\"twitter:label1\" content=\"Tiempo de lectura\" \/>\n\t<meta name=\"twitter:data1\" content=\"2 minutos\" \/>\n<script type=\"application\/ld+json\" class=\"yoast-schema-graph\">{\"@context\":\"https:\\\/\\\/schema.org\",\"@graph\":[{\"@type\":\"WebPage\",\"@id\":\"https:\\\/\\\/clece.es\\\/es\\\/politica-de-privacidad-de-proveedores\\\/\",\"url\":\"https:\\\/\\\/clece.es\\\/es\\\/politica-de-privacidad-de-proveedores\\\/\",\"name\":\"Informaci\u00f3n de protecci\u00f3n de datos a proveedores - Clece\",\"isPartOf\":{\"@id\":\"https:\\\/\\\/clece.es\\\/es\\\/#website\"},\"datePublished\":\"2024-10-30T11:27:33+00:00\",\"dateModified\":\"2025-01-22T15:41:39+00:00\",\"breadcrumb\":{\"@id\":\"https:\\\/\\\/clece.es\\\/es\\\/politica-de-privacidad-de-proveedores\\\/#breadcrumb\"},\"inLanguage\":\"es\",\"potentialAction\":[{\"@type\":\"ReadAction\",\"target\":[\"https:\\\/\\\/clece.es\\\/es\\\/politica-de-privacidad-de-proveedores\\\/\"]}]},{\"@type\":\"BreadcrumbList\",\"@id\":\"https:\\\/\\\/clece.es\\\/es\\\/politica-de-privacidad-de-proveedores\\\/#breadcrumb\",\"itemListElement\":[{\"@type\":\"ListItem\",\"position\":1,\"name\":\"Portada\",\"item\":\"https:\\\/\\\/clece.es\\\/es\\\/\"},{\"@type\":\"ListItem\",\"position\":2,\"name\":\"Informaci\u00f3n de protecci\u00f3n de datos a proveedores\"}]},{\"@type\":\"WebSite\",\"@id\":\"https:\\\/\\\/clece.es\\\/es\\\/#website\",\"url\":\"https:\\\/\\\/clece.es\\\/es\\\/\",\"name\":\"Clece\",\"description\":\"\",\"publisher\":{\"@id\":\"https:\\\/\\\/clece.es\\\/es\\\/#organization\"},\"potentialAction\":[{\"@type\":\"SearchAction\",\"target\":{\"@type\":\"EntryPoint\",\"urlTemplate\":\"https:\\\/\\\/clece.es\\\/es\\\/?s={search_term_string}\"},\"query-input\":{\"@type\":\"PropertyValueSpecification\",\"valueRequired\":true,\"valueName\":\"search_term_string\"}}],\"inLanguage\":\"es\"},{\"@type\":\"Organization\",\"@id\":\"https:\\\/\\\/clece.es\\\/es\\\/#organization\",\"name\":\"Grupo Clece\",\"url\":\"https:\\\/\\\/clece.es\\\/es\\\/\",\"logo\":{\"@type\":\"ImageObject\",\"inLanguage\":\"es\",\"@id\":\"https:\\\/\\\/clece.es\\\/es\\\/#\\\/schema\\\/logo\\\/image\\\/\",\"url\":\"https:\\\/\\\/sitio2.utopiasl.eu\\\/wp-content\\\/uploads\\\/2024\\\/10\\\/Logotipos_filiales_Clece_logotipo.png\",\"contentUrl\":\"https:\\\/\\\/sitio2.utopiasl.eu\\\/wp-content\\\/uploads\\\/2024\\\/10\\\/Logotipos_filiales_Clece_logotipo.png\",\"width\":5000,\"height\":5000,\"caption\":\"Grupo Clece\"},\"image\":{\"@id\":\"https:\\\/\\\/clece.es\\\/es\\\/#\\\/schema\\\/logo\\\/image\\\/\"},\"sameAs\":[\"https:\\\/\\\/www.facebook.com\\\/CleceSociedadAnonima\\\/\",\"https:\\\/\\\/x.com\\\/Clece_\",\"https:\\\/\\\/www.linkedin.com\\\/company\\\/clece-sa\\\/\"]}]}<\/script>\n<!-- \/ Yoast SEO plugin. -->","yoast_head_json":{"title":"Informaci\u00f3n de protecci\u00f3n de datos a proveedores - Clece","robots":{"index":"index","follow":"follow","max-snippet":"max-snippet:-1","max-image-preview":"max-image-preview:large","max-video-preview":"max-video-preview:-1"},"canonical":"https:\/\/clece.es\/es\/politica-de-privacidad-de-proveedores\/","og_locale":"es_ES","og_type":"article","og_title":"Informaci\u00f3n de protecci\u00f3n de datos a proveedores - Clece","og_description":"INFORMACI\u00d3N DE PROTECCI\u00d3N DE DATOS A PROVEEDORES 1. \u00bfQUI\u00c9N EL CORRESPONSABLE DE TRATAMIENTO DE SUS DATOS?Clece y filiales son corresponsables de los tratamientos de datos personales de contactos de proveedores que presten servicios a cualquiera de nuestras entidades. Se puede consultar el listado actualizado de entidades corresponsables en el siguiente enlace. 2. \u00bfCON QU\u00c9 FINALIDAD [&hellip;]","og_url":"https:\/\/clece.es\/es\/politica-de-privacidad-de-proveedores\/","og_site_name":"Clece","article_publisher":"https:\/\/www.facebook.com\/CleceSociedadAnonima\/","article_modified_time":"2025-01-22T15:41:39+00:00","twitter_card":"summary_large_image","twitter_site":"@Clece_","twitter_misc":{"Tiempo de lectura":"2 minutos"},"schema":{"@context":"https:\/\/schema.org","@graph":[{"@type":"WebPage","@id":"https:\/\/clece.es\/es\/politica-de-privacidad-de-proveedores\/","url":"https:\/\/clece.es\/es\/politica-de-privacidad-de-proveedores\/","name":"Informaci\u00f3n de protecci\u00f3n de datos a proveedores - Clece","isPartOf":{"@id":"https:\/\/clece.es\/es\/#website"},"datePublished":"2024-10-30T11:27:33+00:00","dateModified":"2025-01-22T15:41:39+00:00","breadcrumb":{"@id":"https:\/\/clece.es\/es\/politica-de-privacidad-de-proveedores\/#breadcrumb"},"inLanguage":"es","potentialAction":[{"@type":"ReadAction","target":["https:\/\/clece.es\/es\/politica-de-privacidad-de-proveedores\/"]}]},{"@type":"BreadcrumbList","@id":"https:\/\/clece.es\/es\/politica-de-privacidad-de-proveedores\/#breadcrumb","itemListElement":[{"@type":"ListItem","position":1,"name":"Portada","item":"https:\/\/clece.es\/es\/"},{"@type":"ListItem","position":2,"name":"Informaci\u00f3n de protecci\u00f3n de datos a proveedores"}]},{"@type":"WebSite","@id":"https:\/\/clece.es\/es\/#website","url":"https:\/\/clece.es\/es\/","name":"Clece","description":"","publisher":{"@id":"https:\/\/clece.es\/es\/#organization"},"potentialAction":[{"@type":"SearchAction","target":{"@type":"EntryPoint","urlTemplate":"https:\/\/clece.es\/es\/?s={search_term_string}"},"query-input":{"@type":"PropertyValueSpecification","valueRequired":true,"valueName":"search_term_string"}}],"inLanguage":"es"},{"@type":"Organization","@id":"https:\/\/clece.es\/es\/#organization","name":"Grupo Clece","url":"https:\/\/clece.es\/es\/","logo":{"@type":"ImageObject","inLanguage":"es","@id":"https:\/\/clece.es\/es\/#\/schema\/logo\/image\/","url":"https:\/\/sitio2.utopiasl.eu\/wp-content\/uploads\/2024\/10\/Logotipos_filiales_Clece_logotipo.png","contentUrl":"https:\/\/sitio2.utopiasl.eu\/wp-content\/uploads\/2024\/10\/Logotipos_filiales_Clece_logotipo.png","width":5000,"height":5000,"caption":"Grupo Clece"},"image":{"@id":"https:\/\/clece.es\/es\/#\/schema\/logo\/image\/"},"sameAs":["https:\/\/www.facebook.com\/CleceSociedadAnonima\/","https:\/\/x.com\/Clece_","https:\/\/www.linkedin.com\/company\/clece-sa\/"]}]}},"_links":{"self":[{"href":"https:\/\/clece.es\/es\/wp-json\/wp\/v2\/pages\/10521","targetHints":{"allow":["GET"]}}],"collection":[{"href":"https:\/\/clece.es\/es\/wp-json\/wp\/v2\/pages"}],"about":[{"href":"https:\/\/clece.es\/es\/wp-json\/wp\/v2\/types\/page"}],"author":[{"embeddable":true,"href":"https:\/\/clece.es\/es\/wp-json\/wp\/v2\/users\/6"}],"replies":[{"embeddable":true,"href":"https:\/\/clece.es\/es\/wp-json\/wp\/v2\/comments?post=10521"}],"version-history":[{"count":50,"href":"https:\/\/clece.es\/es\/wp-json\/wp\/v2\/pages\/10521\/revisions"}],"predecessor-version":[{"id":146244,"href":"https:\/\/clece.es\/es\/wp-json\/wp\/v2\/pages\/10521\/revisions\/146244"}],"wp:attachment":[{"href":"https:\/\/clece.es\/es\/wp-json\/wp\/v2\/media?parent=10521"}],"curies":[{"name":"wp","href":"https:\/\/api.w.org\/{rel}","templated":true}]}}