{"id":1133,"date":"2024-09-24T10:20:38","date_gmt":"2024-09-24T10:20:38","guid":{"rendered":"https:\/\/sitio2.utopiasl.eu\/?page_id=1133"},"modified":"2025-02-04T11:02:40","modified_gmt":"2025-02-04T11:02:40","slug":"declaracion-de-igualdad-y-responsabilidad-social","status":"publish","type":"page","link":"https:\/\/clece.es\/es\/declaracion-de-igualdad-y-responsabilidad-social\/","title":{"rendered":"\u00a0Declaraci\u00f3n de Igualdad y Responsabilidad Social"},"content":{"rendered":"\t\t<div data-elementor-type=\"wp-page\" data-elementor-id=\"1133\" class=\"elementor elementor-1133\" data-elementor-post-type=\"page\">\n\t\t\t\t<div class=\"elementor-element elementor-element-675a965 e-flex e-con-boxed e-con e-parent\" data-id=\"675a965\" data-element_type=\"container\" data-e-type=\"container\">\n\t\t\t\t\t<div class=\"e-con-inner\">\n\t\t\t\t<div class=\"elementor-element elementor-element-c1df7dc elementor-widget elementor-widget-heading\" data-id=\"c1df7dc\" data-element_type=\"widget\" data-e-type=\"widget\" data-widget_type=\"heading.default\">\n\t\t\t\t<div class=\"elementor-widget-container\">\n\t\t\t\t\t<h2 class=\"elementor-heading-title elementor-size-default\">DECLARACI\u00d3N DE IGUALDAD Y RESPONSABILIDAD SOCIAL<\/h2>\t\t\t\t<\/div>\n\t\t\t\t<\/div>\n\t\t\t\t\t<\/div>\n\t\t\t\t<\/div>\n\t\t<div class=\"elementor-element elementor-element-da44b6d e-flex e-con-boxed e-con e-parent\" data-id=\"da44b6d\" data-element_type=\"container\" data-e-type=\"container\">\n\t\t\t\t\t<div class=\"e-con-inner\">\n\t\t\t\t<div class=\"elementor-element elementor-element-351a917 elementor-widget elementor-widget-text-editor\" data-id=\"351a917\" data-element_type=\"widget\" data-e-type=\"widget\" data-widget_type=\"text-editor.default\">\n\t\t\t\t<div class=\"elementor-widget-container\">\n\t\t\t\t\t\t\t\t\t<p>Consciente de que la gesti\u00f3n empresarial tiene que estar en consonancia con las necesidades y demandas de la sociedad, Clece declara su compromiso con la igualdad efectiva entre mujeres y hombres en el seno de la empresa y la aplicaci\u00f3n efectiva de pol\u00edticas para la consecuci\u00f3n de este principio, dentro de los t\u00e9rminos previstos en la Ley Org\u00e1nica 3\/2007.<\/p><p>En todos y cada uno de los \u00e1mbitos de la empresa -desde las condiciones de trabajo, los servicios prestados o la comunicaci\u00f3n \u2013 Clece asume la igualdad de trato y oportunidades sin discriminar directa o indirectamente por raz\u00f3n de sexo.<\/p><p>Los principios enunciados se llevan a la pr\u00e1ctica a trav\u00e9s de la elaboraci\u00f3n y aplicaci\u00f3n de un Plan de Igualdad en la Empresa y de otras medidas como el establecimiento de protocolos de prevenci\u00f3n y actuaci\u00f3n para casos de acoso laboral y sexual.<\/p><p>Dentro de su proyecto social, Clece tambi\u00e9n trabaja por la integraci\u00f3n laboral en su plantilla de mujeres que han sufrido violencia de g\u00e9nero.<\/p><p>Somos rigurosos con la legislaci\u00f3n vigente y extendemos ese compromiso por medio de una exigencia de certificaci\u00f3n en RSE, la Norma IQ NET SR 10. Esta certificaci\u00f3n implica el cumplimiento y compromiso con los requerimientos de la norma en materia de Rendici\u00f3n de cuentas, transparencia, comportamiento \u00e9tico, respeto a los grupos de inter\u00e9s, respeto al principio de legalidad, respeto a la normativa internacional de cumplimiento y respeto a los derechos humanos. Si desea ampliar informaci\u00f3n, puede consultar nuestra\u00a0<a href=\"\/wp-content\/uploads\/2024\/10\/Declaracion-RSC-SR-10-edicion-1-CLECE.pdf\" target=\"_blank\" rel=\"noopener\"><strong>Pol\u00edtica de Responsabilidad Social<\/strong><\/a>\u00a0y el\u00a0<a href=\"\/wp-content\/uploads\/2025\/02\/P-02-MATERIALIDAD-ENE25-V07.pdf\" target=\"_blank\" rel=\"noopener\"><strong>an\u00e1lisis de materialidad<\/strong><\/a>.<\/p><p>Igualmente, Clece se compromete con las personas que forman parte de la organizaci\u00f3n, por medio de la Norma EFR, a ofrecer medidas de conciliaci\u00f3n adecuadas a su cultura y marco de negocio, entendiendo como tal la suficiente flexibilidad atendida por la empresa para cubrir las necesidades personales y familiares de sus colaboradores, en consonancia y equilibrio con los objetivos de la compa\u00f1\u00eda.<\/p><p>La direcci\u00f3n y todos los empleados asumen el compromiso contenido en esta declaraci\u00f3n.<\/p>\t\t\t\t\t\t\t\t<\/div>\n\t\t\t\t<\/div>\n\t\t\t\t\t<\/div>\n\t\t\t\t<\/div>\n\t\t\t\t<\/div>\n\t\t","protected":false},"excerpt":{"rendered":"<p>DECLARACI\u00d3N DE IGUALDAD Y RESPONSABILIDAD SOCIAL Consciente de que la gesti\u00f3n empresarial tiene que estar en consonancia con las necesidades y demandas de la sociedad, Clece declara su compromiso con la igualdad efectiva entre mujeres y hombres en el seno de la empresa y la aplicaci\u00f3n efectiva de pol\u00edticas para la consecuci\u00f3n de este principio, [&hellip;]<\/p>\n","protected":false},"author":3,"featured_media":0,"parent":0,"menu_order":0,"comment_status":"closed","ping_status":"closed","template":"","meta":{"_acf_changed":false,"footnotes":""},"class_list":["post-1133","page","type-page","status-publish","hentry"],"acf":[],"yoast_head":"<!-- This site is optimized with the Yoast SEO plugin v27.3 - https:\/\/yoast.com\/product\/yoast-seo-wordpress\/ -->\n<title>Declaraci\u00f3n de igualdad y responsabilidad social | Clece<\/title>\n<meta name=\"description\" content=\"La Declaraci\u00f3n de Igualdad y Responsabilidad Social es uno de los pilares de la actividad diaria de Clece. Contribuimos a un entorno seguro y justo. \u00a1Inf\u00f3rmate aqu\u00ed!\" \/>\n<meta name=\"robots\" content=\"index, follow, max-snippet:-1, max-image-preview:large, max-video-preview:-1\" \/>\n<link rel=\"canonical\" href=\"https:\/\/clece.es\/es\/declaracion-de-igualdad-y-responsabilidad-social\/\" \/>\n<meta property=\"og:locale\" content=\"es_ES\" \/>\n<meta property=\"og:type\" content=\"article\" \/>\n<meta property=\"og:title\" content=\"Declaraci\u00f3n de igualdad y responsabilidad social | Clece\" \/>\n<meta property=\"og:description\" content=\"La Declaraci\u00f3n de Igualdad y Responsabilidad Social es uno de los pilares de la actividad diaria de Clece. Contribuimos a un entorno seguro y justo. \u00a1Inf\u00f3rmate aqu\u00ed!\" \/>\n<meta property=\"og:url\" content=\"https:\/\/clece.es\/es\/declaracion-de-igualdad-y-responsabilidad-social\/\" \/>\n<meta property=\"og:site_name\" content=\"Clece\" \/>\n<meta property=\"article:publisher\" content=\"https:\/\/www.facebook.com\/CleceSociedadAnonima\/\" \/>\n<meta property=\"article:modified_time\" content=\"2025-02-04T11:02:40+00:00\" \/>\n<meta name=\"twitter:card\" content=\"summary_large_image\" \/>\n<meta name=\"twitter:site\" content=\"@Clece_\" \/>\n<meta name=\"twitter:label1\" content=\"Tiempo de lectura\" \/>\n\t<meta name=\"twitter:data1\" content=\"2 minutos\" \/>\n<script type=\"application\/ld+json\" class=\"yoast-schema-graph\">{\"@context\":\"https:\\\/\\\/schema.org\",\"@graph\":[{\"@type\":\"WebPage\",\"@id\":\"https:\\\/\\\/clece.es\\\/es\\\/declaracion-de-igualdad-y-responsabilidad-social\\\/\",\"url\":\"https:\\\/\\\/clece.es\\\/es\\\/declaracion-de-igualdad-y-responsabilidad-social\\\/\",\"name\":\"Declaraci\u00f3n de igualdad y responsabilidad social | Clece\",\"isPartOf\":{\"@id\":\"https:\\\/\\\/clece.es\\\/es\\\/#website\"},\"datePublished\":\"2024-09-24T10:20:38+00:00\",\"dateModified\":\"2025-02-04T11:02:40+00:00\",\"description\":\"La Declaraci\u00f3n de Igualdad y Responsabilidad Social es uno de los pilares de la actividad diaria de Clece. Contribuimos a un entorno seguro y justo. \u00a1Inf\u00f3rmate aqu\u00ed!\",\"breadcrumb\":{\"@id\":\"https:\\\/\\\/clece.es\\\/es\\\/declaracion-de-igualdad-y-responsabilidad-social\\\/#breadcrumb\"},\"inLanguage\":\"es\",\"potentialAction\":[{\"@type\":\"ReadAction\",\"target\":[\"https:\\\/\\\/clece.es\\\/es\\\/declaracion-de-igualdad-y-responsabilidad-social\\\/\"]}]},{\"@type\":\"BreadcrumbList\",\"@id\":\"https:\\\/\\\/clece.es\\\/es\\\/declaracion-de-igualdad-y-responsabilidad-social\\\/#breadcrumb\",\"itemListElement\":[{\"@type\":\"ListItem\",\"position\":1,\"name\":\"Portada\",\"item\":\"https:\\\/\\\/clece.es\\\/es\\\/\"},{\"@type\":\"ListItem\",\"position\":2,\"name\":\"\u00a0Declaraci\u00f3n de Igualdad y Responsabilidad Social\"}]},{\"@type\":\"WebSite\",\"@id\":\"https:\\\/\\\/clece.es\\\/es\\\/#website\",\"url\":\"https:\\\/\\\/clece.es\\\/es\\\/\",\"name\":\"Clece\",\"description\":\"\",\"publisher\":{\"@id\":\"https:\\\/\\\/clece.es\\\/es\\\/#organization\"},\"potentialAction\":[{\"@type\":\"SearchAction\",\"target\":{\"@type\":\"EntryPoint\",\"urlTemplate\":\"https:\\\/\\\/clece.es\\\/es\\\/?s={search_term_string}\"},\"query-input\":{\"@type\":\"PropertyValueSpecification\",\"valueRequired\":true,\"valueName\":\"search_term_string\"}}],\"inLanguage\":\"es\"},{\"@type\":\"Organization\",\"@id\":\"https:\\\/\\\/clece.es\\\/es\\\/#organization\",\"name\":\"Grupo Clece\",\"url\":\"https:\\\/\\\/clece.es\\\/es\\\/\",\"logo\":{\"@type\":\"ImageObject\",\"inLanguage\":\"es\",\"@id\":\"https:\\\/\\\/clece.es\\\/es\\\/#\\\/schema\\\/logo\\\/image\\\/\",\"url\":\"https:\\\/\\\/sitio2.utopiasl.eu\\\/wp-content\\\/uploads\\\/2024\\\/10\\\/Logotipos_filiales_Clece_logotipo.png\",\"contentUrl\":\"https:\\\/\\\/sitio2.utopiasl.eu\\\/wp-content\\\/uploads\\\/2024\\\/10\\\/Logotipos_filiales_Clece_logotipo.png\",\"width\":5000,\"height\":5000,\"caption\":\"Grupo Clece\"},\"image\":{\"@id\":\"https:\\\/\\\/clece.es\\\/es\\\/#\\\/schema\\\/logo\\\/image\\\/\"},\"sameAs\":[\"https:\\\/\\\/www.facebook.com\\\/CleceSociedadAnonima\\\/\",\"https:\\\/\\\/x.com\\\/Clece_\",\"https:\\\/\\\/www.linkedin.com\\\/company\\\/clece-sa\\\/\"]}]}<\/script>\n<!-- \/ Yoast SEO plugin. -->","yoast_head_json":{"title":"Declaraci\u00f3n de igualdad y responsabilidad social | Clece","description":"La Declaraci\u00f3n de Igualdad y Responsabilidad Social es uno de los pilares de la actividad diaria de Clece. Contribuimos a un entorno seguro y justo. \u00a1Inf\u00f3rmate aqu\u00ed!","robots":{"index":"index","follow":"follow","max-snippet":"max-snippet:-1","max-image-preview":"max-image-preview:large","max-video-preview":"max-video-preview:-1"},"canonical":"https:\/\/clece.es\/es\/declaracion-de-igualdad-y-responsabilidad-social\/","og_locale":"es_ES","og_type":"article","og_title":"Declaraci\u00f3n de igualdad y responsabilidad social | Clece","og_description":"La Declaraci\u00f3n de Igualdad y Responsabilidad Social es uno de los pilares de la actividad diaria de Clece. Contribuimos a un entorno seguro y justo. \u00a1Inf\u00f3rmate aqu\u00ed!","og_url":"https:\/\/clece.es\/es\/declaracion-de-igualdad-y-responsabilidad-social\/","og_site_name":"Clece","article_publisher":"https:\/\/www.facebook.com\/CleceSociedadAnonima\/","article_modified_time":"2025-02-04T11:02:40+00:00","twitter_card":"summary_large_image","twitter_site":"@Clece_","twitter_misc":{"Tiempo de lectura":"2 minutos"},"schema":{"@context":"https:\/\/schema.org","@graph":[{"@type":"WebPage","@id":"https:\/\/clece.es\/es\/declaracion-de-igualdad-y-responsabilidad-social\/","url":"https:\/\/clece.es\/es\/declaracion-de-igualdad-y-responsabilidad-social\/","name":"Declaraci\u00f3n de igualdad y responsabilidad social | Clece","isPartOf":{"@id":"https:\/\/clece.es\/es\/#website"},"datePublished":"2024-09-24T10:20:38+00:00","dateModified":"2025-02-04T11:02:40+00:00","description":"La Declaraci\u00f3n de Igualdad y Responsabilidad Social es uno de los pilares de la actividad diaria de Clece. Contribuimos a un entorno seguro y justo. \u00a1Inf\u00f3rmate aqu\u00ed!","breadcrumb":{"@id":"https:\/\/clece.es\/es\/declaracion-de-igualdad-y-responsabilidad-social\/#breadcrumb"},"inLanguage":"es","potentialAction":[{"@type":"ReadAction","target":["https:\/\/clece.es\/es\/declaracion-de-igualdad-y-responsabilidad-social\/"]}]},{"@type":"BreadcrumbList","@id":"https:\/\/clece.es\/es\/declaracion-de-igualdad-y-responsabilidad-social\/#breadcrumb","itemListElement":[{"@type":"ListItem","position":1,"name":"Portada","item":"https:\/\/clece.es\/es\/"},{"@type":"ListItem","position":2,"name":"\u00a0Declaraci\u00f3n de Igualdad y Responsabilidad Social"}]},{"@type":"WebSite","@id":"https:\/\/clece.es\/es\/#website","url":"https:\/\/clece.es\/es\/","name":"Clece","description":"","publisher":{"@id":"https:\/\/clece.es\/es\/#organization"},"potentialAction":[{"@type":"SearchAction","target":{"@type":"EntryPoint","urlTemplate":"https:\/\/clece.es\/es\/?s={search_term_string}"},"query-input":{"@type":"PropertyValueSpecification","valueRequired":true,"valueName":"search_term_string"}}],"inLanguage":"es"},{"@type":"Organization","@id":"https:\/\/clece.es\/es\/#organization","name":"Grupo Clece","url":"https:\/\/clece.es\/es\/","logo":{"@type":"ImageObject","inLanguage":"es","@id":"https:\/\/clece.es\/es\/#\/schema\/logo\/image\/","url":"https:\/\/sitio2.utopiasl.eu\/wp-content\/uploads\/2024\/10\/Logotipos_filiales_Clece_logotipo.png","contentUrl":"https:\/\/sitio2.utopiasl.eu\/wp-content\/uploads\/2024\/10\/Logotipos_filiales_Clece_logotipo.png","width":5000,"height":5000,"caption":"Grupo Clece"},"image":{"@id":"https:\/\/clece.es\/es\/#\/schema\/logo\/image\/"},"sameAs":["https:\/\/www.facebook.com\/CleceSociedadAnonima\/","https:\/\/x.com\/Clece_","https:\/\/www.linkedin.com\/company\/clece-sa\/"]}]}},"_links":{"self":[{"href":"https:\/\/clece.es\/es\/wp-json\/wp\/v2\/pages\/1133","targetHints":{"allow":["GET"]}}],"collection":[{"href":"https:\/\/clece.es\/es\/wp-json\/wp\/v2\/pages"}],"about":[{"href":"https:\/\/clece.es\/es\/wp-json\/wp\/v2\/types\/page"}],"author":[{"embeddable":true,"href":"https:\/\/clece.es\/es\/wp-json\/wp\/v2\/users\/3"}],"replies":[{"embeddable":true,"href":"https:\/\/clece.es\/es\/wp-json\/wp\/v2\/comments?post=1133"}],"version-history":[{"count":25,"href":"https:\/\/clece.es\/es\/wp-json\/wp\/v2\/pages\/1133\/revisions"}],"predecessor-version":[{"id":147797,"href":"https:\/\/clece.es\/es\/wp-json\/wp\/v2\/pages\/1133\/revisions\/147797"}],"wp:attachment":[{"href":"https:\/\/clece.es\/es\/wp-json\/wp\/v2\/media?parent=1133"}],"curies":[{"name":"wp","href":"https:\/\/api.w.org\/{rel}","templated":true}]}}