{"id":13356,"date":"2024-11-19T14:51:43","date_gmt":"2024-11-19T14:51:43","guid":{"rendered":"https:\/\/sitio2.utopiasl.eu\/?page_id=13356"},"modified":"2024-12-12T09:54:45","modified_gmt":"2024-12-12T09:54:45","slug":"subencargados-de-tratamiento-de-clece-y-filiales","status":"publish","type":"page","link":"https:\/\/clece.es\/es\/subencargados-de-tratamiento-de-clece-y-filiales\/","title":{"rendered":"Subencargados de tratamiento de Clece y Filiales"},"content":{"rendered":"\t\t<div data-elementor-type=\"wp-page\" data-elementor-id=\"13356\" class=\"elementor elementor-13356\" data-elementor-post-type=\"page\">\n\t\t\t\t<div class=\"elementor-element elementor-element-1172ab9 e-flex e-con-boxed e-con e-parent\" data-id=\"1172ab9\" data-element_type=\"container\" data-e-type=\"container\">\n\t\t\t\t\t<div class=\"e-con-inner\">\n\t\t\t\t<div class=\"elementor-element elementor-element-184fa56 elementor-widget elementor-widget-heading\" data-id=\"184fa56\" data-element_type=\"widget\" data-e-type=\"widget\" data-widget_type=\"heading.default\">\n\t\t\t\t<div class=\"elementor-widget-container\">\n\t\t\t\t\t<h2 class=\"elementor-heading-title elementor-size-default\">SUBENCARGADO DE TRATAMIENTO DE DATOS DE CLECE Y FILIALES<\/h2>\t\t\t\t<\/div>\n\t\t\t\t<\/div>\n\t\t\t\t\t<\/div>\n\t\t\t\t<\/div>\n\t\t<div class=\"elementor-element elementor-element-8d99a04 e-flex e-con-boxed e-con e-parent\" data-id=\"8d99a04\" data-element_type=\"container\" data-e-type=\"container\">\n\t\t\t\t\t<div class=\"e-con-inner\">\n\t\t\t\t<div class=\"elementor-element elementor-element-7e482c4 elementor-widget elementor-widget-text-editor\" data-id=\"7e482c4\" data-element_type=\"widget\" data-e-type=\"widget\" data-widget_type=\"text-editor.default\">\n\t\t\t\t<div class=\"elementor-widget-container\">\n\t\t\t\t\t\t\t\t\t<p><b>\u00daltima actualizaci\u00f3n: mayo 2024<\/b><\/p>\n<p>A fin de facilitar la prestaci\u00f3n de nuestros servicios, Clece y sus filiales pueden recurrir a proveedores con acceso a determinados datos de nuestros Clientes (en la presente referidos como \u201cSubencargados\u201d). En esta p\u00e1gina se proporciona informaci\u00f3n importante sobre la identidad, la ubicaci\u00f3n y la funci\u00f3n de cada subencargado del tratamiento.<\/p>\n<p>Clece y sus filiales verifican regularmente que los subencargados cumplan con todas las normativas aplicables en materia de protecci\u00f3n de datos, exigiendo garant\u00edas que avalen su compromiso con la privacidad y seguridad de la informaci\u00f3n.<\/p>\n<p>Los subencargados depender\u00e1n de la tipolog\u00eda y\/o contexto del servicio prestado por Clece o sus filiales, siendo los siguientes<\/p>\n<p>1. Subencargados que prestan actividades auxiliares en la prestaci\u00f3n de <strong>servicios relacionados con la ayuda a domicilio (SAD) o la teleasistencia:<\/strong><\/p>\n<table style=\"height: 200px;\" width=\"100%\">\n<tbody>\n<tr>\n<td><strong>Nombre<\/strong><\/td>\n<td><strong>Prop\u00f3sito<\/strong><\/td>\n<td><strong>Ubicaci\u00f3n<\/strong><\/td>\n<td><strong>Transferencia Internacional <\/strong><\/td>\n<\/tr>\n<tr>\n<td>Trevenque sistemas de informaci\u00f3n, S.L.<\/td>\n<td>Aplicativo para la gesti\u00f3n del SAD (GESAD)<\/td>\n<td>&nbsp;Granada<\/td>\n<td>&nbsp;N\/A<\/td>\n<\/tr>\n<tr>\n<td>Numintec Comunicaciones S.L.<\/td>\n<td>Grabaci\u00f3n de llamadas en el contexto de la prestaci\u00f3n del SAD y teleasistencia<\/td>\n<td>&nbsp;Barcelona<\/td>\n<td>&nbsp;N\/A<\/td>\n<\/tr>\n<tr>\n<td>Legrand Care<\/td>\n<td>Plataforma de apoyo al servicio de teleasistencia<\/td>\n<td>Madrid<\/td>\n<td>N\/A<\/td>\n<\/tr>\n<\/tbody>\n<\/table>\n<p><br><\/p><p>2. Subencargados que prestan actividades auxiliares en la gesti\u00f3n de <strong>Escuelas Infantiles:<\/strong><\/p>\n<table style=\"height: 200px;\" width=\"100%\">\n<tbody>\n<tr>\n<td><strong>Nombre<\/strong><\/td>\n<td><strong>Prop\u00f3sito<\/strong><\/td>\n<td><strong>Ubicaci\u00f3n<\/strong><\/td>\n<td><strong>Transferencia Internacional <\/strong><\/td>\n<\/tr>\n<tr>\n<td>Kuantico Software, S.L.<\/td>\n<td>&nbsp;Proveedor de la plataforma Kinder Up (Agenda digital entre centros y familias)<\/td>\n<td>&nbsp;Madrid<\/td>\n<td>&nbsp;N\/A<\/td>\n<\/tr>\n<tr>\n<td>Wappa Software S.L<\/td>\n<td>Proveedor de la plataforma Wappa Babies (Agenda digital entre centros y familias)<\/td>\n<td>Valladolid<\/td>\n<td>&nbsp;N\/A<\/td>\n<\/tr>\n<\/tbody>\n<\/table>\n<p><br><\/p><p>3. Subencargados que prestan actividades auxiliares en la prestaci\u00f3n de <strong>servicios de gesti\u00f3n de Residencias P\u00fablicas y centros de d\u00eda<\/strong>:<\/p>\n<table style=\"height: 200px;\" width=\"100%\">\n<tbody>\n<tr>\n<td><strong>Nombre<\/strong><\/td>\n<td><strong>Prop\u00f3sito<\/strong><\/td>\n<td><strong>Ubicaci\u00f3n<\/strong><\/td>\n<td><strong>Transferencia Internacional y mecanismo de garant\u00eda<\/strong><\/td>\n<\/tr>\n<tr>\n<td>Aphelion Soluciones Inform\u00e1ticas<\/td>\n<td>Aplicativo para la gesti\u00f3n integral de Residencias y Centros de D\u00eda (Resiplus)<\/td>\n<td>Valencia<\/td>\n<td>&nbsp;N\/A<\/td>\n<\/tr>\n<\/tbody>\n<\/table>\n<p><br><\/p><p>4. Subencargados que prestan <strong>otras actividades auxiliares:<\/strong><\/p>\n<table style=\"height: 200px;\">\n<tbody>\n<tr>\n<td><strong>Nombre<\/strong><\/td>\n<td><strong>Prop\u00f3sito<\/strong><\/td>\n<td><strong>Ubicaci\u00f3n<\/strong><\/td>\n<td><strong>Transferencia Internacional y mecanismo de garant\u00eda<\/strong><\/td>\n<\/tr>\n<tr>\n<td>Iron Mountain Espa\u00f1a<\/td>\n<td>Almacenamiento y destrucci\u00f3n de documentos (papel)<\/td>\n<td>Madrid<\/td>\n<td>&nbsp;N\/A<\/td>\n<\/tr>\n<tr>\n<td>Destrucci\u00f3n Confidencial de Documentaci\u00f3n, S.A.<\/td>\n<td>Destrucci\u00f3n de documentos (papel)<\/td>\n<td>Madrid<\/td>\n<td>N\/A<\/td>\n<\/tr>\n<tr>\n<td>Corporaci\u00f3n Microsoft<\/td>\n<td>Proveedor de servicios en la nube<\/td>\n<td>EE.UU<\/td>\n<td>Si, se aplican Cl\u00e1usulas contractuales tipo.<\/td>\n<\/tr>\n<\/tbody>\n<\/table>\n<p><br><\/p><p>Clece y filiales actualizar\u00e1n esta p\u00e1gina al menos 30 d\u00edas antes de contratar a un nuevo subencargado.<\/p>\t\t\t\t\t\t\t\t<\/div>\n\t\t\t\t<\/div>\n\t\t\t\t\t<\/div>\n\t\t\t\t<\/div>\n\t\t\t\t<\/div>\n\t\t","protected":false},"excerpt":{"rendered":"<p>SUBENCARGADO DE TRATAMIENTO DE DATOS DE CLECE Y FILIALES \u00daltima actualizaci\u00f3n: mayo 2024 A fin de facilitar la prestaci\u00f3n de nuestros servicios, Clece y sus filiales pueden recurrir a proveedores con acceso a determinados datos de nuestros Clientes (en la presente referidos como \u201cSubencargados\u201d). En esta p\u00e1gina se proporciona informaci\u00f3n importante sobre la identidad, la [&hellip;]<\/p>\n","protected":false},"author":4,"featured_media":0,"parent":0,"menu_order":0,"comment_status":"closed","ping_status":"closed","template":"","meta":{"_acf_changed":false,"footnotes":""},"class_list":["post-13356","page","type-page","status-publish","hentry"],"acf":[],"yoast_head":"<!-- This site is optimized with the Yoast SEO plugin v27.2 - https:\/\/yoast.com\/product\/yoast-seo-wordpress\/ -->\n<title>Subencargados de tratamiento de Clece y Filiales - Clece<\/title>\n<meta name=\"robots\" content=\"index, follow, max-snippet:-1, max-image-preview:large, max-video-preview:-1\" \/>\n<link rel=\"canonical\" href=\"https:\/\/clece.es\/es\/subencargados-de-tratamiento-de-clece-y-filiales\/\" \/>\n<meta property=\"og:locale\" content=\"es_ES\" \/>\n<meta property=\"og:type\" content=\"article\" \/>\n<meta property=\"og:title\" content=\"Subencargados de tratamiento de Clece y Filiales - Clece\" \/>\n<meta property=\"og:description\" content=\"SUBENCARGADO DE TRATAMIENTO DE DATOS DE CLECE Y FILIALES \u00daltima actualizaci\u00f3n: mayo 2024 A fin de facilitar la prestaci\u00f3n de nuestros servicios, Clece y sus filiales pueden recurrir a proveedores con acceso a determinados datos de nuestros Clientes (en la presente referidos como \u201cSubencargados\u201d). En esta p\u00e1gina se proporciona informaci\u00f3n importante sobre la identidad, la [&hellip;]\" \/>\n<meta property=\"og:url\" content=\"https:\/\/clece.es\/es\/subencargados-de-tratamiento-de-clece-y-filiales\/\" \/>\n<meta property=\"og:site_name\" content=\"Clece\" \/>\n<meta property=\"article:publisher\" content=\"https:\/\/www.facebook.com\/CleceSociedadAnonima\/\" \/>\n<meta property=\"article:modified_time\" content=\"2024-12-12T09:54:45+00:00\" \/>\n<meta name=\"twitter:card\" content=\"summary_large_image\" \/>\n<meta name=\"twitter:site\" content=\"@Clece_\" \/>\n<meta name=\"twitter:label1\" content=\"Tiempo de lectura\" \/>\n\t<meta name=\"twitter:data1\" content=\"2 minutos\" \/>\n<script type=\"application\/ld+json\" class=\"yoast-schema-graph\">{\"@context\":\"https:\/\/schema.org\",\"@graph\":[{\"@type\":\"WebPage\",\"@id\":\"https:\/\/clece.es\/es\/subencargados-de-tratamiento-de-clece-y-filiales\/\",\"url\":\"https:\/\/clece.es\/es\/subencargados-de-tratamiento-de-clece-y-filiales\/\",\"name\":\"Subencargados de tratamiento de Clece y Filiales - Clece\",\"isPartOf\":{\"@id\":\"https:\/\/clece.es\/es\/#website\"},\"datePublished\":\"2024-11-19T14:51:43+00:00\",\"dateModified\":\"2024-12-12T09:54:45+00:00\",\"breadcrumb\":{\"@id\":\"https:\/\/clece.es\/es\/subencargados-de-tratamiento-de-clece-y-filiales\/#breadcrumb\"},\"inLanguage\":\"es\",\"potentialAction\":[{\"@type\":\"ReadAction\",\"target\":[\"https:\/\/clece.es\/es\/subencargados-de-tratamiento-de-clece-y-filiales\/\"]}]},{\"@type\":\"BreadcrumbList\",\"@id\":\"https:\/\/clece.es\/es\/subencargados-de-tratamiento-de-clece-y-filiales\/#breadcrumb\",\"itemListElement\":[{\"@type\":\"ListItem\",\"position\":1,\"name\":\"Portada\",\"item\":\"https:\/\/clece.es\/es\/\"},{\"@type\":\"ListItem\",\"position\":2,\"name\":\"Subencargados de tratamiento de Clece y Filiales\"}]},{\"@type\":\"WebSite\",\"@id\":\"https:\/\/clece.es\/es\/#website\",\"url\":\"https:\/\/clece.es\/es\/\",\"name\":\"Clece\",\"description\":\"\",\"publisher\":{\"@id\":\"https:\/\/clece.es\/es\/#organization\"},\"potentialAction\":[{\"@type\":\"SearchAction\",\"target\":{\"@type\":\"EntryPoint\",\"urlTemplate\":\"https:\/\/clece.es\/es\/?s={search_term_string}\"},\"query-input\":{\"@type\":\"PropertyValueSpecification\",\"valueRequired\":true,\"valueName\":\"search_term_string\"}}],\"inLanguage\":\"es\"},{\"@type\":\"Organization\",\"@id\":\"https:\/\/clece.es\/es\/#organization\",\"name\":\"Grupo Clece\",\"url\":\"https:\/\/clece.es\/es\/\",\"logo\":{\"@type\":\"ImageObject\",\"inLanguage\":\"es\",\"@id\":\"https:\/\/clece.es\/es\/#\/schema\/logo\/image\/\",\"url\":\"https:\/\/sitio2.utopiasl.eu\/wp-content\/uploads\/2024\/10\/Logotipos_filiales_Clece_logotipo.png\",\"contentUrl\":\"https:\/\/sitio2.utopiasl.eu\/wp-content\/uploads\/2024\/10\/Logotipos_filiales_Clece_logotipo.png\",\"width\":5000,\"height\":5000,\"caption\":\"Grupo Clece\"},\"image\":{\"@id\":\"https:\/\/clece.es\/es\/#\/schema\/logo\/image\/\"},\"sameAs\":[\"https:\/\/www.facebook.com\/CleceSociedadAnonima\/\",\"https:\/\/x.com\/Clece_\",\"https:\/\/www.linkedin.com\/company\/clece-sa\/\"]}]}<\/script>\n<!-- \/ Yoast SEO plugin. -->","yoast_head_json":{"title":"Subencargados de tratamiento de Clece y Filiales - Clece","robots":{"index":"index","follow":"follow","max-snippet":"max-snippet:-1","max-image-preview":"max-image-preview:large","max-video-preview":"max-video-preview:-1"},"canonical":"https:\/\/clece.es\/es\/subencargados-de-tratamiento-de-clece-y-filiales\/","og_locale":"es_ES","og_type":"article","og_title":"Subencargados de tratamiento de Clece y Filiales - Clece","og_description":"SUBENCARGADO DE TRATAMIENTO DE DATOS DE CLECE Y FILIALES \u00daltima actualizaci\u00f3n: mayo 2024 A fin de facilitar la prestaci\u00f3n de nuestros servicios, Clece y sus filiales pueden recurrir a proveedores con acceso a determinados datos de nuestros Clientes (en la presente referidos como \u201cSubencargados\u201d). En esta p\u00e1gina se proporciona informaci\u00f3n importante sobre la identidad, la [&hellip;]","og_url":"https:\/\/clece.es\/es\/subencargados-de-tratamiento-de-clece-y-filiales\/","og_site_name":"Clece","article_publisher":"https:\/\/www.facebook.com\/CleceSociedadAnonima\/","article_modified_time":"2024-12-12T09:54:45+00:00","twitter_card":"summary_large_image","twitter_site":"@Clece_","twitter_misc":{"Tiempo de lectura":"2 minutos"},"schema":{"@context":"https:\/\/schema.org","@graph":[{"@type":"WebPage","@id":"https:\/\/clece.es\/es\/subencargados-de-tratamiento-de-clece-y-filiales\/","url":"https:\/\/clece.es\/es\/subencargados-de-tratamiento-de-clece-y-filiales\/","name":"Subencargados de tratamiento de Clece y Filiales - Clece","isPartOf":{"@id":"https:\/\/clece.es\/es\/#website"},"datePublished":"2024-11-19T14:51:43+00:00","dateModified":"2024-12-12T09:54:45+00:00","breadcrumb":{"@id":"https:\/\/clece.es\/es\/subencargados-de-tratamiento-de-clece-y-filiales\/#breadcrumb"},"inLanguage":"es","potentialAction":[{"@type":"ReadAction","target":["https:\/\/clece.es\/es\/subencargados-de-tratamiento-de-clece-y-filiales\/"]}]},{"@type":"BreadcrumbList","@id":"https:\/\/clece.es\/es\/subencargados-de-tratamiento-de-clece-y-filiales\/#breadcrumb","itemListElement":[{"@type":"ListItem","position":1,"name":"Portada","item":"https:\/\/clece.es\/es\/"},{"@type":"ListItem","position":2,"name":"Subencargados de tratamiento de Clece y Filiales"}]},{"@type":"WebSite","@id":"https:\/\/clece.es\/es\/#website","url":"https:\/\/clece.es\/es\/","name":"Clece","description":"","publisher":{"@id":"https:\/\/clece.es\/es\/#organization"},"potentialAction":[{"@type":"SearchAction","target":{"@type":"EntryPoint","urlTemplate":"https:\/\/clece.es\/es\/?s={search_term_string}"},"query-input":{"@type":"PropertyValueSpecification","valueRequired":true,"valueName":"search_term_string"}}],"inLanguage":"es"},{"@type":"Organization","@id":"https:\/\/clece.es\/es\/#organization","name":"Grupo Clece","url":"https:\/\/clece.es\/es\/","logo":{"@type":"ImageObject","inLanguage":"es","@id":"https:\/\/clece.es\/es\/#\/schema\/logo\/image\/","url":"https:\/\/sitio2.utopiasl.eu\/wp-content\/uploads\/2024\/10\/Logotipos_filiales_Clece_logotipo.png","contentUrl":"https:\/\/sitio2.utopiasl.eu\/wp-content\/uploads\/2024\/10\/Logotipos_filiales_Clece_logotipo.png","width":5000,"height":5000,"caption":"Grupo Clece"},"image":{"@id":"https:\/\/clece.es\/es\/#\/schema\/logo\/image\/"},"sameAs":["https:\/\/www.facebook.com\/CleceSociedadAnonima\/","https:\/\/x.com\/Clece_","https:\/\/www.linkedin.com\/company\/clece-sa\/"]}]}},"_links":{"self":[{"href":"https:\/\/clece.es\/es\/wp-json\/wp\/v2\/pages\/13356","targetHints":{"allow":["GET"]}}],"collection":[{"href":"https:\/\/clece.es\/es\/wp-json\/wp\/v2\/pages"}],"about":[{"href":"https:\/\/clece.es\/es\/wp-json\/wp\/v2\/types\/page"}],"author":[{"embeddable":true,"href":"https:\/\/clece.es\/es\/wp-json\/wp\/v2\/users\/4"}],"replies":[{"embeddable":true,"href":"https:\/\/clece.es\/es\/wp-json\/wp\/v2\/comments?post=13356"}],"version-history":[{"count":62,"href":"https:\/\/clece.es\/es\/wp-json\/wp\/v2\/pages\/13356\/revisions"}],"predecessor-version":[{"id":15367,"href":"https:\/\/clece.es\/es\/wp-json\/wp\/v2\/pages\/13356\/revisions\/15367"}],"wp:attachment":[{"href":"https:\/\/clece.es\/es\/wp-json\/wp\/v2\/media?parent=13356"}],"curies":[{"name":"wp","href":"https:\/\/api.w.org\/{rel}","templated":true}]}}