{"id":177,"date":"2024-09-17T11:32:04","date_gmt":"2024-09-17T11:32:04","guid":{"rendered":"https:\/\/sitio2.utopiasl.eu\/?page_id=177"},"modified":"2025-09-08T10:23:03","modified_gmt":"2025-09-08T10:23:03","slug":"politica-de-privacidad","status":"publish","type":"page","link":"https:\/\/clece.es\/es\/politica-de-privacidad\/","title":{"rendered":"Pol\u00edtica de privacidad"},"content":{"rendered":"\t\t<div data-elementor-type=\"wp-page\" data-elementor-id=\"177\" class=\"elementor elementor-177\" data-elementor-post-type=\"page\">\n\t\t\t\t<div class=\"elementor-element elementor-element-29c33de e-flex e-con-boxed e-con e-parent\" data-id=\"29c33de\" data-element_type=\"container\" data-e-type=\"container\">\n\t\t\t\t\t<div class=\"e-con-inner\">\n\t\t\t\t<div class=\"elementor-element elementor-element-f61667f elementor-widget elementor-widget-heading\" data-id=\"f61667f\" data-element_type=\"widget\" data-e-type=\"widget\" data-widget_type=\"heading.default\">\n\t\t\t\t<div class=\"elementor-widget-container\">\n\t\t\t\t\t<h2 class=\"elementor-heading-title elementor-size-default\">POL\u00cdTICA DE PRIVACIDAD<\/h2>\t\t\t\t<\/div>\n\t\t\t\t<\/div>\n\t\t\t\t\t<\/div>\n\t\t\t\t<\/div>\n\t\t<div class=\"elementor-element elementor-element-3f3324e e-flex e-con-boxed e-con e-parent\" data-id=\"3f3324e\" data-element_type=\"container\" data-e-type=\"container\">\n\t\t\t\t\t<div class=\"e-con-inner\">\n\t\t\t\t<div class=\"elementor-element elementor-element-e6cd495 elementor-widget elementor-widget-text-editor\" data-id=\"e6cd495\" data-element_type=\"widget\" data-e-type=\"widget\" data-widget_type=\"text-editor.default\">\n\t\t\t\t<div class=\"elementor-widget-container\">\n\t\t\t\t\t\t\t\t\t<p><strong>1. \u00bfQUI\u00c9N ES EL RESPONSABLE DEL TRATAMIENTO DE SUS DATOS?<\/strong><\/p><table><tbody><tr><td><strong>Denominaci\u00f3n social:<\/strong> CLECE, S.A.<\/td><\/tr><tr><td><strong>CIF:<\/strong> A80364243<\/td><\/tr><tr><td><strong>Direcci\u00f3n postal:<\/strong> Calle de Quintanavides, 19 Bloque 4 \u2013 Planta 1 y 2, 28050 Madrid<\/td><\/tr><tr><td><strong>Tel\u00e9fono:<\/strong> 91 745 91 00<\/td><\/tr><tr><td><strong>Correo electr\u00f3nico del Delegado de Protecci\u00f3n de Datos (DPD):<\/strong> \u00a0<a href=\"mailto:rgpd-clece@clece.es\">rgpd-clece@clece.es<\/a><\/td><\/tr><\/tbody><\/table>\t\t\t\t\t\t\t\t<\/div>\n\t\t\t\t<\/div>\n\t\t\t\t\t<\/div>\n\t\t\t\t<\/div>\n\t\t<div class=\"elementor-element elementor-element-4519c1e e-flex e-con-boxed e-con e-parent\" data-id=\"4519c1e\" data-element_type=\"container\" data-e-type=\"container\">\n\t\t\t\t\t<div class=\"e-con-inner\">\n\t\t\t\t<div class=\"elementor-element elementor-element-821510c elementor-widget elementor-widget-text-editor\" data-id=\"821510c\" data-element_type=\"widget\" data-e-type=\"widget\" data-widget_type=\"text-editor.default\">\n\t\t\t\t<div class=\"elementor-widget-container\">\n\t\t\t\t\t\t\t\t\t<p><strong>2. \u00bfCON QU\u00c9 FINALIDAD Y BAJO QU\u00c9 BASE LEGAL TRATAMOS SUS DATOS PERSONALES?<\/strong><\/p><p>A trav\u00e9s de este sitio web, recopilamos datos personales mediante el formulario de contacto para las siguientes finalidades:<\/p><p><strong>Gesti\u00f3n de solicitudes de informaci\u00f3n y contacto:<\/strong><\/p><ul><li>Recoger y gestionar consultas sobre nuestros servicios<\/li><li>Facilitar informaci\u00f3n sobre servicios en funci\u00f3n del \u00e1rea geogr\u00e1fica seleccionada.<\/li><li>Proporcionar asistencia en relaci\u00f3n con las solicitudes recibidas.<\/li><\/ul><p>La base legal para dicho tratamiento es la atenci\u00f3n de su solicitud y\/o petici\u00f3n de contacto en base al art\u00edculo 6.1 b del Reglamento General de Protecci\u00f3n de Datos, que se entender\u00e1 otorgado cuando realice el env\u00edo de dicho formulario con sus datos.<\/p><p><strong>Atenci\u00f3n de sugerencias, reclamaciones y comentarios:<\/strong><\/p><ul><li>Gestionar quejas, sugerencias o comentarios enviados a trav\u00e9s de la secci\u00f3n correspondiente.<\/li><li>Responder a las solicitudes relacionadas con la calidad de los servicios prestados.<\/li><\/ul><p>La base legal para dicho tratamiento es la atenci\u00f3n y resoluci\u00f3n de su reclamaci\u00f3n y\/o petici\u00f3n, en base al art\u00edculo 6.1 b del Reglamento General de Protecci\u00f3n de Datos, que se entender\u00e1 otorgado cuando realice el env\u00edo de dicho formulario con sus datos.<\/p><p>En caso de que usted contacte con nosotros a trav\u00e9s de otros canales (correo electr\u00f3nico), trataremos sus datos para dar curso a su petici\u00f3n y responderle a trav\u00e9s del medio de contacto que nos facilite. La base legal para dicho tratamiento es su consentimiento expreso, que se entender\u00e1 otorgado al recibir su petici\u00f3n de contacto v\u00eda correo electr\u00f3nico.<\/p>\t\t\t\t\t\t\t\t<\/div>\n\t\t\t\t<\/div>\n\t\t\t\t\t<\/div>\n\t\t\t\t<\/div>\n\t\t<div class=\"elementor-element elementor-element-5525e8d e-flex e-con-boxed e-con e-parent\" data-id=\"5525e8d\" data-element_type=\"container\" data-e-type=\"container\">\n\t\t\t\t\t<div class=\"e-con-inner\">\n\t\t\t\t<div class=\"elementor-element elementor-element-7e24b72 elementor-widget elementor-widget-text-editor\" data-id=\"7e24b72\" data-element_type=\"widget\" data-e-type=\"widget\" data-widget_type=\"text-editor.default\">\n\t\t\t\t<div class=\"elementor-widget-container\">\n\t\t\t\t\t\t\t\t\t<p><strong>3. \u00bfQU\u00c9 CATEGOR\u00cdAS DE DATOS TRATAMOS?<\/strong><\/p><p>Dependiendo del uso que haga de nuestra web, podemos tratar las siguientes categor\u00edas de datos:<\/p><ul><li>Datos identificativos y de contacto: Nombre, apellidos, email y tel\u00e9fono.<\/li><li>Datos de localizaci\u00f3n: Selecci\u00f3n de \u00e1rea geogr\u00e1fica.<\/li><li>Datos de navegaci\u00f3n: Direcci\u00f3n IP y comportamiento en la web (Para m\u00e1s detalle, consulte nuestra Pol\u00edtica de Cookies)<\/li><li>Otros datos: Informaci\u00f3n adicional que el usuario proporcione en el campo de \u00abComentarios\u00bb del formulario.<\/li><\/ul><p>\u00a0<\/p><p><strong>Le rogamos que no env\u00ede datos sensibles o informaci\u00f3n de terceros sin su consentimiento expl\u00edcito mediante el formulario web ni a trav\u00e9s de ning\u00fan correo electr\u00f3nico informado en esta web.<\/strong><\/p>\t\t\t\t\t\t\t\t<\/div>\n\t\t\t\t<\/div>\n\t\t\t\t\t<\/div>\n\t\t\t\t<\/div>\n\t\t<div class=\"elementor-element elementor-element-9e88d68 e-flex e-con-boxed e-con e-parent\" data-id=\"9e88d68\" data-element_type=\"container\" data-e-type=\"container\">\n\t\t\t\t\t<div class=\"e-con-inner\">\n\t\t\t\t<div class=\"elementor-element elementor-element-af49412 elementor-widget elementor-widget-text-editor\" data-id=\"af49412\" data-element_type=\"widget\" data-e-type=\"widget\" data-widget_type=\"text-editor.default\">\n\t\t\t\t<div class=\"elementor-widget-container\">\n\t\t\t\t\t\t\t\t\t<p><strong>4. \u00bfCUANTO TIEMPO CONSERVAMOS SUS DATOS?<\/strong><\/p><p>Los datos personales se conservar\u00e1n durante los siguientes plazos:<\/p><ul><li>Gesti\u00f3n de solicitudes y consultas: Hasta resolver la consulta y por un m\u00e1ximo de 12 meses.<\/li><li>Sugerencias y reclamaciones: Durante el tiempo necesario para su resoluci\u00f3n y hasta 5 a\u00f1os tras su tramitaci\u00f3n (plazo de prescripci\u00f3n de potenciales acciones civiles).<\/li><li>Datos de navegaci\u00f3n: Seg\u00fan la configuraci\u00f3n de cookies ((Para m\u00e1s detalle, consulte nuestra Pol\u00edtica de Cookies)<\/li><\/ul>\t\t\t\t\t\t\t\t<\/div>\n\t\t\t\t<\/div>\n\t\t\t\t\t<\/div>\n\t\t\t\t<\/div>\n\t\t<div class=\"elementor-element elementor-element-44b460d e-flex e-con-boxed e-con e-parent\" data-id=\"44b460d\" data-element_type=\"container\" data-e-type=\"container\">\n\t\t\t\t\t<div class=\"e-con-inner\">\n\t\t\t\t<div class=\"elementor-element elementor-element-32c87de elementor-widget elementor-widget-text-editor\" data-id=\"32c87de\" data-element_type=\"widget\" data-e-type=\"widget\" data-widget_type=\"text-editor.default\">\n\t\t\t\t<div class=\"elementor-widget-container\">\n\t\t\t\t\t\t\t\t\t<p><strong>5. \u00bfA QUI\u00c9NES COMUNICAMOS SUS DATOS?<\/strong><\/p>\n<p>No cederemos sus datos personales a terceros ajenos a las empresas del Grupo CLECE salvo que sea necesario por obligaci\u00f3n legal o para la prestaci\u00f3n de servicios con proveedores contratados, como:<\/p>\n<ul>\n<li><strong>Proveedores tecnol\u00f3gicos<\/strong>: Plataformas de hosting y mantenimiento web.<\/li>\n<li><strong>Autoridades y organismos p\u00fablicos:<\/strong> Si la ley nos obliga a ello.<\/li>\n<\/ul>\n<p><span style=\"font-size: 1rem;\"><br><\/span><\/p><p><span style=\"font-size: 1rem;\">En el caso de servicios con proveedores fuera del Espacio Econ\u00f3mico Europeo, nos aseguraremos de que cumplen con las garant\u00edas adecuadas para la protecci\u00f3n de datos personales.<\/span><\/p>\n<p>Adem\u00e1s, nuestra compa\u00f1\u00eda tiene presencia en redes sociales (Facebook, Twitter, YouTube, LinkedIn). Al interactuar con nuestros perfiles, recomendamos revisar sus pol\u00edticas de privacidad.<\/p>\t\t\t\t\t\t\t\t<\/div>\n\t\t\t\t<\/div>\n\t\t\t\t\t<\/div>\n\t\t\t\t<\/div>\n\t\t<div class=\"elementor-element elementor-element-fc9d8ba e-flex e-con-boxed e-con e-parent\" data-id=\"fc9d8ba\" data-element_type=\"container\" data-e-type=\"container\">\n\t\t\t\t\t<div class=\"e-con-inner\">\n\t\t\t\t<div class=\"elementor-element elementor-element-a402ce8 elementor-widget elementor-widget-text-editor\" data-id=\"a402ce8\" data-element_type=\"widget\" data-e-type=\"widget\" data-widget_type=\"text-editor.default\">\n\t\t\t\t<div class=\"elementor-widget-container\">\n\t\t\t\t\t\t\t\t\t<p><strong>6. \u00bfC\u00d3MO PROTEGEMOS SUS DATOS PERSONALES?<\/strong><\/p><p>Aplicamos medidas t\u00e9cnicas y organizativas adecuadas para garantizar la seguridad de sus datos, evitando accesos no autorizados, p\u00e9rdidas o alteraciones.<\/p>\t\t\t\t\t\t\t\t<\/div>\n\t\t\t\t<\/div>\n\t\t\t\t\t<\/div>\n\t\t\t\t<\/div>\n\t\t<div class=\"elementor-element elementor-element-bf4c96a e-flex e-con-boxed e-con e-parent\" data-id=\"bf4c96a\" data-element_type=\"container\" data-e-type=\"container\">\n\t\t\t\t\t<div class=\"e-con-inner\">\n\t\t\t\t<div class=\"elementor-element elementor-element-2b7ba5b elementor-widget elementor-widget-text-editor\" data-id=\"2b7ba5b\" data-element_type=\"widget\" data-e-type=\"widget\" data-widget_type=\"text-editor.default\">\n\t\t\t\t<div class=\"elementor-widget-container\">\n\t\t\t\t\t\t\t\t\t<p><strong>7. \u00bfCU\u00c1LES SON SUS DERECHOS Y C\u00d3MO PUEDE EJERCERLOS?<\/strong><\/p><p>Usted tiene derecho a:<\/p><ul><li>Acceder: Conocer qu\u00e9 datos tratamos.<\/li><li>Rectificar: Modificar datos inexactos.<\/li><li>Suprimir: Solicitar la eliminaci\u00f3n de sus datos.<\/li><li>Limitar el tratamiento: Restringir el uso de sus datos en ciertos casos.<\/li><li>Oponerse: Negarse al uso de sus datos con determinadas finalidades.<\/li><li>Portabilidad: Recibir sus datos en formato estructurado o transferirlos a otro responsable.<\/li><\/ul><p>Para ejercer estos derechos, env\u00ede un correo a <a href=\"mailto:rgpd-clece@clece.es\">rgpd-clece@clece.es<\/a> con el asunto \u00abEjercicio de Derechos Protecci\u00f3n de Datos\u00bb.<br \/><br \/>Si considera que no hemos gestionado adecuadamente sus derechos, puede presentar una reclamaci\u00f3n ante la Agencia Espa\u00f1ola de Protecci\u00f3n de Datos (AEPD) (C\/ Jorge Juan, 6, 28001 Madrid o <a href=\"http:\/\/www.aepd.es\">www.aepd.es<\/a>).<\/p>\t\t\t\t\t\t\t\t<\/div>\n\t\t\t\t<\/div>\n\t\t\t\t\t<\/div>\n\t\t\t\t<\/div>\n\t\t<div class=\"elementor-element elementor-element-7760647 e-flex e-con-boxed e-con e-parent\" data-id=\"7760647\" data-element_type=\"container\" data-e-type=\"container\">\n\t\t\t\t\t<div class=\"e-con-inner\">\n\t\t\t\t<div class=\"elementor-element elementor-element-f3b6c8d elementor-widget elementor-widget-text-editor\" data-id=\"f3b6c8d\" data-element_type=\"widget\" data-e-type=\"widget\" data-widget_type=\"text-editor.default\">\n\t\t\t\t<div class=\"elementor-widget-container\">\n\t\t\t\t\t\t\t\t\t<p><strong>8. ACTUALIZACIONES DE ESTA POL\u00cdTICA<\/strong><\/p><p>La empresa puede actualizar esta pol\u00edtica de privacidad en funci\u00f3n de cambios normativos o en sus pr\u00e1cticas de tratamiento de datos. Le recomendamos revisarla peri\u00f3dicamente.<br \/><br \/><\/p>\t\t\t\t\t\t\t\t<\/div>\n\t\t\t\t<\/div>\n\t\t\t\t\t<\/div>\n\t\t\t\t<\/div>\n\t\t\t\t<\/div>\n\t\t","protected":false},"excerpt":{"rendered":"<p>POL\u00cdTICA DE PRIVACIDAD 1. \u00bfQUI\u00c9N ES EL RESPONSABLE DEL TRATAMIENTO DE SUS DATOS? Denominaci\u00f3n social: CLECE, S.A. CIF: A80364243 Direcci\u00f3n postal: Calle de Quintanavides, 19 Bloque 4 \u2013 Planta 1 y 2, 28050 Madrid Tel\u00e9fono: 91 745 91 00 Correo electr\u00f3nico del Delegado de Protecci\u00f3n de Datos (DPD): \u00a0rgpd-clece@clece.es 2. \u00bfCON QU\u00c9 FINALIDAD Y BAJO [&hellip;]<\/p>\n","protected":false},"author":1,"featured_media":0,"parent":0,"menu_order":0,"comment_status":"closed","ping_status":"closed","template":"","meta":{"_acf_changed":false,"footnotes":""},"class_list":["post-177","page","type-page","status-publish","hentry"],"acf":[],"yoast_head":"<!-- This site is optimized with the Yoast SEO plugin v27.3 - https:\/\/yoast.com\/product\/yoast-seo-wordpress\/ -->\n<title>Pol\u00edtica de privacidad | Clece<\/title>\n<meta name=\"description\" content=\"Conoce nuestra pol\u00edtica de privacidad, con estrictas medidas de seguridad y confidencialidad. Te contamos c\u00f3mo gestionamos tu informaci\u00f3n en Clece y filiales.\" \/>\n<meta name=\"robots\" content=\"index, follow, max-snippet:-1, max-image-preview:large, max-video-preview:-1\" \/>\n<link rel=\"canonical\" href=\"https:\/\/clece.es\/es\/politica-de-privacidad\/\" \/>\n<meta property=\"og:locale\" content=\"es_ES\" \/>\n<meta property=\"og:type\" content=\"article\" \/>\n<meta property=\"og:title\" content=\"Pol\u00edtica de privacidad | Clece\" \/>\n<meta property=\"og:description\" content=\"Conoce nuestra pol\u00edtica de privacidad, con estrictas medidas de seguridad y confidencialidad. Te contamos c\u00f3mo gestionamos tu informaci\u00f3n en Clece y filiales.\" \/>\n<meta property=\"og:url\" content=\"https:\/\/clece.es\/es\/politica-de-privacidad\/\" \/>\n<meta property=\"og:site_name\" content=\"Clece\" \/>\n<meta property=\"article:publisher\" content=\"https:\/\/www.facebook.com\/CleceSociedadAnonima\/\" \/>\n<meta property=\"article:modified_time\" content=\"2025-09-08T10:23:03+00:00\" \/>\n<meta name=\"twitter:card\" content=\"summary_large_image\" \/>\n<meta name=\"twitter:site\" content=\"@Clece_\" \/>\n<meta name=\"twitter:label1\" content=\"Tiempo de lectura\" \/>\n\t<meta name=\"twitter:data1\" content=\"4 minutos\" \/>\n<script type=\"application\/ld+json\" class=\"yoast-schema-graph\">{\"@context\":\"https:\\\/\\\/schema.org\",\"@graph\":[{\"@type\":\"WebPage\",\"@id\":\"https:\\\/\\\/clece.es\\\/es\\\/politica-de-privacidad\\\/\",\"url\":\"https:\\\/\\\/clece.es\\\/es\\\/politica-de-privacidad\\\/\",\"name\":\"Pol\u00edtica de privacidad | Clece\",\"isPartOf\":{\"@id\":\"https:\\\/\\\/clece.es\\\/es\\\/#website\"},\"datePublished\":\"2024-09-17T11:32:04+00:00\",\"dateModified\":\"2025-09-08T10:23:03+00:00\",\"description\":\"Conoce nuestra pol\u00edtica de privacidad, con estrictas medidas de seguridad y confidencialidad. Te contamos c\u00f3mo gestionamos tu informaci\u00f3n en Clece y filiales.\",\"breadcrumb\":{\"@id\":\"https:\\\/\\\/clece.es\\\/es\\\/politica-de-privacidad\\\/#breadcrumb\"},\"inLanguage\":\"es\",\"potentialAction\":[{\"@type\":\"ReadAction\",\"target\":[\"https:\\\/\\\/clece.es\\\/es\\\/politica-de-privacidad\\\/\"]}]},{\"@type\":\"BreadcrumbList\",\"@id\":\"https:\\\/\\\/clece.es\\\/es\\\/politica-de-privacidad\\\/#breadcrumb\",\"itemListElement\":[{\"@type\":\"ListItem\",\"position\":1,\"name\":\"Portada\",\"item\":\"https:\\\/\\\/clece.es\\\/es\\\/\"},{\"@type\":\"ListItem\",\"position\":2,\"name\":\"Pol\u00edtica de privacidad\"}]},{\"@type\":\"WebSite\",\"@id\":\"https:\\\/\\\/clece.es\\\/es\\\/#website\",\"url\":\"https:\\\/\\\/clece.es\\\/es\\\/\",\"name\":\"Clece\",\"description\":\"\",\"publisher\":{\"@id\":\"https:\\\/\\\/clece.es\\\/es\\\/#organization\"},\"potentialAction\":[{\"@type\":\"SearchAction\",\"target\":{\"@type\":\"EntryPoint\",\"urlTemplate\":\"https:\\\/\\\/clece.es\\\/es\\\/?s={search_term_string}\"},\"query-input\":{\"@type\":\"PropertyValueSpecification\",\"valueRequired\":true,\"valueName\":\"search_term_string\"}}],\"inLanguage\":\"es\"},{\"@type\":\"Organization\",\"@id\":\"https:\\\/\\\/clece.es\\\/es\\\/#organization\",\"name\":\"Grupo Clece\",\"url\":\"https:\\\/\\\/clece.es\\\/es\\\/\",\"logo\":{\"@type\":\"ImageObject\",\"inLanguage\":\"es\",\"@id\":\"https:\\\/\\\/clece.es\\\/es\\\/#\\\/schema\\\/logo\\\/image\\\/\",\"url\":\"https:\\\/\\\/sitio2.utopiasl.eu\\\/wp-content\\\/uploads\\\/2024\\\/10\\\/Logotipos_filiales_Clece_logotipo.png\",\"contentUrl\":\"https:\\\/\\\/sitio2.utopiasl.eu\\\/wp-content\\\/uploads\\\/2024\\\/10\\\/Logotipos_filiales_Clece_logotipo.png\",\"width\":5000,\"height\":5000,\"caption\":\"Grupo Clece\"},\"image\":{\"@id\":\"https:\\\/\\\/clece.es\\\/es\\\/#\\\/schema\\\/logo\\\/image\\\/\"},\"sameAs\":[\"https:\\\/\\\/www.facebook.com\\\/CleceSociedadAnonima\\\/\",\"https:\\\/\\\/x.com\\\/Clece_\",\"https:\\\/\\\/www.linkedin.com\\\/company\\\/clece-sa\\\/\"]}]}<\/script>\n<!-- \/ Yoast SEO plugin. -->","yoast_head_json":{"title":"Pol\u00edtica de privacidad | Clece","description":"Conoce nuestra pol\u00edtica de privacidad, con estrictas medidas de seguridad y confidencialidad. Te contamos c\u00f3mo gestionamos tu informaci\u00f3n en Clece y filiales.","robots":{"index":"index","follow":"follow","max-snippet":"max-snippet:-1","max-image-preview":"max-image-preview:large","max-video-preview":"max-video-preview:-1"},"canonical":"https:\/\/clece.es\/es\/politica-de-privacidad\/","og_locale":"es_ES","og_type":"article","og_title":"Pol\u00edtica de privacidad | Clece","og_description":"Conoce nuestra pol\u00edtica de privacidad, con estrictas medidas de seguridad y confidencialidad. Te contamos c\u00f3mo gestionamos tu informaci\u00f3n en Clece y filiales.","og_url":"https:\/\/clece.es\/es\/politica-de-privacidad\/","og_site_name":"Clece","article_publisher":"https:\/\/www.facebook.com\/CleceSociedadAnonima\/","article_modified_time":"2025-09-08T10:23:03+00:00","twitter_card":"summary_large_image","twitter_site":"@Clece_","twitter_misc":{"Tiempo de lectura":"4 minutos"},"schema":{"@context":"https:\/\/schema.org","@graph":[{"@type":"WebPage","@id":"https:\/\/clece.es\/es\/politica-de-privacidad\/","url":"https:\/\/clece.es\/es\/politica-de-privacidad\/","name":"Pol\u00edtica de privacidad | Clece","isPartOf":{"@id":"https:\/\/clece.es\/es\/#website"},"datePublished":"2024-09-17T11:32:04+00:00","dateModified":"2025-09-08T10:23:03+00:00","description":"Conoce nuestra pol\u00edtica de privacidad, con estrictas medidas de seguridad y confidencialidad. Te contamos c\u00f3mo gestionamos tu informaci\u00f3n en Clece y filiales.","breadcrumb":{"@id":"https:\/\/clece.es\/es\/politica-de-privacidad\/#breadcrumb"},"inLanguage":"es","potentialAction":[{"@type":"ReadAction","target":["https:\/\/clece.es\/es\/politica-de-privacidad\/"]}]},{"@type":"BreadcrumbList","@id":"https:\/\/clece.es\/es\/politica-de-privacidad\/#breadcrumb","itemListElement":[{"@type":"ListItem","position":1,"name":"Portada","item":"https:\/\/clece.es\/es\/"},{"@type":"ListItem","position":2,"name":"Pol\u00edtica de privacidad"}]},{"@type":"WebSite","@id":"https:\/\/clece.es\/es\/#website","url":"https:\/\/clece.es\/es\/","name":"Clece","description":"","publisher":{"@id":"https:\/\/clece.es\/es\/#organization"},"potentialAction":[{"@type":"SearchAction","target":{"@type":"EntryPoint","urlTemplate":"https:\/\/clece.es\/es\/?s={search_term_string}"},"query-input":{"@type":"PropertyValueSpecification","valueRequired":true,"valueName":"search_term_string"}}],"inLanguage":"es"},{"@type":"Organization","@id":"https:\/\/clece.es\/es\/#organization","name":"Grupo Clece","url":"https:\/\/clece.es\/es\/","logo":{"@type":"ImageObject","inLanguage":"es","@id":"https:\/\/clece.es\/es\/#\/schema\/logo\/image\/","url":"https:\/\/sitio2.utopiasl.eu\/wp-content\/uploads\/2024\/10\/Logotipos_filiales_Clece_logotipo.png","contentUrl":"https:\/\/sitio2.utopiasl.eu\/wp-content\/uploads\/2024\/10\/Logotipos_filiales_Clece_logotipo.png","width":5000,"height":5000,"caption":"Grupo Clece"},"image":{"@id":"https:\/\/clece.es\/es\/#\/schema\/logo\/image\/"},"sameAs":["https:\/\/www.facebook.com\/CleceSociedadAnonima\/","https:\/\/x.com\/Clece_","https:\/\/www.linkedin.com\/company\/clece-sa\/"]}]}},"_links":{"self":[{"href":"https:\/\/clece.es\/es\/wp-json\/wp\/v2\/pages\/177","targetHints":{"allow":["GET"]}}],"collection":[{"href":"https:\/\/clece.es\/es\/wp-json\/wp\/v2\/pages"}],"about":[{"href":"https:\/\/clece.es\/es\/wp-json\/wp\/v2\/types\/page"}],"author":[{"embeddable":true,"href":"https:\/\/clece.es\/es\/wp-json\/wp\/v2\/users\/1"}],"replies":[{"embeddable":true,"href":"https:\/\/clece.es\/es\/wp-json\/wp\/v2\/comments?post=177"}],"version-history":[{"count":43,"href":"https:\/\/clece.es\/es\/wp-json\/wp\/v2\/pages\/177\/revisions"}],"predecessor-version":[{"id":149637,"href":"https:\/\/clece.es\/es\/wp-json\/wp\/v2\/pages\/177\/revisions\/149637"}],"wp:attachment":[{"href":"https:\/\/clece.es\/es\/wp-json\/wp\/v2\/media?parent=177"}],"curies":[{"name":"wp","href":"https:\/\/api.w.org\/{rel}","templated":true}]}}