{"id":179,"date":"2024-09-17T11:32:13","date_gmt":"2024-09-17T11:32:13","guid":{"rendered":"https:\/\/sitio2.utopiasl.eu\/?page_id=179"},"modified":"2024-12-19T13:01:38","modified_gmt":"2024-12-19T13:01:38","slug":"politica-de-cookies","status":"publish","type":"page","link":"https:\/\/clece.es\/es\/politica-de-cookies\/","title":{"rendered":"Pol\u00edtica de cookies"},"content":{"rendered":"\t\t<div data-elementor-type=\"wp-page\" data-elementor-id=\"179\" class=\"elementor elementor-179\" data-elementor-post-type=\"page\">\n\t\t\t\t<div class=\"elementor-element elementor-element-eb48d67 e-flex e-con-boxed e-con e-parent\" data-id=\"eb48d67\" data-element_type=\"container\" data-e-type=\"container\">\n\t\t\t\t\t<div class=\"e-con-inner\">\n\t\t\t\t<div class=\"elementor-element elementor-element-f941d30 elementor-widget elementor-widget-heading\" data-id=\"f941d30\" data-element_type=\"widget\" data-e-type=\"widget\" data-widget_type=\"heading.default\">\n\t\t\t\t<div class=\"elementor-widget-container\">\n\t\t\t\t\t<h2 class=\"elementor-heading-title elementor-size-default\">POL\u00cdTICA DE COOKIES<\/h2>\t\t\t\t<\/div>\n\t\t\t\t<\/div>\n\t\t\t\t\t<\/div>\n\t\t\t\t<\/div>\n\t\t<div class=\"elementor-element elementor-element-8c65637 e-flex e-con-boxed e-con e-parent\" data-id=\"8c65637\" data-element_type=\"container\" data-e-type=\"container\">\n\t\t\t\t\t<div class=\"e-con-inner\">\n\t\t\t\t<div class=\"elementor-element elementor-element-67c0536 elementor-widget elementor-widget-text-editor\" data-id=\"67c0536\" data-element_type=\"widget\" data-e-type=\"widget\" data-widget_type=\"text-editor.default\">\n\t\t\t\t<div class=\"elementor-widget-container\">\n\t\t\t\t\t\t\t\t\t<p><strong style=\"text-transform: uppercase;\">INTRODUCCI\u00d3N<\/strong><\/p><p>El editor de la p\u00e1gina\u00a0<a href=\"http:\/\/www.clece.es\/\">http:\/\/www.clece.es<\/a> es Clece, S.A.<\/p><p>Clece, S.A., en cumplimiento del art\u00edculo 22 de la Ley 34\/2002, de 11 de julio, de servicios de la sociedad de la informaci\u00f3n y de comercio electr\u00f3nico, facilita a los Usuarios informaci\u00f3n relativa a las cookies, qu\u00e9 son las cookies, qu\u00e9 tipos de cookies se instalan en el ordenador (en adelante \u201cequipo\u201d) del Usuario cuando este visita nuestro sitio, y cu\u00e1l es la finalidad del uso de las cookies.<\/p>\t\t\t\t\t\t\t\t<\/div>\n\t\t\t\t<\/div>\n\t\t\t\t\t<\/div>\n\t\t\t\t<\/div>\n\t\t<div class=\"elementor-element elementor-element-6ae2689 e-flex e-con-boxed e-con e-parent\" data-id=\"6ae2689\" data-element_type=\"container\" data-e-type=\"container\">\n\t\t\t\t\t<div class=\"e-con-inner\">\n\t\t\t\t<div class=\"elementor-element elementor-element-8ca5a75 elementor-widget elementor-widget-text-editor\" data-id=\"8ca5a75\" data-element_type=\"widget\" data-e-type=\"widget\" data-widget_type=\"text-editor.default\">\n\t\t\t\t<div class=\"elementor-widget-container\">\n\t\t\t\t\t\t\t\t\t<p><strong style=\"text-transform: uppercase;\">\u00bfQU\u00c9 SON LAS COOKIES?<\/strong><\/p><p>Una \u201ccookie\u201d es un elemento de datos que un sitio Web puede enviar a su explorador y que puede que se almacene en su sistema.<br \/>Una cookie es un peque\u00f1o archivo de texto que un proveedor de servicios en l\u00ednea (como\u00a0<a href=\"http:\/\/www.clece.es\/\">www.clece.es<\/a>) instala en el equipo de las personas que visitan su sitio web. Las cookies pueden recabar informaci\u00f3n sobre los h\u00e1bitos de los visitantes por lo que respecta al uso de dicho sitio web registrando las actividades de su equipo en relaci\u00f3n con dicho sitio, por ejemplo, cuando realiza compras.<br \/>Las cookies utilizadas son fundamentalmente para optimizar el funcionamiento del sitio web. Las cookies generadas cuando un Usuario visita solamente nuestro sitio no nos permiten identificarlo personalmente.<\/p>\t\t\t\t\t\t\t\t<\/div>\n\t\t\t\t<\/div>\n\t\t\t\t\t<\/div>\n\t\t\t\t<\/div>\n\t\t<div class=\"elementor-element elementor-element-b21a38e e-flex e-con-boxed e-con e-parent\" data-id=\"b21a38e\" data-element_type=\"container\" data-e-type=\"container\">\n\t\t\t\t\t<div class=\"e-con-inner\">\n\t\t\t\t<div class=\"elementor-element elementor-element-6acc625 elementor-widget elementor-widget-text-editor\" data-id=\"6acc625\" data-element_type=\"widget\" data-e-type=\"widget\" data-widget_type=\"text-editor.default\">\n\t\t\t\t<div class=\"elementor-widget-container\">\n\t\t\t\t\t\t\t\t\t<p><strong style=\"text-transform: uppercase;\">TIPOS DE COOKIES<\/strong><\/p><p>La informaci\u00f3n que le proporcionamos a continuaci\u00f3n, le ayudar\u00e1 a comprender los diferentes tipos de cookies:<\/p><p><strong>Seg\u00fan el plazo de tiempo que permanecen activadas:<\/strong><\/p><p><strong>Cookies de sesi\u00f3n:<\/strong>\u00a0Son cookies temporales que permanecen en el archivo de cookies de su navegador hasta que abandone la p\u00e1gina web, por lo que ninguna queda registrada en el equipo del Usuario. La informaci\u00f3n obtenida por medio de estas cookies, sirven para analizar pautas de tr\u00e1fico en la web. Por ejemplo, permiten llevar a cabo un seguimiento del uso que se realiza de nuestros sitios durante una sesi\u00f3n de navegaci\u00f3n \u00fanica y ayudan a utilizar nuestro sitio de forma m\u00e1s eficaz.<\/p><p><strong>Cookies persistentes:<\/strong>\u00a0Son almacenadas en el equipo del Usuario durante una sesi\u00f3n de navegaci\u00f3n y permanecen en el equipo al finalizar la sesi\u00f3n de navegaci\u00f3n. Las cookies persistentes se mantienen activas durante per\u00edodos definidos que pueden ir entre varios minutos a a\u00f1os.<\/p><p><strong>Seg\u00fan la entidad que las gestione:<\/strong><\/p><p><strong>Cookies propias: <\/strong> Son aqu\u00e9llas que se env\u00edan al equipo del usuario desde un equipo o dominio gestionado por el propio editor y desde el que se presta el servicio solicitado por el usuario.<\/p><p>Pueden incluir cookies como cookies de sesi\u00f3n y cookies persistentes. Utilizamos las cookies de origen para seguir los movimientos efectuados desde el ordenador u otro dispositivo del Usuario al consultar nuestro sitio, por ejemplo, con fines de comercializaci\u00f3n y an\u00e1lisis.<\/p><p><strong>Cookies de terceros:<\/strong> Son aqu\u00e9llas que se env\u00edan al equipo del usuario desde un equipo o dominio que no es gestionado por el editor, sino por otra entidad que trata los datos obtenidos trav\u00e9s de las cookies, como por ejemplo, las usadas en redes sociales, o por complementos externos de contenido como google maps.<\/p>\t\t\t\t\t\t\t\t<\/div>\n\t\t\t\t<\/div>\n\t\t\t\t\t<\/div>\n\t\t\t\t<\/div>\n\t\t<div class=\"elementor-element elementor-element-36072f5 e-flex e-con-boxed e-con e-parent\" data-id=\"36072f5\" data-element_type=\"container\" data-e-type=\"container\">\n\t\t\t\t\t<div class=\"e-con-inner\">\n\t\t\t\t<div class=\"elementor-element elementor-element-3731d3e elementor-widget elementor-widget-text-editor\" data-id=\"3731d3e\" data-element_type=\"widget\" data-e-type=\"widget\" data-widget_type=\"text-editor.default\">\n\t\t\t\t<div class=\"elementor-widget-container\">\n\t\t\t\t\t\t\t\t\t<p><strong style=\"text-transform: uppercase;\">RELACI\u00d3N Y DESCRIPCI\u00d3N DE COOKIES:<\/strong><\/p><p><script id=\"CookieDeclaration\" data-culture=\"es\" type=\"text\/javascript\" src=\"https:\/\/consent.cookiebot.com\/cad23b8d-27da-42c5-8b77-cc348e31f2df\/cd.js\" async><\/script><\/p><p><strong style=\"text-transform: uppercase;\">\u00bfALGUNA PREGUNTA?<\/strong> Si tiene alguna pregunta, no dude en ponerse en\u00a0<a href=\"\/contacto\/\">contacto<\/a>\u00a0con nosotros.<\/p>\t\t\t\t\t\t\t\t<\/div>\n\t\t\t\t<\/div>\n\t\t\t\t\t<\/div>\n\t\t\t\t<\/div>\n\t\t\t\t<\/div>\n\t\t","protected":false},"excerpt":{"rendered":"<p>POL\u00cdTICA DE COOKIES INTRODUCCI\u00d3N El editor de la p\u00e1gina\u00a0http:\/\/www.clece.es es Clece, S.A. Clece, S.A., en cumplimiento del art\u00edculo 22 de la Ley 34\/2002, de 11 de julio, de servicios de la sociedad de la informaci\u00f3n y de comercio electr\u00f3nico, facilita a los Usuarios informaci\u00f3n relativa a las cookies, qu\u00e9 son las cookies, qu\u00e9 tipos de [&hellip;]<\/p>\n","protected":false},"author":1,"featured_media":0,"parent":0,"menu_order":0,"comment_status":"closed","ping_status":"closed","template":"","meta":{"_acf_changed":false,"footnotes":""},"class_list":["post-179","page","type-page","status-publish","hentry"],"acf":[],"yoast_head":"<!-- This site is optimized with the Yoast SEO plugin v27.4 - https:\/\/yoast.com\/product\/yoast-seo-wordpress\/ -->\n<title>Pol\u00edtica de cookies | Clece<\/title>\n<meta name=\"description\" content=\"Nuestra pol\u00edtica de cookies explica c\u00f3mo y por qu\u00e9 las utilizamos, as\u00ed como tus opciones de consentimiento con respecto al uso por parte de Clece y filiales.\" \/>\n<meta name=\"robots\" content=\"index, follow, max-snippet:-1, max-image-preview:large, max-video-preview:-1\" \/>\n<link rel=\"canonical\" href=\"https:\/\/clece.es\/es\/politica-de-cookies\/\" \/>\n<meta property=\"og:locale\" content=\"es_ES\" \/>\n<meta property=\"og:type\" content=\"article\" \/>\n<meta property=\"og:title\" content=\"Pol\u00edtica de cookies | Clece\" \/>\n<meta property=\"og:description\" content=\"Nuestra pol\u00edtica de cookies explica c\u00f3mo y por qu\u00e9 las utilizamos, as\u00ed como tus opciones de consentimiento con respecto al uso por parte de Clece y filiales.\" \/>\n<meta property=\"og:url\" content=\"https:\/\/clece.es\/es\/politica-de-cookies\/\" \/>\n<meta property=\"og:site_name\" content=\"Clece\" \/>\n<meta property=\"article:publisher\" content=\"https:\/\/www.facebook.com\/CleceSociedadAnonima\/\" \/>\n<meta property=\"article:modified_time\" content=\"2024-12-19T13:01:38+00:00\" \/>\n<meta name=\"twitter:card\" content=\"summary_large_image\" \/>\n<meta name=\"twitter:site\" content=\"@Clece_\" \/>\n<meta name=\"twitter:label1\" content=\"Tiempo de lectura\" \/>\n\t<meta name=\"twitter:data1\" content=\"3 minutos\" \/>\n<script type=\"application\/ld+json\" class=\"yoast-schema-graph\">{\"@context\":\"https:\\\/\\\/schema.org\",\"@graph\":[{\"@type\":\"WebPage\",\"@id\":\"https:\\\/\\\/clece.es\\\/es\\\/politica-de-cookies\\\/\",\"url\":\"https:\\\/\\\/clece.es\\\/es\\\/politica-de-cookies\\\/\",\"name\":\"Pol\u00edtica de cookies | Clece\",\"isPartOf\":{\"@id\":\"https:\\\/\\\/clece.es\\\/es\\\/#website\"},\"datePublished\":\"2024-09-17T11:32:13+00:00\",\"dateModified\":\"2024-12-19T13:01:38+00:00\",\"description\":\"Nuestra pol\u00edtica de cookies explica c\u00f3mo y por qu\u00e9 las utilizamos, as\u00ed como tus opciones de consentimiento con respecto al uso por parte de Clece y filiales.\",\"breadcrumb\":{\"@id\":\"https:\\\/\\\/clece.es\\\/es\\\/politica-de-cookies\\\/#breadcrumb\"},\"inLanguage\":\"es\",\"potentialAction\":[{\"@type\":\"ReadAction\",\"target\":[\"https:\\\/\\\/clece.es\\\/es\\\/politica-de-cookies\\\/\"]}]},{\"@type\":\"BreadcrumbList\",\"@id\":\"https:\\\/\\\/clece.es\\\/es\\\/politica-de-cookies\\\/#breadcrumb\",\"itemListElement\":[{\"@type\":\"ListItem\",\"position\":1,\"name\":\"Portada\",\"item\":\"https:\\\/\\\/clece.es\\\/es\\\/\"},{\"@type\":\"ListItem\",\"position\":2,\"name\":\"Pol\u00edtica de cookies\"}]},{\"@type\":\"WebSite\",\"@id\":\"https:\\\/\\\/clece.es\\\/es\\\/#website\",\"url\":\"https:\\\/\\\/clece.es\\\/es\\\/\",\"name\":\"Clece\",\"description\":\"\",\"publisher\":{\"@id\":\"https:\\\/\\\/clece.es\\\/es\\\/#organization\"},\"potentialAction\":[{\"@type\":\"SearchAction\",\"target\":{\"@type\":\"EntryPoint\",\"urlTemplate\":\"https:\\\/\\\/clece.es\\\/es\\\/?s={search_term_string}\"},\"query-input\":{\"@type\":\"PropertyValueSpecification\",\"valueRequired\":true,\"valueName\":\"search_term_string\"}}],\"inLanguage\":\"es\"},{\"@type\":\"Organization\",\"@id\":\"https:\\\/\\\/clece.es\\\/es\\\/#organization\",\"name\":\"Grupo Clece\",\"url\":\"https:\\\/\\\/clece.es\\\/es\\\/\",\"logo\":{\"@type\":\"ImageObject\",\"inLanguage\":\"es\",\"@id\":\"https:\\\/\\\/clece.es\\\/es\\\/#\\\/schema\\\/logo\\\/image\\\/\",\"url\":\"https:\\\/\\\/sitio2.utopiasl.eu\\\/wp-content\\\/uploads\\\/2024\\\/10\\\/Logotipos_filiales_Clece_logotipo.png\",\"contentUrl\":\"https:\\\/\\\/sitio2.utopiasl.eu\\\/wp-content\\\/uploads\\\/2024\\\/10\\\/Logotipos_filiales_Clece_logotipo.png\",\"width\":5000,\"height\":5000,\"caption\":\"Grupo Clece\"},\"image\":{\"@id\":\"https:\\\/\\\/clece.es\\\/es\\\/#\\\/schema\\\/logo\\\/image\\\/\"},\"sameAs\":[\"https:\\\/\\\/www.facebook.com\\\/CleceSociedadAnonima\\\/\",\"https:\\\/\\\/x.com\\\/Clece_\",\"https:\\\/\\\/www.linkedin.com\\\/company\\\/clece-sa\\\/\"]}]}<\/script>\n<!-- \/ Yoast SEO plugin. -->","yoast_head_json":{"title":"Pol\u00edtica de cookies | Clece","description":"Nuestra pol\u00edtica de cookies explica c\u00f3mo y por qu\u00e9 las utilizamos, as\u00ed como tus opciones de consentimiento con respecto al uso por parte de Clece y filiales.","robots":{"index":"index","follow":"follow","max-snippet":"max-snippet:-1","max-image-preview":"max-image-preview:large","max-video-preview":"max-video-preview:-1"},"canonical":"https:\/\/clece.es\/es\/politica-de-cookies\/","og_locale":"es_ES","og_type":"article","og_title":"Pol\u00edtica de cookies | Clece","og_description":"Nuestra pol\u00edtica de cookies explica c\u00f3mo y por qu\u00e9 las utilizamos, as\u00ed como tus opciones de consentimiento con respecto al uso por parte de Clece y filiales.","og_url":"https:\/\/clece.es\/es\/politica-de-cookies\/","og_site_name":"Clece","article_publisher":"https:\/\/www.facebook.com\/CleceSociedadAnonima\/","article_modified_time":"2024-12-19T13:01:38+00:00","twitter_card":"summary_large_image","twitter_site":"@Clece_","twitter_misc":{"Tiempo de lectura":"3 minutos"},"schema":{"@context":"https:\/\/schema.org","@graph":[{"@type":"WebPage","@id":"https:\/\/clece.es\/es\/politica-de-cookies\/","url":"https:\/\/clece.es\/es\/politica-de-cookies\/","name":"Pol\u00edtica de cookies | Clece","isPartOf":{"@id":"https:\/\/clece.es\/es\/#website"},"datePublished":"2024-09-17T11:32:13+00:00","dateModified":"2024-12-19T13:01:38+00:00","description":"Nuestra pol\u00edtica de cookies explica c\u00f3mo y por qu\u00e9 las utilizamos, as\u00ed como tus opciones de consentimiento con respecto al uso por parte de Clece y filiales.","breadcrumb":{"@id":"https:\/\/clece.es\/es\/politica-de-cookies\/#breadcrumb"},"inLanguage":"es","potentialAction":[{"@type":"ReadAction","target":["https:\/\/clece.es\/es\/politica-de-cookies\/"]}]},{"@type":"BreadcrumbList","@id":"https:\/\/clece.es\/es\/politica-de-cookies\/#breadcrumb","itemListElement":[{"@type":"ListItem","position":1,"name":"Portada","item":"https:\/\/clece.es\/es\/"},{"@type":"ListItem","position":2,"name":"Pol\u00edtica de cookies"}]},{"@type":"WebSite","@id":"https:\/\/clece.es\/es\/#website","url":"https:\/\/clece.es\/es\/","name":"Clece","description":"","publisher":{"@id":"https:\/\/clece.es\/es\/#organization"},"potentialAction":[{"@type":"SearchAction","target":{"@type":"EntryPoint","urlTemplate":"https:\/\/clece.es\/es\/?s={search_term_string}"},"query-input":{"@type":"PropertyValueSpecification","valueRequired":true,"valueName":"search_term_string"}}],"inLanguage":"es"},{"@type":"Organization","@id":"https:\/\/clece.es\/es\/#organization","name":"Grupo Clece","url":"https:\/\/clece.es\/es\/","logo":{"@type":"ImageObject","inLanguage":"es","@id":"https:\/\/clece.es\/es\/#\/schema\/logo\/image\/","url":"https:\/\/sitio2.utopiasl.eu\/wp-content\/uploads\/2024\/10\/Logotipos_filiales_Clece_logotipo.png","contentUrl":"https:\/\/sitio2.utopiasl.eu\/wp-content\/uploads\/2024\/10\/Logotipos_filiales_Clece_logotipo.png","width":5000,"height":5000,"caption":"Grupo Clece"},"image":{"@id":"https:\/\/clece.es\/es\/#\/schema\/logo\/image\/"},"sameAs":["https:\/\/www.facebook.com\/CleceSociedadAnonima\/","https:\/\/x.com\/Clece_","https:\/\/www.linkedin.com\/company\/clece-sa\/"]}]}},"_links":{"self":[{"href":"https:\/\/clece.es\/es\/wp-json\/wp\/v2\/pages\/179","targetHints":{"allow":["GET"]}}],"collection":[{"href":"https:\/\/clece.es\/es\/wp-json\/wp\/v2\/pages"}],"about":[{"href":"https:\/\/clece.es\/es\/wp-json\/wp\/v2\/types\/page"}],"author":[{"embeddable":true,"href":"https:\/\/clece.es\/es\/wp-json\/wp\/v2\/users\/1"}],"replies":[{"embeddable":true,"href":"https:\/\/clece.es\/es\/wp-json\/wp\/v2\/comments?post=179"}],"version-history":[{"count":41,"href":"https:\/\/clece.es\/es\/wp-json\/wp\/v2\/pages\/179\/revisions"}],"predecessor-version":[{"id":142962,"href":"https:\/\/clece.es\/es\/wp-json\/wp\/v2\/pages\/179\/revisions\/142962"}],"wp:attachment":[{"href":"https:\/\/clece.es\/es\/wp-json\/wp\/v2\/media?parent=179"}],"curies":[{"name":"wp","href":"https:\/\/api.w.org\/{rel}","templated":true}]}}