{"id":6596,"date":"2024-10-02T10:52:18","date_gmt":"2024-10-02T10:52:18","guid":{"rendered":"https:\/\/sitio2.utopiasl.eu\/?page_id=6596"},"modified":"2025-09-15T14:38:31","modified_gmt":"2025-09-15T14:38:31","slug":"politica-de-privacidad-del-canal-etico","status":"publish","type":"page","link":"https:\/\/clece.es\/es\/politica-de-privacidad-del-canal-etico\/","title":{"rendered":"Pol\u00edtica de privacidad del Canal \u00c9tico"},"content":{"rendered":"\t\t<div data-elementor-type=\"wp-page\" data-elementor-id=\"6596\" class=\"elementor elementor-6596\" data-elementor-post-type=\"page\">\n\t\t\t\t<div class=\"elementor-element elementor-element-3f4ee76 e-flex e-con-boxed e-con e-parent\" data-id=\"3f4ee76\" data-element_type=\"container\" data-e-type=\"container\">\n\t\t\t\t\t<div class=\"e-con-inner\">\n\t\t\t\t<div class=\"elementor-element elementor-element-8c48e1f elementor-widget elementor-widget-heading\" data-id=\"8c48e1f\" data-element_type=\"widget\" data-e-type=\"widget\" data-widget_type=\"heading.default\">\n\t\t\t\t<div class=\"elementor-widget-container\">\n\t\t\t\t\t<h2 class=\"elementor-heading-title elementor-size-default\">POL\u00cdTICA DE PRIVACIDAD CANAL \u00c9TICO<\/h2>\t\t\t\t<\/div>\n\t\t\t\t<\/div>\n\t\t\t\t\t<\/div>\n\t\t\t\t<\/div>\n\t\t<div class=\"elementor-element elementor-element-1b603a0 e-flex e-con-boxed e-con e-parent\" data-id=\"1b603a0\" data-element_type=\"container\" data-e-type=\"container\">\n\t\t\t\t\t<div class=\"e-con-inner\">\n\t\t\t\t<div class=\"elementor-element elementor-element-b1c8707 elementor-widget elementor-widget-text-editor\" data-id=\"b1c8707\" data-element_type=\"widget\" data-e-type=\"widget\" data-widget_type=\"text-editor.default\">\n\t\t\t\t<div class=\"elementor-widget-container\">\n\t\t\t\t\t\t\t\t\t<p><strong>\u00bfQUI\u00c9N EL RESPONSABLE DE TRATAMIENTO DE SUS DATOS?<\/strong><\/p><p>Identidad: CLECE, S.A. (en adelante, la \u201cCompa\u00f1\u00eda\u201d)<\/p><p>CIF: A80364243<\/p><p>Dir. Postal: Calle de Quintanavides, 19 Bloque 4 \u2013 Planta 1 y 2\u00a0 (28050 \u2013Madrid)<\/p><p>Tel\u00e9fono: 91 745 91 00<\/p><p>Delegado de Protecci\u00f3n de datos: Usted puede contactar con el Delegado de Protecci\u00f3n de Datos en el correo electr\u00f3nico: <a href=\"mailto:rgpd-clece@clece.es\">rgpd-clece@clece.es<\/a><\/p>\t\t\t\t\t\t\t\t<\/div>\n\t\t\t\t<\/div>\n\t\t\t\t\t<\/div>\n\t\t\t\t<\/div>\n\t\t<div class=\"elementor-element elementor-element-923aeaf e-flex e-con-boxed e-con e-parent\" data-id=\"923aeaf\" data-element_type=\"container\" data-e-type=\"container\">\n\t\t\t\t\t<div class=\"e-con-inner\">\n\t\t\t\t<div class=\"elementor-element elementor-element-2b104dc elementor-widget elementor-widget-text-editor\" data-id=\"2b104dc\" data-element_type=\"widget\" data-e-type=\"widget\" data-widget_type=\"text-editor.default\">\n\t\t\t\t<div class=\"elementor-widget-container\">\n\t\t\t\t\t\t\t\t\t<p><strong>\u00bfCON QU\u00c9 FINALIDAD Y BAJO QUE BASE LEGITIMADORA TRATAMOS SUS DATOS PERSONALES?<\/strong><\/p><p>Los datos ser\u00e1n tratados con la finalidad de gestionar las informaciones relativas a la comisi\u00f3n de irregularidades o infracciones penales y administrativas graves o muy graves o actos contrarios a la \u00e9tica, la legalidad o las normas corporativas de la Compa\u00f1\u00eda y llevar a cabo las actuaciones necesarias para la investigaci\u00f3n de los hechos denunciados, incluidas, en su caso, las medidas disciplinarias o legales que pudieran corresponder.<br \/>\u00a0<br \/>Los datos ser\u00e1n tratados aplicando la m\u00e1s estricta confidencialidad y no ser\u00e1n utilizados para una finalidad distinta de la indicada. En particular, en caso de identificaci\u00f3n, se garantizar\u00e1 la confidencialidad de la persona que hubiera puesto los hechos en conocimiento de la Compa\u00f1\u00eda.<\/p>\t\t\t\t\t\t\t\t<\/div>\n\t\t\t\t<\/div>\n\t\t\t\t\t<\/div>\n\t\t\t\t<\/div>\n\t\t<div class=\"elementor-element elementor-element-4b44cf5 e-flex e-con-boxed e-con e-parent\" data-id=\"4b44cf5\" data-element_type=\"container\" data-e-type=\"container\">\n\t\t\t\t\t<div class=\"e-con-inner\">\n\t\t\t\t<div class=\"elementor-element elementor-element-d96a0ab elementor-widget elementor-widget-text-editor\" data-id=\"d96a0ab\" data-element_type=\"widget\" data-e-type=\"widget\" data-widget_type=\"text-editor.default\">\n\t\t\t\t<div class=\"elementor-widget-container\">\n\t\t\t\t\t\t\t\t\t<p><strong>\u00bfCU\u00c1L ES LA LEGITIMACI\u00d3N PARA EL TRATAMIENTO DE SUS DATOS?<\/strong><\/p><p>La base jur\u00eddica del tratamiento es el cumplimiento de la obligaci\u00f3n legal de la Compa\u00f1\u00eda conforme a la Ley 2\/2023, de 20 de febrero, reguladora de la protecci\u00f3n de las personas que informen sobre infracciones normativas y de lucha contra la corrupci\u00f3n.<br \/>\u00a0<br \/>El tratamiento de sus datos personales es estrictamente necesario para gestionar el canal \u00c9tico y dar cumplimiento a las mencionadas obligaciones legales.<\/p>\t\t\t\t\t\t\t\t<\/div>\n\t\t\t\t<\/div>\n\t\t\t\t\t<\/div>\n\t\t\t\t<\/div>\n\t\t<div class=\"elementor-element elementor-element-bdbd0a7 e-flex e-con-boxed e-con e-parent\" data-id=\"bdbd0a7\" data-element_type=\"container\" data-e-type=\"container\">\n\t\t\t\t\t<div class=\"e-con-inner\">\n\t\t\t\t<div class=\"elementor-element elementor-element-da1d0c7 elementor-widget elementor-widget-text-editor\" data-id=\"da1d0c7\" data-element_type=\"widget\" data-e-type=\"widget\" data-widget_type=\"text-editor.default\">\n\t\t\t\t<div class=\"elementor-widget-container\">\n\t\t\t\t\t\t\t\t\t<p><strong>\u00bfPOR CU\u00c1NTO TIEMPO CONSERVAREMOS SUS DATOS?<\/strong><\/p><p>Los datos que sean objeto de tratamiento se conservar\u00e1n en el sistema de informaci\u00f3n durante el tiempo imprescindible para decidir sobre la procedencia de iniciar una investigaci\u00f3n sobre los hechos informados, as\u00ed como para evidenciar el correcto funcionamiento del sistema.<br \/>\u00a0<br \/>No obstante, se atender\u00e1 en todo caso a los plazos dispuestos en la Ley 2\/2023, de 20 de febrero, reguladora de la protecci\u00f3n de las personas que informen sobre infracciones normativas y de lucha contra la corrupci\u00f3n.<\/p>\t\t\t\t\t\t\t\t<\/div>\n\t\t\t\t<\/div>\n\t\t\t\t\t<\/div>\n\t\t\t\t<\/div>\n\t\t<div class=\"elementor-element elementor-element-a1e4ced e-flex e-con-boxed e-con e-parent\" data-id=\"a1e4ced\" data-element_type=\"container\" data-e-type=\"container\">\n\t\t\t\t\t<div class=\"e-con-inner\">\n\t\t\t\t<div class=\"elementor-element elementor-element-0ffb957 elementor-widget elementor-widget-text-editor\" data-id=\"0ffb957\" data-element_type=\"widget\" data-e-type=\"widget\" data-widget_type=\"text-editor.default\">\n\t\t\t\t<div class=\"elementor-widget-container\">\n\t\t\t\t\t\t\t\t\t<p><strong>\u00bfA QU\u00c9 DESTINATARIOS SE COMUNICAR\u00c1N SUS DATOS?<\/strong><\/p><p>Sus datos ser\u00e1n tratados por nuestro proveedor, Formalize ApS, como encargado del tratamiento, en calidad de proveedor de la plataforma de gesti\u00f3n de denuncias. Formalize ApS actuar\u00e1 conforme a las instrucciones de la Compa\u00f1\u00eda y en el marco del contrato de encargo de tratamiento suscrito entre ambas partes.<\/p><p>Adicionalmente, los datos podr\u00edan comunicarse a otros destinatarios cuando resulte necesario en el marco de la investigaci\u00f3n de unos hechos concretos, tales como investigadores \/ detectives privados y asesores externos, as\u00ed como a abogados y procuradores para la tramitaci\u00f3n de los procedimientos sancionadores o penales que, en su caso, procedan.<\/p><p>Los datos tambi\u00e9n podr\u00e1n ser comunicados al Ministerio Fiscal, fuerzas y cuerpos de seguridad, as\u00ed como a autoridades judiciales y\/o administrativas cuando resulte pertinente y\/o necesario.<\/p>\t\t\t\t\t\t\t\t<\/div>\n\t\t\t\t<\/div>\n\t\t\t\t\t<\/div>\n\t\t\t\t<\/div>\n\t\t<div class=\"elementor-element elementor-element-0434727 e-flex e-con-boxed e-con e-parent\" data-id=\"0434727\" data-element_type=\"container\" data-e-type=\"container\">\n\t\t\t\t\t<div class=\"e-con-inner\">\n\t\t\t\t<div class=\"elementor-element elementor-element-4ea220f elementor-widget elementor-widget-text-editor\" data-id=\"4ea220f\" data-element_type=\"widget\" data-e-type=\"widget\" data-widget_type=\"text-editor.default\">\n\t\t\t\t<div class=\"elementor-widget-container\">\n\t\t\t\t\t\t\t\t\t<p><strong>\u00bfCU\u00c1LES SON SUS DERECHOS?<\/strong><\/p>\n<div id=\"container\">\n<section id=\"content\" role=\"main\">\n<article id=\"post-109627\" class=\"post-109627 page type-page status-publish hentry\">\n<section class=\"entry-content\">\n<div class=\"content\">\n<div class=\"center\">\n<p>Puede solicitar a la Compa\u00f1\u00eda confirmaci\u00f3n sobre si sus datos personales est\u00e1n siendo tratados en el marco de la gesti\u00f3n del Canal \u00e9tico y, en caso afirmativo, acceder y solicitar una copia de los mismos. Asimismo, puede solicitar la rectificaci\u00f3n de los datos inexactos o, en su caso, solicitar su supresi\u00f3n cuando, entre otros motivos, los datos ya no sean necesarios para los fines para los que se recogieron.<br \/>\u00a0<br \/>Tenga en cuenta que en todo caso se excluir\u00e1 del derecho de acceso la identidad de cualquier persona informante u otros terceros implicados. Tambi\u00e9n podr\u00e1 limitarse el ejercicio del derecho de acceso cuando pueda poner en peligro o incidir, directa o indirectamente, en el curso de una investigaci\u00f3n.<br \/>\u00a0<br \/>En caso de que la persona a la que se refieran los hechos relatados en la comunicaci\u00f3n o a la que se refiera la revelaci\u00f3n p\u00fablica ejerciese el derecho de oposici\u00f3n, se presumir\u00e1 que, salvo prueba en contrario, existen motivos leg\u00edtimos imperiosos que legitiman el tratamiento de sus datos personales.<br \/>\u00a0<br \/>Para ejercitar los citados derechos, deber\u00e1 dirigir una comunicaci\u00f3n escrita o electr\u00f3nica las direcciones de contacto facilitadas en el primer ep\u00edgrafe de esta pol\u00edtica.<br \/>\u00a0<br \/>Por \u00faltimo, se le informa de su derecho a presentar una reclamaci\u00f3n ante la Agencia Espa\u00f1ola de Protecci\u00f3n de Datos.<\/p>\n<\/div>\n<\/div>\n<\/section>\n<\/article>\n<\/section>\n<\/div>\t\t\t\t\t\t\t\t<\/div>\n\t\t\t\t<\/div>\n\t\t\t\t\t<\/div>\n\t\t\t\t<\/div>\n\t\t\t\t<\/div>\n\t\t","protected":false},"excerpt":{"rendered":"<p>POL\u00cdTICA DE PRIVACIDAD CANAL \u00c9TICO \u00bfQUI\u00c9N EL RESPONSABLE DE TRATAMIENTO DE SUS DATOS? Identidad: CLECE, S.A. (en adelante, la \u201cCompa\u00f1\u00eda\u201d) CIF: A80364243 Dir. Postal: Calle de Quintanavides, 19 Bloque 4 \u2013 Planta 1 y 2\u00a0 (28050 \u2013Madrid) Tel\u00e9fono: 91 745 91 00 Delegado de Protecci\u00f3n de datos: Usted puede contactar con el Delegado de Protecci\u00f3n [&hellip;]<\/p>\n","protected":false},"author":2,"featured_media":0,"parent":0,"menu_order":0,"comment_status":"closed","ping_status":"closed","template":"","meta":{"_acf_changed":false,"footnotes":""},"class_list":["post-6596","page","type-page","status-publish","hentry"],"acf":[],"yoast_head":"<!-- This site is optimized with the Yoast SEO plugin v27.3 - https:\/\/yoast.com\/product\/yoast-seo-wordpress\/ -->\n<title>Pol\u00edtica de privacidad del canal \u00e9tico | Clece<\/title>\n<meta name=\"description\" content=\"Conoce nuestra pol\u00edtica de privacidad del Canal \u00c9tico, con estrictas medidas de seguridad y confidencialidad. Conoce c\u00f3mo gestionamos tu informaci\u00f3n.\" \/>\n<meta name=\"robots\" content=\"index, follow, max-snippet:-1, max-image-preview:large, max-video-preview:-1\" \/>\n<link rel=\"canonical\" href=\"https:\/\/clece.es\/es\/politica-de-privacidad-del-canal-etico\/\" \/>\n<meta property=\"og:locale\" content=\"es_ES\" \/>\n<meta property=\"og:type\" content=\"article\" \/>\n<meta property=\"og:title\" content=\"Pol\u00edtica de privacidad del canal \u00e9tico | Clece\" \/>\n<meta property=\"og:description\" content=\"Conoce nuestra pol\u00edtica de privacidad del Canal \u00c9tico, con estrictas medidas de seguridad y confidencialidad. Conoce c\u00f3mo gestionamos tu informaci\u00f3n.\" \/>\n<meta property=\"og:url\" content=\"https:\/\/clece.es\/es\/politica-de-privacidad-del-canal-etico\/\" \/>\n<meta property=\"og:site_name\" content=\"Clece\" \/>\n<meta property=\"article:publisher\" content=\"https:\/\/www.facebook.com\/CleceSociedadAnonima\/\" \/>\n<meta property=\"article:modified_time\" content=\"2025-09-15T14:38:31+00:00\" \/>\n<meta name=\"twitter:card\" content=\"summary_large_image\" \/>\n<meta name=\"twitter:site\" content=\"@Clece_\" \/>\n<meta name=\"twitter:label1\" content=\"Tiempo de lectura\" \/>\n\t<meta name=\"twitter:data1\" content=\"4 minutos\" \/>\n<script type=\"application\/ld+json\" class=\"yoast-schema-graph\">{\"@context\":\"https:\\\/\\\/schema.org\",\"@graph\":[{\"@type\":\"WebPage\",\"@id\":\"https:\\\/\\\/clece.es\\\/es\\\/politica-de-privacidad-del-canal-etico\\\/\",\"url\":\"https:\\\/\\\/clece.es\\\/es\\\/politica-de-privacidad-del-canal-etico\\\/\",\"name\":\"Pol\u00edtica de privacidad del canal \u00e9tico | Clece\",\"isPartOf\":{\"@id\":\"https:\\\/\\\/clece.es\\\/es\\\/#website\"},\"datePublished\":\"2024-10-02T10:52:18+00:00\",\"dateModified\":\"2025-09-15T14:38:31+00:00\",\"description\":\"Conoce nuestra pol\u00edtica de privacidad del Canal \u00c9tico, con estrictas medidas de seguridad y confidencialidad. Conoce c\u00f3mo gestionamos tu informaci\u00f3n.\",\"breadcrumb\":{\"@id\":\"https:\\\/\\\/clece.es\\\/es\\\/politica-de-privacidad-del-canal-etico\\\/#breadcrumb\"},\"inLanguage\":\"es\",\"potentialAction\":[{\"@type\":\"ReadAction\",\"target\":[\"https:\\\/\\\/clece.es\\\/es\\\/politica-de-privacidad-del-canal-etico\\\/\"]}]},{\"@type\":\"BreadcrumbList\",\"@id\":\"https:\\\/\\\/clece.es\\\/es\\\/politica-de-privacidad-del-canal-etico\\\/#breadcrumb\",\"itemListElement\":[{\"@type\":\"ListItem\",\"position\":1,\"name\":\"Portada\",\"item\":\"https:\\\/\\\/clece.es\\\/es\\\/\"},{\"@type\":\"ListItem\",\"position\":2,\"name\":\"Pol\u00edtica de privacidad del Canal \u00c9tico\"}]},{\"@type\":\"WebSite\",\"@id\":\"https:\\\/\\\/clece.es\\\/es\\\/#website\",\"url\":\"https:\\\/\\\/clece.es\\\/es\\\/\",\"name\":\"Clece\",\"description\":\"\",\"publisher\":{\"@id\":\"https:\\\/\\\/clece.es\\\/es\\\/#organization\"},\"potentialAction\":[{\"@type\":\"SearchAction\",\"target\":{\"@type\":\"EntryPoint\",\"urlTemplate\":\"https:\\\/\\\/clece.es\\\/es\\\/?s={search_term_string}\"},\"query-input\":{\"@type\":\"PropertyValueSpecification\",\"valueRequired\":true,\"valueName\":\"search_term_string\"}}],\"inLanguage\":\"es\"},{\"@type\":\"Organization\",\"@id\":\"https:\\\/\\\/clece.es\\\/es\\\/#organization\",\"name\":\"Grupo Clece\",\"url\":\"https:\\\/\\\/clece.es\\\/es\\\/\",\"logo\":{\"@type\":\"ImageObject\",\"inLanguage\":\"es\",\"@id\":\"https:\\\/\\\/clece.es\\\/es\\\/#\\\/schema\\\/logo\\\/image\\\/\",\"url\":\"https:\\\/\\\/sitio2.utopiasl.eu\\\/wp-content\\\/uploads\\\/2024\\\/10\\\/Logotipos_filiales_Clece_logotipo.png\",\"contentUrl\":\"https:\\\/\\\/sitio2.utopiasl.eu\\\/wp-content\\\/uploads\\\/2024\\\/10\\\/Logotipos_filiales_Clece_logotipo.png\",\"width\":5000,\"height\":5000,\"caption\":\"Grupo Clece\"},\"image\":{\"@id\":\"https:\\\/\\\/clece.es\\\/es\\\/#\\\/schema\\\/logo\\\/image\\\/\"},\"sameAs\":[\"https:\\\/\\\/www.facebook.com\\\/CleceSociedadAnonima\\\/\",\"https:\\\/\\\/x.com\\\/Clece_\",\"https:\\\/\\\/www.linkedin.com\\\/company\\\/clece-sa\\\/\"]}]}<\/script>\n<!-- \/ Yoast SEO plugin. -->","yoast_head_json":{"title":"Pol\u00edtica de privacidad del canal \u00e9tico | Clece","description":"Conoce nuestra pol\u00edtica de privacidad del Canal \u00c9tico, con estrictas medidas de seguridad y confidencialidad. Conoce c\u00f3mo gestionamos tu informaci\u00f3n.","robots":{"index":"index","follow":"follow","max-snippet":"max-snippet:-1","max-image-preview":"max-image-preview:large","max-video-preview":"max-video-preview:-1"},"canonical":"https:\/\/clece.es\/es\/politica-de-privacidad-del-canal-etico\/","og_locale":"es_ES","og_type":"article","og_title":"Pol\u00edtica de privacidad del canal \u00e9tico | Clece","og_description":"Conoce nuestra pol\u00edtica de privacidad del Canal \u00c9tico, con estrictas medidas de seguridad y confidencialidad. Conoce c\u00f3mo gestionamos tu informaci\u00f3n.","og_url":"https:\/\/clece.es\/es\/politica-de-privacidad-del-canal-etico\/","og_site_name":"Clece","article_publisher":"https:\/\/www.facebook.com\/CleceSociedadAnonima\/","article_modified_time":"2025-09-15T14:38:31+00:00","twitter_card":"summary_large_image","twitter_site":"@Clece_","twitter_misc":{"Tiempo de lectura":"4 minutos"},"schema":{"@context":"https:\/\/schema.org","@graph":[{"@type":"WebPage","@id":"https:\/\/clece.es\/es\/politica-de-privacidad-del-canal-etico\/","url":"https:\/\/clece.es\/es\/politica-de-privacidad-del-canal-etico\/","name":"Pol\u00edtica de privacidad del canal \u00e9tico | Clece","isPartOf":{"@id":"https:\/\/clece.es\/es\/#website"},"datePublished":"2024-10-02T10:52:18+00:00","dateModified":"2025-09-15T14:38:31+00:00","description":"Conoce nuestra pol\u00edtica de privacidad del Canal \u00c9tico, con estrictas medidas de seguridad y confidencialidad. Conoce c\u00f3mo gestionamos tu informaci\u00f3n.","breadcrumb":{"@id":"https:\/\/clece.es\/es\/politica-de-privacidad-del-canal-etico\/#breadcrumb"},"inLanguage":"es","potentialAction":[{"@type":"ReadAction","target":["https:\/\/clece.es\/es\/politica-de-privacidad-del-canal-etico\/"]}]},{"@type":"BreadcrumbList","@id":"https:\/\/clece.es\/es\/politica-de-privacidad-del-canal-etico\/#breadcrumb","itemListElement":[{"@type":"ListItem","position":1,"name":"Portada","item":"https:\/\/clece.es\/es\/"},{"@type":"ListItem","position":2,"name":"Pol\u00edtica de privacidad del Canal \u00c9tico"}]},{"@type":"WebSite","@id":"https:\/\/clece.es\/es\/#website","url":"https:\/\/clece.es\/es\/","name":"Clece","description":"","publisher":{"@id":"https:\/\/clece.es\/es\/#organization"},"potentialAction":[{"@type":"SearchAction","target":{"@type":"EntryPoint","urlTemplate":"https:\/\/clece.es\/es\/?s={search_term_string}"},"query-input":{"@type":"PropertyValueSpecification","valueRequired":true,"valueName":"search_term_string"}}],"inLanguage":"es"},{"@type":"Organization","@id":"https:\/\/clece.es\/es\/#organization","name":"Grupo Clece","url":"https:\/\/clece.es\/es\/","logo":{"@type":"ImageObject","inLanguage":"es","@id":"https:\/\/clece.es\/es\/#\/schema\/logo\/image\/","url":"https:\/\/sitio2.utopiasl.eu\/wp-content\/uploads\/2024\/10\/Logotipos_filiales_Clece_logotipo.png","contentUrl":"https:\/\/sitio2.utopiasl.eu\/wp-content\/uploads\/2024\/10\/Logotipos_filiales_Clece_logotipo.png","width":5000,"height":5000,"caption":"Grupo Clece"},"image":{"@id":"https:\/\/clece.es\/es\/#\/schema\/logo\/image\/"},"sameAs":["https:\/\/www.facebook.com\/CleceSociedadAnonima\/","https:\/\/x.com\/Clece_","https:\/\/www.linkedin.com\/company\/clece-sa\/"]}]}},"_links":{"self":[{"href":"https:\/\/clece.es\/es\/wp-json\/wp\/v2\/pages\/6596","targetHints":{"allow":["GET"]}}],"collection":[{"href":"https:\/\/clece.es\/es\/wp-json\/wp\/v2\/pages"}],"about":[{"href":"https:\/\/clece.es\/es\/wp-json\/wp\/v2\/types\/page"}],"author":[{"embeddable":true,"href":"https:\/\/clece.es\/es\/wp-json\/wp\/v2\/users\/2"}],"replies":[{"embeddable":true,"href":"https:\/\/clece.es\/es\/wp-json\/wp\/v2\/comments?post=6596"}],"version-history":[{"count":18,"href":"https:\/\/clece.es\/es\/wp-json\/wp\/v2\/pages\/6596\/revisions"}],"predecessor-version":[{"id":149692,"href":"https:\/\/clece.es\/es\/wp-json\/wp\/v2\/pages\/6596\/revisions\/149692"}],"wp:attachment":[{"href":"https:\/\/clece.es\/es\/wp-json\/wp\/v2\/media?parent=6596"}],"curies":[{"name":"wp","href":"https:\/\/api.w.org\/{rel}","templated":true}]}}