{"id":892,"date":"2024-09-23T10:09:11","date_gmt":"2024-09-23T10:09:11","guid":{"rendered":"https:\/\/sitio2.utopiasl.eu\/?page_id=892"},"modified":"2025-01-22T14:50:53","modified_gmt":"2025-01-22T14:50:53","slug":"social","status":"publish","type":"page","link":"https:\/\/clece.es\/es\/sostenibilidad\/social\/","title":{"rendered":"Sostenibilidad social"},"content":{"rendered":"\t\t<div data-elementor-type=\"wp-page\" data-elementor-id=\"892\" class=\"elementor elementor-892\" data-elementor-post-type=\"page\">\n\t\t\t\t<div class=\"elementor-element elementor-element-ad56c40 e-con-full e-flex e-con e-parent\" data-id=\"ad56c40\" data-element_type=\"container\" data-e-type=\"container\" data-settings=\"{&quot;background_background&quot;:&quot;classic&quot;}\">\n\t\t\t\t<\/div>\n\t\t<div class=\"elementor-element elementor-element-5769f7a e-con-full e-flex e-con e-parent\" data-id=\"5769f7a\" data-element_type=\"container\" data-e-type=\"container\" data-settings=\"{&quot;background_background&quot;:&quot;classic&quot;}\">\n\t\t<div class=\"elementor-element elementor-element-a5d4a3b e-con-full e-flex e-con e-child\" data-id=\"a5d4a3b\" data-element_type=\"container\" data-e-type=\"container\" data-settings=\"{&quot;background_background&quot;:&quot;classic&quot;}\">\n\t\t<div class=\"elementor-element elementor-element-fb783a1 e-con-full e-flex e-con e-child\" data-id=\"fb783a1\" data-element_type=\"container\" data-e-type=\"container\">\n\t\t\t\t<div class=\"elementor-element elementor-element-fdf1134 elementor-widget elementor-widget-heading\" data-id=\"fdf1134\" data-element_type=\"widget\" data-e-type=\"widget\" data-widget_type=\"heading.default\">\n\t\t\t\t<div class=\"elementor-widget-container\">\n\t\t\t\t\t<h2 class=\"elementor-heading-title elementor-size-default\"><a href=\"\/sostenibilidad\/\">Sostenibilidad<\/a><\/h2>\t\t\t\t<\/div>\n\t\t\t\t<\/div>\n\t\t\t\t<div class=\"elementor-element elementor-element-8645f10 elementor-widget elementor-widget-heading\" data-id=\"8645f10\" data-element_type=\"widget\" data-e-type=\"widget\" data-widget_type=\"heading.default\">\n\t\t\t\t<div class=\"elementor-widget-container\">\n\t\t\t\t\t<h2 class=\"elementor-heading-title elementor-size-default\">Social<\/h2>\t\t\t\t<\/div>\n\t\t\t\t<\/div>\n\t\t\t\t<\/div>\n\t\t\t\t<div class=\"elementor-element elementor-element-7b93300 elementor-widget elementor-widget-heading\" data-id=\"7b93300\" data-element_type=\"widget\" data-e-type=\"widget\" data-widget_type=\"heading.default\">\n\t\t\t\t<div class=\"elementor-widget-container\">\n\t\t\t\t\t<h2 class=\"elementor-heading-title elementor-size-default\">Por una sociedad m\u00e1s justa e inclusiva<\/h2>\t\t\t\t<\/div>\n\t\t\t\t<\/div>\n\t\t\t\t<div class=\"elementor-element elementor-element-c3a6107 elementor-widget elementor-widget-text-editor\" data-id=\"c3a6107\" data-element_type=\"widget\" data-e-type=\"widget\" data-widget_type=\"text-editor.default\">\n\t\t\t\t<div class=\"elementor-widget-container\">\n\t\t\t\t\t\t\t\t\t<p>En Clece <strong>entendemos el compromiso social como una parte fundamental del progreso sostenible<\/strong> que debe marcar nuestra actividad diaria. Por eso, nos esforzamos por impactar de manera positiva en todas las comunidades con las que interactuamos directa e indirectamente.<\/p><p>En este sentido, no solo cumplimos de manera exhaustiva con todas nuestras obligaciones como empresa en materia de derechos laborales y salud y seguridad en el trabajo, sino que vamos mucho m\u00e1s all\u00e1 con la puesta en marcha de medidas que contribuyen a promover una sociedad m\u00e1s justa, inclusiva e igualitaria. Creemos firmemente en que la igualdad de oportunidades es clave para que nadie se quede atr\u00e1s.<\/p>\t\t\t\t\t\t\t\t<\/div>\n\t\t\t\t<\/div>\n\t\t\t\t<div class=\"elementor-element elementor-element-0f58fa7 elementor-widget elementor-widget-heading\" data-id=\"0f58fa7\" data-element_type=\"widget\" data-e-type=\"widget\" data-widget_type=\"heading.default\">\n\t\t\t\t<div class=\"elementor-widget-container\">\n\t\t\t\t\t<h2 class=\"elementor-heading-title elementor-size-default\">+ del 12%<\/h2>\t\t\t\t<\/div>\n\t\t\t\t<\/div>\n\t\t\t\t<div class=\"elementor-element elementor-element-105f8c3 elementor-widget elementor-widget-heading\" data-id=\"105f8c3\" data-element_type=\"widget\" data-e-type=\"widget\" data-widget_type=\"heading.default\">\n\t\t\t\t<div class=\"elementor-widget-container\">\n\t\t\t\t\t<h2 class=\"elementor-heading-title elementor-size-default\">DE LA PLANTILLA PROCEDE DE\nCOLECTIVOS DESFAVORECIDOS<\/h2>\t\t\t\t<\/div>\n\t\t\t\t<\/div>\n\t\t\t\t<\/div>\n\t\t<div class=\"elementor-element elementor-element-51adebd e-con-full e-flex e-con e-child\" data-id=\"51adebd\" data-element_type=\"container\" data-e-type=\"container\" data-settings=\"{&quot;background_background&quot;:&quot;classic&quot;}\">\n\t\t<div class=\"elementor-element elementor-element-96bf51f e-con-full e-flex e-con e-child\" data-id=\"96bf51f\" data-element_type=\"container\" data-e-type=\"container\">\n\t\t<div class=\"elementor-element elementor-element-bae1185 e-con-full e-flex e-con e-child\" data-id=\"bae1185\" data-element_type=\"container\" data-e-type=\"container\">\n\t\t\t\t<div class=\"elementor-element elementor-element-9d86dae elementor-widget elementor-widget-text-editor\" data-id=\"9d86dae\" data-element_type=\"widget\" data-e-type=\"widget\" data-widget_type=\"text-editor.default\">\n\t\t\t\t<div class=\"elementor-widget-container\">\n\t\t\t\t\t\t\t\t\t<p>Desde nuestro nacimiento nos hemos caracterizado por una fuerte vocaci\u00f3n social. Pero, adem\u00e1s, en 2012 decidimos profundizar en este compromiso y tomamos el pulso a la sociedad para saber qu\u00e9 esperaba de una empresa como Clece. <strong>Y fue la propia sociedad, con sus respuestas, la que nos mostr\u00f3 el camino a seguir para afianzar nuestro Proyecto Social.\u00a0<\/strong>Aquel ejercicio de escucha activa corrobor\u00f3 nuestro compromiso de devolver a la sociedad lo que la propia sociedad nos conf\u00eda que hagamos como servidor p\u00fablico.<\/p><p>Desde nuestro papel como prestadores de servicios p\u00fablicos esenciales, sentimos la obligaci\u00f3n de responder a las demandas de la ciudadan\u00eda y atender sus peticiones, entre las que destacan la <strong>dignificaci\u00f3n de las personas trabajadoras que prestan servicios de la Administraci\u00f3n P\u00fablica y la igualdad de oportunidades para las que buscan un empleo.<\/strong><\/p><p>El pilar fundamental de nuestro proyecto social es la <strong>inclusi\u00f3n laboral de personas procedentes de colectivos desfavorecidos: <\/strong><span class=\"ql-color-red\">mujeres que sufren o han sufrido violencia<\/span>, personas con discapacidad y personas en riesgo de exclusi\u00f3n social. Pero este compromiso se traduce tambi\u00e9n en la puesta en pr\u00e1ctica de otras medidas, entre las que destacan:<\/p><ul><li>La aprobaci\u00f3n del Plan de Igualdad de Clece.<\/li><li>Nuestro cat\u00e1logo de medidas de conciliaci\u00f3n y el certificado EFR de la Fundaci\u00f3n M\u00e1sfamilia como Empresa Familiarmente Responsable.<\/li><li>La definici\u00f3n de protocolos contra el acoso laboral y el acoso sexual o por raz\u00f3n de sexo.<\/li><li>La configuraci\u00f3n de mapas de riesgos de vulneraci\u00f3n de derechos humanos en todas nuestras actividades.<\/li><li>El establecimiento de medidas de Prevenci\u00f3n de Riesgos Laborales (PRL) para garantizar la seguridad y salud en el trabajo.<\/li><li>La continua formaci\u00f3n y capacitaci\u00f3n de la plantilla mediante programas de desarrollo profesional.<\/li><li>Nuestra adhesi\u00f3n a la Red Espa\u00f1ola del Pacto Mundial, con la que reconocemos nuestro compromiso con los\u00a010 Principios\u00a0de esta iniciativa, que promueven la\u00a0Responsabilidad Social Empresarial y el desarrollo sostenible en el mundo.<\/li><\/ul>\t\t\t\t\t\t\t\t<\/div>\n\t\t\t\t<\/div>\n\t\t\t\t<div class=\"elementor-element elementor-element-dd599df elementor-widget elementor-widget-heading\" data-id=\"dd599df\" data-element_type=\"widget\" data-e-type=\"widget\" data-widget_type=\"heading.default\">\n\t\t\t\t<div class=\"elementor-widget-container\">\n\t\t\t\t\t<h2 class=\"elementor-heading-title elementor-size-default\">Ejes de actuaci\u00f3n<\/h2>\t\t\t\t<\/div>\n\t\t\t\t<\/div>\n\t\t\t\t<div class=\"elementor-element elementor-element-a48aa59 elementor-widget elementor-widget-text-editor\" data-id=\"a48aa59\" data-element_type=\"widget\" data-e-type=\"widget\" data-widget_type=\"text-editor.default\">\n\t\t\t\t<div class=\"elementor-widget-container\">\n\t\t\t\t\t\t\t\t\t<p>Clece articula sus medidas de sostenibilidad social en torno a dos ejes de actuaci\u00f3n: <strong>Integraci\u00f3n y Sensibilizaci\u00f3n.<\/strong> Las distintas actuaciones que llevamos a cabo en este \u00e1mbito se enmarcan en dichos ejes y buscan aportar beneficios directos e indirectos a diferentes colectivos.<\/p>\t\t\t\t\t\t\t\t<\/div>\n\t\t\t\t<\/div>\n\t\t<div class=\"elementor-element elementor-element-df79cd5 e-con-full e-flex e-con e-child\" data-id=\"df79cd5\" data-element_type=\"container\" data-e-type=\"container\">\n\t\t<div class=\"elementor-element elementor-element-c4d4b6c e-con-full e-flex e-con e-child\" data-id=\"c4d4b6c\" data-element_type=\"container\" data-e-type=\"container\">\n\t\t\t\t<div class=\"elementor-element elementor-element-163a0a1 elementor-widget elementor-widget-heading\" data-id=\"163a0a1\" data-element_type=\"widget\" data-e-type=\"widget\" data-widget_type=\"heading.default\">\n\t\t\t\t<div class=\"elementor-widget-container\">\n\t\t\t\t\t<h2 class=\"elementor-heading-title elementor-size-default\">Integraci\u00f3n<\/h2>\t\t\t\t<\/div>\n\t\t\t\t<\/div>\n\t\t\t\t<div class=\"elementor-element elementor-element-b3a1a4c elementor-widget elementor-widget-text-editor\" data-id=\"b3a1a4c\" data-element_type=\"widget\" data-e-type=\"widget\" data-widget_type=\"text-editor.default\">\n\t\t\t\t<div class=\"elementor-widget-container\">\n\t\t\t\t\t\t\t\t\t<ul><li>Convenios de colaboraci\u00f3n con entidades sociales para la intermediaci\u00f3n de perfiles de personas procedentes de colectivos desfavorecidos.<\/li><li>Acuerdos con administraciones p\u00fablicas para la inclusi\u00f3n laboral de dichos colectivos.<\/li><\/ul>\t\t\t\t\t\t\t\t<\/div>\n\t\t\t\t<\/div>\n\t\t\t\t<\/div>\n\t\t<div class=\"elementor-element elementor-element-6ad6637 e-con-full e-flex e-con e-child\" data-id=\"6ad6637\" data-element_type=\"container\" data-e-type=\"container\">\n\t\t\t\t<div class=\"elementor-element elementor-element-f6921bf elementor-widget elementor-widget-image\" data-id=\"f6921bf\" data-element_type=\"widget\" data-e-type=\"widget\" data-widget_type=\"image.default\">\n\t\t\t\t<div class=\"elementor-widget-container\">\n\t\t\t\t\t\t\t\t\t\t\t\t\t\t\t<img fetchpriority=\"high\" decoding=\"async\" width=\"700\" height=\"700\" src=\"https:\/\/clece.es\/wp-content\/uploads\/2024\/11\/Sostenibilidad_Social_Integracion_350x350px_Clece.jpg\" class=\"attachment-large size-large wp-image-12651\" alt=\"\" srcset=\"https:\/\/clece.es\/wp-content\/uploads\/2024\/11\/Sostenibilidad_Social_Integracion_350x350px_Clece.jpg 700w, https:\/\/clece.es\/wp-content\/uploads\/2024\/11\/Sostenibilidad_Social_Integracion_350x350px_Clece-300x300.jpg 300w, https:\/\/clece.es\/wp-content\/uploads\/2024\/11\/Sostenibilidad_Social_Integracion_350x350px_Clece-150x150.jpg 150w\" sizes=\"(max-width: 700px) 100vw, 700px\" \/>\t\t\t\t\t\t\t\t\t\t\t\t\t\t\t<\/div>\n\t\t\t\t<\/div>\n\t\t\t\t<\/div>\n\t\t\t\t<\/div>\n\t\t<div class=\"elementor-element elementor-element-a102a4e e-con-full e-flex e-con e-child\" data-id=\"a102a4e\" data-element_type=\"container\" data-e-type=\"container\">\n\t\t<div class=\"elementor-element elementor-element-a026361 e-con-full e-flex e-con e-child\" data-id=\"a026361\" data-element_type=\"container\" data-e-type=\"container\">\n\t\t\t\t<div class=\"elementor-element elementor-element-a032d14 elementor-widget elementor-widget-image\" data-id=\"a032d14\" data-element_type=\"widget\" data-e-type=\"widget\" data-widget_type=\"image.default\">\n\t\t\t\t<div class=\"elementor-widget-container\">\n\t\t\t\t\t\t\t\t\t\t\t\t\t\t\t<img decoding=\"async\" width=\"700\" height=\"700\" src=\"https:\/\/clece.es\/wp-content\/uploads\/2024\/11\/Sostenibilidad_Social_Sensibilizacion_350x350px_Clece.jpg\" class=\"attachment-large size-large wp-image-12645\" alt=\"\" srcset=\"https:\/\/clece.es\/wp-content\/uploads\/2024\/11\/Sostenibilidad_Social_Sensibilizacion_350x350px_Clece.jpg 700w, https:\/\/clece.es\/wp-content\/uploads\/2024\/11\/Sostenibilidad_Social_Sensibilizacion_350x350px_Clece-300x300.jpg 300w, https:\/\/clece.es\/wp-content\/uploads\/2024\/11\/Sostenibilidad_Social_Sensibilizacion_350x350px_Clece-150x150.jpg 150w\" sizes=\"(max-width: 700px) 100vw, 700px\" \/>\t\t\t\t\t\t\t\t\t\t\t\t\t\t\t<\/div>\n\t\t\t\t<\/div>\n\t\t\t\t<\/div>\n\t\t<div class=\"elementor-element elementor-element-511546a e-con-full e-flex e-con e-child\" data-id=\"511546a\" data-element_type=\"container\" data-e-type=\"container\">\n\t\t\t\t<div class=\"elementor-element elementor-element-b4a07c8 elementor-widget elementor-widget-heading\" data-id=\"b4a07c8\" data-element_type=\"widget\" data-e-type=\"widget\" data-widget_type=\"heading.default\">\n\t\t\t\t<div class=\"elementor-widget-container\">\n\t\t\t\t\t<h2 class=\"elementor-heading-title elementor-size-default\">Sensibilizaci\u00f3n<\/h2>\t\t\t\t<\/div>\n\t\t\t\t<\/div>\n\t\t\t\t<div class=\"elementor-element elementor-element-8a8a42d elementor-widget elementor-widget-text-editor\" data-id=\"8a8a42d\" data-element_type=\"widget\" data-e-type=\"widget\" data-widget_type=\"text-editor.default\">\n\t\t\t\t<div class=\"elementor-widget-container\">\n\t\t\t\t\t\t\t\t\t<ul><li>Organizaci\u00f3n de foros y coloquios para concienciar sobre los retos que nos ata\u00f1en como sociedad.<\/li><li>Participaci\u00f3n de la plantilla de Clece en campa\u00f1as solidarias relacionadas con distintas causas sociales.<\/li><\/ul>\t\t\t\t\t\t\t\t<\/div>\n\t\t\t\t<\/div>\n\t\t\t\t<\/div>\n\t\t\t\t<\/div>\n\t\t\t\t<\/div>\n\t\t\t\t<\/div>\n\t\t\t\t<\/div>\n\t\t\t\t<\/div>\n\t\t\t\t<\/div>\n\t\t","protected":false},"excerpt":{"rendered":"<p>Sostenibilidad Social Por una sociedad m\u00e1s justa e inclusiva En Clece entendemos el compromiso social como una parte fundamental del progreso sostenible que debe marcar nuestra actividad diaria. Por eso, nos esforzamos por impactar de manera positiva en todas las comunidades con las que interactuamos directa e indirectamente. En este sentido, no solo cumplimos de [&hellip;]<\/p>\n","protected":false},"author":2,"featured_media":0,"parent":75,"menu_order":0,"comment_status":"closed","ping_status":"closed","template":"","meta":{"_acf_changed":false,"footnotes":""},"class_list":["post-892","page","type-page","status-publish","hentry"],"acf":[],"yoast_head":"<!-- This site is optimized with the Yoast SEO plugin v27.3 - https:\/\/yoast.com\/product\/yoast-seo-wordpress\/ -->\n<title>Sostenibilidad social por una sociedad m\u00e1s justa e inclusiva | Clece<\/title>\n<meta name=\"description\" content=\"El compromiso social de Clece es vital para lograr el progreso sostenible que marca nuestra actividad. Fomentamos medidas que contribuyen a promover una sociedad m\u00e1s justa, inclusiva e igualitaria para que nadie se quede atr\u00e1s.\" \/>\n<meta name=\"robots\" content=\"index, follow, max-snippet:-1, max-image-preview:large, max-video-preview:-1\" \/>\n<link rel=\"canonical\" href=\"https:\/\/clece.es\/es\/sostenibilidad\/social\/\" \/>\n<meta property=\"og:locale\" content=\"es_ES\" \/>\n<meta property=\"og:type\" content=\"article\" \/>\n<meta property=\"og:title\" content=\"Sostenibilidad social por una sociedad m\u00e1s justa e inclusiva | Clece\" \/>\n<meta property=\"og:description\" content=\"El compromiso social de Clece es vital para lograr el progreso sostenible que marca nuestra actividad. Fomentamos medidas que contribuyen a promover una sociedad m\u00e1s justa, inclusiva e igualitaria para que nadie se quede atr\u00e1s.\" \/>\n<meta property=\"og:url\" content=\"https:\/\/clece.es\/es\/sostenibilidad\/social\/\" \/>\n<meta property=\"og:site_name\" content=\"Clece\" \/>\n<meta property=\"article:publisher\" content=\"https:\/\/www.facebook.com\/CleceSociedadAnonima\/\" \/>\n<meta property=\"article:modified_time\" content=\"2025-01-22T14:50:53+00:00\" \/>\n<meta property=\"og:image\" content=\"http:\/\/sitio2.utopiasl.eu\/wp-content\/uploads\/2024\/11\/Sostenibilidad_Social_Integracion_350x350px_Clece.jpg\" \/>\n<meta name=\"twitter:card\" content=\"summary_large_image\" \/>\n<meta name=\"twitter:site\" content=\"@Clece_\" \/>\n<meta name=\"twitter:label1\" content=\"Tiempo de lectura\" \/>\n\t<meta name=\"twitter:data1\" content=\"3 minutos\" \/>\n<script type=\"application\/ld+json\" class=\"yoast-schema-graph\">{\"@context\":\"https:\\\/\\\/schema.org\",\"@graph\":[{\"@type\":\"WebPage\",\"@id\":\"https:\\\/\\\/clece.es\\\/es\\\/sostenibilidad\\\/social\\\/\",\"url\":\"https:\\\/\\\/clece.es\\\/es\\\/sostenibilidad\\\/social\\\/\",\"name\":\"Sostenibilidad social por una sociedad m\u00e1s justa e inclusiva | Clece\",\"isPartOf\":{\"@id\":\"https:\\\/\\\/clece.es\\\/es\\\/#website\"},\"primaryImageOfPage\":{\"@id\":\"https:\\\/\\\/clece.es\\\/es\\\/sostenibilidad\\\/social\\\/#primaryimage\"},\"image\":{\"@id\":\"https:\\\/\\\/clece.es\\\/es\\\/sostenibilidad\\\/social\\\/#primaryimage\"},\"thumbnailUrl\":\"http:\\\/\\\/sitio2.utopiasl.eu\\\/wp-content\\\/uploads\\\/2024\\\/11\\\/Sostenibilidad_Social_Integracion_350x350px_Clece.jpg\",\"datePublished\":\"2024-09-23T10:09:11+00:00\",\"dateModified\":\"2025-01-22T14:50:53+00:00\",\"description\":\"El compromiso social de Clece es vital para lograr el progreso sostenible que marca nuestra actividad. Fomentamos medidas que contribuyen a promover una sociedad m\u00e1s justa, inclusiva e igualitaria para que nadie se quede atr\u00e1s.\",\"breadcrumb\":{\"@id\":\"https:\\\/\\\/clece.es\\\/es\\\/sostenibilidad\\\/social\\\/#breadcrumb\"},\"inLanguage\":\"es\",\"potentialAction\":[{\"@type\":\"ReadAction\",\"target\":[\"https:\\\/\\\/clece.es\\\/es\\\/sostenibilidad\\\/social\\\/\"]}]},{\"@type\":\"ImageObject\",\"inLanguage\":\"es\",\"@id\":\"https:\\\/\\\/clece.es\\\/es\\\/sostenibilidad\\\/social\\\/#primaryimage\",\"url\":\"http:\\\/\\\/sitio2.utopiasl.eu\\\/wp-content\\\/uploads\\\/2024\\\/11\\\/Sostenibilidad_Social_Integracion_350x350px_Clece.jpg\",\"contentUrl\":\"http:\\\/\\\/sitio2.utopiasl.eu\\\/wp-content\\\/uploads\\\/2024\\\/11\\\/Sostenibilidad_Social_Integracion_350x350px_Clece.jpg\"},{\"@type\":\"BreadcrumbList\",\"@id\":\"https:\\\/\\\/clece.es\\\/es\\\/sostenibilidad\\\/social\\\/#breadcrumb\",\"itemListElement\":[{\"@type\":\"ListItem\",\"position\":1,\"name\":\"Portada\",\"item\":\"https:\\\/\\\/clece.es\\\/es\\\/\"},{\"@type\":\"ListItem\",\"position\":2,\"name\":\"Sostenibilidad\",\"item\":\"https:\\\/\\\/clece.es\\\/es\\\/sostenibilidad\\\/\"},{\"@type\":\"ListItem\",\"position\":3,\"name\":\"Sostenibilidad social\"}]},{\"@type\":\"WebSite\",\"@id\":\"https:\\\/\\\/clece.es\\\/es\\\/#website\",\"url\":\"https:\\\/\\\/clece.es\\\/es\\\/\",\"name\":\"Clece\",\"description\":\"\",\"publisher\":{\"@id\":\"https:\\\/\\\/clece.es\\\/es\\\/#organization\"},\"potentialAction\":[{\"@type\":\"SearchAction\",\"target\":{\"@type\":\"EntryPoint\",\"urlTemplate\":\"https:\\\/\\\/clece.es\\\/es\\\/?s={search_term_string}\"},\"query-input\":{\"@type\":\"PropertyValueSpecification\",\"valueRequired\":true,\"valueName\":\"search_term_string\"}}],\"inLanguage\":\"es\"},{\"@type\":\"Organization\",\"@id\":\"https:\\\/\\\/clece.es\\\/es\\\/#organization\",\"name\":\"Grupo Clece\",\"url\":\"https:\\\/\\\/clece.es\\\/es\\\/\",\"logo\":{\"@type\":\"ImageObject\",\"inLanguage\":\"es\",\"@id\":\"https:\\\/\\\/clece.es\\\/es\\\/#\\\/schema\\\/logo\\\/image\\\/\",\"url\":\"https:\\\/\\\/sitio2.utopiasl.eu\\\/wp-content\\\/uploads\\\/2024\\\/10\\\/Logotipos_filiales_Clece_logotipo.png\",\"contentUrl\":\"https:\\\/\\\/sitio2.utopiasl.eu\\\/wp-content\\\/uploads\\\/2024\\\/10\\\/Logotipos_filiales_Clece_logotipo.png\",\"width\":5000,\"height\":5000,\"caption\":\"Grupo Clece\"},\"image\":{\"@id\":\"https:\\\/\\\/clece.es\\\/es\\\/#\\\/schema\\\/logo\\\/image\\\/\"},\"sameAs\":[\"https:\\\/\\\/www.facebook.com\\\/CleceSociedadAnonima\\\/\",\"https:\\\/\\\/x.com\\\/Clece_\",\"https:\\\/\\\/www.linkedin.com\\\/company\\\/clece-sa\\\/\"]}]}<\/script>\n<!-- \/ Yoast SEO plugin. -->","yoast_head_json":{"title":"Sostenibilidad social por una sociedad m\u00e1s justa e inclusiva | Clece","description":"El compromiso social de Clece es vital para lograr el progreso sostenible que marca nuestra actividad. Fomentamos medidas que contribuyen a promover una sociedad m\u00e1s justa, inclusiva e igualitaria para que nadie se quede atr\u00e1s.","robots":{"index":"index","follow":"follow","max-snippet":"max-snippet:-1","max-image-preview":"max-image-preview:large","max-video-preview":"max-video-preview:-1"},"canonical":"https:\/\/clece.es\/es\/sostenibilidad\/social\/","og_locale":"es_ES","og_type":"article","og_title":"Sostenibilidad social por una sociedad m\u00e1s justa e inclusiva | Clece","og_description":"El compromiso social de Clece es vital para lograr el progreso sostenible que marca nuestra actividad. Fomentamos medidas que contribuyen a promover una sociedad m\u00e1s justa, inclusiva e igualitaria para que nadie se quede atr\u00e1s.","og_url":"https:\/\/clece.es\/es\/sostenibilidad\/social\/","og_site_name":"Clece","article_publisher":"https:\/\/www.facebook.com\/CleceSociedadAnonima\/","article_modified_time":"2025-01-22T14:50:53+00:00","og_image":[{"url":"http:\/\/sitio2.utopiasl.eu\/wp-content\/uploads\/2024\/11\/Sostenibilidad_Social_Integracion_350x350px_Clece.jpg","type":"","width":"","height":""}],"twitter_card":"summary_large_image","twitter_site":"@Clece_","twitter_misc":{"Tiempo de lectura":"3 minutos"},"schema":{"@context":"https:\/\/schema.org","@graph":[{"@type":"WebPage","@id":"https:\/\/clece.es\/es\/sostenibilidad\/social\/","url":"https:\/\/clece.es\/es\/sostenibilidad\/social\/","name":"Sostenibilidad social por una sociedad m\u00e1s justa e inclusiva | Clece","isPartOf":{"@id":"https:\/\/clece.es\/es\/#website"},"primaryImageOfPage":{"@id":"https:\/\/clece.es\/es\/sostenibilidad\/social\/#primaryimage"},"image":{"@id":"https:\/\/clece.es\/es\/sostenibilidad\/social\/#primaryimage"},"thumbnailUrl":"http:\/\/sitio2.utopiasl.eu\/wp-content\/uploads\/2024\/11\/Sostenibilidad_Social_Integracion_350x350px_Clece.jpg","datePublished":"2024-09-23T10:09:11+00:00","dateModified":"2025-01-22T14:50:53+00:00","description":"El compromiso social de Clece es vital para lograr el progreso sostenible que marca nuestra actividad. Fomentamos medidas que contribuyen a promover una sociedad m\u00e1s justa, inclusiva e igualitaria para que nadie se quede atr\u00e1s.","breadcrumb":{"@id":"https:\/\/clece.es\/es\/sostenibilidad\/social\/#breadcrumb"},"inLanguage":"es","potentialAction":[{"@type":"ReadAction","target":["https:\/\/clece.es\/es\/sostenibilidad\/social\/"]}]},{"@type":"ImageObject","inLanguage":"es","@id":"https:\/\/clece.es\/es\/sostenibilidad\/social\/#primaryimage","url":"http:\/\/sitio2.utopiasl.eu\/wp-content\/uploads\/2024\/11\/Sostenibilidad_Social_Integracion_350x350px_Clece.jpg","contentUrl":"http:\/\/sitio2.utopiasl.eu\/wp-content\/uploads\/2024\/11\/Sostenibilidad_Social_Integracion_350x350px_Clece.jpg"},{"@type":"BreadcrumbList","@id":"https:\/\/clece.es\/es\/sostenibilidad\/social\/#breadcrumb","itemListElement":[{"@type":"ListItem","position":1,"name":"Portada","item":"https:\/\/clece.es\/es\/"},{"@type":"ListItem","position":2,"name":"Sostenibilidad","item":"https:\/\/clece.es\/es\/sostenibilidad\/"},{"@type":"ListItem","position":3,"name":"Sostenibilidad social"}]},{"@type":"WebSite","@id":"https:\/\/clece.es\/es\/#website","url":"https:\/\/clece.es\/es\/","name":"Clece","description":"","publisher":{"@id":"https:\/\/clece.es\/es\/#organization"},"potentialAction":[{"@type":"SearchAction","target":{"@type":"EntryPoint","urlTemplate":"https:\/\/clece.es\/es\/?s={search_term_string}"},"query-input":{"@type":"PropertyValueSpecification","valueRequired":true,"valueName":"search_term_string"}}],"inLanguage":"es"},{"@type":"Organization","@id":"https:\/\/clece.es\/es\/#organization","name":"Grupo Clece","url":"https:\/\/clece.es\/es\/","logo":{"@type":"ImageObject","inLanguage":"es","@id":"https:\/\/clece.es\/es\/#\/schema\/logo\/image\/","url":"https:\/\/sitio2.utopiasl.eu\/wp-content\/uploads\/2024\/10\/Logotipos_filiales_Clece_logotipo.png","contentUrl":"https:\/\/sitio2.utopiasl.eu\/wp-content\/uploads\/2024\/10\/Logotipos_filiales_Clece_logotipo.png","width":5000,"height":5000,"caption":"Grupo Clece"},"image":{"@id":"https:\/\/clece.es\/es\/#\/schema\/logo\/image\/"},"sameAs":["https:\/\/www.facebook.com\/CleceSociedadAnonima\/","https:\/\/x.com\/Clece_","https:\/\/www.linkedin.com\/company\/clece-sa\/"]}]}},"_links":{"self":[{"href":"https:\/\/clece.es\/es\/wp-json\/wp\/v2\/pages\/892","targetHints":{"allow":["GET"]}}],"collection":[{"href":"https:\/\/clece.es\/es\/wp-json\/wp\/v2\/pages"}],"about":[{"href":"https:\/\/clece.es\/es\/wp-json\/wp\/v2\/types\/page"}],"author":[{"embeddable":true,"href":"https:\/\/clece.es\/es\/wp-json\/wp\/v2\/users\/2"}],"replies":[{"embeddable":true,"href":"https:\/\/clece.es\/es\/wp-json\/wp\/v2\/comments?post=892"}],"version-history":[{"count":64,"href":"https:\/\/clece.es\/es\/wp-json\/wp\/v2\/pages\/892\/revisions"}],"predecessor-version":[{"id":146184,"href":"https:\/\/clece.es\/es\/wp-json\/wp\/v2\/pages\/892\/revisions\/146184"}],"up":[{"embeddable":true,"href":"https:\/\/clece.es\/es\/wp-json\/wp\/v2\/pages\/75"}],"wp:attachment":[{"href":"https:\/\/clece.es\/es\/wp-json\/wp\/v2\/media?parent=892"}],"curies":[{"name":"wp","href":"https:\/\/api.w.org\/{rel}","templated":true}]}}