{"id":13106,"date":"2024-10-02T10:52:18","date_gmt":"2024-10-02T10:52:18","guid":{"rendered":"https:\/\/sitio2.utopiasl.eu\/politica-de-privacidad-del-canal-etico\/"},"modified":"2025-09-15T14:42:38","modified_gmt":"2025-09-15T14:42:38","slug":"politica-de-privacidade-do-canal-etico","status":"publish","type":"page","link":"https:\/\/clece.es\/gl\/politica-de-privacidade-do-canal-etico\/","title":{"rendered":"Pol\u00edtica de Privacidade do Canal \u00c9tico"},"content":{"rendered":"\t\t<div data-elementor-type=\"wp-page\" data-elementor-id=\"13106\" class=\"elementor elementor-13106 elementor-6596\" data-elementor-post-type=\"page\">\n\t\t\t\t<div class=\"elementor-element elementor-element-3f4ee76 e-flex e-con-boxed e-con e-parent\" data-id=\"3f4ee76\" data-element_type=\"container\" data-e-type=\"container\">\n\t\t\t\t\t<div class=\"e-con-inner\">\n\t\t\t\t<div class=\"elementor-element elementor-element-8c48e1f elementor-widget elementor-widget-heading\" data-id=\"8c48e1f\" data-element_type=\"widget\" data-e-type=\"widget\" data-widget_type=\"heading.default\">\n\t\t\t\t<div class=\"elementor-widget-container\">\n\t\t\t\t\t<h2 class=\"elementor-heading-title elementor-size-default\">POL\u00cdTICA DE PRIVACIDADE DO CANAL \u00c9TICO<\/h2>\t\t\t\t<\/div>\n\t\t\t\t<\/div>\n\t\t\t\t\t<\/div>\n\t\t\t\t<\/div>\n\t\t<div class=\"elementor-element elementor-element-1b603a0 e-flex e-con-boxed e-con e-parent\" data-id=\"1b603a0\" data-element_type=\"container\" data-e-type=\"container\">\n\t\t\t\t\t<div class=\"e-con-inner\">\n\t\t\t\t<div class=\"elementor-element elementor-element-b1c8707 elementor-widget elementor-widget-text-editor\" data-id=\"b1c8707\" data-element_type=\"widget\" data-e-type=\"widget\" data-widget_type=\"text-editor.default\">\n\t\t\t\t<div class=\"elementor-widget-container\">\n\t\t\t\t\t\t\t\t\t<p><strong>QUEN \u00c9 O RESPONSABLE DO TRATAMENTO DOS SEUS DATOS?<\/strong><\/p>\n<p>Identidade: CLECE, S.A. (adiante, a \u201cCompa\u00f1\u00eda\u201d)<\/p>\n<p>CIF: A80364243<\/p>\n<p>Enderezo Postal: Calle de Quintanavides, 19 Bloque 4 \u2013 Planta 1 y 2 (28050 \u2013Madrid)<\/p>\n<p>Tel\u00e9fono: 91 745 91 00<\/p>\n<p>Delegado de Protecci\u00f3n de datos: Usted pode contactar co Delegado de Protecci\u00f3n de Datos no correo electr\u00f3nico <a href=\"mailto:rgpd-clece@clece.es\">rgpd-clece@clece.es<\/a><\/p>\t\t\t\t\t\t\t\t<\/div>\n\t\t\t\t<\/div>\n\t\t\t\t\t<\/div>\n\t\t\t\t<\/div>\n\t\t<div class=\"elementor-element elementor-element-923aeaf e-flex e-con-boxed e-con e-parent\" data-id=\"923aeaf\" data-element_type=\"container\" data-e-type=\"container\">\n\t\t\t\t\t<div class=\"e-con-inner\">\n\t\t\t\t<div class=\"elementor-element elementor-element-2b104dc elementor-widget elementor-widget-text-editor\" data-id=\"2b104dc\" data-element_type=\"widget\" data-e-type=\"widget\" data-widget_type=\"text-editor.default\">\n\t\t\t\t<div class=\"elementor-widget-container\">\n\t\t\t\t\t\t\t\t\t<p><strong>CON QUE FINALIDADE E BAIXO QUE BASE LEGITIMADORA TRATAMOS OS SEUS DATOS PERSOAIS?<\/strong><\/p>\n<p>Os datos ser\u00e1n tratados coa finalidade de xestionar as informaci\u00f3ns relativas \u00e1 comisi\u00f3n de irregularidades ou infracci\u00f3ns penais e administrativas graves ou moi graves ou actos contrarios \u00e1 \u00e9tica, a legalidade ou as normas corporativas da Compa\u00f1\u00eda e levar a cabo as actuaci\u00f3ns necesarias para a investigaci\u00f3n dos feitos denunciados, inclu\u00eddas, de ser o caso, as medidas disciplinarias ou legais que puideran corresponder.<\/p>\n<p>Os datos ser\u00e1n tratados aplicando a m\u00e1is estrita confidencialidade e non ser\u00e1n utilizados para unha finalidade distinta da indicada. En particular, no caso de identificaci\u00f3n, garantirase a confidencialidade da persoa que informou os feitos \u00e1 Compa\u00f1\u00eda.<\/p>\t\t\t\t\t\t\t\t<\/div>\n\t\t\t\t<\/div>\n\t\t\t\t\t<\/div>\n\t\t\t\t<\/div>\n\t\t<div class=\"elementor-element elementor-element-4b44cf5 e-flex e-con-boxed e-con e-parent\" data-id=\"4b44cf5\" data-element_type=\"container\" data-e-type=\"container\">\n\t\t\t\t\t<div class=\"e-con-inner\">\n\t\t\t\t<div class=\"elementor-element elementor-element-d96a0ab elementor-widget elementor-widget-text-editor\" data-id=\"d96a0ab\" data-element_type=\"widget\" data-e-type=\"widget\" data-widget_type=\"text-editor.default\">\n\t\t\t\t<div class=\"elementor-widget-container\">\n\t\t\t\t\t\t\t\t\t<p><strong>C\u00c1L \u00c9 A LEXITIMACI\u00d3N PARA O TRATAMENTO DOS SEUS DATOS?<\/strong><\/p>\n<p>A base xur\u00eddica do tratamento \u00e9 o cumprimento da obriga legal da Compa\u00f1\u00eda de acordo coa Lei 2\/2023, de 20 de febreiro, reguladora da protecci\u00f3n das persoas que informen sobre infracci\u00f3ns normativas e de loita contra a corrupci\u00f3n.<\/p>\n<p>O tratamento dos seus datos persoais \u00e9 estritamente necesario para xestionar o Canal \u00c9tico e cumprir as obrigas legais mencionadas.<\/p>\t\t\t\t\t\t\t\t<\/div>\n\t\t\t\t<\/div>\n\t\t\t\t\t<\/div>\n\t\t\t\t<\/div>\n\t\t<div class=\"elementor-element elementor-element-bdbd0a7 e-flex e-con-boxed e-con e-parent\" data-id=\"bdbd0a7\" data-element_type=\"container\" data-e-type=\"container\">\n\t\t\t\t\t<div class=\"e-con-inner\">\n\t\t\t\t<div class=\"elementor-element elementor-element-da1d0c7 elementor-widget elementor-widget-text-editor\" data-id=\"da1d0c7\" data-element_type=\"widget\" data-e-type=\"widget\" data-widget_type=\"text-editor.default\">\n\t\t\t\t<div class=\"elementor-widget-container\">\n\t\t\t\t\t\t\t\t\t<p><strong>POR CANTO TEMPO CONSERVAREMOS OS SEUS DATOS?<\/strong><\/p>\n<p>Os datos que sexan tratados conservaranse no sistema de informaci\u00f3n polo tempo imprescindible para decidir sobre a necesidade de iniciar unha investigaci\u00f3n sobre os feitos informados, as\u00ed como para demostrar o correcto funcionamento do sistema.<\/p>\n<p>Non obstante, teranse en conta os prazos establecidos na Lei 2\/2023, de 20 de febreiro, reguladora da protecci\u00f3n das persoas que informen sobre infracci\u00f3ns normativas e de loita contra a corrupci\u00f3n.<\/p>\t\t\t\t\t\t\t\t<\/div>\n\t\t\t\t<\/div>\n\t\t\t\t\t<\/div>\n\t\t\t\t<\/div>\n\t\t<div class=\"elementor-element elementor-element-a1e4ced e-flex e-con-boxed e-con e-parent\" data-id=\"a1e4ced\" data-element_type=\"container\" data-e-type=\"container\">\n\t\t\t\t\t<div class=\"e-con-inner\">\n\t\t\t\t<div class=\"elementor-element elementor-element-0ffb957 elementor-widget elementor-widget-text-editor\" data-id=\"0ffb957\" data-element_type=\"widget\" data-e-type=\"widget\" data-widget_type=\"text-editor.default\">\n\t\t\t\t<div class=\"elementor-widget-container\">\n\t\t\t\t\t\t\t\t\t<p><strong>A QUE DESTINATARIOS COMUNICAREMOS OS SEUS DATOS?<\/strong><\/p><p>Os seus datos ser\u00e1n tratados polo noso provedor, Formalize ApS, como encargado do tratamento, en calidade de provedor da plataforma de xesti\u00f3n de denuncias. Formalize ApS actuar\u00e1 conforme \u00e1s instruci\u00f3ns da Compa\u00f1\u00eda e no marco do contrato de encargo de tratamento subscrito entre ambas partes.<\/p><p>Ademais, os datos poder\u00edan ser comunicados a outros destinatarios cando sexa necesario dentro do marco da investigaci\u00f3n de feitos espec\u00edficos, como investigadores\/detectives privados e asesores externos, as\u00ed como avogados e procuradores para a tramitaci\u00f3n de procedementos sancionadores ou penais, se for o caso.<\/p><p>Os datos tam\u00e9n poder\u00e1n ser comunicados ao Ministerio Fiscal, forzas e corpos de seguridade, as\u00ed como a autoridades xudiciais e\/ou administrativas cando sexa pertinente e\/ou necesario.<\/p>\t\t\t\t\t\t\t\t<\/div>\n\t\t\t\t<\/div>\n\t\t\t\t\t<\/div>\n\t\t\t\t<\/div>\n\t\t<div class=\"elementor-element elementor-element-0434727 e-flex e-con-boxed e-con e-parent\" data-id=\"0434727\" data-element_type=\"container\" data-e-type=\"container\">\n\t\t\t\t\t<div class=\"e-con-inner\">\n\t\t\t\t<div class=\"elementor-element elementor-element-4ea220f elementor-widget elementor-widget-text-editor\" data-id=\"4ea220f\" data-element_type=\"widget\" data-e-type=\"widget\" data-widget_type=\"text-editor.default\">\n\t\t\t\t<div class=\"elementor-widget-container\">\n\t\t\t\t\t\t\t\t\t<p><strong>C\u00c1LES SON OS SEUS DEREITOS?<\/strong><\/p>\n<div id=\"container\">\n<section id=\"content\" role=\"main\">\n<article id=\"post-109627\" class=\"post-109627 page type-page status-publish hentry\">\n<section class=\"entry-content\">\n<div class=\"content\">\n<div class=\"center\">\n<p>Pode solicitar \u00e1 Compa\u00f1\u00eda a confirmaci\u00f3n de se os seus datos persoais est\u00e1n a ser tratados no \u00e1mbito da xesti\u00f3n do Canal \u00c9tico e, de ser afirmativo, acceder a eles e solicitar unha copia dos mesmos. Tam\u00e9n pode solicitar a rectificaci\u00f3n dos datos inexactos ou, de ser o caso, a s\u00faa supresi\u00f3n cando, entre outros motivos, os datos xa non sexan necesarios para os fins polos que foron recollidos.<\/p>\n<p>Te\u00f1a en conta que, en todo caso, exclu\u00edrase o dereito de acceso \u00e1 identidade da persoa informante ou outros terceiros implicados. Tam\u00e9n pode restrinxirse o exercicio do dereito de acceso cando este poida po\u00f1er en perigo ou influ\u00edr, directa ou indirectamente, no curso dunha investigaci\u00f3n.<\/p>\n<p>Se a persoa mencionada nos feitos informados ou na revelaci\u00f3n p\u00fablica exercer o dereito de oposici\u00f3n, presumirase que, salvo proba en contrario, existen motivos lex\u00edtimos e imperiosos que xustifican o tratamento dos seus datos persoais.<\/p>\n<p>Para exercer os mencionados dereitos, deber\u00e1 enviar unha comunicaci\u00f3n por escrito ou electr\u00f3nica \u00e1s direcci\u00f3ns de contacto facilitadas no primeiro ep\u00edgrafe desta pol\u00edtica.<\/p>\n<p>Por \u00faltimo, inform\u00e1molo do seu dereito de presentar unha reclamaci\u00f3n ante a Axencia Espa\u00f1ola de Protecci\u00f3n de Datos.<\/p>\n<\/div>\n<\/div>\n<\/section>\n<\/article>\n<\/section>\n<\/div>\t\t\t\t\t\t\t\t<\/div>\n\t\t\t\t<\/div>\n\t\t\t\t\t<\/div>\n\t\t\t\t<\/div>\n\t\t\t\t<\/div>\n\t\t","protected":false},"excerpt":{"rendered":"<p>POL\u00cdTICA DE PRIVACIDADE DO CANAL \u00c9TICO QUEN \u00c9 O RESPONSABLE DO TRATAMENTO DOS SEUS DATOS? Identidade: CLECE, S.A. (adiante, a \u201cCompa\u00f1\u00eda\u201d) CIF: A80364243 Enderezo Postal: Calle de Quintanavides, 19 Bloque 4 \u2013 Planta 1 y 2 (28050 \u2013Madrid) Tel\u00e9fono: 91 745 91 00 Delegado de Protecci\u00f3n de datos: Usted pode contactar co Delegado de Protecci\u00f3n [&hellip;]<\/p>\n","protected":false},"author":2,"featured_media":0,"parent":0,"menu_order":0,"comment_status":"closed","ping_status":"closed","template":"","meta":{"_acf_changed":false,"footnotes":""},"class_list":["post-13106","page","type-page","status-publish","hentry"],"acf":[],"yoast_head":"<!-- This site is optimized with the Yoast SEO plugin v27.3 - https:\/\/yoast.com\/product\/yoast-seo-wordpress\/ -->\n<title>Pol\u00edtica de Privacidade do Canal \u00c9tico - Clece<\/title>\n<meta name=\"robots\" content=\"index, follow, max-snippet:-1, max-image-preview:large, max-video-preview:-1\" \/>\n<link rel=\"canonical\" href=\"https:\/\/clece.es\/gl\/politica-de-privacidade-do-canal-etico\/\" \/>\n<meta property=\"og:locale\" content=\"gl_ES\" \/>\n<meta property=\"og:type\" content=\"article\" \/>\n<meta property=\"og:title\" content=\"Pol\u00edtica de Privacidade do Canal \u00c9tico - Clece\" \/>\n<meta property=\"og:description\" content=\"POL\u00cdTICA DE PRIVACIDADE DO CANAL \u00c9TICO QUEN \u00c9 O RESPONSABLE DO TRATAMENTO DOS SEUS DATOS? Identidade: CLECE, S.A. (adiante, a \u201cCompa\u00f1\u00eda\u201d) CIF: A80364243 Enderezo Postal: Calle de Quintanavides, 19 Bloque 4 \u2013 Planta 1 y 2 (28050 \u2013Madrid) Tel\u00e9fono: 91 745 91 00 Delegado de Protecci\u00f3n de datos: Usted pode contactar co Delegado de Protecci\u00f3n [&hellip;]\" \/>\n<meta property=\"og:url\" content=\"https:\/\/clece.es\/gl\/politica-de-privacidade-do-canal-etico\/\" \/>\n<meta property=\"og:site_name\" content=\"Clece\" \/>\n<meta property=\"article:publisher\" content=\"https:\/\/www.facebook.com\/CleceSociedadAnonima\/\" \/>\n<meta property=\"article:modified_time\" content=\"2025-09-15T14:42:38+00:00\" \/>\n<meta name=\"twitter:card\" content=\"summary_large_image\" \/>\n<meta name=\"twitter:site\" content=\"@Clece_\" \/>\n<meta name=\"twitter:label1\" content=\"Tempo de lectura\" \/>\n\t<meta name=\"twitter:data1\" content=\"4 minutos\" \/>\n<script type=\"application\/ld+json\" class=\"yoast-schema-graph\">{\"@context\":\"https:\\\/\\\/schema.org\",\"@graph\":[{\"@type\":\"WebPage\",\"@id\":\"https:\\\/\\\/clece.es\\\/gl\\\/politica-de-privacidade-do-canal-etico\\\/\",\"url\":\"https:\\\/\\\/clece.es\\\/gl\\\/politica-de-privacidade-do-canal-etico\\\/\",\"name\":\"Pol\u00edtica de Privacidade do Canal \u00c9tico - Clece\",\"isPartOf\":{\"@id\":\"https:\\\/\\\/clece.es\\\/es\\\/#website\"},\"datePublished\":\"2024-10-02T10:52:18+00:00\",\"dateModified\":\"2025-09-15T14:42:38+00:00\",\"breadcrumb\":{\"@id\":\"https:\\\/\\\/clece.es\\\/gl\\\/politica-de-privacidade-do-canal-etico\\\/#breadcrumb\"},\"inLanguage\":\"gl-ES\",\"potentialAction\":[{\"@type\":\"ReadAction\",\"target\":[\"https:\\\/\\\/clece.es\\\/gl\\\/politica-de-privacidade-do-canal-etico\\\/\"]}]},{\"@type\":\"BreadcrumbList\",\"@id\":\"https:\\\/\\\/clece.es\\\/gl\\\/politica-de-privacidade-do-canal-etico\\\/#breadcrumb\",\"itemListElement\":[{\"@type\":\"ListItem\",\"position\":1,\"name\":\"Portada\",\"item\":\"https:\\\/\\\/clece.es\\\/es\\\/\"},{\"@type\":\"ListItem\",\"position\":2,\"name\":\"Pol\u00edtica de Privacidade do Canal \u00c9tico\"}]},{\"@type\":\"WebSite\",\"@id\":\"https:\\\/\\\/clece.es\\\/es\\\/#website\",\"url\":\"https:\\\/\\\/clece.es\\\/es\\\/\",\"name\":\"Clece\",\"description\":\"\",\"publisher\":{\"@id\":\"https:\\\/\\\/clece.es\\\/es\\\/#organization\"},\"potentialAction\":[{\"@type\":\"SearchAction\",\"target\":{\"@type\":\"EntryPoint\",\"urlTemplate\":\"https:\\\/\\\/clece.es\\\/es\\\/?s={search_term_string}\"},\"query-input\":{\"@type\":\"PropertyValueSpecification\",\"valueRequired\":true,\"valueName\":\"search_term_string\"}}],\"inLanguage\":\"gl-ES\"},{\"@type\":\"Organization\",\"@id\":\"https:\\\/\\\/clece.es\\\/es\\\/#organization\",\"name\":\"Grupo Clece\",\"url\":\"https:\\\/\\\/clece.es\\\/es\\\/\",\"logo\":{\"@type\":\"ImageObject\",\"inLanguage\":\"gl-ES\",\"@id\":\"https:\\\/\\\/clece.es\\\/es\\\/#\\\/schema\\\/logo\\\/image\\\/\",\"url\":\"https:\\\/\\\/sitio2.utopiasl.eu\\\/wp-content\\\/uploads\\\/2024\\\/10\\\/Logotipos_filiales_Clece_logotipo.png\",\"contentUrl\":\"https:\\\/\\\/sitio2.utopiasl.eu\\\/wp-content\\\/uploads\\\/2024\\\/10\\\/Logotipos_filiales_Clece_logotipo.png\",\"width\":5000,\"height\":5000,\"caption\":\"Grupo Clece\"},\"image\":{\"@id\":\"https:\\\/\\\/clece.es\\\/es\\\/#\\\/schema\\\/logo\\\/image\\\/\"},\"sameAs\":[\"https:\\\/\\\/www.facebook.com\\\/CleceSociedadAnonima\\\/\",\"https:\\\/\\\/x.com\\\/Clece_\",\"https:\\\/\\\/www.linkedin.com\\\/company\\\/clece-sa\\\/\"]}]}<\/script>\n<!-- \/ Yoast SEO plugin. -->","yoast_head_json":{"title":"Pol\u00edtica de Privacidade do Canal \u00c9tico - Clece","robots":{"index":"index","follow":"follow","max-snippet":"max-snippet:-1","max-image-preview":"max-image-preview:large","max-video-preview":"max-video-preview:-1"},"canonical":"https:\/\/clece.es\/gl\/politica-de-privacidade-do-canal-etico\/","og_locale":"gl_ES","og_type":"article","og_title":"Pol\u00edtica de Privacidade do Canal \u00c9tico - Clece","og_description":"POL\u00cdTICA DE PRIVACIDADE DO CANAL \u00c9TICO QUEN \u00c9 O RESPONSABLE DO TRATAMENTO DOS SEUS DATOS? Identidade: CLECE, S.A. (adiante, a \u201cCompa\u00f1\u00eda\u201d) CIF: A80364243 Enderezo Postal: Calle de Quintanavides, 19 Bloque 4 \u2013 Planta 1 y 2 (28050 \u2013Madrid) Tel\u00e9fono: 91 745 91 00 Delegado de Protecci\u00f3n de datos: Usted pode contactar co Delegado de Protecci\u00f3n [&hellip;]","og_url":"https:\/\/clece.es\/gl\/politica-de-privacidade-do-canal-etico\/","og_site_name":"Clece","article_publisher":"https:\/\/www.facebook.com\/CleceSociedadAnonima\/","article_modified_time":"2025-09-15T14:42:38+00:00","twitter_card":"summary_large_image","twitter_site":"@Clece_","twitter_misc":{"Tempo de lectura":"4 minutos"},"schema":{"@context":"https:\/\/schema.org","@graph":[{"@type":"WebPage","@id":"https:\/\/clece.es\/gl\/politica-de-privacidade-do-canal-etico\/","url":"https:\/\/clece.es\/gl\/politica-de-privacidade-do-canal-etico\/","name":"Pol\u00edtica de Privacidade do Canal \u00c9tico - Clece","isPartOf":{"@id":"https:\/\/clece.es\/es\/#website"},"datePublished":"2024-10-02T10:52:18+00:00","dateModified":"2025-09-15T14:42:38+00:00","breadcrumb":{"@id":"https:\/\/clece.es\/gl\/politica-de-privacidade-do-canal-etico\/#breadcrumb"},"inLanguage":"gl-ES","potentialAction":[{"@type":"ReadAction","target":["https:\/\/clece.es\/gl\/politica-de-privacidade-do-canal-etico\/"]}]},{"@type":"BreadcrumbList","@id":"https:\/\/clece.es\/gl\/politica-de-privacidade-do-canal-etico\/#breadcrumb","itemListElement":[{"@type":"ListItem","position":1,"name":"Portada","item":"https:\/\/clece.es\/es\/"},{"@type":"ListItem","position":2,"name":"Pol\u00edtica de Privacidade do Canal \u00c9tico"}]},{"@type":"WebSite","@id":"https:\/\/clece.es\/es\/#website","url":"https:\/\/clece.es\/es\/","name":"Clece","description":"","publisher":{"@id":"https:\/\/clece.es\/es\/#organization"},"potentialAction":[{"@type":"SearchAction","target":{"@type":"EntryPoint","urlTemplate":"https:\/\/clece.es\/es\/?s={search_term_string}"},"query-input":{"@type":"PropertyValueSpecification","valueRequired":true,"valueName":"search_term_string"}}],"inLanguage":"gl-ES"},{"@type":"Organization","@id":"https:\/\/clece.es\/es\/#organization","name":"Grupo Clece","url":"https:\/\/clece.es\/es\/","logo":{"@type":"ImageObject","inLanguage":"gl-ES","@id":"https:\/\/clece.es\/es\/#\/schema\/logo\/image\/","url":"https:\/\/sitio2.utopiasl.eu\/wp-content\/uploads\/2024\/10\/Logotipos_filiales_Clece_logotipo.png","contentUrl":"https:\/\/sitio2.utopiasl.eu\/wp-content\/uploads\/2024\/10\/Logotipos_filiales_Clece_logotipo.png","width":5000,"height":5000,"caption":"Grupo Clece"},"image":{"@id":"https:\/\/clece.es\/es\/#\/schema\/logo\/image\/"},"sameAs":["https:\/\/www.facebook.com\/CleceSociedadAnonima\/","https:\/\/x.com\/Clece_","https:\/\/www.linkedin.com\/company\/clece-sa\/"]}]}},"_links":{"self":[{"href":"https:\/\/clece.es\/gl\/wp-json\/wp\/v2\/pages\/13106","targetHints":{"allow":["GET"]}}],"collection":[{"href":"https:\/\/clece.es\/gl\/wp-json\/wp\/v2\/pages"}],"about":[{"href":"https:\/\/clece.es\/gl\/wp-json\/wp\/v2\/types\/page"}],"author":[{"embeddable":true,"href":"https:\/\/clece.es\/gl\/wp-json\/wp\/v2\/users\/2"}],"replies":[{"embeddable":true,"href":"https:\/\/clece.es\/gl\/wp-json\/wp\/v2\/comments?post=13106"}],"version-history":[{"count":10,"href":"https:\/\/clece.es\/gl\/wp-json\/wp\/v2\/pages\/13106\/revisions"}],"predecessor-version":[{"id":149701,"href":"https:\/\/clece.es\/gl\/wp-json\/wp\/v2\/pages\/13106\/revisions\/149701"}],"wp:attachment":[{"href":"https:\/\/clece.es\/gl\/wp-json\/wp\/v2\/media?parent=13106"}],"curies":[{"name":"wp","href":"https:\/\/api.w.org\/{rel}","templated":true}]}}