{"id":13397,"date":"2024-10-30T11:27:33","date_gmt":"2024-10-30T11:27:33","guid":{"rendered":"https:\/\/sitio2.utopiasl.eu\/?page_id=13397"},"modified":"2025-01-22T15:40:25","modified_gmt":"2025-01-22T15:40:25","slug":"informacion-de-proteccion-de-datos-a-provedores","status":"publish","type":"page","link":"https:\/\/clece.es\/gl\/informacion-de-proteccion-de-datos-a-provedores\/","title":{"rendered":"Informaci\u00f3n de protecci\u00f3n de datos a provedores"},"content":{"rendered":"\t\t<div data-elementor-type=\"wp-page\" data-elementor-id=\"13397\" class=\"elementor elementor-13397 elementor-10521\" data-elementor-post-type=\"page\">\n\t\t\t\t<div class=\"elementor-element elementor-element-6785603 e-flex e-con-boxed e-con e-parent\" data-id=\"6785603\" data-element_type=\"container\" data-e-type=\"container\">\n\t\t\t\t\t<div class=\"e-con-inner\">\n\t\t\t\t<div class=\"elementor-element elementor-element-2961585 elementor-widget elementor-widget-heading\" data-id=\"2961585\" data-element_type=\"widget\" data-e-type=\"widget\" data-widget_type=\"heading.default\">\n\t\t\t\t<div class=\"elementor-widget-container\">\n\t\t\t\t\t<h2 class=\"elementor-heading-title elementor-size-default\">INFORMACI\u00d3N DE PROTECI\u00d3N DE DATOS A PROVEDORES<\/h2>\t\t\t\t<\/div>\n\t\t\t\t<\/div>\n\t\t\t\t\t<\/div>\n\t\t\t\t<\/div>\n\t\t<div class=\"elementor-element elementor-element-58e4d17 e-flex e-con-boxed e-con e-parent\" data-id=\"58e4d17\" data-element_type=\"container\" data-e-type=\"container\">\n\t\t\t\t\t<div class=\"e-con-inner\">\n\t\t\t\t<div class=\"elementor-element elementor-element-684347f elementor-widget elementor-widget-text-editor\" data-id=\"684347f\" data-element_type=\"widget\" data-e-type=\"widget\" data-widget_type=\"text-editor.default\">\n\t\t\t\t<div class=\"elementor-widget-container\">\n\t\t\t\t\t\t\t\t\t<p><strong>1. QUEN \u00c9 CORRESPONSABLE DO TRATAMENTO DOS SEUS DATOS?<\/strong><br \/>Clece e as s\u00faas filiais son corresponsables dos tratamentos de datos persoais de contactos de provedores que presten servizos a calquera das nosas entidades.<\/p><p>P\u00f3dese consultar a listaxe actualizada de entidades corresponsables na seguinte <a href=\"\/gl\/clece-e-filiais\/\">ligaz\u00f3n<\/a>.<\/p>\t\t\t\t\t\t\t\t<\/div>\n\t\t\t\t<\/div>\n\t\t\t\t\t<\/div>\n\t\t\t\t<\/div>\n\t\t<div class=\"elementor-element elementor-element-fdd806d e-flex e-con-boxed e-con e-parent\" data-id=\"fdd806d\" data-element_type=\"container\" data-e-type=\"container\">\n\t\t\t\t\t<div class=\"e-con-inner\">\n\t\t\t\t<div class=\"elementor-element elementor-element-a042694 elementor-widget elementor-widget-text-editor\" data-id=\"a042694\" data-element_type=\"widget\" data-e-type=\"widget\" data-widget_type=\"text-editor.default\">\n\t\t\t\t<div class=\"elementor-widget-container\">\n\t\t\t\t\t\t\t\t\t<p><strong>2. CON QUE FINALIDADE E BAIXO QUE BASE LEXITIMADORA TRATAMOS OS SEUS DATOS PERSOAIS?<\/strong><\/p><p>Tratamos os datos persoais do provedor ou das persoas de contacto do provedor para as seguintes finalidades:<\/p><ul><li>Mantemento da relaci\u00f3n comercial<\/li><li>Xesti\u00f3n financeira, econ\u00f3mica, contable e de administraci\u00f3n<\/li><li>Env\u00edos de informaci\u00f3n comercial<\/li><li style=\"padding-bottom: 20px;\">A base que lexitima o tratamento \u00e9 o interese lex\u00edtimo en xestionar e manter a relaci\u00f3n comercial entre as partes.<\/li><\/ul>\t\t\t\t\t\t\t\t<\/div>\n\t\t\t\t<\/div>\n\t\t\t\t\t<\/div>\n\t\t\t\t<\/div>\n\t\t<div class=\"elementor-element elementor-element-a4eedbd e-flex e-con-boxed e-con e-parent\" data-id=\"a4eedbd\" data-element_type=\"container\" data-e-type=\"container\">\n\t\t\t\t\t<div class=\"e-con-inner\">\n\t\t\t\t<div class=\"elementor-element elementor-element-58e1b62 elementor-widget elementor-widget-text-editor\" data-id=\"58e1b62\" data-element_type=\"widget\" data-e-type=\"widget\" data-widget_type=\"text-editor.default\">\n\t\t\t\t<div class=\"elementor-widget-container\">\n\t\t\t\t\t\t\t\t\t<p><strong>3. QUE DATOS PERSOAIS TRATAMOS?<\/strong><\/p><p>Tratamos os datos necesarios para a xesti\u00f3n e mantemento da relaci\u00f3n comercial; normalmente ser\u00e1n datos identificadores, datos profesionais e de contacto profesional. En caso de empresarios individuais, poderemos tratar os seus datos bancarios para a necesaria xesti\u00f3n financeira.<\/p>\t\t\t\t\t\t\t\t<\/div>\n\t\t\t\t<\/div>\n\t\t\t\t\t<\/div>\n\t\t\t\t<\/div>\n\t\t<div class=\"elementor-element elementor-element-26730d3 e-flex e-con-boxed e-con e-parent\" data-id=\"26730d3\" data-element_type=\"container\" data-e-type=\"container\">\n\t\t\t\t\t<div class=\"e-con-inner\">\n\t\t\t\t<div class=\"elementor-element elementor-element-d7fc622 elementor-widget elementor-widget-text-editor\" data-id=\"d7fc622\" data-element_type=\"widget\" data-e-type=\"widget\" data-widget_type=\"text-editor.default\">\n\t\t\t\t<div class=\"elementor-widget-container\">\n\t\t\t\t\t\t\t\t\t<p><strong>4. CANTO TEMPO CONSERVAMOS OS SEUS DATOS?<\/strong><\/p><p>Os datos conservaranse mentres se mante\u00f1a vixente a relaci\u00f3n comercial e, en todo caso, durante un prazo de 6 anos conforme o indicado no artigo 30 do C\u00f3digo de comercio.<\/p>\t\t\t\t\t\t\t\t<\/div>\n\t\t\t\t<\/div>\n\t\t\t\t\t<\/div>\n\t\t\t\t<\/div>\n\t\t<div class=\"elementor-element elementor-element-905d9aa e-flex e-con-boxed e-con e-parent\" data-id=\"905d9aa\" data-element_type=\"container\" data-e-type=\"container\">\n\t\t\t\t\t<div class=\"e-con-inner\">\n\t\t\t\t<div class=\"elementor-element elementor-element-9423982 elementor-widget elementor-widget-text-editor\" data-id=\"9423982\" data-element_type=\"widget\" data-e-type=\"widget\" data-widget_type=\"text-editor.default\">\n\t\t\t\t<div class=\"elementor-widget-container\">\n\t\t\t\t\t\t\t\t\t<p><strong>5. A QUE DESTINATARIOS PODEREMOS COMUNICAR OS SEUS DATOS?<\/strong><\/p><p>Organizaci\u00f3n<\/p><p>Axencia tributaria<\/p><p>Bancos, Caixas de aforro e Caixas rurais<\/p><p>Con car\u00e1cter xeral, os seus datos non ser\u00e1n comunicados a terceiros ag\u00e1s que se derive dunha obriga legal.<\/p>\t\t\t\t\t\t\t\t<\/div>\n\t\t\t\t<\/div>\n\t\t\t\t\t<\/div>\n\t\t\t\t<\/div>\n\t\t<div class=\"elementor-element elementor-element-ca7b4db e-flex e-con-boxed e-con e-parent\" data-id=\"ca7b4db\" data-element_type=\"container\" data-e-type=\"container\">\n\t\t\t\t\t<div class=\"e-con-inner\">\n\t\t\t\t<div class=\"elementor-element elementor-element-59612e2 elementor-widget elementor-widget-text-editor\" data-id=\"59612e2\" data-element_type=\"widget\" data-e-type=\"widget\" data-widget_type=\"text-editor.default\">\n\t\t\t\t<div class=\"elementor-widget-container\">\n\t\t\t\t\t\t\t\t\t<p><strong>6. COMO SE PROTEXEN OS SEUS DATOS PERSOAIS?<\/strong><\/p><p>Compromet\u00e9monos a manter seguros os seus datos persoais, adoptando todas as precauci\u00f3ns razoables para facelo. Implantamos todas as medidas organizativas e t\u00e9cnicas necesarias de acordo coa normativa vixente contra calquera acceso non-autorizado e modificaci\u00f3n, divulgaci\u00f3n, perda ou destruci\u00f3n. Esiximos e impomos contractualmente aos provedores de servizos o mesmo nivel de seguridade.<\/p>\t\t\t\t\t\t\t\t<\/div>\n\t\t\t\t<\/div>\n\t\t\t\t\t<\/div>\n\t\t\t\t<\/div>\n\t\t<div class=\"elementor-element elementor-element-fdabf4e e-flex e-con-boxed e-con e-parent\" data-id=\"fdabf4e\" data-element_type=\"container\" data-e-type=\"container\">\n\t\t\t\t\t<div class=\"e-con-inner\">\n\t\t\t\t<div class=\"elementor-element elementor-element-a87e330 elementor-widget elementor-widget-text-editor\" data-id=\"a87e330\" data-element_type=\"widget\" data-e-type=\"widget\" data-widget_type=\"text-editor.default\">\n\t\t\t\t<div class=\"elementor-widget-container\">\n\t\t\t\t\t\t\t\t\t<p><strong>7. EXERCICIO DE DEREITOS<\/strong><\/p><p>As persoas interesadas te\u00f1en os seguintes dereitos:<\/p><ul><li>Obter confirmaci\u00f3n sobre se estamos a tratar os seus datos persoais.<\/li><li>Obter unha copia dos seus datos persoais.<\/li><li>Rectificaci\u00f3n dos datos inexactos.<\/li><li>Supresi\u00f3n cando, entre outros motivos, os datos xa non sexan necesarios para os fins para os que foron recollidos.<\/li><li>Limitaci\u00f3n do tratamento dos seus datos (nese caso, conservar\u00e9molos unicamente para o exercicio ou a defensa de reclamaci\u00f3ns).<\/li><li style=\"padding-bottom: 30px;\">Oporse ao tratamento dos seus datos, especialmente a recibir comunicaci\u00f3ns comerciais.<\/li><\/ul><p>Pode solicitar o exercicio de dereitos a trav\u00e9s do correo electr\u00f3nico de contacto do Delegado de Protecci\u00f3n de Datos: <a href=\"mailto:rgpd-clece@clece.es\">rgpd-clece@clece.es<\/a><\/p><p>No caso de non obter satisfacci\u00f3n no exercicio dos seus dereitos, pode presentar unha reclamaci\u00f3n na Axencia Espa\u00f1ola de Protecci\u00f3n de Datos.<\/p>\t\t\t\t\t\t\t\t<\/div>\n\t\t\t\t<\/div>\n\t\t\t\t\t<\/div>\n\t\t\t\t<\/div>\n\t\t\t\t<\/div>\n\t\t","protected":false},"excerpt":{"rendered":"<p>INFORMACI\u00d3N DE PROTECI\u00d3N DE DATOS A PROVEDORES 1. QUEN \u00c9 CORRESPONSABLE DO TRATAMENTO DOS SEUS DATOS?Clece e as s\u00faas filiais son corresponsables dos tratamentos de datos persoais de contactos de provedores que presten servizos a calquera das nosas entidades. P\u00f3dese consultar a listaxe actualizada de entidades corresponsables na seguinte ligaz\u00f3n. 2. CON QUE FINALIDADE E [&hellip;]<\/p>\n","protected":false},"author":4,"featured_media":0,"parent":0,"menu_order":0,"comment_status":"closed","ping_status":"closed","template":"","meta":{"_acf_changed":false,"footnotes":""},"class_list":["post-13397","page","type-page","status-publish","hentry"],"acf":[],"yoast_head":"<!-- This site is optimized with the Yoast SEO plugin v27.3 - https:\/\/yoast.com\/product\/yoast-seo-wordpress\/ -->\n<title>Informaci\u00f3n de protecci\u00f3n de datos a provedores - Clece<\/title>\n<meta name=\"robots\" content=\"index, follow, max-snippet:-1, max-image-preview:large, max-video-preview:-1\" \/>\n<link rel=\"canonical\" href=\"https:\/\/clece.es\/es\/politica-de-privacidad-de-proveedores\/\" \/>\n<meta property=\"og:locale\" content=\"gl_ES\" \/>\n<meta property=\"og:type\" content=\"article\" \/>\n<meta property=\"og:title\" content=\"Informaci\u00f3n de protecci\u00f3n de datos a provedores - Clece\" \/>\n<meta property=\"og:description\" content=\"INFORMACI\u00d3N DE PROTECI\u00d3N DE DATOS A PROVEDORES 1. QUEN \u00c9 CORRESPONSABLE DO TRATAMENTO DOS SEUS DATOS?Clece e as s\u00faas filiais son corresponsables dos tratamentos de datos persoais de contactos de provedores que presten servizos a calquera das nosas entidades. P\u00f3dese consultar a listaxe actualizada de entidades corresponsables na seguinte ligaz\u00f3n. 2. CON QUE FINALIDADE E [&hellip;]\" \/>\n<meta property=\"og:url\" content=\"https:\/\/clece.es\/es\/politica-de-privacidad-de-proveedores\/\" \/>\n<meta property=\"og:site_name\" content=\"Clece\" \/>\n<meta property=\"article:publisher\" content=\"https:\/\/www.facebook.com\/CleceSociedadAnonima\/\" \/>\n<meta property=\"article:modified_time\" content=\"2025-01-22T15:40:25+00:00\" \/>\n<meta name=\"twitter:card\" content=\"summary_large_image\" \/>\n<meta name=\"twitter:site\" content=\"@Clece_\" \/>\n<meta name=\"twitter:label1\" content=\"Tempo de lectura\" \/>\n\t<meta name=\"twitter:data1\" content=\"3 minutos\" \/>\n<script type=\"application\/ld+json\" class=\"yoast-schema-graph\">{\"@context\":\"https:\\\/\\\/schema.org\",\"@graph\":[{\"@type\":\"WebPage\",\"@id\":\"https:\\\/\\\/clece.es\\\/es\\\/politica-de-privacidad-de-proveedores\\\/\",\"url\":\"https:\\\/\\\/clece.es\\\/es\\\/politica-de-privacidad-de-proveedores\\\/\",\"name\":\"Informaci\u00f3n de protecci\u00f3n de datos a provedores - Clece\",\"isPartOf\":{\"@id\":\"https:\\\/\\\/clece.es\\\/es\\\/#website\"},\"datePublished\":\"2024-10-30T11:27:33+00:00\",\"dateModified\":\"2025-01-22T15:40:25+00:00\",\"breadcrumb\":{\"@id\":\"https:\\\/\\\/clece.es\\\/es\\\/politica-de-privacidad-de-proveedores\\\/#breadcrumb\"},\"inLanguage\":\"gl-ES\",\"potentialAction\":[{\"@type\":\"ReadAction\",\"target\":[\"https:\\\/\\\/clece.es\\\/es\\\/politica-de-privacidad-de-proveedores\\\/\"]}]},{\"@type\":\"BreadcrumbList\",\"@id\":\"https:\\\/\\\/clece.es\\\/es\\\/politica-de-privacidad-de-proveedores\\\/#breadcrumb\",\"itemListElement\":[{\"@type\":\"ListItem\",\"position\":1,\"name\":\"Portada\",\"item\":\"https:\\\/\\\/clece.es\\\/es\\\/\"},{\"@type\":\"ListItem\",\"position\":2,\"name\":\"Informaci\u00f3n de protecci\u00f3n de datos a provedores\"}]},{\"@type\":\"WebSite\",\"@id\":\"https:\\\/\\\/clece.es\\\/es\\\/#website\",\"url\":\"https:\\\/\\\/clece.es\\\/es\\\/\",\"name\":\"Clece\",\"description\":\"\",\"publisher\":{\"@id\":\"https:\\\/\\\/clece.es\\\/es\\\/#organization\"},\"potentialAction\":[{\"@type\":\"SearchAction\",\"target\":{\"@type\":\"EntryPoint\",\"urlTemplate\":\"https:\\\/\\\/clece.es\\\/es\\\/?s={search_term_string}\"},\"query-input\":{\"@type\":\"PropertyValueSpecification\",\"valueRequired\":true,\"valueName\":\"search_term_string\"}}],\"inLanguage\":\"gl-ES\"},{\"@type\":\"Organization\",\"@id\":\"https:\\\/\\\/clece.es\\\/es\\\/#organization\",\"name\":\"Grupo Clece\",\"url\":\"https:\\\/\\\/clece.es\\\/es\\\/\",\"logo\":{\"@type\":\"ImageObject\",\"inLanguage\":\"gl-ES\",\"@id\":\"https:\\\/\\\/clece.es\\\/es\\\/#\\\/schema\\\/logo\\\/image\\\/\",\"url\":\"https:\\\/\\\/sitio2.utopiasl.eu\\\/wp-content\\\/uploads\\\/2024\\\/10\\\/Logotipos_filiales_Clece_logotipo.png\",\"contentUrl\":\"https:\\\/\\\/sitio2.utopiasl.eu\\\/wp-content\\\/uploads\\\/2024\\\/10\\\/Logotipos_filiales_Clece_logotipo.png\",\"width\":5000,\"height\":5000,\"caption\":\"Grupo Clece\"},\"image\":{\"@id\":\"https:\\\/\\\/clece.es\\\/es\\\/#\\\/schema\\\/logo\\\/image\\\/\"},\"sameAs\":[\"https:\\\/\\\/www.facebook.com\\\/CleceSociedadAnonima\\\/\",\"https:\\\/\\\/x.com\\\/Clece_\",\"https:\\\/\\\/www.linkedin.com\\\/company\\\/clece-sa\\\/\"]}]}<\/script>\n<!-- \/ Yoast SEO plugin. -->","yoast_head_json":{"title":"Informaci\u00f3n de protecci\u00f3n de datos a provedores - Clece","robots":{"index":"index","follow":"follow","max-snippet":"max-snippet:-1","max-image-preview":"max-image-preview:large","max-video-preview":"max-video-preview:-1"},"canonical":"https:\/\/clece.es\/es\/politica-de-privacidad-de-proveedores\/","og_locale":"gl_ES","og_type":"article","og_title":"Informaci\u00f3n de protecci\u00f3n de datos a provedores - Clece","og_description":"INFORMACI\u00d3N DE PROTECI\u00d3N DE DATOS A PROVEDORES 1. QUEN \u00c9 CORRESPONSABLE DO TRATAMENTO DOS SEUS DATOS?Clece e as s\u00faas filiais son corresponsables dos tratamentos de datos persoais de contactos de provedores que presten servizos a calquera das nosas entidades. P\u00f3dese consultar a listaxe actualizada de entidades corresponsables na seguinte ligaz\u00f3n. 2. CON QUE FINALIDADE E [&hellip;]","og_url":"https:\/\/clece.es\/es\/politica-de-privacidad-de-proveedores\/","og_site_name":"Clece","article_publisher":"https:\/\/www.facebook.com\/CleceSociedadAnonima\/","article_modified_time":"2025-01-22T15:40:25+00:00","twitter_card":"summary_large_image","twitter_site":"@Clece_","twitter_misc":{"Tempo de lectura":"3 minutos"},"schema":{"@context":"https:\/\/schema.org","@graph":[{"@type":"WebPage","@id":"https:\/\/clece.es\/es\/politica-de-privacidad-de-proveedores\/","url":"https:\/\/clece.es\/es\/politica-de-privacidad-de-proveedores\/","name":"Informaci\u00f3n de protecci\u00f3n de datos a provedores - Clece","isPartOf":{"@id":"https:\/\/clece.es\/es\/#website"},"datePublished":"2024-10-30T11:27:33+00:00","dateModified":"2025-01-22T15:40:25+00:00","breadcrumb":{"@id":"https:\/\/clece.es\/es\/politica-de-privacidad-de-proveedores\/#breadcrumb"},"inLanguage":"gl-ES","potentialAction":[{"@type":"ReadAction","target":["https:\/\/clece.es\/es\/politica-de-privacidad-de-proveedores\/"]}]},{"@type":"BreadcrumbList","@id":"https:\/\/clece.es\/es\/politica-de-privacidad-de-proveedores\/#breadcrumb","itemListElement":[{"@type":"ListItem","position":1,"name":"Portada","item":"https:\/\/clece.es\/es\/"},{"@type":"ListItem","position":2,"name":"Informaci\u00f3n de protecci\u00f3n de datos a provedores"}]},{"@type":"WebSite","@id":"https:\/\/clece.es\/es\/#website","url":"https:\/\/clece.es\/es\/","name":"Clece","description":"","publisher":{"@id":"https:\/\/clece.es\/es\/#organization"},"potentialAction":[{"@type":"SearchAction","target":{"@type":"EntryPoint","urlTemplate":"https:\/\/clece.es\/es\/?s={search_term_string}"},"query-input":{"@type":"PropertyValueSpecification","valueRequired":true,"valueName":"search_term_string"}}],"inLanguage":"gl-ES"},{"@type":"Organization","@id":"https:\/\/clece.es\/es\/#organization","name":"Grupo Clece","url":"https:\/\/clece.es\/es\/","logo":{"@type":"ImageObject","inLanguage":"gl-ES","@id":"https:\/\/clece.es\/es\/#\/schema\/logo\/image\/","url":"https:\/\/sitio2.utopiasl.eu\/wp-content\/uploads\/2024\/10\/Logotipos_filiales_Clece_logotipo.png","contentUrl":"https:\/\/sitio2.utopiasl.eu\/wp-content\/uploads\/2024\/10\/Logotipos_filiales_Clece_logotipo.png","width":5000,"height":5000,"caption":"Grupo Clece"},"image":{"@id":"https:\/\/clece.es\/es\/#\/schema\/logo\/image\/"},"sameAs":["https:\/\/www.facebook.com\/CleceSociedadAnonima\/","https:\/\/x.com\/Clece_","https:\/\/www.linkedin.com\/company\/clece-sa\/"]}]}},"_links":{"self":[{"href":"https:\/\/clece.es\/gl\/wp-json\/wp\/v2\/pages\/13397","targetHints":{"allow":["GET"]}}],"collection":[{"href":"https:\/\/clece.es\/gl\/wp-json\/wp\/v2\/pages"}],"about":[{"href":"https:\/\/clece.es\/gl\/wp-json\/wp\/v2\/types\/page"}],"author":[{"embeddable":true,"href":"https:\/\/clece.es\/gl\/wp-json\/wp\/v2\/users\/4"}],"replies":[{"embeddable":true,"href":"https:\/\/clece.es\/gl\/wp-json\/wp\/v2\/comments?post=13397"}],"version-history":[{"count":32,"href":"https:\/\/clece.es\/gl\/wp-json\/wp\/v2\/pages\/13397\/revisions"}],"predecessor-version":[{"id":146241,"href":"https:\/\/clece.es\/gl\/wp-json\/wp\/v2\/pages\/13397\/revisions\/146241"}],"wp:attachment":[{"href":"https:\/\/clece.es\/gl\/wp-json\/wp\/v2\/media?parent=13397"}],"curies":[{"name":"wp","href":"https:\/\/api.w.org\/{rel}","templated":true}]}}