{"id":144027,"date":"2024-09-17T10:13:44","date_gmt":"2024-09-17T10:13:44","guid":{"rendered":"https:\/\/sitio2.utopiasl.eu\/?page_id=144027"},"modified":"2025-01-14T16:53:54","modified_gmt":"2025-01-14T16:53:54","slug":"sostibilidade","status":"publish","type":"page","link":"https:\/\/clece.es\/gl\/sostibilidade\/","title":{"rendered":"Sostibilidade"},"content":{"rendered":"\t\t<div data-elementor-type=\"wp-page\" data-elementor-id=\"144027\" class=\"elementor elementor-144027 elementor-75\" data-elementor-post-type=\"page\">\n\t\t\t\t<div class=\"elementor-element elementor-element-977d438 e-con-full e-flex e-con e-parent\" data-id=\"977d438\" data-element_type=\"container\" data-e-type=\"container\" data-settings=\"{&quot;background_background&quot;:&quot;classic&quot;}\">\n\t\t<div class=\"elementor-element elementor-element-e97c184 e-con-full e-flex e-con e-child\" data-id=\"e97c184\" data-element_type=\"container\" data-e-type=\"container\">\n\t\t<div class=\"elementor-element elementor-element-b92cd18 e-con-full e-flex e-con e-child\" data-id=\"b92cd18\" data-element_type=\"container\" data-e-type=\"container\">\n\t\t\t\t<div class=\"elementor-element elementor-element-851253a elementor-widget elementor-widget-heading\" data-id=\"851253a\" data-element_type=\"widget\" data-e-type=\"widget\" data-widget_type=\"heading.default\">\n\t\t\t\t<div class=\"elementor-widget-container\">\n\t\t\t\t\t<h2 class=\"elementor-heading-title elementor-size-default\">Sostibilidade <\/h2>\t\t\t\t<\/div>\n\t\t\t\t<\/div>\n\t\t\t\t<div class=\"elementor-element elementor-element-d8aa17c elementor-widget elementor-widget-heading\" data-id=\"d8aa17c\" data-element_type=\"widget\" data-e-type=\"widget\" data-widget_type=\"heading.default\">\n\t\t\t\t<div class=\"elementor-widget-container\">\n\t\t\t\t\t<h2 class=\"elementor-heading-title elementor-size-default\">Sumamos forzas para impulsar o desenvolvemento sostible<\/h2>\t\t\t\t<\/div>\n\t\t\t\t<\/div>\n\t\t\t\t<div class=\"elementor-element elementor-element-8d25f3a elementor-widget elementor-widget-text-editor\" data-id=\"8d25f3a\" data-element_type=\"widget\" data-e-type=\"widget\" data-widget_type=\"text-editor.default\">\n\t\t\t\t<div class=\"elementor-widget-container\">\n\t\t\t\t\t\t\t\t\t<p>En Clece entendemos o noso compromiso co progreso sostible como un valor inherente \u00e1 cultura corporativa da compa\u00f1\u00eda. Neste sentido, desenvolvemos toda a nosa actividade diaria baixo un modelo de xesti\u00f3n que responde aos criterios de sostibilidade ASG (Ambiental, Social e Gobernanza), o que contrib\u00fae \u00e1 consecuci\u00f3n dos Obxectivos de Desenvolvemento Sostible de Naci\u00f3ns Unidas.<\/p>\t\t\t\t\t\t\t\t<\/div>\n\t\t\t\t<\/div>\n\t\t\t\t<\/div>\n\t\t\t\t<\/div>\n\t\t<div class=\"elementor-element elementor-element-c3fb012 e-con-full e-flex e-con e-child\" data-id=\"c3fb012\" data-element_type=\"container\" data-e-type=\"container\" data-settings=\"{&quot;background_background&quot;:&quot;classic&quot;}\">\n\t\t\t\t<\/div>\n\t\t\t\t<\/div>\n\t\t<div class=\"elementor-element elementor-element-c64cf17 e-grid e-con-boxed e-con e-parent\" data-id=\"c64cf17\" data-element_type=\"container\" data-e-type=\"container\">\n\t\t\t\t\t<div class=\"e-con-inner\">\n\t\t<div class=\"elementor-element elementor-element-77f38e1 e-con-full e-flex e-con e-child\" data-id=\"77f38e1\" data-element_type=\"container\" data-e-type=\"container\" data-settings=\"{&quot;background_background&quot;:&quot;classic&quot;}\">\n\t\t<div class=\"elementor-element elementor-element-3601f10 e-con-full e-flex e-con e-child\" data-id=\"3601f10\" data-element_type=\"container\" data-e-type=\"container\" data-settings=\"{&quot;background_background&quot;:&quot;classic&quot;}\">\n\t\t\t\t<\/div>\n\t\t<div class=\"elementor-element elementor-element-2b6adad e-con-full e-flex e-con e-child\" data-id=\"2b6adad\" data-element_type=\"container\" data-e-type=\"container\">\n\t\t\t\t<div class=\"elementor-element elementor-element-6fec34e elementor-widget elementor-widget-heading\" data-id=\"6fec34e\" data-element_type=\"widget\" data-e-type=\"widget\" data-widget_type=\"heading.default\">\n\t\t\t\t<div class=\"elementor-widget-container\">\n\t\t\t\t\t<h2 class=\"elementor-heading-title elementor-size-default\">Sostibilidade ambiental<\/h2>\t\t\t\t<\/div>\n\t\t\t\t<\/div>\n\t\t\t\t<div class=\"elementor-element elementor-element-f893ffc elementor-widget elementor-widget-button-arrow-widget\" data-id=\"f893ffc\" data-element_type=\"widget\" data-e-type=\"widget\" data-widget_type=\"button-arrow-widget.default\">\n\t\t\t\t<div class=\"elementor-widget-container\">\n\t\t\t\t\t\n        <div class=\"button-arrow-widget-container widget-69dcfcfaee53d\">\n            <a\n                href=\"\/gl\/sostibilidade\/sostibilidade-ambiental\/\"\n                class=\"button-arrow\"\n                href=\"\/gl\/sostibilidade\/sostibilidade-ambiental\/\">\n                <div class=\"btn-icon\">\n                                    <\/div>\n                <span class=\"btn-text\">Ver m\u00e1is<\/span>\n                <div class=\"icon\"><\/div>\n            <\/a>\n        <\/div>\n\n\t\t\t\t<\/div>\n\t\t\t\t<\/div>\n\t\t\t\t<\/div>\n\t\t\t\t<\/div>\n\t\t<div class=\"elementor-element elementor-element-f1d28cf e-con-full e-flex e-con e-child\" data-id=\"f1d28cf\" data-element_type=\"container\" data-e-type=\"container\" data-settings=\"{&quot;background_background&quot;:&quot;classic&quot;}\">\n\t\t<div class=\"elementor-element elementor-element-c0d57d9 e-con-full e-flex e-con e-child\" data-id=\"c0d57d9\" data-element_type=\"container\" data-e-type=\"container\" data-settings=\"{&quot;background_background&quot;:&quot;classic&quot;}\">\n\t\t\t\t<\/div>\n\t\t<div class=\"elementor-element elementor-element-c4f04be e-con-full e-flex e-con e-child\" data-id=\"c4f04be\" data-element_type=\"container\" data-e-type=\"container\">\n\t\t\t\t<div class=\"elementor-element elementor-element-fb8a03f elementor-widget elementor-widget-heading\" data-id=\"fb8a03f\" data-element_type=\"widget\" data-e-type=\"widget\" data-widget_type=\"heading.default\">\n\t\t\t\t<div class=\"elementor-widget-container\">\n\t\t\t\t\t<h2 class=\"elementor-heading-title elementor-size-default\">Sostibilidade social<\/h2>\t\t\t\t<\/div>\n\t\t\t\t<\/div>\n\t\t\t\t<div class=\"elementor-element elementor-element-ef61e7a elementor-widget elementor-widget-button-arrow-widget\" data-id=\"ef61e7a\" data-element_type=\"widget\" data-e-type=\"widget\" data-widget_type=\"button-arrow-widget.default\">\n\t\t\t\t<div class=\"elementor-widget-container\">\n\t\t\t\t\t\n        <div class=\"button-arrow-widget-container widget-69dcfcfaeecc5\">\n            <a\n                href=\"\/gl\/sostibilidade\/sostibilidade-social\/\"\n                class=\"button-arrow\"\n                href=\"\/gl\/sostibilidade\/sostibilidade-social\/\">\n                <div class=\"btn-icon\">\n                                    <\/div>\n                <span class=\"btn-text\">Ver m\u00e1is<\/span>\n                <div class=\"icon\"><\/div>\n            <\/a>\n        <\/div>\n\n\t\t\t\t<\/div>\n\t\t\t\t<\/div>\n\t\t\t\t<\/div>\n\t\t\t\t<\/div>\n\t\t<div class=\"elementor-element elementor-element-873c512 e-con-full e-flex e-con e-child\" data-id=\"873c512\" data-element_type=\"container\" data-e-type=\"container\" data-settings=\"{&quot;background_background&quot;:&quot;classic&quot;}\">\n\t\t<div class=\"elementor-element elementor-element-ac76a58 e-con-full e-flex e-con e-child\" data-id=\"ac76a58\" data-element_type=\"container\" data-e-type=\"container\" data-settings=\"{&quot;background_background&quot;:&quot;classic&quot;}\">\n\t\t\t\t<\/div>\n\t\t<div class=\"elementor-element elementor-element-ca9025c e-con-full e-flex e-con e-child\" data-id=\"ca9025c\" data-element_type=\"container\" data-e-type=\"container\">\n\t\t\t\t<div class=\"elementor-element elementor-element-0d6b56d elementor-widget elementor-widget-heading\" data-id=\"0d6b56d\" data-element_type=\"widget\" data-e-type=\"widget\" data-widget_type=\"heading.default\">\n\t\t\t\t<div class=\"elementor-widget-container\">\n\t\t\t\t\t<h2 class=\"elementor-heading-title elementor-size-default\">Sostibilidade de bo goberno<\/h2>\t\t\t\t<\/div>\n\t\t\t\t<\/div>\n\t\t\t\t<div class=\"elementor-element elementor-element-0fbaa19 elementor-widget elementor-widget-button-arrow-widget\" data-id=\"0fbaa19\" data-element_type=\"widget\" data-e-type=\"widget\" data-widget_type=\"button-arrow-widget.default\">\n\t\t\t\t<div class=\"elementor-widget-container\">\n\t\t\t\t\t\n        <div class=\"button-arrow-widget-container widget-69dcfcfaef58d\">\n            <a\n                href=\"\/gl\/sostibilidade\/sostibilidade-de-bo-goberno\/\"\n                class=\"button-arrow\"\n                href=\"\/gl\/sostibilidade\/sostibilidade-de-bo-goberno\/\">\n                <div class=\"btn-icon\">\n                                    <\/div>\n                <span class=\"btn-text\">Ver m\u00e1is<\/span>\n                <div class=\"icon\"><\/div>\n            <\/a>\n        <\/div>\n\n\t\t\t\t<\/div>\n\t\t\t\t<\/div>\n\t\t\t\t<\/div>\n\t\t\t\t<\/div>\n\t\t\t\t\t<\/div>\n\t\t\t\t<\/div>\n\t\t<div class=\"elementor-element elementor-element-f434230 e-flex e-con-boxed e-con e-parent\" data-id=\"f434230\" data-element_type=\"container\" data-e-type=\"container\" data-settings=\"{&quot;background_background&quot;:&quot;classic&quot;}\">\n\t\t\t\t\t<div class=\"e-con-inner\">\n\t\t\t\t<div class=\"elementor-element elementor-element-72f5619 elementor-widget elementor-widget-heading\" data-id=\"72f5619\" data-element_type=\"widget\" data-e-type=\"widget\" data-widget_type=\"heading.default\">\n\t\t\t\t<div class=\"elementor-widget-container\">\n\t\t\t\t\t<h2 class=\"elementor-heading-title elementor-size-default\">Pol\u00edtica de sostibilidade de Clece<\/h2>\t\t\t\t<\/div>\n\t\t\t\t<\/div>\n\t\t\t\t<div class=\"elementor-element elementor-element-62a5586 elementor-widget elementor-widget-button-arrow-widget\" data-id=\"62a5586\" data-element_type=\"widget\" data-e-type=\"widget\" data-widget_type=\"button-arrow-widget.default\">\n\t\t\t\t<div class=\"elementor-widget-container\">\n\t\t\t\t\t\n        <div class=\"button-arrow-widget-container widget-69dcfcfaefc63\">\n            <a\n                href=\"\/wp-content\/uploads\/2024\/11\/DA-POLITICA-SOSTENIBILIDAD-CLECEF-JL23-V01_-.pdf\"\n                class=\"button-arrow\"\n                href=\"\/wp-content\/uploads\/2024\/11\/DA-POLITICA-SOSTENIBILIDAD-CLECEF-JL23-V01_-.pdf\">\n                <div class=\"btn-icon\">\n                    <svg aria-hidden=\"true\" class=\"e-font-icon-svg e-far-file-alt\" viewBox=\"0 0 384 512\" xmlns=\"http:\/\/www.w3.org\/2000\/svg\"><path d=\"M288 248v28c0 6.6-5.4 12-12 12H108c-6.6 0-12-5.4-12-12v-28c0-6.6 5.4-12 12-12h168c6.6 0 12 5.4 12 12zm-12 72H108c-6.6 0-12 5.4-12 12v28c0 6.6 5.4 12 12 12h168c6.6 0 12-5.4 12-12v-28c0-6.6-5.4-12-12-12zm108-188.1V464c0 26.5-21.5 48-48 48H48c-26.5 0-48-21.5-48-48V48C0 21.5 21.5 0 48 0h204.1C264.8 0 277 5.1 286 14.1L369.9 98c9 8.9 14.1 21.2 14.1 33.9zm-128-80V128h76.1L256 51.9zM336 464V176H232c-13.3 0-24-10.7-24-24V48H48v416h288z\"><\/path><\/svg>                <\/div>\n                <span class=\"btn-text\">Ver pol\u00edtica<\/span>\n                <div class=\"icon\"><\/div>\n            <\/a>\n        <\/div>\n\n\t\t\t\t<\/div>\n\t\t\t\t<\/div>\n\t\t\t\t\t<\/div>\n\t\t\t\t<\/div>\n\t\t\t\t<\/div>\n\t\t","protected":false},"excerpt":{"rendered":"<p>Sostibilidade Sumamos forzas para impulsar o desenvolvemento sostible En Clece entendemos o noso compromiso co progreso sostible como un valor inherente \u00e1 cultura corporativa da compa\u00f1\u00eda. Neste sentido, desenvolvemos toda a nosa actividade diaria baixo un modelo de xesti\u00f3n que responde aos criterios de sostibilidade ASG (Ambiental, Social e Gobernanza), o que contrib\u00fae \u00e1 consecuci\u00f3n [&hellip;]<\/p>\n","protected":false},"author":3,"featured_media":0,"parent":0,"menu_order":0,"comment_status":"closed","ping_status":"closed","template":"","meta":{"_acf_changed":false,"footnotes":""},"class_list":["post-144027","page","type-page","status-publish","hentry"],"acf":[],"yoast_head":"<!-- This site is optimized with the Yoast SEO plugin v27.3 - https:\/\/yoast.com\/product\/yoast-seo-wordpress\/ -->\n<title>Sostibilidade - Clece<\/title>\n<meta name=\"robots\" content=\"index, follow, max-snippet:-1, max-image-preview:large, max-video-preview:-1\" \/>\n<link rel=\"canonical\" href=\"https:\/\/clece.es\/gl\/sostibilidade\/\" \/>\n<meta property=\"og:locale\" content=\"gl_ES\" \/>\n<meta property=\"og:type\" content=\"article\" \/>\n<meta property=\"og:title\" content=\"Sostibilidade - Clece\" \/>\n<meta property=\"og:description\" content=\"Sostibilidade Sumamos forzas para impulsar o desenvolvemento sostible En Clece entendemos o noso compromiso co progreso sostible como un valor inherente \u00e1 cultura corporativa da compa\u00f1\u00eda. Neste sentido, desenvolvemos toda a nosa actividade diaria baixo un modelo de xesti\u00f3n que responde aos criterios de sostibilidade ASG (Ambiental, Social e Gobernanza), o que contrib\u00fae \u00e1 consecuci\u00f3n [&hellip;]\" \/>\n<meta property=\"og:url\" content=\"https:\/\/clece.es\/gl\/sostibilidade\/\" \/>\n<meta property=\"og:site_name\" content=\"Clece\" \/>\n<meta property=\"article:publisher\" content=\"https:\/\/www.facebook.com\/CleceSociedadAnonima\/\" \/>\n<meta property=\"article:modified_time\" content=\"2025-01-14T16:53:54+00:00\" \/>\n<meta name=\"twitter:card\" content=\"summary_large_image\" \/>\n<meta name=\"twitter:site\" content=\"@Clece_\" \/>\n<meta name=\"twitter:label1\" content=\"Tempo de lectura\" \/>\n\t<meta name=\"twitter:data1\" content=\"1 minuto\" \/>\n<script type=\"application\/ld+json\" class=\"yoast-schema-graph\">{\"@context\":\"https:\\\/\\\/schema.org\",\"@graph\":[{\"@type\":\"WebPage\",\"@id\":\"https:\\\/\\\/clece.es\\\/gl\\\/sostibilidade\\\/\",\"url\":\"https:\\\/\\\/clece.es\\\/gl\\\/sostibilidade\\\/\",\"name\":\"Sostibilidade - Clece\",\"isPartOf\":{\"@id\":\"https:\\\/\\\/clece.es\\\/es\\\/#website\"},\"datePublished\":\"2024-09-17T10:13:44+00:00\",\"dateModified\":\"2025-01-14T16:53:54+00:00\",\"breadcrumb\":{\"@id\":\"https:\\\/\\\/clece.es\\\/gl\\\/sostibilidade\\\/#breadcrumb\"},\"inLanguage\":\"gl-ES\",\"potentialAction\":[{\"@type\":\"ReadAction\",\"target\":[\"https:\\\/\\\/clece.es\\\/gl\\\/sostibilidade\\\/\"]}]},{\"@type\":\"BreadcrumbList\",\"@id\":\"https:\\\/\\\/clece.es\\\/gl\\\/sostibilidade\\\/#breadcrumb\",\"itemListElement\":[{\"@type\":\"ListItem\",\"position\":1,\"name\":\"Portada\",\"item\":\"https:\\\/\\\/clece.es\\\/es\\\/\"},{\"@type\":\"ListItem\",\"position\":2,\"name\":\"Sostibilidade\"}]},{\"@type\":\"WebSite\",\"@id\":\"https:\\\/\\\/clece.es\\\/es\\\/#website\",\"url\":\"https:\\\/\\\/clece.es\\\/es\\\/\",\"name\":\"Clece\",\"description\":\"\",\"publisher\":{\"@id\":\"https:\\\/\\\/clece.es\\\/es\\\/#organization\"},\"potentialAction\":[{\"@type\":\"SearchAction\",\"target\":{\"@type\":\"EntryPoint\",\"urlTemplate\":\"https:\\\/\\\/clece.es\\\/es\\\/?s={search_term_string}\"},\"query-input\":{\"@type\":\"PropertyValueSpecification\",\"valueRequired\":true,\"valueName\":\"search_term_string\"}}],\"inLanguage\":\"gl-ES\"},{\"@type\":\"Organization\",\"@id\":\"https:\\\/\\\/clece.es\\\/es\\\/#organization\",\"name\":\"Grupo Clece\",\"url\":\"https:\\\/\\\/clece.es\\\/es\\\/\",\"logo\":{\"@type\":\"ImageObject\",\"inLanguage\":\"gl-ES\",\"@id\":\"https:\\\/\\\/clece.es\\\/es\\\/#\\\/schema\\\/logo\\\/image\\\/\",\"url\":\"https:\\\/\\\/sitio2.utopiasl.eu\\\/wp-content\\\/uploads\\\/2024\\\/10\\\/Logotipos_filiales_Clece_logotipo.png\",\"contentUrl\":\"https:\\\/\\\/sitio2.utopiasl.eu\\\/wp-content\\\/uploads\\\/2024\\\/10\\\/Logotipos_filiales_Clece_logotipo.png\",\"width\":5000,\"height\":5000,\"caption\":\"Grupo Clece\"},\"image\":{\"@id\":\"https:\\\/\\\/clece.es\\\/es\\\/#\\\/schema\\\/logo\\\/image\\\/\"},\"sameAs\":[\"https:\\\/\\\/www.facebook.com\\\/CleceSociedadAnonima\\\/\",\"https:\\\/\\\/x.com\\\/Clece_\",\"https:\\\/\\\/www.linkedin.com\\\/company\\\/clece-sa\\\/\"]}]}<\/script>\n<!-- \/ Yoast SEO plugin. -->","yoast_head_json":{"title":"Sostibilidade - Clece","robots":{"index":"index","follow":"follow","max-snippet":"max-snippet:-1","max-image-preview":"max-image-preview:large","max-video-preview":"max-video-preview:-1"},"canonical":"https:\/\/clece.es\/gl\/sostibilidade\/","og_locale":"gl_ES","og_type":"article","og_title":"Sostibilidade - Clece","og_description":"Sostibilidade Sumamos forzas para impulsar o desenvolvemento sostible En Clece entendemos o noso compromiso co progreso sostible como un valor inherente \u00e1 cultura corporativa da compa\u00f1\u00eda. Neste sentido, desenvolvemos toda a nosa actividade diaria baixo un modelo de xesti\u00f3n que responde aos criterios de sostibilidade ASG (Ambiental, Social e Gobernanza), o que contrib\u00fae \u00e1 consecuci\u00f3n [&hellip;]","og_url":"https:\/\/clece.es\/gl\/sostibilidade\/","og_site_name":"Clece","article_publisher":"https:\/\/www.facebook.com\/CleceSociedadAnonima\/","article_modified_time":"2025-01-14T16:53:54+00:00","twitter_card":"summary_large_image","twitter_site":"@Clece_","twitter_misc":{"Tempo de lectura":"1 minuto"},"schema":{"@context":"https:\/\/schema.org","@graph":[{"@type":"WebPage","@id":"https:\/\/clece.es\/gl\/sostibilidade\/","url":"https:\/\/clece.es\/gl\/sostibilidade\/","name":"Sostibilidade - Clece","isPartOf":{"@id":"https:\/\/clece.es\/es\/#website"},"datePublished":"2024-09-17T10:13:44+00:00","dateModified":"2025-01-14T16:53:54+00:00","breadcrumb":{"@id":"https:\/\/clece.es\/gl\/sostibilidade\/#breadcrumb"},"inLanguage":"gl-ES","potentialAction":[{"@type":"ReadAction","target":["https:\/\/clece.es\/gl\/sostibilidade\/"]}]},{"@type":"BreadcrumbList","@id":"https:\/\/clece.es\/gl\/sostibilidade\/#breadcrumb","itemListElement":[{"@type":"ListItem","position":1,"name":"Portada","item":"https:\/\/clece.es\/es\/"},{"@type":"ListItem","position":2,"name":"Sostibilidade"}]},{"@type":"WebSite","@id":"https:\/\/clece.es\/es\/#website","url":"https:\/\/clece.es\/es\/","name":"Clece","description":"","publisher":{"@id":"https:\/\/clece.es\/es\/#organization"},"potentialAction":[{"@type":"SearchAction","target":{"@type":"EntryPoint","urlTemplate":"https:\/\/clece.es\/es\/?s={search_term_string}"},"query-input":{"@type":"PropertyValueSpecification","valueRequired":true,"valueName":"search_term_string"}}],"inLanguage":"gl-ES"},{"@type":"Organization","@id":"https:\/\/clece.es\/es\/#organization","name":"Grupo Clece","url":"https:\/\/clece.es\/es\/","logo":{"@type":"ImageObject","inLanguage":"gl-ES","@id":"https:\/\/clece.es\/es\/#\/schema\/logo\/image\/","url":"https:\/\/sitio2.utopiasl.eu\/wp-content\/uploads\/2024\/10\/Logotipos_filiales_Clece_logotipo.png","contentUrl":"https:\/\/sitio2.utopiasl.eu\/wp-content\/uploads\/2024\/10\/Logotipos_filiales_Clece_logotipo.png","width":5000,"height":5000,"caption":"Grupo Clece"},"image":{"@id":"https:\/\/clece.es\/es\/#\/schema\/logo\/image\/"},"sameAs":["https:\/\/www.facebook.com\/CleceSociedadAnonima\/","https:\/\/x.com\/Clece_","https:\/\/www.linkedin.com\/company\/clece-sa\/"]}]}},"_links":{"self":[{"href":"https:\/\/clece.es\/gl\/wp-json\/wp\/v2\/pages\/144027","targetHints":{"allow":["GET"]}}],"collection":[{"href":"https:\/\/clece.es\/gl\/wp-json\/wp\/v2\/pages"}],"about":[{"href":"https:\/\/clece.es\/gl\/wp-json\/wp\/v2\/types\/page"}],"author":[{"embeddable":true,"href":"https:\/\/clece.es\/gl\/wp-json\/wp\/v2\/users\/3"}],"replies":[{"embeddable":true,"href":"https:\/\/clece.es\/gl\/wp-json\/wp\/v2\/comments?post=144027"}],"version-history":[{"count":7,"href":"https:\/\/clece.es\/gl\/wp-json\/wp\/v2\/pages\/144027\/revisions"}],"predecessor-version":[{"id":144040,"href":"https:\/\/clece.es\/gl\/wp-json\/wp\/v2\/pages\/144027\/revisions\/144040"}],"wp:attachment":[{"href":"https:\/\/clece.es\/gl\/wp-json\/wp\/v2\/media?parent=144027"}],"curies":[{"name":"wp","href":"https:\/\/api.w.org\/{rel}","templated":true}]}}