{"id":144033,"date":"2024-09-23T10:10:20","date_gmt":"2024-09-23T10:10:20","guid":{"rendered":"https:\/\/sitio2.utopiasl.eu\/?page_id=144033"},"modified":"2025-01-24T10:13:55","modified_gmt":"2025-01-24T10:13:55","slug":"bo-goberno","status":"publish","type":"page","link":"https:\/\/clece.es\/gl\/sostibilidade\/bo-goberno\/","title":{"rendered":"Sostibilidade de bo goberno"},"content":{"rendered":"\t\t<div data-elementor-type=\"wp-page\" data-elementor-id=\"144033\" class=\"elementor elementor-144033 elementor-900\" data-elementor-post-type=\"page\">\n\t\t\t\t<div class=\"elementor-element elementor-element-7dab549 e-con-full e-flex e-con e-parent\" data-id=\"7dab549\" data-element_type=\"container\" data-e-type=\"container\" data-settings=\"{&quot;background_background&quot;:&quot;classic&quot;}\">\n\t\t\t\t<\/div>\n\t\t<div class=\"elementor-element elementor-element-0eaf996 e-con-full e-flex e-con e-parent\" data-id=\"0eaf996\" data-element_type=\"container\" data-e-type=\"container\" data-settings=\"{&quot;background_background&quot;:&quot;classic&quot;}\">\n\t\t<div class=\"elementor-element elementor-element-45ce9b1 e-con-full e-flex e-con e-child\" data-id=\"45ce9b1\" data-element_type=\"container\" data-e-type=\"container\" data-settings=\"{&quot;background_background&quot;:&quot;classic&quot;}\">\n\t\t<div class=\"elementor-element elementor-element-2a0436c e-con-full e-flex e-con e-child\" data-id=\"2a0436c\" data-element_type=\"container\" data-e-type=\"container\">\n\t\t\t\t<div class=\"elementor-element elementor-element-5eaf4e6 elementor-widget elementor-widget-heading\" data-id=\"5eaf4e6\" data-element_type=\"widget\" data-e-type=\"widget\" data-widget_type=\"heading.default\">\n\t\t\t\t<div class=\"elementor-widget-container\">\n\t\t\t\t\t<h2 class=\"elementor-heading-title elementor-size-default\"><a href=\"\/gl\/sostibilidade\/\">Sostibilidade<\/a><\/h2>\t\t\t\t<\/div>\n\t\t\t\t<\/div>\n\t\t\t\t<div class=\"elementor-element elementor-element-00dad6e elementor-widget elementor-widget-heading\" data-id=\"00dad6e\" data-element_type=\"widget\" data-e-type=\"widget\" data-widget_type=\"heading.default\">\n\t\t\t\t<div class=\"elementor-widget-container\">\n\t\t\t\t\t<h2 class=\"elementor-heading-title elementor-size-default\">Bo goberno<\/h2>\t\t\t\t<\/div>\n\t\t\t\t<\/div>\n\t\t\t\t<\/div>\n\t\t\t\t<div class=\"elementor-element elementor-element-77cdd3b elementor-widget elementor-widget-heading\" data-id=\"77cdd3b\" data-element_type=\"widget\" data-e-type=\"widget\" data-widget_type=\"heading.default\">\n\t\t\t\t<div class=\"elementor-widget-container\">\n\t\t\t\t\t<h2 class=\"elementor-heading-title elementor-size-default\">Comprometidos cos m\u00e1is altos valores \u00e9ticos e empresariais\n<\/h2>\t\t\t\t<\/div>\n\t\t\t\t<\/div>\n\t\t\t\t<div class=\"elementor-element elementor-element-4c2b952 elementor-widget elementor-widget-text-editor\" data-id=\"4c2b952\" data-element_type=\"widget\" data-e-type=\"widget\" data-widget_type=\"text-editor.default\">\n\t\t\t\t<div class=\"elementor-widget-container\">\n\t\t\t\t\t\t\t\t\t<p>O bo goberno desempe\u00f1a un papel fundamental en Clece para que o noso modelo de negocio sexa sostible, xa que se encarga de manter unha estrutura adecuada da direcci\u00f3n da compa\u00f1\u00eda, unha \u00e9tica empresarial e de cumprimento irreprochables, unha boa xesti\u00f3n e a m\u00e1xima transparencia.<\/p>\t\t\t\t\t\t\t\t<\/div>\n\t\t\t\t<\/div>\n\t\t\t\t<\/div>\n\t\t<div class=\"elementor-element elementor-element-67a3afe e-con-full e-flex e-con e-child\" data-id=\"67a3afe\" data-element_type=\"container\" data-e-type=\"container\" data-settings=\"{&quot;background_background&quot;:&quot;classic&quot;}\">\n\t\t<div class=\"elementor-element elementor-element-0b7e738 e-con-full e-flex e-con e-child\" data-id=\"0b7e738\" data-element_type=\"container\" data-e-type=\"container\">\n\t\t<div class=\"elementor-element elementor-element-b98eb58 e-grid e-con-full e-con e-child\" data-id=\"b98eb58\" data-element_type=\"container\" data-e-type=\"container\">\n\t\t<div class=\"elementor-element elementor-element-451a4c2 e-con-full e-flex e-con e-child\" data-id=\"451a4c2\" data-element_type=\"container\" data-e-type=\"container\">\n\t\t<div class=\"elementor-element elementor-element-20b92bb e-con-full e-flex e-con e-child\" data-id=\"20b92bb\" data-element_type=\"container\" data-e-type=\"container\" data-settings=\"{&quot;background_background&quot;:&quot;classic&quot;}\">\n\t\t\t\t<\/div>\n\t\t<div class=\"elementor-element elementor-element-fc79c33 e-con-full e-flex e-con e-child\" data-id=\"fc79c33\" data-element_type=\"container\" data-e-type=\"container\" data-settings=\"{&quot;background_background&quot;:&quot;classic&quot;}\">\n\t\t\t\t<div class=\"elementor-element elementor-element-0e3ef1a elementor-widget elementor-widget-heading\" data-id=\"0e3ef1a\" data-element_type=\"widget\" data-e-type=\"widget\" data-widget_type=\"heading.default\">\n\t\t\t\t<div class=\"elementor-widget-container\">\n\t\t\t\t\t<h2 class=\"elementor-heading-title elementor-size-default\">INTEGRIDADE E CONDUTA\n\n<\/h2>\t\t\t\t<\/div>\n\t\t\t\t<\/div>\n\t\t\t\t<\/div>\n\t\t<div class=\"elementor-element elementor-element-7cc2191 e-con-full e-flex e-con e-child\" data-id=\"7cc2191\" data-element_type=\"container\" data-e-type=\"container\" data-settings=\"{&quot;background_background&quot;:&quot;classic&quot;}\">\n\t\t\t\t<div class=\"elementor-element elementor-element-d72c014 elementor-widget elementor-widget-text-editor\" data-id=\"d72c014\" data-element_type=\"widget\" data-e-type=\"widget\" data-widget_type=\"text-editor.default\">\n\t\t\t\t<div class=\"elementor-widget-container\">\n\t\t\t\t\t\t\t\t\t<p>En CLECE apoiamos toda a nosa actividade nunha cultura corporativa que vai al\u00e9n do estrito cumprimento da lei. Tr\u00e1tase dunha maneira de actuar que articula a relaci\u00f3n con todos os nosos grupos de interese, aos que tam\u00e9n esiximos un comportamento irreprensible para contribu\u00edr conxuntamente, e de maneira sostible, ao progreso econ\u00f3mico e social.<\/p>\t\t\t\t\t\t\t\t<\/div>\n\t\t\t\t<\/div>\n\t\t\t\t<div class=\"elementor-element elementor-element-a026e5e elementor-widget elementor-widget-button-arrow-widget\" data-id=\"a026e5e\" data-element_type=\"widget\" data-e-type=\"widget\" data-widget_type=\"button-arrow-widget.default\">\n\t\t\t\t<div class=\"elementor-widget-container\">\n\t\t\t\t\t\n        <div class=\"button-arrow-widget-container widget-69dd0fec24cba\">\n            <a\n                href=\"\/gl\/integridade-e-conduta\/\"\n                class=\"button-arrow\"\n                href=\"\/gl\/integridade-e-conduta\/\">\n                <div class=\"btn-icon\">\n                                    <\/div>\n                <span class=\"btn-text\">Ver m\u00e1is<\/span>\n                <div class=\"icon\"><\/div>\n            <\/a>\n        <\/div>\n\n\t\t\t\t<\/div>\n\t\t\t\t<\/div>\n\t\t\t\t<\/div>\n\t\t\t\t<\/div>\n\t\t\t\t<\/div>\n\t\t\t\t<\/div>\n\t\t\t\t<\/div>\n\t\t\t\t<\/div>\n\t\t\t\t<\/div>\n\t\t","protected":false},"excerpt":{"rendered":"<p>Sostibilidade Bo goberno Comprometidos cos m\u00e1is altos valores \u00e9ticos e empresariais O bo goberno desempe\u00f1a un papel fundamental en Clece para que o noso modelo de negocio sexa sostible, xa que se encarga de manter unha estrutura adecuada da direcci\u00f3n da compa\u00f1\u00eda, unha \u00e9tica empresarial e de cumprimento irreprochables, unha boa xesti\u00f3n e a m\u00e1xima [&hellip;]<\/p>\n","protected":false},"author":3,"featured_media":0,"parent":144027,"menu_order":0,"comment_status":"closed","ping_status":"closed","template":"","meta":{"_acf_changed":false,"footnotes":""},"class_list":["post-144033","page","type-page","status-publish","hentry"],"acf":[],"yoast_head":"<!-- This site is optimized with the Yoast SEO plugin v27.3 - https:\/\/yoast.com\/product\/yoast-seo-wordpress\/ -->\n<title>Sostibilidade de bo goberno, integridade e conduta | Clece<\/title>\n<meta name=\"description\" content=\"A sostibilidade de bo goberno en Clece abrangue o compromiso cos valores \u00e9ticos e empresariais. A nosa cultura corporativa recolle estritas normas de integridade e conduta para toda a organizaci\u00f3n.\" \/>\n<meta name=\"robots\" content=\"index, follow, max-snippet:-1, max-image-preview:large, max-video-preview:-1\" \/>\n<link rel=\"canonical\" href=\"https:\/\/clece.es\/gl\/sostibilidade\/bo-goberno\/\" \/>\n<meta property=\"og:locale\" content=\"gl_ES\" \/>\n<meta property=\"og:type\" content=\"article\" \/>\n<meta property=\"og:title\" content=\"Sostibilidade de bo goberno, integridade e conduta | Clece\" \/>\n<meta property=\"og:description\" content=\"A sostibilidade de bo goberno en Clece abrangue o compromiso cos valores \u00e9ticos e empresariais. A nosa cultura corporativa recolle estritas normas de integridade e conduta para toda a organizaci\u00f3n.\" \/>\n<meta property=\"og:url\" content=\"https:\/\/clece.es\/gl\/sostibilidade\/bo-goberno\/\" \/>\n<meta property=\"og:site_name\" content=\"Clece\" \/>\n<meta property=\"article:publisher\" content=\"https:\/\/www.facebook.com\/CleceSociedadAnonima\/\" \/>\n<meta property=\"article:modified_time\" content=\"2025-01-24T10:13:55+00:00\" \/>\n<meta name=\"twitter:card\" content=\"summary_large_image\" \/>\n<meta name=\"twitter:site\" content=\"@Clece_\" \/>\n<meta name=\"twitter:label1\" content=\"Tempo de lectura\" \/>\n\t<meta name=\"twitter:data1\" content=\"1 minuto\" \/>\n<script type=\"application\/ld+json\" class=\"yoast-schema-graph\">{\"@context\":\"https:\\\/\\\/schema.org\",\"@graph\":[{\"@type\":\"WebPage\",\"@id\":\"https:\\\/\\\/clece.es\\\/gl\\\/sostibilidade\\\/bo-goberno\\\/\",\"url\":\"https:\\\/\\\/clece.es\\\/gl\\\/sostibilidade\\\/bo-goberno\\\/\",\"name\":\"Sostibilidade de bo goberno, integridade e conduta | Clece\",\"isPartOf\":{\"@id\":\"https:\\\/\\\/clece.es\\\/es\\\/#website\"},\"datePublished\":\"2024-09-23T10:10:20+00:00\",\"dateModified\":\"2025-01-24T10:13:55+00:00\",\"description\":\"A sostibilidade de bo goberno en Clece abrangue o compromiso cos valores \u00e9ticos e empresariais. A nosa cultura corporativa recolle estritas normas de integridade e conduta para toda a organizaci\u00f3n.\",\"breadcrumb\":{\"@id\":\"https:\\\/\\\/clece.es\\\/gl\\\/sostibilidade\\\/bo-goberno\\\/#breadcrumb\"},\"inLanguage\":\"gl-ES\",\"potentialAction\":[{\"@type\":\"ReadAction\",\"target\":[\"https:\\\/\\\/clece.es\\\/gl\\\/sostibilidade\\\/bo-goberno\\\/\"]}]},{\"@type\":\"BreadcrumbList\",\"@id\":\"https:\\\/\\\/clece.es\\\/gl\\\/sostibilidade\\\/bo-goberno\\\/#breadcrumb\",\"itemListElement\":[{\"@type\":\"ListItem\",\"position\":1,\"name\":\"Portada\",\"item\":\"https:\\\/\\\/clece.es\\\/es\\\/\"},{\"@type\":\"ListItem\",\"position\":2,\"name\":\"Sostibilidade\",\"item\":\"https:\\\/\\\/clece.es\\\/gl\\\/sostibilidade\\\/\"},{\"@type\":\"ListItem\",\"position\":3,\"name\":\"Sostibilidade de bo goberno\"}]},{\"@type\":\"WebSite\",\"@id\":\"https:\\\/\\\/clece.es\\\/es\\\/#website\",\"url\":\"https:\\\/\\\/clece.es\\\/es\\\/\",\"name\":\"Clece\",\"description\":\"\",\"publisher\":{\"@id\":\"https:\\\/\\\/clece.es\\\/es\\\/#organization\"},\"potentialAction\":[{\"@type\":\"SearchAction\",\"target\":{\"@type\":\"EntryPoint\",\"urlTemplate\":\"https:\\\/\\\/clece.es\\\/es\\\/?s={search_term_string}\"},\"query-input\":{\"@type\":\"PropertyValueSpecification\",\"valueRequired\":true,\"valueName\":\"search_term_string\"}}],\"inLanguage\":\"gl-ES\"},{\"@type\":\"Organization\",\"@id\":\"https:\\\/\\\/clece.es\\\/es\\\/#organization\",\"name\":\"Grupo Clece\",\"url\":\"https:\\\/\\\/clece.es\\\/es\\\/\",\"logo\":{\"@type\":\"ImageObject\",\"inLanguage\":\"gl-ES\",\"@id\":\"https:\\\/\\\/clece.es\\\/es\\\/#\\\/schema\\\/logo\\\/image\\\/\",\"url\":\"https:\\\/\\\/sitio2.utopiasl.eu\\\/wp-content\\\/uploads\\\/2024\\\/10\\\/Logotipos_filiales_Clece_logotipo.png\",\"contentUrl\":\"https:\\\/\\\/sitio2.utopiasl.eu\\\/wp-content\\\/uploads\\\/2024\\\/10\\\/Logotipos_filiales_Clece_logotipo.png\",\"width\":5000,\"height\":5000,\"caption\":\"Grupo Clece\"},\"image\":{\"@id\":\"https:\\\/\\\/clece.es\\\/es\\\/#\\\/schema\\\/logo\\\/image\\\/\"},\"sameAs\":[\"https:\\\/\\\/www.facebook.com\\\/CleceSociedadAnonima\\\/\",\"https:\\\/\\\/x.com\\\/Clece_\",\"https:\\\/\\\/www.linkedin.com\\\/company\\\/clece-sa\\\/\"]}]}<\/script>\n<!-- \/ Yoast SEO plugin. -->","yoast_head_json":{"title":"Sostibilidade de bo goberno, integridade e conduta | Clece","description":"A sostibilidade de bo goberno en Clece abrangue o compromiso cos valores \u00e9ticos e empresariais. A nosa cultura corporativa recolle estritas normas de integridade e conduta para toda a organizaci\u00f3n.","robots":{"index":"index","follow":"follow","max-snippet":"max-snippet:-1","max-image-preview":"max-image-preview:large","max-video-preview":"max-video-preview:-1"},"canonical":"https:\/\/clece.es\/gl\/sostibilidade\/bo-goberno\/","og_locale":"gl_ES","og_type":"article","og_title":"Sostibilidade de bo goberno, integridade e conduta | Clece","og_description":"A sostibilidade de bo goberno en Clece abrangue o compromiso cos valores \u00e9ticos e empresariais. A nosa cultura corporativa recolle estritas normas de integridade e conduta para toda a organizaci\u00f3n.","og_url":"https:\/\/clece.es\/gl\/sostibilidade\/bo-goberno\/","og_site_name":"Clece","article_publisher":"https:\/\/www.facebook.com\/CleceSociedadAnonima\/","article_modified_time":"2025-01-24T10:13:55+00:00","twitter_card":"summary_large_image","twitter_site":"@Clece_","twitter_misc":{"Tempo de lectura":"1 minuto"},"schema":{"@context":"https:\/\/schema.org","@graph":[{"@type":"WebPage","@id":"https:\/\/clece.es\/gl\/sostibilidade\/bo-goberno\/","url":"https:\/\/clece.es\/gl\/sostibilidade\/bo-goberno\/","name":"Sostibilidade de bo goberno, integridade e conduta | Clece","isPartOf":{"@id":"https:\/\/clece.es\/es\/#website"},"datePublished":"2024-09-23T10:10:20+00:00","dateModified":"2025-01-24T10:13:55+00:00","description":"A sostibilidade de bo goberno en Clece abrangue o compromiso cos valores \u00e9ticos e empresariais. A nosa cultura corporativa recolle estritas normas de integridade e conduta para toda a organizaci\u00f3n.","breadcrumb":{"@id":"https:\/\/clece.es\/gl\/sostibilidade\/bo-goberno\/#breadcrumb"},"inLanguage":"gl-ES","potentialAction":[{"@type":"ReadAction","target":["https:\/\/clece.es\/gl\/sostibilidade\/bo-goberno\/"]}]},{"@type":"BreadcrumbList","@id":"https:\/\/clece.es\/gl\/sostibilidade\/bo-goberno\/#breadcrumb","itemListElement":[{"@type":"ListItem","position":1,"name":"Portada","item":"https:\/\/clece.es\/es\/"},{"@type":"ListItem","position":2,"name":"Sostibilidade","item":"https:\/\/clece.es\/gl\/sostibilidade\/"},{"@type":"ListItem","position":3,"name":"Sostibilidade de bo goberno"}]},{"@type":"WebSite","@id":"https:\/\/clece.es\/es\/#website","url":"https:\/\/clece.es\/es\/","name":"Clece","description":"","publisher":{"@id":"https:\/\/clece.es\/es\/#organization"},"potentialAction":[{"@type":"SearchAction","target":{"@type":"EntryPoint","urlTemplate":"https:\/\/clece.es\/es\/?s={search_term_string}"},"query-input":{"@type":"PropertyValueSpecification","valueRequired":true,"valueName":"search_term_string"}}],"inLanguage":"gl-ES"},{"@type":"Organization","@id":"https:\/\/clece.es\/es\/#organization","name":"Grupo Clece","url":"https:\/\/clece.es\/es\/","logo":{"@type":"ImageObject","inLanguage":"gl-ES","@id":"https:\/\/clece.es\/es\/#\/schema\/logo\/image\/","url":"https:\/\/sitio2.utopiasl.eu\/wp-content\/uploads\/2024\/10\/Logotipos_filiales_Clece_logotipo.png","contentUrl":"https:\/\/sitio2.utopiasl.eu\/wp-content\/uploads\/2024\/10\/Logotipos_filiales_Clece_logotipo.png","width":5000,"height":5000,"caption":"Grupo Clece"},"image":{"@id":"https:\/\/clece.es\/es\/#\/schema\/logo\/image\/"},"sameAs":["https:\/\/www.facebook.com\/CleceSociedadAnonima\/","https:\/\/x.com\/Clece_","https:\/\/www.linkedin.com\/company\/clece-sa\/"]}]}},"_links":{"self":[{"href":"https:\/\/clece.es\/gl\/wp-json\/wp\/v2\/pages\/144033","targetHints":{"allow":["GET"]}}],"collection":[{"href":"https:\/\/clece.es\/gl\/wp-json\/wp\/v2\/pages"}],"about":[{"href":"https:\/\/clece.es\/gl\/wp-json\/wp\/v2\/types\/page"}],"author":[{"embeddable":true,"href":"https:\/\/clece.es\/gl\/wp-json\/wp\/v2\/users\/3"}],"replies":[{"embeddable":true,"href":"https:\/\/clece.es\/gl\/wp-json\/wp\/v2\/comments?post=144033"}],"version-history":[{"count":16,"href":"https:\/\/clece.es\/gl\/wp-json\/wp\/v2\/pages\/144033\/revisions"}],"predecessor-version":[{"id":144285,"href":"https:\/\/clece.es\/gl\/wp-json\/wp\/v2\/pages\/144033\/revisions\/144285"}],"up":[{"embeddable":true,"href":"https:\/\/clece.es\/gl\/wp-json\/wp\/v2\/pages\/144027"}],"wp:attachment":[{"href":"https:\/\/clece.es\/gl\/wp-json\/wp\/v2\/media?parent=144033"}],"curies":[{"name":"wp","href":"https:\/\/api.w.org\/{rel}","templated":true}]}}