{"id":144034,"date":"2024-09-23T10:09:11","date_gmt":"2024-09-23T10:09:11","guid":{"rendered":"https:\/\/sitio2.utopiasl.eu\/?page_id=144034"},"modified":"2025-01-24T10:13:11","modified_gmt":"2025-01-24T10:13:11","slug":"social","status":"publish","type":"page","link":"https:\/\/clece.es\/gl\/sostibilidade\/social\/","title":{"rendered":"Sostibilidade social"},"content":{"rendered":"\t\t<div data-elementor-type=\"wp-page\" data-elementor-id=\"144034\" class=\"elementor elementor-144034 elementor-892\" data-elementor-post-type=\"page\">\n\t\t\t\t<div class=\"elementor-element elementor-element-ad56c40 e-con-full e-flex e-con e-parent\" data-id=\"ad56c40\" data-element_type=\"container\" data-e-type=\"container\" data-settings=\"{&quot;background_background&quot;:&quot;classic&quot;}\">\n\t\t\t\t<\/div>\n\t\t<div class=\"elementor-element elementor-element-5769f7a e-con-full e-flex e-con e-parent\" data-id=\"5769f7a\" data-element_type=\"container\" data-e-type=\"container\" data-settings=\"{&quot;background_background&quot;:&quot;classic&quot;}\">\n\t\t<div class=\"elementor-element elementor-element-a5d4a3b e-con-full e-flex e-con e-child\" data-id=\"a5d4a3b\" data-element_type=\"container\" data-e-type=\"container\" data-settings=\"{&quot;background_background&quot;:&quot;classic&quot;}\">\n\t\t<div class=\"elementor-element elementor-element-fb783a1 e-con-full e-flex e-con e-child\" data-id=\"fb783a1\" data-element_type=\"container\" data-e-type=\"container\">\n\t\t\t\t<div class=\"elementor-element elementor-element-fdf1134 elementor-widget elementor-widget-heading\" data-id=\"fdf1134\" data-element_type=\"widget\" data-e-type=\"widget\" data-widget_type=\"heading.default\">\n\t\t\t\t<div class=\"elementor-widget-container\">\n\t\t\t\t\t<h2 class=\"elementor-heading-title elementor-size-default\"><a href=\"\/gl\/sostibilidade\/\">Sostibilidade<\/a><\/h2>\t\t\t\t<\/div>\n\t\t\t\t<\/div>\n\t\t\t\t<div class=\"elementor-element elementor-element-8645f10 elementor-widget elementor-widget-heading\" data-id=\"8645f10\" data-element_type=\"widget\" data-e-type=\"widget\" data-widget_type=\"heading.default\">\n\t\t\t\t<div class=\"elementor-widget-container\">\n\t\t\t\t\t<h2 class=\"elementor-heading-title elementor-size-default\">Social<\/h2>\t\t\t\t<\/div>\n\t\t\t\t<\/div>\n\t\t\t\t<\/div>\n\t\t\t\t<div class=\"elementor-element elementor-element-7b93300 elementor-widget elementor-widget-heading\" data-id=\"7b93300\" data-element_type=\"widget\" data-e-type=\"widget\" data-widget_type=\"heading.default\">\n\t\t\t\t<div class=\"elementor-widget-container\">\n\t\t\t\t\t<h2 class=\"elementor-heading-title elementor-size-default\">Por unha sociedade m\u00e1is xusta e inclusiva<\/h2>\t\t\t\t<\/div>\n\t\t\t\t<\/div>\n\t\t\t\t<div class=\"elementor-element elementor-element-c3a6107 elementor-widget elementor-widget-text-editor\" data-id=\"c3a6107\" data-element_type=\"widget\" data-e-type=\"widget\" data-widget_type=\"text-editor.default\">\n\t\t\t\t<div class=\"elementor-widget-container\">\n\t\t\t\t\t\t\t\t\t<p>En Clece\u00a0<strong>entendemos o compromiso social como unha parte fundamental do progreso sostible<\/strong>\u00a0que debe marcar a nosa actividade diaria. Por iso, esforz\u00e1monos por impactar de maneira positiva en todas as comunidades coas que interactuamos directa e indirectamente.<\/p><p>Neste sentido, non s\u00f3 cumprimos de maneira exhaustiva con todas as nosas obrigas como empresa en materia de dereitos laborais e sa\u00fade e seguridade no traballo, sen\u00f3n que imos al\u00e9n disto coa posta en marcha de medidas que contrib\u00faen a promover unha sociedade m\u00e1is xusta, inclusiva e igualitaria. Cremos firmemente en que a igualdade de oportunidades \u00e9 chave para que ningu\u00e9n quede atr\u00e1s.<\/p>\t\t\t\t\t\t\t\t<\/div>\n\t\t\t\t<\/div>\n\t\t\t\t<div class=\"elementor-element elementor-element-0f58fa7 elementor-widget elementor-widget-heading\" data-id=\"0f58fa7\" data-element_type=\"widget\" data-e-type=\"widget\" data-widget_type=\"heading.default\">\n\t\t\t\t<div class=\"elementor-widget-container\">\n\t\t\t\t\t<h2 class=\"elementor-heading-title elementor-size-default\">+ de 12%<\/h2>\t\t\t\t<\/div>\n\t\t\t\t<\/div>\n\t\t\t\t<div class=\"elementor-element elementor-element-105f8c3 elementor-widget elementor-widget-heading\" data-id=\"105f8c3\" data-element_type=\"widget\" data-e-type=\"widget\" data-widget_type=\"heading.default\">\n\t\t\t\t<div class=\"elementor-widget-container\">\n\t\t\t\t\t<h2 class=\"elementor-heading-title elementor-size-default\">DO CADRO DE PERSOAL PROCEDE DE COLECTIVOS DESFAVORECIDOS<\/h2>\t\t\t\t<\/div>\n\t\t\t\t<\/div>\n\t\t\t\t<\/div>\n\t\t<div class=\"elementor-element elementor-element-51adebd e-con-full e-flex e-con e-child\" data-id=\"51adebd\" data-element_type=\"container\" data-e-type=\"container\" data-settings=\"{&quot;background_background&quot;:&quot;classic&quot;}\">\n\t\t<div class=\"elementor-element elementor-element-96bf51f e-con-full e-flex e-con e-child\" data-id=\"96bf51f\" data-element_type=\"container\" data-e-type=\"container\">\n\t\t<div class=\"elementor-element elementor-element-bae1185 e-con-full e-flex e-con e-child\" data-id=\"bae1185\" data-element_type=\"container\" data-e-type=\"container\">\n\t\t\t\t<div class=\"elementor-element elementor-element-9d86dae elementor-widget elementor-widget-text-editor\" data-id=\"9d86dae\" data-element_type=\"widget\" data-e-type=\"widget\" data-widget_type=\"text-editor.default\">\n\t\t\t\t<div class=\"elementor-widget-container\">\n\t\t\t\t\t\t\t\t\t<p>Dende o noso nacemento caracteriz\u00e1monos por unha forte vocaci\u00f3n social. E non s\u00f3 iso, sen\u00f3n que ademais en 2012 decidimos afondar neste compromiso e tomamos o pulso \u00e1 sociedade para saber que era o que esperaba dunha empresa como Clece.\u00a0<strong>E foi a propia sociedade, coas s\u00faas respostas, a que nos mostrou o cami\u00f1o que debiamos seguir para afianzar o noso proxecto social.\u00a0<\/strong>Aquel exercicio de escoita activa corroborou o noso compromiso de devolver \u00e1 sociedade o que a propia sociedade nos conf\u00eda que fagamos como servidor p\u00fablico.<\/p><p>Dende o noso papel como prestadores de servizos p\u00fablicos esenciais, sentimos a obriga de responder \u00e1s demandas da cidadan\u00eda e atender as s\u00faas petici\u00f3ns, entre as que destacan a\u00a0<strong>dignificaci\u00f3n das persoas traballadoras que prestan servizos da Administraci\u00f3n P\u00fablica e a igualdade de oportunidades para as que buscan un emprego.<\/strong><\/p><p>O alicerce fundamental do noso proxecto social \u00e9 a\u00a0<strong>inclusi\u00f3n laboral de persoas procedentes de colectivos desfavorecidos:\u00a0<\/strong>mulleres que sofren ou sufriron violencia, persoas con discapacidade e persoas en risco de exclusi\u00f3n social. Por\u00e9n, este compromiso trad\u00facese tam\u00e9n na posta en pr\u00e1ctica doutras medidas, entre as que destacan:<\/p><ul><li>A aprobaci\u00f3n do Plan de Igualdade de Clece.<\/li><li>O noso cat\u00e1logo de medidas de conciliaci\u00f3n e o certificado EFR da Fundaci\u00f3n M\u00e1sfamilia como Empresa Familiarmente Responsable.<\/li><li>A definici\u00f3n de protocolos contra o acoso laboral e o acoso sexual ou por raz\u00f3n de sexo.<\/li><li>A configuraci\u00f3n de mapas de riscos de vulneraci\u00f3n de dereitos humanos en todas as nosas actividades.<\/li><li>O establecemento de medidas de Prevenci\u00f3n de Riscos Laborais (PRL) para garantir a seguridade e sa\u00fade no traballo.<\/li><li>A continua formaci\u00f3n e capacitaci\u00f3n do persoal mediante programas de desenvolvemento profesional.<\/li><li>A nosa adhesi\u00f3n \u00e1 Rede Espa\u00f1ola do Pacto Mundial, coa que reco\u00f1ecemos o noso compromiso cos\u00a010 Principios desta iniciativa, que promoven a\u00a0Responsabilidade Social Empresarial e o desenvolvemento sostible no mundo.<\/li><\/ul>\t\t\t\t\t\t\t\t<\/div>\n\t\t\t\t<\/div>\n\t\t\t\t<div class=\"elementor-element elementor-element-dd599df elementor-widget elementor-widget-heading\" data-id=\"dd599df\" data-element_type=\"widget\" data-e-type=\"widget\" data-widget_type=\"heading.default\">\n\t\t\t\t<div class=\"elementor-widget-container\">\n\t\t\t\t\t<h2 class=\"elementor-heading-title elementor-size-default\">Eixes de actuaci\u00f3n<\/h2>\t\t\t\t<\/div>\n\t\t\t\t<\/div>\n\t\t\t\t<div class=\"elementor-element elementor-element-a48aa59 elementor-widget elementor-widget-text-editor\" data-id=\"a48aa59\" data-element_type=\"widget\" data-e-type=\"widget\" data-widget_type=\"text-editor.default\">\n\t\t\t\t<div class=\"elementor-widget-container\">\n\t\t\t\t\t\t\t\t\t<p>Clece articula as s\u00faas medidas de sostibilidade social ao redor de dous eixes de actuaci\u00f3n:\u00a0<strong>integraci\u00f3n e sensibilizaci\u00f3n.<\/strong>\u00a0As distintas actuaci\u00f3ns que levamos a cabo neste \u00e1mbito enm\u00e1rcanse nos devanditos eixes e buscan achegar beneficios directos e indirectos a diferentes colectivos.<\/p>\t\t\t\t\t\t\t\t<\/div>\n\t\t\t\t<\/div>\n\t\t<div class=\"elementor-element elementor-element-df79cd5 e-con-full e-flex e-con e-child\" data-id=\"df79cd5\" data-element_type=\"container\" data-e-type=\"container\">\n\t\t<div class=\"elementor-element elementor-element-c4d4b6c e-con-full e-flex e-con e-child\" data-id=\"c4d4b6c\" data-element_type=\"container\" data-e-type=\"container\">\n\t\t\t\t<div class=\"elementor-element elementor-element-163a0a1 elementor-widget elementor-widget-heading\" data-id=\"163a0a1\" data-element_type=\"widget\" data-e-type=\"widget\" data-widget_type=\"heading.default\">\n\t\t\t\t<div class=\"elementor-widget-container\">\n\t\t\t\t\t<h2 class=\"elementor-heading-title elementor-size-default\">Integraci\u00f3n<\/h2>\t\t\t\t<\/div>\n\t\t\t\t<\/div>\n\t\t\t\t<div class=\"elementor-element elementor-element-b3a1a4c elementor-widget elementor-widget-text-editor\" data-id=\"b3a1a4c\" data-element_type=\"widget\" data-e-type=\"widget\" data-widget_type=\"text-editor.default\">\n\t\t\t\t<div class=\"elementor-widget-container\">\n\t\t\t\t\t\t\t\t\t<ul><li>Convenios de colaboraci\u00f3n con entidades sociais para a intermediaci\u00f3n de perf\u00eds de persoas procedentes de colectivos desfavorecidos.<\/li><li>Acordos con administraci\u00f3ns p\u00fablicas para a inclusi\u00f3n laboral dos devanditos colectivos.<\/li><\/ul>\t\t\t\t\t\t\t\t<\/div>\n\t\t\t\t<\/div>\n\t\t\t\t<\/div>\n\t\t<div class=\"elementor-element elementor-element-6ad6637 e-con-full e-flex e-con e-child\" data-id=\"6ad6637\" data-element_type=\"container\" data-e-type=\"container\">\n\t\t\t\t<div class=\"elementor-element elementor-element-f6921bf elementor-widget elementor-widget-image\" data-id=\"f6921bf\" data-element_type=\"widget\" data-e-type=\"widget\" data-widget_type=\"image.default\">\n\t\t\t\t<div class=\"elementor-widget-container\">\n\t\t\t\t\t\t\t\t\t\t\t\t\t\t\t<img fetchpriority=\"high\" decoding=\"async\" width=\"700\" height=\"700\" src=\"https:\/\/clece.es\/wp-content\/uploads\/2024\/11\/Sostenibilidad_Social_Integracion_350x350px_Clece.jpg\" class=\"attachment-large size-large wp-image-12655\" alt=\"\" srcset=\"https:\/\/clece.es\/wp-content\/uploads\/2024\/11\/Sostenibilidad_Social_Integracion_350x350px_Clece.jpg 700w, https:\/\/clece.es\/wp-content\/uploads\/2024\/11\/Sostenibilidad_Social_Integracion_350x350px_Clece-300x300.jpg 300w, https:\/\/clece.es\/wp-content\/uploads\/2024\/11\/Sostenibilidad_Social_Integracion_350x350px_Clece-150x150.jpg 150w\" sizes=\"(max-width: 700px) 100vw, 700px\" \/>\t\t\t\t\t\t\t\t\t\t\t\t\t\t\t<\/div>\n\t\t\t\t<\/div>\n\t\t\t\t<\/div>\n\t\t\t\t<\/div>\n\t\t<div class=\"elementor-element elementor-element-a102a4e e-con-full e-flex e-con e-child\" data-id=\"a102a4e\" data-element_type=\"container\" data-e-type=\"container\">\n\t\t<div class=\"elementor-element elementor-element-a026361 e-con-full e-flex e-con e-child\" data-id=\"a026361\" data-element_type=\"container\" data-e-type=\"container\">\n\t\t\t\t<div class=\"elementor-element elementor-element-a032d14 elementor-widget elementor-widget-image\" data-id=\"a032d14\" data-element_type=\"widget\" data-e-type=\"widget\" data-widget_type=\"image.default\">\n\t\t\t\t<div class=\"elementor-widget-container\">\n\t\t\t\t\t\t\t\t\t\t\t\t\t\t\t<img decoding=\"async\" width=\"700\" height=\"700\" src=\"https:\/\/clece.es\/wp-content\/uploads\/2024\/11\/Sostenibilidad_Social_Sensibilizacion_350x350px_Clece.jpg\" class=\"attachment-large size-large wp-image-12649\" alt=\"\" srcset=\"https:\/\/clece.es\/wp-content\/uploads\/2024\/11\/Sostenibilidad_Social_Sensibilizacion_350x350px_Clece.jpg 700w, https:\/\/clece.es\/wp-content\/uploads\/2024\/11\/Sostenibilidad_Social_Sensibilizacion_350x350px_Clece-300x300.jpg 300w, https:\/\/clece.es\/wp-content\/uploads\/2024\/11\/Sostenibilidad_Social_Sensibilizacion_350x350px_Clece-150x150.jpg 150w\" sizes=\"(max-width: 700px) 100vw, 700px\" \/>\t\t\t\t\t\t\t\t\t\t\t\t\t\t\t<\/div>\n\t\t\t\t<\/div>\n\t\t\t\t<\/div>\n\t\t<div class=\"elementor-element elementor-element-511546a e-con-full e-flex e-con e-child\" data-id=\"511546a\" data-element_type=\"container\" data-e-type=\"container\">\n\t\t\t\t<div class=\"elementor-element elementor-element-b4a07c8 elementor-widget elementor-widget-heading\" data-id=\"b4a07c8\" data-element_type=\"widget\" data-e-type=\"widget\" data-widget_type=\"heading.default\">\n\t\t\t\t<div class=\"elementor-widget-container\">\n\t\t\t\t\t<h2 class=\"elementor-heading-title elementor-size-default\">Sensibilizaci\u00f3n<\/h2>\t\t\t\t<\/div>\n\t\t\t\t<\/div>\n\t\t\t\t<div class=\"elementor-element elementor-element-8a8a42d elementor-widget elementor-widget-text-editor\" data-id=\"8a8a42d\" data-element_type=\"widget\" data-e-type=\"widget\" data-widget_type=\"text-editor.default\">\n\t\t\t\t<div class=\"elementor-widget-container\">\n\t\t\t\t\t\t\t\t\t<ul><li>Organizaci\u00f3n de foros e coloquios para concienciar sobre os retos que nos incumben como sociedade.<\/li><li>Participaci\u00f3n do cadro de persoal de Clece en campa\u00f1as solidarias relacionadas con distintas causas sociais.<\/li><\/ul>\t\t\t\t\t\t\t\t<\/div>\n\t\t\t\t<\/div>\n\t\t\t\t<\/div>\n\t\t\t\t<\/div>\n\t\t\t\t<\/div>\n\t\t\t\t<\/div>\n\t\t\t\t<\/div>\n\t\t\t\t<\/div>\n\t\t\t\t<\/div>\n\t\t","protected":false},"excerpt":{"rendered":"<p>Sostibilidade Social Por unha sociedade m\u00e1is xusta e inclusiva En Clece\u00a0entendemos o compromiso social como unha parte fundamental do progreso sostible\u00a0que debe marcar a nosa actividade diaria. Por iso, esforz\u00e1monos por impactar de maneira positiva en todas as comunidades coas que interactuamos directa e indirectamente. Neste sentido, non s\u00f3 cumprimos de maneira exhaustiva con todas [&hellip;]<\/p>\n","protected":false},"author":3,"featured_media":0,"parent":144027,"menu_order":0,"comment_status":"closed","ping_status":"closed","template":"","meta":{"_acf_changed":false,"footnotes":""},"class_list":["post-144034","page","type-page","status-publish","hentry"],"acf":[],"yoast_head":"<!-- This site is optimized with the Yoast SEO plugin v27.3 - https:\/\/yoast.com\/product\/yoast-seo-wordpress\/ -->\n<title>Sostibilidade social por unha sociedade m\u00e1is xusta e inclusiva | Clece<\/title>\n<meta name=\"description\" content=\"O compromiso social de Clece \u00e9 vital para lograr o progreso sostible que marca a nosa actividade. Fomentamos medidas que contrib\u00faen a promover unha sociedade m\u00e1is xusta, inclusiva e igualitaria para que ningu\u00e9n quede atr\u00e1s.\" \/>\n<meta name=\"robots\" content=\"index, follow, max-snippet:-1, max-image-preview:large, max-video-preview:-1\" \/>\n<link rel=\"canonical\" href=\"https:\/\/clece.es\/gl\/sostibilidade\/social\/\" \/>\n<meta property=\"og:locale\" content=\"gl_ES\" \/>\n<meta property=\"og:type\" content=\"article\" \/>\n<meta property=\"og:title\" content=\"Sostibilidade social por unha sociedade m\u00e1is xusta e inclusiva | Clece\" \/>\n<meta property=\"og:description\" content=\"O compromiso social de Clece \u00e9 vital para lograr o progreso sostible que marca a nosa actividade. Fomentamos medidas que contrib\u00faen a promover unha sociedade m\u00e1is xusta, inclusiva e igualitaria para que ningu\u00e9n quede atr\u00e1s.\" \/>\n<meta property=\"og:url\" content=\"https:\/\/clece.es\/gl\/sostibilidade\/social\/\" \/>\n<meta property=\"og:site_name\" content=\"Clece\" \/>\n<meta property=\"article:publisher\" content=\"https:\/\/www.facebook.com\/CleceSociedadAnonima\/\" \/>\n<meta property=\"article:modified_time\" content=\"2025-01-24T10:13:11+00:00\" \/>\n<meta property=\"og:image\" content=\"http:\/\/sitio2.utopiasl.eu\/wp-content\/uploads\/2024\/11\/Sostenibilidad_Social_Integracion_350x350px_Clece.jpg\" \/>\n<meta name=\"twitter:card\" content=\"summary_large_image\" \/>\n<meta name=\"twitter:site\" content=\"@Clece_\" \/>\n<meta name=\"twitter:label1\" content=\"Tempo de lectura\" \/>\n\t<meta name=\"twitter:data1\" content=\"3 minutos\" \/>\n<script type=\"application\/ld+json\" class=\"yoast-schema-graph\">{\"@context\":\"https:\\\/\\\/schema.org\",\"@graph\":[{\"@type\":\"WebPage\",\"@id\":\"https:\\\/\\\/clece.es\\\/gl\\\/sostibilidade\\\/social\\\/\",\"url\":\"https:\\\/\\\/clece.es\\\/gl\\\/sostibilidade\\\/social\\\/\",\"name\":\"Sostibilidade social por unha sociedade m\u00e1is xusta e inclusiva | Clece\",\"isPartOf\":{\"@id\":\"https:\\\/\\\/clece.es\\\/es\\\/#website\"},\"primaryImageOfPage\":{\"@id\":\"https:\\\/\\\/clece.es\\\/gl\\\/sostibilidade\\\/social\\\/#primaryimage\"},\"image\":{\"@id\":\"https:\\\/\\\/clece.es\\\/gl\\\/sostibilidade\\\/social\\\/#primaryimage\"},\"thumbnailUrl\":\"http:\\\/\\\/sitio2.utopiasl.eu\\\/wp-content\\\/uploads\\\/2024\\\/11\\\/Sostenibilidad_Social_Integracion_350x350px_Clece.jpg\",\"datePublished\":\"2024-09-23T10:09:11+00:00\",\"dateModified\":\"2025-01-24T10:13:11+00:00\",\"description\":\"O compromiso social de Clece \u00e9 vital para lograr o progreso sostible que marca a nosa actividade. Fomentamos medidas que contrib\u00faen a promover unha sociedade m\u00e1is xusta, inclusiva e igualitaria para que ningu\u00e9n quede atr\u00e1s.\",\"breadcrumb\":{\"@id\":\"https:\\\/\\\/clece.es\\\/gl\\\/sostibilidade\\\/social\\\/#breadcrumb\"},\"inLanguage\":\"gl-ES\",\"potentialAction\":[{\"@type\":\"ReadAction\",\"target\":[\"https:\\\/\\\/clece.es\\\/gl\\\/sostibilidade\\\/social\\\/\"]}]},{\"@type\":\"ImageObject\",\"inLanguage\":\"gl-ES\",\"@id\":\"https:\\\/\\\/clece.es\\\/gl\\\/sostibilidade\\\/social\\\/#primaryimage\",\"url\":\"http:\\\/\\\/sitio2.utopiasl.eu\\\/wp-content\\\/uploads\\\/2024\\\/11\\\/Sostenibilidad_Social_Integracion_350x350px_Clece.jpg\",\"contentUrl\":\"http:\\\/\\\/sitio2.utopiasl.eu\\\/wp-content\\\/uploads\\\/2024\\\/11\\\/Sostenibilidad_Social_Integracion_350x350px_Clece.jpg\"},{\"@type\":\"BreadcrumbList\",\"@id\":\"https:\\\/\\\/clece.es\\\/gl\\\/sostibilidade\\\/social\\\/#breadcrumb\",\"itemListElement\":[{\"@type\":\"ListItem\",\"position\":1,\"name\":\"Portada\",\"item\":\"https:\\\/\\\/clece.es\\\/es\\\/\"},{\"@type\":\"ListItem\",\"position\":2,\"name\":\"Sostibilidade\",\"item\":\"https:\\\/\\\/clece.es\\\/gl\\\/sostibilidade\\\/\"},{\"@type\":\"ListItem\",\"position\":3,\"name\":\"Sostibilidade social\"}]},{\"@type\":\"WebSite\",\"@id\":\"https:\\\/\\\/clece.es\\\/es\\\/#website\",\"url\":\"https:\\\/\\\/clece.es\\\/es\\\/\",\"name\":\"Clece\",\"description\":\"\",\"publisher\":{\"@id\":\"https:\\\/\\\/clece.es\\\/es\\\/#organization\"},\"potentialAction\":[{\"@type\":\"SearchAction\",\"target\":{\"@type\":\"EntryPoint\",\"urlTemplate\":\"https:\\\/\\\/clece.es\\\/es\\\/?s={search_term_string}\"},\"query-input\":{\"@type\":\"PropertyValueSpecification\",\"valueRequired\":true,\"valueName\":\"search_term_string\"}}],\"inLanguage\":\"gl-ES\"},{\"@type\":\"Organization\",\"@id\":\"https:\\\/\\\/clece.es\\\/es\\\/#organization\",\"name\":\"Grupo Clece\",\"url\":\"https:\\\/\\\/clece.es\\\/es\\\/\",\"logo\":{\"@type\":\"ImageObject\",\"inLanguage\":\"gl-ES\",\"@id\":\"https:\\\/\\\/clece.es\\\/es\\\/#\\\/schema\\\/logo\\\/image\\\/\",\"url\":\"https:\\\/\\\/sitio2.utopiasl.eu\\\/wp-content\\\/uploads\\\/2024\\\/10\\\/Logotipos_filiales_Clece_logotipo.png\",\"contentUrl\":\"https:\\\/\\\/sitio2.utopiasl.eu\\\/wp-content\\\/uploads\\\/2024\\\/10\\\/Logotipos_filiales_Clece_logotipo.png\",\"width\":5000,\"height\":5000,\"caption\":\"Grupo Clece\"},\"image\":{\"@id\":\"https:\\\/\\\/clece.es\\\/es\\\/#\\\/schema\\\/logo\\\/image\\\/\"},\"sameAs\":[\"https:\\\/\\\/www.facebook.com\\\/CleceSociedadAnonima\\\/\",\"https:\\\/\\\/x.com\\\/Clece_\",\"https:\\\/\\\/www.linkedin.com\\\/company\\\/clece-sa\\\/\"]}]}<\/script>\n<!-- \/ Yoast SEO plugin. -->","yoast_head_json":{"title":"Sostibilidade social por unha sociedade m\u00e1is xusta e inclusiva | Clece","description":"O compromiso social de Clece \u00e9 vital para lograr o progreso sostible que marca a nosa actividade. Fomentamos medidas que contrib\u00faen a promover unha sociedade m\u00e1is xusta, inclusiva e igualitaria para que ningu\u00e9n quede atr\u00e1s.","robots":{"index":"index","follow":"follow","max-snippet":"max-snippet:-1","max-image-preview":"max-image-preview:large","max-video-preview":"max-video-preview:-1"},"canonical":"https:\/\/clece.es\/gl\/sostibilidade\/social\/","og_locale":"gl_ES","og_type":"article","og_title":"Sostibilidade social por unha sociedade m\u00e1is xusta e inclusiva | Clece","og_description":"O compromiso social de Clece \u00e9 vital para lograr o progreso sostible que marca a nosa actividade. Fomentamos medidas que contrib\u00faen a promover unha sociedade m\u00e1is xusta, inclusiva e igualitaria para que ningu\u00e9n quede atr\u00e1s.","og_url":"https:\/\/clece.es\/gl\/sostibilidade\/social\/","og_site_name":"Clece","article_publisher":"https:\/\/www.facebook.com\/CleceSociedadAnonima\/","article_modified_time":"2025-01-24T10:13:11+00:00","og_image":[{"url":"http:\/\/sitio2.utopiasl.eu\/wp-content\/uploads\/2024\/11\/Sostenibilidad_Social_Integracion_350x350px_Clece.jpg","type":"","width":"","height":""}],"twitter_card":"summary_large_image","twitter_site":"@Clece_","twitter_misc":{"Tempo de lectura":"3 minutos"},"schema":{"@context":"https:\/\/schema.org","@graph":[{"@type":"WebPage","@id":"https:\/\/clece.es\/gl\/sostibilidade\/social\/","url":"https:\/\/clece.es\/gl\/sostibilidade\/social\/","name":"Sostibilidade social por unha sociedade m\u00e1is xusta e inclusiva | Clece","isPartOf":{"@id":"https:\/\/clece.es\/es\/#website"},"primaryImageOfPage":{"@id":"https:\/\/clece.es\/gl\/sostibilidade\/social\/#primaryimage"},"image":{"@id":"https:\/\/clece.es\/gl\/sostibilidade\/social\/#primaryimage"},"thumbnailUrl":"http:\/\/sitio2.utopiasl.eu\/wp-content\/uploads\/2024\/11\/Sostenibilidad_Social_Integracion_350x350px_Clece.jpg","datePublished":"2024-09-23T10:09:11+00:00","dateModified":"2025-01-24T10:13:11+00:00","description":"O compromiso social de Clece \u00e9 vital para lograr o progreso sostible que marca a nosa actividade. Fomentamos medidas que contrib\u00faen a promover unha sociedade m\u00e1is xusta, inclusiva e igualitaria para que ningu\u00e9n quede atr\u00e1s.","breadcrumb":{"@id":"https:\/\/clece.es\/gl\/sostibilidade\/social\/#breadcrumb"},"inLanguage":"gl-ES","potentialAction":[{"@type":"ReadAction","target":["https:\/\/clece.es\/gl\/sostibilidade\/social\/"]}]},{"@type":"ImageObject","inLanguage":"gl-ES","@id":"https:\/\/clece.es\/gl\/sostibilidade\/social\/#primaryimage","url":"http:\/\/sitio2.utopiasl.eu\/wp-content\/uploads\/2024\/11\/Sostenibilidad_Social_Integracion_350x350px_Clece.jpg","contentUrl":"http:\/\/sitio2.utopiasl.eu\/wp-content\/uploads\/2024\/11\/Sostenibilidad_Social_Integracion_350x350px_Clece.jpg"},{"@type":"BreadcrumbList","@id":"https:\/\/clece.es\/gl\/sostibilidade\/social\/#breadcrumb","itemListElement":[{"@type":"ListItem","position":1,"name":"Portada","item":"https:\/\/clece.es\/es\/"},{"@type":"ListItem","position":2,"name":"Sostibilidade","item":"https:\/\/clece.es\/gl\/sostibilidade\/"},{"@type":"ListItem","position":3,"name":"Sostibilidade social"}]},{"@type":"WebSite","@id":"https:\/\/clece.es\/es\/#website","url":"https:\/\/clece.es\/es\/","name":"Clece","description":"","publisher":{"@id":"https:\/\/clece.es\/es\/#organization"},"potentialAction":[{"@type":"SearchAction","target":{"@type":"EntryPoint","urlTemplate":"https:\/\/clece.es\/es\/?s={search_term_string}"},"query-input":{"@type":"PropertyValueSpecification","valueRequired":true,"valueName":"search_term_string"}}],"inLanguage":"gl-ES"},{"@type":"Organization","@id":"https:\/\/clece.es\/es\/#organization","name":"Grupo Clece","url":"https:\/\/clece.es\/es\/","logo":{"@type":"ImageObject","inLanguage":"gl-ES","@id":"https:\/\/clece.es\/es\/#\/schema\/logo\/image\/","url":"https:\/\/sitio2.utopiasl.eu\/wp-content\/uploads\/2024\/10\/Logotipos_filiales_Clece_logotipo.png","contentUrl":"https:\/\/sitio2.utopiasl.eu\/wp-content\/uploads\/2024\/10\/Logotipos_filiales_Clece_logotipo.png","width":5000,"height":5000,"caption":"Grupo Clece"},"image":{"@id":"https:\/\/clece.es\/es\/#\/schema\/logo\/image\/"},"sameAs":["https:\/\/www.facebook.com\/CleceSociedadAnonima\/","https:\/\/x.com\/Clece_","https:\/\/www.linkedin.com\/company\/clece-sa\/"]}]}},"_links":{"self":[{"href":"https:\/\/clece.es\/gl\/wp-json\/wp\/v2\/pages\/144034","targetHints":{"allow":["GET"]}}],"collection":[{"href":"https:\/\/clece.es\/gl\/wp-json\/wp\/v2\/pages"}],"about":[{"href":"https:\/\/clece.es\/gl\/wp-json\/wp\/v2\/types\/page"}],"author":[{"embeddable":true,"href":"https:\/\/clece.es\/gl\/wp-json\/wp\/v2\/users\/3"}],"replies":[{"embeddable":true,"href":"https:\/\/clece.es\/gl\/wp-json\/wp\/v2\/comments?post=144034"}],"version-history":[{"count":16,"href":"https:\/\/clece.es\/gl\/wp-json\/wp\/v2\/pages\/144034\/revisions"}],"predecessor-version":[{"id":146194,"href":"https:\/\/clece.es\/gl\/wp-json\/wp\/v2\/pages\/144034\/revisions\/146194"}],"up":[{"embeddable":true,"href":"https:\/\/clece.es\/gl\/wp-json\/wp\/v2\/pages\/144027"}],"wp:attachment":[{"href":"https:\/\/clece.es\/gl\/wp-json\/wp\/v2\/media?parent=144034"}],"curies":[{"name":"wp","href":"https:\/\/api.w.org\/{rel}","templated":true}]}}