{"id":144157,"date":"2024-09-24T10:20:38","date_gmt":"2024-09-24T10:20:38","guid":{"rendered":"https:\/\/sitio2.utopiasl.eu\/?page_id=144157"},"modified":"2025-02-04T11:03:14","modified_gmt":"2025-02-04T11:03:14","slug":"declaracion-de-igualdade-e-responsabilidade-social","status":"publish","type":"page","link":"https:\/\/clece.es\/gl\/declaracion-de-igualdade-e-responsabilidade-social\/","title":{"rendered":"Declaraci\u00f3n de igualdade e responsabilidade social"},"content":{"rendered":"\t\t<div data-elementor-type=\"wp-page\" data-elementor-id=\"144157\" class=\"elementor elementor-144157 elementor-1133\" data-elementor-post-type=\"page\">\n\t\t\t\t<div class=\"elementor-element elementor-element-675a965 e-flex e-con-boxed e-con e-parent\" data-id=\"675a965\" data-element_type=\"container\" data-e-type=\"container\">\n\t\t\t\t\t<div class=\"e-con-inner\">\n\t\t\t\t<div class=\"elementor-element elementor-element-c1df7dc elementor-widget elementor-widget-heading\" data-id=\"c1df7dc\" data-element_type=\"widget\" data-e-type=\"widget\" data-widget_type=\"heading.default\">\n\t\t\t\t<div class=\"elementor-widget-container\">\n\t\t\t\t\t<h2 class=\"elementor-heading-title elementor-size-default\">DECLARACI\u00d3N DE IGUALDADE E RESPONSABILIDADE SOCIAL<\/h2>\t\t\t\t<\/div>\n\t\t\t\t<\/div>\n\t\t\t\t\t<\/div>\n\t\t\t\t<\/div>\n\t\t<div class=\"elementor-element elementor-element-da44b6d e-flex e-con-boxed e-con e-parent\" data-id=\"da44b6d\" data-element_type=\"container\" data-e-type=\"container\">\n\t\t\t\t\t<div class=\"e-con-inner\">\n\t\t\t\t<div class=\"elementor-element elementor-element-351a917 elementor-widget elementor-widget-text-editor\" data-id=\"351a917\" data-element_type=\"widget\" data-e-type=\"widget\" data-widget_type=\"text-editor.default\">\n\t\t\t\t<div class=\"elementor-widget-container\">\n\t\t\t\t\t\t\t\t\t<p>Consciente de que a xesti\u00f3n empresarial ten que estar en consonancia coas necesidades e demandas da sociedade, Clece declara o seu compromiso coa igualdade efectiva entre mulleres e homes no seo da empresa e a aplicaci\u00f3n efectiva de pol\u00edticas para a consecuci\u00f3n deste principio, dentro dos termos previstos na Lei org\u00e1nica 3\/2007.<\/p><p>En todos e cada un dos \u00e1mbitos da empresa \u2014desde as condici\u00f3ns de traballo, os servizos prestados ou a comunicaci\u00f3n\u2014, Clece asume a igualdade de trato e oportunidades sen discriminar directa nin indirectamente por raz\u00f3n de sexo.<\/p><p>Os principios enunciados l\u00e9vanse \u00e1 pr\u00e1ctica por medio da elaboraci\u00f3n e aplicaci\u00f3n dun plan de igualdade na empresa e doutras medidas, como o establecemento de protocolos de prevenci\u00f3n e actuaci\u00f3n para casos de acoso laboral e sexual.<\/p><p>Dentro do seu proxecto social, Clece tam\u00e9n traballa pola integraci\u00f3n laboral no seu cadro de persoal de mulleres que sufriron violencia de x\u00e9nero.<\/p><p>Somos rigorosos coa lexislaci\u00f3n vixente e estendemos ese compromiso por medio dunha esixencia de certificaci\u00f3n en RSE, a norma IQ NET SR 10. Esta certificaci\u00f3n implica o cumprimento e compromiso cos requirimentos da norma en materia de rendici\u00f3n de contas, transparencia, comportamento \u00e9tico, respecto aos grupos de interese, respecto ao principio de legalidade, respecto \u00e1 normativa internacional de cumprimento e respecto aos dereitos humanos. Se desexa ampliar informaci\u00f3n, pode consultar a nosa <a href=\"\/wp-content\/uploads\/2024\/10\/Declaracion-RSC-SR-10-edicion-1-CLECE.pdf\"><strong>Pol\u00edtica de <\/strong><strong>Responsabilidade<\/strong> <strong>Social<\/strong><\/a> e a <strong><a href=\"\/wp-content\/uploads\/2025\/02\/P-02-MATERIALIDAD-ENE25-V07.pdf\">an\u00e1lise de materialidade<\/a>.<\/strong><\/p><p>Igualmente, Clece comprom\u00e9tese coas persoas que forman parte da organizaci\u00f3n, por medio da norma EFR, a ofrecer medidas de conciliaci\u00f3n adecuadas \u00e1 s\u00faa cultura e marco de negocio, entendendo como tal a suficiente flexibilidade atendida pola empresa para cubrir as necesidades persoais e familiares das s\u00faas colaboradoras e colaboradores, en consonancia e equilibrio cos obxectivos da empresa..<\/p><p>A direcci\u00f3n e todo o cadro de persoal asumen o compromiso contido nesta declaraci\u00f3n.<\/p>\t\t\t\t\t\t\t\t<\/div>\n\t\t\t\t<\/div>\n\t\t\t\t\t<\/div>\n\t\t\t\t<\/div>\n\t\t\t\t<\/div>\n\t\t","protected":false},"excerpt":{"rendered":"<p>DECLARACI\u00d3N DE IGUALDADE E RESPONSABILIDADE SOCIAL Consciente de que a xesti\u00f3n empresarial ten que estar en consonancia coas necesidades e demandas da sociedade, Clece declara o seu compromiso coa igualdade efectiva entre mulleres e homes no seo da empresa e a aplicaci\u00f3n efectiva de pol\u00edticas para a consecuci\u00f3n deste principio, dentro dos termos previstos na [&hellip;]<\/p>\n","protected":false},"author":3,"featured_media":0,"parent":0,"menu_order":0,"comment_status":"closed","ping_status":"closed","template":"","meta":{"_acf_changed":false,"footnotes":""},"class_list":["post-144157","page","type-page","status-publish","hentry"],"acf":[],"yoast_head":"<!-- This site is optimized with the Yoast SEO plugin v27.3 - https:\/\/yoast.com\/product\/yoast-seo-wordpress\/ -->\n<title>Declaraci\u00f3n de igualdade e responsabilidade social - Clece<\/title>\n<meta name=\"robots\" content=\"index, follow, max-snippet:-1, max-image-preview:large, max-video-preview:-1\" \/>\n<link rel=\"canonical\" href=\"https:\/\/clece.es\/gl\/declaracion-de-igualdade-e-responsabilidade-social\/\" \/>\n<meta property=\"og:locale\" content=\"gl_ES\" \/>\n<meta property=\"og:type\" content=\"article\" \/>\n<meta property=\"og:title\" content=\"Declaraci\u00f3n de igualdade e responsabilidade social - Clece\" \/>\n<meta property=\"og:description\" content=\"DECLARACI\u00d3N DE IGUALDADE E RESPONSABILIDADE SOCIAL Consciente de que a xesti\u00f3n empresarial ten que estar en consonancia coas necesidades e demandas da sociedade, Clece declara o seu compromiso coa igualdade efectiva entre mulleres e homes no seo da empresa e a aplicaci\u00f3n efectiva de pol\u00edticas para a consecuci\u00f3n deste principio, dentro dos termos previstos na [&hellip;]\" \/>\n<meta property=\"og:url\" content=\"https:\/\/clece.es\/gl\/declaracion-de-igualdade-e-responsabilidade-social\/\" \/>\n<meta property=\"og:site_name\" content=\"Clece\" \/>\n<meta property=\"article:publisher\" content=\"https:\/\/www.facebook.com\/CleceSociedadAnonima\/\" \/>\n<meta property=\"article:modified_time\" content=\"2025-02-04T11:03:14+00:00\" \/>\n<meta name=\"twitter:card\" content=\"summary_large_image\" \/>\n<meta name=\"twitter:site\" content=\"@Clece_\" \/>\n<meta name=\"twitter:label1\" content=\"Tempo de lectura\" \/>\n\t<meta name=\"twitter:data1\" content=\"2 minutos\" \/>\n<script type=\"application\/ld+json\" class=\"yoast-schema-graph\">{\"@context\":\"https:\\\/\\\/schema.org\",\"@graph\":[{\"@type\":\"WebPage\",\"@id\":\"https:\\\/\\\/clece.es\\\/gl\\\/declaracion-de-igualdade-e-responsabilidade-social\\\/\",\"url\":\"https:\\\/\\\/clece.es\\\/gl\\\/declaracion-de-igualdade-e-responsabilidade-social\\\/\",\"name\":\"Declaraci\u00f3n de igualdade e responsabilidade social - Clece\",\"isPartOf\":{\"@id\":\"https:\\\/\\\/clece.es\\\/es\\\/#website\"},\"datePublished\":\"2024-09-24T10:20:38+00:00\",\"dateModified\":\"2025-02-04T11:03:14+00:00\",\"breadcrumb\":{\"@id\":\"https:\\\/\\\/clece.es\\\/gl\\\/declaracion-de-igualdade-e-responsabilidade-social\\\/#breadcrumb\"},\"inLanguage\":\"gl-ES\",\"potentialAction\":[{\"@type\":\"ReadAction\",\"target\":[\"https:\\\/\\\/clece.es\\\/gl\\\/declaracion-de-igualdade-e-responsabilidade-social\\\/\"]}]},{\"@type\":\"BreadcrumbList\",\"@id\":\"https:\\\/\\\/clece.es\\\/gl\\\/declaracion-de-igualdade-e-responsabilidade-social\\\/#breadcrumb\",\"itemListElement\":[{\"@type\":\"ListItem\",\"position\":1,\"name\":\"Portada\",\"item\":\"https:\\\/\\\/clece.es\\\/es\\\/\"},{\"@type\":\"ListItem\",\"position\":2,\"name\":\"Declaraci\u00f3n de igualdade e responsabilidade social\"}]},{\"@type\":\"WebSite\",\"@id\":\"https:\\\/\\\/clece.es\\\/es\\\/#website\",\"url\":\"https:\\\/\\\/clece.es\\\/es\\\/\",\"name\":\"Clece\",\"description\":\"\",\"publisher\":{\"@id\":\"https:\\\/\\\/clece.es\\\/es\\\/#organization\"},\"potentialAction\":[{\"@type\":\"SearchAction\",\"target\":{\"@type\":\"EntryPoint\",\"urlTemplate\":\"https:\\\/\\\/clece.es\\\/es\\\/?s={search_term_string}\"},\"query-input\":{\"@type\":\"PropertyValueSpecification\",\"valueRequired\":true,\"valueName\":\"search_term_string\"}}],\"inLanguage\":\"gl-ES\"},{\"@type\":\"Organization\",\"@id\":\"https:\\\/\\\/clece.es\\\/es\\\/#organization\",\"name\":\"Grupo Clece\",\"url\":\"https:\\\/\\\/clece.es\\\/es\\\/\",\"logo\":{\"@type\":\"ImageObject\",\"inLanguage\":\"gl-ES\",\"@id\":\"https:\\\/\\\/clece.es\\\/es\\\/#\\\/schema\\\/logo\\\/image\\\/\",\"url\":\"https:\\\/\\\/sitio2.utopiasl.eu\\\/wp-content\\\/uploads\\\/2024\\\/10\\\/Logotipos_filiales_Clece_logotipo.png\",\"contentUrl\":\"https:\\\/\\\/sitio2.utopiasl.eu\\\/wp-content\\\/uploads\\\/2024\\\/10\\\/Logotipos_filiales_Clece_logotipo.png\",\"width\":5000,\"height\":5000,\"caption\":\"Grupo Clece\"},\"image\":{\"@id\":\"https:\\\/\\\/clece.es\\\/es\\\/#\\\/schema\\\/logo\\\/image\\\/\"},\"sameAs\":[\"https:\\\/\\\/www.facebook.com\\\/CleceSociedadAnonima\\\/\",\"https:\\\/\\\/x.com\\\/Clece_\",\"https:\\\/\\\/www.linkedin.com\\\/company\\\/clece-sa\\\/\"]}]}<\/script>\n<!-- \/ Yoast SEO plugin. -->","yoast_head_json":{"title":"Declaraci\u00f3n de igualdade e responsabilidade social - Clece","robots":{"index":"index","follow":"follow","max-snippet":"max-snippet:-1","max-image-preview":"max-image-preview:large","max-video-preview":"max-video-preview:-1"},"canonical":"https:\/\/clece.es\/gl\/declaracion-de-igualdade-e-responsabilidade-social\/","og_locale":"gl_ES","og_type":"article","og_title":"Declaraci\u00f3n de igualdade e responsabilidade social - Clece","og_description":"DECLARACI\u00d3N DE IGUALDADE E RESPONSABILIDADE SOCIAL Consciente de que a xesti\u00f3n empresarial ten que estar en consonancia coas necesidades e demandas da sociedade, Clece declara o seu compromiso coa igualdade efectiva entre mulleres e homes no seo da empresa e a aplicaci\u00f3n efectiva de pol\u00edticas para a consecuci\u00f3n deste principio, dentro dos termos previstos na [&hellip;]","og_url":"https:\/\/clece.es\/gl\/declaracion-de-igualdade-e-responsabilidade-social\/","og_site_name":"Clece","article_publisher":"https:\/\/www.facebook.com\/CleceSociedadAnonima\/","article_modified_time":"2025-02-04T11:03:14+00:00","twitter_card":"summary_large_image","twitter_site":"@Clece_","twitter_misc":{"Tempo de lectura":"2 minutos"},"schema":{"@context":"https:\/\/schema.org","@graph":[{"@type":"WebPage","@id":"https:\/\/clece.es\/gl\/declaracion-de-igualdade-e-responsabilidade-social\/","url":"https:\/\/clece.es\/gl\/declaracion-de-igualdade-e-responsabilidade-social\/","name":"Declaraci\u00f3n de igualdade e responsabilidade social - Clece","isPartOf":{"@id":"https:\/\/clece.es\/es\/#website"},"datePublished":"2024-09-24T10:20:38+00:00","dateModified":"2025-02-04T11:03:14+00:00","breadcrumb":{"@id":"https:\/\/clece.es\/gl\/declaracion-de-igualdade-e-responsabilidade-social\/#breadcrumb"},"inLanguage":"gl-ES","potentialAction":[{"@type":"ReadAction","target":["https:\/\/clece.es\/gl\/declaracion-de-igualdade-e-responsabilidade-social\/"]}]},{"@type":"BreadcrumbList","@id":"https:\/\/clece.es\/gl\/declaracion-de-igualdade-e-responsabilidade-social\/#breadcrumb","itemListElement":[{"@type":"ListItem","position":1,"name":"Portada","item":"https:\/\/clece.es\/es\/"},{"@type":"ListItem","position":2,"name":"Declaraci\u00f3n de igualdade e responsabilidade social"}]},{"@type":"WebSite","@id":"https:\/\/clece.es\/es\/#website","url":"https:\/\/clece.es\/es\/","name":"Clece","description":"","publisher":{"@id":"https:\/\/clece.es\/es\/#organization"},"potentialAction":[{"@type":"SearchAction","target":{"@type":"EntryPoint","urlTemplate":"https:\/\/clece.es\/es\/?s={search_term_string}"},"query-input":{"@type":"PropertyValueSpecification","valueRequired":true,"valueName":"search_term_string"}}],"inLanguage":"gl-ES"},{"@type":"Organization","@id":"https:\/\/clece.es\/es\/#organization","name":"Grupo Clece","url":"https:\/\/clece.es\/es\/","logo":{"@type":"ImageObject","inLanguage":"gl-ES","@id":"https:\/\/clece.es\/es\/#\/schema\/logo\/image\/","url":"https:\/\/sitio2.utopiasl.eu\/wp-content\/uploads\/2024\/10\/Logotipos_filiales_Clece_logotipo.png","contentUrl":"https:\/\/sitio2.utopiasl.eu\/wp-content\/uploads\/2024\/10\/Logotipos_filiales_Clece_logotipo.png","width":5000,"height":5000,"caption":"Grupo Clece"},"image":{"@id":"https:\/\/clece.es\/es\/#\/schema\/logo\/image\/"},"sameAs":["https:\/\/www.facebook.com\/CleceSociedadAnonima\/","https:\/\/x.com\/Clece_","https:\/\/www.linkedin.com\/company\/clece-sa\/"]}]}},"_links":{"self":[{"href":"https:\/\/clece.es\/gl\/wp-json\/wp\/v2\/pages\/144157","targetHints":{"allow":["GET"]}}],"collection":[{"href":"https:\/\/clece.es\/gl\/wp-json\/wp\/v2\/pages"}],"about":[{"href":"https:\/\/clece.es\/gl\/wp-json\/wp\/v2\/types\/page"}],"author":[{"embeddable":true,"href":"https:\/\/clece.es\/gl\/wp-json\/wp\/v2\/users\/3"}],"replies":[{"embeddable":true,"href":"https:\/\/clece.es\/gl\/wp-json\/wp\/v2\/comments?post=144157"}],"version-history":[{"count":8,"href":"https:\/\/clece.es\/gl\/wp-json\/wp\/v2\/pages\/144157\/revisions"}],"predecessor-version":[{"id":147800,"href":"https:\/\/clece.es\/gl\/wp-json\/wp\/v2\/pages\/144157\/revisions\/147800"}],"wp:attachment":[{"href":"https:\/\/clece.es\/gl\/wp-json\/wp\/v2\/media?parent=144157"}],"curies":[{"name":"wp","href":"https:\/\/api.w.org\/{rel}","templated":true}]}}