{"id":144291,"date":"2024-11-19T14:51:43","date_gmt":"2024-11-19T14:51:43","guid":{"rendered":"https:\/\/sitio2.utopiasl.eu\/?page_id=144291"},"modified":"2025-01-16T14:52:39","modified_gmt":"2025-01-16T14:52:39","slug":"subencargado-de-tratamento-de-datos-de-clece-e-filiais","status":"publish","type":"page","link":"https:\/\/clece.es\/gl\/subencargado-de-tratamento-de-datos-de-clece-e-filiais\/","title":{"rendered":"Subencargado de tratamento de datos de clece e filiais"},"content":{"rendered":"\t\t<div data-elementor-type=\"wp-page\" data-elementor-id=\"144291\" class=\"elementor elementor-144291 elementor-13356\" data-elementor-post-type=\"page\">\n\t\t\t\t<div class=\"elementor-element elementor-element-1172ab9 e-flex e-con-boxed e-con e-parent\" data-id=\"1172ab9\" data-element_type=\"container\" data-e-type=\"container\">\n\t\t\t\t\t<div class=\"e-con-inner\">\n\t\t\t\t<div class=\"elementor-element elementor-element-184fa56 elementor-widget elementor-widget-heading\" data-id=\"184fa56\" data-element_type=\"widget\" data-e-type=\"widget\" data-widget_type=\"heading.default\">\n\t\t\t\t<div class=\"elementor-widget-container\">\n\t\t\t\t\t<h2 class=\"elementor-heading-title elementor-size-default\">SUBENCARGADO DE TRATAMENTO DE DATOS DE CLECE E FILIAIS<\/h2>\t\t\t\t<\/div>\n\t\t\t\t<\/div>\n\t\t\t\t\t<\/div>\n\t\t\t\t<\/div>\n\t\t<div class=\"elementor-element elementor-element-8d99a04 e-flex e-con-boxed e-con e-parent\" data-id=\"8d99a04\" data-element_type=\"container\" data-e-type=\"container\">\n\t\t\t\t\t<div class=\"e-con-inner\">\n\t\t\t\t<div class=\"elementor-element elementor-element-7e482c4 elementor-widget elementor-widget-text-editor\" data-id=\"7e482c4\" data-element_type=\"widget\" data-e-type=\"widget\" data-widget_type=\"text-editor.default\">\n\t\t\t\t<div class=\"elementor-widget-container\">\n\t\t\t\t\t\t\t\t\t<p><strong>\u00daltima actualizaci\u00f3n: maio de 2024<\/strong><\/p><p>A fin de facilitar a prestaci\u00f3n dos nosos servizos, Clece e as s\u00faas filiais poden recorrer a provedores con acceso a determinados datos dos nosos Clientes (pola presente denominados \u00abSubencargados\u00bb). Nesta p\u00e1xina proporci\u00f3nase informaci\u00f3n importante sobre a identidade, a localizaci\u00f3n e a funci\u00f3n de cada subencargado do tratamento.<\/p><p>Clece e as s\u00faas filiais verifican regularmente que os subencargados cumpran con todas as normativas aplicables en materia de protecci\u00f3n de datos esixindo garant\u00edas que avalen o seu compromiso coa privacidade e seguridade da informaci\u00f3n.<\/p><p>Os subencargados depender\u00e1n da tipolox\u00eda ou contexto do servizo prestado por Clece ou as s\u00faas filiais e son os seguintes:<\/p><p>1. Subencargados que prestan actividades auxiliares na prestaci\u00f3n de <strong>servizos relacionados coa axuda a domicilio (SAD) ou a teleasistencia:<\/strong><\/p><table width=\"100%\"><tbody><tr><td width=\"29%\"><p><strong>Nome<\/strong><\/p><\/td><td width=\"26%\"><p><strong>Prop\u00f3sito<\/strong><\/p><\/td><td><p><strong>Localizaci\u00f3n<\/strong><\/p><\/td><td><p><strong>Transferencia Internacional<\/strong><\/p><\/td><\/tr><tr><td width=\"29%\"><p>Trevenque sistemas de informaci\u00f3n, S.L.<\/p><\/td><td width=\"26%\"><p>Aplicaci\u00f3n para a xesti\u00f3n do SAD (GESAD)<\/p><\/td><td><p>\u00a0Granada<\/p><\/td><td><p>\u00a0N\/A<\/p><\/td><\/tr><tr><td width=\"29%\"><p>Numintec Comunicaciones S.L.<\/p><\/td><td width=\"26%\"><p>Gravaci\u00f3n de chamadas no contexto da prestaci\u00f3n do SAD e teleasistencia<\/p><\/td><td><p>\u00a0Barcelona<\/p><\/td><td><p>\u00a0N\/A<\/p><\/td><\/tr><tr><td width=\"29%\"><p>Legrand Care<\/p><\/td><td width=\"26%\"><p>Plataforma de apoio ao servizo de teleasistencia<\/p><\/td><td><p>Madrid<\/p><\/td><td><p>N\/A<\/p><\/td><\/tr><\/tbody><\/table><p>\u00a0<\/p><p>2. Subencargados que prestan actividades auxiliares na xesti\u00f3n de <strong>Escolas Infant\u00eds:<\/strong><\/p><table width=\"100%\"><tbody><tr><td><p><strong>Nome<\/strong><\/p><\/td><td><p><strong>Prop\u00f3sito<\/strong><\/p><\/td><td><p><strong>Localizaci\u00f3n<\/strong><\/p><\/td><td><p><strong>Transferencia Internacional<\/strong><\/p><\/td><\/tr><tr><td><p>Kuantico Software, S.L.<\/p><\/td><td><p>\u00a0Provedor da plataforma Kinder Up (Axenda dixital entre centros e familias)<\/p><\/td><td><p>\u00a0Madrid<\/p><\/td><td><p>\u00a0N\/A<\/p><\/td><\/tr><tr><td><p>Wappa Software S.L.<\/p><\/td><td><p>Provedor da plataforma Wappa Babies (Axenda dixital entre centros e familias)<\/p><\/td><td><p>Valladolid<\/p><\/td><td><p>\u00a0N\/A<\/p><\/td><\/tr><\/tbody><\/table><p>\u00a0<\/p><p>3. Subencargados que prestan actividades auxiliares na prestaci\u00f3n de <strong>servizos de xesti\u00f3n de Residencias P\u00fablicas e centros de d\u00eda:<\/strong><\/p><table width=\"100%\"><tbody><tr><td><p><strong>Nome<\/strong><\/p><\/td><td><p><strong>Prop\u00f3sito<\/strong><\/p><\/td><td><p><strong>Localizaci\u00f3n<\/strong><\/p><\/td><td><p><strong>Transferencia internacional e mecanismo de garant\u00eda<\/strong><\/p><\/td><\/tr><tr><td><p>Aphelion Soluciones Inform\u00e1ticas<\/p><\/td><td><p>Aplicaci\u00f3n para a xesti\u00f3n integral de Residencias e Centros de D\u00eda (Resiplus)<\/p><\/td><td><p>Valencia<\/p><\/td><td><p>\u00a0N\/A<\/p><\/td><\/tr><\/tbody><\/table><p>\u00a0<\/p><p>4. Subencargados que prestan <strong>outras actividades auxiliares:<\/strong><\/p><table width=\"100%\"><tbody><tr><td><p><strong>Nome<\/strong><\/p><\/td><td><p><strong>Prop\u00f3sito<\/strong><\/p><\/td><td><p><strong>Localizaci\u00f3n<\/strong><\/p><\/td><td><p><strong>Transferencia internacional e mecanismo de garant\u00eda<\/strong><\/p><\/td><\/tr><tr><td><p>Iron Mountain Espa\u00f1a<\/p><\/td><td><p>Almacenamento e destruci\u00f3n de documentos (papel)<\/p><\/td><td><p>Madrid<\/p><\/td><td><p>\u00a0N\/A<\/p><\/td><\/tr><tr><td><p>Destrucci\u00f3n Confidencial de Documentaci\u00f3n, S.\u00a0A.<\/p><\/td><td><p>Destruci\u00f3n de documentos (papel)<\/p><\/td><td><p>Madrid<\/p><\/td><td><p>N\/A<\/p><\/td><\/tr><tr><td><p>Corporaci\u00f3n Microsoft<\/p><\/td><td><p>Provedor de servizos na nube<\/p><\/td><td><p>EUA<\/p><\/td><td><p>Si, apl\u00edcanse Cl\u00e1usulas contractuais tipo.<\/p><\/td><\/tr><tr><td><p>Iron Mountain Espa\u00f1a<\/p><\/td><td><p>Almacenamento e destruci\u00f3n de documentos (papel)<\/p><\/td><td><p>Madrid<\/p><\/td><td><p>\u00a0N\/A<\/p><\/td><\/tr><\/tbody><\/table><p>Clece e filiais actualizar\u00e1n esta p\u00e1xina polo menos 30 d\u00edas antes de contratar a un novo subencargado.<\/p>\t\t\t\t\t\t\t\t<\/div>\n\t\t\t\t<\/div>\n\t\t\t\t\t<\/div>\n\t\t\t\t<\/div>\n\t\t\t\t<\/div>\n\t\t","protected":false},"excerpt":{"rendered":"<p>SUBENCARGADO DE TRATAMENTO DE DATOS DE CLECE E FILIAIS \u00daltima actualizaci\u00f3n: maio de 2024 A fin de facilitar a prestaci\u00f3n dos nosos servizos, Clece e as s\u00faas filiais poden recorrer a provedores con acceso a determinados datos dos nosos Clientes (pola presente denominados \u00abSubencargados\u00bb). Nesta p\u00e1xina proporci\u00f3nase informaci\u00f3n importante sobre a identidade, a localizaci\u00f3n e [&hellip;]<\/p>\n","protected":false},"author":3,"featured_media":0,"parent":0,"menu_order":0,"comment_status":"closed","ping_status":"closed","template":"","meta":{"_acf_changed":false,"footnotes":""},"class_list":["post-144291","page","type-page","status-publish","hentry"],"acf":[],"yoast_head":"<!-- This site is optimized with the Yoast SEO plugin v27.2 - https:\/\/yoast.com\/product\/yoast-seo-wordpress\/ -->\n<title>Subencargado de tratamento de datos de clece e filiais - Clece<\/title>\n<meta name=\"robots\" content=\"index, follow, max-snippet:-1, max-image-preview:large, max-video-preview:-1\" \/>\n<link rel=\"canonical\" href=\"https:\/\/clece.es\/es\/subencargados-de-tratamiento-de-clece-y-filiales\/\" \/>\n<meta property=\"og:locale\" content=\"gl_ES\" \/>\n<meta property=\"og:type\" content=\"article\" \/>\n<meta property=\"og:title\" content=\"Subencargado de tratamento de datos de clece e filiais - Clece\" \/>\n<meta property=\"og:description\" content=\"SUBENCARGADO DE TRATAMENTO DE DATOS DE CLECE E FILIAIS \u00daltima actualizaci\u00f3n: maio de 2024 A fin de facilitar a prestaci\u00f3n dos nosos servizos, Clece e as s\u00faas filiais poden recorrer a provedores con acceso a determinados datos dos nosos Clientes (pola presente denominados \u00abSubencargados\u00bb). Nesta p\u00e1xina proporci\u00f3nase informaci\u00f3n importante sobre a identidade, a localizaci\u00f3n e [&hellip;]\" \/>\n<meta property=\"og:url\" content=\"https:\/\/clece.es\/es\/subencargados-de-tratamiento-de-clece-y-filiales\/\" \/>\n<meta property=\"og:site_name\" content=\"Clece\" \/>\n<meta property=\"article:publisher\" content=\"https:\/\/www.facebook.com\/CleceSociedadAnonima\/\" \/>\n<meta property=\"article:modified_time\" content=\"2025-01-16T14:52:39+00:00\" \/>\n<meta name=\"twitter:card\" content=\"summary_large_image\" \/>\n<meta name=\"twitter:site\" content=\"@Clece_\" \/>\n<meta name=\"twitter:label1\" content=\"Tempo de lectura\" \/>\n\t<meta name=\"twitter:data1\" content=\"2 minutos\" \/>\n<script type=\"application\/ld+json\" class=\"yoast-schema-graph\">{\"@context\":\"https:\/\/schema.org\",\"@graph\":[{\"@type\":\"WebPage\",\"@id\":\"https:\/\/clece.es\/es\/subencargados-de-tratamiento-de-clece-y-filiales\/\",\"url\":\"https:\/\/clece.es\/es\/subencargados-de-tratamiento-de-clece-y-filiales\/\",\"name\":\"Subencargado de tratamento de datos de clece e filiais - Clece\",\"isPartOf\":{\"@id\":\"https:\/\/clece.es\/es\/#website\"},\"datePublished\":\"2024-11-19T14:51:43+00:00\",\"dateModified\":\"2025-01-16T14:52:39+00:00\",\"breadcrumb\":{\"@id\":\"https:\/\/clece.es\/es\/subencargados-de-tratamiento-de-clece-y-filiales\/#breadcrumb\"},\"inLanguage\":\"gl-ES\",\"potentialAction\":[{\"@type\":\"ReadAction\",\"target\":[\"https:\/\/clece.es\/es\/subencargados-de-tratamiento-de-clece-y-filiales\/\"]}]},{\"@type\":\"BreadcrumbList\",\"@id\":\"https:\/\/clece.es\/es\/subencargados-de-tratamiento-de-clece-y-filiales\/#breadcrumb\",\"itemListElement\":[{\"@type\":\"ListItem\",\"position\":1,\"name\":\"Portada\",\"item\":\"https:\/\/clece.es\/es\/\"},{\"@type\":\"ListItem\",\"position\":2,\"name\":\"Subencargado de tratamento de datos de clece e filiais\"}]},{\"@type\":\"WebSite\",\"@id\":\"https:\/\/clece.es\/es\/#website\",\"url\":\"https:\/\/clece.es\/es\/\",\"name\":\"Clece\",\"description\":\"\",\"publisher\":{\"@id\":\"https:\/\/clece.es\/es\/#organization\"},\"potentialAction\":[{\"@type\":\"SearchAction\",\"target\":{\"@type\":\"EntryPoint\",\"urlTemplate\":\"https:\/\/clece.es\/es\/?s={search_term_string}\"},\"query-input\":{\"@type\":\"PropertyValueSpecification\",\"valueRequired\":true,\"valueName\":\"search_term_string\"}}],\"inLanguage\":\"gl-ES\"},{\"@type\":\"Organization\",\"@id\":\"https:\/\/clece.es\/es\/#organization\",\"name\":\"Grupo Clece\",\"url\":\"https:\/\/clece.es\/es\/\",\"logo\":{\"@type\":\"ImageObject\",\"inLanguage\":\"gl-ES\",\"@id\":\"https:\/\/clece.es\/es\/#\/schema\/logo\/image\/\",\"url\":\"https:\/\/sitio2.utopiasl.eu\/wp-content\/uploads\/2024\/10\/Logotipos_filiales_Clece_logotipo.png\",\"contentUrl\":\"https:\/\/sitio2.utopiasl.eu\/wp-content\/uploads\/2024\/10\/Logotipos_filiales_Clece_logotipo.png\",\"width\":5000,\"height\":5000,\"caption\":\"Grupo Clece\"},\"image\":{\"@id\":\"https:\/\/clece.es\/es\/#\/schema\/logo\/image\/\"},\"sameAs\":[\"https:\/\/www.facebook.com\/CleceSociedadAnonima\/\",\"https:\/\/x.com\/Clece_\",\"https:\/\/www.linkedin.com\/company\/clece-sa\/\"]}]}<\/script>\n<!-- \/ Yoast SEO plugin. -->","yoast_head_json":{"title":"Subencargado de tratamento de datos de clece e filiais - Clece","robots":{"index":"index","follow":"follow","max-snippet":"max-snippet:-1","max-image-preview":"max-image-preview:large","max-video-preview":"max-video-preview:-1"},"canonical":"https:\/\/clece.es\/es\/subencargados-de-tratamiento-de-clece-y-filiales\/","og_locale":"gl_ES","og_type":"article","og_title":"Subencargado de tratamento de datos de clece e filiais - Clece","og_description":"SUBENCARGADO DE TRATAMENTO DE DATOS DE CLECE E FILIAIS \u00daltima actualizaci\u00f3n: maio de 2024 A fin de facilitar a prestaci\u00f3n dos nosos servizos, Clece e as s\u00faas filiais poden recorrer a provedores con acceso a determinados datos dos nosos Clientes (pola presente denominados \u00abSubencargados\u00bb). Nesta p\u00e1xina proporci\u00f3nase informaci\u00f3n importante sobre a identidade, a localizaci\u00f3n e [&hellip;]","og_url":"https:\/\/clece.es\/es\/subencargados-de-tratamiento-de-clece-y-filiales\/","og_site_name":"Clece","article_publisher":"https:\/\/www.facebook.com\/CleceSociedadAnonima\/","article_modified_time":"2025-01-16T14:52:39+00:00","twitter_card":"summary_large_image","twitter_site":"@Clece_","twitter_misc":{"Tempo de lectura":"2 minutos"},"schema":{"@context":"https:\/\/schema.org","@graph":[{"@type":"WebPage","@id":"https:\/\/clece.es\/es\/subencargados-de-tratamiento-de-clece-y-filiales\/","url":"https:\/\/clece.es\/es\/subencargados-de-tratamiento-de-clece-y-filiales\/","name":"Subencargado de tratamento de datos de clece e filiais - Clece","isPartOf":{"@id":"https:\/\/clece.es\/es\/#website"},"datePublished":"2024-11-19T14:51:43+00:00","dateModified":"2025-01-16T14:52:39+00:00","breadcrumb":{"@id":"https:\/\/clece.es\/es\/subencargados-de-tratamiento-de-clece-y-filiales\/#breadcrumb"},"inLanguage":"gl-ES","potentialAction":[{"@type":"ReadAction","target":["https:\/\/clece.es\/es\/subencargados-de-tratamiento-de-clece-y-filiales\/"]}]},{"@type":"BreadcrumbList","@id":"https:\/\/clece.es\/es\/subencargados-de-tratamiento-de-clece-y-filiales\/#breadcrumb","itemListElement":[{"@type":"ListItem","position":1,"name":"Portada","item":"https:\/\/clece.es\/es\/"},{"@type":"ListItem","position":2,"name":"Subencargado de tratamento de datos de clece e filiais"}]},{"@type":"WebSite","@id":"https:\/\/clece.es\/es\/#website","url":"https:\/\/clece.es\/es\/","name":"Clece","description":"","publisher":{"@id":"https:\/\/clece.es\/es\/#organization"},"potentialAction":[{"@type":"SearchAction","target":{"@type":"EntryPoint","urlTemplate":"https:\/\/clece.es\/es\/?s={search_term_string}"},"query-input":{"@type":"PropertyValueSpecification","valueRequired":true,"valueName":"search_term_string"}}],"inLanguage":"gl-ES"},{"@type":"Organization","@id":"https:\/\/clece.es\/es\/#organization","name":"Grupo Clece","url":"https:\/\/clece.es\/es\/","logo":{"@type":"ImageObject","inLanguage":"gl-ES","@id":"https:\/\/clece.es\/es\/#\/schema\/logo\/image\/","url":"https:\/\/sitio2.utopiasl.eu\/wp-content\/uploads\/2024\/10\/Logotipos_filiales_Clece_logotipo.png","contentUrl":"https:\/\/sitio2.utopiasl.eu\/wp-content\/uploads\/2024\/10\/Logotipos_filiales_Clece_logotipo.png","width":5000,"height":5000,"caption":"Grupo Clece"},"image":{"@id":"https:\/\/clece.es\/es\/#\/schema\/logo\/image\/"},"sameAs":["https:\/\/www.facebook.com\/CleceSociedadAnonima\/","https:\/\/x.com\/Clece_","https:\/\/www.linkedin.com\/company\/clece-sa\/"]}]}},"_links":{"self":[{"href":"https:\/\/clece.es\/gl\/wp-json\/wp\/v2\/pages\/144291","targetHints":{"allow":["GET"]}}],"collection":[{"href":"https:\/\/clece.es\/gl\/wp-json\/wp\/v2\/pages"}],"about":[{"href":"https:\/\/clece.es\/gl\/wp-json\/wp\/v2\/types\/page"}],"author":[{"embeddable":true,"href":"https:\/\/clece.es\/gl\/wp-json\/wp\/v2\/users\/3"}],"replies":[{"embeddable":true,"href":"https:\/\/clece.es\/gl\/wp-json\/wp\/v2\/comments?post=144291"}],"version-history":[{"count":9,"href":"https:\/\/clece.es\/gl\/wp-json\/wp\/v2\/pages\/144291\/revisions"}],"predecessor-version":[{"id":144711,"href":"https:\/\/clece.es\/gl\/wp-json\/wp\/v2\/pages\/144291\/revisions\/144711"}],"wp:attachment":[{"href":"https:\/\/clece.es\/gl\/wp-json\/wp\/v2\/media?parent=144291"}],"curies":[{"name":"wp","href":"https:\/\/api.w.org\/{rel}","templated":true}]}}