{"id":144400,"date":"2024-10-23T10:03:12","date_gmt":"2024-10-23T10:03:12","guid":{"rendered":"https:\/\/sitio2.utopiasl.eu\/?page_id=144400"},"modified":"2025-01-23T11:36:13","modified_gmt":"2025-01-23T11:36:13","slug":"ii-foro-pola-integracion","status":"publish","type":"page","link":"https:\/\/clece.es\/gl\/conecenos\/comunicacion\/eventos\/ii-foro-pola-integracion\/","title":{"rendered":"II Foro pola Integraci\u00f3n"},"content":{"rendered":"\t\t<div data-elementor-type=\"wp-page\" data-elementor-id=\"144400\" class=\"elementor elementor-144400 elementor-8747\" data-elementor-post-type=\"page\">\n\t\t\t\t<div class=\"elementor-element elementor-element-b6bf24f e-flex e-con-boxed e-con e-parent\" data-id=\"b6bf24f\" data-element_type=\"container\" data-e-type=\"container\">\n\t\t\t\t\t<div class=\"e-con-inner\">\n\t\t<div class=\"elementor-element elementor-element-dcb9495 e-con-full e-flex e-con e-child\" data-id=\"dcb9495\" data-element_type=\"container\" data-e-type=\"container\">\n\t\t\t\t<div class=\"elementor-element elementor-element-f735b85 elementor-widget elementor-widget-heading\" data-id=\"f735b85\" data-element_type=\"widget\" data-e-type=\"widget\" data-widget_type=\"heading.default\">\n\t\t\t\t<div class=\"elementor-widget-container\">\n\t\t\t\t\t<h2 class=\"elementor-heading-title elementor-size-default\">CO\u00d1\u00c9CENOS<\/h2>\t\t\t\t<\/div>\n\t\t\t\t<\/div>\n\t\t\t\t<div class=\"elementor-element elementor-element-65e7169 elementor-widget elementor-widget-heading\" data-id=\"65e7169\" data-element_type=\"widget\" data-e-type=\"widget\" data-widget_type=\"heading.default\">\n\t\t\t\t<div class=\"elementor-widget-container\">\n\t\t\t\t\t<h2 class=\"elementor-heading-title elementor-size-default\"><a href=\"\/gl\/conecenos\/comunicacion\/\">Comunicaci\u00f3n<\/a><\/h2>\t\t\t\t<\/div>\n\t\t\t\t<\/div>\n\t\t\t\t<div class=\"elementor-element elementor-element-c1ba1ea elementor-widget elementor-widget-heading\" data-id=\"c1ba1ea\" data-element_type=\"widget\" data-e-type=\"widget\" data-widget_type=\"heading.default\">\n\t\t\t\t<div class=\"elementor-widget-container\">\n\t\t\t\t\t<h2 class=\"elementor-heading-title elementor-size-default\"><a href=\"\/gl\/conecenos\/comunicacion\/eventos\/\">Eventos<\/a><\/h2>\t\t\t\t<\/div>\n\t\t\t\t<\/div>\n\t\t\t\t<div class=\"elementor-element elementor-element-7e6cdbb elementor-widget elementor-widget-heading\" data-id=\"7e6cdbb\" data-element_type=\"widget\" data-e-type=\"widget\" data-widget_type=\"heading.default\">\n\t\t\t\t<div class=\"elementor-widget-container\">\n\t\t\t\t\t<h2 class=\"elementor-heading-title elementor-size-default\">II Foro pola Integraci\u00f3n<\/h2>\t\t\t\t<\/div>\n\t\t\t\t<\/div>\n\t\t\t\t<\/div>\n\t\t\t\t\t<\/div>\n\t\t\t\t<\/div>\n\t\t<div class=\"elementor-element elementor-element-039a57e e-flex e-con-boxed e-con e-parent\" data-id=\"039a57e\" data-element_type=\"container\" data-e-type=\"container\">\n\t\t\t\t\t<div class=\"e-con-inner\">\n\t\t<div class=\"elementor-element elementor-element-a10e20b e-con-full e-flex e-con e-child\" data-id=\"a10e20b\" data-element_type=\"container\" data-e-type=\"container\">\n\t\t<div class=\"elementor-element elementor-element-f6c69ca e-con-full e-flex e-con e-child\" data-id=\"f6c69ca\" data-element_type=\"container\" data-e-type=\"container\">\n\t\t\t\t<div class=\"elementor-element elementor-element-72b62e4 elementor-widget elementor-widget-image\" data-id=\"72b62e4\" data-element_type=\"widget\" data-e-type=\"widget\" data-widget_type=\"image.default\">\n\t\t\t\t<div class=\"elementor-widget-container\">\n\t\t\t\t\t\t\t\t\t\t\t\t\t\t\t<img fetchpriority=\"high\" decoding=\"async\" width=\"800\" height=\"403\" src=\"https:\/\/clece.es\/wp-content\/uploads\/2024\/10\/IIForo-por-la-integracion-Hay-salida-Valencia-1-1024x516.jpg\" class=\"attachment-large size-large wp-image-8782\" alt=\"\" srcset=\"https:\/\/clece.es\/wp-content\/uploads\/2024\/10\/IIForo-por-la-integracion-Hay-salida-Valencia-1-1024x516.jpg 1024w, https:\/\/clece.es\/wp-content\/uploads\/2024\/10\/IIForo-por-la-integracion-Hay-salida-Valencia-1-300x151.jpg 300w, https:\/\/clece.es\/wp-content\/uploads\/2024\/10\/IIForo-por-la-integracion-Hay-salida-Valencia-1-768x387.jpg 768w, https:\/\/clece.es\/wp-content\/uploads\/2024\/10\/IIForo-por-la-integracion-Hay-salida-Valencia-1.jpg 1271w\" sizes=\"(max-width: 800px) 100vw, 800px\" \/>\t\t\t\t\t\t\t\t\t\t\t\t\t\t\t<\/div>\n\t\t\t\t<\/div>\n\t\t\t\t<\/div>\n\t\t\t\t<div class=\"elementor-element elementor-element-584ac7b elementor-widget elementor-widget-text-editor\" data-id=\"584ac7b\" data-element_type=\"widget\" data-e-type=\"widget\" data-widget_type=\"text-editor.default\">\n\t\t\t\t<div class=\"elementor-widget-container\">\n\t\t\t\t\t\t\t\t\t<p>16-04-2015<\/p>\t\t\t\t\t\t\t\t<\/div>\n\t\t\t\t<\/div>\n\t\t\t\t<div class=\"elementor-element elementor-element-3a8f8c2 elementor-widget elementor-widget-heading\" data-id=\"3a8f8c2\" data-element_type=\"widget\" data-e-type=\"widget\" data-widget_type=\"heading.default\">\n\t\t\t\t<div class=\"elementor-widget-container\">\n\t\t\t\t\t<h2 class=\"elementor-heading-title elementor-size-default\">II Foro \"Clece pola Integraci\u00f3n\"<\/h2>\t\t\t\t<\/div>\n\t\t\t\t<\/div>\n\t\t\t\t<div class=\"elementor-element elementor-element-a972b19 elementor-widget-divider--view-line elementor-widget elementor-widget-divider\" data-id=\"a972b19\" data-element_type=\"widget\" data-e-type=\"widget\" data-widget_type=\"divider.default\">\n\t\t\t\t<div class=\"elementor-widget-container\">\n\t\t\t\t\t\t\t<div class=\"elementor-divider\">\n\t\t\t<span class=\"elementor-divider-separator\">\n\t\t\t\t\t\t<\/span>\n\t\t<\/div>\n\t\t\t\t\t\t<\/div>\n\t\t\t\t<\/div>\n\t\t\t\t<div class=\"elementor-element elementor-element-3a31415 elementor-widget elementor-widget-text-editor\" data-id=\"3a31415\" data-element_type=\"widget\" data-e-type=\"widget\" data-widget_type=\"text-editor.default\">\n\t\t\t\t<div class=\"elementor-widget-container\">\n\t\t\t\t\t\t\t\t\t<ul><li><strong>No II Foro-Coloquio \u00abClece pola Integraci\u00f3n\u00bb, diferentes axentes involucrados na atenci\u00f3n a mulleres que foron v\u00edtimas da violencia de x\u00e9nero debateron sobre os principais retos \u00e1 hora de axudar este colectivo e colaborar na s\u00faa integraci\u00f3n social.<\/strong><br \/>\u00a0<\/li><li><strong>No seu compromiso coa inserci\u00f3n de colectivos vulnerables, o presidente de Clece, Crist\u00f3bal Valderas, explicou que a maior achega que pode facer a s\u00faa empresa polas v\u00edtimas \u00e9 ofrecerlles unha oportunidade laboral.<\/strong><br \/>\u00a0<\/li><li><strong>Na actualidade, Clece ten empregadas 143 v\u00edtimas da violencia de x\u00e9nero.<\/strong><\/li><\/ul>\t\t\t\t\t\t\t\t<\/div>\n\t\t\t\t<\/div>\n\t\t\t\t<div class=\"elementor-element elementor-element-6ec0b5f elementor-widget elementor-widget-text-editor\" data-id=\"6ec0b5f\" data-element_type=\"widget\" data-e-type=\"widget\" data-widget_type=\"text-editor.default\">\n\t\t\t\t<div class=\"elementor-widget-container\">\n\t\t\t\t\t\t\t\t\t<p style=\"font-weight: 300;\"><b><strong style=\"font-style: inherit;\"><span style=\"font-style: inherit; font-weight: inherit;\">Valencia 16 de abril de 2015.<\/span><\/strong><\/b><em><strong>\u00a0<\/strong><\/em>Clece, empresa multiservizos, celebrou esta ma\u00f1\u00e1 unha xornada de debate sobre os principais retos que afrontan as mulleres v\u00edtimas da violencia de x\u00e9nero. O \u00abII Foro-Coloquio Clece pola Integraci\u00f3n\u00bb, que levou por t\u00edtulo \u00abHai sa\u00edda \u00e1 violencia de x\u00e9nero\u00bb, reuniu diferentes axentes sociais implicados na atenci\u00f3n e axuda a este colectivo, que coincidiron en sinalar que o traballo \u00e9 vital para favorecer a integraci\u00f3n social das mulleres que sufriron violencia de x\u00e9nero ao tratarse dunha ferramenta que lles permite dotarse de autoestima, autonom\u00eda e independencia.<\/p><p>Precisamente, neste sentido, os asistentes ao foro tiveron a oportunidade de co\u00f1ecer en primeira persoa o punto de vista e experiencias de d\u00faas mulleres que foron v\u00edtimas da violencia de x\u00e9nero e que puideron acceder a un posto de traballo. Lorena e Marta coincidiron en sinalar que a oportunidade laboral que lles proporcionou Clece foi unha das principais axudas para se recuperaren do trauma sufrido. Marta explicou que \u00abo estado emocional \u00e9 o primeiro que hai que tratar e coidar, pero o traballo \u00e9 esencial para recuperar a normalidade e a autoestima\u00bb. Pola s\u00faa banda, no seu testemu\u00f1o, Lorena incidiu no est\u00edmulo que representa atopar un emprego: \u00abCando parece que todas as portas est\u00e1n pechadas, o traballo representa unha motivaci\u00f3n para seguir adiante, pero, sobre todo, se nesa contorna laboral es reco\u00f1ecida como unha persoa que ten algo que achegar\u00bb.<\/p><p>Ademais destas d\u00faas mulleres, o coloquio (moderado polo xornalista Juli\u00e1n Gim\u00e9nez) contou coa participaci\u00f3n de Blanca Hern\u00e1ndez Oliver, delegada do Goberno para a violencia de x\u00e9nero; Laura Chorro, directora xeral de Familia e Muller da Consellar\u00eda de Benestar Social da Generalitat Valenciana; Crist\u00f3bal Valderas, presidente de Clece; Eva Planells, directora do Centro de Protecci\u00f3n da Muller de Valencia; e Anna Ferrer, representante da asociaci\u00f3n Alanna.<\/p><p>Tr\u00e1tase da segunda edici\u00f3n deste foro de di\u00e1logo, que se celebra \u00abdentro do compromiso social de Clece\u00bb, tal e como lembrou Crist\u00f3bal Valderas, presidente de Clece: \u00abUn compromiso social que vai m\u00e1is al\u00f3 dunha pol\u00edtica de responsabilidade social corporativa e que se integra nunha aut\u00e9ntica cultura de empresa\u00bb. Neste sentido, Valderas anunciou que a compa\u00f1\u00eda emprega actualmente m\u00e1is de 70 000 persoas, das que 5537 prove\u00f1en de colectivos vulnerables e, en concreto, 143 son mulleres que foron v\u00edtimas da violencia de x\u00e9nero.<\/p><p>O foro arrincou coa intervenci\u00f3n de Blanca Hern\u00e1ndez, delegada do Goberno para a violencia de x\u00e9nero, quen quixo salientar, en primeiro lugar, os aspectos positivos da xesti\u00f3n realizada polas distintas administraci\u00f3ns neste campo durante os \u00faltimos anos: \u00abO que fixo Espa\u00f1a na loita contra a violencia de x\u00e9nero non ten parang\u00f3n con outros pa\u00edses do mundo. Somos pioneiros en moitas medidas e recibimos permanentemente outros estados interesados en co\u00f1ecer a nosa xesti\u00f3n e modelo\u00bb. Con todo, a delegada do Goberno tam\u00e9n quixo lembrar cales son os principais campos de mellora e os asuntos que m\u00e1is preocupan: \u00abA autonom\u00eda \u00e9 un dos principais ant\u00eddotos contra a violencia de x\u00e9nero, e o traballo \u00e9 fundamental para conseguir esta independencia\u00bb. Finalmente, Blanca Hern\u00e1ndez advertiu que, malia que se estende entre a poboaci\u00f3n o rexeitamento total \u00e1 violencia f\u00edsica, a\u00ednda son aceptadas, por unha banda significativa da sociedade, formas m\u00e1is sut\u00eds de violencia, como a de control ou seguimento.<\/p><p>Pola s\u00faa banda, Laura Chorro, directora xeral de Familia e Muller da Consellar\u00eda de Benestar Social da Generalitat Valenciana, sinalou a importancia de que o sector privado se conciencie realmente do seu papel, en especial de que se cree unha aut\u00e9ntica concienciaci\u00f3n empresarial: \u00abAs empresas, ademais de valorar as bonificaci\u00f3ns fiscais para promover a contrataci\u00f3n deste colectivo, deben saber que te\u00f1en unha responsabilidade coa contorna onde se desenvolven e deber\u00edan ser conscientes do ben que poden facer atendendo problemas tan reais como o da inserci\u00f3n laboral das mulleres que sufriron a violencia de x\u00e9nero\u00bb.<\/p><p>Eva Planells, directora do Centro de Protecci\u00f3n da Muller de Valencia, resaltou como a integraci\u00f3n laboral das mulleres v\u00edtimas da violencia de x\u00e9nero \u00e9 definitiva na s\u00faa recuperaci\u00f3n an\u00edmica e psicol\u00f3xica: \u00abSen emprego \u00e9 moi dif\u00edcil a sa\u00edda. Sen un traballo c\u00f3rrese o perigo de que a v\u00edtima desande o cami\u00f1o xa percorrido. Hai que entender a importancia que ten para elas a autonom\u00eda\u00bb. As\u00ed mesmo, Planells engadiu que \u00aba soidade e o illamento son algunhas das principais barreiras para romper. \u00c9 necesario buscar &#8220;redes&#8221;, axudas que favorezan a integraci\u00f3n\u00bb.<\/p><p><em><strong>Compromiso social coa igualdade de oportunidades<\/strong><\/em><br \/>O II Foro \u00abClece pola Integraci\u00f3n\u00bb enm\u00e1rcase no\u00a0<a href=\"http:\/\/www.clecesocial.es\/\"><span lang=\"GL\">compromiso social de Clece<\/span><\/a>\u00a0coa integraci\u00f3n laboral das mulleres v\u00edtimas da violencia de x\u00e9nero. Actualmente, no seu cadro de persoal conta con 143 empregadas que pertencen a este colectivo. Este esforzo da empresa est\u00e9ndese, ademais, a outros colectivos, como persoas con discapacidade, mozos desempregados, persoas en risco de exclusi\u00f3n social e v\u00edtimas do terrorismo. Para iso, Clece colabora con m\u00e1is de 200 asociaci\u00f3ns. Na actualidade, Clece ten empregadas m\u00e1is de 70 000 persoas en Espa\u00f1a e preto de 6000 na Comunidade Valenciana.<\/p>\t\t\t\t\t\t\t\t<\/div>\n\t\t\t\t<\/div>\n\t\t\t\t<\/div>\n\t\t\t\t\t<\/div>\n\t\t\t\t<\/div>\n\t\t\t\t<\/div>\n\t\t","protected":false},"excerpt":{"rendered":"<p>CO\u00d1\u00c9CENOS Comunicaci\u00f3n Eventos II Foro pola Integraci\u00f3n 16-04-2015 II Foro &#8220;Clece pola Integraci\u00f3n&#8221; No II Foro-Coloquio \u00abClece pola Integraci\u00f3n\u00bb, diferentes axentes involucrados na atenci\u00f3n a mulleres que foron v\u00edtimas da violencia de x\u00e9nero debateron sobre os principais retos \u00e1 hora de axudar este colectivo e colaborar na s\u00faa integraci\u00f3n social.\u00a0 No seu compromiso coa inserci\u00f3n [&hellip;]<\/p>\n","protected":false},"author":3,"featured_media":0,"parent":144142,"menu_order":0,"comment_status":"closed","ping_status":"closed","template":"","meta":{"_acf_changed":false,"footnotes":""},"class_list":["post-144400","page","type-page","status-publish","hentry"],"acf":[],"yoast_head":"<!-- This site is optimized with the Yoast SEO plugin v27.3 - https:\/\/yoast.com\/product\/yoast-seo-wordpress\/ -->\n<title>II Foro pola Integraci\u00f3n | Clece<\/title>\n<meta name=\"description\" content=\"Celebraci\u00f3n en Valencia do segundo Foro pola Integraci\u00f3n de Clece co lema &quot;Hai sa\u00edda \u00e1 violencia de x\u00e9nero&quot;. Un espazo de di\u00e1logo sobre os retos laborais que afrontan as mulleres que sofren esta lacra social.\" \/>\n<meta name=\"robots\" content=\"index, follow, max-snippet:-1, max-image-preview:large, max-video-preview:-1\" \/>\n<link rel=\"canonical\" href=\"https:\/\/clece.es\/gl\/conecenos\/comunicacion\/eventos\/ii-foro-pola-integracion\/\" \/>\n<meta property=\"og:locale\" content=\"gl_ES\" \/>\n<meta property=\"og:type\" content=\"article\" \/>\n<meta property=\"og:title\" content=\"II Foro pola Integraci\u00f3n | Clece\" \/>\n<meta property=\"og:description\" content=\"Celebraci\u00f3n en Valencia do segundo Foro pola Integraci\u00f3n de Clece co lema &quot;Hai sa\u00edda \u00e1 violencia de x\u00e9nero&quot;. Un espazo de di\u00e1logo sobre os retos laborais que afrontan as mulleres que sofren esta lacra social.\" \/>\n<meta property=\"og:url\" content=\"https:\/\/clece.es\/gl\/conecenos\/comunicacion\/eventos\/ii-foro-pola-integracion\/\" \/>\n<meta property=\"og:site_name\" content=\"Clece\" \/>\n<meta property=\"article:publisher\" content=\"https:\/\/www.facebook.com\/CleceSociedadAnonima\/\" \/>\n<meta property=\"article:modified_time\" content=\"2025-01-23T11:36:13+00:00\" \/>\n<meta property=\"og:image\" content=\"http:\/\/sitio2.utopiasl.eu\/wp-content\/uploads\/2024\/10\/IIForo-por-la-integracion-Hay-salida-Valencia-1-1024x516.jpg\" \/>\n<meta name=\"twitter:card\" content=\"summary_large_image\" \/>\n<meta name=\"twitter:site\" content=\"@Clece_\" \/>\n<meta name=\"twitter:label1\" content=\"Tempo de lectura\" \/>\n\t<meta name=\"twitter:data1\" content=\"5 minutos\" \/>\n<script type=\"application\/ld+json\" class=\"yoast-schema-graph\">{\"@context\":\"https:\\\/\\\/schema.org\",\"@graph\":[{\"@type\":\"WebPage\",\"@id\":\"https:\\\/\\\/clece.es\\\/gl\\\/conecenos\\\/comunicacion\\\/eventos\\\/ii-foro-pola-integracion\\\/\",\"url\":\"https:\\\/\\\/clece.es\\\/gl\\\/conecenos\\\/comunicacion\\\/eventos\\\/ii-foro-pola-integracion\\\/\",\"name\":\"II Foro pola Integraci\u00f3n | Clece\",\"isPartOf\":{\"@id\":\"https:\\\/\\\/clece.es\\\/es\\\/#website\"},\"primaryImageOfPage\":{\"@id\":\"https:\\\/\\\/clece.es\\\/gl\\\/conecenos\\\/comunicacion\\\/eventos\\\/ii-foro-pola-integracion\\\/#primaryimage\"},\"image\":{\"@id\":\"https:\\\/\\\/clece.es\\\/gl\\\/conecenos\\\/comunicacion\\\/eventos\\\/ii-foro-pola-integracion\\\/#primaryimage\"},\"thumbnailUrl\":\"http:\\\/\\\/sitio2.utopiasl.eu\\\/wp-content\\\/uploads\\\/2024\\\/10\\\/IIForo-por-la-integracion-Hay-salida-Valencia-1-1024x516.jpg\",\"datePublished\":\"2024-10-23T10:03:12+00:00\",\"dateModified\":\"2025-01-23T11:36:13+00:00\",\"description\":\"Celebraci\u00f3n en Valencia do segundo Foro pola Integraci\u00f3n de Clece co lema \\\"Hai sa\u00edda \u00e1 violencia de x\u00e9nero\\\". Un espazo de di\u00e1logo sobre os retos laborais que afrontan as mulleres que sofren esta lacra social.\",\"breadcrumb\":{\"@id\":\"https:\\\/\\\/clece.es\\\/gl\\\/conecenos\\\/comunicacion\\\/eventos\\\/ii-foro-pola-integracion\\\/#breadcrumb\"},\"inLanguage\":\"gl-ES\",\"potentialAction\":[{\"@type\":\"ReadAction\",\"target\":[\"https:\\\/\\\/clece.es\\\/gl\\\/conecenos\\\/comunicacion\\\/eventos\\\/ii-foro-pola-integracion\\\/\"]}]},{\"@type\":\"ImageObject\",\"inLanguage\":\"gl-ES\",\"@id\":\"https:\\\/\\\/clece.es\\\/gl\\\/conecenos\\\/comunicacion\\\/eventos\\\/ii-foro-pola-integracion\\\/#primaryimage\",\"url\":\"http:\\\/\\\/sitio2.utopiasl.eu\\\/wp-content\\\/uploads\\\/2024\\\/10\\\/IIForo-por-la-integracion-Hay-salida-Valencia-1-1024x516.jpg\",\"contentUrl\":\"http:\\\/\\\/sitio2.utopiasl.eu\\\/wp-content\\\/uploads\\\/2024\\\/10\\\/IIForo-por-la-integracion-Hay-salida-Valencia-1-1024x516.jpg\"},{\"@type\":\"BreadcrumbList\",\"@id\":\"https:\\\/\\\/clece.es\\\/gl\\\/conecenos\\\/comunicacion\\\/eventos\\\/ii-foro-pola-integracion\\\/#breadcrumb\",\"itemListElement\":[{\"@type\":\"ListItem\",\"position\":1,\"name\":\"Portada\",\"item\":\"https:\\\/\\\/clece.es\\\/es\\\/\"},{\"@type\":\"ListItem\",\"position\":2,\"name\":\"Co\u00f1\u00e9cenos\",\"item\":\"https:\\\/\\\/clece.es\\\/gl\\\/conecenos\\\/\"},{\"@type\":\"ListItem\",\"position\":3,\"name\":\"Comunicaci\u00f3n\",\"item\":\"https:\\\/\\\/clece.es\\\/gl\\\/conecenos\\\/comunicacion\\\/\"},{\"@type\":\"ListItem\",\"position\":4,\"name\":\"Eventos\",\"item\":\"https:\\\/\\\/clece.es\\\/gl\\\/conecenos\\\/comunicacion\\\/eventos\\\/\"},{\"@type\":\"ListItem\",\"position\":5,\"name\":\"II Foro pola Integraci\u00f3n\"}]},{\"@type\":\"WebSite\",\"@id\":\"https:\\\/\\\/clece.es\\\/es\\\/#website\",\"url\":\"https:\\\/\\\/clece.es\\\/es\\\/\",\"name\":\"Clece\",\"description\":\"\",\"publisher\":{\"@id\":\"https:\\\/\\\/clece.es\\\/es\\\/#organization\"},\"potentialAction\":[{\"@type\":\"SearchAction\",\"target\":{\"@type\":\"EntryPoint\",\"urlTemplate\":\"https:\\\/\\\/clece.es\\\/es\\\/?s={search_term_string}\"},\"query-input\":{\"@type\":\"PropertyValueSpecification\",\"valueRequired\":true,\"valueName\":\"search_term_string\"}}],\"inLanguage\":\"gl-ES\"},{\"@type\":\"Organization\",\"@id\":\"https:\\\/\\\/clece.es\\\/es\\\/#organization\",\"name\":\"Grupo Clece\",\"url\":\"https:\\\/\\\/clece.es\\\/es\\\/\",\"logo\":{\"@type\":\"ImageObject\",\"inLanguage\":\"gl-ES\",\"@id\":\"https:\\\/\\\/clece.es\\\/es\\\/#\\\/schema\\\/logo\\\/image\\\/\",\"url\":\"https:\\\/\\\/sitio2.utopiasl.eu\\\/wp-content\\\/uploads\\\/2024\\\/10\\\/Logotipos_filiales_Clece_logotipo.png\",\"contentUrl\":\"https:\\\/\\\/sitio2.utopiasl.eu\\\/wp-content\\\/uploads\\\/2024\\\/10\\\/Logotipos_filiales_Clece_logotipo.png\",\"width\":5000,\"height\":5000,\"caption\":\"Grupo Clece\"},\"image\":{\"@id\":\"https:\\\/\\\/clece.es\\\/es\\\/#\\\/schema\\\/logo\\\/image\\\/\"},\"sameAs\":[\"https:\\\/\\\/www.facebook.com\\\/CleceSociedadAnonima\\\/\",\"https:\\\/\\\/x.com\\\/Clece_\",\"https:\\\/\\\/www.linkedin.com\\\/company\\\/clece-sa\\\/\"]}]}<\/script>\n<!-- \/ Yoast SEO plugin. -->","yoast_head_json":{"title":"II Foro pola Integraci\u00f3n | Clece","description":"Celebraci\u00f3n en Valencia do segundo Foro pola Integraci\u00f3n de Clece co lema \"Hai sa\u00edda \u00e1 violencia de x\u00e9nero\". Un espazo de di\u00e1logo sobre os retos laborais que afrontan as mulleres que sofren esta lacra social.","robots":{"index":"index","follow":"follow","max-snippet":"max-snippet:-1","max-image-preview":"max-image-preview:large","max-video-preview":"max-video-preview:-1"},"canonical":"https:\/\/clece.es\/gl\/conecenos\/comunicacion\/eventos\/ii-foro-pola-integracion\/","og_locale":"gl_ES","og_type":"article","og_title":"II Foro pola Integraci\u00f3n | Clece","og_description":"Celebraci\u00f3n en Valencia do segundo Foro pola Integraci\u00f3n de Clece co lema \"Hai sa\u00edda \u00e1 violencia de x\u00e9nero\". Un espazo de di\u00e1logo sobre os retos laborais que afrontan as mulleres que sofren esta lacra social.","og_url":"https:\/\/clece.es\/gl\/conecenos\/comunicacion\/eventos\/ii-foro-pola-integracion\/","og_site_name":"Clece","article_publisher":"https:\/\/www.facebook.com\/CleceSociedadAnonima\/","article_modified_time":"2025-01-23T11:36:13+00:00","og_image":[{"url":"http:\/\/sitio2.utopiasl.eu\/wp-content\/uploads\/2024\/10\/IIForo-por-la-integracion-Hay-salida-Valencia-1-1024x516.jpg","type":"","width":"","height":""}],"twitter_card":"summary_large_image","twitter_site":"@Clece_","twitter_misc":{"Tempo de lectura":"5 minutos"},"schema":{"@context":"https:\/\/schema.org","@graph":[{"@type":"WebPage","@id":"https:\/\/clece.es\/gl\/conecenos\/comunicacion\/eventos\/ii-foro-pola-integracion\/","url":"https:\/\/clece.es\/gl\/conecenos\/comunicacion\/eventos\/ii-foro-pola-integracion\/","name":"II Foro pola Integraci\u00f3n | Clece","isPartOf":{"@id":"https:\/\/clece.es\/es\/#website"},"primaryImageOfPage":{"@id":"https:\/\/clece.es\/gl\/conecenos\/comunicacion\/eventos\/ii-foro-pola-integracion\/#primaryimage"},"image":{"@id":"https:\/\/clece.es\/gl\/conecenos\/comunicacion\/eventos\/ii-foro-pola-integracion\/#primaryimage"},"thumbnailUrl":"http:\/\/sitio2.utopiasl.eu\/wp-content\/uploads\/2024\/10\/IIForo-por-la-integracion-Hay-salida-Valencia-1-1024x516.jpg","datePublished":"2024-10-23T10:03:12+00:00","dateModified":"2025-01-23T11:36:13+00:00","description":"Celebraci\u00f3n en Valencia do segundo Foro pola Integraci\u00f3n de Clece co lema \"Hai sa\u00edda \u00e1 violencia de x\u00e9nero\". Un espazo de di\u00e1logo sobre os retos laborais que afrontan as mulleres que sofren esta lacra social.","breadcrumb":{"@id":"https:\/\/clece.es\/gl\/conecenos\/comunicacion\/eventos\/ii-foro-pola-integracion\/#breadcrumb"},"inLanguage":"gl-ES","potentialAction":[{"@type":"ReadAction","target":["https:\/\/clece.es\/gl\/conecenos\/comunicacion\/eventos\/ii-foro-pola-integracion\/"]}]},{"@type":"ImageObject","inLanguage":"gl-ES","@id":"https:\/\/clece.es\/gl\/conecenos\/comunicacion\/eventos\/ii-foro-pola-integracion\/#primaryimage","url":"http:\/\/sitio2.utopiasl.eu\/wp-content\/uploads\/2024\/10\/IIForo-por-la-integracion-Hay-salida-Valencia-1-1024x516.jpg","contentUrl":"http:\/\/sitio2.utopiasl.eu\/wp-content\/uploads\/2024\/10\/IIForo-por-la-integracion-Hay-salida-Valencia-1-1024x516.jpg"},{"@type":"BreadcrumbList","@id":"https:\/\/clece.es\/gl\/conecenos\/comunicacion\/eventos\/ii-foro-pola-integracion\/#breadcrumb","itemListElement":[{"@type":"ListItem","position":1,"name":"Portada","item":"https:\/\/clece.es\/es\/"},{"@type":"ListItem","position":2,"name":"Co\u00f1\u00e9cenos","item":"https:\/\/clece.es\/gl\/conecenos\/"},{"@type":"ListItem","position":3,"name":"Comunicaci\u00f3n","item":"https:\/\/clece.es\/gl\/conecenos\/comunicacion\/"},{"@type":"ListItem","position":4,"name":"Eventos","item":"https:\/\/clece.es\/gl\/conecenos\/comunicacion\/eventos\/"},{"@type":"ListItem","position":5,"name":"II Foro pola Integraci\u00f3n"}]},{"@type":"WebSite","@id":"https:\/\/clece.es\/es\/#website","url":"https:\/\/clece.es\/es\/","name":"Clece","description":"","publisher":{"@id":"https:\/\/clece.es\/es\/#organization"},"potentialAction":[{"@type":"SearchAction","target":{"@type":"EntryPoint","urlTemplate":"https:\/\/clece.es\/es\/?s={search_term_string}"},"query-input":{"@type":"PropertyValueSpecification","valueRequired":true,"valueName":"search_term_string"}}],"inLanguage":"gl-ES"},{"@type":"Organization","@id":"https:\/\/clece.es\/es\/#organization","name":"Grupo Clece","url":"https:\/\/clece.es\/es\/","logo":{"@type":"ImageObject","inLanguage":"gl-ES","@id":"https:\/\/clece.es\/es\/#\/schema\/logo\/image\/","url":"https:\/\/sitio2.utopiasl.eu\/wp-content\/uploads\/2024\/10\/Logotipos_filiales_Clece_logotipo.png","contentUrl":"https:\/\/sitio2.utopiasl.eu\/wp-content\/uploads\/2024\/10\/Logotipos_filiales_Clece_logotipo.png","width":5000,"height":5000,"caption":"Grupo Clece"},"image":{"@id":"https:\/\/clece.es\/es\/#\/schema\/logo\/image\/"},"sameAs":["https:\/\/www.facebook.com\/CleceSociedadAnonima\/","https:\/\/x.com\/Clece_","https:\/\/www.linkedin.com\/company\/clece-sa\/"]}]}},"_links":{"self":[{"href":"https:\/\/clece.es\/gl\/wp-json\/wp\/v2\/pages\/144400","targetHints":{"allow":["GET"]}}],"collection":[{"href":"https:\/\/clece.es\/gl\/wp-json\/wp\/v2\/pages"}],"about":[{"href":"https:\/\/clece.es\/gl\/wp-json\/wp\/v2\/types\/page"}],"author":[{"embeddable":true,"href":"https:\/\/clece.es\/gl\/wp-json\/wp\/v2\/users\/3"}],"replies":[{"embeddable":true,"href":"https:\/\/clece.es\/gl\/wp-json\/wp\/v2\/comments?post=144400"}],"version-history":[{"count":4,"href":"https:\/\/clece.es\/gl\/wp-json\/wp\/v2\/pages\/144400\/revisions"}],"predecessor-version":[{"id":144431,"href":"https:\/\/clece.es\/gl\/wp-json\/wp\/v2\/pages\/144400\/revisions\/144431"}],"up":[{"embeddable":true,"href":"https:\/\/clece.es\/gl\/wp-json\/wp\/v2\/pages\/144142"}],"wp:attachment":[{"href":"https:\/\/clece.es\/gl\/wp-json\/wp\/v2\/media?parent=144400"}],"curies":[{"name":"wp","href":"https:\/\/api.w.org\/{rel}","templated":true}]}}