{"id":15384,"date":"2024-09-26T13:37:41","date_gmt":"2024-09-26T13:37:41","guid":{"rendered":"https:\/\/sitio2.utopiasl.eu\/declaracion-accesibilidad\/"},"modified":"2025-01-02T10:43:55","modified_gmt":"2025-01-02T10:43:55","slug":"declaracion-accesibilidad","status":"publish","type":"page","link":"https:\/\/clece.es\/gl\/declaracion-accesibilidad\/","title":{"rendered":"Declaraci\u00f3n de accesibilidad"},"content":{"rendered":"\t\t<div data-elementor-type=\"wp-page\" data-elementor-id=\"15384\" class=\"elementor elementor-15384 elementor-1357\" data-elementor-post-type=\"page\">\n\t\t\t\t<div class=\"elementor-element elementor-element-e0599bd e-flex e-con-boxed e-con e-parent\" data-id=\"e0599bd\" data-element_type=\"container\" data-e-type=\"container\">\n\t\t\t\t\t<div class=\"e-con-inner\">\n\t\t\t\t<div class=\"elementor-element elementor-element-fd0365a elementor-widget elementor-widget-heading\" data-id=\"fd0365a\" data-element_type=\"widget\" data-e-type=\"widget\" data-widget_type=\"heading.default\">\n\t\t\t\t<div class=\"elementor-widget-container\">\n\t\t\t\t\t<h2 class=\"elementor-heading-title elementor-size-default\">Declaraci\u00f3n de accesibilidade<\/h2>\t\t\t\t<\/div>\n\t\t\t\t<\/div>\n\t\t\t\t\t<\/div>\n\t\t\t\t<\/div>\n\t\t<div class=\"elementor-element elementor-element-cce0c6f e-flex e-con-boxed e-con e-parent\" data-id=\"cce0c6f\" data-element_type=\"container\" data-e-type=\"container\">\n\t\t\t\t\t<div class=\"e-con-inner\">\n\t\t\t\t<div class=\"elementor-element elementor-element-926d102 elementor-widget elementor-widget-text-editor\" data-id=\"926d102\" data-element_type=\"widget\" data-e-type=\"widget\" data-widget_type=\"text-editor.default\">\n\t\t\t\t<div class=\"elementor-widget-container\">\n\t\t\t\t\t\t\t\t\t<div id=\"container\"><section id=\"content\" role=\"main\"><article id=\"post-109578\" class=\"post-109578 page type-page status-publish hentry\"><section class=\"entry-content\"><div class=\"content\"><div class=\"center\"><p><strong>Estado de cumprimento<\/strong><\/p><p>Cremos firmemente que Internet debe ser accesible e estar a disposici\u00f3n de todo o mundo. Por iso, temos o compromiso de proporcionar un sitio web accesible ao maior n\u00famero posible de persoas, independentemente das s\u00faas circunstancias e capacidades.<\/p><p>Para logralo, o noso obxectivo consiste en adherirnos o m\u00e1is estritamente posible \u00e1s Pautas de Accesibilidade para a Contido Web 2.1 (WCAG 2.1) do Consorcio World Wide Web (W3C) no seu nivel AA. Estas directrices describen como adaptar os contidos web para que poidan resultar accesibles a persoas afectadas por diversas discapacidades. Cumprir estas directrices ax\u00fadanos a garantir que o sitio web sexa accesible para a totalidade da poboaci\u00f3n: persoas invidentes, con deficiencias motoras, visuais ou cognitivas, entre outras.<\/p><p>Este sitio web utiliza diversas tecnolox\u00edas para que resulte o m\u00e1is accesible posible. Empregamos unha interface de accesibilidade que lles permite \u00e1s persoas con discapacidades espec\u00edficas adecuar a interface de uso \u00e1s s\u00faas necesidades particulares.<\/p><p>Ademais, o sitio web emprega unha aplicaci\u00f3n baseada en intelixencia artificial que se executa en segundo plano e optimiza continuamente o nivel de accesibilidade. Esta aplicaci\u00f3n modifica o c\u00f3digo HTML do sitio web, adaptando a s\u00faa funcionalidade e comportamento aos lectores de pantalla que utilizan as persoas invidentes e \u00e1s funci\u00f3ns de teclado que utilizan as persoas con deficiencias motrices.<\/p><\/div><\/div><\/section><\/article><\/section><\/div>\t\t\t\t\t\t\t\t<\/div>\n\t\t\t\t<\/div>\n\t\t\t\t\t<\/div>\n\t\t\t\t<\/div>\n\t\t<div class=\"elementor-element elementor-element-0d30d46 e-flex e-con-boxed e-con e-parent\" data-id=\"0d30d46\" data-element_type=\"container\" data-e-type=\"container\">\n\t\t\t\t\t<div class=\"e-con-inner\">\n\t\t\t\t<div class=\"elementor-element elementor-element-f61eb4d elementor-widget elementor-widget-text-editor\" data-id=\"f61eb4d\" data-element_type=\"widget\" data-e-type=\"widget\" data-widget_type=\"text-editor.default\">\n\t\t\t\t<div class=\"elementor-widget-container\">\n\t\t\t\t\t\t\t\t\t<div id=\"container\"><section id=\"content\" role=\"main\"><article id=\"post-109578\" class=\"post-109578 page type-page status-publish hentry\"><section class=\"entry-content\"><div class=\"content\"><div class=\"center\"><p><strong>Navegaci\u00f3n mediante lector de pantalla e teclado<\/strong><\/p><p>O noso sitio web aplica a t\u00e9cnica de atributos ARIA (Accessible Rich Internet Applications, \u00abaccesibilidade en aplicaci\u00f3ns web enriquecidas\u00bb), xunto con outros cambios a nivel de comportamento, para garantir que as persoas invidentes que nos visitan con lectores de pantalla poidan ler, comprender e aproveitar as funcionalidades do sitio web. Cando unha persoa que utiliza un lector de pantalla entra no noso sitio web, solic\u00edtaselle que estableza o seu perfil de lector de pantalla para que poida navegar e facer uso do sitio web de forma satisfactoria. A continuaci\u00f3n m\u00f3strase como o noso sitio web satisfai alg\u00fans dos requisitos m\u00e1is importantes en relaci\u00f3n cos lectores de pantalla, xunto con algunhas capturas de pantalla da consola que conte\u00f1en exemplos de c\u00f3digo:<\/p><p>1. Optimizaci\u00f3n para lectores de pantalla: executamos un proceso en segundo plano que analiza todos os elementos do sitio web para garantir o cumprimento das directrices de accesibilidade mesmo no caso de que o sitio web se actualice. Neste proceso, proporci\u00f3nanse aos lectores de pantalla os datos que necesitan para o seu correcto funcionamento, utilizando para iso o conxunto de atributos ARIA. Por exemplo, forn\u00e9cense<\/p><p>etiquetas apropiadas para os formularios, descrici\u00f3ns para as iconas que permiten realizar acci\u00f3ns (iconas de redes sociais, iconas de procura, iconas de carro da compra etc.), indicaci\u00f3ns para validar as entradas nos formularios, elementos como bot\u00f3ns, men\u00fas, di\u00e1logos modais (xanelas emerxentes) e outros. As\u00ed mesmo, o proceso en segundo plano escanea todas as imaxes do sitio web e proporciona unha descrici\u00f3n precisa e relevante baseada en reco\u00f1ecemento de obxectos mediante etiquetas ALT (texto alternativo) para as imaxes que non est\u00e1n identificadas. Tam\u00e9n se extraen os textos que cont\u00e9n a imaxe por medio de tecnolox\u00eda OCR (reco\u00f1ecemento \u00f3ptico de caracteres). P\u00f3dense activar os controis do lector de pantalla en calquera momento con tan s\u00f3 premer a combinaci\u00f3n de teclas Alt+1. Ademais, quen empregue un lector de pantalla recibe un aviso autom\u00e1tico para que active o modo de lector de pantalla nada m\u00e1is entrar no sitio web.<\/p><p>Esta configuraci\u00f3n \u00e9 compatible cos lectores de pantalla m\u00e1is populares, tales como JAWS e NVDA.<\/p><p>2. Optimizaci\u00f3n da navegaci\u00f3n desde o teclado: o proceso en segundo plano tam\u00e9n adapta o c\u00f3digo HTML do sitio web, engadindo diversos comportamentos mediante o uso de c\u00f3digo JavaScript. Deste xeito, o sitio web pode manexarse a trav\u00e9s do teclado. As\u00ed, \u00e9 posible navegar polo sitio web utilizando as teclas Tabulador e Mai\u00fasc+Tabulador, desprazarse polos elementos despregables coas teclas de cursor, pechalos con Esc, premer sobre bot\u00f3ns e ligaz\u00f3ns coa tecla Intro, moverse entre bot\u00f3ns de opci\u00f3n e casas de verificaci\u00f3n coas teclas de cursor, e marcalos co espazador ou a tecla Intro. Ademais, quen utilice o teclado poder\u00e1 acceder en calquera momento a men\u00fas de navegaci\u00f3n r\u00e1pida e aqueles que permiten omitir contidos con tan s\u00f3 premer Alt+1 (estas ser\u00e1n tam\u00e9n as primeiras opci\u00f3ns ao navegar polo sitio web). O proceso en segundo plano tam\u00e9n xestiona as xanelas emerxentes, fac\u00e9ndoas accesibles desde o teclado en canto se mostran e mentres estean activas.<\/p><p>Tam\u00e9n se poden utilizar atallos de teclado premendo teclas tales como \u00abM\u00bb (para os men\u00fas), \u00abH\u00bb (cabeceiras), \u00abF\u00bb (formularios), \u00abB\u00bb (bot\u00f3ns) e \u00abG\u00bb (gr\u00e1ficos) a fin de acceder directamente a elementos espec\u00edficos.<\/p><\/div><\/div><\/section><\/article><\/section><\/div>\t\t\t\t\t\t\t\t<\/div>\n\t\t\t\t<\/div>\n\t\t\t\t\t<\/div>\n\t\t\t\t<\/div>\n\t\t<div class=\"elementor-element elementor-element-b327796 e-flex e-con-boxed e-con e-parent\" data-id=\"b327796\" data-element_type=\"container\" data-e-type=\"container\">\n\t\t\t\t\t<div class=\"e-con-inner\">\n\t\t\t\t<div class=\"elementor-element elementor-element-9e389fb elementor-widget elementor-widget-text-editor\" data-id=\"9e389fb\" data-element_type=\"widget\" data-e-type=\"widget\" data-widget_type=\"text-editor.default\">\n\t\t\t\t<div class=\"elementor-widget-container\">\n\t\t\t\t\t\t\t\t\t<div id=\"container\"><section id=\"content\" role=\"main\"><article id=\"post-109578\" class=\"post-109578 page type-page status-publish hentry\"><section class=\"entry-content\"><div class=\"content\"><div class=\"center\"><p><strong>Perf\u00eds de discapacidade compatibles co noso sitio web<\/strong><\/p><ul><li>Modo seguro para epilepsia: este perfil permite \u00e1s persoas con epilepsia navegar de forma segura a trav\u00e9s do sitio web, ao evitar o risco de convulsi\u00f3ns provocadas por animaci\u00f3ns que mostran pestanexos e combinaci\u00f3ns de cores que poidan resultar prexudiciais.<\/li><li>Modo para persoas con discapacidade visual: este modo adapta o sitio web \u00e1s necesidades das persoas con discapacidades visuais, tales como degradaci\u00f3n da vista, visi\u00f3n t\u00fanel, cataratas, glaucoma etc.<\/li><li>Modo para discapacidades cognitivas: este modo proporciona diferentes funci\u00f3ns de asistencia para que as persoas con discapacidades cognitivas, como dislexia, autismo, que sufriron un accidente cerebrovascular etc., poidan concentrarse m\u00e1is facilmente nos elementos esenciais do sitio web.<\/li><li>Modo adaptado para persoas con TDAH: este modo facilita que as persoas con trastornos TDAH e de neurodesenvolvemento poidan ler, navegar e concentrarse nos elementos principais do sitio web con maior facilidade, \u00e1 vez que reduce significativamente as distracci\u00f3ns.<\/li><li>Modo para persoas invidentes: este modo adapta o sitio web para que sexa compatible con lectores de pantalla tales como JAWS, NVDA, VoiceOver e TalkBack. Un lector de pantalla \u00e9 unha aplicaci\u00f3n dese\u00f1ada para persoas invidentes que pode utilizarse en computadores e tel\u00e9fonos intelixentes e para a que os sitios web deben estar dese\u00f1ados a fin de poder ser compatibles con ela.<\/li><li>Perfil de navegaci\u00f3n para teclado (persoas con discapacidades motrices): este perfil permite \u00e1s persoas que sofren discapacidades motrices navegar a trav\u00e9s do sitio web mediante a tecla Tabulador, Mai\u00fasc+Tabulador e Intro. Tam\u00e9n se poden utilizar atallos de teclado premendo teclas tales como \u00abM\u00bb (para os men\u00fas), \u00abH\u00bb (cabeceiras), \u00abF\u00bb (formularios), \u00abB\u00bb (bot\u00f3ns) e \u00abG\u00bb (gr\u00e1ficos) a fin de acceder directamente a elementos espec\u00edficos.<\/li><li>\u00a0<\/li><\/ul><\/div><\/div><\/section><\/article><\/section><\/div>\t\t\t\t\t\t\t\t<\/div>\n\t\t\t\t<\/div>\n\t\t\t\t\t<\/div>\n\t\t\t\t<\/div>\n\t\t<div class=\"elementor-element elementor-element-99dcd07 e-flex e-con-boxed e-con e-parent\" data-id=\"99dcd07\" data-element_type=\"container\" data-e-type=\"container\">\n\t\t\t\t\t<div class=\"e-con-inner\">\n\t\t\t\t<div class=\"elementor-element elementor-element-7f1f51a elementor-widget elementor-widget-text-editor\" data-id=\"7f1f51a\" data-element_type=\"widget\" data-e-type=\"widget\" data-widget_type=\"text-editor.default\">\n\t\t\t\t<div class=\"elementor-widget-container\">\n\t\t\t\t\t\t\t\t\t<div id=\"container\"><section id=\"content\" role=\"main\"><article id=\"post-109578\" class=\"post-109578 page type-page status-publish hentry\"><section class=\"entry-content\"><div class=\"content\"><div class=\"center\"><p><strong>Configuraci\u00f3n adicional da interface de uso, dese\u00f1o e lexibilidade<\/strong><\/p><ul><li>Axuste de fontes: p\u00f3dese aumentar e reducir o tama\u00f1o, elixir a familia (tipo de letra), axustar o espazado, a ali\u00f1aci\u00f3n, a altura de li\u00f1a etc.<\/li><li>Axuste de cor: p\u00f3dense seleccionar varios perf\u00eds de contraste en relaci\u00f3n coa cor, tales como claro, escuro, invertido e monocromo. Ademais, \u00e9 posible cambiar os esquemas de cor dos t\u00edtulos, textos e fondos, para o que se disp\u00f3n de m\u00e1is de sete opci\u00f3ns diferentes.<\/li><li>Animaci\u00f3ns: as persoas epil\u00e9pticas poden deter todas as animaci\u00f3ns en execuci\u00f3n con tan s\u00f3 premer un bot\u00f3n. As animaci\u00f3ns que pode controlar a interface son, entre outras, v\u00eddeos, GIF e transici\u00f3ns CSS con pestanexos.<\/li><li>Resaltado de contido: existe a opci\u00f3n de resaltar elementos importantes tales como ligaz\u00f3ns e t\u00edtulos. Tam\u00e9n se pode elixir resaltar s\u00f3 os elementos seleccionados ou sobre os que se desprace o rato.<\/li><li>Funci\u00f3n para silenciar o audio: algunhas persoas que utilizan audi\u00f3fonos poden sufrir dores de cabeza ou outros problemas debido \u00e1 reproduci\u00f3n autom\u00e1tica de sons. Esta opci\u00f3n permite silenciar a totalidade do sitio web ao instante.<\/li><li>Desordes cognitivas: utilizamos un motor de procura vinculado a Wikipedia e Wiktionary que posibilita que as persoas con desordes cognitivas poidan interpretar o significado de frases, siglas, expresi\u00f3ns populares etc.<\/li><li>Funci\u00f3ns adicionais: ofrecemos a opci\u00f3n de modificar a cor e tama\u00f1o do cursor, utilizar un modo de impresi\u00f3n, activar un teclado virtual e un gran n\u00famero de funci\u00f3ns adicionais.<\/li><li>\u00a0<\/li><\/ul><\/div><\/div><\/section><\/article><\/section><\/div>\t\t\t\t\t\t\t\t<\/div>\n\t\t\t\t<\/div>\n\t\t\t\t\t<\/div>\n\t\t\t\t<\/div>\n\t\t<div class=\"elementor-element elementor-element-e79a151 e-flex e-con-boxed e-con e-parent\" data-id=\"e79a151\" data-element_type=\"container\" data-e-type=\"container\">\n\t\t\t\t\t<div class=\"e-con-inner\">\n\t\t\t\t<div class=\"elementor-element elementor-element-d41cd93 elementor-widget elementor-widget-text-editor\" data-id=\"d41cd93\" data-element_type=\"widget\" data-e-type=\"widget\" data-widget_type=\"text-editor.default\">\n\t\t\t\t<div class=\"elementor-widget-container\">\n\t\t\t\t\t\t\t\t\t<p><strong>Compatibilidade con navegadores e tecnolox\u00edas de asistencia<\/strong><\/p><p>O noso obxectivo \u00e9 que o noso sitio web sexa compatible cunha ampla variedade de navegadores e tecnolox\u00edas de asistencia co fin de que os nosos usuarios poidan elixir as ferramentas que mellor se adapten \u00e1s s\u00faas necesidades e experimenten as\u00ed as menores limitaci\u00f3ns posibles. Para iso, esforz\u00e1monos ao m\u00e1ximo en ofrecer compatibilidade cos principais navegadores, que en conxunto supo\u00f1en m\u00e1is do 95 % das persoas usuarias, tales como Google Chrome, Mozilla Firefox, Safari de Apple, Opera e Microsoft Edge, as\u00ed como JAWS e NVDA (lectores de pantalla), tanto nas s\u00faas versi\u00f3ns para Windows coma para Mac.<\/p>\t\t\t\t\t\t\t\t<\/div>\n\t\t\t\t<\/div>\n\t\t\t\t\t<\/div>\n\t\t\t\t<\/div>\n\t\t<div class=\"elementor-element elementor-element-6539a44 e-flex e-con-boxed e-con e-parent\" data-id=\"6539a44\" data-element_type=\"container\" data-e-type=\"container\">\n\t\t\t\t\t<div class=\"e-con-inner\">\n\t\t\t\t<div class=\"elementor-element elementor-element-cbaee01 elementor-widget elementor-widget-text-editor\" data-id=\"cbaee01\" data-element_type=\"widget\" data-e-type=\"widget\" data-widget_type=\"text-editor.default\">\n\t\t\t\t<div class=\"elementor-widget-container\">\n\t\t\t\t\t\t\t\t\t<div><section role=\"main\"><article><section><div><div><p><strong>Notas, comentarios e suxesti\u00f3ns<\/strong><\/p><p>A\u00ednda que nos esforzamos ao m\u00e1ximo para que calquera persoa poida adaptar o sitio web \u00e1s s\u00faas necesidades, \u00e9 posible que a\u00ednda existan p\u00e1xinas ou secci\u00f3ns que non resulten enteiramente accesibles, que estean en proceso de converterse en accesibles ou para as que non exista neste momento unha soluci\u00f3n tecnol\u00f3xica adecuada para transformalas en accesibles. Seguimos mellorando decontino as nosas capacidades de accesibilidade, engadindo, actualizando e mellorando funcionalidades e opci\u00f3ns, as\u00ed como desenvolvendo e adoptando novas tecnolox\u00edas, todo isto co fin de acadar un nivel \u00f3ptimo de accesibilidade, conforme aos \u00faltimos avances tecnol\u00f3xicos.<\/p><\/div><\/div><\/section><\/article><\/section><\/div>\t\t\t\t\t\t\t\t<\/div>\n\t\t\t\t<\/div>\n\t\t\t\t\t<\/div>\n\t\t\t\t<\/div>\n\t\t\t\t<\/div>\n\t\t","protected":false},"excerpt":{"rendered":"<p>Declaraci\u00f3n de accesibilidade Estado de cumprimento Cremos firmemente que Internet debe ser accesible e estar a disposici\u00f3n de todo o mundo. Por iso, temos o compromiso de proporcionar un sitio web accesible ao maior n\u00famero posible de persoas, independentemente das s\u00faas circunstancias e capacidades. Para logralo, o noso obxectivo consiste en adherirnos o m\u00e1is estritamente [&hellip;]<\/p>\n","protected":false},"author":3,"featured_media":0,"parent":0,"menu_order":0,"comment_status":"closed","ping_status":"closed","template":"","meta":{"_acf_changed":false,"footnotes":""},"class_list":["post-15384","page","type-page","status-publish","hentry"],"acf":[],"yoast_head":"<!-- This site is optimized with the Yoast SEO plugin v27.2 - https:\/\/yoast.com\/product\/yoast-seo-wordpress\/ -->\n<title>Declaraci\u00f3n de accesibilidad - Clece<\/title>\n<meta name=\"robots\" content=\"index, follow, max-snippet:-1, max-image-preview:large, max-video-preview:-1\" \/>\n<link rel=\"canonical\" href=\"https:\/\/clece.es\/gl\/declaracion-accesibilidad\/\" \/>\n<meta property=\"og:locale\" content=\"gl_ES\" \/>\n<meta property=\"og:type\" content=\"article\" \/>\n<meta property=\"og:title\" content=\"Declaraci\u00f3n de accesibilidad - Clece\" \/>\n<meta property=\"og:description\" content=\"Declaraci\u00f3n de accesibilidade Estado de cumprimento Cremos firmemente que Internet debe ser accesible e estar a disposici\u00f3n de todo o mundo. Por iso, temos o compromiso de proporcionar un sitio web accesible ao maior n\u00famero posible de persoas, independentemente das s\u00faas circunstancias e capacidades. Para logralo, o noso obxectivo consiste en adherirnos o m\u00e1is estritamente [&hellip;]\" \/>\n<meta property=\"og:url\" content=\"https:\/\/clece.es\/gl\/declaracion-accesibilidad\/\" \/>\n<meta property=\"og:site_name\" content=\"Clece\" \/>\n<meta property=\"article:publisher\" content=\"https:\/\/www.facebook.com\/CleceSociedadAnonima\/\" \/>\n<meta property=\"article:modified_time\" content=\"2025-01-02T10:43:55+00:00\" \/>\n<meta name=\"twitter:card\" content=\"summary_large_image\" \/>\n<meta name=\"twitter:site\" content=\"@Clece_\" \/>\n<meta name=\"twitter:label1\" content=\"Tempo de lectura\" \/>\n\t<meta name=\"twitter:data1\" content=\"9 minutos\" \/>\n<script type=\"application\/ld+json\" class=\"yoast-schema-graph\">{\"@context\":\"https:\/\/schema.org\",\"@graph\":[{\"@type\":\"WebPage\",\"@id\":\"https:\/\/clece.es\/gl\/declaracion-accesibilidad\/\",\"url\":\"https:\/\/clece.es\/gl\/declaracion-accesibilidad\/\",\"name\":\"Declaraci\u00f3n de accesibilidad - Clece\",\"isPartOf\":{\"@id\":\"https:\/\/clece.es\/es\/#website\"},\"datePublished\":\"2024-09-26T13:37:41+00:00\",\"dateModified\":\"2025-01-02T10:43:55+00:00\",\"breadcrumb\":{\"@id\":\"https:\/\/clece.es\/gl\/declaracion-accesibilidad\/#breadcrumb\"},\"inLanguage\":\"gl-ES\",\"potentialAction\":[{\"@type\":\"ReadAction\",\"target\":[\"https:\/\/clece.es\/gl\/declaracion-accesibilidad\/\"]}]},{\"@type\":\"BreadcrumbList\",\"@id\":\"https:\/\/clece.es\/gl\/declaracion-accesibilidad\/#breadcrumb\",\"itemListElement\":[{\"@type\":\"ListItem\",\"position\":1,\"name\":\"Portada\",\"item\":\"https:\/\/clece.es\/es\/\"},{\"@type\":\"ListItem\",\"position\":2,\"name\":\"Declaraci\u00f3n de accesibilidad\"}]},{\"@type\":\"WebSite\",\"@id\":\"https:\/\/clece.es\/es\/#website\",\"url\":\"https:\/\/clece.es\/es\/\",\"name\":\"Clece\",\"description\":\"\",\"publisher\":{\"@id\":\"https:\/\/clece.es\/es\/#organization\"},\"potentialAction\":[{\"@type\":\"SearchAction\",\"target\":{\"@type\":\"EntryPoint\",\"urlTemplate\":\"https:\/\/clece.es\/es\/?s={search_term_string}\"},\"query-input\":{\"@type\":\"PropertyValueSpecification\",\"valueRequired\":true,\"valueName\":\"search_term_string\"}}],\"inLanguage\":\"gl-ES\"},{\"@type\":\"Organization\",\"@id\":\"https:\/\/clece.es\/es\/#organization\",\"name\":\"Grupo Clece\",\"url\":\"https:\/\/clece.es\/es\/\",\"logo\":{\"@type\":\"ImageObject\",\"inLanguage\":\"gl-ES\",\"@id\":\"https:\/\/clece.es\/es\/#\/schema\/logo\/image\/\",\"url\":\"https:\/\/sitio2.utopiasl.eu\/wp-content\/uploads\/2024\/10\/Logotipos_filiales_Clece_logotipo.png\",\"contentUrl\":\"https:\/\/sitio2.utopiasl.eu\/wp-content\/uploads\/2024\/10\/Logotipos_filiales_Clece_logotipo.png\",\"width\":5000,\"height\":5000,\"caption\":\"Grupo Clece\"},\"image\":{\"@id\":\"https:\/\/clece.es\/es\/#\/schema\/logo\/image\/\"},\"sameAs\":[\"https:\/\/www.facebook.com\/CleceSociedadAnonima\/\",\"https:\/\/x.com\/Clece_\",\"https:\/\/www.linkedin.com\/company\/clece-sa\/\"]}]}<\/script>\n<!-- \/ Yoast SEO plugin. -->","yoast_head_json":{"title":"Declaraci\u00f3n de accesibilidad - Clece","robots":{"index":"index","follow":"follow","max-snippet":"max-snippet:-1","max-image-preview":"max-image-preview:large","max-video-preview":"max-video-preview:-1"},"canonical":"https:\/\/clece.es\/gl\/declaracion-accesibilidad\/","og_locale":"gl_ES","og_type":"article","og_title":"Declaraci\u00f3n de accesibilidad - Clece","og_description":"Declaraci\u00f3n de accesibilidade Estado de cumprimento Cremos firmemente que Internet debe ser accesible e estar a disposici\u00f3n de todo o mundo. Por iso, temos o compromiso de proporcionar un sitio web accesible ao maior n\u00famero posible de persoas, independentemente das s\u00faas circunstancias e capacidades. Para logralo, o noso obxectivo consiste en adherirnos o m\u00e1is estritamente [&hellip;]","og_url":"https:\/\/clece.es\/gl\/declaracion-accesibilidad\/","og_site_name":"Clece","article_publisher":"https:\/\/www.facebook.com\/CleceSociedadAnonima\/","article_modified_time":"2025-01-02T10:43:55+00:00","twitter_card":"summary_large_image","twitter_site":"@Clece_","twitter_misc":{"Tempo de lectura":"9 minutos"},"schema":{"@context":"https:\/\/schema.org","@graph":[{"@type":"WebPage","@id":"https:\/\/clece.es\/gl\/declaracion-accesibilidad\/","url":"https:\/\/clece.es\/gl\/declaracion-accesibilidad\/","name":"Declaraci\u00f3n de accesibilidad - Clece","isPartOf":{"@id":"https:\/\/clece.es\/es\/#website"},"datePublished":"2024-09-26T13:37:41+00:00","dateModified":"2025-01-02T10:43:55+00:00","breadcrumb":{"@id":"https:\/\/clece.es\/gl\/declaracion-accesibilidad\/#breadcrumb"},"inLanguage":"gl-ES","potentialAction":[{"@type":"ReadAction","target":["https:\/\/clece.es\/gl\/declaracion-accesibilidad\/"]}]},{"@type":"BreadcrumbList","@id":"https:\/\/clece.es\/gl\/declaracion-accesibilidad\/#breadcrumb","itemListElement":[{"@type":"ListItem","position":1,"name":"Portada","item":"https:\/\/clece.es\/es\/"},{"@type":"ListItem","position":2,"name":"Declaraci\u00f3n de accesibilidad"}]},{"@type":"WebSite","@id":"https:\/\/clece.es\/es\/#website","url":"https:\/\/clece.es\/es\/","name":"Clece","description":"","publisher":{"@id":"https:\/\/clece.es\/es\/#organization"},"potentialAction":[{"@type":"SearchAction","target":{"@type":"EntryPoint","urlTemplate":"https:\/\/clece.es\/es\/?s={search_term_string}"},"query-input":{"@type":"PropertyValueSpecification","valueRequired":true,"valueName":"search_term_string"}}],"inLanguage":"gl-ES"},{"@type":"Organization","@id":"https:\/\/clece.es\/es\/#organization","name":"Grupo Clece","url":"https:\/\/clece.es\/es\/","logo":{"@type":"ImageObject","inLanguage":"gl-ES","@id":"https:\/\/clece.es\/es\/#\/schema\/logo\/image\/","url":"https:\/\/sitio2.utopiasl.eu\/wp-content\/uploads\/2024\/10\/Logotipos_filiales_Clece_logotipo.png","contentUrl":"https:\/\/sitio2.utopiasl.eu\/wp-content\/uploads\/2024\/10\/Logotipos_filiales_Clece_logotipo.png","width":5000,"height":5000,"caption":"Grupo Clece"},"image":{"@id":"https:\/\/clece.es\/es\/#\/schema\/logo\/image\/"},"sameAs":["https:\/\/www.facebook.com\/CleceSociedadAnonima\/","https:\/\/x.com\/Clece_","https:\/\/www.linkedin.com\/company\/clece-sa\/"]}]}},"_links":{"self":[{"href":"https:\/\/clece.es\/gl\/wp-json\/wp\/v2\/pages\/15384","targetHints":{"allow":["GET"]}}],"collection":[{"href":"https:\/\/clece.es\/gl\/wp-json\/wp\/v2\/pages"}],"about":[{"href":"https:\/\/clece.es\/gl\/wp-json\/wp\/v2\/types\/page"}],"author":[{"embeddable":true,"href":"https:\/\/clece.es\/gl\/wp-json\/wp\/v2\/users\/3"}],"replies":[{"embeddable":true,"href":"https:\/\/clece.es\/gl\/wp-json\/wp\/v2\/comments?post=15384"}],"version-history":[{"count":16,"href":"https:\/\/clece.es\/gl\/wp-json\/wp\/v2\/pages\/15384\/revisions"}],"predecessor-version":[{"id":142636,"href":"https:\/\/clece.es\/gl\/wp-json\/wp\/v2\/pages\/15384\/revisions\/142636"}],"wp:attachment":[{"href":"https:\/\/clece.es\/gl\/wp-json\/wp\/v2\/media?parent=15384"}],"curies":[{"name":"wp","href":"https:\/\/api.w.org\/{rel}","templated":true}]}}