{"id":8711,"date":"2024-09-17T11:31:55","date_gmt":"2024-09-17T11:31:55","guid":{"rendered":"https:\/\/sitio2.utopiasl.eu\/?page_id=8711"},"modified":"2025-01-24T10:22:26","modified_gmt":"2025-01-24T10:22:26","slug":"aviso-legal","status":"publish","type":"page","link":"https:\/\/clece.es\/gl\/aviso-legal\/","title":{"rendered":"Aviso legal"},"content":{"rendered":"\t\t<div data-elementor-type=\"wp-page\" data-elementor-id=\"8711\" class=\"elementor elementor-8711 elementor-175\" data-elementor-post-type=\"page\">\n\t\t\t\t<div class=\"elementor-element elementor-element-3b343b7 e-flex e-con-boxed e-con e-parent\" data-id=\"3b343b7\" data-element_type=\"container\" data-e-type=\"container\">\n\t\t\t\t\t<div class=\"e-con-inner\">\n\t\t\t\t<div class=\"elementor-element elementor-element-4cb8297 elementor-widget elementor-widget-heading\" data-id=\"4cb8297\" data-element_type=\"widget\" data-e-type=\"widget\" data-widget_type=\"heading.default\">\n\t\t\t\t<div class=\"elementor-widget-container\">\n\t\t\t\t\t<h2 class=\"elementor-heading-title elementor-size-default\">AVISO LEGAL<\/h2>\t\t\t\t<\/div>\n\t\t\t\t<\/div>\n\t\t\t\t\t<\/div>\n\t\t\t\t<\/div>\n\t\t<div class=\"elementor-element elementor-element-908d245 e-flex e-con-boxed e-con e-parent\" data-id=\"908d245\" data-element_type=\"container\" data-e-type=\"container\">\n\t\t\t\t\t<div class=\"e-con-inner\">\n\t\t\t\t<div class=\"elementor-element elementor-element-54aac86 elementor-widget elementor-widget-text-editor\" data-id=\"54aac86\" data-element_type=\"widget\" data-e-type=\"widget\" data-widget_type=\"text-editor.default\">\n\t\t\t\t<div class=\"elementor-widget-container\">\n\t\t\t\t\t\t\t\t\t<p><strong>DATOS IDENTIFICATIVOS<\/strong>:<\/p><p>En cumprimento co deber de informaci\u00f3n recollido no artigo 10 da Lei 34\/2002, de 11 de xullo, de servizos da sociedade da informaci\u00f3n e do comercio electr\u00f3nico, a continuaci\u00f3n rec\u00f3llense os datos seguintes:<\/p><p>A empresa titular deste sitio web \u00e9 CLECE, S.A., con domicilio social en C\/Quintanavides, 19. Edificio 4 -28050 Madrid con n\u00famero de CIF A80364243, inscrita no Rexistro Mercantil de Madrid no tomo 3176, folio 101, folla M-54.213, inscrici\u00f3n 1.\u00aa.<\/p><p>Correo electr\u00f3nico de contacto clece@grupoclece.com<\/p>\t\t\t\t\t\t\t\t<\/div>\n\t\t\t\t<\/div>\n\t\t\t\t\t<\/div>\n\t\t\t\t<\/div>\n\t\t<div class=\"elementor-element elementor-element-f004939 e-flex e-con-boxed e-con e-parent\" data-id=\"f004939\" data-element_type=\"container\" data-e-type=\"container\">\n\t\t\t\t\t<div class=\"e-con-inner\">\n\t\t\t\t<div class=\"elementor-element elementor-element-fd58d47 elementor-widget elementor-widget-text-editor\" data-id=\"fd58d47\" data-element_type=\"widget\" data-e-type=\"widget\" data-widget_type=\"text-editor.default\">\n\t\t\t\t<div class=\"elementor-widget-container\">\n\t\t\t\t\t\t\t\t\t<p><strong>USUARIOS:<\/strong><\/p><p>O acceso e\/ou uso do sitio web clece.es (en diante, \u201cSitio web\u201d) atrib\u00fae a condici\u00f3n de USUARIO, que acepta, dende o devandito acceso e\/ou uso, as condici\u00f3ns xerais de uso aqu\u00ed recollidas. As citadas condici\u00f3ns ser\u00e1n de aplicaci\u00f3n independentemente das condici\u00f3ns particulares que, no seu caso, rexan a utilizaci\u00f3n do sitio web ou dos servizos vinculados a el. A prestaci\u00f3n do servizo do sitio web ten car\u00e1cter gratu\u00edto.<\/p><p>Cando o USUARIO se rexistre e facilite datos persoais para poder acceder a alg\u00fan dos servizos espec\u00edficos, a recolleita e o tratamento dos datos persoais dos USUARIOS rexeranse polo disposto no ep\u00edgrafe sobre seguridade e protecci\u00f3n de datos de car\u00e1cter persoal.<\/p>\t\t\t\t\t\t\t\t<\/div>\n\t\t\t\t<\/div>\n\t\t\t\t\t<\/div>\n\t\t\t\t<\/div>\n\t\t<div class=\"elementor-element elementor-element-a85b003 e-flex e-con-boxed e-con e-parent\" data-id=\"a85b003\" data-element_type=\"container\" data-e-type=\"container\">\n\t\t\t\t\t<div class=\"e-con-inner\">\n\t\t\t\t<div class=\"elementor-element elementor-element-b358a8a elementor-widget elementor-widget-text-editor\" data-id=\"b358a8a\" data-element_type=\"widget\" data-e-type=\"widget\" data-widget_type=\"text-editor.default\">\n\t\t\t\t<div class=\"elementor-widget-container\">\n\t\t\t\t\t\t\t\t\t<p><strong>OBRIGAS DO USUARIO:<\/strong><\/p><p>O simple acceso, navegaci\u00f3n e uso do sitio web conleva e sup\u00f3n a aceptaci\u00f3n polo usuario do aviso legal vixente e publicado en cada momento.<\/p><p>O sitio web de\u00a0<a href=\"https:\/\/www.clece.es\/\"><u>www.clece.es\/\/<\/u><\/a>\u00a0proporciona acceso a multitude de informaci\u00f3n, servizos, programas ou datos (en diante, \u201cos contidos\u201d) en internet pertencentes a CLECE, S.A. ou \u00e1s s\u00faas licenciantes aos que o USUARIO poida ter acceso..<\/p><p>O USUARIO asume a responsabilidade do uso do portal. Esta responsabilidade est\u00e9ndese ao rexistro que fose necesario para acceder a determinados servizos ou contidos. No devandito rexistro, o USUARIO ser\u00e1 responsable de achegar informaci\u00f3n veraz e l\u00edcita. Como consecuencia deste rexistro, ao USUARIO p\u00f3deselle proporcionar un contrasinal do que ser\u00e1 responsable, compromet\u00e9ndose a facer un uso dilixente e confidencial do mesmo.<\/p><p>O USUARIO comprom\u00e9tese a facer un uso adecuado dos contidos e servizos que CLECE, S.A. ofrece a trav\u00e9s do seu sitio web e con car\u00e1cter enunciativo, mais non-limitativo, a non empregalos para (i) incorrer en actividades il\u00edcitas, ilegais ou contrarias \u00e1 boa fe e \u00e1 orde p\u00fablica; (ii) difundir contidos ou propaganda de car\u00e1cter racista, xen\u00f3fobo, pornogr\u00e1fico-ilegal, de apolox\u00eda do terrorismo ou atentatorio contra os dereitos humanos; (iii) provocar danos nos sistemas f\u00edsicos e l\u00f3xicos de clece.es, dos seus provedores ou de terceiras persoas, as\u00ed como introducir ou difundir na rede virus inform\u00e1ticos ou calquera outros sistemas f\u00edsicos ou l\u00f3xicos que sexan susceptibles de provocar os danos anteriormente mencionados; (iv) tentar acceder e, no seu caso, empregar as contas de correo electr\u00f3nico doutros usuarios e modificar ou manipular as s\u00faas mensaxes.<\/p><p>CLECE, S.A. res\u00e9rvase o dereito a retirar todos aqueles comentarios e achegas que vulneren o respecto \u00e1 dignidade da persoa, que sexan discriminatorios, xen\u00f3fobos, racistas, pornogr\u00e1ficos, que atenten contra a mocidade ou a infancia, a orde ou a seguridade p\u00fablica ou que, ao seu xu\u00edzo, non resultasen adecuados para a s\u00faa publicaci\u00f3n.<\/p><p>En calquera caso, CLECE, S.A. non ser\u00e1 responsable das opini\u00f3ns vertidas polos usuarios a trav\u00e9s dos foros, mensaxes ou outras ferramentas de participaci\u00f3n, no seu caso.<\/p>\t\t\t\t\t\t\t\t<\/div>\n\t\t\t\t<\/div>\n\t\t\t\t\t<\/div>\n\t\t\t\t<\/div>\n\t\t<div class=\"elementor-element elementor-element-7b8d4ba e-flex e-con-boxed e-con e-parent\" data-id=\"7b8d4ba\" data-element_type=\"container\" data-e-type=\"container\">\n\t\t\t\t\t<div class=\"e-con-inner\">\n\t\t\t\t<div class=\"elementor-element elementor-element-d1b08d6 elementor-widget elementor-widget-text-editor\" data-id=\"d1b08d6\" data-element_type=\"widget\" data-e-type=\"widget\" data-widget_type=\"text-editor.default\">\n\t\t\t\t<div class=\"elementor-widget-container\">\n\t\t\t\t\t\t\t\t\t<p><strong>PROPIEDADE INTELECTUAL E INDUSTRIAL:<\/strong><\/p><p>CLECE, S.A., por si mesma ou como cesionaria, \u00e9 titular de todos os dereitos de propiedade intelectual e industrial das s\u00faas p\u00e1xinas web, as\u00ed como dos elementos contidos nas mesmas (a t\u00edtulo enunciativo, imaxes, son, audio, v\u00eddeo, software ou textos, marcas ou logotipos, combinaci\u00f3ns de cores, estrutura e dese\u00f1o, selecci\u00f3n de materiais usados, programas de computador necesarios para o seu funcionamento, acceso e uso etc\u00e9tera).<\/p><p>O usuario comprom\u00e9tese a respectar os dereitos de propiedade intelectual e industrial titularidade de CLECE, S.A. O acceso, navegaci\u00f3n, utilizaci\u00f3n, almacenamento e ou descarga de contidos do sitio web por parte do usuario non lle outorga ning\u00fan dereito de propiedade sobre eles.<\/p><p>En consecuencia, o uso dos contidos do sitio web por parte do usuario ser\u00e1 para o seu uso privado e a condici\u00f3n de que con iso non infrinxa o copyright nin calquera outro dereito de CLECE, S.A. Esta autorizaci\u00f3n de copia privada non implica a concesi\u00f3n de licenza ou dereito de explotaci\u00f3n ning\u00fan a favor do usuario.<\/p>\t\t\t\t\t\t\t\t<\/div>\n\t\t\t\t<\/div>\n\t\t\t\t\t<\/div>\n\t\t\t\t<\/div>\n\t\t<div class=\"elementor-element elementor-element-d2f4f37 e-flex e-con-boxed e-con e-parent\" data-id=\"d2f4f37\" data-element_type=\"container\" data-e-type=\"container\">\n\t\t\t\t\t<div class=\"e-con-inner\">\n\t\t\t\t<div class=\"elementor-element elementor-element-3db8c0a elementor-widget elementor-widget-text-editor\" data-id=\"3db8c0a\" data-element_type=\"widget\" data-e-type=\"widget\" data-widget_type=\"text-editor.default\">\n\t\t\t\t<div class=\"elementor-widget-container\">\n\t\t\t\t\t\t\t\t\t<p><strong>EXCLUSI\u00d3N DE GARANT\u00cdAS E RESPONSABILIDADE:<\/strong><\/p><p>CLECE, S.A. adoptou todas as medidas necesarias, dentro das s\u00faas posibilidades e do estado da tecnolox\u00eda, para garantir o funcionamento do sitio web e evitar a existencia e transmisi\u00f3n de virus e demais compo\u00f1entes dani\u00f1os aos usuarios.<\/p><p>O usuario debe saber que as comunicaci\u00f3ns a trav\u00e9s de redes abertas est\u00e1n expostas a unha pluralidade de ameazas que fai que non sexan seguras. \u00c9 responsabilidade do usuario adoptar todas as medidas t\u00e9cnicas adecuadas para controlar razoablemente estas ameazas e, entre elas, ter sistemas actualizados de detecci\u00f3n de software malicioso, tales como virus, troianos etc., as\u00ed como ter actualizados os parches de seguridade dos correspondentes navegadores.<\/p><p>CLECE, S.A. non se fai responsable, en ning\u00fan caso, dos danos e prexu\u00edzos de calquera natureza que puidesen ocasionar.<\/p><p>CLECE, S.A. non garante a dispo\u00f1ibilidade, mantemento e efectivo funcionamento do sitio web e\/ou dos seus servizos. Non entanto, por\u00e1 os seus mellores esforzos en procurar que o sitio web estea accesible e en pleno funcionamento todo o tempo.<\/p>\t\t\t\t\t\t\t\t<\/div>\n\t\t\t\t<\/div>\n\t\t\t\t\t<\/div>\n\t\t\t\t<\/div>\n\t\t<div class=\"elementor-element elementor-element-78e8c11 e-flex e-con-boxed e-con e-parent\" data-id=\"78e8c11\" data-element_type=\"container\" data-e-type=\"container\">\n\t\t\t\t\t<div class=\"e-con-inner\">\n\t\t\t\t<div class=\"elementor-element elementor-element-9f29ce5 elementor-widget elementor-widget-text-editor\" data-id=\"9f29ce5\" data-element_type=\"widget\" data-e-type=\"widget\" data-widget_type=\"text-editor.default\">\n\t\t\t\t<div class=\"elementor-widget-container\">\n\t\t\t\t\t\t\t\t\t<p><strong>EMPREGO DE COOKIES:<\/strong><\/p><p>O sitio web de www.clece.es utiliza cookies (pequenos arquivos de informaci\u00f3n que o servidor env\u00eda ao ordenador de quen accede \u00e1 p\u00e1xina) para o correcto funcionamento e visualizaci\u00f3n dos sitios web por parte do usuario, as\u00ed como a recolleita de datos para fins estat\u00edsticos. Para m\u00e1is informaci\u00f3n, consulte a nosa\u00a0<a href=\"https:\/\/www.clece.es\/gl\/politica-de-cookies\/\"><u>pol\u00edtica de cookies<\/u><\/a><\/p>\t\t\t\t\t\t\t\t<\/div>\n\t\t\t\t<\/div>\n\t\t\t\t\t<\/div>\n\t\t\t\t<\/div>\n\t\t<div class=\"elementor-element elementor-element-dee490e e-flex e-con-boxed e-con e-parent\" data-id=\"dee490e\" data-element_type=\"container\" data-e-type=\"container\">\n\t\t\t\t\t<div class=\"e-con-inner\">\n\t\t\t\t<div class=\"elementor-element elementor-element-e23aee1 elementor-widget elementor-widget-text-editor\" data-id=\"e23aee1\" data-element_type=\"widget\" data-e-type=\"widget\" data-widget_type=\"text-editor.default\">\n\t\t\t\t<div class=\"elementor-widget-container\">\n\t\t\t\t\t\t\t\t\t<p><strong>LIGAZ\u00d3NS:<\/strong><\/p><p>As ligaz\u00f3ns a contidos no noso sitio web poden dirixir a contidos web de terceiros. O obxectivo destas ligaz\u00f3ns \u00e9 unicamente facilitarlle a procura dos recursos que lle poidan interesar a trav\u00e9s de Internet.<\/p><p>CLECE, S.A. non asume ningunha responsabilidade polo contido, informaci\u00f3ns ou servizos que puidesen aparecer nos devanditos sitios, que ter\u00e1n exclusivamente car\u00e1cter informativo e que en ning\u00fan caso implican relaci\u00f3n ningunha entre CLECE, S.A. e as persoas ou entidades titulares de tales contidos ou titulares dos sitios onde se atopen.<\/p><p>As ligaz\u00f3ns \u00e1s webs de CLECE, S.A. deber\u00e1n respectar as seguintes condici\u00f3ns:<\/p><ul><li>O establecemento da ligaz\u00f3n non supor\u00e1 ning\u00fan tipo de acordo, contrato, patrocinio nin recomendaci\u00f3n por parte de CLECE, S.A. da p\u00e1xina que realiza a ligaz\u00f3n.<\/li><li>A p\u00e1xina web en que se estableza a hiperligaz\u00f3n non conter\u00e1 informaci\u00f3ns con contidos que sexan il\u00edcitos, discriminatorios, contrarios aos principios \u00e9ticos comunmente aceptados ou que atenten contra a orde p\u00fablica, as\u00ed como tampouco conter\u00e1 contidos contrarios a calquera dereito de terceiros.<\/li><li>CLECE, S.A. poder\u00e1 solicitar que se retire unha ligaz\u00f3n ao seu web sen necesidade de alegar causa ningunha. En tal caso, a p\u00e1xina que realice a ligaz\u00f3n deber\u00e1 proceder \u00e1 s\u00faa inmediata supresi\u00f3n en canto reciba a notificaci\u00f3n de CLECE, S.A.<\/li><li>Non se responsabiliza de ning\u00fan xeito nin garante a calidade, exactitude, fiabilidade, correcci\u00f3n ou moralidade de contidos ou servizos que o establecemento da hiperligaz\u00f3n poida ofrecer. O usuario asume baixo a s\u00faa exclusiva responsabilidade as consecuencias, danos ou acci\u00f3ns que puidesen derivarse do acceso \u00e1 p\u00e1xina web da hiperligaz\u00f3n.<\/li><li>A p\u00e1xina web en que se estableza a hiperligaz\u00f3n non poder\u00e1 conter marca, denominaci\u00f3n, logotipo, slogan ou outros signos distintivos pertencentes a CLECE, S.A., ag\u00e1s aqueles signos que formen parte da mesma hiperligaz\u00f3n.<\/li><\/ul>\t\t\t\t\t\t\t\t<\/div>\n\t\t\t\t<\/div>\n\t\t\t\t\t<\/div>\n\t\t\t\t<\/div>\n\t\t<div class=\"elementor-element elementor-element-8c43f23 e-flex e-con-boxed e-con e-parent\" data-id=\"8c43f23\" data-element_type=\"container\" data-e-type=\"container\">\n\t\t\t\t\t<div class=\"e-con-inner\">\n\t\t\t\t<div class=\"elementor-element elementor-element-2bc98fa elementor-widget elementor-widget-text-editor\" data-id=\"2bc98fa\" data-element_type=\"widget\" data-e-type=\"widget\" data-widget_type=\"text-editor.default\">\n\t\t\t\t<div class=\"elementor-widget-container\">\n\t\t\t\t\t\t\t\t\t<p><strong>XENERALIDADES<\/strong><strong>:<\/strong><\/p><p>CLECE, S.A. perseguir\u00e1 o incumprimento das presentes condici\u00f3ns as\u00ed como calquera utilizaci\u00f3n indebida das s\u00faas p\u00e1xinas web exercendo todas as acci\u00f3ns civ\u00eds e penais que lle poidan corresponder en dereito.<\/p>\t\t\t\t\t\t\t\t<\/div>\n\t\t\t\t<\/div>\n\t\t\t\t\t<\/div>\n\t\t\t\t<\/div>\n\t\t<div class=\"elementor-element elementor-element-46a9398 e-flex e-con-boxed e-con e-parent\" data-id=\"46a9398\" data-element_type=\"container\" data-e-type=\"container\">\n\t\t\t\t\t<div class=\"e-con-inner\">\n\t\t\t\t<div class=\"elementor-element elementor-element-a4a27a9 elementor-widget elementor-widget-text-editor\" data-id=\"a4a27a9\" data-element_type=\"widget\" data-e-type=\"widget\" data-widget_type=\"text-editor.default\">\n\t\t\t\t<div class=\"elementor-widget-container\">\n\t\t\t\t\t\t\t\t\t<p><strong>MODIFICACI\u00d3N DAS PRESENTES CONDICI\u00d3NS E DURACI\u00d3N<\/strong><strong>:<\/strong><\/p><p>CLECE, S.A. res\u00e9rvase o dereito de efectuar, en calquera momento e sen previo aviso, calquera modificaci\u00f3n que considere oportuna no seu sitio web.<\/p><p>CLECE, S.A. poder\u00e1 modificar en calquera momento as condici\u00f3ns aqu\u00ed especificadas, sendo debidamente publicadas como aqu\u00ed aparecen. A vixencia das citadas condici\u00f3ns coincide co tempo da s\u00faa exposici\u00f3n, at\u00e9 que sexan modificadas total ou parcialmente. Pasar\u00e1n ent\u00f3n a ter vixencia dende o momento da s\u00faa modificaci\u00f3n e publicaci\u00f3n no sitio web.<\/p>\t\t\t\t\t\t\t\t<\/div>\n\t\t\t\t<\/div>\n\t\t\t\t\t<\/div>\n\t\t\t\t<\/div>\n\t\t<div class=\"elementor-element elementor-element-2f5b4c9 e-flex e-con-boxed e-con e-parent\" data-id=\"2f5b4c9\" data-element_type=\"container\" data-e-type=\"container\">\n\t\t\t\t\t<div class=\"e-con-inner\">\n\t\t\t\t<div class=\"elementor-element elementor-element-3d54c5a elementor-widget elementor-widget-text-editor\" data-id=\"3d54c5a\" data-element_type=\"widget\" data-e-type=\"widget\" data-widget_type=\"text-editor.default\">\n\t\t\t\t<div class=\"elementor-widget-container\">\n\t\t\t\t\t\t\t\t\t<p><strong>LEXISLACI\u00d3N APLICABLE E XURISDICI\u00d3N<\/strong><strong>:<\/strong><\/p><p>A relaci\u00f3n entre a Empresa e o USUARIO rexerase pola normativa espa\u00f1ola vixente e calquera controversia recorrerase ante os xulgados e tribunais que correspondan \u00e1 competencia territorial da Empresa titular da web, renunciando expresamente o usuario a calquera outro foro que puidese ser competente.<\/p>\t\t\t\t\t\t\t\t<\/div>\n\t\t\t\t<\/div>\n\t\t\t\t\t<\/div>\n\t\t\t\t<\/div>\n\t\t\t\t<\/div>\n\t\t","protected":false},"excerpt":{"rendered":"<p>AVISO LEGAL DATOS IDENTIFICATIVOS: En cumprimento co deber de informaci\u00f3n recollido no artigo 10 da Lei 34\/2002, de 11 de xullo, de servizos da sociedade da informaci\u00f3n e do comercio electr\u00f3nico, a continuaci\u00f3n rec\u00f3llense os datos seguintes: A empresa titular deste sitio web \u00e9 CLECE, S.A., con domicilio social en C\/Quintanavides, 19. Edificio 4 -28050 [&hellip;]<\/p>\n","protected":false},"author":6,"featured_media":0,"parent":0,"menu_order":0,"comment_status":"closed","ping_status":"closed","template":"","meta":{"_acf_changed":false,"footnotes":""},"class_list":["post-8711","page","type-page","status-publish","hentry"],"acf":[],"yoast_head":"<!-- This site is optimized with the Yoast SEO plugin v27.4 - https:\/\/yoast.com\/product\/yoast-seo-wordpress\/ -->\n<title>Aviso legal | Clece<\/title>\n<meta name=\"description\" content=\"Este \u00e9 o Aviso Legal do web de Clece onde atopar\u00e1s toda a informaci\u00f3n legal sobre o uso de datos identificativos, obrigas do usuario, responsabilidades, propiedade intelectual e demais condici\u00f3ns legais.\" \/>\n<meta name=\"robots\" content=\"index, follow, max-snippet:-1, max-image-preview:large, max-video-preview:-1\" \/>\n<link rel=\"canonical\" href=\"https:\/\/clece.es\/gl\/aviso-legal\/\" \/>\n<meta property=\"og:locale\" content=\"gl_ES\" \/>\n<meta property=\"og:type\" content=\"article\" \/>\n<meta property=\"og:title\" content=\"Aviso legal | Clece\" \/>\n<meta property=\"og:description\" content=\"Este \u00e9 o Aviso Legal do web de Clece onde atopar\u00e1s toda a informaci\u00f3n legal sobre o uso de datos identificativos, obrigas do usuario, responsabilidades, propiedade intelectual e demais condici\u00f3ns legais.\" \/>\n<meta property=\"og:url\" content=\"https:\/\/clece.es\/gl\/aviso-legal\/\" \/>\n<meta property=\"og:site_name\" content=\"Clece\" \/>\n<meta property=\"article:publisher\" content=\"https:\/\/www.facebook.com\/CleceSociedadAnonima\/\" \/>\n<meta property=\"article:modified_time\" content=\"2025-01-24T10:22:26+00:00\" \/>\n<meta name=\"twitter:card\" content=\"summary_large_image\" \/>\n<meta name=\"twitter:site\" content=\"@Clece_\" \/>\n<meta name=\"twitter:label1\" content=\"Tempo de lectura\" \/>\n\t<meta name=\"twitter:data1\" content=\"7 minutos\" \/>\n<script type=\"application\/ld+json\" class=\"yoast-schema-graph\">{\"@context\":\"https:\\\/\\\/schema.org\",\"@graph\":[{\"@type\":\"WebPage\",\"@id\":\"https:\\\/\\\/clece.es\\\/gl\\\/aviso-legal\\\/\",\"url\":\"https:\\\/\\\/clece.es\\\/gl\\\/aviso-legal\\\/\",\"name\":\"Aviso legal | Clece\",\"isPartOf\":{\"@id\":\"https:\\\/\\\/clece.es\\\/es\\\/#website\"},\"datePublished\":\"2024-09-17T11:31:55+00:00\",\"dateModified\":\"2025-01-24T10:22:26+00:00\",\"description\":\"Este \u00e9 o Aviso Legal do web de Clece onde atopar\u00e1s toda a informaci\u00f3n legal sobre o uso de datos identificativos, obrigas do usuario, responsabilidades, propiedade intelectual e demais condici\u00f3ns legais.\",\"breadcrumb\":{\"@id\":\"https:\\\/\\\/clece.es\\\/gl\\\/aviso-legal\\\/#breadcrumb\"},\"inLanguage\":\"gl-ES\",\"potentialAction\":[{\"@type\":\"ReadAction\",\"target\":[\"https:\\\/\\\/clece.es\\\/gl\\\/aviso-legal\\\/\"]}]},{\"@type\":\"BreadcrumbList\",\"@id\":\"https:\\\/\\\/clece.es\\\/gl\\\/aviso-legal\\\/#breadcrumb\",\"itemListElement\":[{\"@type\":\"ListItem\",\"position\":1,\"name\":\"Portada\",\"item\":\"https:\\\/\\\/clece.es\\\/es\\\/\"},{\"@type\":\"ListItem\",\"position\":2,\"name\":\"Aviso legal\"}]},{\"@type\":\"WebSite\",\"@id\":\"https:\\\/\\\/clece.es\\\/es\\\/#website\",\"url\":\"https:\\\/\\\/clece.es\\\/es\\\/\",\"name\":\"Clece\",\"description\":\"\",\"publisher\":{\"@id\":\"https:\\\/\\\/clece.es\\\/es\\\/#organization\"},\"potentialAction\":[{\"@type\":\"SearchAction\",\"target\":{\"@type\":\"EntryPoint\",\"urlTemplate\":\"https:\\\/\\\/clece.es\\\/es\\\/?s={search_term_string}\"},\"query-input\":{\"@type\":\"PropertyValueSpecification\",\"valueRequired\":true,\"valueName\":\"search_term_string\"}}],\"inLanguage\":\"gl-ES\"},{\"@type\":\"Organization\",\"@id\":\"https:\\\/\\\/clece.es\\\/es\\\/#organization\",\"name\":\"Grupo Clece\",\"url\":\"https:\\\/\\\/clece.es\\\/es\\\/\",\"logo\":{\"@type\":\"ImageObject\",\"inLanguage\":\"gl-ES\",\"@id\":\"https:\\\/\\\/clece.es\\\/es\\\/#\\\/schema\\\/logo\\\/image\\\/\",\"url\":\"https:\\\/\\\/sitio2.utopiasl.eu\\\/wp-content\\\/uploads\\\/2024\\\/10\\\/Logotipos_filiales_Clece_logotipo.png\",\"contentUrl\":\"https:\\\/\\\/sitio2.utopiasl.eu\\\/wp-content\\\/uploads\\\/2024\\\/10\\\/Logotipos_filiales_Clece_logotipo.png\",\"width\":5000,\"height\":5000,\"caption\":\"Grupo Clece\"},\"image\":{\"@id\":\"https:\\\/\\\/clece.es\\\/es\\\/#\\\/schema\\\/logo\\\/image\\\/\"},\"sameAs\":[\"https:\\\/\\\/www.facebook.com\\\/CleceSociedadAnonima\\\/\",\"https:\\\/\\\/x.com\\\/Clece_\",\"https:\\\/\\\/www.linkedin.com\\\/company\\\/clece-sa\\\/\"]}]}<\/script>\n<!-- \/ Yoast SEO plugin. -->","yoast_head_json":{"title":"Aviso legal | Clece","description":"Este \u00e9 o Aviso Legal do web de Clece onde atopar\u00e1s toda a informaci\u00f3n legal sobre o uso de datos identificativos, obrigas do usuario, responsabilidades, propiedade intelectual e demais condici\u00f3ns legais.","robots":{"index":"index","follow":"follow","max-snippet":"max-snippet:-1","max-image-preview":"max-image-preview:large","max-video-preview":"max-video-preview:-1"},"canonical":"https:\/\/clece.es\/gl\/aviso-legal\/","og_locale":"gl_ES","og_type":"article","og_title":"Aviso legal | Clece","og_description":"Este \u00e9 o Aviso Legal do web de Clece onde atopar\u00e1s toda a informaci\u00f3n legal sobre o uso de datos identificativos, obrigas do usuario, responsabilidades, propiedade intelectual e demais condici\u00f3ns legais.","og_url":"https:\/\/clece.es\/gl\/aviso-legal\/","og_site_name":"Clece","article_publisher":"https:\/\/www.facebook.com\/CleceSociedadAnonima\/","article_modified_time":"2025-01-24T10:22:26+00:00","twitter_card":"summary_large_image","twitter_site":"@Clece_","twitter_misc":{"Tempo de lectura":"7 minutos"},"schema":{"@context":"https:\/\/schema.org","@graph":[{"@type":"WebPage","@id":"https:\/\/clece.es\/gl\/aviso-legal\/","url":"https:\/\/clece.es\/gl\/aviso-legal\/","name":"Aviso legal | Clece","isPartOf":{"@id":"https:\/\/clece.es\/es\/#website"},"datePublished":"2024-09-17T11:31:55+00:00","dateModified":"2025-01-24T10:22:26+00:00","description":"Este \u00e9 o Aviso Legal do web de Clece onde atopar\u00e1s toda a informaci\u00f3n legal sobre o uso de datos identificativos, obrigas do usuario, responsabilidades, propiedade intelectual e demais condici\u00f3ns legais.","breadcrumb":{"@id":"https:\/\/clece.es\/gl\/aviso-legal\/#breadcrumb"},"inLanguage":"gl-ES","potentialAction":[{"@type":"ReadAction","target":["https:\/\/clece.es\/gl\/aviso-legal\/"]}]},{"@type":"BreadcrumbList","@id":"https:\/\/clece.es\/gl\/aviso-legal\/#breadcrumb","itemListElement":[{"@type":"ListItem","position":1,"name":"Portada","item":"https:\/\/clece.es\/es\/"},{"@type":"ListItem","position":2,"name":"Aviso legal"}]},{"@type":"WebSite","@id":"https:\/\/clece.es\/es\/#website","url":"https:\/\/clece.es\/es\/","name":"Clece","description":"","publisher":{"@id":"https:\/\/clece.es\/es\/#organization"},"potentialAction":[{"@type":"SearchAction","target":{"@type":"EntryPoint","urlTemplate":"https:\/\/clece.es\/es\/?s={search_term_string}"},"query-input":{"@type":"PropertyValueSpecification","valueRequired":true,"valueName":"search_term_string"}}],"inLanguage":"gl-ES"},{"@type":"Organization","@id":"https:\/\/clece.es\/es\/#organization","name":"Grupo Clece","url":"https:\/\/clece.es\/es\/","logo":{"@type":"ImageObject","inLanguage":"gl-ES","@id":"https:\/\/clece.es\/es\/#\/schema\/logo\/image\/","url":"https:\/\/sitio2.utopiasl.eu\/wp-content\/uploads\/2024\/10\/Logotipos_filiales_Clece_logotipo.png","contentUrl":"https:\/\/sitio2.utopiasl.eu\/wp-content\/uploads\/2024\/10\/Logotipos_filiales_Clece_logotipo.png","width":5000,"height":5000,"caption":"Grupo Clece"},"image":{"@id":"https:\/\/clece.es\/es\/#\/schema\/logo\/image\/"},"sameAs":["https:\/\/www.facebook.com\/CleceSociedadAnonima\/","https:\/\/x.com\/Clece_","https:\/\/www.linkedin.com\/company\/clece-sa\/"]}]}},"_links":{"self":[{"href":"https:\/\/clece.es\/gl\/wp-json\/wp\/v2\/pages\/8711","targetHints":{"allow":["GET"]}}],"collection":[{"href":"https:\/\/clece.es\/gl\/wp-json\/wp\/v2\/pages"}],"about":[{"href":"https:\/\/clece.es\/gl\/wp-json\/wp\/v2\/types\/page"}],"author":[{"embeddable":true,"href":"https:\/\/clece.es\/gl\/wp-json\/wp\/v2\/users\/6"}],"replies":[{"embeddable":true,"href":"https:\/\/clece.es\/gl\/wp-json\/wp\/v2\/comments?post=8711"}],"version-history":[{"count":32,"href":"https:\/\/clece.es\/gl\/wp-json\/wp\/v2\/pages\/8711\/revisions"}],"predecessor-version":[{"id":144716,"href":"https:\/\/clece.es\/gl\/wp-json\/wp\/v2\/pages\/8711\/revisions\/144716"}],"wp:attachment":[{"href":"https:\/\/clece.es\/gl\/wp-json\/wp\/v2\/media?parent=8711"}],"curies":[{"name":"wp","href":"https:\/\/api.w.org\/{rel}","templated":true}]}}