{"id":8737,"date":"2024-09-17T11:32:13","date_gmt":"2024-09-17T11:32:13","guid":{"rendered":"https:\/\/sitio2.utopiasl.eu\/?page_id=8737"},"modified":"2025-01-24T10:29:07","modified_gmt":"2025-01-24T10:29:07","slug":"politica-de-cookies","status":"publish","type":"page","link":"https:\/\/clece.es\/gl\/politica-de-cookies\/","title":{"rendered":"Pol\u00edtica de cookies"},"content":{"rendered":"\t\t<div data-elementor-type=\"wp-page\" data-elementor-id=\"8737\" class=\"elementor elementor-8737 elementor-179\" data-elementor-post-type=\"page\">\n\t\t\t\t<div class=\"elementor-element elementor-element-eb48d67 e-flex e-con-boxed e-con e-parent\" data-id=\"eb48d67\" data-element_type=\"container\" data-e-type=\"container\">\n\t\t\t\t\t<div class=\"e-con-inner\">\n\t\t\t\t<div class=\"elementor-element elementor-element-f941d30 elementor-widget elementor-widget-heading\" data-id=\"f941d30\" data-element_type=\"widget\" data-e-type=\"widget\" data-widget_type=\"heading.default\">\n\t\t\t\t<div class=\"elementor-widget-container\">\n\t\t\t\t\t<h2 class=\"elementor-heading-title elementor-size-default\">POL\u00cdTICA DE COOKIES<\/h2>\t\t\t\t<\/div>\n\t\t\t\t<\/div>\n\t\t\t\t\t<\/div>\n\t\t\t\t<\/div>\n\t\t<div class=\"elementor-element elementor-element-8c65637 e-flex e-con-boxed e-con e-parent\" data-id=\"8c65637\" data-element_type=\"container\" data-e-type=\"container\">\n\t\t\t\t\t<div class=\"e-con-inner\">\n\t\t\t\t<div class=\"elementor-element elementor-element-67c0536 elementor-widget elementor-widget-text-editor\" data-id=\"67c0536\" data-element_type=\"widget\" data-e-type=\"widget\" data-widget_type=\"text-editor.default\">\n\t\t\t\t<div class=\"elementor-widget-container\">\n\t\t\t\t\t\t\t\t\t<p><strong style=\"text-transform: uppercase;\">Introduci\u00f3n<\/strong><\/p><p>O editor da p\u00e1xina\u00a0<a href=\"http:\/\/www.clece.es\/\">http:\/\/www.clece.es<\/a> \u00e9 Clece, S.A<\/p><p>CLECE, S.A., en cumprimento do artigo 22 da Lei 34\/2002, de 11 de xullo, de servizos da sociedade da informaci\u00f3n e de comercio electr\u00f3nico, facilita aos usuarios informaci\u00f3n relativa \u00e1s cookies, que son as cookies, que tipos de cookies se instalan no ordenador (en diante, \u201cequipo\u201d) do usuario cando este visita o noso sitio e cal \u00e9 a finalidade do emprego das cookies<br \/><br \/><\/p>\t\t\t\t\t\t\t\t<\/div>\n\t\t\t\t<\/div>\n\t\t\t\t\t<\/div>\n\t\t\t\t<\/div>\n\t\t<div class=\"elementor-element elementor-element-e4fd251 e-flex e-con-boxed e-con e-parent\" data-id=\"e4fd251\" data-element_type=\"container\" data-e-type=\"container\">\n\t\t\t\t\t<div class=\"e-con-inner\">\n\t\t\t\t<div class=\"elementor-element elementor-element-46a963f elementor-widget elementor-widget-text-editor\" data-id=\"46a963f\" data-element_type=\"widget\" data-e-type=\"widget\" data-widget_type=\"text-editor.default\">\n\t\t\t\t<div class=\"elementor-widget-container\">\n\t\t\t\t\t\t\t\t\t<p><strong style=\"text-transform: uppercase;\">Que son as cookies?<\/strong><\/p><p>Unha cookie \u00e9 un elemento de datos que un sitio web pode enviar ao seu explorador e que poida que se almacene no seu sistema.<\/p><p>Unha cookie \u00e9 un pequeno arquivo de texto que un provedor de servizos en li\u00f1a (como\u00a0<a href=\"http:\/\/www.clece.es\/\">www.clece.es<\/a>) instala no equipo das persoas que visitan o seu sitio web. As cookies poden solicitar informaci\u00f3n sobre os h\u00e1bitos dos visitantes polo que respecta ao uso do devandito sitio web rexistrando as actividades do seu equipo en relaci\u00f3n co sitio, por exemplo, cando realiza compras.<\/p><p>As cookies utilizadas son fundamentalmente para optimizar o funcionamento do sitio web. As cookies xeradas cando un usuario visita soamente o noso sitio non nos permiten identificalo persoalmente.<\/p>\t\t\t\t\t\t\t\t<\/div>\n\t\t\t\t<\/div>\n\t\t\t\t\t<\/div>\n\t\t\t\t<\/div>\n\t\t<div class=\"elementor-element elementor-element-d442d76 e-flex e-con-boxed e-con e-parent\" data-id=\"d442d76\" data-element_type=\"container\" data-e-type=\"container\">\n\t\t\t\t\t<div class=\"e-con-inner\">\n\t\t\t\t<div class=\"elementor-element elementor-element-32f9baa elementor-widget elementor-widget-text-editor\" data-id=\"32f9baa\" data-element_type=\"widget\" data-e-type=\"widget\" data-widget_type=\"text-editor.default\">\n\t\t\t\t<div class=\"elementor-widget-container\">\n\t\t\t\t\t\t\t\t\t<p><strong style=\"text-transform: uppercase;\">Tipos de cookies<\/strong><br \/>A informaci\u00f3n que lle proporcionamos a continuaci\u00f3n axudarao a comprender os diferentes tipos de cookies:<\/p><p><strong>Segundo o prazo de tempo que permanecen activadas:<\/strong><br \/><br \/><\/p><p><strong>Cookies de sesi\u00f3n:<\/strong>\u00a0son cookies temporais que permanecen no arquivo de cookies do navegador at\u00e9 que abandone a p\u00e1xina web, polo que ningunha queda rexistrada no equipo do usuario. A informaci\u00f3n obtida por medio destas cookies serve para analizar pautas de tr\u00e1fico na web. Por exemplo, permiten levar a cabo un seguimento do uso que se realiza dos nosos sitios durante unha sesi\u00f3n de navegaci\u00f3n \u00fanica e axudan a utilizar o noso sitio de forma m\u00e1is eficaz.<br \/><br \/><\/p><p><strong>Cookies persistentes:<\/strong>\u00a0on almacenadas no equipo do usuario durante unha sesi\u00f3n de navegaci\u00f3n e permanecen no equipo ao finalizar a sesi\u00f3n de navegaci\u00f3n. As cookies persistentes mant\u00e9\u00f1ense activas durante per\u00edodos definidos que poden ir dende varios minutos a anos.<br \/><br \/><\/p><p><strong style=\"text-transform: uppercase;\">Segundo a entidade que as xestione:<\/strong><\/p><p><br \/><strong>Cookies propias:<\/strong> son aquelas que se env\u00edan ao equipo do usuario dende un equipo ou dominio xestionado polo propio editor e dende o que se presta o servizo solicitado polo usuario. Poden inclu\u00edr cookies como cookies de sesi\u00f3n e cookies persistentes. Utilizamos as cookies de orixe para seguir os movementos efectuados dende o ordenador ou outro dispositivo do usuario ao consultar o noso sitio, por exemplo, con fins de comercializaci\u00f3n e an\u00e1lises.<br \/><br \/><\/p><p><strong>Cookies de terceiros:<\/strong> son aquelas que se env\u00edan ao equipo do usuario dende un equipo ou dominio que non \u00e9 xestionado polo editor, sen\u00f3n por outra entidade que trata os datos obtidos a trav\u00e9s das cookies, por exemplo, as usadas en redes sociais ou por complementos externos de contido como Google Maps.<\/p>\t\t\t\t\t\t\t\t<\/div>\n\t\t\t\t<\/div>\n\t\t\t\t\t<\/div>\n\t\t\t\t<\/div>\n\t\t<div class=\"elementor-element elementor-element-c817cf3 e-flex e-con-boxed e-con e-parent\" data-id=\"c817cf3\" data-element_type=\"container\" data-e-type=\"container\">\n\t\t\t\t\t<div class=\"e-con-inner\">\n\t\t\t\t<div class=\"elementor-element elementor-element-d6b0131 elementor-widget elementor-widget-text-editor\" data-id=\"d6b0131\" data-element_type=\"widget\" data-e-type=\"widget\" data-widget_type=\"text-editor.default\">\n\t\t\t\t<div class=\"elementor-widget-container\">\n\t\t\t\t\t\t\t\t\t<p><strong style=\"text-transform: uppercase;\">Relaci\u00f3n e descrici\u00f3n das cookies:<\/strong><\/p><p><script id=\"CookieDeclaration\" data-culture=\"gl\" type=\"text\/javascript\" src=\"https:\/\/consent.cookiebot.com\/cad23b8d-27da-42c5-8b77-cc348e31f2df\/cd.js\" async><\/script><\/p><p><br \/><strong>Algunha pregunta?<\/strong> Se ten algunha pregunta, non dubide en po\u00f1erse en <a href=\"\/contacto\">contacto<\/a> connosco.<\/p>\t\t\t\t\t\t\t\t<\/div>\n\t\t\t\t<\/div>\n\t\t\t\t\t<\/div>\n\t\t\t\t<\/div>\n\t\t\t\t<\/div>\n\t\t","protected":false},"excerpt":{"rendered":"<p>POL\u00cdTICA DE COOKIES Introduci\u00f3n O editor da p\u00e1xina\u00a0http:\/\/www.clece.es \u00e9 Clece, S.A CLECE, S.A., en cumprimento do artigo 22 da Lei 34\/2002, de 11 de xullo, de servizos da sociedade da informaci\u00f3n e de comercio electr\u00f3nico, facilita aos usuarios informaci\u00f3n relativa \u00e1s cookies, que son as cookies, que tipos de cookies se instalan no ordenador (en [&hellip;]<\/p>\n","protected":false},"author":6,"featured_media":0,"parent":0,"menu_order":0,"comment_status":"closed","ping_status":"closed","template":"","meta":{"_acf_changed":false,"footnotes":""},"class_list":["post-8737","page","type-page","status-publish","hentry"],"acf":[],"yoast_head":"<!-- This site is optimized with the Yoast SEO plugin v27.3 - https:\/\/yoast.com\/product\/yoast-seo-wordpress\/ -->\n<title>Pol\u00edtica de cookies | Clece<\/title>\n<meta name=\"description\" content=\"A nosa pol\u00edtica de cookies explica como e por que as utilizamos, as\u00ed como as t\u00faas opci\u00f3ns de consentimento con respecto ao uso por parte de Clece e filiais.\" \/>\n<meta name=\"robots\" content=\"index, follow, max-snippet:-1, max-image-preview:large, max-video-preview:-1\" \/>\n<link rel=\"canonical\" href=\"https:\/\/clece.es\/gl\/politica-de-cookies\/\" \/>\n<meta property=\"og:locale\" content=\"gl_ES\" \/>\n<meta property=\"og:type\" content=\"article\" \/>\n<meta property=\"og:title\" content=\"Pol\u00edtica de cookies | Clece\" \/>\n<meta property=\"og:description\" content=\"A nosa pol\u00edtica de cookies explica como e por que as utilizamos, as\u00ed como as t\u00faas opci\u00f3ns de consentimento con respecto ao uso por parte de Clece e filiais.\" \/>\n<meta property=\"og:url\" content=\"https:\/\/clece.es\/gl\/politica-de-cookies\/\" \/>\n<meta property=\"og:site_name\" content=\"Clece\" \/>\n<meta property=\"article:publisher\" content=\"https:\/\/www.facebook.com\/CleceSociedadAnonima\/\" \/>\n<meta property=\"article:modified_time\" content=\"2025-01-24T10:29:07+00:00\" \/>\n<meta name=\"twitter:card\" content=\"summary_large_image\" \/>\n<meta name=\"twitter:site\" content=\"@Clece_\" \/>\n<meta name=\"twitter:label1\" content=\"Tempo de lectura\" \/>\n\t<meta name=\"twitter:data1\" content=\"3 minutos\" \/>\n<script type=\"application\/ld+json\" class=\"yoast-schema-graph\">{\"@context\":\"https:\\\/\\\/schema.org\",\"@graph\":[{\"@type\":\"WebPage\",\"@id\":\"https:\\\/\\\/clece.es\\\/gl\\\/politica-de-cookies\\\/\",\"url\":\"https:\\\/\\\/clece.es\\\/gl\\\/politica-de-cookies\\\/\",\"name\":\"Pol\u00edtica de cookies | Clece\",\"isPartOf\":{\"@id\":\"https:\\\/\\\/clece.es\\\/es\\\/#website\"},\"datePublished\":\"2024-09-17T11:32:13+00:00\",\"dateModified\":\"2025-01-24T10:29:07+00:00\",\"description\":\"A nosa pol\u00edtica de cookies explica como e por que as utilizamos, as\u00ed como as t\u00faas opci\u00f3ns de consentimento con respecto ao uso por parte de Clece e filiais.\",\"breadcrumb\":{\"@id\":\"https:\\\/\\\/clece.es\\\/gl\\\/politica-de-cookies\\\/#breadcrumb\"},\"inLanguage\":\"gl-ES\",\"potentialAction\":[{\"@type\":\"ReadAction\",\"target\":[\"https:\\\/\\\/clece.es\\\/gl\\\/politica-de-cookies\\\/\"]}]},{\"@type\":\"BreadcrumbList\",\"@id\":\"https:\\\/\\\/clece.es\\\/gl\\\/politica-de-cookies\\\/#breadcrumb\",\"itemListElement\":[{\"@type\":\"ListItem\",\"position\":1,\"name\":\"Portada\",\"item\":\"https:\\\/\\\/clece.es\\\/es\\\/\"},{\"@type\":\"ListItem\",\"position\":2,\"name\":\"Pol\u00edtica de cookies\"}]},{\"@type\":\"WebSite\",\"@id\":\"https:\\\/\\\/clece.es\\\/es\\\/#website\",\"url\":\"https:\\\/\\\/clece.es\\\/es\\\/\",\"name\":\"Clece\",\"description\":\"\",\"publisher\":{\"@id\":\"https:\\\/\\\/clece.es\\\/es\\\/#organization\"},\"potentialAction\":[{\"@type\":\"SearchAction\",\"target\":{\"@type\":\"EntryPoint\",\"urlTemplate\":\"https:\\\/\\\/clece.es\\\/es\\\/?s={search_term_string}\"},\"query-input\":{\"@type\":\"PropertyValueSpecification\",\"valueRequired\":true,\"valueName\":\"search_term_string\"}}],\"inLanguage\":\"gl-ES\"},{\"@type\":\"Organization\",\"@id\":\"https:\\\/\\\/clece.es\\\/es\\\/#organization\",\"name\":\"Grupo Clece\",\"url\":\"https:\\\/\\\/clece.es\\\/es\\\/\",\"logo\":{\"@type\":\"ImageObject\",\"inLanguage\":\"gl-ES\",\"@id\":\"https:\\\/\\\/clece.es\\\/es\\\/#\\\/schema\\\/logo\\\/image\\\/\",\"url\":\"https:\\\/\\\/sitio2.utopiasl.eu\\\/wp-content\\\/uploads\\\/2024\\\/10\\\/Logotipos_filiales_Clece_logotipo.png\",\"contentUrl\":\"https:\\\/\\\/sitio2.utopiasl.eu\\\/wp-content\\\/uploads\\\/2024\\\/10\\\/Logotipos_filiales_Clece_logotipo.png\",\"width\":5000,\"height\":5000,\"caption\":\"Grupo Clece\"},\"image\":{\"@id\":\"https:\\\/\\\/clece.es\\\/es\\\/#\\\/schema\\\/logo\\\/image\\\/\"},\"sameAs\":[\"https:\\\/\\\/www.facebook.com\\\/CleceSociedadAnonima\\\/\",\"https:\\\/\\\/x.com\\\/Clece_\",\"https:\\\/\\\/www.linkedin.com\\\/company\\\/clece-sa\\\/\"]}]}<\/script>\n<!-- \/ Yoast SEO plugin. -->","yoast_head_json":{"title":"Pol\u00edtica de cookies | Clece","description":"A nosa pol\u00edtica de cookies explica como e por que as utilizamos, as\u00ed como as t\u00faas opci\u00f3ns de consentimento con respecto ao uso por parte de Clece e filiais.","robots":{"index":"index","follow":"follow","max-snippet":"max-snippet:-1","max-image-preview":"max-image-preview:large","max-video-preview":"max-video-preview:-1"},"canonical":"https:\/\/clece.es\/gl\/politica-de-cookies\/","og_locale":"gl_ES","og_type":"article","og_title":"Pol\u00edtica de cookies | Clece","og_description":"A nosa pol\u00edtica de cookies explica como e por que as utilizamos, as\u00ed como as t\u00faas opci\u00f3ns de consentimento con respecto ao uso por parte de Clece e filiais.","og_url":"https:\/\/clece.es\/gl\/politica-de-cookies\/","og_site_name":"Clece","article_publisher":"https:\/\/www.facebook.com\/CleceSociedadAnonima\/","article_modified_time":"2025-01-24T10:29:07+00:00","twitter_card":"summary_large_image","twitter_site":"@Clece_","twitter_misc":{"Tempo de lectura":"3 minutos"},"schema":{"@context":"https:\/\/schema.org","@graph":[{"@type":"WebPage","@id":"https:\/\/clece.es\/gl\/politica-de-cookies\/","url":"https:\/\/clece.es\/gl\/politica-de-cookies\/","name":"Pol\u00edtica de cookies | Clece","isPartOf":{"@id":"https:\/\/clece.es\/es\/#website"},"datePublished":"2024-09-17T11:32:13+00:00","dateModified":"2025-01-24T10:29:07+00:00","description":"A nosa pol\u00edtica de cookies explica como e por que as utilizamos, as\u00ed como as t\u00faas opci\u00f3ns de consentimento con respecto ao uso por parte de Clece e filiais.","breadcrumb":{"@id":"https:\/\/clece.es\/gl\/politica-de-cookies\/#breadcrumb"},"inLanguage":"gl-ES","potentialAction":[{"@type":"ReadAction","target":["https:\/\/clece.es\/gl\/politica-de-cookies\/"]}]},{"@type":"BreadcrumbList","@id":"https:\/\/clece.es\/gl\/politica-de-cookies\/#breadcrumb","itemListElement":[{"@type":"ListItem","position":1,"name":"Portada","item":"https:\/\/clece.es\/es\/"},{"@type":"ListItem","position":2,"name":"Pol\u00edtica de cookies"}]},{"@type":"WebSite","@id":"https:\/\/clece.es\/es\/#website","url":"https:\/\/clece.es\/es\/","name":"Clece","description":"","publisher":{"@id":"https:\/\/clece.es\/es\/#organization"},"potentialAction":[{"@type":"SearchAction","target":{"@type":"EntryPoint","urlTemplate":"https:\/\/clece.es\/es\/?s={search_term_string}"},"query-input":{"@type":"PropertyValueSpecification","valueRequired":true,"valueName":"search_term_string"}}],"inLanguage":"gl-ES"},{"@type":"Organization","@id":"https:\/\/clece.es\/es\/#organization","name":"Grupo Clece","url":"https:\/\/clece.es\/es\/","logo":{"@type":"ImageObject","inLanguage":"gl-ES","@id":"https:\/\/clece.es\/es\/#\/schema\/logo\/image\/","url":"https:\/\/sitio2.utopiasl.eu\/wp-content\/uploads\/2024\/10\/Logotipos_filiales_Clece_logotipo.png","contentUrl":"https:\/\/sitio2.utopiasl.eu\/wp-content\/uploads\/2024\/10\/Logotipos_filiales_Clece_logotipo.png","width":5000,"height":5000,"caption":"Grupo Clece"},"image":{"@id":"https:\/\/clece.es\/es\/#\/schema\/logo\/image\/"},"sameAs":["https:\/\/www.facebook.com\/CleceSociedadAnonima\/","https:\/\/x.com\/Clece_","https:\/\/www.linkedin.com\/company\/clece-sa\/"]}]}},"_links":{"self":[{"href":"https:\/\/clece.es\/gl\/wp-json\/wp\/v2\/pages\/8737","targetHints":{"allow":["GET"]}}],"collection":[{"href":"https:\/\/clece.es\/gl\/wp-json\/wp\/v2\/pages"}],"about":[{"href":"https:\/\/clece.es\/gl\/wp-json\/wp\/v2\/types\/page"}],"author":[{"embeddable":true,"href":"https:\/\/clece.es\/gl\/wp-json\/wp\/v2\/users\/6"}],"replies":[{"embeddable":true,"href":"https:\/\/clece.es\/gl\/wp-json\/wp\/v2\/comments?post=8737"}],"version-history":[{"count":31,"href":"https:\/\/clece.es\/gl\/wp-json\/wp\/v2\/pages\/8737\/revisions"}],"predecessor-version":[{"id":12398,"href":"https:\/\/clece.es\/gl\/wp-json\/wp\/v2\/pages\/8737\/revisions\/12398"}],"wp:attachment":[{"href":"https:\/\/clece.es\/gl\/wp-json\/wp\/v2\/media?parent=8737"}],"curies":[{"name":"wp","href":"https:\/\/api.w.org\/{rel}","templated":true}]}}