{"id":145144,"date":"2024-11-19T14:51:43","date_gmt":"2024-11-19T14:51:43","guid":{"rendered":"https:\/\/sitio2.utopiasl.eu\/subcontratantes-do-tratamento-de-dados-da-clece-e-filiais\/"},"modified":"2025-01-21T12:03:02","modified_gmt":"2025-01-21T12:03:02","slug":"subcontratantes-do-tratamento-de-dados-da-clece-e-filiais","status":"publish","type":"page","link":"https:\/\/clece.es\/pt\/subcontratantes-do-tratamento-de-dados-da-clece-e-filiais\/","title":{"rendered":"Subcontratantes do tratamento de dados da clece e filiais"},"content":{"rendered":"\t\t<div data-elementor-type=\"wp-page\" data-elementor-id=\"145144\" class=\"elementor elementor-145144 elementor-13356\" data-elementor-post-type=\"page\">\n\t\t\t\t<div class=\"elementor-element elementor-element-1172ab9 e-flex e-con-boxed e-con e-parent\" data-id=\"1172ab9\" data-element_type=\"container\" data-e-type=\"container\">\n\t\t\t\t\t<div class=\"e-con-inner\">\n\t\t\t\t<div class=\"elementor-element elementor-element-184fa56 elementor-widget elementor-widget-heading\" data-id=\"184fa56\" data-element_type=\"widget\" data-e-type=\"widget\" data-widget_type=\"heading.default\">\n\t\t\t\t<div class=\"elementor-widget-container\">\n\t\t\t\t\t<h2 class=\"elementor-heading-title elementor-size-default\">SUBCONTRATANTES DO TRATAMENTO DE DADOS DA CLECE E FILIAIS<\/h2>\t\t\t\t<\/div>\n\t\t\t\t<\/div>\n\t\t\t\t\t<\/div>\n\t\t\t\t<\/div>\n\t\t<div class=\"elementor-element elementor-element-8d99a04 e-flex e-con-boxed e-con e-parent\" data-id=\"8d99a04\" data-element_type=\"container\" data-e-type=\"container\">\n\t\t\t\t\t<div class=\"e-con-inner\">\n\t\t\t\t<div class=\"elementor-element elementor-element-7e482c4 elementor-widget elementor-widget-text-editor\" data-id=\"7e482c4\" data-element_type=\"widget\" data-e-type=\"widget\" data-widget_type=\"text-editor.default\">\n\t\t\t\t<div class=\"elementor-widget-container\">\n\t\t\t\t\t\t\t\t\t<p><strong>\u00daltima atualiza\u00e7\u00e3o: maio de 2024<\/strong><\/p><p>Para facilitar a presta\u00e7\u00e3o dos nossos servi\u00e7os, a Clece e as suas filiais podem recorrer a fornecedores com acesso a determinados dados dos nossos Clientes (doravante denominados \u201cSubcontratantes&#8221;). Esta p\u00e1gina fornece informa\u00e7\u00f5es importantes acerca da identidade, da localiza\u00e7\u00e3o e da fun\u00e7\u00e3o de cada subcontratante.<\/p><p>A Clece e as suas filiais verificam periodicamente se os subcontratantes cumprem todas as normas aplic\u00e1veis em mat\u00e9ria de prote\u00e7\u00e3o de dados, exigindo garantias que comprovem o seu compromisso com a privacidade e a seguran\u00e7a da informa\u00e7\u00e3o.<\/p><p>Os subcontratantes ir\u00e3o variar conforme o tipo e\/ou \u00e2mbito do servi\u00e7o prestado pela Clece ou pelas suas filiais, sendo estes os seguintes<\/p><p><span style=\"font-family: -apple-system, BlinkMacSystemFont, 'Segoe UI', Roboto, 'Helvetica Neue', Arial, 'Noto Sans', sans-serif, 'Apple Color Emoji', 'Segoe UI Emoji', 'Segoe UI Symbol', 'Noto Color Emoji';\">1. Subcontratantes que prestam servi\u00e7os no \u00e2mbito de atividades auxiliares na presta\u00e7\u00e3o de <\/span><strong style=\"font-family: -apple-system, BlinkMacSystemFont, 'Segoe UI', Roboto, 'Helvetica Neue', Arial, 'Noto Sans', sans-serif, 'Apple Color Emoji', 'Segoe UI Emoji', 'Segoe UI Symbol', 'Noto Color Emoji';\">servi\u00e7os relacionados com o apoio domicili\u00e1rio (SAD) ou teleassist\u00eancia:<\/strong><\/p><table width=\"100%\"><tbody><tr><td><p><strong>Nome<\/strong><\/p><\/td><td><p><strong>Finalidade<\/strong><\/p><\/td><td><p><strong>Localiza\u00e7\u00e3o<\/strong><\/p><\/td><td><p><strong>Transfer\u00eancia Internacional<\/strong><\/p><\/td><\/tr><tr><td><p>Trevenque sistemas de informaci\u00f3n, S.L.<\/p><\/td><td><p>Aplica\u00e7\u00e3o para a gest\u00e3o dos SAD (GESAD)<\/p><\/td><td><p>\u00a0Granada<\/p><\/td><td><p>\u00a0N\/A<\/p><\/td><\/tr><tr><td><p>Numintec Communications S.L.<\/p><\/td><td><p>Grava\u00e7\u00e3o de chamadas no \u00e2mbito da presta\u00e7\u00e3o dos SAD e da teleassist\u00eancia<\/p><\/td><td><p>\u00a0Barcelona<\/p><\/td><td><p>\u00a0N\/A<\/p><\/td><\/tr><tr><td><p>Legrand Care<\/p><\/td><td><p>Plataforma de apoio ao servi\u00e7o de teleassist\u00eancia<\/p><\/td><td><p>Madrid<\/p><\/td><td><p>N\/A<\/p><\/td><\/tr><\/tbody><\/table><p>\u00a0<\/p><p>2. Subcontratantes que prestam servi\u00e7os no \u00e2mbito de atividades auxiliares na gest\u00e3o de <strong>jardins-de-inf\u00e2ncia:<\/strong><\/p><table width=\"100%\"><tbody><tr><td><p><strong>Nome<\/strong><\/p><\/td><td><p><strong>Finalidade<\/strong><\/p><\/td><td><p><strong>Localiza\u00e7\u00e3o<\/strong><\/p><\/td><td><p><strong>Transfer\u00eancia Internacional<\/strong><\/p><\/td><\/tr><tr><td><p>Kuantico Software, S.L.<\/p><\/td><td><p>\u00a0Fornecedor da plataforma Kinder Up (Agenda digital entre escolas e fam\u00edlias).<\/p><\/td><td><p>\u00a0Madrid<\/p><\/td><td><p>\u00a0N\/A<\/p><\/td><\/tr><tr><td><p>Wappa Software S.L<\/p><\/td><td><p>Fornecedor da plataforma Wappa Babies (Agenda digital entre escolas e fam\u00edlias)<\/p><\/td><td><p>Valladolid<\/p><\/td><td><p>\u00a0N\/A<\/p><\/td><\/tr><\/tbody><\/table><p>\u00a0<\/p><p>3. Subcontratantes que prestam servi\u00e7os no \u00e2mbito de atividades auxiliares na presta\u00e7\u00e3o de <strong>servi\u00e7os de gest\u00e3o de Lares P\u00fablicos e centros de dia:<\/strong><\/p><table width=\"100%\"><tbody><tr><td><p><strong>Nome<\/strong><\/p><\/td><td><p><strong>Finalidade<\/strong><\/p><\/td><td><p><strong>Localiza\u00e7\u00e3o<\/strong><\/p><\/td><td><p><strong>Transfer\u00eancia Internacional e mecanismos de garantia<\/strong><\/p><\/td><\/tr><tr><td><p>Aphelion Soluciones Inform\u00e1ticas<\/p><\/td><td><p>Aplica\u00e7\u00e3o de gest\u00e3o integrada de Lares e Centros de dia (Resiplus).<\/p><\/td><td><p>Val\u00eancia<\/p><\/td><td><p>\u00a0N\/A<\/p><\/td><\/tr><\/tbody><\/table><p>\u00a0<\/p><p>4. Subcontratantes que prestam servi\u00e7os no \u00e2mbito de <strong>outras atividades auxiliares:<\/strong><\/p><table width=\"100%\"><tbody><tr><td><p><strong>Nome<\/strong><\/p><\/td><td><p><strong>Finalidade<\/strong><\/p><\/td><td><p><strong>Localiza\u00e7\u00e3o<\/strong><\/p><\/td><td><p><strong>Transfer\u00eancia Internacional e mecanismos de garantia<\/strong><\/p><\/td><\/tr><tr><td><p>Iron Mountain Espa\u00f1a<\/p><\/td><td><p>Armazenamento e destrui\u00e7\u00e3o de documentos (papel)<\/p><\/td><td><p>Madrid<\/p><\/td><td><p>\u00a0N\/A<\/p><\/td><\/tr><tr><td><p>Destrucci\u00f3n Confidencial de Documentaci\u00f3n, S.A.<\/p><\/td><td><p>Destrui\u00e7\u00e3o de documentos (papel)<\/p><\/td><td><p>Madrid<\/p><\/td><td><p>N\/A<\/p><\/td><\/tr><tr><td><p>Microsoft Corporation<\/p><\/td><td><p>Fornecedor de servi\u00e7os na nuvem<\/p><\/td><td><p>EUA<\/p><\/td><td><p>Sim, aplicam-se as cl\u00e1usulas contratuais-tipo.<\/p><\/td><\/tr><tr><td><p>Iron Mountain Espa\u00f1a<\/p><\/td><td><p>Armazenamento e destrui\u00e7\u00e3o de documentos (papel)<\/p><\/td><td><p>Madrid<\/p><\/td><td><p>\u00a0N\/A<\/p><\/td><\/tr><\/tbody><\/table><p>\u00a0<\/p><p>A Clece e as suas filiais atualizar\u00e3o esta p\u00e1gina pelo menos 30 dias antes de contratar um novo subcontratante.<\/p>\t\t\t\t\t\t\t\t<\/div>\n\t\t\t\t<\/div>\n\t\t\t\t\t<\/div>\n\t\t\t\t<\/div>\n\t\t\t\t<\/div>\n\t\t","protected":false},"excerpt":{"rendered":"<p>SUBCONTRATANTES DO TRATAMENTO DE DADOS DA CLECE E FILIAIS \u00daltima atualiza\u00e7\u00e3o: maio de 2024 Para facilitar a presta\u00e7\u00e3o dos nossos servi\u00e7os, a Clece e as suas filiais podem recorrer a fornecedores com acesso a determinados dados dos nossos Clientes (doravante denominados \u201cSubcontratantes&#8221;). Esta p\u00e1gina fornece informa\u00e7\u00f5es importantes acerca da identidade, da localiza\u00e7\u00e3o e da fun\u00e7\u00e3o [&hellip;]<\/p>\n","protected":false},"author":3,"featured_media":0,"parent":0,"menu_order":0,"comment_status":"closed","ping_status":"closed","template":"","meta":{"_acf_changed":false,"footnotes":""},"class_list":["post-145144","page","type-page","status-publish","hentry"],"acf":[],"yoast_head":"<!-- This site is optimized with the Yoast SEO plugin v27.2 - https:\/\/yoast.com\/product\/yoast-seo-wordpress\/ -->\n<title>Subcontratantes do tratamento de dados da clece e filiais - Clece<\/title>\n<meta name=\"robots\" content=\"index, follow, max-snippet:-1, max-image-preview:large, max-video-preview:-1\" \/>\n<link rel=\"canonical\" href=\"https:\/\/clece.es\/es\/subencargados-de-tratamiento-de-clece-y-filiales\/\" \/>\n<meta property=\"og:locale\" content=\"pt_PT\" \/>\n<meta property=\"og:type\" content=\"article\" \/>\n<meta property=\"og:title\" content=\"Subcontratantes do tratamento de dados da clece e filiais - Clece\" \/>\n<meta property=\"og:description\" content=\"SUBCONTRATANTES DO TRATAMENTO DE DADOS DA CLECE E FILIAIS \u00daltima atualiza\u00e7\u00e3o: maio de 2024 Para facilitar a presta\u00e7\u00e3o dos nossos servi\u00e7os, a Clece e as suas filiais podem recorrer a fornecedores com acesso a determinados dados dos nossos Clientes (doravante denominados \u201cSubcontratantes&#8221;). Esta p\u00e1gina fornece informa\u00e7\u00f5es importantes acerca da identidade, da localiza\u00e7\u00e3o e da fun\u00e7\u00e3o [&hellip;]\" \/>\n<meta property=\"og:url\" content=\"https:\/\/clece.es\/es\/subencargados-de-tratamiento-de-clece-y-filiales\/\" \/>\n<meta property=\"og:site_name\" content=\"Clece\" \/>\n<meta property=\"article:publisher\" content=\"https:\/\/www.facebook.com\/CleceSociedadAnonima\/\" \/>\n<meta property=\"article:modified_time\" content=\"2025-01-21T12:03:02+00:00\" \/>\n<meta name=\"twitter:card\" content=\"summary_large_image\" \/>\n<meta name=\"twitter:site\" content=\"@Clece_\" \/>\n<meta name=\"twitter:label1\" content=\"Est. reading time\" \/>\n\t<meta name=\"twitter:data1\" content=\"3 minutes\" \/>\n<script type=\"application\/ld+json\" class=\"yoast-schema-graph\">{\"@context\":\"https:\/\/schema.org\",\"@graph\":[{\"@type\":\"WebPage\",\"@id\":\"https:\/\/clece.es\/es\/subencargados-de-tratamiento-de-clece-y-filiales\/\",\"url\":\"https:\/\/clece.es\/es\/subencargados-de-tratamiento-de-clece-y-filiales\/\",\"name\":\"Subcontratantes do tratamento de dados da clece e filiais - Clece\",\"isPartOf\":{\"@id\":\"https:\/\/clece.es\/es\/#website\"},\"datePublished\":\"2024-11-19T14:51:43+00:00\",\"dateModified\":\"2025-01-21T12:03:02+00:00\",\"breadcrumb\":{\"@id\":\"https:\/\/clece.es\/es\/subencargados-de-tratamiento-de-clece-y-filiales\/#breadcrumb\"},\"inLanguage\":\"pt\",\"potentialAction\":[{\"@type\":\"ReadAction\",\"target\":[\"https:\/\/clece.es\/es\/subencargados-de-tratamiento-de-clece-y-filiales\/\"]}]},{\"@type\":\"BreadcrumbList\",\"@id\":\"https:\/\/clece.es\/es\/subencargados-de-tratamiento-de-clece-y-filiales\/#breadcrumb\",\"itemListElement\":[{\"@type\":\"ListItem\",\"position\":1,\"name\":\"Portada\",\"item\":\"https:\/\/clece.es\/es\/\"},{\"@type\":\"ListItem\",\"position\":2,\"name\":\"Subcontratantes do tratamento de dados da clece e filiais\"}]},{\"@type\":\"WebSite\",\"@id\":\"https:\/\/clece.es\/es\/#website\",\"url\":\"https:\/\/clece.es\/es\/\",\"name\":\"Clece\",\"description\":\"\",\"publisher\":{\"@id\":\"https:\/\/clece.es\/es\/#organization\"},\"potentialAction\":[{\"@type\":\"SearchAction\",\"target\":{\"@type\":\"EntryPoint\",\"urlTemplate\":\"https:\/\/clece.es\/es\/?s={search_term_string}\"},\"query-input\":{\"@type\":\"PropertyValueSpecification\",\"valueRequired\":true,\"valueName\":\"search_term_string\"}}],\"inLanguage\":\"pt\"},{\"@type\":\"Organization\",\"@id\":\"https:\/\/clece.es\/es\/#organization\",\"name\":\"Grupo Clece\",\"url\":\"https:\/\/clece.es\/es\/\",\"logo\":{\"@type\":\"ImageObject\",\"inLanguage\":\"pt\",\"@id\":\"https:\/\/clece.es\/es\/#\/schema\/logo\/image\/\",\"url\":\"https:\/\/sitio2.utopiasl.eu\/wp-content\/uploads\/2024\/10\/Logotipos_filiales_Clece_logotipo.png\",\"contentUrl\":\"https:\/\/sitio2.utopiasl.eu\/wp-content\/uploads\/2024\/10\/Logotipos_filiales_Clece_logotipo.png\",\"width\":5000,\"height\":5000,\"caption\":\"Grupo Clece\"},\"image\":{\"@id\":\"https:\/\/clece.es\/es\/#\/schema\/logo\/image\/\"},\"sameAs\":[\"https:\/\/www.facebook.com\/CleceSociedadAnonima\/\",\"https:\/\/x.com\/Clece_\",\"https:\/\/www.linkedin.com\/company\/clece-sa\/\"]}]}<\/script>\n<!-- \/ Yoast SEO plugin. -->","yoast_head_json":{"title":"Subcontratantes do tratamento de dados da clece e filiais - Clece","robots":{"index":"index","follow":"follow","max-snippet":"max-snippet:-1","max-image-preview":"max-image-preview:large","max-video-preview":"max-video-preview:-1"},"canonical":"https:\/\/clece.es\/es\/subencargados-de-tratamiento-de-clece-y-filiales\/","og_locale":"pt_PT","og_type":"article","og_title":"Subcontratantes do tratamento de dados da clece e filiais - Clece","og_description":"SUBCONTRATANTES DO TRATAMENTO DE DADOS DA CLECE E FILIAIS \u00daltima atualiza\u00e7\u00e3o: maio de 2024 Para facilitar a presta\u00e7\u00e3o dos nossos servi\u00e7os, a Clece e as suas filiais podem recorrer a fornecedores com acesso a determinados dados dos nossos Clientes (doravante denominados \u201cSubcontratantes&#8221;). Esta p\u00e1gina fornece informa\u00e7\u00f5es importantes acerca da identidade, da localiza\u00e7\u00e3o e da fun\u00e7\u00e3o [&hellip;]","og_url":"https:\/\/clece.es\/es\/subencargados-de-tratamiento-de-clece-y-filiales\/","og_site_name":"Clece","article_publisher":"https:\/\/www.facebook.com\/CleceSociedadAnonima\/","article_modified_time":"2025-01-21T12:03:02+00:00","twitter_card":"summary_large_image","twitter_site":"@Clece_","twitter_misc":{"Est. reading time":"3 minutes"},"schema":{"@context":"https:\/\/schema.org","@graph":[{"@type":"WebPage","@id":"https:\/\/clece.es\/es\/subencargados-de-tratamiento-de-clece-y-filiales\/","url":"https:\/\/clece.es\/es\/subencargados-de-tratamiento-de-clece-y-filiales\/","name":"Subcontratantes do tratamento de dados da clece e filiais - Clece","isPartOf":{"@id":"https:\/\/clece.es\/es\/#website"},"datePublished":"2024-11-19T14:51:43+00:00","dateModified":"2025-01-21T12:03:02+00:00","breadcrumb":{"@id":"https:\/\/clece.es\/es\/subencargados-de-tratamiento-de-clece-y-filiales\/#breadcrumb"},"inLanguage":"pt","potentialAction":[{"@type":"ReadAction","target":["https:\/\/clece.es\/es\/subencargados-de-tratamiento-de-clece-y-filiales\/"]}]},{"@type":"BreadcrumbList","@id":"https:\/\/clece.es\/es\/subencargados-de-tratamiento-de-clece-y-filiales\/#breadcrumb","itemListElement":[{"@type":"ListItem","position":1,"name":"Portada","item":"https:\/\/clece.es\/es\/"},{"@type":"ListItem","position":2,"name":"Subcontratantes do tratamento de dados da clece e filiais"}]},{"@type":"WebSite","@id":"https:\/\/clece.es\/es\/#website","url":"https:\/\/clece.es\/es\/","name":"Clece","description":"","publisher":{"@id":"https:\/\/clece.es\/es\/#organization"},"potentialAction":[{"@type":"SearchAction","target":{"@type":"EntryPoint","urlTemplate":"https:\/\/clece.es\/es\/?s={search_term_string}"},"query-input":{"@type":"PropertyValueSpecification","valueRequired":true,"valueName":"search_term_string"}}],"inLanguage":"pt"},{"@type":"Organization","@id":"https:\/\/clece.es\/es\/#organization","name":"Grupo Clece","url":"https:\/\/clece.es\/es\/","logo":{"@type":"ImageObject","inLanguage":"pt","@id":"https:\/\/clece.es\/es\/#\/schema\/logo\/image\/","url":"https:\/\/sitio2.utopiasl.eu\/wp-content\/uploads\/2024\/10\/Logotipos_filiales_Clece_logotipo.png","contentUrl":"https:\/\/sitio2.utopiasl.eu\/wp-content\/uploads\/2024\/10\/Logotipos_filiales_Clece_logotipo.png","width":5000,"height":5000,"caption":"Grupo Clece"},"image":{"@id":"https:\/\/clece.es\/es\/#\/schema\/logo\/image\/"},"sameAs":["https:\/\/www.facebook.com\/CleceSociedadAnonima\/","https:\/\/x.com\/Clece_","https:\/\/www.linkedin.com\/company\/clece-sa\/"]}]}},"_links":{"self":[{"href":"https:\/\/clece.es\/pt\/wp-json\/wp\/v2\/pages\/145144","targetHints":{"allow":["GET"]}}],"collection":[{"href":"https:\/\/clece.es\/pt\/wp-json\/wp\/v2\/pages"}],"about":[{"href":"https:\/\/clece.es\/pt\/wp-json\/wp\/v2\/types\/page"}],"author":[{"embeddable":true,"href":"https:\/\/clece.es\/pt\/wp-json\/wp\/v2\/users\/3"}],"replies":[{"embeddable":true,"href":"https:\/\/clece.es\/pt\/wp-json\/wp\/v2\/comments?post=145144"}],"version-history":[{"count":3,"href":"https:\/\/clece.es\/pt\/wp-json\/wp\/v2\/pages\/145144\/revisions"}],"predecessor-version":[{"id":146061,"href":"https:\/\/clece.es\/pt\/wp-json\/wp\/v2\/pages\/145144\/revisions\/146061"}],"wp:attachment":[{"href":"https:\/\/clece.es\/pt\/wp-json\/wp\/v2\/media?parent=145144"}],"curies":[{"name":"wp","href":"https:\/\/api.w.org\/{rel}","templated":true}]}}