{"id":145155,"date":"2024-10-30T11:27:33","date_gmt":"2024-10-30T11:27:33","guid":{"rendered":"https:\/\/sitio2.utopiasl.eu\/informacao-sobre-protecao-de-dados-para-fornecedores\/"},"modified":"2025-01-22T15:39:38","modified_gmt":"2025-01-22T15:39:38","slug":"informacao-sobre-protecao-de-dados-para-fornecedores","status":"publish","type":"page","link":"https:\/\/clece.es\/pt\/informacao-sobre-protecao-de-dados-para-fornecedores\/","title":{"rendered":"Informa\u00e7\u00e3o sobre prote\u00e7\u00e3o de dados para fornecedores"},"content":{"rendered":"\t\t<div data-elementor-type=\"wp-page\" data-elementor-id=\"145155\" class=\"elementor elementor-145155 elementor-10521\" data-elementor-post-type=\"page\">\n\t\t\t\t<div class=\"elementor-element elementor-element-eb2d2d9 e-flex e-con-boxed e-con e-parent\" data-id=\"eb2d2d9\" data-element_type=\"container\" data-e-type=\"container\">\n\t\t\t\t\t<div class=\"e-con-inner\">\n\t\t\t\t<div class=\"elementor-element elementor-element-e687c77 elementor-widget elementor-widget-heading\" data-id=\"e687c77\" data-element_type=\"widget\" data-e-type=\"widget\" data-widget_type=\"heading.default\">\n\t\t\t\t<div class=\"elementor-widget-container\">\n\t\t\t\t\t<h2 class=\"elementor-heading-title elementor-size-default\">INFORMA\u00c7\u00c3O SOBRE PROTE\u00c7\u00c3O DE DADOS PARA FORNECEDORES<\/h2>\t\t\t\t<\/div>\n\t\t\t\t<\/div>\n\t\t\t\t\t<\/div>\n\t\t\t\t<\/div>\n\t\t<div class=\"elementor-element elementor-element-d6d55c5 e-flex e-con-boxed e-con e-parent\" data-id=\"d6d55c5\" data-element_type=\"container\" data-e-type=\"container\">\n\t\t\t\t\t<div class=\"e-con-inner\">\n\t\t\t\t<div class=\"elementor-element elementor-element-23abb3d elementor-widget elementor-widget-text-editor\" data-id=\"23abb3d\" data-element_type=\"widget\" data-e-type=\"widget\" data-widget_type=\"text-editor.default\">\n\t\t\t\t<div class=\"elementor-widget-container\">\n\t\t\t\t\t\t\t\t\t<p><strong>1. QUEM \u00c9 O RESPONS\u00c1VEL CONJUNTO PELO TRATAMENTO DOS SEUS DADOS?<\/strong><br \/>A Clece e as suas filiais s\u00e3o respons\u00e1veis conjuntas pelo tratamento dos dados pessoais de contactos dos fornecedores que prestem servi\u00e7os a qualquer uma das nossas entidades.<\/p><p>A lista atualizada das entidades respons\u00e1veis conjuntas pode ser consultada atrav\u00e9s da seguinte <a href=\"\/pt\/clece-e-filiais\/\">hiperliga\u00e7\u00e3o<\/a>.<\/p>\t\t\t\t\t\t\t\t<\/div>\n\t\t\t\t<\/div>\n\t\t\t\t\t<\/div>\n\t\t\t\t<\/div>\n\t\t<div class=\"elementor-element elementor-element-eb17ecf e-flex e-con-boxed e-con e-parent\" data-id=\"eb17ecf\" data-element_type=\"container\" data-e-type=\"container\">\n\t\t\t\t\t<div class=\"e-con-inner\">\n\t\t\t\t<div class=\"elementor-element elementor-element-77caae5 elementor-widget elementor-widget-text-editor\" data-id=\"77caae5\" data-element_type=\"widget\" data-e-type=\"widget\" data-widget_type=\"text-editor.default\">\n\t\t\t\t<div class=\"elementor-widget-container\">\n\t\t\t\t\t\t\t\t\t<p><strong>2. PARA QUE FINALIDADE E COM QUE FUNDAMENTO LEG\u00cdTIMO TRATAMOS OS SEUS DADOS PESSOAIS?<\/strong><\/p>\n<p>Tratamos os dados pessoais do fornecedor ou das pessoas de contacto do fornecedor para os seguintes fins:<\/p>\n<ul>\n<li>Manter a rela\u00e7\u00e3o comercial<\/li>\n<li>Gest\u00e3o financeira, econ\u00f3mica, contabil\u00edstica e administrativa<\/li>\n<li>Envio de informa\u00e7\u00f5es comerciais<\/li>\n<li style=\"padding-bottom: 20px;\">O fundamento leg\u00edtimo para o tratamento trata-se do interesse leg\u00edtimo em gerir e manter a rela\u00e7\u00e3o comercial entre as partes.<\/li>\n<\/ul>\t\t\t\t\t\t\t\t<\/div>\n\t\t\t\t<\/div>\n\t\t\t\t\t<\/div>\n\t\t\t\t<\/div>\n\t\t<div class=\"elementor-element elementor-element-81d094e e-flex e-con-boxed e-con e-parent\" data-id=\"81d094e\" data-element_type=\"container\" data-e-type=\"container\">\n\t\t\t\t\t<div class=\"e-con-inner\">\n\t\t\t\t<div class=\"elementor-element elementor-element-d82063b elementor-widget elementor-widget-text-editor\" data-id=\"d82063b\" data-element_type=\"widget\" data-e-type=\"widget\" data-widget_type=\"text-editor.default\">\n\t\t\t\t<div class=\"elementor-widget-container\">\n\t\t\t\t\t\t\t\t\t<p><strong>3. QUE DADOS PESSOAIS TRATAMOS?<\/strong><\/p>\n<p>Tratamos os dados necess\u00e1rios para a gest\u00e3o e manuten\u00e7\u00e3o da rela\u00e7\u00e3o comercial, os quais, por norma, ser\u00e3o dados de identifica\u00e7\u00e3o, dados profissionais e dados de contacto profissional. No caso dos empres\u00e1rios em nome individual, podemos tratar os seus dados banc\u00e1rios para a necess\u00e1ria gest\u00e3o financeira.<\/p>\t\t\t\t\t\t\t\t<\/div>\n\t\t\t\t<\/div>\n\t\t\t\t\t<\/div>\n\t\t\t\t<\/div>\n\t\t<div class=\"elementor-element elementor-element-c92535f e-flex e-con-boxed e-con e-parent\" data-id=\"c92535f\" data-element_type=\"container\" data-e-type=\"container\">\n\t\t\t\t\t<div class=\"e-con-inner\">\n\t\t\t\t<div class=\"elementor-element elementor-element-8824355 elementor-widget elementor-widget-text-editor\" data-id=\"8824355\" data-element_type=\"widget\" data-e-type=\"widget\" data-widget_type=\"text-editor.default\">\n\t\t\t\t<div class=\"elementor-widget-container\">\n\t\t\t\t\t\t\t\t\t<p><strong>4. DURANTE QUANTO TEMPO CONSERVAMOS OS SEUS DADOS?<\/strong><\/p><p>Os dados ser\u00e3o conservados durante o per\u00edodo de vig\u00eancia da rela\u00e7\u00e3o comercial e, em qualquer caso, durante um per\u00edodo de 6 anos, em conformidade com o artigo 30.\u00ba do C\u00f3digo Comercial espanhol.<\/p>\t\t\t\t\t\t\t\t<\/div>\n\t\t\t\t<\/div>\n\t\t\t\t\t<\/div>\n\t\t\t\t<\/div>\n\t\t<div class=\"elementor-element elementor-element-8ba70ce e-flex e-con-boxed e-con e-parent\" data-id=\"8ba70ce\" data-element_type=\"container\" data-e-type=\"container\">\n\t\t\t\t\t<div class=\"e-con-inner\">\n\t\t\t\t<div class=\"elementor-element elementor-element-c372987 elementor-widget elementor-widget-text-editor\" data-id=\"c372987\" data-element_type=\"widget\" data-e-type=\"widget\" data-widget_type=\"text-editor.default\">\n\t\t\t\t<div class=\"elementor-widget-container\">\n\t\t\t\t\t\t\t\t\t<p><strong>5. A QUEM PODEREMOS DIVULGAR OS SEUS DADOS?<\/strong><\/p><p>Organiza\u00e7\u00e3o<\/p><p>Administra\u00e7\u00e3o fiscal<\/p><p>Bancos, outras entidades banc\u00e1rias<\/p><p>Em geral, os seus dados n\u00e3o ser\u00e3o divulgados a terceiros, salvo nos casos exigidos por lei.<\/p>\t\t\t\t\t\t\t\t<\/div>\n\t\t\t\t<\/div>\n\t\t\t\t\t<\/div>\n\t\t\t\t<\/div>\n\t\t<div class=\"elementor-element elementor-element-9b337e1 e-flex e-con-boxed e-con e-parent\" data-id=\"9b337e1\" data-element_type=\"container\" data-e-type=\"container\">\n\t\t\t\t\t<div class=\"e-con-inner\">\n\t\t\t\t<div class=\"elementor-element elementor-element-e9f10a4 elementor-widget elementor-widget-text-editor\" data-id=\"e9f10a4\" data-element_type=\"widget\" data-e-type=\"widget\" data-widget_type=\"text-editor.default\">\n\t\t\t\t<div class=\"elementor-widget-container\">\n\t\t\t\t\t\t\t\t\t<p><strong>6. COMO S\u00c3O PROTEGIDOS OS SEUS DADOS PESSOAIS?<\/strong><\/p><p>Comprometemo-nos a manter os seus dados pessoais seguros, tomando todas as precau\u00e7\u00f5es razo\u00e1veis para o fazer. Implementamos todas as medidas organizacionais e t\u00e9cnicas necess\u00e1rias, em conformidade com os regulamentos aplic\u00e1veis, contra o acesso n\u00e3o autorizado, a altera\u00e7\u00e3o, a divulga\u00e7\u00e3o, a perda ou a destrui\u00e7\u00e3o. Exigimos e impomos, mediante cl\u00e1usulas contratuais, o mesmo n\u00edvel de seguran\u00e7a aos prestadores de servi\u00e7os.<\/p>\t\t\t\t\t\t\t\t<\/div>\n\t\t\t\t<\/div>\n\t\t\t\t\t<\/div>\n\t\t\t\t<\/div>\n\t\t<div class=\"elementor-element elementor-element-4f75b05 e-flex e-con-boxed e-con e-parent\" data-id=\"4f75b05\" data-element_type=\"container\" data-e-type=\"container\">\n\t\t\t\t\t<div class=\"e-con-inner\">\n\t\t\t\t<div class=\"elementor-element elementor-element-47a3e10 elementor-widget elementor-widget-text-editor\" data-id=\"47a3e10\" data-element_type=\"widget\" data-e-type=\"widget\" data-widget_type=\"text-editor.default\">\n\t\t\t\t<div class=\"elementor-widget-container\">\n\t\t\t\t\t\t\t\t\t<p><strong>7. EXERC\u00cdCIO DE DIREITOS<\/strong><\/p><p>Os titulares dos dados t\u00eam o direito de:<\/p><ul><li>Obter a confirma\u00e7\u00e3o de que estamos a tratar os seus dados pessoais.<\/li><li>Obter uma c\u00f3pia dos seus dados pessoais.<\/li><li>Solicitar a retifica\u00e7\u00e3o dos dados inexatos.<\/li><li>Solicitar o apagamento, quando, entre outros motivos, os dados deixarem de ser necess\u00e1rios para os fins para os quais foram recolhidos.<\/li><li>Solicitar a limita\u00e7\u00e3o do tratamento dos seus dados, caso em que apenas ser\u00e3o conservados para o exerc\u00edcio ou defesa de reclama\u00e7\u00f5es<\/li><li style=\"padding-bottom: 30px;\">Opor-se ao tratamento dos seus dados, nomeadamente opor-se \u00e0 rece\u00e7\u00e3o de comunica\u00e7\u00f5es comerciais.<\/li><\/ul><p>Pode solicitar o exerc\u00edcio dos seus direitos atrav\u00e9s do endere\u00e7o eletr\u00f3nico de contacto do Encarregado da prote\u00e7\u00e3o de dados: <a href=\"mailto:rgpd-clece@clece.es\">rgpd-clece@clece.es<\/a><\/p><p>Caso n\u00e3o fique satisfeito(a) no \u00e2mbito do exerc\u00edcio dos seus direitos, pode apresentar uma queixa \u00e0 Ag\u00eancia Espanhola de Prote\u00e7\u00e3o de Dados.<\/p>\t\t\t\t\t\t\t\t<\/div>\n\t\t\t\t<\/div>\n\t\t\t\t\t<\/div>\n\t\t\t\t<\/div>\n\t\t\t\t<\/div>\n\t\t","protected":false},"excerpt":{"rendered":"<p>INFORMA\u00c7\u00c3O SOBRE PROTE\u00c7\u00c3O DE DADOS PARA FORNECEDORES 1. QUEM \u00c9 O RESPONS\u00c1VEL CONJUNTO PELO TRATAMENTO DOS SEUS DADOS?A Clece e as suas filiais s\u00e3o respons\u00e1veis conjuntas pelo tratamento dos dados pessoais de contactos dos fornecedores que prestem servi\u00e7os a qualquer uma das nossas entidades. A lista atualizada das entidades respons\u00e1veis conjuntas pode ser consultada atrav\u00e9s [&hellip;]<\/p>\n","protected":false},"author":6,"featured_media":0,"parent":0,"menu_order":0,"comment_status":"closed","ping_status":"closed","template":"","meta":{"_acf_changed":false,"footnotes":""},"class_list":["post-145155","page","type-page","status-publish","hentry"],"acf":[],"yoast_head":"<!-- This site is optimized with the Yoast SEO plugin v27.3 - https:\/\/yoast.com\/product\/yoast-seo-wordpress\/ -->\n<title>Informa\u00e7\u00e3o sobre prote\u00e7\u00e3o de dados para fornecedores - Clece<\/title>\n<meta name=\"robots\" content=\"index, follow, max-snippet:-1, max-image-preview:large, max-video-preview:-1\" \/>\n<link rel=\"canonical\" href=\"https:\/\/clece.es\/es\/politica-de-privacidad-de-proveedores\/\" \/>\n<meta property=\"og:locale\" content=\"pt_PT\" \/>\n<meta property=\"og:type\" content=\"article\" \/>\n<meta property=\"og:title\" content=\"Informa\u00e7\u00e3o sobre prote\u00e7\u00e3o de dados para fornecedores - Clece\" \/>\n<meta property=\"og:description\" content=\"INFORMA\u00c7\u00c3O SOBRE PROTE\u00c7\u00c3O DE DADOS PARA FORNECEDORES 1. QUEM \u00c9 O RESPONS\u00c1VEL CONJUNTO PELO TRATAMENTO DOS SEUS DADOS?A Clece e as suas filiais s\u00e3o respons\u00e1veis conjuntas pelo tratamento dos dados pessoais de contactos dos fornecedores que prestem servi\u00e7os a qualquer uma das nossas entidades. A lista atualizada das entidades respons\u00e1veis conjuntas pode ser consultada atrav\u00e9s [&hellip;]\" \/>\n<meta property=\"og:url\" content=\"https:\/\/clece.es\/es\/politica-de-privacidad-de-proveedores\/\" \/>\n<meta property=\"og:site_name\" content=\"Clece\" \/>\n<meta property=\"article:publisher\" content=\"https:\/\/www.facebook.com\/CleceSociedadAnonima\/\" \/>\n<meta property=\"article:modified_time\" content=\"2025-01-22T15:39:38+00:00\" \/>\n<meta name=\"twitter:card\" content=\"summary_large_image\" \/>\n<meta name=\"twitter:site\" content=\"@Clece_\" \/>\n<meta name=\"twitter:label1\" content=\"Est. reading time\" \/>\n\t<meta name=\"twitter:data1\" content=\"3 minutes\" \/>\n<script type=\"application\/ld+json\" class=\"yoast-schema-graph\">{\"@context\":\"https:\\\/\\\/schema.org\",\"@graph\":[{\"@type\":\"WebPage\",\"@id\":\"https:\\\/\\\/clece.es\\\/es\\\/politica-de-privacidad-de-proveedores\\\/\",\"url\":\"https:\\\/\\\/clece.es\\\/es\\\/politica-de-privacidad-de-proveedores\\\/\",\"name\":\"Informa\u00e7\u00e3o sobre prote\u00e7\u00e3o de dados para fornecedores - Clece\",\"isPartOf\":{\"@id\":\"https:\\\/\\\/clece.es\\\/es\\\/#website\"},\"datePublished\":\"2024-10-30T11:27:33+00:00\",\"dateModified\":\"2025-01-22T15:39:38+00:00\",\"breadcrumb\":{\"@id\":\"https:\\\/\\\/clece.es\\\/es\\\/politica-de-privacidad-de-proveedores\\\/#breadcrumb\"},\"inLanguage\":\"pt\",\"potentialAction\":[{\"@type\":\"ReadAction\",\"target\":[\"https:\\\/\\\/clece.es\\\/es\\\/politica-de-privacidad-de-proveedores\\\/\"]}]},{\"@type\":\"BreadcrumbList\",\"@id\":\"https:\\\/\\\/clece.es\\\/es\\\/politica-de-privacidad-de-proveedores\\\/#breadcrumb\",\"itemListElement\":[{\"@type\":\"ListItem\",\"position\":1,\"name\":\"Portada\",\"item\":\"https:\\\/\\\/clece.es\\\/es\\\/\"},{\"@type\":\"ListItem\",\"position\":2,\"name\":\"Informa\u00e7\u00e3o sobre prote\u00e7\u00e3o de dados para fornecedores\"}]},{\"@type\":\"WebSite\",\"@id\":\"https:\\\/\\\/clece.es\\\/es\\\/#website\",\"url\":\"https:\\\/\\\/clece.es\\\/es\\\/\",\"name\":\"Clece\",\"description\":\"\",\"publisher\":{\"@id\":\"https:\\\/\\\/clece.es\\\/es\\\/#organization\"},\"potentialAction\":[{\"@type\":\"SearchAction\",\"target\":{\"@type\":\"EntryPoint\",\"urlTemplate\":\"https:\\\/\\\/clece.es\\\/es\\\/?s={search_term_string}\"},\"query-input\":{\"@type\":\"PropertyValueSpecification\",\"valueRequired\":true,\"valueName\":\"search_term_string\"}}],\"inLanguage\":\"pt\"},{\"@type\":\"Organization\",\"@id\":\"https:\\\/\\\/clece.es\\\/es\\\/#organization\",\"name\":\"Grupo Clece\",\"url\":\"https:\\\/\\\/clece.es\\\/es\\\/\",\"logo\":{\"@type\":\"ImageObject\",\"inLanguage\":\"pt\",\"@id\":\"https:\\\/\\\/clece.es\\\/es\\\/#\\\/schema\\\/logo\\\/image\\\/\",\"url\":\"https:\\\/\\\/sitio2.utopiasl.eu\\\/wp-content\\\/uploads\\\/2024\\\/10\\\/Logotipos_filiales_Clece_logotipo.png\",\"contentUrl\":\"https:\\\/\\\/sitio2.utopiasl.eu\\\/wp-content\\\/uploads\\\/2024\\\/10\\\/Logotipos_filiales_Clece_logotipo.png\",\"width\":5000,\"height\":5000,\"caption\":\"Grupo Clece\"},\"image\":{\"@id\":\"https:\\\/\\\/clece.es\\\/es\\\/#\\\/schema\\\/logo\\\/image\\\/\"},\"sameAs\":[\"https:\\\/\\\/www.facebook.com\\\/CleceSociedadAnonima\\\/\",\"https:\\\/\\\/x.com\\\/Clece_\",\"https:\\\/\\\/www.linkedin.com\\\/company\\\/clece-sa\\\/\"]}]}<\/script>\n<!-- \/ Yoast SEO plugin. -->","yoast_head_json":{"title":"Informa\u00e7\u00e3o sobre prote\u00e7\u00e3o de dados para fornecedores - Clece","robots":{"index":"index","follow":"follow","max-snippet":"max-snippet:-1","max-image-preview":"max-image-preview:large","max-video-preview":"max-video-preview:-1"},"canonical":"https:\/\/clece.es\/es\/politica-de-privacidad-de-proveedores\/","og_locale":"pt_PT","og_type":"article","og_title":"Informa\u00e7\u00e3o sobre prote\u00e7\u00e3o de dados para fornecedores - Clece","og_description":"INFORMA\u00c7\u00c3O SOBRE PROTE\u00c7\u00c3O DE DADOS PARA FORNECEDORES 1. QUEM \u00c9 O RESPONS\u00c1VEL CONJUNTO PELO TRATAMENTO DOS SEUS DADOS?A Clece e as suas filiais s\u00e3o respons\u00e1veis conjuntas pelo tratamento dos dados pessoais de contactos dos fornecedores que prestem servi\u00e7os a qualquer uma das nossas entidades. A lista atualizada das entidades respons\u00e1veis conjuntas pode ser consultada atrav\u00e9s [&hellip;]","og_url":"https:\/\/clece.es\/es\/politica-de-privacidad-de-proveedores\/","og_site_name":"Clece","article_publisher":"https:\/\/www.facebook.com\/CleceSociedadAnonima\/","article_modified_time":"2025-01-22T15:39:38+00:00","twitter_card":"summary_large_image","twitter_site":"@Clece_","twitter_misc":{"Est. reading time":"3 minutes"},"schema":{"@context":"https:\/\/schema.org","@graph":[{"@type":"WebPage","@id":"https:\/\/clece.es\/es\/politica-de-privacidad-de-proveedores\/","url":"https:\/\/clece.es\/es\/politica-de-privacidad-de-proveedores\/","name":"Informa\u00e7\u00e3o sobre prote\u00e7\u00e3o de dados para fornecedores - Clece","isPartOf":{"@id":"https:\/\/clece.es\/es\/#website"},"datePublished":"2024-10-30T11:27:33+00:00","dateModified":"2025-01-22T15:39:38+00:00","breadcrumb":{"@id":"https:\/\/clece.es\/es\/politica-de-privacidad-de-proveedores\/#breadcrumb"},"inLanguage":"pt","potentialAction":[{"@type":"ReadAction","target":["https:\/\/clece.es\/es\/politica-de-privacidad-de-proveedores\/"]}]},{"@type":"BreadcrumbList","@id":"https:\/\/clece.es\/es\/politica-de-privacidad-de-proveedores\/#breadcrumb","itemListElement":[{"@type":"ListItem","position":1,"name":"Portada","item":"https:\/\/clece.es\/es\/"},{"@type":"ListItem","position":2,"name":"Informa\u00e7\u00e3o sobre prote\u00e7\u00e3o de dados para fornecedores"}]},{"@type":"WebSite","@id":"https:\/\/clece.es\/es\/#website","url":"https:\/\/clece.es\/es\/","name":"Clece","description":"","publisher":{"@id":"https:\/\/clece.es\/es\/#organization"},"potentialAction":[{"@type":"SearchAction","target":{"@type":"EntryPoint","urlTemplate":"https:\/\/clece.es\/es\/?s={search_term_string}"},"query-input":{"@type":"PropertyValueSpecification","valueRequired":true,"valueName":"search_term_string"}}],"inLanguage":"pt"},{"@type":"Organization","@id":"https:\/\/clece.es\/es\/#organization","name":"Grupo Clece","url":"https:\/\/clece.es\/es\/","logo":{"@type":"ImageObject","inLanguage":"pt","@id":"https:\/\/clece.es\/es\/#\/schema\/logo\/image\/","url":"https:\/\/sitio2.utopiasl.eu\/wp-content\/uploads\/2024\/10\/Logotipos_filiales_Clece_logotipo.png","contentUrl":"https:\/\/sitio2.utopiasl.eu\/wp-content\/uploads\/2024\/10\/Logotipos_filiales_Clece_logotipo.png","width":5000,"height":5000,"caption":"Grupo Clece"},"image":{"@id":"https:\/\/clece.es\/es\/#\/schema\/logo\/image\/"},"sameAs":["https:\/\/www.facebook.com\/CleceSociedadAnonima\/","https:\/\/x.com\/Clece_","https:\/\/www.linkedin.com\/company\/clece-sa\/"]}]}},"_links":{"self":[{"href":"https:\/\/clece.es\/pt\/wp-json\/wp\/v2\/pages\/145155","targetHints":{"allow":["GET"]}}],"collection":[{"href":"https:\/\/clece.es\/pt\/wp-json\/wp\/v2\/pages"}],"about":[{"href":"https:\/\/clece.es\/pt\/wp-json\/wp\/v2\/types\/page"}],"author":[{"embeddable":true,"href":"https:\/\/clece.es\/pt\/wp-json\/wp\/v2\/users\/6"}],"replies":[{"embeddable":true,"href":"https:\/\/clece.es\/pt\/wp-json\/wp\/v2\/comments?post=145155"}],"version-history":[{"count":3,"href":"https:\/\/clece.es\/pt\/wp-json\/wp\/v2\/pages\/145155\/revisions"}],"predecessor-version":[{"id":146238,"href":"https:\/\/clece.es\/pt\/wp-json\/wp\/v2\/pages\/145155\/revisions\/146238"}],"wp:attachment":[{"href":"https:\/\/clece.es\/pt\/wp-json\/wp\/v2\/media?parent=145155"}],"curies":[{"name":"wp","href":"https:\/\/api.w.org\/{rel}","templated":true}]}}