{"id":145165,"date":"2024-10-23T13:27:33","date_gmt":"2024-10-23T13:27:33","guid":{"rendered":"https:\/\/sitio2.utopiasl.eu\/viii-forum-pela-integracao\/"},"modified":"2025-02-05T08:55:56","modified_gmt":"2025-02-05T08:55:56","slug":"viii-forum-pela-integracao","status":"publish","type":"page","link":"https:\/\/clece.es\/pt\/sobre-nos\/comunicacao\/eventos\/viii-forum-pela-integracao\/","title":{"rendered":"VIII F\u00f3rum pela Integra\u00e7\u00e3o"},"content":{"rendered":"\t\t<div data-elementor-type=\"wp-page\" data-elementor-id=\"145165\" class=\"elementor elementor-145165 elementor-9126\" data-elementor-post-type=\"page\">\n\t\t\t\t<div class=\"elementor-element elementor-element-e2ae174 e-flex e-con-boxed e-con e-parent\" data-id=\"e2ae174\" data-element_type=\"container\" data-e-type=\"container\">\n\t\t\t\t\t<div class=\"e-con-inner\">\n\t\t<div class=\"elementor-element elementor-element-d7215c1 e-con-full e-flex e-con e-child\" data-id=\"d7215c1\" data-element_type=\"container\" data-e-type=\"container\">\n\t\t\t\t<div class=\"elementor-element elementor-element-e40fa7e elementor-widget elementor-widget-heading\" data-id=\"e40fa7e\" data-element_type=\"widget\" data-e-type=\"widget\" data-widget_type=\"heading.default\">\n\t\t\t\t<div class=\"elementor-widget-container\">\n\t\t\t\t\t<h2 class=\"elementor-heading-title elementor-size-default\"><a href=\"\/pt\/sobre-nos\/\">Sobre n\u00f3s<\/a><\/h2>\t\t\t\t<\/div>\n\t\t\t\t<\/div>\n\t\t\t\t<div class=\"elementor-element elementor-element-538376c elementor-widget elementor-widget-heading\" data-id=\"538376c\" data-element_type=\"widget\" data-e-type=\"widget\" data-widget_type=\"heading.default\">\n\t\t\t\t<div class=\"elementor-widget-container\">\n\t\t\t\t\t<h2 class=\"elementor-heading-title elementor-size-default\"><a href=\"\/pt\/sobre-nos\/comunicacao\/\">Comunica\u00e7\u00e3o<\/a><\/h2>\t\t\t\t<\/div>\n\t\t\t\t<\/div>\n\t\t\t\t<div class=\"elementor-element elementor-element-15c0814 elementor-widget elementor-widget-heading\" data-id=\"15c0814\" data-element_type=\"widget\" data-e-type=\"widget\" data-widget_type=\"heading.default\">\n\t\t\t\t<div class=\"elementor-widget-container\">\n\t\t\t\t\t<h2 class=\"elementor-heading-title elementor-size-default\"><a href=\"\/pt\/sobre-nos\/comunicacao\/eventos\/\">Eventos<\/a><\/h2>\t\t\t\t<\/div>\n\t\t\t\t<\/div>\n\t\t\t\t<div class=\"elementor-element elementor-element-bb28b3f elementor-widget elementor-widget-heading\" data-id=\"bb28b3f\" data-element_type=\"widget\" data-e-type=\"widget\" data-widget_type=\"heading.default\">\n\t\t\t\t<div class=\"elementor-widget-container\">\n\t\t\t\t\t<h2 class=\"elementor-heading-title elementor-size-default\">VIII F\u00f3rum pela Integra\u00e7\u00e3o<\/h2>\t\t\t\t<\/div>\n\t\t\t\t<\/div>\n\t\t\t\t<\/div>\n\t\t\t\t\t<\/div>\n\t\t\t\t<\/div>\n\t\t<div class=\"elementor-element elementor-element-6021f0e e-flex e-con-boxed e-con e-parent\" data-id=\"6021f0e\" data-element_type=\"container\" data-e-type=\"container\">\n\t\t\t\t\t<div class=\"e-con-inner\">\n\t\t<div class=\"elementor-element elementor-element-e2cdb64 e-con-full e-flex e-con e-child\" data-id=\"e2cdb64\" data-element_type=\"container\" data-e-type=\"container\">\n\t\t<div class=\"elementor-element elementor-element-5be7dbb e-con-full e-flex e-con e-child\" data-id=\"5be7dbb\" data-element_type=\"container\" data-e-type=\"container\">\n\t\t\t\t<div class=\"elementor-element elementor-element-8a4a826 elementor-widget elementor-widget-image\" data-id=\"8a4a826\" data-element_type=\"widget\" data-e-type=\"widget\" data-widget_type=\"image.default\">\n\t\t\t\t<div class=\"elementor-widget-container\">\n\t\t\t\t\t\t\t\t\t\t\t\t\t\t\t<img fetchpriority=\"high\" decoding=\"async\" width=\"800\" height=\"360\" src=\"https:\/\/clece.es\/wp-content\/uploads\/2024\/10\/VIIIForo-1-1024x461.jpg\" class=\"attachment-large size-large wp-image-145166\" alt=\"\" srcset=\"https:\/\/clece.es\/wp-content\/uploads\/2024\/10\/VIIIForo-1-1024x461.jpg 1024w, https:\/\/clece.es\/wp-content\/uploads\/2024\/10\/VIIIForo-1-300x135.jpg 300w, https:\/\/clece.es\/wp-content\/uploads\/2024\/10\/VIIIForo-1-768x346.jpg 768w, https:\/\/clece.es\/wp-content\/uploads\/2024\/10\/VIIIForo-1.jpg 1449w\" sizes=\"(max-width: 800px) 100vw, 800px\" \/>\t\t\t\t\t\t\t\t\t\t\t\t\t\t\t<\/div>\n\t\t\t\t<\/div>\n\t\t\t\t<\/div>\n\t\t\t\t<div class=\"elementor-element elementor-element-d833061 elementor-widget elementor-widget-text-editor\" data-id=\"d833061\" data-element_type=\"widget\" data-e-type=\"widget\" data-widget_type=\"text-editor.default\">\n\t\t\t\t<div class=\"elementor-widget-container\">\n\t\t\t\t\t\t\t\t\t<p>14-03-2018<\/p>\t\t\t\t\t\t\t\t<\/div>\n\t\t\t\t<\/div>\n\t\t\t\t<div class=\"elementor-element elementor-element-7ef2165 elementor-widget elementor-widget-heading\" data-id=\"7ef2165\" data-element_type=\"widget\" data-e-type=\"widget\" data-widget_type=\"heading.default\">\n\t\t\t\t<div class=\"elementor-widget-container\">\n\t\t\t\t\t<h2 class=\"elementor-heading-title elementor-size-default\">VIII F\u00f3rum pela Integra\u00e7\u00e3o \u201cA Administra\u00e7\u00e3o P\u00fablica tem o acelerador para que a inclus\u00e3o laboral cres\u00e7a exponencialmente\u201d<\/h2>\t\t\t\t<\/div>\n\t\t\t\t<\/div>\n\t\t\t\t<div class=\"elementor-element elementor-element-f5e380a elementor-widget-divider--view-line elementor-widget elementor-widget-divider\" data-id=\"f5e380a\" data-element_type=\"widget\" data-e-type=\"widget\" data-widget_type=\"divider.default\">\n\t\t\t\t<div class=\"elementor-widget-container\">\n\t\t\t\t\t\t\t<div class=\"elementor-divider\">\n\t\t\t<span class=\"elementor-divider-separator\">\n\t\t\t\t\t\t<\/span>\n\t\t<\/div>\n\t\t\t\t\t\t<\/div>\n\t\t\t\t<\/div>\n\t\t\t\t<div class=\"elementor-element elementor-element-26c3095 elementor-widget elementor-widget-text-editor\" data-id=\"26c3095\" data-element_type=\"widget\" data-e-type=\"widget\" data-widget_type=\"text-editor.default\">\n\t\t\t\t<div class=\"elementor-widget-container\">\n\t\t\t\t\t\t\t\t\t<ul><li style=\"font-weight: 300;\"><b><strong style=\"font-style: inherit;\"><span style=\"font-style: inherit; font-weight: inherit;\">Esta foi uma das conclus\u00f5es de Crist\u00f3bal Valderas, Presidente da Clece, que acrescentou a necessidade de apostar na forma\u00e7\u00e3o como medida facilitadora da inser\u00e7\u00e3o sociolaboral.<\/span><\/strong><\/b><\/li><li style=\"font-weight: 300;\"><b><strong style=\"font-style: inherit;\"><span style=\"font-style: inherit; font-weight: inherit;\">Dos cerca de 75 000 empregados que a empresa tem em Espanha, 7547 s\u00e3o pessoas procedentes de grupos vulner\u00e1veis e 471 trabalha na regi\u00e3o da Cornija Cant\u00e1brica.<\/span><\/strong><\/b><\/li><\/ul>\t\t\t\t\t\t\t\t<\/div>\n\t\t\t\t<\/div>\n\t\t\t\t<div class=\"elementor-element elementor-element-319841c elementor-widget elementor-widget-text-editor\" data-id=\"319841c\" data-element_type=\"widget\" data-e-type=\"widget\" data-widget_type=\"text-editor.default\">\n\t\t\t\t<div class=\"elementor-widget-container\">\n\t\t\t\t\t\t\t\t\t<p>\u201cEstamos no melhor momento de incorpora\u00e7\u00e3o de grupos desfavorecidos mas h\u00e1 ainda muito por fazer. A Administra\u00e7\u00e3o P\u00fablica tem o acelerador para que a inclus\u00e3o laboral cres\u00e7a exponencialmente. Eles possuem as ferramentas nas suas m\u00e3os para aumentar a integra\u00e7\u00e3o de pessoas de grupos desfavorecidos\u201d. Esta \u00e9 uma das principais conclus\u00f5es extra\u00eddas do\u00a0<strong>VIII F\u00f3rum \u201cClece pela Integra\u00e7\u00e3o\u201d<\/strong>\u00a0realizado no passado dia 1 de mar\u00e7o no Pal\u00e1cio da Magdalena de Santander sob o lema \u201cFalamos de inclus\u00e3o laboral?\u201d.<\/p><p>No encontro destacou-se a necessidade de impulsionar alian\u00e7as entre a empresa privada e a Administra\u00e7\u00e3o P\u00fablica, assim como a necessidade de apostar na forma\u00e7\u00e3o para reduzir as taxas de desemprego das pessoas com defici\u00eancia, em risco de exclus\u00e3o ou mulheres v\u00edtimas de viol\u00eancia de g\u00e9nero.<\/p><p>Gema Igual Ortiz, presidente da c\u00e2mara municipal de Santander, ficou encarregada de abrir este col\u00f3quio que congregou representantes da Administra\u00e7\u00e3o P\u00fablica, empresa privada, agentes sociais assim como trabalhadores provenientes destes grupos com: Roberto del Pozo L\u00f3pez, vereador de Autonomia pessoal do munic\u00edpio de Santander; Francisco Javier Guti\u00e9rrez Iglesias, vice-presidente da c\u00e2mara municipal de Cabez\u00f3n de la Sal; Tom\u00e1s Castillo Arenal, gerente da Associa\u00e7\u00e3o de pessoas com defici\u00eancia Amica; Crist\u00f3bal Valderas Alvarado, presidente da Clece; e Mar\u00eda Jos\u00e9 M. N., v\u00edtima de viol\u00eancia de g\u00e9nero e trabalhadora da Clece.<\/p><p>Como representante de um dos grupos mais afetados, Tom\u00e1s Castillo Arenal, gerente da Associa\u00e7\u00e3o de pessoas com defici\u00eancia Amica, evidenciou os \u00faltimos n\u00fameros: \u201cEstamos a avan\u00e7ar. Foi batido o recorde de contrata\u00e7\u00f5es em 2017 de pessoas com defici\u00eancia, mais de 110 000 pessoas contratadas\u201d.<\/p><p>Roberto del Pozo L\u00f3pez, vereador de Autonomia pessoal do munic\u00edpio de Santander, acrescentou que sem d\u00favida \u201cestes n\u00fameros refletem uma mudan\u00e7a de mentalidade da sociedade e d\u00e3o-nos esperan\u00e7a, mas \u00e9 necess\u00e1rio continuar a derrubar barreiras e preconceitos\u201d.<\/p><p>Por outro lado, Javier Guti\u00e9rrez Iglesias, vice-presidente do munic\u00edpio de Cabez\u00f3n de la Sal, destacou que \u201cprecisamos que as empresas e a ind\u00fastria inovem para incluir estes grupos. O interc\u00e2mbio de ideias \u00e9 necess\u00e1rio entre a administra\u00e7\u00e3o p\u00fablica e as empresas para formar as pessoas e ajud\u00e1-las na sua incorpora\u00e7\u00e3o no mercado laboral\u201d.<\/p><p>\u201cOs munic\u00edpios n\u00e3o t\u00eam capacidade de emprego mas t\u00eam na tomada de decis\u00f5es das empresas que contratam, nos cadernos de encargos e nas cl\u00e1usulas sociais\u201d, sublinhou Crist\u00f3bal Valderas.<\/p><p>O ponto de vista mais humano e pessoal relativamente ao problema foi colocado por Mar\u00eda Jos\u00e9 M. N., v\u00edtima de viol\u00eancia de g\u00e9nero e trabalhadora da Clece que representa \u201cuma conquista em si mesma\u201d, nas palavras da moderadora do F\u00f3rum, Elena D\u00edez-Fuentes. Ela come\u00e7ou com um contrato tempor\u00e1rio em 2015 que rapidamente se transformou em indefinido e que lhe mudou a vida \u201cO trabalho deu-me a vida. Foi a minha terapia. Come\u00e7ar a trabalhar na Clece permitiu-me valer-me por mim mesma e recuperar a confian\u00e7a\u201d, acrescenta.<\/p><p><strong>A forma\u00e7\u00e3o como medida necess\u00e1ria na inser\u00e7\u00e3o laboral<\/strong><\/p><p>Outro dos aspetos mais repetidos no F\u00f3rum foi a necessidade de fomentar a forma\u00e7\u00e3o como medida facilitadora da inser\u00e7\u00e3o sociolaboral. Neste sentido Crist\u00f3bal Valderas destacou o forte compromisso realizado nesta mat\u00e9ria nos \u00faltimos anos e, especialmente, em 2017. \u201cNo \u00faltimo ano form\u00e1mos mais de 22 300 participantes em 2000 cursos de forma\u00e7\u00e3o nos \u00e2mbitos de atividade de servi\u00e7os sociais, seguran\u00e7a, servi\u00e7os educativos, limpeza e manuten\u00e7\u00e3o, entre outros. Deles, 1192 eram pessoas com defici\u00eancia, 148 eram trabalhadores pertencentes ao grupo de exclus\u00e3o social e 33 mulheres v\u00edtimas de viol\u00eancia de g\u00e9nero\u201d.<\/p><p>Este compromisso social da Clece pela empregabilidade e a forma\u00e7\u00e3o est\u00e1 no ADN da empresa e tornou poss\u00edvel que hoje a empresa conte com cerca de 75.000 empregados e presen\u00e7a em todo o territ\u00f3rio nacional. Deles, 7547 s\u00e3o trabalhadores de grupos desfavorecidos. Em concreto, na Cornija Cant\u00e1brica, a empresa conta com 2950 empregados dos quais 471 s\u00e3o pessoas procedentes destes grupos vulner\u00e1veis.<\/p><p>Como conclus\u00f5es da jornada, cada um dos oradores resumiu um objetivo ou uma esperan\u00e7a. \u201cConseguir que a sociedade seja consciente de que os objetivos que se conseguem s\u00e3o para todos\u201d, foi o assinalado por Roberto del Pozo; Javier Guti\u00e9rrez acrescentou a import\u00e2ncia de \u201ctrabalhar na forma\u00e7\u00e3o, desenvolvimento e inova\u00e7\u00e3o\u201d; Tom\u00e1s Castillo mencionou que \u201cincluir \u00e9 enriquecer toda a sociedade\u201d, Mar\u00eda Jos\u00e9 M.N. referiu que o seu sonho \u00e9 manter o seu emprego e fazer algo mais em termos de forma\u00e7\u00e3o para progredir; e por \u00faltimo Crist\u00f3bal Valderas acrescentou que a Clece tem o desafio de contratar 139 mulheres v\u00edtimas de viol\u00eancia de g\u00e9nero segundo o compromisso adquirido na III Edi\u00e7\u00e3o dos Pr\u00e9mios Compromisso. Atualmente, indica com orgulho: \u201cJ\u00e1 atingimos o n\u00famero de 49 empregos. Estamos empenhados\u201d.<\/p>\t\t\t\t\t\t\t\t<\/div>\n\t\t\t\t<\/div>\n\t\t\t\t<\/div>\n\t\t\t\t\t<\/div>\n\t\t\t\t<\/div>\n\t\t\t\t<\/div>\n\t\t","protected":false},"excerpt":{"rendered":"<p>Sobre n\u00f3s Comunica\u00e7\u00e3o Eventos VIII F\u00f3rum pela Integra\u00e7\u00e3o 14-03-2018 VIII F\u00f3rum pela Integra\u00e7\u00e3o \u201cA Administra\u00e7\u00e3o P\u00fablica tem o acelerador para que a inclus\u00e3o laboral cres\u00e7a exponencialmente\u201d Esta foi uma das conclus\u00f5es de Crist\u00f3bal Valderas, Presidente da Clece, que acrescentou a necessidade de apostar na forma\u00e7\u00e3o como medida facilitadora da inser\u00e7\u00e3o sociolaboral. Dos cerca de 75 [&hellip;]<\/p>\n","protected":false},"author":3,"featured_media":0,"parent":145183,"menu_order":0,"comment_status":"closed","ping_status":"closed","template":"","meta":{"_acf_changed":false,"footnotes":""},"class_list":["post-145165","page","type-page","status-publish","hentry"],"acf":[],"yoast_head":"<!-- This site is optimized with the Yoast SEO plugin v27.3 - https:\/\/yoast.com\/product\/yoast-seo-wordpress\/ -->\n<title>VIII F\u00f3rum pela Integra\u00e7\u00e3o | Clece<\/title>\n<meta name=\"description\" content=\"Oitavo F\u00f3rum pela Integra\u00e7\u00e3o da Clece. Sob o mote &quot;Vamos falar de inclus\u00e3o laboral?&quot;, o evento realizado em Santander sublinha a necessidade de criar la\u00e7os entre o sector privado e a administra\u00e7\u00e3o p\u00fablica neste dom\u00ednio.\" \/>\n<meta name=\"robots\" content=\"index, follow, max-snippet:-1, max-image-preview:large, max-video-preview:-1\" \/>\n<link rel=\"canonical\" href=\"https:\/\/clece.es\/gl\/conecenos\/comunicacion\/eventos\/viii-foro-pola-integracion\/\" \/>\n<meta property=\"og:locale\" content=\"pt_PT\" \/>\n<meta property=\"og:type\" content=\"article\" \/>\n<meta property=\"og:title\" content=\"VIII F\u00f3rum pela Integra\u00e7\u00e3o | Clece\" \/>\n<meta property=\"og:description\" content=\"Oitavo F\u00f3rum pela Integra\u00e7\u00e3o da Clece. Sob o mote &quot;Vamos falar de inclus\u00e3o laboral?&quot;, o evento realizado em Santander sublinha a necessidade de criar la\u00e7os entre o sector privado e a administra\u00e7\u00e3o p\u00fablica neste dom\u00ednio.\" \/>\n<meta property=\"og:url\" content=\"https:\/\/clece.es\/gl\/conecenos\/comunicacion\/eventos\/viii-foro-pola-integracion\/\" \/>\n<meta property=\"og:site_name\" content=\"Clece\" \/>\n<meta property=\"article:publisher\" content=\"https:\/\/www.facebook.com\/CleceSociedadAnonima\/\" \/>\n<meta property=\"article:modified_time\" content=\"2025-02-05T08:55:56+00:00\" \/>\n<meta property=\"og:image\" content=\"http:\/\/sitio2.utopiasl.eu\/wp-content\/uploads\/2024\/10\/VIIIForo-1-1024x461.jpg\" \/>\n<meta name=\"twitter:card\" content=\"summary_large_image\" \/>\n<meta name=\"twitter:site\" content=\"@Clece_\" \/>\n<meta name=\"twitter:label1\" content=\"Est. reading time\" \/>\n\t<meta name=\"twitter:data1\" content=\"4 minutes\" \/>\n<script type=\"application\/ld+json\" class=\"yoast-schema-graph\">{\"@context\":\"https:\\\/\\\/schema.org\",\"@graph\":[{\"@type\":\"WebPage\",\"@id\":\"https:\\\/\\\/clece.es\\\/gl\\\/conecenos\\\/comunicacion\\\/eventos\\\/viii-foro-pola-integracion\\\/\",\"url\":\"https:\\\/\\\/clece.es\\\/gl\\\/conecenos\\\/comunicacion\\\/eventos\\\/viii-foro-pola-integracion\\\/\",\"name\":\"VIII F\u00f3rum pela Integra\u00e7\u00e3o | Clece\",\"isPartOf\":{\"@id\":\"https:\\\/\\\/clece.es\\\/es\\\/#website\"},\"primaryImageOfPage\":{\"@id\":\"https:\\\/\\\/clece.es\\\/gl\\\/conecenos\\\/comunicacion\\\/eventos\\\/viii-foro-pola-integracion\\\/#primaryimage\"},\"image\":{\"@id\":\"https:\\\/\\\/clece.es\\\/gl\\\/conecenos\\\/comunicacion\\\/eventos\\\/viii-foro-pola-integracion\\\/#primaryimage\"},\"thumbnailUrl\":\"http:\\\/\\\/sitio2.utopiasl.eu\\\/wp-content\\\/uploads\\\/2024\\\/10\\\/VIIIForo-1-1024x461.jpg\",\"datePublished\":\"2024-10-23T13:27:33+00:00\",\"dateModified\":\"2025-02-05T08:55:56+00:00\",\"description\":\"Oitavo F\u00f3rum pela Integra\u00e7\u00e3o da Clece. Sob o mote \\\"Vamos falar de inclus\u00e3o laboral?\\\", o evento realizado em Santander sublinha a necessidade de criar la\u00e7os entre o sector privado e a administra\u00e7\u00e3o p\u00fablica neste dom\u00ednio.\",\"breadcrumb\":{\"@id\":\"https:\\\/\\\/clece.es\\\/gl\\\/conecenos\\\/comunicacion\\\/eventos\\\/viii-foro-pola-integracion\\\/#breadcrumb\"},\"inLanguage\":\"pt\",\"potentialAction\":[{\"@type\":\"ReadAction\",\"target\":[\"https:\\\/\\\/clece.es\\\/gl\\\/conecenos\\\/comunicacion\\\/eventos\\\/viii-foro-pola-integracion\\\/\"]}]},{\"@type\":\"ImageObject\",\"inLanguage\":\"pt\",\"@id\":\"https:\\\/\\\/clece.es\\\/gl\\\/conecenos\\\/comunicacion\\\/eventos\\\/viii-foro-pola-integracion\\\/#primaryimage\",\"url\":\"http:\\\/\\\/sitio2.utopiasl.eu\\\/wp-content\\\/uploads\\\/2024\\\/10\\\/VIIIForo-1-1024x461.jpg\",\"contentUrl\":\"http:\\\/\\\/sitio2.utopiasl.eu\\\/wp-content\\\/uploads\\\/2024\\\/10\\\/VIIIForo-1-1024x461.jpg\"},{\"@type\":\"BreadcrumbList\",\"@id\":\"https:\\\/\\\/clece.es\\\/gl\\\/conecenos\\\/comunicacion\\\/eventos\\\/viii-foro-pola-integracion\\\/#breadcrumb\",\"itemListElement\":[{\"@type\":\"ListItem\",\"position\":1,\"name\":\"Portada\",\"item\":\"https:\\\/\\\/clece.es\\\/es\\\/\"},{\"@type\":\"ListItem\",\"position\":2,\"name\":\"Sobre n\u00f3s\",\"item\":\"https:\\\/\\\/clece.es\\\/pt\\\/sobre-nos\\\/\"},{\"@type\":\"ListItem\",\"position\":3,\"name\":\"Comunica\u00e7\u00e3o\",\"item\":\"https:\\\/\\\/clece.es\\\/gl\\\/conecenos\\\/comunicacion\\\/\"},{\"@type\":\"ListItem\",\"position\":4,\"name\":\"Eventos\",\"item\":\"https:\\\/\\\/clece.es\\\/gl\\\/conecenos\\\/comunicacion\\\/eventos\\\/\"},{\"@type\":\"ListItem\",\"position\":5,\"name\":\"VIII F\u00f3rum pela Integra\u00e7\u00e3o\"}]},{\"@type\":\"WebSite\",\"@id\":\"https:\\\/\\\/clece.es\\\/es\\\/#website\",\"url\":\"https:\\\/\\\/clece.es\\\/es\\\/\",\"name\":\"Clece\",\"description\":\"\",\"publisher\":{\"@id\":\"https:\\\/\\\/clece.es\\\/es\\\/#organization\"},\"potentialAction\":[{\"@type\":\"SearchAction\",\"target\":{\"@type\":\"EntryPoint\",\"urlTemplate\":\"https:\\\/\\\/clece.es\\\/es\\\/?s={search_term_string}\"},\"query-input\":{\"@type\":\"PropertyValueSpecification\",\"valueRequired\":true,\"valueName\":\"search_term_string\"}}],\"inLanguage\":\"pt\"},{\"@type\":\"Organization\",\"@id\":\"https:\\\/\\\/clece.es\\\/es\\\/#organization\",\"name\":\"Grupo Clece\",\"url\":\"https:\\\/\\\/clece.es\\\/es\\\/\",\"logo\":{\"@type\":\"ImageObject\",\"inLanguage\":\"pt\",\"@id\":\"https:\\\/\\\/clece.es\\\/es\\\/#\\\/schema\\\/logo\\\/image\\\/\",\"url\":\"https:\\\/\\\/sitio2.utopiasl.eu\\\/wp-content\\\/uploads\\\/2024\\\/10\\\/Logotipos_filiales_Clece_logotipo.png\",\"contentUrl\":\"https:\\\/\\\/sitio2.utopiasl.eu\\\/wp-content\\\/uploads\\\/2024\\\/10\\\/Logotipos_filiales_Clece_logotipo.png\",\"width\":5000,\"height\":5000,\"caption\":\"Grupo Clece\"},\"image\":{\"@id\":\"https:\\\/\\\/clece.es\\\/es\\\/#\\\/schema\\\/logo\\\/image\\\/\"},\"sameAs\":[\"https:\\\/\\\/www.facebook.com\\\/CleceSociedadAnonima\\\/\",\"https:\\\/\\\/x.com\\\/Clece_\",\"https:\\\/\\\/www.linkedin.com\\\/company\\\/clece-sa\\\/\"]}]}<\/script>\n<!-- \/ Yoast SEO plugin. -->","yoast_head_json":{"title":"VIII F\u00f3rum pela Integra\u00e7\u00e3o | Clece","description":"Oitavo F\u00f3rum pela Integra\u00e7\u00e3o da Clece. Sob o mote \"Vamos falar de inclus\u00e3o laboral?\", o evento realizado em Santander sublinha a necessidade de criar la\u00e7os entre o sector privado e a administra\u00e7\u00e3o p\u00fablica neste dom\u00ednio.","robots":{"index":"index","follow":"follow","max-snippet":"max-snippet:-1","max-image-preview":"max-image-preview:large","max-video-preview":"max-video-preview:-1"},"canonical":"https:\/\/clece.es\/gl\/conecenos\/comunicacion\/eventos\/viii-foro-pola-integracion\/","og_locale":"pt_PT","og_type":"article","og_title":"VIII F\u00f3rum pela Integra\u00e7\u00e3o | Clece","og_description":"Oitavo F\u00f3rum pela Integra\u00e7\u00e3o da Clece. Sob o mote \"Vamos falar de inclus\u00e3o laboral?\", o evento realizado em Santander sublinha a necessidade de criar la\u00e7os entre o sector privado e a administra\u00e7\u00e3o p\u00fablica neste dom\u00ednio.","og_url":"https:\/\/clece.es\/gl\/conecenos\/comunicacion\/eventos\/viii-foro-pola-integracion\/","og_site_name":"Clece","article_publisher":"https:\/\/www.facebook.com\/CleceSociedadAnonima\/","article_modified_time":"2025-02-05T08:55:56+00:00","og_image":[{"url":"http:\/\/sitio2.utopiasl.eu\/wp-content\/uploads\/2024\/10\/VIIIForo-1-1024x461.jpg","type":"","width":"","height":""}],"twitter_card":"summary_large_image","twitter_site":"@Clece_","twitter_misc":{"Est. reading time":"4 minutes"},"schema":{"@context":"https:\/\/schema.org","@graph":[{"@type":"WebPage","@id":"https:\/\/clece.es\/gl\/conecenos\/comunicacion\/eventos\/viii-foro-pola-integracion\/","url":"https:\/\/clece.es\/gl\/conecenos\/comunicacion\/eventos\/viii-foro-pola-integracion\/","name":"VIII F\u00f3rum pela Integra\u00e7\u00e3o | Clece","isPartOf":{"@id":"https:\/\/clece.es\/es\/#website"},"primaryImageOfPage":{"@id":"https:\/\/clece.es\/gl\/conecenos\/comunicacion\/eventos\/viii-foro-pola-integracion\/#primaryimage"},"image":{"@id":"https:\/\/clece.es\/gl\/conecenos\/comunicacion\/eventos\/viii-foro-pola-integracion\/#primaryimage"},"thumbnailUrl":"http:\/\/sitio2.utopiasl.eu\/wp-content\/uploads\/2024\/10\/VIIIForo-1-1024x461.jpg","datePublished":"2024-10-23T13:27:33+00:00","dateModified":"2025-02-05T08:55:56+00:00","description":"Oitavo F\u00f3rum pela Integra\u00e7\u00e3o da Clece. Sob o mote \"Vamos falar de inclus\u00e3o laboral?\", o evento realizado em Santander sublinha a necessidade de criar la\u00e7os entre o sector privado e a administra\u00e7\u00e3o p\u00fablica neste dom\u00ednio.","breadcrumb":{"@id":"https:\/\/clece.es\/gl\/conecenos\/comunicacion\/eventos\/viii-foro-pola-integracion\/#breadcrumb"},"inLanguage":"pt","potentialAction":[{"@type":"ReadAction","target":["https:\/\/clece.es\/gl\/conecenos\/comunicacion\/eventos\/viii-foro-pola-integracion\/"]}]},{"@type":"ImageObject","inLanguage":"pt","@id":"https:\/\/clece.es\/gl\/conecenos\/comunicacion\/eventos\/viii-foro-pola-integracion\/#primaryimage","url":"http:\/\/sitio2.utopiasl.eu\/wp-content\/uploads\/2024\/10\/VIIIForo-1-1024x461.jpg","contentUrl":"http:\/\/sitio2.utopiasl.eu\/wp-content\/uploads\/2024\/10\/VIIIForo-1-1024x461.jpg"},{"@type":"BreadcrumbList","@id":"https:\/\/clece.es\/gl\/conecenos\/comunicacion\/eventos\/viii-foro-pola-integracion\/#breadcrumb","itemListElement":[{"@type":"ListItem","position":1,"name":"Portada","item":"https:\/\/clece.es\/es\/"},{"@type":"ListItem","position":2,"name":"Sobre n\u00f3s","item":"https:\/\/clece.es\/pt\/sobre-nos\/"},{"@type":"ListItem","position":3,"name":"Comunica\u00e7\u00e3o","item":"https:\/\/clece.es\/gl\/conecenos\/comunicacion\/"},{"@type":"ListItem","position":4,"name":"Eventos","item":"https:\/\/clece.es\/gl\/conecenos\/comunicacion\/eventos\/"},{"@type":"ListItem","position":5,"name":"VIII F\u00f3rum pela Integra\u00e7\u00e3o"}]},{"@type":"WebSite","@id":"https:\/\/clece.es\/es\/#website","url":"https:\/\/clece.es\/es\/","name":"Clece","description":"","publisher":{"@id":"https:\/\/clece.es\/es\/#organization"},"potentialAction":[{"@type":"SearchAction","target":{"@type":"EntryPoint","urlTemplate":"https:\/\/clece.es\/es\/?s={search_term_string}"},"query-input":{"@type":"PropertyValueSpecification","valueRequired":true,"valueName":"search_term_string"}}],"inLanguage":"pt"},{"@type":"Organization","@id":"https:\/\/clece.es\/es\/#organization","name":"Grupo Clece","url":"https:\/\/clece.es\/es\/","logo":{"@type":"ImageObject","inLanguage":"pt","@id":"https:\/\/clece.es\/es\/#\/schema\/logo\/image\/","url":"https:\/\/sitio2.utopiasl.eu\/wp-content\/uploads\/2024\/10\/Logotipos_filiales_Clece_logotipo.png","contentUrl":"https:\/\/sitio2.utopiasl.eu\/wp-content\/uploads\/2024\/10\/Logotipos_filiales_Clece_logotipo.png","width":5000,"height":5000,"caption":"Grupo Clece"},"image":{"@id":"https:\/\/clece.es\/es\/#\/schema\/logo\/image\/"},"sameAs":["https:\/\/www.facebook.com\/CleceSociedadAnonima\/","https:\/\/x.com\/Clece_","https:\/\/www.linkedin.com\/company\/clece-sa\/"]}]}},"_links":{"self":[{"href":"https:\/\/clece.es\/pt\/wp-json\/wp\/v2\/pages\/145165","targetHints":{"allow":["GET"]}}],"collection":[{"href":"https:\/\/clece.es\/pt\/wp-json\/wp\/v2\/pages"}],"about":[{"href":"https:\/\/clece.es\/pt\/wp-json\/wp\/v2\/types\/page"}],"author":[{"embeddable":true,"href":"https:\/\/clece.es\/pt\/wp-json\/wp\/v2\/users\/3"}],"replies":[{"embeddable":true,"href":"https:\/\/clece.es\/pt\/wp-json\/wp\/v2\/comments?post=145165"}],"version-history":[{"count":3,"href":"https:\/\/clece.es\/pt\/wp-json\/wp\/v2\/pages\/145165\/revisions"}],"predecessor-version":[{"id":145366,"href":"https:\/\/clece.es\/pt\/wp-json\/wp\/v2\/pages\/145165\/revisions\/145366"}],"up":[{"embeddable":true,"href":"https:\/\/clece.es\/pt\/wp-json\/wp\/v2\/pages\/145183"}],"wp:attachment":[{"href":"https:\/\/clece.es\/pt\/wp-json\/wp\/v2\/media?parent=145165"}],"curies":[{"name":"wp","href":"https:\/\/api.w.org\/{rel}","templated":true}]}}