{"id":145176,"date":"2024-10-23T10:03:12","date_gmt":"2024-10-23T10:03:12","guid":{"rendered":"https:\/\/sitio2.utopiasl.eu\/ii-forum-pela-integracao\/"},"modified":"2025-02-05T08:51:44","modified_gmt":"2025-02-05T08:51:44","slug":"ii-forum-pela-integracao","status":"publish","type":"page","link":"https:\/\/clece.es\/pt\/sobre-nos\/comunicacao\/eventos\/ii-forum-pela-integracao\/","title":{"rendered":"II F\u00f3rum pela Integra\u00e7\u00e3o"},"content":{"rendered":"\t\t<div data-elementor-type=\"wp-page\" data-elementor-id=\"145176\" class=\"elementor elementor-145176 elementor-8747\" data-elementor-post-type=\"page\">\n\t\t\t\t<div class=\"elementor-element elementor-element-b6bf24f e-flex e-con-boxed e-con e-parent\" data-id=\"b6bf24f\" data-element_type=\"container\" data-e-type=\"container\">\n\t\t\t\t\t<div class=\"e-con-inner\">\n\t\t<div class=\"elementor-element elementor-element-880018b e-con-full e-flex e-con e-child\" data-id=\"880018b\" data-element_type=\"container\" data-e-type=\"container\">\n\t\t\t\t<div class=\"elementor-element elementor-element-865c4ab elementor-widget elementor-widget-heading\" data-id=\"865c4ab\" data-element_type=\"widget\" data-e-type=\"widget\" data-widget_type=\"heading.default\">\n\t\t\t\t<div class=\"elementor-widget-container\">\n\t\t\t\t\t<h2 class=\"elementor-heading-title elementor-size-default\"><a href=\"\/pt\/sobre-nos\/\">Sobre n\u00f3s<\/a><\/h2>\t\t\t\t<\/div>\n\t\t\t\t<\/div>\n\t\t\t\t<div class=\"elementor-element elementor-element-87b8151 elementor-widget elementor-widget-heading\" data-id=\"87b8151\" data-element_type=\"widget\" data-e-type=\"widget\" data-widget_type=\"heading.default\">\n\t\t\t\t<div class=\"elementor-widget-container\">\n\t\t\t\t\t<h2 class=\"elementor-heading-title elementor-size-default\"><a href=\"\/pt\/sobre-nos\/comunicacao\/\">Comunica\u00e7\u00e3o<\/a><\/h2>\t\t\t\t<\/div>\n\t\t\t\t<\/div>\n\t\t\t\t<div class=\"elementor-element elementor-element-0631400 elementor-widget elementor-widget-heading\" data-id=\"0631400\" data-element_type=\"widget\" data-e-type=\"widget\" data-widget_type=\"heading.default\">\n\t\t\t\t<div class=\"elementor-widget-container\">\n\t\t\t\t\t<h2 class=\"elementor-heading-title elementor-size-default\"><a href=\"\/pt\/sobre-nos\/comunicacao\/eventos\/\">Eventos<\/a><\/h2>\t\t\t\t<\/div>\n\t\t\t\t<\/div>\n\t\t\t\t<div class=\"elementor-element elementor-element-f6d414e elementor-widget elementor-widget-heading\" data-id=\"f6d414e\" data-element_type=\"widget\" data-e-type=\"widget\" data-widget_type=\"heading.default\">\n\t\t\t\t<div class=\"elementor-widget-container\">\n\t\t\t\t\t<h2 class=\"elementor-heading-title elementor-size-default\">II F\u00f3rum pela Integra\u00e7\u00e3o <\/h2>\t\t\t\t<\/div>\n\t\t\t\t<\/div>\n\t\t\t\t<\/div>\n\t\t\t\t\t<\/div>\n\t\t\t\t<\/div>\n\t\t<div class=\"elementor-element elementor-element-039a57e e-flex e-con-boxed e-con e-parent\" data-id=\"039a57e\" data-element_type=\"container\" data-e-type=\"container\">\n\t\t\t\t\t<div class=\"e-con-inner\">\n\t\t<div class=\"elementor-element elementor-element-a10e20b e-con-full e-flex e-con e-child\" data-id=\"a10e20b\" data-element_type=\"container\" data-e-type=\"container\">\n\t\t<div class=\"elementor-element elementor-element-f6c69ca e-con-full e-flex e-con e-child\" data-id=\"f6c69ca\" data-element_type=\"container\" data-e-type=\"container\">\n\t\t\t\t<div class=\"elementor-element elementor-element-72b62e4 elementor-widget elementor-widget-image\" data-id=\"72b62e4\" data-element_type=\"widget\" data-e-type=\"widget\" data-widget_type=\"image.default\">\n\t\t\t\t<div class=\"elementor-widget-container\">\n\t\t\t\t\t\t\t\t\t\t\t\t\t\t\t<img fetchpriority=\"high\" decoding=\"async\" width=\"800\" height=\"403\" src=\"https:\/\/clece.es\/wp-content\/uploads\/2024\/10\/IIForo-por-la-integracion-Hay-salida-Valencia-1-1024x516.jpg\" class=\"attachment-large size-large wp-image-145177\" alt=\"\" srcset=\"https:\/\/clece.es\/wp-content\/uploads\/2024\/10\/IIForo-por-la-integracion-Hay-salida-Valencia-1-1024x516.jpg 1024w, https:\/\/clece.es\/wp-content\/uploads\/2024\/10\/IIForo-por-la-integracion-Hay-salida-Valencia-1-300x151.jpg 300w, https:\/\/clece.es\/wp-content\/uploads\/2024\/10\/IIForo-por-la-integracion-Hay-salida-Valencia-1-768x387.jpg 768w, https:\/\/clece.es\/wp-content\/uploads\/2024\/10\/IIForo-por-la-integracion-Hay-salida-Valencia-1.jpg 1271w\" sizes=\"(max-width: 800px) 100vw, 800px\" \/>\t\t\t\t\t\t\t\t\t\t\t\t\t\t\t<\/div>\n\t\t\t\t<\/div>\n\t\t\t\t<\/div>\n\t\t\t\t<div class=\"elementor-element elementor-element-584ac7b elementor-widget elementor-widget-text-editor\" data-id=\"584ac7b\" data-element_type=\"widget\" data-e-type=\"widget\" data-widget_type=\"text-editor.default\">\n\t\t\t\t<div class=\"elementor-widget-container\">\n\t\t\t\t\t\t\t\t\t<p>16-04-2015<\/p>\t\t\t\t\t\t\t\t<\/div>\n\t\t\t\t<\/div>\n\t\t\t\t<div class=\"elementor-element elementor-element-3a8f8c2 elementor-widget elementor-widget-heading\" data-id=\"3a8f8c2\" data-element_type=\"widget\" data-e-type=\"widget\" data-widget_type=\"heading.default\">\n\t\t\t\t<div class=\"elementor-widget-container\">\n\t\t\t\t\t<h2 class=\"elementor-heading-title elementor-size-default\">II F\u00f3rum \u201cClece pela integra\u00e7\u00e3o\u201d\n<\/h2>\t\t\t\t<\/div>\n\t\t\t\t<\/div>\n\t\t\t\t<div class=\"elementor-element elementor-element-a972b19 elementor-widget-divider--view-line elementor-widget elementor-widget-divider\" data-id=\"a972b19\" data-element_type=\"widget\" data-e-type=\"widget\" data-widget_type=\"divider.default\">\n\t\t\t\t<div class=\"elementor-widget-container\">\n\t\t\t\t\t\t\t<div class=\"elementor-divider\">\n\t\t\t<span class=\"elementor-divider-separator\">\n\t\t\t\t\t\t<\/span>\n\t\t<\/div>\n\t\t\t\t\t\t<\/div>\n\t\t\t\t<\/div>\n\t\t\t\t<div class=\"elementor-element elementor-element-3a31415 elementor-widget elementor-widget-text-editor\" data-id=\"3a31415\" data-element_type=\"widget\" data-e-type=\"widget\" data-widget_type=\"text-editor.default\">\n\t\t\t\t<div class=\"elementor-widget-container\">\n\t\t\t\t\t\t\t\t\t<ul>\n \t<li><strong>No II F\u00f3rum-Col\u00f3quio \u201cClece pela Integra\u00e7\u00e3o\u201d, diferentes agentes envolvidos na assist\u00eancia a mulheres que foram v\u00edtimas de viol\u00eancia de g\u00e9nero debateram sobre os principais desafios no momento de ajudar este grupo e colaborar na sua integra\u00e7\u00e3o social.<\/strong><\/li>\n \t<li><strong>No seu compromisso com a inser\u00e7\u00e3o de grupos vulner\u00e1veis, o presidente da Clece, Crist\u00f3bal Valderas, explicou que a maior contribui\u00e7\u00e3o que a sua empresa pode fazer pelas v\u00edtimas \u00e9 oferecer-lhes uma oportunidade laboral.<\/strong><\/li>\n \t<li><strong>Atualmente, a Clece emprega 143 v\u00edtimas de viol\u00eancia de g\u00e9nero.\n<\/strong><\/li>\n<\/ul>\t\t\t\t\t\t\t\t<\/div>\n\t\t\t\t<\/div>\n\t\t\t\t<div class=\"elementor-element elementor-element-6ec0b5f elementor-widget elementor-widget-text-editor\" data-id=\"6ec0b5f\" data-element_type=\"widget\" data-e-type=\"widget\" data-widget_type=\"text-editor.default\">\n\t\t\t\t<div class=\"elementor-widget-container\">\n\t\t\t\t\t\t\t\t\t<p style=\"font-weight: 300;\"><b><strong style=\"font-style: inherit;\"><span style=\"font-style: inherit; font-weight: inherit;\">Val\u00eancia 16 de abril de 2015. <\/span><\/strong><\/b>A Clece, empresa de multisservi\u00e7os, realizou esta manh\u00e3 uma jornada de debate sobre os principais desafios que as mulheres v\u00edtimas de viol\u00eancia de g\u00e9nero enfrentam. O \u201cII F\u00f3rum-Col\u00f3quio Clece pela integra\u00e7\u00e3o\u201d, que teve por t\u00edtulo \u201cH\u00e1 sa\u00edda para a Viol\u00eancia de G\u00e9nero\u201d, reuniu diferentes agentes sociais envolvidos na assist\u00eancia e ajuda a este grupo, que coincidiu em assinalar que o trabalho \u00e9 vital para favorecer a integra\u00e7\u00e3o social das mulheres que sofreram viol\u00eancia de g\u00e9nero, sendo uma ferramenta que lhes permite dotar-se de autoestima, autonomia e independ\u00eancia.<\/p><p>Precisamente, neste sentido, os assistentes ao f\u00f3rum tiveram a oportunidade de conhecer na primeira pessoa o ponto de vista e experi\u00eancias de duas mulheres que foram v\u00edtimas de viol\u00eancia de g\u00e9nero e que puderam aceder a um posto de trabalho. Lorena e Marta coincidiram em assinalar que a oportunidade laboral que a Clece lhes proporcionou foi uma das principais ajudas para recuperarem do trauma sofrido. Marta explicou que \u201co estado emocional \u00e9 a primeira coisa que deve ser tratada e cuidada, mas o trabalho \u00e9 essencial para recuperar a normalidade e a autoestima\u201d. Por outro lado, no seu testemunho, Lorena incidiu no est\u00edmulo que representa encontrar um emprego: \u201cQuando parece que todas as portas est\u00e3o fechadas o trabalho representa uma motiva\u00e7\u00e3o para continuar em frente. E sobretudo, se nesse ambiente laboral fores reconhecida como uma pessoa que tem algo a contribuir\u201d.<\/p><p>Al\u00e9m destas duas mulheres, o col\u00f3quio \u2013 moderado pelo jornalista Juli\u00e1n Gim\u00e9nez \u2013 contou com a participa\u00e7\u00e3o de Blanca Hern\u00e1ndez Oliver, Delegada do Governo para a Viol\u00eancia de G\u00e9nero; Laura Chorro, Diretora-geral da Fam\u00edlia e da Mulher da Conselleria de Bem-estar Social da Generalitat Valenciana; Crist\u00f3bal Valderas, presidente da Clece; Eva Planells, diretora do Centro de Prote\u00e7\u00e3o da Mulher de Val\u00eancia; e com uma representante da Associa\u00e7\u00e3o Alanna, Ana Ferrer.<\/p><p>Trata-se da segunda edi\u00e7\u00e3o deste f\u00f3rum de di\u00e1logo, que se realiza \u201cdentro do compromisso social da Clece\u201d, tal como Crist\u00f3bal Valderas, presidente da Clece recordou: \u201cUm compromisso social que vai para al\u00e9m de uma pol\u00edtica de Responsabilidade Social Corporativa e integra-se numa aut\u00eantica cultura de empresa\u201d. Neste sentido, Valderas anunciou que a empresa emprega atualmente mais de 70 000 pessoas das quais 5537 prov\u00eam de grupos vulner\u00e1veis e, em concreto, 143 s\u00e3o mulheres que foram v\u00edtimas de viol\u00eancia de g\u00e9nero.<\/p><p>O f\u00f3rum arrancou com a interven\u00e7\u00e3o de Blanca Hern\u00e1ndez, Delegada do Governo para a Viol\u00eancia de G\u00e9nero, que quis ressaltar, em primeiro lugar, os aspetos positivos da gest\u00e3o realizada pelas diferentes administra\u00e7\u00f5es neste campo durante os \u00faltimos anos: \u201cO que Espanha fez na luta contra a viol\u00eancia de g\u00e9nero n\u00e3o tem paralelo com outros pa\u00edses do mundo. Somos pioneiros em muitas medidas e recebemos permanentemente outros estados interessados em conhecer a nossa gest\u00e3o e modelo\u201d. Contudo, a Delegada do Governo tamb\u00e9m quis lembrar quais s\u00e3o os principais campos de melhoria e os assuntos que mais preocupam: \u201cA autonomia \u00e9 um dos principais ant\u00eddotos contra a viol\u00eancia de g\u00e9nero e o trabalho \u00e9 fundamental para conseguir esta independ\u00eancia\u201d. Finalmente, Blanca Hern\u00e1ndez advertiu que, embora esteja a aumentar a rejei\u00e7\u00e3o total da viol\u00eancia f\u00edsica entre a popula\u00e7\u00e3o, ainda s\u00e3o aceites, por uma parte significativa da sociedade, formas mais subtis de viol\u00eancia como a do controlo ou seguimento\u201d.<\/p><p>Por outro lado, Laura Chorro, Diretora-geral da Fam\u00edlia e da Mulher da Conselleria de Bem-estar Social da Generalitat Valenciana, assinalou a import\u00e2ncia de o sector privado se consciencializar realmente do seu papel, em especial de se criar uma aut\u00eantica consciencializa\u00e7\u00e3o empresarial: \u201cAs empresas, al\u00e9m de valorarem as bonifica\u00e7\u00f5es fiscais para promover a contrata\u00e7\u00e3o deste grupo, devem saber que t\u00eam uma responsabilidade com o meio envolvente onde atuam e deveriam ser conscientes do bem que podem fazer lidando com problemas t\u00e3o reais como o da inser\u00e7\u00e3o laboral das mulheres que sofreram viol\u00eancia de g\u00e9nero\u201d.<\/p><p>Eva Planells, diretora do Centro de Prote\u00e7\u00e3o da Mulher de Val\u00eancia, ressaltou como a integra\u00e7\u00e3o laboral das mulheres v\u00edtimas de viol\u00eancia de g\u00e9nero \u00e9 definitiva na sua recupera\u00e7\u00e3o an\u00edmica e psicol\u00f3gica: \u201cSem emprego \u00e9 muito dif\u00edcil a sa\u00edda. Sem um trabalho corre-se o perigo de a v\u00edtima desandar o caminho j\u00e1 percorrido. Deve-se entender a import\u00e2ncia que tem para elas a autonomia\u201d. Dessa forma, Planells acrescentou que \u201ca solid\u00e3o e o isolamento s\u00e3o algumas das principais barreiras a romper. \u00c9 necess\u00e1rio procurar \u2018redes\u2019, ajudas que favore\u00e7am a integra\u00e7\u00e3o\u201d.<\/p><p><em><strong>Compromisso social com a igualdade de oportunidades<\/strong><\/em><br \/>O II F\u00f3rum \u201cClece pela integra\u00e7\u00e3o\u201d enquadra-se no\u00a0<a href=\"http:\/\/www.clecesocial.es\/\"><span lang=\"PT\">compromisso social da Clece<\/span><\/a>\u00a0com a integra\u00e7\u00e3o laboral de mulheres v\u00edtimas de viol\u00eancia de g\u00e9nero. Atualmente, o seu quadro de pessoal conta com 143 empregadas que pertencem a este grupo. Este esfor\u00e7o da empresa estende-se, tamb\u00e9m, a outros grupos como pessoas com defici\u00eancia, jovens desempregados, pessoas em risco de exclus\u00e3o social e v\u00edtimas do terrorismo. Para isso, a Clece colabora com mais de 200 associa\u00e7\u00f5es. Atualmente, a Clece emprega mais de 70 000 pessoas em Espanha e cerca de 6000 na Comunidade Valenciana.<\/p>\t\t\t\t\t\t\t\t<\/div>\n\t\t\t\t<\/div>\n\t\t\t\t<\/div>\n\t\t\t\t\t<\/div>\n\t\t\t\t<\/div>\n\t\t\t\t<\/div>\n\t\t","protected":false},"excerpt":{"rendered":"<p>Sobre n\u00f3s Comunica\u00e7\u00e3o Eventos II F\u00f3rum pela Integra\u00e7\u00e3o 16-04-2015 II F\u00f3rum \u201cClece pela integra\u00e7\u00e3o\u201d No II F\u00f3rum-Col\u00f3quio \u201cClece pela Integra\u00e7\u00e3o\u201d, diferentes agentes envolvidos na assist\u00eancia a mulheres que foram v\u00edtimas de viol\u00eancia de g\u00e9nero debateram sobre os principais desafios no momento de ajudar este grupo e colaborar na sua integra\u00e7\u00e3o social. No seu compromisso com [&hellip;]<\/p>\n","protected":false},"author":3,"featured_media":0,"parent":145183,"menu_order":0,"comment_status":"closed","ping_status":"closed","template":"","meta":{"_acf_changed":false,"footnotes":""},"class_list":["post-145176","page","type-page","status-publish","hentry"],"acf":[],"yoast_head":"<!-- This site is optimized with the Yoast SEO plugin v27.3 - https:\/\/yoast.com\/product\/yoast-seo-wordpress\/ -->\n<title>II F\u00f3rum pela Integra\u00e7\u00e3o | Clece<\/title>\n<meta name=\"description\" content=\"O segundo F\u00f3rum pela Integra\u00e7\u00e3o da Clece teve lugar em Val\u00eancia sob o mote &quot;H\u00e1 uma sa\u00edda para a viol\u00eancia de g\u00e9nero&quot;. Um espa\u00e7o de di\u00e1logo sobre os desafios laborais enfrentados pelas mulheres que sofrem deste flagelo social.\" \/>\n<meta name=\"robots\" content=\"index, follow, max-snippet:-1, max-image-preview:large, max-video-preview:-1\" \/>\n<link rel=\"canonical\" href=\"https:\/\/clece.es\/gl\/conecenos\/comunicacion\/eventos\/ii-foro-pola-integracion\/\" \/>\n<meta property=\"og:locale\" content=\"pt_PT\" \/>\n<meta property=\"og:type\" content=\"article\" \/>\n<meta property=\"og:title\" content=\"II F\u00f3rum pela Integra\u00e7\u00e3o | Clece\" \/>\n<meta property=\"og:description\" content=\"O segundo F\u00f3rum pela Integra\u00e7\u00e3o da Clece teve lugar em Val\u00eancia sob o mote &quot;H\u00e1 uma sa\u00edda para a viol\u00eancia de g\u00e9nero&quot;. Um espa\u00e7o de di\u00e1logo sobre os desafios laborais enfrentados pelas mulheres que sofrem deste flagelo social.\" \/>\n<meta property=\"og:url\" content=\"https:\/\/clece.es\/gl\/conecenos\/comunicacion\/eventos\/ii-foro-pola-integracion\/\" \/>\n<meta property=\"og:site_name\" content=\"Clece\" \/>\n<meta property=\"article:publisher\" content=\"https:\/\/www.facebook.com\/CleceSociedadAnonima\/\" \/>\n<meta property=\"article:modified_time\" content=\"2025-02-05T08:51:44+00:00\" \/>\n<meta property=\"og:image\" content=\"http:\/\/sitio2.utopiasl.eu\/wp-content\/uploads\/2024\/10\/IIForo-por-la-integracion-Hay-salida-Valencia-1-1024x516.jpg\" \/>\n<meta name=\"twitter:card\" content=\"summary_large_image\" \/>\n<meta name=\"twitter:site\" content=\"@Clece_\" \/>\n<meta name=\"twitter:label1\" content=\"Est. reading time\" \/>\n\t<meta name=\"twitter:data1\" content=\"5 minutes\" \/>\n<script type=\"application\/ld+json\" class=\"yoast-schema-graph\">{\"@context\":\"https:\\\/\\\/schema.org\",\"@graph\":[{\"@type\":\"WebPage\",\"@id\":\"https:\\\/\\\/clece.es\\\/gl\\\/conecenos\\\/comunicacion\\\/eventos\\\/ii-foro-pola-integracion\\\/\",\"url\":\"https:\\\/\\\/clece.es\\\/gl\\\/conecenos\\\/comunicacion\\\/eventos\\\/ii-foro-pola-integracion\\\/\",\"name\":\"II F\u00f3rum pela Integra\u00e7\u00e3o | Clece\",\"isPartOf\":{\"@id\":\"https:\\\/\\\/clece.es\\\/es\\\/#website\"},\"primaryImageOfPage\":{\"@id\":\"https:\\\/\\\/clece.es\\\/gl\\\/conecenos\\\/comunicacion\\\/eventos\\\/ii-foro-pola-integracion\\\/#primaryimage\"},\"image\":{\"@id\":\"https:\\\/\\\/clece.es\\\/gl\\\/conecenos\\\/comunicacion\\\/eventos\\\/ii-foro-pola-integracion\\\/#primaryimage\"},\"thumbnailUrl\":\"http:\\\/\\\/sitio2.utopiasl.eu\\\/wp-content\\\/uploads\\\/2024\\\/10\\\/IIForo-por-la-integracion-Hay-salida-Valencia-1-1024x516.jpg\",\"datePublished\":\"2024-10-23T10:03:12+00:00\",\"dateModified\":\"2025-02-05T08:51:44+00:00\",\"description\":\"O segundo F\u00f3rum pela Integra\u00e7\u00e3o da Clece teve lugar em Val\u00eancia sob o mote \\\"H\u00e1 uma sa\u00edda para a viol\u00eancia de g\u00e9nero\\\". Um espa\u00e7o de di\u00e1logo sobre os desafios laborais enfrentados pelas mulheres que sofrem deste flagelo social.\",\"breadcrumb\":{\"@id\":\"https:\\\/\\\/clece.es\\\/gl\\\/conecenos\\\/comunicacion\\\/eventos\\\/ii-foro-pola-integracion\\\/#breadcrumb\"},\"inLanguage\":\"pt\",\"potentialAction\":[{\"@type\":\"ReadAction\",\"target\":[\"https:\\\/\\\/clece.es\\\/gl\\\/conecenos\\\/comunicacion\\\/eventos\\\/ii-foro-pola-integracion\\\/\"]}]},{\"@type\":\"ImageObject\",\"inLanguage\":\"pt\",\"@id\":\"https:\\\/\\\/clece.es\\\/gl\\\/conecenos\\\/comunicacion\\\/eventos\\\/ii-foro-pola-integracion\\\/#primaryimage\",\"url\":\"http:\\\/\\\/sitio2.utopiasl.eu\\\/wp-content\\\/uploads\\\/2024\\\/10\\\/IIForo-por-la-integracion-Hay-salida-Valencia-1-1024x516.jpg\",\"contentUrl\":\"http:\\\/\\\/sitio2.utopiasl.eu\\\/wp-content\\\/uploads\\\/2024\\\/10\\\/IIForo-por-la-integracion-Hay-salida-Valencia-1-1024x516.jpg\"},{\"@type\":\"BreadcrumbList\",\"@id\":\"https:\\\/\\\/clece.es\\\/gl\\\/conecenos\\\/comunicacion\\\/eventos\\\/ii-foro-pola-integracion\\\/#breadcrumb\",\"itemListElement\":[{\"@type\":\"ListItem\",\"position\":1,\"name\":\"Portada\",\"item\":\"https:\\\/\\\/clece.es\\\/es\\\/\"},{\"@type\":\"ListItem\",\"position\":2,\"name\":\"Sobre n\u00f3s\",\"item\":\"https:\\\/\\\/clece.es\\\/pt\\\/sobre-nos\\\/\"},{\"@type\":\"ListItem\",\"position\":3,\"name\":\"Comunica\u00e7\u00e3o\",\"item\":\"https:\\\/\\\/clece.es\\\/gl\\\/conecenos\\\/comunicacion\\\/\"},{\"@type\":\"ListItem\",\"position\":4,\"name\":\"Eventos\",\"item\":\"https:\\\/\\\/clece.es\\\/gl\\\/conecenos\\\/comunicacion\\\/eventos\\\/\"},{\"@type\":\"ListItem\",\"position\":5,\"name\":\"II F\u00f3rum pela Integra\u00e7\u00e3o\"}]},{\"@type\":\"WebSite\",\"@id\":\"https:\\\/\\\/clece.es\\\/es\\\/#website\",\"url\":\"https:\\\/\\\/clece.es\\\/es\\\/\",\"name\":\"Clece\",\"description\":\"\",\"publisher\":{\"@id\":\"https:\\\/\\\/clece.es\\\/es\\\/#organization\"},\"potentialAction\":[{\"@type\":\"SearchAction\",\"target\":{\"@type\":\"EntryPoint\",\"urlTemplate\":\"https:\\\/\\\/clece.es\\\/es\\\/?s={search_term_string}\"},\"query-input\":{\"@type\":\"PropertyValueSpecification\",\"valueRequired\":true,\"valueName\":\"search_term_string\"}}],\"inLanguage\":\"pt\"},{\"@type\":\"Organization\",\"@id\":\"https:\\\/\\\/clece.es\\\/es\\\/#organization\",\"name\":\"Grupo Clece\",\"url\":\"https:\\\/\\\/clece.es\\\/es\\\/\",\"logo\":{\"@type\":\"ImageObject\",\"inLanguage\":\"pt\",\"@id\":\"https:\\\/\\\/clece.es\\\/es\\\/#\\\/schema\\\/logo\\\/image\\\/\",\"url\":\"https:\\\/\\\/sitio2.utopiasl.eu\\\/wp-content\\\/uploads\\\/2024\\\/10\\\/Logotipos_filiales_Clece_logotipo.png\",\"contentUrl\":\"https:\\\/\\\/sitio2.utopiasl.eu\\\/wp-content\\\/uploads\\\/2024\\\/10\\\/Logotipos_filiales_Clece_logotipo.png\",\"width\":5000,\"height\":5000,\"caption\":\"Grupo Clece\"},\"image\":{\"@id\":\"https:\\\/\\\/clece.es\\\/es\\\/#\\\/schema\\\/logo\\\/image\\\/\"},\"sameAs\":[\"https:\\\/\\\/www.facebook.com\\\/CleceSociedadAnonima\\\/\",\"https:\\\/\\\/x.com\\\/Clece_\",\"https:\\\/\\\/www.linkedin.com\\\/company\\\/clece-sa\\\/\"]}]}<\/script>\n<!-- \/ Yoast SEO plugin. -->","yoast_head_json":{"title":"II F\u00f3rum pela Integra\u00e7\u00e3o | Clece","description":"O segundo F\u00f3rum pela Integra\u00e7\u00e3o da Clece teve lugar em Val\u00eancia sob o mote \"H\u00e1 uma sa\u00edda para a viol\u00eancia de g\u00e9nero\". Um espa\u00e7o de di\u00e1logo sobre os desafios laborais enfrentados pelas mulheres que sofrem deste flagelo social.","robots":{"index":"index","follow":"follow","max-snippet":"max-snippet:-1","max-image-preview":"max-image-preview:large","max-video-preview":"max-video-preview:-1"},"canonical":"https:\/\/clece.es\/gl\/conecenos\/comunicacion\/eventos\/ii-foro-pola-integracion\/","og_locale":"pt_PT","og_type":"article","og_title":"II F\u00f3rum pela Integra\u00e7\u00e3o | Clece","og_description":"O segundo F\u00f3rum pela Integra\u00e7\u00e3o da Clece teve lugar em Val\u00eancia sob o mote \"H\u00e1 uma sa\u00edda para a viol\u00eancia de g\u00e9nero\". Um espa\u00e7o de di\u00e1logo sobre os desafios laborais enfrentados pelas mulheres que sofrem deste flagelo social.","og_url":"https:\/\/clece.es\/gl\/conecenos\/comunicacion\/eventos\/ii-foro-pola-integracion\/","og_site_name":"Clece","article_publisher":"https:\/\/www.facebook.com\/CleceSociedadAnonima\/","article_modified_time":"2025-02-05T08:51:44+00:00","og_image":[{"url":"http:\/\/sitio2.utopiasl.eu\/wp-content\/uploads\/2024\/10\/IIForo-por-la-integracion-Hay-salida-Valencia-1-1024x516.jpg","type":"","width":"","height":""}],"twitter_card":"summary_large_image","twitter_site":"@Clece_","twitter_misc":{"Est. reading time":"5 minutes"},"schema":{"@context":"https:\/\/schema.org","@graph":[{"@type":"WebPage","@id":"https:\/\/clece.es\/gl\/conecenos\/comunicacion\/eventos\/ii-foro-pola-integracion\/","url":"https:\/\/clece.es\/gl\/conecenos\/comunicacion\/eventos\/ii-foro-pola-integracion\/","name":"II F\u00f3rum pela Integra\u00e7\u00e3o | Clece","isPartOf":{"@id":"https:\/\/clece.es\/es\/#website"},"primaryImageOfPage":{"@id":"https:\/\/clece.es\/gl\/conecenos\/comunicacion\/eventos\/ii-foro-pola-integracion\/#primaryimage"},"image":{"@id":"https:\/\/clece.es\/gl\/conecenos\/comunicacion\/eventos\/ii-foro-pola-integracion\/#primaryimage"},"thumbnailUrl":"http:\/\/sitio2.utopiasl.eu\/wp-content\/uploads\/2024\/10\/IIForo-por-la-integracion-Hay-salida-Valencia-1-1024x516.jpg","datePublished":"2024-10-23T10:03:12+00:00","dateModified":"2025-02-05T08:51:44+00:00","description":"O segundo F\u00f3rum pela Integra\u00e7\u00e3o da Clece teve lugar em Val\u00eancia sob o mote \"H\u00e1 uma sa\u00edda para a viol\u00eancia de g\u00e9nero\". Um espa\u00e7o de di\u00e1logo sobre os desafios laborais enfrentados pelas mulheres que sofrem deste flagelo social.","breadcrumb":{"@id":"https:\/\/clece.es\/gl\/conecenos\/comunicacion\/eventos\/ii-foro-pola-integracion\/#breadcrumb"},"inLanguage":"pt","potentialAction":[{"@type":"ReadAction","target":["https:\/\/clece.es\/gl\/conecenos\/comunicacion\/eventos\/ii-foro-pola-integracion\/"]}]},{"@type":"ImageObject","inLanguage":"pt","@id":"https:\/\/clece.es\/gl\/conecenos\/comunicacion\/eventos\/ii-foro-pola-integracion\/#primaryimage","url":"http:\/\/sitio2.utopiasl.eu\/wp-content\/uploads\/2024\/10\/IIForo-por-la-integracion-Hay-salida-Valencia-1-1024x516.jpg","contentUrl":"http:\/\/sitio2.utopiasl.eu\/wp-content\/uploads\/2024\/10\/IIForo-por-la-integracion-Hay-salida-Valencia-1-1024x516.jpg"},{"@type":"BreadcrumbList","@id":"https:\/\/clece.es\/gl\/conecenos\/comunicacion\/eventos\/ii-foro-pola-integracion\/#breadcrumb","itemListElement":[{"@type":"ListItem","position":1,"name":"Portada","item":"https:\/\/clece.es\/es\/"},{"@type":"ListItem","position":2,"name":"Sobre n\u00f3s","item":"https:\/\/clece.es\/pt\/sobre-nos\/"},{"@type":"ListItem","position":3,"name":"Comunica\u00e7\u00e3o","item":"https:\/\/clece.es\/gl\/conecenos\/comunicacion\/"},{"@type":"ListItem","position":4,"name":"Eventos","item":"https:\/\/clece.es\/gl\/conecenos\/comunicacion\/eventos\/"},{"@type":"ListItem","position":5,"name":"II F\u00f3rum pela Integra\u00e7\u00e3o"}]},{"@type":"WebSite","@id":"https:\/\/clece.es\/es\/#website","url":"https:\/\/clece.es\/es\/","name":"Clece","description":"","publisher":{"@id":"https:\/\/clece.es\/es\/#organization"},"potentialAction":[{"@type":"SearchAction","target":{"@type":"EntryPoint","urlTemplate":"https:\/\/clece.es\/es\/?s={search_term_string}"},"query-input":{"@type":"PropertyValueSpecification","valueRequired":true,"valueName":"search_term_string"}}],"inLanguage":"pt"},{"@type":"Organization","@id":"https:\/\/clece.es\/es\/#organization","name":"Grupo Clece","url":"https:\/\/clece.es\/es\/","logo":{"@type":"ImageObject","inLanguage":"pt","@id":"https:\/\/clece.es\/es\/#\/schema\/logo\/image\/","url":"https:\/\/sitio2.utopiasl.eu\/wp-content\/uploads\/2024\/10\/Logotipos_filiales_Clece_logotipo.png","contentUrl":"https:\/\/sitio2.utopiasl.eu\/wp-content\/uploads\/2024\/10\/Logotipos_filiales_Clece_logotipo.png","width":5000,"height":5000,"caption":"Grupo Clece"},"image":{"@id":"https:\/\/clece.es\/es\/#\/schema\/logo\/image\/"},"sameAs":["https:\/\/www.facebook.com\/CleceSociedadAnonima\/","https:\/\/x.com\/Clece_","https:\/\/www.linkedin.com\/company\/clece-sa\/"]}]}},"_links":{"self":[{"href":"https:\/\/clece.es\/pt\/wp-json\/wp\/v2\/pages\/145176","targetHints":{"allow":["GET"]}}],"collection":[{"href":"https:\/\/clece.es\/pt\/wp-json\/wp\/v2\/pages"}],"about":[{"href":"https:\/\/clece.es\/pt\/wp-json\/wp\/v2\/types\/page"}],"author":[{"embeddable":true,"href":"https:\/\/clece.es\/pt\/wp-json\/wp\/v2\/users\/3"}],"replies":[{"embeddable":true,"href":"https:\/\/clece.es\/pt\/wp-json\/wp\/v2\/comments?post=145176"}],"version-history":[{"count":6,"href":"https:\/\/clece.es\/pt\/wp-json\/wp\/v2\/pages\/145176\/revisions"}],"predecessor-version":[{"id":145416,"href":"https:\/\/clece.es\/pt\/wp-json\/wp\/v2\/pages\/145176\/revisions\/145416"}],"up":[{"embeddable":true,"href":"https:\/\/clece.es\/pt\/wp-json\/wp\/v2\/pages\/145183"}],"wp:attachment":[{"href":"https:\/\/clece.es\/pt\/wp-json\/wp\/v2\/media?parent=145176"}],"curies":[{"name":"wp","href":"https:\/\/api.w.org\/{rel}","templated":true}]}}