{"id":145196,"date":"2024-10-02T10:52:18","date_gmt":"2024-10-02T10:52:18","guid":{"rendered":"https:\/\/sitio2.utopiasl.eu\/politica-de-privacidade-do-canal-etico\/"},"modified":"2025-09-15T14:46:52","modified_gmt":"2025-09-15T14:46:52","slug":"politica-de-privacidade-do-canal-etico","status":"publish","type":"page","link":"https:\/\/clece.es\/pt\/politica-de-privacidade-do-canal-etico\/","title":{"rendered":"Pol\u00edtica de Privacidade do Canal \u00c9tico"},"content":{"rendered":"\t\t<div data-elementor-type=\"wp-page\" data-elementor-id=\"145196\" class=\"elementor elementor-145196 elementor-6596\" data-elementor-post-type=\"page\">\n\t\t\t\t<div class=\"elementor-element elementor-element-3f4ee76 e-flex e-con-boxed e-con e-parent\" data-id=\"3f4ee76\" data-element_type=\"container\" data-e-type=\"container\">\n\t\t\t\t\t<div class=\"e-con-inner\">\n\t\t\t\t<div class=\"elementor-element elementor-element-8c48e1f elementor-widget elementor-widget-heading\" data-id=\"8c48e1f\" data-element_type=\"widget\" data-e-type=\"widget\" data-widget_type=\"heading.default\">\n\t\t\t\t<div class=\"elementor-widget-container\">\n\t\t\t\t\t<h2 class=\"elementor-heading-title elementor-size-default\">POL\u00cdTICA DE PRIVACIDADE DO CANAL \u00c9TICO<\/h2>\t\t\t\t<\/div>\n\t\t\t\t<\/div>\n\t\t\t\t\t<\/div>\n\t\t\t\t<\/div>\n\t\t<div class=\"elementor-element elementor-element-1b603a0 e-flex e-con-boxed e-con e-parent\" data-id=\"1b603a0\" data-element_type=\"container\" data-e-type=\"container\">\n\t\t\t\t\t<div class=\"e-con-inner\">\n\t\t\t\t<div class=\"elementor-element elementor-element-b1c8707 elementor-widget elementor-widget-text-editor\" data-id=\"b1c8707\" data-element_type=\"widget\" data-e-type=\"widget\" data-widget_type=\"text-editor.default\">\n\t\t\t\t<div class=\"elementor-widget-container\">\n\t\t\t\t\t\t\t\t\t<p><strong>QUEM \u00c9 O RESPONS\u00c1VEL PELO TRATAMENTO DOS SEUS DADOS?<\/strong><\/p><p>Identidade: CLECE, S.A. (adiante por \u00abSociedade\u00bb)<\/p><p>NIF: A80364243<\/p><p>End. Postal: Calle de Quintanavides, 19 Bloque 4 \u2013 Planta 1 y 2 (28050 \u2013Madrid)<\/p><p>Encarregado da Prote\u00e7\u00e3o de Dados: Pode contactar o Encarregado da prote\u00e7\u00e3o de dados atrav\u00e9s do endere\u00e7o de correio eletr\u00f3nico <a href=\"mailto:rgpd-clece@clece.es\">rgpd-clece@clece.es<\/a><\/p>\t\t\t\t\t\t\t\t<\/div>\n\t\t\t\t<\/div>\n\t\t\t\t\t<\/div>\n\t\t\t\t<\/div>\n\t\t<div class=\"elementor-element elementor-element-923aeaf e-flex e-con-boxed e-con e-parent\" data-id=\"923aeaf\" data-element_type=\"container\" data-e-type=\"container\">\n\t\t\t\t\t<div class=\"e-con-inner\">\n\t\t\t\t<div class=\"elementor-element elementor-element-2b104dc elementor-widget elementor-widget-text-editor\" data-id=\"2b104dc\" data-element_type=\"widget\" data-e-type=\"widget\" data-widget_type=\"text-editor.default\">\n\t\t\t\t<div class=\"elementor-widget-container\">\n\t\t\t\t\t\t\t\t\t<p><strong>COM QUE FINALIDADE TRATAMOS OS SEUS DADOS PESSOAIS?<\/strong><\/p>\n<p>Os dados ser\u00e3o tratados com a finalidade de gerir as informa\u00e7\u00f5es relativas \u00e0 pr\u00e1tica de irregularidades ou de infra\u00e7\u00f5es penais e administrativas, graves ou muito graves, ou de atos ilegais, de atos que violem os princ\u00edpios de \u00e9tica e\/ou as normas corporativas da Sociedade e para tomar as devidas dilig\u00eancias necess\u00e1rias para a investiga\u00e7\u00e3o dos factos comunicados, incluindo, se for caso disso, medidas disciplinares ou legais que possam ser aplic\u00e1veis.<\/p>\n<p>Os dados ser\u00e3o tratados com a m\u00e1xima confidencialidade e n\u00e3o ser\u00e3o utilizados para qualquer outro fim que n\u00e3o seja o fim descrito. Em particular, em caso de identifica\u00e7\u00e3o, ser\u00e1 garantida a confidencialidade da pessoa que levou os factos ao conhecimento da Sociedade.<\/p>\t\t\t\t\t\t\t\t<\/div>\n\t\t\t\t<\/div>\n\t\t\t\t\t<\/div>\n\t\t\t\t<\/div>\n\t\t<div class=\"elementor-element elementor-element-4b44cf5 e-flex e-con-boxed e-con e-parent\" data-id=\"4b44cf5\" data-element_type=\"container\" data-e-type=\"container\">\n\t\t\t\t\t<div class=\"e-con-inner\">\n\t\t\t\t<div class=\"elementor-element elementor-element-d96a0ab elementor-widget elementor-widget-text-editor\" data-id=\"d96a0ab\" data-element_type=\"widget\" data-e-type=\"widget\" data-widget_type=\"text-editor.default\">\n\t\t\t\t<div class=\"elementor-widget-container\">\n\t\t\t\t\t\t\t\t\t<p><strong>QUAL A LEGITIMIDADE PARA O TRATAMENTO DOS SEUS DADOS?<\/strong><\/p>\n<p>O fundamento jur\u00eddico para o tratamento \u00e9 o cumprimento da obriga\u00e7\u00e3o legal da Sociedade ao abrigo da Lei 2\/2023, de 20 de fevereiro, relativa \u00e0 prote\u00e7\u00e3o das pessoas que denunciem infra\u00e7\u00f5es da regulamenta\u00e7\u00e3o e \u00e0 luta contra a corrup\u00e7\u00e3o.<\/p>\n<p>O tratamento dos seus dados pessoais \u00e9 estritamente necess\u00e1rio para gerir o Canal de \u00c9tica e para cumprir as obriga\u00e7\u00f5es legais supramencionadas.<\/p>\t\t\t\t\t\t\t\t<\/div>\n\t\t\t\t<\/div>\n\t\t\t\t\t<\/div>\n\t\t\t\t<\/div>\n\t\t<div class=\"elementor-element elementor-element-bdbd0a7 e-flex e-con-boxed e-con e-parent\" data-id=\"bdbd0a7\" data-element_type=\"container\" data-e-type=\"container\">\n\t\t\t\t\t<div class=\"e-con-inner\">\n\t\t\t\t<div class=\"elementor-element elementor-element-da1d0c7 elementor-widget elementor-widget-text-editor\" data-id=\"da1d0c7\" data-element_type=\"widget\" data-e-type=\"widget\" data-widget_type=\"text-editor.default\">\n\t\t\t\t<div class=\"elementor-widget-container\">\n\t\t\t\t\t\t\t\t\t<p><strong>DURANTE QUANTO TEMPO CONSERVAREMOS OS SEUS DADOS?<\/strong><\/p>\n<p>Os dados tratados ser\u00e3o conservados no sistema de informa\u00e7\u00e3o durante o tempo necess\u00e1rio para decidir se se deve dar in\u00edcio a um inqu\u00e9rito acerca dos factos comunicados, bem como para assegurar o devido funcionamento do sistema.<\/p>\n<p>N\u00e3o obstante, os prazos previstos na Lei 2\/2023, de 20 de fevereiro, relativa \u00e0 prote\u00e7\u00e3o das pessoas que denunciem infra\u00e7\u00f5es da regulamenta\u00e7\u00e3o e \u00e0 luta contra a corrup\u00e7\u00e3o, ser\u00e3o respeitados escrupulosamente.<\/p>\t\t\t\t\t\t\t\t<\/div>\n\t\t\t\t<\/div>\n\t\t\t\t\t<\/div>\n\t\t\t\t<\/div>\n\t\t<div class=\"elementor-element elementor-element-a1e4ced e-flex e-con-boxed e-con e-parent\" data-id=\"a1e4ced\" data-element_type=\"container\" data-e-type=\"container\">\n\t\t\t\t\t<div class=\"e-con-inner\">\n\t\t\t\t<div class=\"elementor-element elementor-element-0ffb957 elementor-widget elementor-widget-text-editor\" data-id=\"0ffb957\" data-element_type=\"widget\" data-e-type=\"widget\" data-widget_type=\"text-editor.default\">\n\t\t\t\t<div class=\"elementor-widget-container\">\n\t\t\t\t\t\t\t\t\t<p><strong>A QUE DESTINAT\u00c1RIOS SER\u00c3O COMUNICADOS OS SEUS DADOS?<\/strong><\/p><p>Os seus dados ser\u00e3o tratados pelo nosso fornecedor, Formalize ApS, como respons\u00e1vel pelo tratamento, na qualidade de fornecedor da plataforma de gest\u00e3o de den\u00fancias. A Formalize ApS atuar\u00e1 de acordo com as instru\u00e7\u00f5es da Empresa e no \u00e2mbito do contrato de tratamento de dados celebrado entre ambas as partes.<\/p><p>Al\u00e9m disso, os dados podem ser divulgados a outros destinat\u00e1rios, sempre que tal se afigure necess\u00e1rio no contexto da investiga\u00e7\u00e3o de factos espec\u00edficos, tais como investigadores \/detetives particulares e consultores externos, bem como a advogados e solicitadores para a tramita\u00e7\u00e3o de eventuais processos penais ou relativos a san\u00e7\u00f5es que possam ser aplic\u00e1veis.<\/p><p>Os dados podem igualmente ser comunicados ao Minist\u00e9rio P\u00fablico, \u00e0s autoridades respons\u00e1veis pela aplica\u00e7\u00e3o da lei, bem como \u00e0s autoridades judiciais e\/ou administrativas, sempre que tal se afigure adequado e\/ou necess\u00e1rio.<\/p>\t\t\t\t\t\t\t\t<\/div>\n\t\t\t\t<\/div>\n\t\t\t\t\t<\/div>\n\t\t\t\t<\/div>\n\t\t<div class=\"elementor-element elementor-element-0434727 e-flex e-con-boxed e-con e-parent\" data-id=\"0434727\" data-element_type=\"container\" data-e-type=\"container\">\n\t\t\t\t\t<div class=\"e-con-inner\">\n\t\t\t\t<div class=\"elementor-element elementor-element-4ea220f elementor-widget elementor-widget-text-editor\" data-id=\"4ea220f\" data-element_type=\"widget\" data-e-type=\"widget\" data-widget_type=\"text-editor.default\">\n\t\t\t\t<div class=\"elementor-widget-container\">\n\t\t\t\t\t\t\t\t\t<p><strong>QUAIS S\u00c3O OS SEUS DIREITOS?<\/strong><\/p>\n<div id=\"container\">\n<section id=\"content\" role=\"main\">\n<article id=\"post-109627\" class=\"post-109627 page type-page status-publish hentry\">\n<section class=\"entry-content\">\n<div class=\"content\">\n<div class=\"center\">\n<p>Pode solicitar \u00e0 Empresa que confirme se os seus dados pessoais est\u00e3o a ser tratados no \u00e2mbito da gest\u00e3o do Canal de \u00c9tica e, em caso afirmativo, aceder a esses dados e solicitar uma c\u00f3pia dos mesmos. Pode ainda solicitar a retifica\u00e7\u00e3o dos dados inexatos ou, se for caso disso, solicitar o seu apagamento, quando, entre outros motivos, os dados deixarem de ser necess\u00e1rios para os fins para os quais foram recolhidos.<\/p>\n<p>Note-se que, em qualquer caso, a identidade de qualquer informador ou de quaisquer terceiros envolvidos ser\u00e1 exclu\u00edda do direito de acesso. O exerc\u00edcio do direito de acesso pode tamb\u00e9m ser limitado sempre que isso possa, direta ou indiretamente, prejudicar ou afetar, direta ou indiretamente, o decurso de uma investiga\u00e7\u00e3o.<\/p>\n<p>No caso de a pessoa a quem se referem os factos reportados ou a quem se refira a divul.<\/p>\n<\/div>\n<\/div>\n<\/section>\n<\/article>\n<\/section>\n<\/div>\t\t\t\t\t\t\t\t<\/div>\n\t\t\t\t<\/div>\n\t\t\t\t\t<\/div>\n\t\t\t\t<\/div>\n\t\t\t\t<\/div>\n\t\t","protected":false},"excerpt":{"rendered":"<p>POL\u00cdTICA DE PRIVACIDADE DO CANAL \u00c9TICO QUEM \u00c9 O RESPONS\u00c1VEL PELO TRATAMENTO DOS SEUS DADOS? Identidade: CLECE, S.A. (adiante por \u00abSociedade\u00bb) NIF: A80364243 End. Postal: Calle de Quintanavides, 19 Bloque 4 \u2013 Planta 1 y 2 (28050 \u2013Madrid) Encarregado da Prote\u00e7\u00e3o de Dados: Pode contactar o Encarregado da prote\u00e7\u00e3o de dados atrav\u00e9s do endere\u00e7o de [&hellip;]<\/p>\n","protected":false},"author":2,"featured_media":0,"parent":0,"menu_order":0,"comment_status":"closed","ping_status":"closed","template":"","meta":{"_acf_changed":false,"footnotes":""},"class_list":["post-145196","page","type-page","status-publish","hentry"],"acf":[],"yoast_head":"<!-- This site is optimized with the Yoast SEO plugin v27.3 - https:\/\/yoast.com\/product\/yoast-seo-wordpress\/ -->\n<title>Pol\u00edtica de Privacidade do Canal \u00c9tico - Clece<\/title>\n<meta name=\"robots\" content=\"index, follow, max-snippet:-1, max-image-preview:large, max-video-preview:-1\" \/>\n<link rel=\"canonical\" href=\"https:\/\/clece.es\/pt\/politica-de-privacidade-do-canal-etico\/\" \/>\n<meta property=\"og:locale\" content=\"pt_PT\" \/>\n<meta property=\"og:type\" content=\"article\" \/>\n<meta property=\"og:title\" content=\"Pol\u00edtica de Privacidade do Canal \u00c9tico - Clece\" \/>\n<meta property=\"og:description\" content=\"POL\u00cdTICA DE PRIVACIDADE DO CANAL \u00c9TICO QUEM \u00c9 O RESPONS\u00c1VEL PELO TRATAMENTO DOS SEUS DADOS? Identidade: CLECE, S.A. (adiante por \u00abSociedade\u00bb) NIF: A80364243 End. Postal: Calle de Quintanavides, 19 Bloque 4 \u2013 Planta 1 y 2 (28050 \u2013Madrid) Encarregado da Prote\u00e7\u00e3o de Dados: Pode contactar o Encarregado da prote\u00e7\u00e3o de dados atrav\u00e9s do endere\u00e7o de [&hellip;]\" \/>\n<meta property=\"og:url\" content=\"https:\/\/clece.es\/pt\/politica-de-privacidade-do-canal-etico\/\" \/>\n<meta property=\"og:site_name\" content=\"Clece\" \/>\n<meta property=\"article:publisher\" content=\"https:\/\/www.facebook.com\/CleceSociedadAnonima\/\" \/>\n<meta property=\"article:modified_time\" content=\"2025-09-15T14:46:52+00:00\" \/>\n<meta name=\"twitter:card\" content=\"summary_large_image\" \/>\n<meta name=\"twitter:site\" content=\"@Clece_\" \/>\n<meta name=\"twitter:label1\" content=\"Est. reading time\" \/>\n\t<meta name=\"twitter:data1\" content=\"4 minutes\" \/>\n<script type=\"application\/ld+json\" class=\"yoast-schema-graph\">{\"@context\":\"https:\\\/\\\/schema.org\",\"@graph\":[{\"@type\":\"WebPage\",\"@id\":\"https:\\\/\\\/clece.es\\\/pt\\\/politica-de-privacidade-do-canal-etico\\\/\",\"url\":\"https:\\\/\\\/clece.es\\\/pt\\\/politica-de-privacidade-do-canal-etico\\\/\",\"name\":\"Pol\u00edtica de Privacidade do Canal \u00c9tico - Clece\",\"isPartOf\":{\"@id\":\"https:\\\/\\\/clece.es\\\/es\\\/#website\"},\"datePublished\":\"2024-10-02T10:52:18+00:00\",\"dateModified\":\"2025-09-15T14:46:52+00:00\",\"breadcrumb\":{\"@id\":\"https:\\\/\\\/clece.es\\\/pt\\\/politica-de-privacidade-do-canal-etico\\\/#breadcrumb\"},\"inLanguage\":\"pt\",\"potentialAction\":[{\"@type\":\"ReadAction\",\"target\":[\"https:\\\/\\\/clece.es\\\/pt\\\/politica-de-privacidade-do-canal-etico\\\/\"]}]},{\"@type\":\"BreadcrumbList\",\"@id\":\"https:\\\/\\\/clece.es\\\/pt\\\/politica-de-privacidade-do-canal-etico\\\/#breadcrumb\",\"itemListElement\":[{\"@type\":\"ListItem\",\"position\":1,\"name\":\"Portada\",\"item\":\"https:\\\/\\\/clece.es\\\/es\\\/\"},{\"@type\":\"ListItem\",\"position\":2,\"name\":\"Pol\u00edtica de Privacidade do Canal \u00c9tico\"}]},{\"@type\":\"WebSite\",\"@id\":\"https:\\\/\\\/clece.es\\\/es\\\/#website\",\"url\":\"https:\\\/\\\/clece.es\\\/es\\\/\",\"name\":\"Clece\",\"description\":\"\",\"publisher\":{\"@id\":\"https:\\\/\\\/clece.es\\\/es\\\/#organization\"},\"potentialAction\":[{\"@type\":\"SearchAction\",\"target\":{\"@type\":\"EntryPoint\",\"urlTemplate\":\"https:\\\/\\\/clece.es\\\/es\\\/?s={search_term_string}\"},\"query-input\":{\"@type\":\"PropertyValueSpecification\",\"valueRequired\":true,\"valueName\":\"search_term_string\"}}],\"inLanguage\":\"pt\"},{\"@type\":\"Organization\",\"@id\":\"https:\\\/\\\/clece.es\\\/es\\\/#organization\",\"name\":\"Grupo Clece\",\"url\":\"https:\\\/\\\/clece.es\\\/es\\\/\",\"logo\":{\"@type\":\"ImageObject\",\"inLanguage\":\"pt\",\"@id\":\"https:\\\/\\\/clece.es\\\/es\\\/#\\\/schema\\\/logo\\\/image\\\/\",\"url\":\"https:\\\/\\\/sitio2.utopiasl.eu\\\/wp-content\\\/uploads\\\/2024\\\/10\\\/Logotipos_filiales_Clece_logotipo.png\",\"contentUrl\":\"https:\\\/\\\/sitio2.utopiasl.eu\\\/wp-content\\\/uploads\\\/2024\\\/10\\\/Logotipos_filiales_Clece_logotipo.png\",\"width\":5000,\"height\":5000,\"caption\":\"Grupo Clece\"},\"image\":{\"@id\":\"https:\\\/\\\/clece.es\\\/es\\\/#\\\/schema\\\/logo\\\/image\\\/\"},\"sameAs\":[\"https:\\\/\\\/www.facebook.com\\\/CleceSociedadAnonima\\\/\",\"https:\\\/\\\/x.com\\\/Clece_\",\"https:\\\/\\\/www.linkedin.com\\\/company\\\/clece-sa\\\/\"]}]}<\/script>\n<!-- \/ Yoast SEO plugin. -->","yoast_head_json":{"title":"Pol\u00edtica de Privacidade do Canal \u00c9tico - Clece","robots":{"index":"index","follow":"follow","max-snippet":"max-snippet:-1","max-image-preview":"max-image-preview:large","max-video-preview":"max-video-preview:-1"},"canonical":"https:\/\/clece.es\/pt\/politica-de-privacidade-do-canal-etico\/","og_locale":"pt_PT","og_type":"article","og_title":"Pol\u00edtica de Privacidade do Canal \u00c9tico - Clece","og_description":"POL\u00cdTICA DE PRIVACIDADE DO CANAL \u00c9TICO QUEM \u00c9 O RESPONS\u00c1VEL PELO TRATAMENTO DOS SEUS DADOS? Identidade: CLECE, S.A. (adiante por \u00abSociedade\u00bb) NIF: A80364243 End. Postal: Calle de Quintanavides, 19 Bloque 4 \u2013 Planta 1 y 2 (28050 \u2013Madrid) Encarregado da Prote\u00e7\u00e3o de Dados: Pode contactar o Encarregado da prote\u00e7\u00e3o de dados atrav\u00e9s do endere\u00e7o de [&hellip;]","og_url":"https:\/\/clece.es\/pt\/politica-de-privacidade-do-canal-etico\/","og_site_name":"Clece","article_publisher":"https:\/\/www.facebook.com\/CleceSociedadAnonima\/","article_modified_time":"2025-09-15T14:46:52+00:00","twitter_card":"summary_large_image","twitter_site":"@Clece_","twitter_misc":{"Est. reading time":"4 minutes"},"schema":{"@context":"https:\/\/schema.org","@graph":[{"@type":"WebPage","@id":"https:\/\/clece.es\/pt\/politica-de-privacidade-do-canal-etico\/","url":"https:\/\/clece.es\/pt\/politica-de-privacidade-do-canal-etico\/","name":"Pol\u00edtica de Privacidade do Canal \u00c9tico - Clece","isPartOf":{"@id":"https:\/\/clece.es\/es\/#website"},"datePublished":"2024-10-02T10:52:18+00:00","dateModified":"2025-09-15T14:46:52+00:00","breadcrumb":{"@id":"https:\/\/clece.es\/pt\/politica-de-privacidade-do-canal-etico\/#breadcrumb"},"inLanguage":"pt","potentialAction":[{"@type":"ReadAction","target":["https:\/\/clece.es\/pt\/politica-de-privacidade-do-canal-etico\/"]}]},{"@type":"BreadcrumbList","@id":"https:\/\/clece.es\/pt\/politica-de-privacidade-do-canal-etico\/#breadcrumb","itemListElement":[{"@type":"ListItem","position":1,"name":"Portada","item":"https:\/\/clece.es\/es\/"},{"@type":"ListItem","position":2,"name":"Pol\u00edtica de Privacidade do Canal \u00c9tico"}]},{"@type":"WebSite","@id":"https:\/\/clece.es\/es\/#website","url":"https:\/\/clece.es\/es\/","name":"Clece","description":"","publisher":{"@id":"https:\/\/clece.es\/es\/#organization"},"potentialAction":[{"@type":"SearchAction","target":{"@type":"EntryPoint","urlTemplate":"https:\/\/clece.es\/es\/?s={search_term_string}"},"query-input":{"@type":"PropertyValueSpecification","valueRequired":true,"valueName":"search_term_string"}}],"inLanguage":"pt"},{"@type":"Organization","@id":"https:\/\/clece.es\/es\/#organization","name":"Grupo Clece","url":"https:\/\/clece.es\/es\/","logo":{"@type":"ImageObject","inLanguage":"pt","@id":"https:\/\/clece.es\/es\/#\/schema\/logo\/image\/","url":"https:\/\/sitio2.utopiasl.eu\/wp-content\/uploads\/2024\/10\/Logotipos_filiales_Clece_logotipo.png","contentUrl":"https:\/\/sitio2.utopiasl.eu\/wp-content\/uploads\/2024\/10\/Logotipos_filiales_Clece_logotipo.png","width":5000,"height":5000,"caption":"Grupo Clece"},"image":{"@id":"https:\/\/clece.es\/es\/#\/schema\/logo\/image\/"},"sameAs":["https:\/\/www.facebook.com\/CleceSociedadAnonima\/","https:\/\/x.com\/Clece_","https:\/\/www.linkedin.com\/company\/clece-sa\/"]}]}},"_links":{"self":[{"href":"https:\/\/clece.es\/pt\/wp-json\/wp\/v2\/pages\/145196","targetHints":{"allow":["GET"]}}],"collection":[{"href":"https:\/\/clece.es\/pt\/wp-json\/wp\/v2\/pages"}],"about":[{"href":"https:\/\/clece.es\/pt\/wp-json\/wp\/v2\/types\/page"}],"author":[{"embeddable":true,"href":"https:\/\/clece.es\/pt\/wp-json\/wp\/v2\/users\/2"}],"replies":[{"embeddable":true,"href":"https:\/\/clece.es\/pt\/wp-json\/wp\/v2\/comments?post=145196"}],"version-history":[{"count":3,"href":"https:\/\/clece.es\/pt\/wp-json\/wp\/v2\/pages\/145196\/revisions"}],"predecessor-version":[{"id":149707,"href":"https:\/\/clece.es\/pt\/wp-json\/wp\/v2\/pages\/145196\/revisions\/149707"}],"wp:attachment":[{"href":"https:\/\/clece.es\/pt\/wp-json\/wp\/v2\/media?parent=145196"}],"curies":[{"name":"wp","href":"https:\/\/api.w.org\/{rel}","templated":true}]}}