{"id":145201,"date":"2024-09-26T13:37:41","date_gmt":"2024-09-26T13:37:41","guid":{"rendered":"https:\/\/sitio2.utopiasl.eu\/declaracao-de-acessibilidade\/"},"modified":"2024-09-26T13:37:41","modified_gmt":"2024-09-26T13:37:41","slug":"declaracao-de-acessibilidade","status":"publish","type":"page","link":"https:\/\/clece.es\/pt\/declaracao-de-acessibilidade\/","title":{"rendered":"Declara\u00e7\u00e3o de acessibilidade"},"content":{"rendered":"\t\t<div data-elementor-type=\"wp-page\" data-elementor-id=\"145201\" class=\"elementor elementor-145201 elementor-1357\" data-elementor-post-type=\"page\">\n\t\t\t\t<div class=\"elementor-element elementor-element-e0599bd e-flex e-con-boxed e-con e-parent\" data-id=\"e0599bd\" data-element_type=\"container\" data-e-type=\"container\">\n\t\t\t\t\t<div class=\"e-con-inner\">\n\t\t\t\t<div class=\"elementor-element elementor-element-fd0365a elementor-widget elementor-widget-heading\" data-id=\"fd0365a\" data-element_type=\"widget\" data-e-type=\"widget\" data-widget_type=\"heading.default\">\n\t\t\t\t<div class=\"elementor-widget-container\">\n\t\t\t\t\t<h2 class=\"elementor-heading-title elementor-size-default\">Declara\u00e7\u00e3o de Acessibilidade<\/h2>\t\t\t\t<\/div>\n\t\t\t\t<\/div>\n\t\t\t\t\t<\/div>\n\t\t\t\t<\/div>\n\t\t<div class=\"elementor-element elementor-element-cce0c6f e-flex e-con-boxed e-con e-parent\" data-id=\"cce0c6f\" data-element_type=\"container\" data-e-type=\"container\">\n\t\t\t\t\t<div class=\"e-con-inner\">\n\t\t\t\t<div class=\"elementor-element elementor-element-926d102 elementor-widget elementor-widget-text-editor\" data-id=\"926d102\" data-element_type=\"widget\" data-e-type=\"widget\" data-widget_type=\"text-editor.default\">\n\t\t\t\t<div class=\"elementor-widget-container\">\n\t\t\t\t\t\t\t\t\t<div id=\"container\"><section id=\"content\" role=\"main\"><article id=\"post-109578\" class=\"post-109578 page type-page status-publish hentry\"><section class=\"entry-content\"><div class=\"content\"><div class=\"center\"><p><strong>Estado de Conformidade<\/strong><br \/>Acreditamos firmemente que a Internet deve ser acess\u00edvel e estar dispon\u00edvel para todos. Por isso, estamos comprometidos em fornecer um site acess\u00edvel para o maior n\u00famero poss\u00edvel de pessoas, independentemente de suas circunst\u00e2ncias e habilidades.<\/p><p>Para alcan\u00e7ar isso, nosso objetivo \u00e9 aderir o mais estritamente poss\u00edvel \u00e0s Diretrizes de Acessibilidade para Conte\u00fado da Web 2.1 (WCAG 2.1) do Cons\u00f3rcio World Wide Web (W3C) no n\u00edvel AA. Essas diretrizes descrevem como adaptar o conte\u00fado da web para torn\u00e1-lo acess\u00edvel a pessoas com diversas defici\u00eancias. O cumprimento dessas diretrizes nos ajuda a garantir que o site seja acess\u00edvel para toda a popula\u00e7\u00e3o, incluindo pessoas cegas, com defici\u00eancias motoras, visuais ou cognitivas, entre outras.<\/p><p>Este site utiliza diversas tecnologias para torn\u00e1-lo o mais acess\u00edvel poss\u00edvel. Utilizamos uma interface de acessibilidade que permite que pessoas com defici\u00eancias espec\u00edficas adaptem a interface do usu\u00e1rio \u00e0s suas necessidades particulares.<\/p><p>Al\u00e9m disso, o site utiliza um aplicativo baseado em intelig\u00eancia artificial que \u00e9 executado em segundo plano e otimiza continuamente o n\u00edvel de acessibilidade. Esse aplicativo modifica o c\u00f3digo HTML do site, adaptando sua funcionalidade e comportamento para leitores de tela utilizados por pessoas cegas e para fun\u00e7\u00f5es de teclado utilizadas por pessoas com defici\u00eancias motoras.<\/p><\/div><\/div><\/section><\/article><\/section><\/div>\t\t\t\t\t\t\t\t<\/div>\n\t\t\t\t<\/div>\n\t\t\t\t<div class=\"elementor-element elementor-element-a042a1d elementor-widget elementor-widget-text-editor\" data-id=\"a042a1d\" data-element_type=\"widget\" data-e-type=\"widget\" data-widget_type=\"text-editor.default\">\n\t\t\t\t<div class=\"elementor-widget-container\">\n\t\t\t\t\t\t\t\t\t<p><strong>Navega\u00e7\u00e3o por Leitores de Tela e Teclado<\/strong><\/p><p>Nosso site implementa a t\u00e9cnica de atributos ARIA (Accessible Rich Internet Applications, aplicativos da web ricos acess\u00edveis), juntamente com outras altera\u00e7\u00f5es de comportamento, para garantir que pessoas cegas que nos visitam com leitores de tela possam ler, entender e utilizar as funcionalidades do site. Quando um usu\u00e1rio que utiliza um leitor de tela acessa nosso site, ele \u00e9 solicitado a configurar seu perfil de leitor de tela para que possa navegar e usar o site de forma satisfat\u00f3ria. A seguir, mostramos como nosso site atende a alguns dos requisitos mais importantes em rela\u00e7\u00e3o aos leitores de tela, juntamente com algumas capturas de tela do console que cont\u00eam exemplos de c\u00f3digo:<\/p><p>Otimiza\u00e7\u00e3o para Leitores de Tela: executamos um processo em segundo plano que analisa todos os elementos do site para garantir o cumprimento das diretrizes de acessibilidade, mesmo quando o site \u00e9 atualizado. Nesse processo, fornecemos aos leitores de tela os dados necess\u00e1rios para seu correto funcionamento, utilizando o conjunto de atributos ARIA. Por exemplo, fornecemos etiquetas apropriadas para formul\u00e1rios, descri\u00e7\u00f5es para \u00edcones que executam a\u00e7\u00f5es (\u00edcones de redes sociais, \u00edcones de pesquisa, \u00edcones de carrinho de compras etc.), orienta\u00e7\u00f5es para validar entradas em formul\u00e1rios, elementos como bot\u00f5es, menus, caixas de di\u00e1logo modais (pop-ups) e outros. Al\u00e9m disso, o processo em segundo plano verifica todas as imagens do site e fornece uma descri\u00e7\u00e3o precisa e relevante com base no reconhecimento de objetos, usando tags ALT (texto alternativo) para imagens n\u00e3o identificadas. Ele tamb\u00e9m extrai o texto contido na imagem usando tecnologia OCR (reconhecimento \u00f3ptico de caracteres). Os usu\u00e1rios podem ativar os controles do leitor de tela a qualquer momento pressionando a combina\u00e7\u00e3o de teclas Alt+1. Al\u00e9m disso, os usu\u00e1rios de leitores de tela recebem uma notifica\u00e7\u00e3o autom\u00e1tica para ativar o modo de leitor de tela assim que entram no site.<br \/>Essa configura\u00e7\u00e3o \u00e9 compat\u00edvel com os leitores de tela mais populares, como JAWS e NVDA.<\/p><p>Otimiza\u00e7\u00e3o da Navega\u00e7\u00e3o pelo Teclado: o processo em segundo plano tamb\u00e9m adapta o c\u00f3digo HTML do site, adicionando diversos comportamentos por meio do uso de c\u00f3digo JavaScript. Dessa forma, \u00e9 poss\u00edvel navegar pelo site usando as teclas Tab e Shift+Tab, percorrer os elementos de menu suspenso com as teclas de seta, fech\u00e1-los com Esc, pressionar bot\u00f5es e links com a tecla Enter, mover-se entre bot\u00f5es de op\u00e7\u00e3o e caixas de sele\u00e7\u00e3o com as teclas de seta e marc\u00e1-los com a barra de espa\u00e7o ou a tecla Enter. Al\u00e9m disso, os usu\u00e1rios que utilizam o teclado podem acessar a qualquer momento menus de navega\u00e7\u00e3o r\u00e1pida e menus que permitem pular o conte\u00fado pressionando Alt+1 (essas ser\u00e3o tamb\u00e9m as primeiras op\u00e7\u00f5es ao navegar pelo site). O processo em segundo plano tamb\u00e9m gerencia pop-ups, tornando-os acess\u00edveis pelo teclado assim que s\u00e3o exibidos.<br \/>Os usu\u00e1rios tamb\u00e9m podem usar atalhos de teclado pressionando teclas como \u201cM\u201d (para menus), \u201cH\u201d (cabe\u00e7alhos), \u201cF\u201d (formul\u00e1rios), \u201cB\u201d (bot\u00f5es) e \u201cG\u201d (gr\u00e1ficos) para acessar diretamente elementos espec\u00edficos.<\/p>\t\t\t\t\t\t\t\t<\/div>\n\t\t\t\t<\/div>\n\t\t\t\t\t<\/div>\n\t\t\t\t<\/div>\n\t\t<div class=\"elementor-element elementor-element-0d30d46 e-flex e-con-boxed e-con e-parent\" data-id=\"0d30d46\" data-element_type=\"container\" data-e-type=\"container\">\n\t\t\t\t\t<div class=\"e-con-inner\">\n\t\t\t\t<div class=\"elementor-element elementor-element-f61eb4d elementor-widget elementor-widget-text-editor\" data-id=\"f61eb4d\" data-element_type=\"widget\" data-e-type=\"widget\" data-widget_type=\"text-editor.default\">\n\t\t\t\t<div class=\"elementor-widget-container\">\n\t\t\t\t\t\t\t\t\t<div id=\"container\"><section id=\"content\" role=\"main\"><article id=\"post-109578\" class=\"post-109578 page type-page status-publish hentry\"><section class=\"entry-content\"><div class=\"content\"><div class=\"center\"><p><strong>Perfis de Defici\u00eancia Compat\u00edveis com Nosso Site<\/strong><\/p><ul><li>Modo seguro para epilepsia: esse perfil permite que pessoas com epilepsia naveguem com seguran\u00e7a pelo site, evitando o risco de convuls\u00f5es causadas por anima\u00e7\u00f5es que exibem piscadas e combina\u00e7\u00f5es de cores prejudiciais.<\/li><li>Modo para pessoas com defici\u00eancia visual: esse modo adapta o site \u00e0s necessidades de pessoas com defici\u00eancias visuais, como vis\u00e3o reduzida, vis\u00e3o em t\u00fanel, catarata, glaucoma, entre outras.<\/li><li>Modo para pessoas com defici\u00eancia cognitiva: esse modo oferece op\u00e7\u00f5es de assist\u00eancia para ajudar pessoas com defici\u00eancias cognitivas, como dislexia, autismo, AVC, entre outras, a concentrarem-se nos elementos essenciais do site.<\/li><li>Modo compat\u00edvel com d\u00e9ficit de aten\u00e7\u00e3o e hiperatividade: esse modo ajuda pessoas com d\u00e9ficit de aten\u00e7\u00e3o, hiperatividade e transtornos do desenvolvimento neurol\u00f3gico a ler, navegar e concentrar-se nos principais elementos do site, reduzindo distra\u00e7\u00f5es significativamente.<\/li><li>Modo para cegueira: esse modo configura o site para ser compat\u00edvel com leitores de tela como JAWS, NVDA, VoiceOver e TalkBack. Um leitor de tela \u00e9 um software instalado em computadores e smartphones para pessoas cegas, e os sites devem ser compat\u00edveis com eles.<\/li><li>Perfil de navega\u00e7\u00e3o por teclado (defici\u00eancias motoras): esse perfil permite que pessoas com defici\u00eancias motoras naveguem pelo site usando as teclas Tab, Shift+Tab e Enter do teclado. Os usu\u00e1rios tamb\u00e9m podem usar atalhos de teclado, como \u201cM\u201d (para menus), \u201cH\u201d (cabe\u00e7alhos), \u201cF\u201d (formul\u00e1rios), \u201cB\u201d (bot\u00f5es) e \u201cG\u201d (gr\u00e1ficos) para acessar elementos espec\u00edficos.<\/li><\/ul><\/div><\/div><\/section><\/article><\/section><\/div>\t\t\t\t\t\t\t\t<\/div>\n\t\t\t\t<\/div>\n\t\t\t\t\t<\/div>\n\t\t\t\t<\/div>\n\t\t<div class=\"elementor-element elementor-element-b327796 e-flex e-con-boxed e-con e-parent\" data-id=\"b327796\" data-element_type=\"container\" data-e-type=\"container\">\n\t\t\t\t\t<div class=\"e-con-inner\">\n\t\t\t\t<div class=\"elementor-element elementor-element-9e389fb elementor-widget elementor-widget-text-editor\" data-id=\"9e389fb\" data-element_type=\"widget\" data-e-type=\"widget\" data-widget_type=\"text-editor.default\">\n\t\t\t\t<div class=\"elementor-widget-container\">\n\t\t\t\t\t\t\t\t\t<p><strong>Ajustes Adicionais de Interface do Usu\u00e1rio, Estrutura e Legibilidade<\/strong><\/p><ol><li>Ajustes de Fontes: os usu\u00e1rios podem aumentar ou diminuir o tamanho das fontes, alterar a fam\u00edlia de fontes, ajustar o espa\u00e7amento, o alinhamento, a altura da linha e outros par\u00e2metros.<\/li><li>Ajustes de Cores: os usu\u00e1rios podem escolher entre v\u00e1rios perfis de contraste, como claro, escuro, invertido e monocrom\u00e1tico. Tamb\u00e9m \u00e9 poss\u00edvel trocar esquemas de cores para t\u00edtulos, textos e fundos, com mais de 7 op\u00e7\u00f5es de cores diferentes.<\/li><li>Anima\u00e7\u00f5es: os usu\u00e1rios com epilepsia podem pausar todas as anima\u00e7\u00f5es, como v\u00eddeos, GIFs e transi\u00e7\u00f5es CSS intermitentes, clicando em um bot\u00e3o. Isso evita a exposi\u00e7\u00e3o a est\u00edmulos que podem desencadear convuls\u00f5es.<\/li><li>Destaque de Conte\u00fado: os usu\u00e1rios podem optar por real\u00e7ar elementos importantes, como hiperlinks e t\u00edtulos. Tamb\u00e9m \u00e9 poss\u00edvel destacar apenas os elementos com foco ou que foram percorridos com o cursor do mouse.<\/li><li>Desativar Som: os usu\u00e1rios com problemas auditivos podem evitar dores de cabe\u00e7a ou outros problemas causados pela reprodu\u00e7\u00e3o autom\u00e1tica de \u00e1udio. Essa op\u00e7\u00e3o permite desativar completamente o som do site.<\/li><li>Dificuldades Cognitivas: utilizamos um mecanismo de busca conectado \u00e0 Wikipedia e ao Wikcion\u00e1rio, permitindo que pessoas com dificuldades cognitivas entendam o significado de frases, siglas, g\u00edrias e outros termos.<\/li><li>Recursos Adicionais: oferecemos aos usu\u00e1rios a op\u00e7\u00e3o de alterar a cor e o tamanho do cursor, usar um modo de impress\u00e3o, ativar um teclado virtual e muitas outras fun\u00e7\u00f5es.<\/li><\/ol>\t\t\t\t\t\t\t\t<\/div>\n\t\t\t\t<\/div>\n\t\t\t\t\t<\/div>\n\t\t\t\t<\/div>\n\t\t<div class=\"elementor-element elementor-element-99dcd07 e-flex e-con-boxed e-con e-parent\" data-id=\"99dcd07\" data-element_type=\"container\" data-e-type=\"container\">\n\t\t\t\t\t<div class=\"e-con-inner\">\n\t\t\t\t<div class=\"elementor-element elementor-element-7f1f51a elementor-widget elementor-widget-text-editor\" data-id=\"7f1f51a\" data-element_type=\"widget\" data-e-type=\"widget\" data-widget_type=\"text-editor.default\">\n\t\t\t\t<div class=\"elementor-widget-container\">\n\t\t\t\t\t\t\t\t\t<p><strong>Compatibilidade com Navegadores e Tecnologias Assistivas<\/strong><\/p><p>Nosso objetivo \u00e9 garantir a compatibilidade com o maior n\u00famero poss\u00edvel de navegadores e tecnologias assistivas, para que nossos usu\u00e1rios possam escolher as ferramentas mais adequadas para suas necessidades, com o m\u00ednimo de limita\u00e7\u00f5es poss\u00edvel. Por isso, trabalhamos duro para oferecer suporte a todos os principais sistemas, que representam mais de 95% da participa\u00e7\u00e3o de mercado, incluindo Google Chrome, Mozilla Firefox, Apple Safari, Opera e Microsoft Edge, al\u00e9m dos leitores de tela JAWS e NVDA, tanto para usu\u00e1rios do Windows quanto do MAC.<\/p>\t\t\t\t\t\t\t\t<\/div>\n\t\t\t\t<\/div>\n\t\t\t\t\t<\/div>\n\t\t\t\t<\/div>\n\t\t<div class=\"elementor-element elementor-element-4fb6077 e-flex e-con-boxed e-con e-parent\" data-id=\"4fb6077\" data-element_type=\"container\" data-e-type=\"container\">\n\t\t\t\t\t<div class=\"e-con-inner\">\n\t\t\t\t<div class=\"elementor-element elementor-element-e12a8a4 elementor-widget elementor-widget-text-editor\" data-id=\"e12a8a4\" data-element_type=\"widget\" data-e-type=\"widget\" data-widget_type=\"text-editor.default\">\n\t\t\t\t<div class=\"elementor-widget-container\">\n\t\t\t\t\t\t\t\t\t<div id=\"container\"><section id=\"content\" role=\"main\"><article id=\"post-110645\" class=\"post-110645 page type-page status-publish hentry\"><section class=\"entry-content\"><div class=\"content\"><div class=\"center\"><p><strong>Observa\u00e7\u00f5es, Coment\u00e1rios e Feedback<\/strong><\/p><p>Apesar de nossos melhores esfor\u00e7os para tornar o site acess\u00edvel a todos, pode haver p\u00e1ginas ou se\u00e7\u00f5es que ainda n\u00e3o s\u00e3o totalmente acess\u00edveis, est\u00e3o em processo de atualiza\u00e7\u00e3o para tornar-se acess\u00edveis ou n\u00e3o t\u00eam uma solu\u00e7\u00e3o tecnol\u00f3gica adequada para a acessibilidade. No entanto, estamos sempre trabalhando para melhorar nossa acessibilidade, adicionando, atualizando e aprimorando op\u00e7\u00f5es e recursos, al\u00e9m de desenvolver e adotar novas tecnologias. Nosso objetivo \u00e9 alcan\u00e7ar o n\u00edvel ideal de acessibilidade, acompanhando os avan\u00e7os tecnol\u00f3gicos.<\/p><\/div><\/div><\/section><\/article><\/section><\/div>\t\t\t\t\t\t\t\t<\/div>\n\t\t\t\t<\/div>\n\t\t\t\t\t<\/div>\n\t\t\t\t<\/div>\n\t\t<div class=\"elementor-element elementor-element-6539a44 e-flex e-con-boxed e-con e-parent\" data-id=\"6539a44\" data-element_type=\"container\" data-e-type=\"container\">\n\t\t\t\t\t<div class=\"e-con-inner\">\n\t\t\t\t<div class=\"elementor-element elementor-element-cbaee01 elementor-widget elementor-widget-text-editor\" data-id=\"cbaee01\" data-element_type=\"widget\" data-e-type=\"widget\" data-widget_type=\"text-editor.default\">\n\t\t\t\t<div class=\"elementor-widget-container\">\n\t\t\t\t\t\t\t\t\t<div id=\"container\"><section id=\"content\" role=\"main\"><article id=\"post-109578\" class=\"post-109578 page type-page status-publish hentry\"><section class=\"entry-content\"><div class=\"content\"><div class=\"center\"><p><strong>Notas, comentarios y sugerencias<\/strong><\/p><p>Aunque nos hemos esforzado al m\u00e1ximo para que cualquier persona pueda adaptar el sitio web a sus necesidades, es posible que todav\u00eda existan p\u00e1ginas o secciones que no resulten enteramente accesibles, se encuentren en proceso de convertirse en accesibles o para las que no exista en este momento una soluci\u00f3n tecnol\u00f3gica adecuada para transformarlas en accesibles. Seguimos mejorando continuamente nuestras capacidades de accesibilidad, a\u00f1adiendo, actualizando y mejorando funcionalidades y opciones, as\u00ed como desarrollando y adoptando nuevas tecnolog\u00edas. Todo ello con el fin de alcanzar un nivel \u00f3ptimo de accesibilidad, conforme a los \u00faltimos avances tecnol\u00f3gicos.<\/p><\/div><\/div><\/section><\/article><section id=\"comments\"><\/section><\/section><aside id=\"sidebar\" role=\"complementary\"><\/aside><div class=\"clear\">\u00a0<\/div><\/div><footer id=\"footer\" role=\"contentinfo\"><div class=\"blue\"><div class=\"row\"><div class=\"col\">\u00a0<\/div><\/div><\/div><\/footer>\t\t\t\t\t\t\t\t<\/div>\n\t\t\t\t<\/div>\n\t\t\t\t\t<\/div>\n\t\t\t\t<\/div>\n\t\t\t\t<\/div>\n\t\t","protected":false},"excerpt":{"rendered":"<p>Declara\u00e7\u00e3o de Acessibilidade Estado de ConformidadeAcreditamos firmemente que a Internet deve ser acess\u00edvel e estar dispon\u00edvel para todos. Por isso, estamos comprometidos em fornecer um site acess\u00edvel para o maior n\u00famero poss\u00edvel de pessoas, independentemente de suas circunst\u00e2ncias e habilidades. Para alcan\u00e7ar isso, nosso objetivo \u00e9 aderir o mais estritamente poss\u00edvel \u00e0s Diretrizes de Acessibilidade [&hellip;]<\/p>\n","protected":false},"author":3,"featured_media":0,"parent":0,"menu_order":0,"comment_status":"closed","ping_status":"closed","template":"","meta":{"_acf_changed":false,"footnotes":""},"class_list":["post-145201","page","type-page","status-publish","hentry"],"acf":[],"yoast_head":"<!-- This site is optimized with the Yoast SEO plugin v27.2 - https:\/\/yoast.com\/product\/yoast-seo-wordpress\/ -->\n<title>Declara\u00e7\u00e3o de acessibilidade - Clece<\/title>\n<meta name=\"robots\" content=\"index, follow, max-snippet:-1, max-image-preview:large, max-video-preview:-1\" \/>\n<link rel=\"canonical\" href=\"https:\/\/clece.es\/pt\/declaracao-de-acessibilidade\/\" \/>\n<meta property=\"og:locale\" content=\"pt_PT\" \/>\n<meta property=\"og:type\" content=\"article\" \/>\n<meta property=\"og:title\" content=\"Declara\u00e7\u00e3o de acessibilidade - Clece\" \/>\n<meta property=\"og:description\" content=\"Declara\u00e7\u00e3o de Acessibilidade Estado de ConformidadeAcreditamos firmemente que a Internet deve ser acess\u00edvel e estar dispon\u00edvel para todos. Por isso, estamos comprometidos em fornecer um site acess\u00edvel para o maior n\u00famero poss\u00edvel de pessoas, independentemente de suas circunst\u00e2ncias e habilidades. Para alcan\u00e7ar isso, nosso objetivo \u00e9 aderir o mais estritamente poss\u00edvel \u00e0s Diretrizes de Acessibilidade [&hellip;]\" \/>\n<meta property=\"og:url\" content=\"https:\/\/clece.es\/pt\/declaracao-de-acessibilidade\/\" \/>\n<meta property=\"og:site_name\" content=\"Clece\" \/>\n<meta property=\"article:publisher\" content=\"https:\/\/www.facebook.com\/CleceSociedadAnonima\/\" \/>\n<meta name=\"twitter:card\" content=\"summary_large_image\" \/>\n<meta name=\"twitter:site\" content=\"@Clece_\" \/>\n<meta name=\"twitter:label1\" content=\"Est. reading time\" \/>\n\t<meta name=\"twitter:data1\" content=\"7 minutes\" \/>\n<script type=\"application\/ld+json\" class=\"yoast-schema-graph\">{\"@context\":\"https:\/\/schema.org\",\"@graph\":[{\"@type\":\"WebPage\",\"@id\":\"https:\/\/clece.es\/pt\/declaracao-de-acessibilidade\/\",\"url\":\"https:\/\/clece.es\/pt\/declaracao-de-acessibilidade\/\",\"name\":\"Declara\u00e7\u00e3o de acessibilidade - Clece\",\"isPartOf\":{\"@id\":\"https:\/\/clece.es\/es\/#website\"},\"datePublished\":\"2024-09-26T13:37:41+00:00\",\"breadcrumb\":{\"@id\":\"https:\/\/clece.es\/pt\/declaracao-de-acessibilidade\/#breadcrumb\"},\"inLanguage\":\"pt\",\"potentialAction\":[{\"@type\":\"ReadAction\",\"target\":[\"https:\/\/clece.es\/pt\/declaracao-de-acessibilidade\/\"]}]},{\"@type\":\"BreadcrumbList\",\"@id\":\"https:\/\/clece.es\/pt\/declaracao-de-acessibilidade\/#breadcrumb\",\"itemListElement\":[{\"@type\":\"ListItem\",\"position\":1,\"name\":\"Portada\",\"item\":\"https:\/\/clece.es\/es\/\"},{\"@type\":\"ListItem\",\"position\":2,\"name\":\"Declara\u00e7\u00e3o de acessibilidade\"}]},{\"@type\":\"WebSite\",\"@id\":\"https:\/\/clece.es\/es\/#website\",\"url\":\"https:\/\/clece.es\/es\/\",\"name\":\"Clece\",\"description\":\"\",\"publisher\":{\"@id\":\"https:\/\/clece.es\/es\/#organization\"},\"potentialAction\":[{\"@type\":\"SearchAction\",\"target\":{\"@type\":\"EntryPoint\",\"urlTemplate\":\"https:\/\/clece.es\/es\/?s={search_term_string}\"},\"query-input\":{\"@type\":\"PropertyValueSpecification\",\"valueRequired\":true,\"valueName\":\"search_term_string\"}}],\"inLanguage\":\"pt\"},{\"@type\":\"Organization\",\"@id\":\"https:\/\/clece.es\/es\/#organization\",\"name\":\"Grupo Clece\",\"url\":\"https:\/\/clece.es\/es\/\",\"logo\":{\"@type\":\"ImageObject\",\"inLanguage\":\"pt\",\"@id\":\"https:\/\/clece.es\/es\/#\/schema\/logo\/image\/\",\"url\":\"https:\/\/sitio2.utopiasl.eu\/wp-content\/uploads\/2024\/10\/Logotipos_filiales_Clece_logotipo.png\",\"contentUrl\":\"https:\/\/sitio2.utopiasl.eu\/wp-content\/uploads\/2024\/10\/Logotipos_filiales_Clece_logotipo.png\",\"width\":5000,\"height\":5000,\"caption\":\"Grupo Clece\"},\"image\":{\"@id\":\"https:\/\/clece.es\/es\/#\/schema\/logo\/image\/\"},\"sameAs\":[\"https:\/\/www.facebook.com\/CleceSociedadAnonima\/\",\"https:\/\/x.com\/Clece_\",\"https:\/\/www.linkedin.com\/company\/clece-sa\/\"]}]}<\/script>\n<!-- \/ Yoast SEO plugin. -->","yoast_head_json":{"title":"Declara\u00e7\u00e3o de acessibilidade - Clece","robots":{"index":"index","follow":"follow","max-snippet":"max-snippet:-1","max-image-preview":"max-image-preview:large","max-video-preview":"max-video-preview:-1"},"canonical":"https:\/\/clece.es\/pt\/declaracao-de-acessibilidade\/","og_locale":"pt_PT","og_type":"article","og_title":"Declara\u00e7\u00e3o de acessibilidade - Clece","og_description":"Declara\u00e7\u00e3o de Acessibilidade Estado de ConformidadeAcreditamos firmemente que a Internet deve ser acess\u00edvel e estar dispon\u00edvel para todos. Por isso, estamos comprometidos em fornecer um site acess\u00edvel para o maior n\u00famero poss\u00edvel de pessoas, independentemente de suas circunst\u00e2ncias e habilidades. Para alcan\u00e7ar isso, nosso objetivo \u00e9 aderir o mais estritamente poss\u00edvel \u00e0s Diretrizes de Acessibilidade [&hellip;]","og_url":"https:\/\/clece.es\/pt\/declaracao-de-acessibilidade\/","og_site_name":"Clece","article_publisher":"https:\/\/www.facebook.com\/CleceSociedadAnonima\/","twitter_card":"summary_large_image","twitter_site":"@Clece_","twitter_misc":{"Est. reading time":"7 minutes"},"schema":{"@context":"https:\/\/schema.org","@graph":[{"@type":"WebPage","@id":"https:\/\/clece.es\/pt\/declaracao-de-acessibilidade\/","url":"https:\/\/clece.es\/pt\/declaracao-de-acessibilidade\/","name":"Declara\u00e7\u00e3o de acessibilidade - Clece","isPartOf":{"@id":"https:\/\/clece.es\/es\/#website"},"datePublished":"2024-09-26T13:37:41+00:00","breadcrumb":{"@id":"https:\/\/clece.es\/pt\/declaracao-de-acessibilidade\/#breadcrumb"},"inLanguage":"pt","potentialAction":[{"@type":"ReadAction","target":["https:\/\/clece.es\/pt\/declaracao-de-acessibilidade\/"]}]},{"@type":"BreadcrumbList","@id":"https:\/\/clece.es\/pt\/declaracao-de-acessibilidade\/#breadcrumb","itemListElement":[{"@type":"ListItem","position":1,"name":"Portada","item":"https:\/\/clece.es\/es\/"},{"@type":"ListItem","position":2,"name":"Declara\u00e7\u00e3o de acessibilidade"}]},{"@type":"WebSite","@id":"https:\/\/clece.es\/es\/#website","url":"https:\/\/clece.es\/es\/","name":"Clece","description":"","publisher":{"@id":"https:\/\/clece.es\/es\/#organization"},"potentialAction":[{"@type":"SearchAction","target":{"@type":"EntryPoint","urlTemplate":"https:\/\/clece.es\/es\/?s={search_term_string}"},"query-input":{"@type":"PropertyValueSpecification","valueRequired":true,"valueName":"search_term_string"}}],"inLanguage":"pt"},{"@type":"Organization","@id":"https:\/\/clece.es\/es\/#organization","name":"Grupo Clece","url":"https:\/\/clece.es\/es\/","logo":{"@type":"ImageObject","inLanguage":"pt","@id":"https:\/\/clece.es\/es\/#\/schema\/logo\/image\/","url":"https:\/\/sitio2.utopiasl.eu\/wp-content\/uploads\/2024\/10\/Logotipos_filiales_Clece_logotipo.png","contentUrl":"https:\/\/sitio2.utopiasl.eu\/wp-content\/uploads\/2024\/10\/Logotipos_filiales_Clece_logotipo.png","width":5000,"height":5000,"caption":"Grupo Clece"},"image":{"@id":"https:\/\/clece.es\/es\/#\/schema\/logo\/image\/"},"sameAs":["https:\/\/www.facebook.com\/CleceSociedadAnonima\/","https:\/\/x.com\/Clece_","https:\/\/www.linkedin.com\/company\/clece-sa\/"]}]}},"_links":{"self":[{"href":"https:\/\/clece.es\/pt\/wp-json\/wp\/v2\/pages\/145201","targetHints":{"allow":["GET"]}}],"collection":[{"href":"https:\/\/clece.es\/pt\/wp-json\/wp\/v2\/pages"}],"about":[{"href":"https:\/\/clece.es\/pt\/wp-json\/wp\/v2\/types\/page"}],"author":[{"embeddable":true,"href":"https:\/\/clece.es\/pt\/wp-json\/wp\/v2\/users\/3"}],"replies":[{"embeddable":true,"href":"https:\/\/clece.es\/pt\/wp-json\/wp\/v2\/comments?post=145201"}],"version-history":[{"count":0,"href":"https:\/\/clece.es\/pt\/wp-json\/wp\/v2\/pages\/145201\/revisions"}],"wp:attachment":[{"href":"https:\/\/clece.es\/pt\/wp-json\/wp\/v2\/media?parent=145201"}],"curies":[{"name":"wp","href":"https:\/\/api.w.org\/{rel}","templated":true}]}}