{"id":145220,"date":"2024-09-24T10:20:38","date_gmt":"2024-09-24T10:20:38","guid":{"rendered":"https:\/\/sitio2.utopiasl.eu\/declaracao-de-igualdade-e-responsabilidade-social\/"},"modified":"2025-02-04T11:05:00","modified_gmt":"2025-02-04T11:05:00","slug":"declaracao-de-igualdade-e-responsabilidade-social","status":"publish","type":"page","link":"https:\/\/clece.es\/pt\/declaracao-de-igualdade-e-responsabilidade-social\/","title":{"rendered":"Declara\u00e7\u00e3o de igualdade e responsabilidade social"},"content":{"rendered":"\t\t<div data-elementor-type=\"wp-page\" data-elementor-id=\"145220\" class=\"elementor elementor-145220 elementor-1133\" data-elementor-post-type=\"page\">\n\t\t\t\t<div class=\"elementor-element elementor-element-675a965 e-flex e-con-boxed e-con e-parent\" data-id=\"675a965\" data-element_type=\"container\" data-e-type=\"container\">\n\t\t\t\t\t<div class=\"e-con-inner\">\n\t\t\t\t<div class=\"elementor-element elementor-element-c1df7dc elementor-widget elementor-widget-heading\" data-id=\"c1df7dc\" data-element_type=\"widget\" data-e-type=\"widget\" data-widget_type=\"heading.default\">\n\t\t\t\t<div class=\"elementor-widget-container\">\n\t\t\t\t\t<h2 class=\"elementor-heading-title elementor-size-default\">DECLARA\u00c7\u00c3O DE IGUALDADE E RESPONSABILIDADE SOCIAL<\/h2>\t\t\t\t<\/div>\n\t\t\t\t<\/div>\n\t\t\t\t\t<\/div>\n\t\t\t\t<\/div>\n\t\t<div class=\"elementor-element elementor-element-da44b6d e-flex e-con-boxed e-con e-parent\" data-id=\"da44b6d\" data-element_type=\"container\" data-e-type=\"container\">\n\t\t\t\t\t<div class=\"e-con-inner\">\n\t\t\t\t<div class=\"elementor-element elementor-element-351a917 elementor-widget elementor-widget-text-editor\" data-id=\"351a917\" data-element_type=\"widget\" data-e-type=\"widget\" data-widget_type=\"text-editor.default\">\n\t\t\t\t<div class=\"elementor-widget-container\">\n\t\t\t\t\t\t\t\t\t<p>Ciente de que a gest\u00e3o empresarial deve estar em conson\u00e2ncia com as necessidades e demandas da sociedade, a Clece declara seu compromisso com a igualdade efetiva entre mulheres e homens no \u00e2mbito da empresa e a aplica\u00e7\u00e3o efetiva de pol\u00edticas para alcan\u00e7ar este princ\u00edpio, nos termos previstos na Lei Org\u00e2nica 3\/2007.<\/p><p>Em todos e cada um dos \u00e2mbitos da empresa &#8211; desde as condi\u00e7\u00f5es de trabalho, os servi\u00e7os prestados ou a comunica\u00e7\u00e3o &#8211; a Clece assume a igualdade de tratamento e oportunidades sem discriminar direta ou indiretamente por raz\u00e3o de sexo.<\/p><p>Os princ\u00edpios enunciados s\u00e3o colocados em pr\u00e1tica por meio da elabora\u00e7\u00e3o e aplica\u00e7\u00e3o de um Plano de Igualdade na Empresa e de outras medidas, como o estabelecimento de protocolos de preven\u00e7\u00e3o e atua\u00e7\u00e3o para casos de ass\u00e9dio laboral e sexual.<\/p><p>Dentro de seu projeto social, a Clece tamb\u00e9m trabalha para a integra\u00e7\u00e3o laboral em sua equipe de mulheres que sofreram viol\u00eancia de g\u00eanero.<\/p><p>Somos rigorosos com a legisla\u00e7\u00e3o vigente e estendemos esse compromisso por meio de uma exig\u00eancia de certifica\u00e7\u00e3o em RSE, a Norma IQ NET SR 10. Esta certifica\u00e7\u00e3o implica o cumprimento e compromisso com os requisitos da norma em mat\u00e9ria de presta\u00e7\u00e3o de contas, transpar\u00eancia, comportamento \u00e9tico, respeito aos grupos de interesse, respeito ao princ\u00edpio da legalidade, respeito \u00e0s normas internacionais de cumprimento e respeito aos direitos humanos. Se desejar mais informa\u00e7\u00f5es, pode consultar nossa <a href=\"\/wp-content\/uploads\/2024\/10\/Declaracion-RSC-SR-10-edicion-1-CLECE.pdf\"><strong>Pol\u00edtica de Responsabilidade Social <\/strong><\/a>e a <a href=\"\/wp-content\/uploads\/2025\/02\/P-02-MATERIALIDAD-ENE25-V07.pdf\"><strong>an\u00e1lise de materialidade<\/strong><\/a>.<\/p><p>Da mesma forma, a Clece se compromete com as pessoas que fazem parte da organiza\u00e7\u00e3o, por meio da Norma EFR, a oferecer medidas de concilia\u00e7\u00e3o adequadas \u00e0 sua cultura e estrutura de neg\u00f3cios, entendendo como tal a flexibilidade suficiente oferecida pela empresa para atender \u00e0s necessidades pessoais e familiares de seus colaboradores, em conson\u00e2ncia e equil\u00edbrio com os objetivos da empresa.<\/p><p>A dire\u00e7\u00e3o e todos os funcion\u00e1rios assumem o compromisso contido nesta declara\u00e7\u00e3o.<\/p>\t\t\t\t\t\t\t\t<\/div>\n\t\t\t\t<\/div>\n\t\t\t\t\t<\/div>\n\t\t\t\t<\/div>\n\t\t\t\t<\/div>\n\t\t","protected":false},"excerpt":{"rendered":"<p>DECLARA\u00c7\u00c3O DE IGUALDADE E RESPONSABILIDADE SOCIAL Ciente de que a gest\u00e3o empresarial deve estar em conson\u00e2ncia com as necessidades e demandas da sociedade, a Clece declara seu compromisso com a igualdade efetiva entre mulheres e homens no \u00e2mbito da empresa e a aplica\u00e7\u00e3o efetiva de pol\u00edticas para alcan\u00e7ar este princ\u00edpio, nos termos previstos na Lei [&hellip;]<\/p>\n","protected":false},"author":3,"featured_media":0,"parent":0,"menu_order":0,"comment_status":"closed","ping_status":"closed","template":"","meta":{"_acf_changed":false,"footnotes":""},"class_list":["post-145220","page","type-page","status-publish","hentry"],"acf":[],"yoast_head":"<!-- This site is optimized with the Yoast SEO plugin v27.3 - https:\/\/yoast.com\/product\/yoast-seo-wordpress\/ -->\n<title>Declara\u00e7\u00e3o de igualdade e responsabilidade social - Clece<\/title>\n<meta name=\"robots\" content=\"index, follow, max-snippet:-1, max-image-preview:large, max-video-preview:-1\" \/>\n<link rel=\"canonical\" href=\"https:\/\/clece.es\/pt\/declaracao-de-igualdade-e-responsabilidade-social\/\" \/>\n<meta property=\"og:locale\" content=\"pt_PT\" \/>\n<meta property=\"og:type\" content=\"article\" \/>\n<meta property=\"og:title\" content=\"Declara\u00e7\u00e3o de igualdade e responsabilidade social - Clece\" \/>\n<meta property=\"og:description\" content=\"DECLARA\u00c7\u00c3O DE IGUALDADE E RESPONSABILIDADE SOCIAL Ciente de que a gest\u00e3o empresarial deve estar em conson\u00e2ncia com as necessidades e demandas da sociedade, a Clece declara seu compromisso com a igualdade efetiva entre mulheres e homens no \u00e2mbito da empresa e a aplica\u00e7\u00e3o efetiva de pol\u00edticas para alcan\u00e7ar este princ\u00edpio, nos termos previstos na Lei [&hellip;]\" \/>\n<meta property=\"og:url\" content=\"https:\/\/clece.es\/pt\/declaracao-de-igualdade-e-responsabilidade-social\/\" \/>\n<meta property=\"og:site_name\" content=\"Clece\" \/>\n<meta property=\"article:publisher\" content=\"https:\/\/www.facebook.com\/CleceSociedadAnonima\/\" \/>\n<meta property=\"article:modified_time\" content=\"2025-02-04T11:05:00+00:00\" \/>\n<meta name=\"twitter:card\" content=\"summary_large_image\" \/>\n<meta name=\"twitter:site\" content=\"@Clece_\" \/>\n<meta name=\"twitter:label1\" content=\"Est. reading time\" \/>\n\t<meta name=\"twitter:data1\" content=\"2 minutes\" \/>\n<script type=\"application\/ld+json\" class=\"yoast-schema-graph\">{\"@context\":\"https:\\\/\\\/schema.org\",\"@graph\":[{\"@type\":\"WebPage\",\"@id\":\"https:\\\/\\\/clece.es\\\/pt\\\/declaracao-de-igualdade-e-responsabilidade-social\\\/\",\"url\":\"https:\\\/\\\/clece.es\\\/pt\\\/declaracao-de-igualdade-e-responsabilidade-social\\\/\",\"name\":\"Declara\u00e7\u00e3o de igualdade e responsabilidade social - Clece\",\"isPartOf\":{\"@id\":\"https:\\\/\\\/clece.es\\\/es\\\/#website\"},\"datePublished\":\"2024-09-24T10:20:38+00:00\",\"dateModified\":\"2025-02-04T11:05:00+00:00\",\"breadcrumb\":{\"@id\":\"https:\\\/\\\/clece.es\\\/pt\\\/declaracao-de-igualdade-e-responsabilidade-social\\\/#breadcrumb\"},\"inLanguage\":\"pt\",\"potentialAction\":[{\"@type\":\"ReadAction\",\"target\":[\"https:\\\/\\\/clece.es\\\/pt\\\/declaracao-de-igualdade-e-responsabilidade-social\\\/\"]}]},{\"@type\":\"BreadcrumbList\",\"@id\":\"https:\\\/\\\/clece.es\\\/pt\\\/declaracao-de-igualdade-e-responsabilidade-social\\\/#breadcrumb\",\"itemListElement\":[{\"@type\":\"ListItem\",\"position\":1,\"name\":\"Portada\",\"item\":\"https:\\\/\\\/clece.es\\\/es\\\/\"},{\"@type\":\"ListItem\",\"position\":2,\"name\":\"Declara\u00e7\u00e3o de igualdade e responsabilidade social\"}]},{\"@type\":\"WebSite\",\"@id\":\"https:\\\/\\\/clece.es\\\/es\\\/#website\",\"url\":\"https:\\\/\\\/clece.es\\\/es\\\/\",\"name\":\"Clece\",\"description\":\"\",\"publisher\":{\"@id\":\"https:\\\/\\\/clece.es\\\/es\\\/#organization\"},\"potentialAction\":[{\"@type\":\"SearchAction\",\"target\":{\"@type\":\"EntryPoint\",\"urlTemplate\":\"https:\\\/\\\/clece.es\\\/es\\\/?s={search_term_string}\"},\"query-input\":{\"@type\":\"PropertyValueSpecification\",\"valueRequired\":true,\"valueName\":\"search_term_string\"}}],\"inLanguage\":\"pt\"},{\"@type\":\"Organization\",\"@id\":\"https:\\\/\\\/clece.es\\\/es\\\/#organization\",\"name\":\"Grupo Clece\",\"url\":\"https:\\\/\\\/clece.es\\\/es\\\/\",\"logo\":{\"@type\":\"ImageObject\",\"inLanguage\":\"pt\",\"@id\":\"https:\\\/\\\/clece.es\\\/es\\\/#\\\/schema\\\/logo\\\/image\\\/\",\"url\":\"https:\\\/\\\/sitio2.utopiasl.eu\\\/wp-content\\\/uploads\\\/2024\\\/10\\\/Logotipos_filiales_Clece_logotipo.png\",\"contentUrl\":\"https:\\\/\\\/sitio2.utopiasl.eu\\\/wp-content\\\/uploads\\\/2024\\\/10\\\/Logotipos_filiales_Clece_logotipo.png\",\"width\":5000,\"height\":5000,\"caption\":\"Grupo Clece\"},\"image\":{\"@id\":\"https:\\\/\\\/clece.es\\\/es\\\/#\\\/schema\\\/logo\\\/image\\\/\"},\"sameAs\":[\"https:\\\/\\\/www.facebook.com\\\/CleceSociedadAnonima\\\/\",\"https:\\\/\\\/x.com\\\/Clece_\",\"https:\\\/\\\/www.linkedin.com\\\/company\\\/clece-sa\\\/\"]}]}<\/script>\n<!-- \/ Yoast SEO plugin. -->","yoast_head_json":{"title":"Declara\u00e7\u00e3o de igualdade e responsabilidade social - Clece","robots":{"index":"index","follow":"follow","max-snippet":"max-snippet:-1","max-image-preview":"max-image-preview:large","max-video-preview":"max-video-preview:-1"},"canonical":"https:\/\/clece.es\/pt\/declaracao-de-igualdade-e-responsabilidade-social\/","og_locale":"pt_PT","og_type":"article","og_title":"Declara\u00e7\u00e3o de igualdade e responsabilidade social - Clece","og_description":"DECLARA\u00c7\u00c3O DE IGUALDADE E RESPONSABILIDADE SOCIAL Ciente de que a gest\u00e3o empresarial deve estar em conson\u00e2ncia com as necessidades e demandas da sociedade, a Clece declara seu compromisso com a igualdade efetiva entre mulheres e homens no \u00e2mbito da empresa e a aplica\u00e7\u00e3o efetiva de pol\u00edticas para alcan\u00e7ar este princ\u00edpio, nos termos previstos na Lei [&hellip;]","og_url":"https:\/\/clece.es\/pt\/declaracao-de-igualdade-e-responsabilidade-social\/","og_site_name":"Clece","article_publisher":"https:\/\/www.facebook.com\/CleceSociedadAnonima\/","article_modified_time":"2025-02-04T11:05:00+00:00","twitter_card":"summary_large_image","twitter_site":"@Clece_","twitter_misc":{"Est. reading time":"2 minutes"},"schema":{"@context":"https:\/\/schema.org","@graph":[{"@type":"WebPage","@id":"https:\/\/clece.es\/pt\/declaracao-de-igualdade-e-responsabilidade-social\/","url":"https:\/\/clece.es\/pt\/declaracao-de-igualdade-e-responsabilidade-social\/","name":"Declara\u00e7\u00e3o de igualdade e responsabilidade social - Clece","isPartOf":{"@id":"https:\/\/clece.es\/es\/#website"},"datePublished":"2024-09-24T10:20:38+00:00","dateModified":"2025-02-04T11:05:00+00:00","breadcrumb":{"@id":"https:\/\/clece.es\/pt\/declaracao-de-igualdade-e-responsabilidade-social\/#breadcrumb"},"inLanguage":"pt","potentialAction":[{"@type":"ReadAction","target":["https:\/\/clece.es\/pt\/declaracao-de-igualdade-e-responsabilidade-social\/"]}]},{"@type":"BreadcrumbList","@id":"https:\/\/clece.es\/pt\/declaracao-de-igualdade-e-responsabilidade-social\/#breadcrumb","itemListElement":[{"@type":"ListItem","position":1,"name":"Portada","item":"https:\/\/clece.es\/es\/"},{"@type":"ListItem","position":2,"name":"Declara\u00e7\u00e3o de igualdade e responsabilidade social"}]},{"@type":"WebSite","@id":"https:\/\/clece.es\/es\/#website","url":"https:\/\/clece.es\/es\/","name":"Clece","description":"","publisher":{"@id":"https:\/\/clece.es\/es\/#organization"},"potentialAction":[{"@type":"SearchAction","target":{"@type":"EntryPoint","urlTemplate":"https:\/\/clece.es\/es\/?s={search_term_string}"},"query-input":{"@type":"PropertyValueSpecification","valueRequired":true,"valueName":"search_term_string"}}],"inLanguage":"pt"},{"@type":"Organization","@id":"https:\/\/clece.es\/es\/#organization","name":"Grupo Clece","url":"https:\/\/clece.es\/es\/","logo":{"@type":"ImageObject","inLanguage":"pt","@id":"https:\/\/clece.es\/es\/#\/schema\/logo\/image\/","url":"https:\/\/sitio2.utopiasl.eu\/wp-content\/uploads\/2024\/10\/Logotipos_filiales_Clece_logotipo.png","contentUrl":"https:\/\/sitio2.utopiasl.eu\/wp-content\/uploads\/2024\/10\/Logotipos_filiales_Clece_logotipo.png","width":5000,"height":5000,"caption":"Grupo Clece"},"image":{"@id":"https:\/\/clece.es\/es\/#\/schema\/logo\/image\/"},"sameAs":["https:\/\/www.facebook.com\/CleceSociedadAnonima\/","https:\/\/x.com\/Clece_","https:\/\/www.linkedin.com\/company\/clece-sa\/"]}]}},"_links":{"self":[{"href":"https:\/\/clece.es\/pt\/wp-json\/wp\/v2\/pages\/145220","targetHints":{"allow":["GET"]}}],"collection":[{"href":"https:\/\/clece.es\/pt\/wp-json\/wp\/v2\/pages"}],"about":[{"href":"https:\/\/clece.es\/pt\/wp-json\/wp\/v2\/types\/page"}],"author":[{"embeddable":true,"href":"https:\/\/clece.es\/pt\/wp-json\/wp\/v2\/users\/3"}],"replies":[{"embeddable":true,"href":"https:\/\/clece.es\/pt\/wp-json\/wp\/v2\/comments?post=145220"}],"version-history":[{"count":6,"href":"https:\/\/clece.es\/pt\/wp-json\/wp\/v2\/pages\/145220\/revisions"}],"predecessor-version":[{"id":147812,"href":"https:\/\/clece.es\/pt\/wp-json\/wp\/v2\/pages\/145220\/revisions\/147812"}],"wp:attachment":[{"href":"https:\/\/clece.es\/pt\/wp-json\/wp\/v2\/media?parent=145220"}],"curies":[{"name":"wp","href":"https:\/\/api.w.org\/{rel}","templated":true}]}}