{"id":145227,"date":"2024-09-23T10:09:11","date_gmt":"2024-09-23T10:09:11","guid":{"rendered":"https:\/\/sitio2.utopiasl.eu\/social-2\/"},"modified":"2025-02-05T09:14:42","modified_gmt":"2025-02-05T09:14:42","slug":"social","status":"publish","type":"page","link":"https:\/\/clece.es\/pt\/sustentabilidade\/social\/","title":{"rendered":"Sustentabilidade social"},"content":{"rendered":"\t\t<div data-elementor-type=\"wp-page\" data-elementor-id=\"145227\" class=\"elementor elementor-145227 elementor-892\" data-elementor-post-type=\"page\">\n\t\t\t\t<div class=\"elementor-element elementor-element-ad56c40 e-con-full e-flex e-con e-parent\" data-id=\"ad56c40\" data-element_type=\"container\" data-e-type=\"container\" data-settings=\"{&quot;background_background&quot;:&quot;classic&quot;}\">\n\t\t\t\t<\/div>\n\t\t<div class=\"elementor-element elementor-element-5769f7a e-con-full e-flex e-con e-parent\" data-id=\"5769f7a\" data-element_type=\"container\" data-e-type=\"container\" data-settings=\"{&quot;background_background&quot;:&quot;classic&quot;}\">\n\t\t<div class=\"elementor-element elementor-element-a5d4a3b e-con-full e-flex e-con e-child\" data-id=\"a5d4a3b\" data-element_type=\"container\" data-e-type=\"container\" data-settings=\"{&quot;background_background&quot;:&quot;classic&quot;}\">\n\t\t<div class=\"elementor-element elementor-element-fb783a1 e-con-full e-flex e-con e-child\" data-id=\"fb783a1\" data-element_type=\"container\" data-e-type=\"container\">\n\t\t\t\t<div class=\"elementor-element elementor-element-fdf1134 elementor-widget elementor-widget-heading\" data-id=\"fdf1134\" data-element_type=\"widget\" data-e-type=\"widget\" data-widget_type=\"heading.default\">\n\t\t\t\t<div class=\"elementor-widget-container\">\n\t\t\t\t\t<h2 class=\"elementor-heading-title elementor-size-default\"><a href=\"\/pt\/sustentabilidade\/\">Sustentabilidade<\/a><\/h2>\t\t\t\t<\/div>\n\t\t\t\t<\/div>\n\t\t\t\t<div class=\"elementor-element elementor-element-8645f10 elementor-widget elementor-widget-heading\" data-id=\"8645f10\" data-element_type=\"widget\" data-e-type=\"widget\" data-widget_type=\"heading.default\">\n\t\t\t\t<div class=\"elementor-widget-container\">\n\t\t\t\t\t<h2 class=\"elementor-heading-title elementor-size-default\">Social<\/h2>\t\t\t\t<\/div>\n\t\t\t\t<\/div>\n\t\t\t\t<\/div>\n\t\t\t\t<div class=\"elementor-element elementor-element-7b93300 elementor-widget elementor-widget-heading\" data-id=\"7b93300\" data-element_type=\"widget\" data-e-type=\"widget\" data-widget_type=\"heading.default\">\n\t\t\t\t<div class=\"elementor-widget-container\">\n\t\t\t\t\t<h2 class=\"elementor-heading-title elementor-size-default\">Para uma sociedade mais justa e mais inclusiva<\/h2>\t\t\t\t<\/div>\n\t\t\t\t<\/div>\n\t\t\t\t<div class=\"elementor-element elementor-element-c3a6107 elementor-widget elementor-widget-text-editor\" data-id=\"c3a6107\" data-element_type=\"widget\" data-e-type=\"widget\" data-widget_type=\"text-editor.default\">\n\t\t\t\t<div class=\"elementor-widget-container\">\n\t\t\t\t\t\t\t\t\t<p>Na Clece\u00a0<strong>entendemos o compromisso social como uma parte fundamental do progresso sustent\u00e1vel<\/strong>\u00a0que deve ser a marca da nossa atividade di\u00e1ria. Por conseguinte, esfor\u00e7amo-nos por ter um impacto positivo em todas as comunidades com as quais interagimos direta e indiretamente.<\/p><p>Neste sentido, n\u00e3o s\u00f3 cumprimos integralmente todas as nossas obriga\u00e7\u00f5es enquanto empresa em mat\u00e9ria de direitos laborais e de sa\u00fade e seguran\u00e7a no trabalho, como vamos muito mais al\u00e9m, implementando medidas que contribuem para a promo\u00e7\u00e3o de uma sociedade mais justa, mais inclusiva e mais igualit\u00e1ria. Acreditamos firmemente que a igualdade de oportunidades \u00e9 fundamental para garantir que ningu\u00e9m \u00e9 deixado para tr\u00e1s.<\/p>\t\t\t\t\t\t\t\t<\/div>\n\t\t\t\t<\/div>\n\t\t\t\t<div class=\"elementor-element elementor-element-0f58fa7 elementor-widget elementor-widget-heading\" data-id=\"0f58fa7\" data-element_type=\"widget\" data-e-type=\"widget\" data-widget_type=\"heading.default\">\n\t\t\t\t<div class=\"elementor-widget-container\">\n\t\t\t\t\t<h2 class=\"elementor-heading-title elementor-size-default\">+ de 12%<\/h2>\t\t\t\t<\/div>\n\t\t\t\t<\/div>\n\t\t\t\t<div class=\"elementor-element elementor-element-105f8c3 elementor-widget elementor-widget-heading\" data-id=\"105f8c3\" data-element_type=\"widget\" data-e-type=\"widget\" data-widget_type=\"heading.default\">\n\t\t\t\t<div class=\"elementor-widget-container\">\n\t\t\t\t\t<h2 class=\"elementor-heading-title elementor-size-default\">DO QUADRO DE PESSOAL \u00c9 ORIUNDO DE GRUPOS DESFAVORECIDOS<\/h2>\t\t\t\t<\/div>\n\t\t\t\t<\/div>\n\t\t\t\t<\/div>\n\t\t<div class=\"elementor-element elementor-element-51adebd e-con-full e-flex e-con e-child\" data-id=\"51adebd\" data-element_type=\"container\" data-e-type=\"container\" data-settings=\"{&quot;background_background&quot;:&quot;classic&quot;}\">\n\t\t<div class=\"elementor-element elementor-element-96bf51f e-con-full e-flex e-con e-child\" data-id=\"96bf51f\" data-element_type=\"container\" data-e-type=\"container\">\n\t\t<div class=\"elementor-element elementor-element-bae1185 e-con-full e-flex e-con e-child\" data-id=\"bae1185\" data-element_type=\"container\" data-e-type=\"container\">\n\t\t\t\t<div class=\"elementor-element elementor-element-9d86dae elementor-widget elementor-widget-text-editor\" data-id=\"9d86dae\" data-element_type=\"widget\" data-e-type=\"widget\" data-widget_type=\"text-editor.default\">\n\t\t\t\t<div class=\"elementor-widget-container\">\n\t\t\t\t\t\t\t\t\t<p>Desde a nossa cria\u00e7\u00e3o que nos caracterizamos por uma forte voca\u00e7\u00e3o social. Contudo, em 2012 tom\u00e1mos a decis\u00e3o de aprofundar este compromisso e auscult\u00e1mos a sociedade para saber o que se esperava de uma empresa como a Clece.\u00a0<strong>E foi a pr\u00f3pria sociedade, com as suas respostas, que nos indicou qual o caminho a seguir para refor\u00e7ar o nosso Projeto Social.\u00a0<\/strong>Este exerc\u00edcio de escuta ativa corroborou o nosso compromisso de devolver \u00e0 sociedade aquilo que a pr\u00f3pria sociedade confia que fa\u00e7amos como servidores p\u00fablicos.<\/p><p>Na qualidade de prestadores de servi\u00e7os p\u00fablicos essenciais, sentimos a obriga\u00e7\u00e3o de dar resposta aos requisitos dos cidad\u00e3os e de satisfazer os seus pedidos, dos quais se destacam a\u00a0<strong>dignidade das pessoas que trabalham e prestam servi\u00e7os da Administra\u00e7\u00e3o P\u00fablica e a igualdade de oportunidades para quem procura emprego.<\/strong><\/p><p>O principal pilar do nosso projeto social \u00e9 a\u00a0<strong>inclus\u00e3o no mercado de trabalho de pessoas de grupos desfavorecidos:<\/strong>\u00a0mulheres que sofrem ou sofreram viol\u00eancia, pessoas com diversidade funcional e pessoas em risco de exclus\u00e3o social<strong>.<\/strong> No entanto, este compromisso traduz-se tamb\u00e9m na aplica\u00e7\u00e3o de outras medidas, nomeadamente as seguintes:<\/p><ul><li>A aprova\u00e7\u00e3o do Plano para a Igualdade da Clece.<\/li><li>O nosso cat\u00e1logo de medidas de concilia\u00e7\u00e3o e o certificado EFR da Fundaci\u00f3n M\u00e1sfamilia como Empresa Familiarmente Respons\u00e1vel.<\/li><li>A defini\u00e7\u00e3o de protocolos contra o ass\u00e9dio no trabalho e o ass\u00e9dio sexual ou baseado no g\u00e9nero.<\/li><li>A identifica\u00e7\u00e3o dos riscos de viola\u00e7\u00e3o dos direitos humanos em todas as nossas atividades.<\/li><li>A implementa\u00e7\u00e3o de medidas de Preven\u00e7\u00e3o de Riscos Laborais (PRL) para garantir a sa\u00fade e a seguran\u00e7a no trabalho.<\/li><li>A forma\u00e7\u00e3o cont\u00ednua e refor\u00e7o das capacidades do pessoal atrav\u00e9s de programas de desenvolvimento profissional.<\/li><li>A nossa ades\u00e3o \u00e0 Rede Espanhola do Pacto Global, com a qual reconhecemos o nosso compromisso com os\u00a010 Princ\u00edpios\u00a0desta iniciativa, que promovem a Responsabilidade Social das Empresas e o desenvolvimento sustent\u00e1vel no mundo.<\/li><\/ul>\t\t\t\t\t\t\t\t<\/div>\n\t\t\t\t<\/div>\n\t\t\t\t<div class=\"elementor-element elementor-element-dd599df elementor-widget elementor-widget-heading\" data-id=\"dd599df\" data-element_type=\"widget\" data-e-type=\"widget\" data-widget_type=\"heading.default\">\n\t\t\t\t<div class=\"elementor-widget-container\">\n\t\t\t\t\t<h2 class=\"elementor-heading-title elementor-size-default\">Principais linhas de a\u00e7\u00e3o<\/h2>\t\t\t\t<\/div>\n\t\t\t\t<\/div>\n\t\t\t\t<div class=\"elementor-element elementor-element-a48aa59 elementor-widget elementor-widget-text-editor\" data-id=\"a48aa59\" data-element_type=\"widget\" data-e-type=\"widget\" data-widget_type=\"text-editor.default\">\n\t\t\t\t<div class=\"elementor-widget-container\">\n\t\t\t\t\t\t\t\t\t<p>As medidas de sustentabilidade social da Clece baseiam-se em duas linhas de a\u00e7\u00e3o:\u00a0<strong>Integra\u00e7\u00e3o e Sensibiliza\u00e7\u00e3o.<\/strong>\u00a0As diferentes a\u00e7\u00f5es que desenvolvemos neste \u00e2mbito enquadram-se nestas linhas de a\u00e7\u00e3o e procuram proporcionar benef\u00edcios diretos e indiretos a diferentes grupos.<\/p>\t\t\t\t\t\t\t\t<\/div>\n\t\t\t\t<\/div>\n\t\t<div class=\"elementor-element elementor-element-df79cd5 e-con-full e-flex e-con e-child\" data-id=\"df79cd5\" data-element_type=\"container\" data-e-type=\"container\">\n\t\t<div class=\"elementor-element elementor-element-c4d4b6c e-con-full e-flex e-con e-child\" data-id=\"c4d4b6c\" data-element_type=\"container\" data-e-type=\"container\">\n\t\t\t\t<div class=\"elementor-element elementor-element-163a0a1 elementor-widget elementor-widget-heading\" data-id=\"163a0a1\" data-element_type=\"widget\" data-e-type=\"widget\" data-widget_type=\"heading.default\">\n\t\t\t\t<div class=\"elementor-widget-container\">\n\t\t\t\t\t<h2 class=\"elementor-heading-title elementor-size-default\">Integra\u00e7\u00e3o<\/h2>\t\t\t\t<\/div>\n\t\t\t\t<\/div>\n\t\t\t\t<div class=\"elementor-element elementor-element-b3a1a4c elementor-widget elementor-widget-text-editor\" data-id=\"b3a1a4c\" data-element_type=\"widget\" data-e-type=\"widget\" data-widget_type=\"text-editor.default\">\n\t\t\t\t<div class=\"elementor-widget-container\">\n\t\t\t\t\t\t\t\t\t<ul><li>Acordos de colabora\u00e7\u00e3o com institui\u00e7\u00f5es sociais para a intermedia\u00e7\u00e3o de perfis de pessoas de grupos desfavorecidos.<\/li><li>Acordos com as administra\u00e7\u00f5es p\u00fablicas para a inclus\u00e3o destes grupos no mercado de trabalho.<\/li><\/ul>\t\t\t\t\t\t\t\t<\/div>\n\t\t\t\t<\/div>\n\t\t\t\t<\/div>\n\t\t<div class=\"elementor-element elementor-element-6ad6637 e-con-full e-flex e-con e-child\" data-id=\"6ad6637\" data-element_type=\"container\" data-e-type=\"container\">\n\t\t\t\t<div class=\"elementor-element elementor-element-f6921bf elementor-widget elementor-widget-image\" data-id=\"f6921bf\" data-element_type=\"widget\" data-e-type=\"widget\" data-widget_type=\"image.default\">\n\t\t\t\t<div class=\"elementor-widget-container\">\n\t\t\t\t\t\t\t\t\t\t\t\t\t\t\t<img fetchpriority=\"high\" decoding=\"async\" width=\"700\" height=\"700\" src=\"https:\/\/clece.es\/wp-content\/uploads\/2024\/11\/Sostenibilidad_Social_Integracion_350x350px_Clece.jpg\" class=\"attachment-large size-large wp-image-145707\" alt=\"\" srcset=\"https:\/\/clece.es\/wp-content\/uploads\/2024\/11\/Sostenibilidad_Social_Integracion_350x350px_Clece.jpg 700w, https:\/\/clece.es\/wp-content\/uploads\/2024\/11\/Sostenibilidad_Social_Integracion_350x350px_Clece-300x300.jpg 300w, https:\/\/clece.es\/wp-content\/uploads\/2024\/11\/Sostenibilidad_Social_Integracion_350x350px_Clece-150x150.jpg 150w\" sizes=\"(max-width: 700px) 100vw, 700px\" \/>\t\t\t\t\t\t\t\t\t\t\t\t\t\t\t<\/div>\n\t\t\t\t<\/div>\n\t\t\t\t<\/div>\n\t\t\t\t<\/div>\n\t\t<div class=\"elementor-element elementor-element-a102a4e e-con-full e-flex e-con e-child\" data-id=\"a102a4e\" data-element_type=\"container\" data-e-type=\"container\">\n\t\t<div class=\"elementor-element elementor-element-a026361 e-con-full e-flex e-con e-child\" data-id=\"a026361\" data-element_type=\"container\" data-e-type=\"container\">\n\t\t\t\t<div class=\"elementor-element elementor-element-a032d14 elementor-widget elementor-widget-image\" data-id=\"a032d14\" data-element_type=\"widget\" data-e-type=\"widget\" data-widget_type=\"image.default\">\n\t\t\t\t<div class=\"elementor-widget-container\">\n\t\t\t\t\t\t\t\t\t\t\t\t\t\t\t<img decoding=\"async\" width=\"700\" height=\"700\" src=\"https:\/\/clece.es\/wp-content\/uploads\/2024\/11\/Sostenibilidad_Social_Sensibilizacion_350x350px_Clece.jpg\" class=\"attachment-large size-large wp-image-145706\" alt=\"\" srcset=\"https:\/\/clece.es\/wp-content\/uploads\/2024\/11\/Sostenibilidad_Social_Sensibilizacion_350x350px_Clece.jpg 700w, https:\/\/clece.es\/wp-content\/uploads\/2024\/11\/Sostenibilidad_Social_Sensibilizacion_350x350px_Clece-300x300.jpg 300w, https:\/\/clece.es\/wp-content\/uploads\/2024\/11\/Sostenibilidad_Social_Sensibilizacion_350x350px_Clece-150x150.jpg 150w\" sizes=\"(max-width: 700px) 100vw, 700px\" \/>\t\t\t\t\t\t\t\t\t\t\t\t\t\t\t<\/div>\n\t\t\t\t<\/div>\n\t\t\t\t<\/div>\n\t\t<div class=\"elementor-element elementor-element-511546a e-con-full e-flex e-con e-child\" data-id=\"511546a\" data-element_type=\"container\" data-e-type=\"container\">\n\t\t\t\t<div class=\"elementor-element elementor-element-b4a07c8 elementor-widget elementor-widget-heading\" data-id=\"b4a07c8\" data-element_type=\"widget\" data-e-type=\"widget\" data-widget_type=\"heading.default\">\n\t\t\t\t<div class=\"elementor-widget-container\">\n\t\t\t\t\t<h2 class=\"elementor-heading-title elementor-size-default\">Sensibiliza\u00e7\u00e3o<\/h2>\t\t\t\t<\/div>\n\t\t\t\t<\/div>\n\t\t\t\t<div class=\"elementor-element elementor-element-8a8a42d elementor-widget elementor-widget-text-editor\" data-id=\"8a8a42d\" data-element_type=\"widget\" data-e-type=\"widget\" data-widget_type=\"text-editor.default\">\n\t\t\t\t<div class=\"elementor-widget-container\">\n\t\t\t\t\t\t\t\t\t<ul><li>Organiza\u00e7\u00e3o de f\u00f3runs e col\u00f3quios visando sensibilizar para os desafios com que nos deparamos enquanto sociedade.<\/li><li>Participa\u00e7\u00e3o dos quadros de pessoal da Clece em campanhas de solidariedade relacionadas com diferentes causas sociais.<\/li><\/ul>\t\t\t\t\t\t\t\t<\/div>\n\t\t\t\t<\/div>\n\t\t\t\t<\/div>\n\t\t\t\t<\/div>\n\t\t\t\t<\/div>\n\t\t\t\t<\/div>\n\t\t\t\t<\/div>\n\t\t\t\t<\/div>\n\t\t\t\t<\/div>\n\t\t","protected":false},"excerpt":{"rendered":"<p>Sustentabilidade Social Para uma sociedade mais justa e mais inclusiva Na Clece\u00a0entendemos o compromisso social como uma parte fundamental do progresso sustent\u00e1vel\u00a0que deve ser a marca da nossa atividade di\u00e1ria. Por conseguinte, esfor\u00e7amo-nos por ter um impacto positivo em todas as comunidades com as quais interagimos direta e indiretamente. Neste sentido, n\u00e3o s\u00f3 cumprimos integralmente [&hellip;]<\/p>\n","protected":false},"author":3,"featured_media":0,"parent":145238,"menu_order":0,"comment_status":"closed","ping_status":"closed","template":"","meta":{"_acf_changed":false,"footnotes":""},"class_list":["post-145227","page","type-page","status-publish","hentry"],"acf":[],"yoast_head":"<!-- This site is optimized with the Yoast SEO plugin v27.3 - https:\/\/yoast.com\/product\/yoast-seo-wordpress\/ -->\n<title>Sustentabilidade social para uma sociedade mais justa e inclusiva | Clece<\/title>\n<meta name=\"description\" content=\"O compromisso social da Clece \u00e9 fundamental para atingir o progresso sustent\u00e1vel que define a nossa atividade. Fomentamos medidas que contribuam para promover uma sociedade mais justa, inclusiva e igualit\u00e1ria, para que ningu\u00e9m seja deixado para tr\u00e1s.\" \/>\n<meta name=\"robots\" content=\"index, follow, max-snippet:-1, max-image-preview:large, max-video-preview:-1\" \/>\n<link rel=\"canonical\" href=\"https:\/\/clece.es\/pt\/sustentabilidade\/social\/\" \/>\n<meta property=\"og:locale\" content=\"pt_PT\" \/>\n<meta property=\"og:type\" content=\"article\" \/>\n<meta property=\"og:title\" content=\"Sustentabilidade social para uma sociedade mais justa e inclusiva | Clece\" \/>\n<meta property=\"og:description\" content=\"O compromisso social da Clece \u00e9 fundamental para atingir o progresso sustent\u00e1vel que define a nossa atividade. Fomentamos medidas que contribuam para promover uma sociedade mais justa, inclusiva e igualit\u00e1ria, para que ningu\u00e9m seja deixado para tr\u00e1s.\" \/>\n<meta property=\"og:url\" content=\"https:\/\/clece.es\/pt\/sustentabilidade\/social\/\" \/>\n<meta property=\"og:site_name\" content=\"Clece\" \/>\n<meta property=\"article:publisher\" content=\"https:\/\/www.facebook.com\/CleceSociedadAnonima\/\" \/>\n<meta property=\"article:modified_time\" content=\"2025-02-05T09:14:42+00:00\" \/>\n<meta property=\"og:image\" content=\"http:\/\/sitio2.utopiasl.eu\/wp-content\/uploads\/2024\/11\/Sostenibilidad_Social_Integracion_350x350px_Clece.jpg\" \/>\n<meta name=\"twitter:card\" content=\"summary_large_image\" \/>\n<meta name=\"twitter:site\" content=\"@Clece_\" \/>\n<meta name=\"twitter:label1\" content=\"Est. reading time\" \/>\n\t<meta name=\"twitter:data1\" content=\"3 minutes\" \/>\n<script type=\"application\/ld+json\" class=\"yoast-schema-graph\">{\"@context\":\"https:\\\/\\\/schema.org\",\"@graph\":[{\"@type\":\"WebPage\",\"@id\":\"https:\\\/\\\/clece.es\\\/pt\\\/sustentabilidade\\\/social\\\/\",\"url\":\"https:\\\/\\\/clece.es\\\/pt\\\/sustentabilidade\\\/social\\\/\",\"name\":\"Sustentabilidade social para uma sociedade mais justa e inclusiva | Clece\",\"isPartOf\":{\"@id\":\"https:\\\/\\\/clece.es\\\/es\\\/#website\"},\"primaryImageOfPage\":{\"@id\":\"https:\\\/\\\/clece.es\\\/pt\\\/sustentabilidade\\\/social\\\/#primaryimage\"},\"image\":{\"@id\":\"https:\\\/\\\/clece.es\\\/pt\\\/sustentabilidade\\\/social\\\/#primaryimage\"},\"thumbnailUrl\":\"http:\\\/\\\/sitio2.utopiasl.eu\\\/wp-content\\\/uploads\\\/2024\\\/11\\\/Sostenibilidad_Social_Integracion_350x350px_Clece.jpg\",\"datePublished\":\"2024-09-23T10:09:11+00:00\",\"dateModified\":\"2025-02-05T09:14:42+00:00\",\"description\":\"O compromisso social da Clece \u00e9 fundamental para atingir o progresso sustent\u00e1vel que define a nossa atividade. Fomentamos medidas que contribuam para promover uma sociedade mais justa, inclusiva e igualit\u00e1ria, para que ningu\u00e9m seja deixado para tr\u00e1s.\",\"breadcrumb\":{\"@id\":\"https:\\\/\\\/clece.es\\\/pt\\\/sustentabilidade\\\/social\\\/#breadcrumb\"},\"inLanguage\":\"pt\",\"potentialAction\":[{\"@type\":\"ReadAction\",\"target\":[\"https:\\\/\\\/clece.es\\\/pt\\\/sustentabilidade\\\/social\\\/\"]}]},{\"@type\":\"ImageObject\",\"inLanguage\":\"pt\",\"@id\":\"https:\\\/\\\/clece.es\\\/pt\\\/sustentabilidade\\\/social\\\/#primaryimage\",\"url\":\"http:\\\/\\\/sitio2.utopiasl.eu\\\/wp-content\\\/uploads\\\/2024\\\/11\\\/Sostenibilidad_Social_Integracion_350x350px_Clece.jpg\",\"contentUrl\":\"http:\\\/\\\/sitio2.utopiasl.eu\\\/wp-content\\\/uploads\\\/2024\\\/11\\\/Sostenibilidad_Social_Integracion_350x350px_Clece.jpg\"},{\"@type\":\"BreadcrumbList\",\"@id\":\"https:\\\/\\\/clece.es\\\/pt\\\/sustentabilidade\\\/social\\\/#breadcrumb\",\"itemListElement\":[{\"@type\":\"ListItem\",\"position\":1,\"name\":\"Portada\",\"item\":\"https:\\\/\\\/clece.es\\\/es\\\/\"},{\"@type\":\"ListItem\",\"position\":2,\"name\":\"Sustentabilidade\",\"item\":\"https:\\\/\\\/clece.es\\\/pt\\\/sustentabilidade\\\/\"},{\"@type\":\"ListItem\",\"position\":3,\"name\":\"Sustentabilidade social\"}]},{\"@type\":\"WebSite\",\"@id\":\"https:\\\/\\\/clece.es\\\/es\\\/#website\",\"url\":\"https:\\\/\\\/clece.es\\\/es\\\/\",\"name\":\"Clece\",\"description\":\"\",\"publisher\":{\"@id\":\"https:\\\/\\\/clece.es\\\/es\\\/#organization\"},\"potentialAction\":[{\"@type\":\"SearchAction\",\"target\":{\"@type\":\"EntryPoint\",\"urlTemplate\":\"https:\\\/\\\/clece.es\\\/es\\\/?s={search_term_string}\"},\"query-input\":{\"@type\":\"PropertyValueSpecification\",\"valueRequired\":true,\"valueName\":\"search_term_string\"}}],\"inLanguage\":\"pt\"},{\"@type\":\"Organization\",\"@id\":\"https:\\\/\\\/clece.es\\\/es\\\/#organization\",\"name\":\"Grupo Clece\",\"url\":\"https:\\\/\\\/clece.es\\\/es\\\/\",\"logo\":{\"@type\":\"ImageObject\",\"inLanguage\":\"pt\",\"@id\":\"https:\\\/\\\/clece.es\\\/es\\\/#\\\/schema\\\/logo\\\/image\\\/\",\"url\":\"https:\\\/\\\/sitio2.utopiasl.eu\\\/wp-content\\\/uploads\\\/2024\\\/10\\\/Logotipos_filiales_Clece_logotipo.png\",\"contentUrl\":\"https:\\\/\\\/sitio2.utopiasl.eu\\\/wp-content\\\/uploads\\\/2024\\\/10\\\/Logotipos_filiales_Clece_logotipo.png\",\"width\":5000,\"height\":5000,\"caption\":\"Grupo Clece\"},\"image\":{\"@id\":\"https:\\\/\\\/clece.es\\\/es\\\/#\\\/schema\\\/logo\\\/image\\\/\"},\"sameAs\":[\"https:\\\/\\\/www.facebook.com\\\/CleceSociedadAnonima\\\/\",\"https:\\\/\\\/x.com\\\/Clece_\",\"https:\\\/\\\/www.linkedin.com\\\/company\\\/clece-sa\\\/\"]}]}<\/script>\n<!-- \/ Yoast SEO plugin. -->","yoast_head_json":{"title":"Sustentabilidade social para uma sociedade mais justa e inclusiva | Clece","description":"O compromisso social da Clece \u00e9 fundamental para atingir o progresso sustent\u00e1vel que define a nossa atividade. Fomentamos medidas que contribuam para promover uma sociedade mais justa, inclusiva e igualit\u00e1ria, para que ningu\u00e9m seja deixado para tr\u00e1s.","robots":{"index":"index","follow":"follow","max-snippet":"max-snippet:-1","max-image-preview":"max-image-preview:large","max-video-preview":"max-video-preview:-1"},"canonical":"https:\/\/clece.es\/pt\/sustentabilidade\/social\/","og_locale":"pt_PT","og_type":"article","og_title":"Sustentabilidade social para uma sociedade mais justa e inclusiva | Clece","og_description":"O compromisso social da Clece \u00e9 fundamental para atingir o progresso sustent\u00e1vel que define a nossa atividade. Fomentamos medidas que contribuam para promover uma sociedade mais justa, inclusiva e igualit\u00e1ria, para que ningu\u00e9m seja deixado para tr\u00e1s.","og_url":"https:\/\/clece.es\/pt\/sustentabilidade\/social\/","og_site_name":"Clece","article_publisher":"https:\/\/www.facebook.com\/CleceSociedadAnonima\/","article_modified_time":"2025-02-05T09:14:42+00:00","og_image":[{"url":"http:\/\/sitio2.utopiasl.eu\/wp-content\/uploads\/2024\/11\/Sostenibilidad_Social_Integracion_350x350px_Clece.jpg","type":"","width":"","height":""}],"twitter_card":"summary_large_image","twitter_site":"@Clece_","twitter_misc":{"Est. reading time":"3 minutes"},"schema":{"@context":"https:\/\/schema.org","@graph":[{"@type":"WebPage","@id":"https:\/\/clece.es\/pt\/sustentabilidade\/social\/","url":"https:\/\/clece.es\/pt\/sustentabilidade\/social\/","name":"Sustentabilidade social para uma sociedade mais justa e inclusiva | Clece","isPartOf":{"@id":"https:\/\/clece.es\/es\/#website"},"primaryImageOfPage":{"@id":"https:\/\/clece.es\/pt\/sustentabilidade\/social\/#primaryimage"},"image":{"@id":"https:\/\/clece.es\/pt\/sustentabilidade\/social\/#primaryimage"},"thumbnailUrl":"http:\/\/sitio2.utopiasl.eu\/wp-content\/uploads\/2024\/11\/Sostenibilidad_Social_Integracion_350x350px_Clece.jpg","datePublished":"2024-09-23T10:09:11+00:00","dateModified":"2025-02-05T09:14:42+00:00","description":"O compromisso social da Clece \u00e9 fundamental para atingir o progresso sustent\u00e1vel que define a nossa atividade. Fomentamos medidas que contribuam para promover uma sociedade mais justa, inclusiva e igualit\u00e1ria, para que ningu\u00e9m seja deixado para tr\u00e1s.","breadcrumb":{"@id":"https:\/\/clece.es\/pt\/sustentabilidade\/social\/#breadcrumb"},"inLanguage":"pt","potentialAction":[{"@type":"ReadAction","target":["https:\/\/clece.es\/pt\/sustentabilidade\/social\/"]}]},{"@type":"ImageObject","inLanguage":"pt","@id":"https:\/\/clece.es\/pt\/sustentabilidade\/social\/#primaryimage","url":"http:\/\/sitio2.utopiasl.eu\/wp-content\/uploads\/2024\/11\/Sostenibilidad_Social_Integracion_350x350px_Clece.jpg","contentUrl":"http:\/\/sitio2.utopiasl.eu\/wp-content\/uploads\/2024\/11\/Sostenibilidad_Social_Integracion_350x350px_Clece.jpg"},{"@type":"BreadcrumbList","@id":"https:\/\/clece.es\/pt\/sustentabilidade\/social\/#breadcrumb","itemListElement":[{"@type":"ListItem","position":1,"name":"Portada","item":"https:\/\/clece.es\/es\/"},{"@type":"ListItem","position":2,"name":"Sustentabilidade","item":"https:\/\/clece.es\/pt\/sustentabilidade\/"},{"@type":"ListItem","position":3,"name":"Sustentabilidade social"}]},{"@type":"WebSite","@id":"https:\/\/clece.es\/es\/#website","url":"https:\/\/clece.es\/es\/","name":"Clece","description":"","publisher":{"@id":"https:\/\/clece.es\/es\/#organization"},"potentialAction":[{"@type":"SearchAction","target":{"@type":"EntryPoint","urlTemplate":"https:\/\/clece.es\/es\/?s={search_term_string}"},"query-input":{"@type":"PropertyValueSpecification","valueRequired":true,"valueName":"search_term_string"}}],"inLanguage":"pt"},{"@type":"Organization","@id":"https:\/\/clece.es\/es\/#organization","name":"Grupo Clece","url":"https:\/\/clece.es\/es\/","logo":{"@type":"ImageObject","inLanguage":"pt","@id":"https:\/\/clece.es\/es\/#\/schema\/logo\/image\/","url":"https:\/\/sitio2.utopiasl.eu\/wp-content\/uploads\/2024\/10\/Logotipos_filiales_Clece_logotipo.png","contentUrl":"https:\/\/sitio2.utopiasl.eu\/wp-content\/uploads\/2024\/10\/Logotipos_filiales_Clece_logotipo.png","width":5000,"height":5000,"caption":"Grupo Clece"},"image":{"@id":"https:\/\/clece.es\/es\/#\/schema\/logo\/image\/"},"sameAs":["https:\/\/www.facebook.com\/CleceSociedadAnonima\/","https:\/\/x.com\/Clece_","https:\/\/www.linkedin.com\/company\/clece-sa\/"]}]}},"_links":{"self":[{"href":"https:\/\/clece.es\/pt\/wp-json\/wp\/v2\/pages\/145227","targetHints":{"allow":["GET"]}}],"collection":[{"href":"https:\/\/clece.es\/pt\/wp-json\/wp\/v2\/pages"}],"about":[{"href":"https:\/\/clece.es\/pt\/wp-json\/wp\/v2\/types\/page"}],"author":[{"embeddable":true,"href":"https:\/\/clece.es\/pt\/wp-json\/wp\/v2\/users\/3"}],"replies":[{"embeddable":true,"href":"https:\/\/clece.es\/pt\/wp-json\/wp\/v2\/comments?post=145227"}],"version-history":[{"count":9,"href":"https:\/\/clece.es\/pt\/wp-json\/wp\/v2\/pages\/145227\/revisions"}],"predecessor-version":[{"id":146200,"href":"https:\/\/clece.es\/pt\/wp-json\/wp\/v2\/pages\/145227\/revisions\/146200"}],"up":[{"embeddable":true,"href":"https:\/\/clece.es\/pt\/wp-json\/wp\/v2\/pages\/145238"}],"wp:attachment":[{"href":"https:\/\/clece.es\/pt\/wp-json\/wp\/v2\/media?parent=145227"}],"curies":[{"name":"wp","href":"https:\/\/api.w.org\/{rel}","templated":true}]}}