{"id":145233,"date":"2024-09-17T11:32:13","date_gmt":"2024-09-17T11:32:13","guid":{"rendered":"https:\/\/sitio2.utopiasl.eu\/politica-de-cookies\/"},"modified":"2025-02-05T10:40:52","modified_gmt":"2025-02-05T10:40:52","slug":"politica-de-cookies","status":"publish","type":"page","link":"https:\/\/clece.es\/pt\/politica-de-cookies\/","title":{"rendered":"Pol\u00edtica de cookies"},"content":{"rendered":"\t\t<div data-elementor-type=\"wp-page\" data-elementor-id=\"145233\" class=\"elementor elementor-145233 elementor-179\" data-elementor-post-type=\"page\">\n\t\t\t\t<div class=\"elementor-element elementor-element-eb48d67 e-flex e-con-boxed e-con e-parent\" data-id=\"eb48d67\" data-element_type=\"container\" data-e-type=\"container\">\n\t\t\t\t\t<div class=\"e-con-inner\">\n\t\t\t\t<div class=\"elementor-element elementor-element-f941d30 elementor-widget elementor-widget-heading\" data-id=\"f941d30\" data-element_type=\"widget\" data-e-type=\"widget\" data-widget_type=\"heading.default\">\n\t\t\t\t<div class=\"elementor-widget-container\">\n\t\t\t\t\t<h2 class=\"elementor-heading-title elementor-size-default\">POL\u00cdTICA DE COOKIES<\/h2>\t\t\t\t<\/div>\n\t\t\t\t<\/div>\n\t\t\t\t\t<\/div>\n\t\t\t\t<\/div>\n\t\t<div class=\"elementor-element elementor-element-8c65637 e-flex e-con-boxed e-con e-parent\" data-id=\"8c65637\" data-element_type=\"container\" data-e-type=\"container\">\n\t\t\t\t\t<div class=\"e-con-inner\">\n\t\t\t\t<div class=\"elementor-element elementor-element-67c0536 elementor-widget elementor-widget-text-editor\" data-id=\"67c0536\" data-element_type=\"widget\" data-e-type=\"widget\" data-widget_type=\"text-editor.default\">\n\t\t\t\t<div class=\"elementor-widget-container\">\n\t\t\t\t\t\t\t\t\t<p><strong style=\"text-transform: uppercase;\">Introdu\u00e7\u00e3o<\/strong><\/p><p>O editor da p\u00e1gina\u00a0<a href=\"http:\/\/www.clece.es\/\">http:\/\/www.clece.es<\/a> \u00e9 a\u00a0Clece, S.A<\/p><p>A Clece, S.A., em cumprimento do artigo 22 da Lei 34\/2002, de 11 de julho, de servi\u00e7os da sociedade da informa\u00e7\u00e3o e de com\u00e9rcio eletr\u00f3nico, facilita aos Utilizadores informa\u00e7\u00e3o relativa aos cookies, o que s\u00e3o cookies, que tipos de cookies s\u00e3o instalados no computador (adiante \u201cequipamento\u201d) do Utilizador quando este visita o nosso s\u00edtio, e qual \u00e9 a finalidade da utiliza\u00e7\u00e3o dos cookies.<\/p>\t\t\t\t\t\t\t\t<\/div>\n\t\t\t\t<\/div>\n\t\t\t\t\t<\/div>\n\t\t\t\t<\/div>\n\t\t<div class=\"elementor-element elementor-element-90e6b2f e-flex e-con-boxed e-con e-parent\" data-id=\"90e6b2f\" data-element_type=\"container\" data-e-type=\"container\">\n\t\t\t\t\t<div class=\"e-con-inner\">\n\t\t\t\t<div class=\"elementor-element elementor-element-eee7807 elementor-widget elementor-widget-text-editor\" data-id=\"eee7807\" data-element_type=\"widget\" data-e-type=\"widget\" data-widget_type=\"text-editor.default\">\n\t\t\t\t<div class=\"elementor-widget-container\">\n\t\t\t\t\t\t\t\t\t<p><strong style=\"text-transform: uppercase;\">O que s\u00e3o os cookies?<\/strong><\/p><p>Um \u201ccookie\u201d \u00e9 um elemento de dados que um s\u00edtio Web pode enviar ao seu explorador e que pode ser armazenado no seu sistema.<\/p><p>Um cookie \u00e9 um pequeno arquivo de texto que um fornecedor de servi\u00e7os on-line (como\u00a0<a href=\"http:\/\/www.clece.es\/\">www.clece.es<\/a>) instala no equipamento das pessoas que visitam o seu s\u00edtio web. Os cookies podem obter informa\u00e7\u00e3o sobre os h\u00e1bitos dos visitantes no que diz respeito \u00e0 utiliza\u00e7\u00e3o do referido s\u00edtio web registando as atividades do seu equipamento relativamente ao dito s\u00edtio, por exemplo, quando realiza compras.<\/p><p>Os cookies utilizados s\u00e3o fundamentalmente para otimizar o funcionamento do s\u00edtio web. Os cookies gerados quando um Utilizador visita apenas o nosso s\u00edtio n\u00e3o nos permitem identific\u00e1-lo pessoalmente.<\/p>\t\t\t\t\t\t\t\t<\/div>\n\t\t\t\t<\/div>\n\t\t\t\t\t<\/div>\n\t\t\t\t<\/div>\n\t\t<div class=\"elementor-element elementor-element-755e7a5 e-flex e-con-boxed e-con e-parent\" data-id=\"755e7a5\" data-element_type=\"container\" data-e-type=\"container\">\n\t\t\t\t\t<div class=\"e-con-inner\">\n\t\t\t\t<div class=\"elementor-element elementor-element-abd4add elementor-widget elementor-widget-text-editor\" data-id=\"abd4add\" data-element_type=\"widget\" data-e-type=\"widget\" data-widget_type=\"text-editor.default\">\n\t\t\t\t<div class=\"elementor-widget-container\">\n\t\t\t\t\t\t\t\t\t<p><strong style=\"text-transform: uppercase;\">Tipos de cookies<\/strong><\/p><p>A informa\u00e7\u00e3o que lhe proporcionamos a seguir, ajud\u00e1-lo-\u00e1 a compreender os diferentes tipos de cookies:<\/p><p><strong>Segundo o prazo de tempo que permanecem ativos:<\/strong><\/p><p><strong>Cookies de sess\u00e3o:<\/strong> S\u00e3o cookies tempor\u00e1rios que permanecem no arquivo de cookies do seu navegador at\u00e9 que abandone a p\u00e1gina web, pelo que nenhum fica registado no equipamento do Utilizador. A informa\u00e7\u00e3o obtida por meio destes cookies, servem para analisar diretrizes de tr\u00e1fego na web. Por exemplo, permitem levar a cabo um seguimento da utiliza\u00e7\u00e3o que \u00e9 realizada nos nossos s\u00edtios durante uma sess\u00e3o de navega\u00e7\u00e3o \u00fanica e ajudam a utilizar o nosso s\u00edtio de forma mais eficaz.<\/p><p><strong>Cookies persistentes:<\/strong>\u00a0S\u00e3o armazenados no equipamento do Utilizador durante uma sess\u00e3o de navega\u00e7\u00e3o e permanecem no equipamento ao finalizar a sess\u00e3o de navega\u00e7\u00e3o. Os cookies persistentes mant\u00eam-se ativos durante per\u00edodos definidos que podem variar entre v\u00e1rios minutos a anos.<\/p><p><strong style=\"text-transform: uppercase;\">Segundo a entidade que os gere<\/strong><\/p><p><strong>Cookies pr\u00f3prios<\/strong> S\u00e3o aqueles que s\u00e3o enviados para o equipamento do utilizador a partir de um equipamento ou dom\u00ednio gerido pelo pr\u00f3prio editor e desde o qual se presta o servi\u00e7o solicitado pelo utilizador.<\/p><p>Podem incluir cookies como cookies de sess\u00e3o e cookies persistentes. Utilizamos os cookies de origem para seguir os movimentos efetuados desde o computador ou outro dispositivo do Utilizador ao consultar o nosso s\u00edtio, por exemplo, com objetivos de comercializa\u00e7\u00e3o e an\u00e1lise.<\/p><p><strong>Cookies de terceiros<\/strong> S\u00e3o aqueles que s\u00e3o enviados para o equipamento do utilizador a partir de um equipamento ou dom\u00ednio que n\u00e3o \u00e9 gerido pelo editor, mas sim por outra entidade que trata os dados obtidos atrav\u00e9s dos cookies, como por exemplo, os utilizados em redes sociais, ou por complementos externos de conte\u00fado como o Google Maps.<\/p>\t\t\t\t\t\t\t\t<\/div>\n\t\t\t\t<\/div>\n\t\t\t\t\t<\/div>\n\t\t\t\t<\/div>\n\t\t<div class=\"elementor-element elementor-element-d531f76 e-flex e-con-boxed e-con e-parent\" data-id=\"d531f76\" data-element_type=\"container\" data-e-type=\"container\">\n\t\t\t\t\t<div class=\"e-con-inner\">\n\t\t\t\t<div class=\"elementor-element elementor-element-6f66170 elementor-widget elementor-widget-text-editor\" data-id=\"6f66170\" data-element_type=\"widget\" data-e-type=\"widget\" data-widget_type=\"text-editor.default\">\n\t\t\t\t<div class=\"elementor-widget-container\">\n\t\t\t\t\t\t\t\t\t<p><strong style=\"text-transform: uppercase;\">Rela\u00e7\u00e3o e descri\u00e7\u00e3o dos cookies:<\/strong><\/p><p><script id=\"CookieDeclaration\" data-culture=\"pt\" type=\"text\/javascript\" src=\"https:\/\/consent.cookiebot.com\/cad23b8d-27da-42c5-8b77-cc348e31f2df\/cd.js\" async><\/script><\/p><p><strong>Alguma pergunta?<\/strong> Se o Utilizador tiver alguma quest\u00e3o, n\u00e3o deve hesitar em entrar em <a href=\"\/contacto\">contacto<\/a> connosco.<\/p>\t\t\t\t\t\t\t\t<\/div>\n\t\t\t\t<\/div>\n\t\t\t\t\t<\/div>\n\t\t\t\t<\/div>\n\t\t\t\t<\/div>\n\t\t","protected":false},"excerpt":{"rendered":"<p>POL\u00cdTICA DE COOKIES Introdu\u00e7\u00e3o O editor da p\u00e1gina\u00a0http:\/\/www.clece.es \u00e9 a\u00a0Clece, S.A A Clece, S.A., em cumprimento do artigo 22 da Lei 34\/2002, de 11 de julho, de servi\u00e7os da sociedade da informa\u00e7\u00e3o e de com\u00e9rcio eletr\u00f3nico, facilita aos Utilizadores informa\u00e7\u00e3o relativa aos cookies, o que s\u00e3o cookies, que tipos de cookies s\u00e3o instalados no computador [&hellip;]<\/p>\n","protected":false},"author":6,"featured_media":0,"parent":0,"menu_order":0,"comment_status":"closed","ping_status":"closed","template":"","meta":{"_acf_changed":false,"footnotes":""},"class_list":["post-145233","page","type-page","status-publish","hentry"],"acf":[],"yoast_head":"<!-- This site is optimized with the Yoast SEO plugin v27.3 - https:\/\/yoast.com\/product\/yoast-seo-wordpress\/ -->\n<title>Pol\u00edtica de cookies | Clece<\/title>\n<meta name=\"description\" content=\"A nossa pol\u00edtica de cookies explica como e porque utilizamos cookies, bem como as suas op\u00e7\u00f5es de consentimento relativamente \u00e0 sua utiliza\u00e7\u00e3o pela Clece e pelas respetivas filiais.\" \/>\n<meta name=\"robots\" content=\"index, follow, max-snippet:-1, max-image-preview:large, max-video-preview:-1\" \/>\n<link rel=\"canonical\" href=\"https:\/\/clece.es\/pt\/politica-de-cookies\/\" \/>\n<meta property=\"og:locale\" content=\"pt_PT\" \/>\n<meta property=\"og:type\" content=\"article\" \/>\n<meta property=\"og:title\" content=\"Pol\u00edtica de cookies | Clece\" \/>\n<meta property=\"og:description\" content=\"A nossa pol\u00edtica de cookies explica como e porque utilizamos cookies, bem como as suas op\u00e7\u00f5es de consentimento relativamente \u00e0 sua utiliza\u00e7\u00e3o pela Clece e pelas respetivas filiais.\" \/>\n<meta property=\"og:url\" content=\"https:\/\/clece.es\/pt\/politica-de-cookies\/\" \/>\n<meta property=\"og:site_name\" content=\"Clece\" \/>\n<meta property=\"article:publisher\" content=\"https:\/\/www.facebook.com\/CleceSociedadAnonima\/\" \/>\n<meta property=\"article:modified_time\" content=\"2025-02-05T10:40:52+00:00\" \/>\n<meta name=\"twitter:card\" content=\"summary_large_image\" \/>\n<meta name=\"twitter:site\" content=\"@Clece_\" \/>\n<meta name=\"twitter:label1\" content=\"Est. reading time\" \/>\n\t<meta name=\"twitter:data1\" content=\"3 minutes\" \/>\n<script type=\"application\/ld+json\" class=\"yoast-schema-graph\">{\"@context\":\"https:\\\/\\\/schema.org\",\"@graph\":[{\"@type\":\"WebPage\",\"@id\":\"https:\\\/\\\/clece.es\\\/pt\\\/politica-de-cookies\\\/\",\"url\":\"https:\\\/\\\/clece.es\\\/pt\\\/politica-de-cookies\\\/\",\"name\":\"Pol\u00edtica de cookies | Clece\",\"isPartOf\":{\"@id\":\"https:\\\/\\\/clece.es\\\/es\\\/#website\"},\"datePublished\":\"2024-09-17T11:32:13+00:00\",\"dateModified\":\"2025-02-05T10:40:52+00:00\",\"description\":\"A nossa pol\u00edtica de cookies explica como e porque utilizamos cookies, bem como as suas op\u00e7\u00f5es de consentimento relativamente \u00e0 sua utiliza\u00e7\u00e3o pela Clece e pelas respetivas filiais.\",\"breadcrumb\":{\"@id\":\"https:\\\/\\\/clece.es\\\/pt\\\/politica-de-cookies\\\/#breadcrumb\"},\"inLanguage\":\"pt\",\"potentialAction\":[{\"@type\":\"ReadAction\",\"target\":[\"https:\\\/\\\/clece.es\\\/pt\\\/politica-de-cookies\\\/\"]}]},{\"@type\":\"BreadcrumbList\",\"@id\":\"https:\\\/\\\/clece.es\\\/pt\\\/politica-de-cookies\\\/#breadcrumb\",\"itemListElement\":[{\"@type\":\"ListItem\",\"position\":1,\"name\":\"Portada\",\"item\":\"https:\\\/\\\/clece.es\\\/es\\\/\"},{\"@type\":\"ListItem\",\"position\":2,\"name\":\"Pol\u00edtica de cookies\"}]},{\"@type\":\"WebSite\",\"@id\":\"https:\\\/\\\/clece.es\\\/es\\\/#website\",\"url\":\"https:\\\/\\\/clece.es\\\/es\\\/\",\"name\":\"Clece\",\"description\":\"\",\"publisher\":{\"@id\":\"https:\\\/\\\/clece.es\\\/es\\\/#organization\"},\"potentialAction\":[{\"@type\":\"SearchAction\",\"target\":{\"@type\":\"EntryPoint\",\"urlTemplate\":\"https:\\\/\\\/clece.es\\\/es\\\/?s={search_term_string}\"},\"query-input\":{\"@type\":\"PropertyValueSpecification\",\"valueRequired\":true,\"valueName\":\"search_term_string\"}}],\"inLanguage\":\"pt\"},{\"@type\":\"Organization\",\"@id\":\"https:\\\/\\\/clece.es\\\/es\\\/#organization\",\"name\":\"Grupo Clece\",\"url\":\"https:\\\/\\\/clece.es\\\/es\\\/\",\"logo\":{\"@type\":\"ImageObject\",\"inLanguage\":\"pt\",\"@id\":\"https:\\\/\\\/clece.es\\\/es\\\/#\\\/schema\\\/logo\\\/image\\\/\",\"url\":\"https:\\\/\\\/sitio2.utopiasl.eu\\\/wp-content\\\/uploads\\\/2024\\\/10\\\/Logotipos_filiales_Clece_logotipo.png\",\"contentUrl\":\"https:\\\/\\\/sitio2.utopiasl.eu\\\/wp-content\\\/uploads\\\/2024\\\/10\\\/Logotipos_filiales_Clece_logotipo.png\",\"width\":5000,\"height\":5000,\"caption\":\"Grupo Clece\"},\"image\":{\"@id\":\"https:\\\/\\\/clece.es\\\/es\\\/#\\\/schema\\\/logo\\\/image\\\/\"},\"sameAs\":[\"https:\\\/\\\/www.facebook.com\\\/CleceSociedadAnonima\\\/\",\"https:\\\/\\\/x.com\\\/Clece_\",\"https:\\\/\\\/www.linkedin.com\\\/company\\\/clece-sa\\\/\"]}]}<\/script>\n<!-- \/ Yoast SEO plugin. -->","yoast_head_json":{"title":"Pol\u00edtica de cookies | Clece","description":"A nossa pol\u00edtica de cookies explica como e porque utilizamos cookies, bem como as suas op\u00e7\u00f5es de consentimento relativamente \u00e0 sua utiliza\u00e7\u00e3o pela Clece e pelas respetivas filiais.","robots":{"index":"index","follow":"follow","max-snippet":"max-snippet:-1","max-image-preview":"max-image-preview:large","max-video-preview":"max-video-preview:-1"},"canonical":"https:\/\/clece.es\/pt\/politica-de-cookies\/","og_locale":"pt_PT","og_type":"article","og_title":"Pol\u00edtica de cookies | Clece","og_description":"A nossa pol\u00edtica de cookies explica como e porque utilizamos cookies, bem como as suas op\u00e7\u00f5es de consentimento relativamente \u00e0 sua utiliza\u00e7\u00e3o pela Clece e pelas respetivas filiais.","og_url":"https:\/\/clece.es\/pt\/politica-de-cookies\/","og_site_name":"Clece","article_publisher":"https:\/\/www.facebook.com\/CleceSociedadAnonima\/","article_modified_time":"2025-02-05T10:40:52+00:00","twitter_card":"summary_large_image","twitter_site":"@Clece_","twitter_misc":{"Est. reading time":"3 minutes"},"schema":{"@context":"https:\/\/schema.org","@graph":[{"@type":"WebPage","@id":"https:\/\/clece.es\/pt\/politica-de-cookies\/","url":"https:\/\/clece.es\/pt\/politica-de-cookies\/","name":"Pol\u00edtica de cookies | Clece","isPartOf":{"@id":"https:\/\/clece.es\/es\/#website"},"datePublished":"2024-09-17T11:32:13+00:00","dateModified":"2025-02-05T10:40:52+00:00","description":"A nossa pol\u00edtica de cookies explica como e porque utilizamos cookies, bem como as suas op\u00e7\u00f5es de consentimento relativamente \u00e0 sua utiliza\u00e7\u00e3o pela Clece e pelas respetivas filiais.","breadcrumb":{"@id":"https:\/\/clece.es\/pt\/politica-de-cookies\/#breadcrumb"},"inLanguage":"pt","potentialAction":[{"@type":"ReadAction","target":["https:\/\/clece.es\/pt\/politica-de-cookies\/"]}]},{"@type":"BreadcrumbList","@id":"https:\/\/clece.es\/pt\/politica-de-cookies\/#breadcrumb","itemListElement":[{"@type":"ListItem","position":1,"name":"Portada","item":"https:\/\/clece.es\/es\/"},{"@type":"ListItem","position":2,"name":"Pol\u00edtica de cookies"}]},{"@type":"WebSite","@id":"https:\/\/clece.es\/es\/#website","url":"https:\/\/clece.es\/es\/","name":"Clece","description":"","publisher":{"@id":"https:\/\/clece.es\/es\/#organization"},"potentialAction":[{"@type":"SearchAction","target":{"@type":"EntryPoint","urlTemplate":"https:\/\/clece.es\/es\/?s={search_term_string}"},"query-input":{"@type":"PropertyValueSpecification","valueRequired":true,"valueName":"search_term_string"}}],"inLanguage":"pt"},{"@type":"Organization","@id":"https:\/\/clece.es\/es\/#organization","name":"Grupo Clece","url":"https:\/\/clece.es\/es\/","logo":{"@type":"ImageObject","inLanguage":"pt","@id":"https:\/\/clece.es\/es\/#\/schema\/logo\/image\/","url":"https:\/\/sitio2.utopiasl.eu\/wp-content\/uploads\/2024\/10\/Logotipos_filiales_Clece_logotipo.png","contentUrl":"https:\/\/sitio2.utopiasl.eu\/wp-content\/uploads\/2024\/10\/Logotipos_filiales_Clece_logotipo.png","width":5000,"height":5000,"caption":"Grupo Clece"},"image":{"@id":"https:\/\/clece.es\/es\/#\/schema\/logo\/image\/"},"sameAs":["https:\/\/www.facebook.com\/CleceSociedadAnonima\/","https:\/\/x.com\/Clece_","https:\/\/www.linkedin.com\/company\/clece-sa\/"]}]}},"_links":{"self":[{"href":"https:\/\/clece.es\/pt\/wp-json\/wp\/v2\/pages\/145233","targetHints":{"allow":["GET"]}}],"collection":[{"href":"https:\/\/clece.es\/pt\/wp-json\/wp\/v2\/pages"}],"about":[{"href":"https:\/\/clece.es\/pt\/wp-json\/wp\/v2\/types\/page"}],"author":[{"embeddable":true,"href":"https:\/\/clece.es\/pt\/wp-json\/wp\/v2\/users\/6"}],"replies":[{"embeddable":true,"href":"https:\/\/clece.es\/pt\/wp-json\/wp\/v2\/comments?post=145233"}],"version-history":[{"count":1,"href":"https:\/\/clece.es\/pt\/wp-json\/wp\/v2\/pages\/145233\/revisions"}],"predecessor-version":[{"id":147818,"href":"https:\/\/clece.es\/pt\/wp-json\/wp\/v2\/pages\/145233\/revisions\/147818"}],"wp:attachment":[{"href":"https:\/\/clece.es\/pt\/wp-json\/wp\/v2\/media?parent=145233"}],"curies":[{"name":"wp","href":"https:\/\/api.w.org\/{rel}","templated":true}]}}