{"id":145234,"date":"2024-09-17T11:32:04","date_gmt":"2024-09-17T11:32:04","guid":{"rendered":"https:\/\/sitio2.utopiasl.eu\/politica-de-privacidade\/"},"modified":"2025-08-21T07:47:59","modified_gmt":"2025-08-21T07:47:59","slug":"politica-de-privacidade","status":"publish","type":"page","link":"https:\/\/clece.es\/pt\/politica-de-privacidade\/","title":{"rendered":"Pol\u00edtica de privacidade"},"content":{"rendered":"\t\t<div data-elementor-type=\"wp-page\" data-elementor-id=\"145234\" class=\"elementor elementor-145234 elementor-177\" data-elementor-post-type=\"page\">\n\t\t\t\t<div class=\"elementor-element elementor-element-29c33de e-flex e-con-boxed e-con e-parent\" data-id=\"29c33de\" data-element_type=\"container\" data-e-type=\"container\">\n\t\t\t\t\t<div class=\"e-con-inner\">\n\t\t\t\t<div class=\"elementor-element elementor-element-f61667f elementor-widget elementor-widget-heading\" data-id=\"f61667f\" data-element_type=\"widget\" data-e-type=\"widget\" data-widget_type=\"heading.default\">\n\t\t\t\t<div class=\"elementor-widget-container\">\n\t\t\t\t\t<h2 class=\"elementor-heading-title elementor-size-default\">POL\u00cdTICA DE PRIVACIDADE<\/h2>\t\t\t\t<\/div>\n\t\t\t\t<\/div>\n\t\t\t\t\t<\/div>\n\t\t\t\t<\/div>\n\t\t<div class=\"elementor-element elementor-element-3f3324e e-flex e-con-boxed e-con e-parent\" data-id=\"3f3324e\" data-element_type=\"container\" data-e-type=\"container\">\n\t\t\t\t\t<div class=\"e-con-inner\">\n\t\t\t\t<div class=\"elementor-element elementor-element-e6cd495 elementor-widget elementor-widget-text-editor\" data-id=\"e6cd495\" data-element_type=\"widget\" data-e-type=\"widget\" data-widget_type=\"text-editor.default\">\n\t\t\t\t<div class=\"elementor-widget-container\">\n\t\t\t\t\t\t\t\t\t<p><strong>1. QUEM \u00c9 O RESPONS\u00c1VEL PELO TRATAMENTO DOS SEUS DADOS?<\/strong><\/p><table><tbody><tr><td>Denomina\u00e7\u00e3o social: CLECE, S.A.<\/td><\/tr><tr><td>CIF: A80364243<\/td><\/tr><tr><td><p>Endere\u00e7o Registrado:\u00a0Calle de Quintanavides, 19, Bloco 4 \u2013 Andares 1 e 2, 28050 Madrid, Espanha<\/p><\/td><\/tr><tr><td>Telefone: 91 745 91 00<\/td><\/tr><tr><td><p>E-mail do Encarregado de Prote\u00e7\u00e3o de Dados (DPO):\u00a0\u00a0<a href=\"mailto:rgpd-clece@clece.es\" target=\"_blank\" rel=\"noopener\">rgpd-clece@clece.es<\/a><\/p><\/td><\/tr><\/tbody><\/table>\t\t\t\t\t\t\t\t<\/div>\n\t\t\t\t<\/div>\n\t\t\t\t\t<\/div>\n\t\t\t\t<\/div>\n\t\t<div class=\"elementor-element elementor-element-5269a51 e-flex e-con-boxed e-con e-parent\" data-id=\"5269a51\" data-element_type=\"container\" data-e-type=\"container\">\n\t\t\t\t\t<div class=\"e-con-inner\">\n\t\t\t\t<div class=\"elementor-element elementor-element-878ff8e elementor-widget elementor-widget-text-editor\" data-id=\"878ff8e\" data-element_type=\"widget\" data-e-type=\"widget\" data-widget_type=\"text-editor.default\">\n\t\t\t\t<div class=\"elementor-widget-container\">\n\t\t\t\t\t\t\t\t\t<p><strong>2. <\/strong><strong>QUAL \u00c9 A FINALIDADE E A BASE LEGAL PARA O TRATAMENTO DOS SEUS DADOS PESSOAIS?<\/strong><\/p><p>Atrav\u00e9s deste site, recolhemos dados pessoais por meio do formul\u00e1rio de contato para as seguintes finalidades:<\/p><p><strong>Gest\u00e3o de pedidos de informa\u00e7\u00e3o e contato:<\/strong><\/p><ul><li>Recolher e gerir consultas relacionadas com os nossos servi\u00e7os.<\/li><li>Fornecer informa\u00e7\u00f5es sobre os servi\u00e7os com base na \u00e1rea geogr\u00e1fica selecionada.<\/li><li>Atender \u00e0s solicita\u00e7\u00f5es recebidas.<\/li><\/ul><p>A base legal para este tratamento \u00e9 a execu\u00e7\u00e3o de um contrato ou medidas pr\u00e9-contratuais, conforme previsto no Artigo 6(1)(b) do Regulamento Geral sobre a Prote\u00e7\u00e3o de Dados (RGPD), considerando-se o consentimento concedido quando voc\u00ea envia o formul\u00e1rio com os seus dados.<\/p><p><strong>Gest\u00e3o de sugest\u00f5es, reclama\u00e7\u00f5es e coment\u00e1rios:<\/strong><\/p><ul><li>Processar reclama\u00e7\u00f5es, sugest\u00f5es ou coment\u00e1rios submetidos atrav\u00e9s da se\u00e7\u00e3o correspondente.<\/li><li>Responder a solicita\u00e7\u00f5es relacionadas com a qualidade dos servi\u00e7os prestados.<\/li><\/ul><p>A base legal para este tratamento \u00e9 o cumprimento de obriga\u00e7\u00f5es contratuais ou pr\u00e9-contratuais nos termos do Artigo 6(1)(b) do RGPD, considerando-se o consentimento concedido quando voc\u00ea envia o formul\u00e1rio com os seus dados.<\/p><p>Caso voc\u00ea entre em contato conosco por outros meios (por exemplo, e-mail), processaremos os seus dados para atender \u00e0 sua solicita\u00e7\u00e3o e responder atrav\u00e9s do meio de contato fornecido. A base legal para esse tratamento \u00e9 o seu consentimento expl\u00edcito, considerado concedido ao recebermos o seu pedido por e-mail.<\/p>\t\t\t\t\t\t\t\t<\/div>\n\t\t\t\t<\/div>\n\t\t\t\t\t<\/div>\n\t\t\t\t<\/div>\n\t\t<div class=\"elementor-element elementor-element-7055bab e-flex e-con-boxed e-con e-parent\" data-id=\"7055bab\" data-element_type=\"container\" data-e-type=\"container\">\n\t\t\t\t\t<div class=\"e-con-inner\">\n\t\t\t\t<div class=\"elementor-element elementor-element-79a8ed1 elementor-widget elementor-widget-text-editor\" data-id=\"79a8ed1\" data-element_type=\"widget\" data-e-type=\"widget\" data-widget_type=\"text-editor.default\">\n\t\t\t\t<div class=\"elementor-widget-container\">\n\t\t\t\t\t\t\t\t\t<p><strong>3. QUE CATEGORIAS DE DADOS PESSOAIS TRATAMOS?<\/strong><\/p><p>Dependendo do uso que fizer do nosso site, poderemos processar as seguintes categorias de dados pessoais:<\/p><ul><li><strong>Dados de identifica\u00e7\u00e3o e contato:<\/strong>\u00a0Nome, sobrenome, endere\u00e7o de e-mail e telefone.<\/li><li><strong>Dados de localiza\u00e7\u00e3o:<\/strong>\u00a0Sele\u00e7\u00e3o da \u00e1rea geogr\u00e1fica.<\/li><li><strong>Dados de navega\u00e7\u00e3o:<\/strong>\u00a0Endere\u00e7o IP e padr\u00f5es de uso do site (Para mais informa\u00e7\u00f5es, consulte a nossa Pol\u00edtica de Cookies).<\/li><li><strong>Outros dados:<\/strong>\u00a0Informa\u00e7\u00f5es adicionais fornecidas pelo usu\u00e1rio no campo &#8220;Coment\u00e1rios&#8221; do formul\u00e1rio.<\/li><\/ul><p>Por favor, n\u00e3o envie dados pessoais sens\u00edveis ou informa\u00e7\u00f5es de terceiros sem o seu consentimento expl\u00edcito por meio do formul\u00e1rio web ou atrav\u00e9s de qualquer e-mail indicado neste site.<\/p>\t\t\t\t\t\t\t\t<\/div>\n\t\t\t\t<\/div>\n\t\t\t\t\t<\/div>\n\t\t\t\t<\/div>\n\t\t<div class=\"elementor-element elementor-element-d422cdf e-flex e-con-boxed e-con e-parent\" data-id=\"d422cdf\" data-element_type=\"container\" data-e-type=\"container\">\n\t\t\t\t\t<div class=\"e-con-inner\">\n\t\t\t\t<div class=\"elementor-element elementor-element-ac79945 elementor-widget elementor-widget-text-editor\" data-id=\"ac79945\" data-element_type=\"widget\" data-e-type=\"widget\" data-widget_type=\"text-editor.default\">\n\t\t\t\t<div class=\"elementor-widget-container\">\n\t\t\t\t\t\t\t\t\t<p><strong>4. <\/strong><strong>POR QUANTO TEMPO CONSERVAMOS OS SEUS DADOS PESSOAIS?<\/strong><\/p><p>Os dados pessoais ser\u00e3o conservados durante os seguintes per\u00edodos:<\/p><ul><li><strong>Gest\u00e3o de pedidos e consultas:<\/strong>\u00a0At\u00e9 que a consulta seja resolvida, e por um m\u00e1ximo de 12 meses.<\/li><li><strong>Sugest\u00f5es e reclama\u00e7\u00f5es:<\/strong>\u00a0Pelo tempo necess\u00e1rio para a resolu\u00e7\u00e3o da quest\u00e3o e at\u00e9 5 anos ap\u00f3s o processamento (prazo de prescri\u00e7\u00e3o para a\u00e7\u00f5es civis potenciais).<\/li><li><strong>Dados de navega\u00e7\u00e3o:<\/strong>\u00a0De acordo com as configura\u00e7\u00f5es de cookies (Para mais informa\u00e7\u00f5es, consulte a nossa Pol\u00edtica de Cookies).<\/li><\/ul>\t\t\t\t\t\t\t\t<\/div>\n\t\t\t\t<\/div>\n\t\t\t\t\t<\/div>\n\t\t\t\t<\/div>\n\t\t<div class=\"elementor-element elementor-element-8167ccf e-flex e-con-boxed e-con e-parent\" data-id=\"8167ccf\" data-element_type=\"container\" data-e-type=\"container\">\n\t\t\t\t\t<div class=\"e-con-inner\">\n\t\t\t\t<div class=\"elementor-element elementor-element-7aeba52 elementor-widget elementor-widget-text-editor\" data-id=\"7aeba52\" data-element_type=\"widget\" data-e-type=\"widget\" data-widget_type=\"text-editor.default\">\n\t\t\t\t<div class=\"elementor-widget-container\">\n\t\t\t\t\t\t\t\t\t<p><strong>5. <\/strong><strong>COM QUEM PARTILHAMOS OS SEUS DADOS PESSOAIS?<\/strong><\/p><p>N\u00e3o compartilharemos os seus dados pessoais com terceiros fora do Grupo CLECE, exceto quando for necess\u00e1rio por obriga\u00e7\u00e3o legal ou para a presta\u00e7\u00e3o de servi\u00e7os por meio de fornecedores contratados, tais como:<\/p><ul><li><strong>Fornecedores tecnol\u00f3gicos:<\/strong>\u00a0Plataformas de hospedagem e manuten\u00e7\u00e3o de sites.<\/li><li><strong>Autoridades e \u00f3rg\u00e3os p\u00fablicos:<\/strong>\u00a0Quando exigido por lei.<\/li><\/ul><p>Para servi\u00e7os com fornecedores localizados fora do Espa\u00e7o Econ\u00f3mico Europeu (EEE), garantimos que s\u00e3o implementadas as garantias adequadas para a prote\u00e7\u00e3o de dados pessoais.<\/p><p>Al\u00e9m disso, a nossa empresa est\u00e1 presente em redes sociais (Facebook, Twitter, YouTube, LinkedIn). Ao interagir com os nossos perfis, recomendamos que consulte as suas pol\u00edticas de privacidade.<\/p>\t\t\t\t\t\t\t\t<\/div>\n\t\t\t\t<\/div>\n\t\t\t\t\t<\/div>\n\t\t\t\t<\/div>\n\t\t<div class=\"elementor-element elementor-element-1d5ff9e e-flex e-con-boxed e-con e-parent\" data-id=\"1d5ff9e\" data-element_type=\"container\" data-e-type=\"container\">\n\t\t\t\t\t<div class=\"e-con-inner\">\n\t\t\t\t<div class=\"elementor-element elementor-element-958f8d0 elementor-widget elementor-widget-text-editor\" data-id=\"958f8d0\" data-element_type=\"widget\" data-e-type=\"widget\" data-widget_type=\"text-editor.default\">\n\t\t\t\t<div class=\"elementor-widget-container\">\n\t\t\t\t\t\t\t\t\t<p><strong>6. <\/strong><strong>COMO PROTEGEMOS OS SEUS DADOS PESSOAIS?<\/strong><\/p><p>Aplicamos medidas t\u00e9cnicas e organizacionais apropriadas para garantir a seguran\u00e7a dos seus dados pessoais, prevenindo acessos n\u00e3o autorizados, perda ou altera\u00e7\u00e3o.<\/p>\t\t\t\t\t\t\t\t<\/div>\n\t\t\t\t<\/div>\n\t\t\t\t\t<\/div>\n\t\t\t\t<\/div>\n\t\t<div class=\"elementor-element elementor-element-2ae063e e-flex e-con-boxed e-con e-parent\" data-id=\"2ae063e\" data-element_type=\"container\" data-e-type=\"container\">\n\t\t\t\t\t<div class=\"e-con-inner\">\n\t\t\t\t<div class=\"elementor-element elementor-element-54ed880 elementor-widget elementor-widget-text-editor\" data-id=\"54ed880\" data-element_type=\"widget\" data-e-type=\"widget\" data-widget_type=\"text-editor.default\">\n\t\t\t\t<div class=\"elementor-widget-container\">\n\t\t\t\t\t\t\t\t\t<p><strong>7. <\/strong><strong>QUAIS S\u00c3O OS SEUS DIREITOS E COMO PODE EXERC\u00ca-LOS?<\/strong><\/p><p>Voc\u00ea tem o direito de:<\/p><ol><li style=\"list-style-type: none;\"><ul><li><strong>Acessar:<\/strong>\u00a0Obter confirma\u00e7\u00e3o sobre se estamos processando os seus dados pessoais e ter acesso a eles.<\/li><\/ul><\/li><\/ol><ol><li style=\"list-style-type: none;\"><ul><li><strong>Retifica\u00e7\u00e3o:<\/strong>\u00a0Solicitar a corre\u00e7\u00e3o de dados incorretos ou incompletos.<\/li><\/ul><\/li><\/ol><ol><li style=\"list-style-type: none;\"><ul><li><strong>Elimina\u00e7\u00e3o (Direito ao Esquecimento):<\/strong>\u00a0Solicitar a exclus\u00e3o dos seus dados pessoais quando n\u00e3o forem mais necess\u00e1rios para os fins para os quais foram coletados.<\/li><\/ul><\/li><\/ol><ol><li style=\"list-style-type: none;\"><ul><li><strong>Limita\u00e7\u00e3o do Tratamento:<\/strong>\u00a0Restringir o processamento dos seus dados em determinadas circunst\u00e2ncias.<\/li><\/ul><\/li><\/ol><ol><li style=\"list-style-type: none;\"><ul><li><strong>Oposi\u00e7\u00e3o:<\/strong>\u00a0Opor-se ao tratamento dos seus dados para finalidades espec\u00edficas.<\/li><\/ul><\/li><\/ol><ol><li style=\"list-style-type: none;\"><ul><li><strong>Portabilidade dos Dados:<\/strong>\u00a0Receber os seus dados em um formato estruturado, de uso comum e leg\u00edvel por m\u00e1quina ou solicitar a sua transfer\u00eancia para outro respons\u00e1vel.<\/li><\/ul><\/li><\/ol><p>Para exercer esses direitos, envie um e-mail para\u00a0<a href=\"mailto:rgpd-clece@clece.es\" target=\"_blank\" rel=\"noopener\">rgpd-clece@clece.es<\/a>\u00a0com o assunto &#8220;Exerc\u00edcio de Direitos de Prote\u00e7\u00e3o de Dados&#8221;.<\/p><p>Se considerar que os seus direitos n\u00e3o foram devidamente atendidos, poder\u00e1 apresentar uma reclama\u00e7\u00e3o junto \u00e0 Ag\u00eancia Espanhola de Prote\u00e7\u00e3o de Dados (AEPD) (C\/ Jorge Juan, 6, 28001 Madrid ou\u00a0<a href=\"http:\/\/www.aepd.es\" target=\"_blank\" rel=\"noopener\">www.aepd.es<\/a>).<\/p><p>Se voc\u00ea \u00e9 um cidad\u00e3o portugu\u00eas, poder\u00e1 apresentar uma reclama\u00e7\u00e3o \u00e0 autoridade de controle portuguesa (Comiss\u00e3o Nacional de Prote\u00e7\u00e3o de Dados), atrav\u00e9s do site\u00a0www.cnpd.pt\u00a0ou pelo endere\u00e7o postal Av. D. Carlos I, 134, 1\u00ba 1200-651 Lisboa, Portugal.<\/p>\t\t\t\t\t\t\t\t<\/div>\n\t\t\t\t<\/div>\n\t\t\t\t\t<\/div>\n\t\t\t\t<\/div>\n\t\t<div class=\"elementor-element elementor-element-0ecb382 e-flex e-con-boxed e-con e-parent\" data-id=\"0ecb382\" data-element_type=\"container\" data-e-type=\"container\">\n\t\t\t\t\t<div class=\"e-con-inner\">\n\t\t\t\t<div class=\"elementor-element elementor-element-e01200f elementor-widget elementor-widget-text-editor\" data-id=\"e01200f\" data-element_type=\"widget\" data-e-type=\"widget\" data-widget_type=\"text-editor.default\">\n\t\t\t\t<div class=\"elementor-widget-container\">\n\t\t\t\t\t\t\t\t\t<p><strong>8. <\/strong><strong>ATUALIZA\u00c7\u00d5ES DESTA POL\u00cdTICA<\/strong><\/p><p>A empresa poder\u00e1 atualizar esta pol\u00edtica de privacidade em fun\u00e7\u00e3o de altera\u00e7\u00f5es legais ou mudan\u00e7as nas suas pr\u00e1ticas de tratamento de dados. Recomendamos que a consulte periodicamente<\/p>\t\t\t\t\t\t\t\t<\/div>\n\t\t\t\t<\/div>\n\t\t\t\t\t<\/div>\n\t\t\t\t<\/div>\n\t\t\t\t<\/div>\n\t\t","protected":false},"excerpt":{"rendered":"<p>POL\u00cdTICA DE PRIVACIDADE 1. QUEM \u00c9 O RESPONS\u00c1VEL PELO TRATAMENTO DOS SEUS DADOS? Denomina\u00e7\u00e3o social: CLECE, S.A. CIF: A80364243 Endere\u00e7o Registrado:\u00a0Calle de Quintanavides, 19, Bloco 4 \u2013 Andares 1 e 2, 28050 Madrid, Espanha Telefone: 91 745 91 00 E-mail do Encarregado de Prote\u00e7\u00e3o de Dados (DPO):\u00a0\u00a0rgpd-clece@clece.es 2. QUAL \u00c9 A FINALIDADE E A BASE [&hellip;]<\/p>\n","protected":false},"author":6,"featured_media":0,"parent":0,"menu_order":0,"comment_status":"closed","ping_status":"closed","template":"","meta":{"_acf_changed":false,"footnotes":""},"class_list":["post-145234","page","type-page","status-publish","hentry"],"acf":[],"yoast_head":"<!-- This site is optimized with the Yoast SEO plugin v27.3 - https:\/\/yoast.com\/product\/yoast-seo-wordpress\/ -->\n<title>Pol\u00edtica de privacidade | Clece<\/title>\n<meta name=\"description\" content=\"Fique a conhecer a nossa pol\u00edtica de privacidade, a qual aplica medidas rigorosas de seguran\u00e7a e de confidencialidade. A\u00ed consta como gerimos a sua informa\u00e7\u00e3o na Clece e nas respetivas filiais.\" \/>\n<meta name=\"robots\" content=\"index, follow, max-snippet:-1, max-image-preview:large, max-video-preview:-1\" \/>\n<link rel=\"canonical\" href=\"https:\/\/clece.es\/pt\/politica-de-privacidade\/\" \/>\n<meta property=\"og:locale\" content=\"pt_PT\" \/>\n<meta property=\"og:type\" content=\"article\" \/>\n<meta property=\"og:title\" content=\"Pol\u00edtica de privacidade | Clece\" \/>\n<meta property=\"og:description\" content=\"Fique a conhecer a nossa pol\u00edtica de privacidade, a qual aplica medidas rigorosas de seguran\u00e7a e de confidencialidade. A\u00ed consta como gerimos a sua informa\u00e7\u00e3o na Clece e nas respetivas filiais.\" \/>\n<meta property=\"og:url\" content=\"https:\/\/clece.es\/pt\/politica-de-privacidade\/\" \/>\n<meta property=\"og:site_name\" content=\"Clece\" \/>\n<meta property=\"article:publisher\" content=\"https:\/\/www.facebook.com\/CleceSociedadAnonima\/\" \/>\n<meta property=\"article:modified_time\" content=\"2025-08-21T07:47:59+00:00\" \/>\n<meta name=\"twitter:card\" content=\"summary_large_image\" \/>\n<meta name=\"twitter:site\" content=\"@Clece_\" \/>\n<meta name=\"twitter:label1\" content=\"Est. reading time\" \/>\n\t<meta name=\"twitter:data1\" content=\"5 minutes\" \/>\n<script type=\"application\/ld+json\" class=\"yoast-schema-graph\">{\"@context\":\"https:\\\/\\\/schema.org\",\"@graph\":[{\"@type\":\"WebPage\",\"@id\":\"https:\\\/\\\/clece.es\\\/pt\\\/politica-de-privacidade\\\/\",\"url\":\"https:\\\/\\\/clece.es\\\/pt\\\/politica-de-privacidade\\\/\",\"name\":\"Pol\u00edtica de privacidade | Clece\",\"isPartOf\":{\"@id\":\"https:\\\/\\\/clece.es\\\/es\\\/#website\"},\"datePublished\":\"2024-09-17T11:32:04+00:00\",\"dateModified\":\"2025-08-21T07:47:59+00:00\",\"description\":\"Fique a conhecer a nossa pol\u00edtica de privacidade, a qual aplica medidas rigorosas de seguran\u00e7a e de confidencialidade. A\u00ed consta como gerimos a sua informa\u00e7\u00e3o na Clece e nas respetivas filiais.\",\"breadcrumb\":{\"@id\":\"https:\\\/\\\/clece.es\\\/pt\\\/politica-de-privacidade\\\/#breadcrumb\"},\"inLanguage\":\"pt\",\"potentialAction\":[{\"@type\":\"ReadAction\",\"target\":[\"https:\\\/\\\/clece.es\\\/pt\\\/politica-de-privacidade\\\/\"]}]},{\"@type\":\"BreadcrumbList\",\"@id\":\"https:\\\/\\\/clece.es\\\/pt\\\/politica-de-privacidade\\\/#breadcrumb\",\"itemListElement\":[{\"@type\":\"ListItem\",\"position\":1,\"name\":\"Portada\",\"item\":\"https:\\\/\\\/clece.es\\\/es\\\/\"},{\"@type\":\"ListItem\",\"position\":2,\"name\":\"Pol\u00edtica de privacidade\"}]},{\"@type\":\"WebSite\",\"@id\":\"https:\\\/\\\/clece.es\\\/es\\\/#website\",\"url\":\"https:\\\/\\\/clece.es\\\/es\\\/\",\"name\":\"Clece\",\"description\":\"\",\"publisher\":{\"@id\":\"https:\\\/\\\/clece.es\\\/es\\\/#organization\"},\"potentialAction\":[{\"@type\":\"SearchAction\",\"target\":{\"@type\":\"EntryPoint\",\"urlTemplate\":\"https:\\\/\\\/clece.es\\\/es\\\/?s={search_term_string}\"},\"query-input\":{\"@type\":\"PropertyValueSpecification\",\"valueRequired\":true,\"valueName\":\"search_term_string\"}}],\"inLanguage\":\"pt\"},{\"@type\":\"Organization\",\"@id\":\"https:\\\/\\\/clece.es\\\/es\\\/#organization\",\"name\":\"Grupo Clece\",\"url\":\"https:\\\/\\\/clece.es\\\/es\\\/\",\"logo\":{\"@type\":\"ImageObject\",\"inLanguage\":\"pt\",\"@id\":\"https:\\\/\\\/clece.es\\\/es\\\/#\\\/schema\\\/logo\\\/image\\\/\",\"url\":\"https:\\\/\\\/sitio2.utopiasl.eu\\\/wp-content\\\/uploads\\\/2024\\\/10\\\/Logotipos_filiales_Clece_logotipo.png\",\"contentUrl\":\"https:\\\/\\\/sitio2.utopiasl.eu\\\/wp-content\\\/uploads\\\/2024\\\/10\\\/Logotipos_filiales_Clece_logotipo.png\",\"width\":5000,\"height\":5000,\"caption\":\"Grupo Clece\"},\"image\":{\"@id\":\"https:\\\/\\\/clece.es\\\/es\\\/#\\\/schema\\\/logo\\\/image\\\/\"},\"sameAs\":[\"https:\\\/\\\/www.facebook.com\\\/CleceSociedadAnonima\\\/\",\"https:\\\/\\\/x.com\\\/Clece_\",\"https:\\\/\\\/www.linkedin.com\\\/company\\\/clece-sa\\\/\"]}]}<\/script>\n<!-- \/ Yoast SEO plugin. -->","yoast_head_json":{"title":"Pol\u00edtica de privacidade | Clece","description":"Fique a conhecer a nossa pol\u00edtica de privacidade, a qual aplica medidas rigorosas de seguran\u00e7a e de confidencialidade. A\u00ed consta como gerimos a sua informa\u00e7\u00e3o na Clece e nas respetivas filiais.","robots":{"index":"index","follow":"follow","max-snippet":"max-snippet:-1","max-image-preview":"max-image-preview:large","max-video-preview":"max-video-preview:-1"},"canonical":"https:\/\/clece.es\/pt\/politica-de-privacidade\/","og_locale":"pt_PT","og_type":"article","og_title":"Pol\u00edtica de privacidade | Clece","og_description":"Fique a conhecer a nossa pol\u00edtica de privacidade, a qual aplica medidas rigorosas de seguran\u00e7a e de confidencialidade. A\u00ed consta como gerimos a sua informa\u00e7\u00e3o na Clece e nas respetivas filiais.","og_url":"https:\/\/clece.es\/pt\/politica-de-privacidade\/","og_site_name":"Clece","article_publisher":"https:\/\/www.facebook.com\/CleceSociedadAnonima\/","article_modified_time":"2025-08-21T07:47:59+00:00","twitter_card":"summary_large_image","twitter_site":"@Clece_","twitter_misc":{"Est. reading time":"5 minutes"},"schema":{"@context":"https:\/\/schema.org","@graph":[{"@type":"WebPage","@id":"https:\/\/clece.es\/pt\/politica-de-privacidade\/","url":"https:\/\/clece.es\/pt\/politica-de-privacidade\/","name":"Pol\u00edtica de privacidade | Clece","isPartOf":{"@id":"https:\/\/clece.es\/es\/#website"},"datePublished":"2024-09-17T11:32:04+00:00","dateModified":"2025-08-21T07:47:59+00:00","description":"Fique a conhecer a nossa pol\u00edtica de privacidade, a qual aplica medidas rigorosas de seguran\u00e7a e de confidencialidade. A\u00ed consta como gerimos a sua informa\u00e7\u00e3o na Clece e nas respetivas filiais.","breadcrumb":{"@id":"https:\/\/clece.es\/pt\/politica-de-privacidade\/#breadcrumb"},"inLanguage":"pt","potentialAction":[{"@type":"ReadAction","target":["https:\/\/clece.es\/pt\/politica-de-privacidade\/"]}]},{"@type":"BreadcrumbList","@id":"https:\/\/clece.es\/pt\/politica-de-privacidade\/#breadcrumb","itemListElement":[{"@type":"ListItem","position":1,"name":"Portada","item":"https:\/\/clece.es\/es\/"},{"@type":"ListItem","position":2,"name":"Pol\u00edtica de privacidade"}]},{"@type":"WebSite","@id":"https:\/\/clece.es\/es\/#website","url":"https:\/\/clece.es\/es\/","name":"Clece","description":"","publisher":{"@id":"https:\/\/clece.es\/es\/#organization"},"potentialAction":[{"@type":"SearchAction","target":{"@type":"EntryPoint","urlTemplate":"https:\/\/clece.es\/es\/?s={search_term_string}"},"query-input":{"@type":"PropertyValueSpecification","valueRequired":true,"valueName":"search_term_string"}}],"inLanguage":"pt"},{"@type":"Organization","@id":"https:\/\/clece.es\/es\/#organization","name":"Grupo Clece","url":"https:\/\/clece.es\/es\/","logo":{"@type":"ImageObject","inLanguage":"pt","@id":"https:\/\/clece.es\/es\/#\/schema\/logo\/image\/","url":"https:\/\/sitio2.utopiasl.eu\/wp-content\/uploads\/2024\/10\/Logotipos_filiales_Clece_logotipo.png","contentUrl":"https:\/\/sitio2.utopiasl.eu\/wp-content\/uploads\/2024\/10\/Logotipos_filiales_Clece_logotipo.png","width":5000,"height":5000,"caption":"Grupo Clece"},"image":{"@id":"https:\/\/clece.es\/es\/#\/schema\/logo\/image\/"},"sameAs":["https:\/\/www.facebook.com\/CleceSociedadAnonima\/","https:\/\/x.com\/Clece_","https:\/\/www.linkedin.com\/company\/clece-sa\/"]}]}},"_links":{"self":[{"href":"https:\/\/clece.es\/pt\/wp-json\/wp\/v2\/pages\/145234","targetHints":{"allow":["GET"]}}],"collection":[{"href":"https:\/\/clece.es\/pt\/wp-json\/wp\/v2\/pages"}],"about":[{"href":"https:\/\/clece.es\/pt\/wp-json\/wp\/v2\/types\/page"}],"author":[{"embeddable":true,"href":"https:\/\/clece.es\/pt\/wp-json\/wp\/v2\/users\/6"}],"replies":[{"embeddable":true,"href":"https:\/\/clece.es\/pt\/wp-json\/wp\/v2\/comments?post=145234"}],"version-history":[{"count":4,"href":"https:\/\/clece.es\/pt\/wp-json\/wp\/v2\/pages\/145234\/revisions"}],"predecessor-version":[{"id":148739,"href":"https:\/\/clece.es\/pt\/wp-json\/wp\/v2\/pages\/145234\/revisions\/148739"}],"wp:attachment":[{"href":"https:\/\/clece.es\/pt\/wp-json\/wp\/v2\/media?parent=145234"}],"curies":[{"name":"wp","href":"https:\/\/api.w.org\/{rel}","templated":true}]}}