{"id":145238,"date":"2024-09-17T10:13:44","date_gmt":"2024-09-17T10:13:44","guid":{"rendered":"https:\/\/sitio2.utopiasl.eu\/sustentabilidade\/"},"modified":"2025-02-05T09:13:28","modified_gmt":"2025-02-05T09:13:28","slug":"sustentabilidade","status":"publish","type":"page","link":"https:\/\/clece.es\/pt\/sustentabilidade\/","title":{"rendered":"Sustentabilidade"},"content":{"rendered":"\t\t<div data-elementor-type=\"wp-page\" data-elementor-id=\"145238\" class=\"elementor elementor-145238 elementor-75\" data-elementor-post-type=\"page\">\n\t\t\t\t<div class=\"elementor-element elementor-element-977d438 e-con-full e-flex e-con e-parent\" data-id=\"977d438\" data-element_type=\"container\" data-e-type=\"container\" data-settings=\"{&quot;background_background&quot;:&quot;classic&quot;}\">\n\t\t<div class=\"elementor-element elementor-element-e97c184 e-con-full e-flex e-con e-child\" data-id=\"e97c184\" data-element_type=\"container\" data-e-type=\"container\">\n\t\t<div class=\"elementor-element elementor-element-b92cd18 e-con-full e-flex e-con e-child\" data-id=\"b92cd18\" data-element_type=\"container\" data-e-type=\"container\">\n\t\t\t\t<div class=\"elementor-element elementor-element-851253a elementor-widget elementor-widget-heading\" data-id=\"851253a\" data-element_type=\"widget\" data-e-type=\"widget\" data-widget_type=\"heading.default\">\n\t\t\t\t<div class=\"elementor-widget-container\">\n\t\t\t\t\t<h2 class=\"elementor-heading-title elementor-size-default\">Sustentabilidade<\/h2>\t\t\t\t<\/div>\n\t\t\t\t<\/div>\n\t\t\t\t<div class=\"elementor-element elementor-element-d8aa17c elementor-widget elementor-widget-heading\" data-id=\"d8aa17c\" data-element_type=\"widget\" data-e-type=\"widget\" data-widget_type=\"heading.default\">\n\t\t\t\t<div class=\"elementor-widget-container\">\n\t\t\t\t\t<h2 class=\"elementor-heading-title elementor-size-default\">Unimos for\u00e7as para promover o desenvolvimento sustent\u00e1vel<\/h2>\t\t\t\t<\/div>\n\t\t\t\t<\/div>\n\t\t\t\t<div class=\"elementor-element elementor-element-8d25f3a elementor-widget elementor-widget-text-editor\" data-id=\"8d25f3a\" data-element_type=\"widget\" data-e-type=\"widget\" data-widget_type=\"text-editor.default\">\n\t\t\t\t<div class=\"elementor-widget-container\">\n\t\t\t\t\t\t\t\t\t<p>Na Clece interpretamos o nosso compromisso com o progresso sustent\u00e1vel como um valor inerente da nossa cultura empresarial. Neste sentido, desenvolvemos todas as nossas atividades di\u00e1rias sob um modelo de gest\u00e3o que se orienta por crit\u00e9rios de sustentabilidade ASG (Ambiental, Social e Governan\u00e7a), contribuindo para a realiza\u00e7\u00e3o dos Objetivos de Desenvolvimento Sustent\u00e1vel das Na\u00e7\u00f5es Unidas.<\/p>\t\t\t\t\t\t\t\t<\/div>\n\t\t\t\t<\/div>\n\t\t\t\t<\/div>\n\t\t\t\t<\/div>\n\t\t<div class=\"elementor-element elementor-element-c3fb012 e-con-full e-flex e-con e-child\" data-id=\"c3fb012\" data-element_type=\"container\" data-e-type=\"container\" data-settings=\"{&quot;background_background&quot;:&quot;classic&quot;}\">\n\t\t\t\t<\/div>\n\t\t\t\t<\/div>\n\t\t<div class=\"elementor-element elementor-element-c64cf17 e-grid e-con-boxed e-con e-parent\" data-id=\"c64cf17\" data-element_type=\"container\" data-e-type=\"container\">\n\t\t\t\t\t<div class=\"e-con-inner\">\n\t\t<div class=\"elementor-element elementor-element-77f38e1 e-con-full e-flex e-con e-child\" data-id=\"77f38e1\" data-element_type=\"container\" data-e-type=\"container\" data-settings=\"{&quot;background_background&quot;:&quot;classic&quot;}\">\n\t\t<div class=\"elementor-element elementor-element-3601f10 e-con-full e-flex e-con e-child\" data-id=\"3601f10\" data-element_type=\"container\" data-e-type=\"container\" data-settings=\"{&quot;background_background&quot;:&quot;classic&quot;}\">\n\t\t\t\t<\/div>\n\t\t<div class=\"elementor-element elementor-element-2b6adad e-con-full e-flex e-con e-child\" data-id=\"2b6adad\" data-element_type=\"container\" data-e-type=\"container\">\n\t\t\t\t<div class=\"elementor-element elementor-element-6fec34e elementor-widget elementor-widget-heading\" data-id=\"6fec34e\" data-element_type=\"widget\" data-e-type=\"widget\" data-widget_type=\"heading.default\">\n\t\t\t\t<div class=\"elementor-widget-container\">\n\t\t\t\t\t<h2 class=\"elementor-heading-title elementor-size-default\">Sustentabilidade ambiental<\/h2>\t\t\t\t<\/div>\n\t\t\t\t<\/div>\n\t\t\t\t<div class=\"elementor-element elementor-element-f893ffc elementor-widget elementor-widget-button-arrow-widget\" data-id=\"f893ffc\" data-element_type=\"widget\" data-e-type=\"widget\" data-widget_type=\"button-arrow-widget.default\">\n\t\t\t\t<div class=\"elementor-widget-container\">\n\t\t\t\t\t\n        <div class=\"button-arrow-widget-container widget-69dceb6361014\">\n            <a\n                href=\"\/pt\/sustentabilidade\/ambiental\/\"\n                class=\"button-arrow\"\n                href=\"\/pt\/sustentabilidade\/ambiental\/\">\n                <div class=\"btn-icon\">\n                                    <\/div>\n                <span class=\"btn-text\">Ver mais<\/span>\n                <div class=\"icon\"><\/div>\n            <\/a>\n        <\/div>\n\n\t\t\t\t<\/div>\n\t\t\t\t<\/div>\n\t\t\t\t<\/div>\n\t\t\t\t<\/div>\n\t\t<div class=\"elementor-element elementor-element-f1d28cf e-con-full e-flex e-con e-child\" data-id=\"f1d28cf\" data-element_type=\"container\" data-e-type=\"container\" data-settings=\"{&quot;background_background&quot;:&quot;classic&quot;}\">\n\t\t<div class=\"elementor-element elementor-element-c0d57d9 e-con-full e-flex e-con e-child\" data-id=\"c0d57d9\" data-element_type=\"container\" data-e-type=\"container\" data-settings=\"{&quot;background_background&quot;:&quot;classic&quot;}\">\n\t\t\t\t<\/div>\n\t\t<div class=\"elementor-element elementor-element-c4f04be e-con-full e-flex e-con e-child\" data-id=\"c4f04be\" data-element_type=\"container\" data-e-type=\"container\">\n\t\t\t\t<div class=\"elementor-element elementor-element-fb8a03f elementor-widget elementor-widget-heading\" data-id=\"fb8a03f\" data-element_type=\"widget\" data-e-type=\"widget\" data-widget_type=\"heading.default\">\n\t\t\t\t<div class=\"elementor-widget-container\">\n\t\t\t\t\t<h2 class=\"elementor-heading-title elementor-size-default\">Sustentabilidade social<\/h2>\t\t\t\t<\/div>\n\t\t\t\t<\/div>\n\t\t\t\t<div class=\"elementor-element elementor-element-ef61e7a elementor-widget elementor-widget-button-arrow-widget\" data-id=\"ef61e7a\" data-element_type=\"widget\" data-e-type=\"widget\" data-widget_type=\"button-arrow-widget.default\">\n\t\t\t\t<div class=\"elementor-widget-container\">\n\t\t\t\t\t\n        <div class=\"button-arrow-widget-container widget-69dceb63617b4\">\n            <a\n                href=\"\/pt\/sustentabilidade\/social\/\"\n                class=\"button-arrow\"\n                href=\"\/pt\/sustentabilidade\/social\/\">\n                <div class=\"btn-icon\">\n                                    <\/div>\n                <span class=\"btn-text\">Ver mais<\/span>\n                <div class=\"icon\"><\/div>\n            <\/a>\n        <\/div>\n\n\t\t\t\t<\/div>\n\t\t\t\t<\/div>\n\t\t\t\t<\/div>\n\t\t\t\t<\/div>\n\t\t<div class=\"elementor-element elementor-element-873c512 e-con-full e-flex e-con e-child\" data-id=\"873c512\" data-element_type=\"container\" data-e-type=\"container\" data-settings=\"{&quot;background_background&quot;:&quot;classic&quot;}\">\n\t\t<div class=\"elementor-element elementor-element-ac76a58 e-con-full e-flex e-con e-child\" data-id=\"ac76a58\" data-element_type=\"container\" data-e-type=\"container\" data-settings=\"{&quot;background_background&quot;:&quot;classic&quot;}\">\n\t\t\t\t<\/div>\n\t\t<div class=\"elementor-element elementor-element-ca9025c e-con-full e-flex e-con e-child\" data-id=\"ca9025c\" data-element_type=\"container\" data-e-type=\"container\">\n\t\t\t\t<div class=\"elementor-element elementor-element-0d6b56d elementor-widget elementor-widget-heading\" data-id=\"0d6b56d\" data-element_type=\"widget\" data-e-type=\"widget\" data-widget_type=\"heading.default\">\n\t\t\t\t<div class=\"elementor-widget-container\">\n\t\t\t\t\t<h2 class=\"elementor-heading-title elementor-size-default\">Sustentabilidade de boa governa\u00e7\u00e3o<\/h2>\t\t\t\t<\/div>\n\t\t\t\t<\/div>\n\t\t\t\t<div class=\"elementor-element elementor-element-0fbaa19 elementor-widget elementor-widget-button-arrow-widget\" data-id=\"0fbaa19\" data-element_type=\"widget\" data-e-type=\"widget\" data-widget_type=\"button-arrow-widget.default\">\n\t\t\t\t<div class=\"elementor-widget-container\">\n\t\t\t\t\t\n        <div class=\"button-arrow-widget-container widget-69dceb6361fbc\">\n            <a\n                href=\"\/pt\/sustentabilidade\/boa-governacao\/\"\n                class=\"button-arrow\"\n                href=\"\/pt\/sustentabilidade\/boa-governacao\/\">\n                <div class=\"btn-icon\">\n                                    <\/div>\n                <span class=\"btn-text\">Ver mais<\/span>\n                <div class=\"icon\"><\/div>\n            <\/a>\n        <\/div>\n\n\t\t\t\t<\/div>\n\t\t\t\t<\/div>\n\t\t\t\t<\/div>\n\t\t\t\t<\/div>\n\t\t\t\t\t<\/div>\n\t\t\t\t<\/div>\n\t\t<div class=\"elementor-element elementor-element-f434230 e-flex e-con-boxed e-con e-parent\" data-id=\"f434230\" data-element_type=\"container\" data-e-type=\"container\" data-settings=\"{&quot;background_background&quot;:&quot;classic&quot;}\">\n\t\t\t\t\t<div class=\"e-con-inner\">\n\t\t\t\t<div class=\"elementor-element elementor-element-72f5619 elementor-widget elementor-widget-heading\" data-id=\"72f5619\" data-element_type=\"widget\" data-e-type=\"widget\" data-widget_type=\"heading.default\">\n\t\t\t\t<div class=\"elementor-widget-container\">\n\t\t\t\t\t<h2 class=\"elementor-heading-title elementor-size-default\">Pol\u00edtica de sustentabilidade da Clece<\/h2>\t\t\t\t<\/div>\n\t\t\t\t<\/div>\n\t\t\t\t<div class=\"elementor-element elementor-element-62a5586 elementor-widget elementor-widget-button-arrow-widget\" data-id=\"62a5586\" data-element_type=\"widget\" data-e-type=\"widget\" data-widget_type=\"button-arrow-widget.default\">\n\t\t\t\t<div class=\"elementor-widget-container\">\n\t\t\t\t\t\n        <div class=\"button-arrow-widget-container widget-69dceb6362701\">\n            <a\n                href=\"\/wp-content\/uploads\/2024\/11\/DA-POLITICA-SOSTENIBILIDAD-CLECEF-JL23-V01_-.pdf\"\n                class=\"button-arrow\"\n                href=\"\/wp-content\/uploads\/2024\/11\/DA-POLITICA-SOSTENIBILIDAD-CLECEF-JL23-V01_-.pdf\">\n                <div class=\"btn-icon\">\n                    <svg aria-hidden=\"true\" class=\"e-font-icon-svg e-far-file-alt\" viewBox=\"0 0 384 512\" xmlns=\"http:\/\/www.w3.org\/2000\/svg\"><path d=\"M288 248v28c0 6.6-5.4 12-12 12H108c-6.6 0-12-5.4-12-12v-28c0-6.6 5.4-12 12-12h168c6.6 0 12 5.4 12 12zm-12 72H108c-6.6 0-12 5.4-12 12v28c0 6.6 5.4 12 12 12h168c6.6 0 12-5.4 12-12v-28c0-6.6-5.4-12-12-12zm108-188.1V464c0 26.5-21.5 48-48 48H48c-26.5 0-48-21.5-48-48V48C0 21.5 21.5 0 48 0h204.1C264.8 0 277 5.1 286 14.1L369.9 98c9 8.9 14.1 21.2 14.1 33.9zm-128-80V128h76.1L256 51.9zM336 464V176H232c-13.3 0-24-10.7-24-24V48H48v416h288z\"><\/path><\/svg>                <\/div>\n                <span class=\"btn-text\">Ver pol\u00edtica<\/span>\n                <div class=\"icon\"><\/div>\n            <\/a>\n        <\/div>\n\n\t\t\t\t<\/div>\n\t\t\t\t<\/div>\n\t\t\t\t\t<\/div>\n\t\t\t\t<\/div>\n\t\t\t\t<\/div>\n\t\t","protected":false},"excerpt":{"rendered":"<p>Sustentabilidade Unimos for\u00e7as para promover o desenvolvimento sustent\u00e1vel Na Clece interpretamos o nosso compromisso com o progresso sustent\u00e1vel como um valor inerente da nossa cultura empresarial. Neste sentido, desenvolvemos todas as nossas atividades di\u00e1rias sob um modelo de gest\u00e3o que se orienta por crit\u00e9rios de sustentabilidade ASG (Ambiental, Social e Governan\u00e7a), contribuindo para a realiza\u00e7\u00e3o [&hellip;]<\/p>\n","protected":false},"author":3,"featured_media":0,"parent":0,"menu_order":0,"comment_status":"closed","ping_status":"closed","template":"","meta":{"_acf_changed":false,"footnotes":""},"class_list":["post-145238","page","type-page","status-publish","hentry"],"acf":[],"yoast_head":"<!-- This site is optimized with the Yoast SEO plugin v27.3 - https:\/\/yoast.com\/product\/yoast-seo-wordpress\/ -->\n<title>Sustentabilidade e desenvolvimento | Clece<\/title>\n<meta name=\"description\" content=\"A nossa atividade pauta-se por um modelo de gest\u00e3o que se orienta por crit\u00e9rios de sustentabilidade ASG (Ambiental, Social e Governan\u00e7a) para promover o desenvolvimento sustent\u00e1vel em linha com os ODS das Na\u00e7\u00f5es Unidas.\" \/>\n<meta name=\"robots\" content=\"index, follow, max-snippet:-1, max-image-preview:large, max-video-preview:-1\" \/>\n<link rel=\"canonical\" href=\"https:\/\/clece.es\/pt\/sustentabilidade\/\" \/>\n<meta property=\"og:locale\" content=\"pt_PT\" \/>\n<meta property=\"og:type\" content=\"article\" \/>\n<meta property=\"og:title\" content=\"Sustentabilidade e desenvolvimento | Clece\" \/>\n<meta property=\"og:description\" content=\"A nossa atividade pauta-se por um modelo de gest\u00e3o que se orienta por crit\u00e9rios de sustentabilidade ASG (Ambiental, Social e Governan\u00e7a) para promover o desenvolvimento sustent\u00e1vel em linha com os ODS das Na\u00e7\u00f5es Unidas.\" \/>\n<meta property=\"og:url\" content=\"https:\/\/clece.es\/pt\/sustentabilidade\/\" \/>\n<meta property=\"og:site_name\" content=\"Clece\" \/>\n<meta property=\"article:publisher\" content=\"https:\/\/www.facebook.com\/CleceSociedadAnonima\/\" \/>\n<meta property=\"article:modified_time\" content=\"2025-02-05T09:13:28+00:00\" \/>\n<meta name=\"twitter:card\" content=\"summary_large_image\" \/>\n<meta name=\"twitter:site\" content=\"@Clece_\" \/>\n<meta name=\"twitter:label1\" content=\"Est. reading time\" \/>\n\t<meta name=\"twitter:data1\" content=\"1 minute\" \/>\n<script type=\"application\/ld+json\" class=\"yoast-schema-graph\">{\"@context\":\"https:\\\/\\\/schema.org\",\"@graph\":[{\"@type\":\"WebPage\",\"@id\":\"https:\\\/\\\/clece.es\\\/pt\\\/sustentabilidade\\\/\",\"url\":\"https:\\\/\\\/clece.es\\\/pt\\\/sustentabilidade\\\/\",\"name\":\"Sustentabilidade e desenvolvimento | Clece\",\"isPartOf\":{\"@id\":\"https:\\\/\\\/clece.es\\\/es\\\/#website\"},\"datePublished\":\"2024-09-17T10:13:44+00:00\",\"dateModified\":\"2025-02-05T09:13:28+00:00\",\"description\":\"A nossa atividade pauta-se por um modelo de gest\u00e3o que se orienta por crit\u00e9rios de sustentabilidade ASG (Ambiental, Social e Governan\u00e7a) para promover o desenvolvimento sustent\u00e1vel em linha com os ODS das Na\u00e7\u00f5es Unidas.\",\"breadcrumb\":{\"@id\":\"https:\\\/\\\/clece.es\\\/pt\\\/sustentabilidade\\\/#breadcrumb\"},\"inLanguage\":\"pt\",\"potentialAction\":[{\"@type\":\"ReadAction\",\"target\":[\"https:\\\/\\\/clece.es\\\/pt\\\/sustentabilidade\\\/\"]}]},{\"@type\":\"BreadcrumbList\",\"@id\":\"https:\\\/\\\/clece.es\\\/pt\\\/sustentabilidade\\\/#breadcrumb\",\"itemListElement\":[{\"@type\":\"ListItem\",\"position\":1,\"name\":\"Portada\",\"item\":\"https:\\\/\\\/clece.es\\\/es\\\/\"},{\"@type\":\"ListItem\",\"position\":2,\"name\":\"Sustentabilidade\"}]},{\"@type\":\"WebSite\",\"@id\":\"https:\\\/\\\/clece.es\\\/es\\\/#website\",\"url\":\"https:\\\/\\\/clece.es\\\/es\\\/\",\"name\":\"Clece\",\"description\":\"\",\"publisher\":{\"@id\":\"https:\\\/\\\/clece.es\\\/es\\\/#organization\"},\"potentialAction\":[{\"@type\":\"SearchAction\",\"target\":{\"@type\":\"EntryPoint\",\"urlTemplate\":\"https:\\\/\\\/clece.es\\\/es\\\/?s={search_term_string}\"},\"query-input\":{\"@type\":\"PropertyValueSpecification\",\"valueRequired\":true,\"valueName\":\"search_term_string\"}}],\"inLanguage\":\"pt\"},{\"@type\":\"Organization\",\"@id\":\"https:\\\/\\\/clece.es\\\/es\\\/#organization\",\"name\":\"Grupo Clece\",\"url\":\"https:\\\/\\\/clece.es\\\/es\\\/\",\"logo\":{\"@type\":\"ImageObject\",\"inLanguage\":\"pt\",\"@id\":\"https:\\\/\\\/clece.es\\\/es\\\/#\\\/schema\\\/logo\\\/image\\\/\",\"url\":\"https:\\\/\\\/sitio2.utopiasl.eu\\\/wp-content\\\/uploads\\\/2024\\\/10\\\/Logotipos_filiales_Clece_logotipo.png\",\"contentUrl\":\"https:\\\/\\\/sitio2.utopiasl.eu\\\/wp-content\\\/uploads\\\/2024\\\/10\\\/Logotipos_filiales_Clece_logotipo.png\",\"width\":5000,\"height\":5000,\"caption\":\"Grupo Clece\"},\"image\":{\"@id\":\"https:\\\/\\\/clece.es\\\/es\\\/#\\\/schema\\\/logo\\\/image\\\/\"},\"sameAs\":[\"https:\\\/\\\/www.facebook.com\\\/CleceSociedadAnonima\\\/\",\"https:\\\/\\\/x.com\\\/Clece_\",\"https:\\\/\\\/www.linkedin.com\\\/company\\\/clece-sa\\\/\"]}]}<\/script>\n<!-- \/ Yoast SEO plugin. -->","yoast_head_json":{"title":"Sustentabilidade e desenvolvimento | Clece","description":"A nossa atividade pauta-se por um modelo de gest\u00e3o que se orienta por crit\u00e9rios de sustentabilidade ASG (Ambiental, Social e Governan\u00e7a) para promover o desenvolvimento sustent\u00e1vel em linha com os ODS das Na\u00e7\u00f5es Unidas.","robots":{"index":"index","follow":"follow","max-snippet":"max-snippet:-1","max-image-preview":"max-image-preview:large","max-video-preview":"max-video-preview:-1"},"canonical":"https:\/\/clece.es\/pt\/sustentabilidade\/","og_locale":"pt_PT","og_type":"article","og_title":"Sustentabilidade e desenvolvimento | Clece","og_description":"A nossa atividade pauta-se por um modelo de gest\u00e3o que se orienta por crit\u00e9rios de sustentabilidade ASG (Ambiental, Social e Governan\u00e7a) para promover o desenvolvimento sustent\u00e1vel em linha com os ODS das Na\u00e7\u00f5es Unidas.","og_url":"https:\/\/clece.es\/pt\/sustentabilidade\/","og_site_name":"Clece","article_publisher":"https:\/\/www.facebook.com\/CleceSociedadAnonima\/","article_modified_time":"2025-02-05T09:13:28+00:00","twitter_card":"summary_large_image","twitter_site":"@Clece_","twitter_misc":{"Est. reading time":"1 minute"},"schema":{"@context":"https:\/\/schema.org","@graph":[{"@type":"WebPage","@id":"https:\/\/clece.es\/pt\/sustentabilidade\/","url":"https:\/\/clece.es\/pt\/sustentabilidade\/","name":"Sustentabilidade e desenvolvimento | Clece","isPartOf":{"@id":"https:\/\/clece.es\/es\/#website"},"datePublished":"2024-09-17T10:13:44+00:00","dateModified":"2025-02-05T09:13:28+00:00","description":"A nossa atividade pauta-se por um modelo de gest\u00e3o que se orienta por crit\u00e9rios de sustentabilidade ASG (Ambiental, Social e Governan\u00e7a) para promover o desenvolvimento sustent\u00e1vel em linha com os ODS das Na\u00e7\u00f5es Unidas.","breadcrumb":{"@id":"https:\/\/clece.es\/pt\/sustentabilidade\/#breadcrumb"},"inLanguage":"pt","potentialAction":[{"@type":"ReadAction","target":["https:\/\/clece.es\/pt\/sustentabilidade\/"]}]},{"@type":"BreadcrumbList","@id":"https:\/\/clece.es\/pt\/sustentabilidade\/#breadcrumb","itemListElement":[{"@type":"ListItem","position":1,"name":"Portada","item":"https:\/\/clece.es\/es\/"},{"@type":"ListItem","position":2,"name":"Sustentabilidade"}]},{"@type":"WebSite","@id":"https:\/\/clece.es\/es\/#website","url":"https:\/\/clece.es\/es\/","name":"Clece","description":"","publisher":{"@id":"https:\/\/clece.es\/es\/#organization"},"potentialAction":[{"@type":"SearchAction","target":{"@type":"EntryPoint","urlTemplate":"https:\/\/clece.es\/es\/?s={search_term_string}"},"query-input":{"@type":"PropertyValueSpecification","valueRequired":true,"valueName":"search_term_string"}}],"inLanguage":"pt"},{"@type":"Organization","@id":"https:\/\/clece.es\/es\/#organization","name":"Grupo Clece","url":"https:\/\/clece.es\/es\/","logo":{"@type":"ImageObject","inLanguage":"pt","@id":"https:\/\/clece.es\/es\/#\/schema\/logo\/image\/","url":"https:\/\/sitio2.utopiasl.eu\/wp-content\/uploads\/2024\/10\/Logotipos_filiales_Clece_logotipo.png","contentUrl":"https:\/\/sitio2.utopiasl.eu\/wp-content\/uploads\/2024\/10\/Logotipos_filiales_Clece_logotipo.png","width":5000,"height":5000,"caption":"Grupo Clece"},"image":{"@id":"https:\/\/clece.es\/es\/#\/schema\/logo\/image\/"},"sameAs":["https:\/\/www.facebook.com\/CleceSociedadAnonima\/","https:\/\/x.com\/Clece_","https:\/\/www.linkedin.com\/company\/clece-sa\/"]}]}},"_links":{"self":[{"href":"https:\/\/clece.es\/pt\/wp-json\/wp\/v2\/pages\/145238","targetHints":{"allow":["GET"]}}],"collection":[{"href":"https:\/\/clece.es\/pt\/wp-json\/wp\/v2\/pages"}],"about":[{"href":"https:\/\/clece.es\/pt\/wp-json\/wp\/v2\/types\/page"}],"author":[{"embeddable":true,"href":"https:\/\/clece.es\/pt\/wp-json\/wp\/v2\/users\/3"}],"replies":[{"embeddable":true,"href":"https:\/\/clece.es\/pt\/wp-json\/wp\/v2\/comments?post=145238"}],"version-history":[{"count":3,"href":"https:\/\/clece.es\/pt\/wp-json\/wp\/v2\/pages\/145238\/revisions"}],"predecessor-version":[{"id":145672,"href":"https:\/\/clece.es\/pt\/wp-json\/wp\/v2\/pages\/145238\/revisions\/145672"}],"wp:attachment":[{"href":"https:\/\/clece.es\/pt\/wp-json\/wp\/v2\/media?parent=145238"}],"curies":[{"name":"wp","href":"https:\/\/api.w.org\/{rel}","templated":true}]}}