{"id":145240,"date":"2024-09-17T10:13:34","date_gmt":"2024-09-17T10:13:34","guid":{"rendered":"https:\/\/sitio2.utopiasl.eu\/inovacao\/"},"modified":"2025-09-11T10:36:04","modified_gmt":"2025-09-11T10:36:04","slug":"inovacao","status":"publish","type":"page","link":"https:\/\/clece.es\/pt\/inovacao\/","title":{"rendered":"Inova\u00e7\u00e3o"},"content":{"rendered":"\t\t<div data-elementor-type=\"wp-page\" data-elementor-id=\"145240\" class=\"elementor elementor-145240 elementor-73\" data-elementor-post-type=\"page\">\n\t\t\t\t<div class=\"elementor-element elementor-element-56c0203 e-con-full e-flex e-con e-parent\" data-id=\"56c0203\" data-element_type=\"container\" data-e-type=\"container\" data-settings=\"{&quot;background_background&quot;:&quot;classic&quot;}\">\n\t\t<div class=\"elementor-element elementor-element-756d0fd e-con-full e-flex e-con e-child\" data-id=\"756d0fd\" data-element_type=\"container\" data-e-type=\"container\">\n\t\t<div class=\"elementor-element elementor-element-8286db4 e-con-full e-flex e-con e-child\" data-id=\"8286db4\" data-element_type=\"container\" data-e-type=\"container\">\n\t\t\t\t<div class=\"elementor-element elementor-element-7d190d1 elementor-widget elementor-widget-heading\" data-id=\"7d190d1\" data-element_type=\"widget\" data-e-type=\"widget\" data-widget_type=\"heading.default\">\n\t\t\t\t<div class=\"elementor-widget-container\">\n\t\t\t\t\t<h2 class=\"elementor-heading-title elementor-size-default\">Inova\u00e7\u00e3o<\/h2>\t\t\t\t<\/div>\n\t\t\t\t<\/div>\n\t\t\t\t<div class=\"elementor-element elementor-element-94bd6ed elementor-widget elementor-widget-heading\" data-id=\"94bd6ed\" data-element_type=\"widget\" data-e-type=\"widget\" data-widget_type=\"heading.default\">\n\t\t\t\t<div class=\"elementor-widget-container\">\n\t\t\t\t\t<h2 class=\"elementor-heading-title elementor-size-default\">Na vanguarda do sector<\/h2>\t\t\t\t<\/div>\n\t\t\t\t<\/div>\n\t\t\t\t<div class=\"elementor-element elementor-element-8b8252c elementor-widget elementor-widget-text-editor\" data-id=\"8b8252c\" data-element_type=\"widget\" data-e-type=\"widget\" data-widget_type=\"text-editor.default\">\n\t\t\t\t<div class=\"elementor-widget-container\">\n\t\t\t\t\t\t\t\t\t<p>A globalidade da atividade da Clece \u00e9 complementada com solu\u00e7\u00f5es inovadoras numa vertente dupla: social e tecnol\u00f3gica. Para tal, contamos com o CleceLab, uma unidade especializada no desenvolvimento de projetos, permanentemente atenta \u00e0s \u00faltimas tend\u00eancias para as incorporar tanto nos seus pr\u00f3prios processos como nas solu\u00e7\u00f5es adaptadas \u00e0s necessidades de cada servi\u00e7o.<\/p>\t\t\t\t\t\t\t\t<\/div>\n\t\t\t\t<\/div>\n\t\t\t\t<\/div>\n\t\t\t\t<\/div>\n\t\t<div class=\"elementor-element elementor-element-5a1d908 e-con-full e-flex e-con e-child\" data-id=\"5a1d908\" data-element_type=\"container\" data-e-type=\"container\" data-settings=\"{&quot;background_background&quot;:&quot;classic&quot;}\">\n\t\t\t\t<\/div>\n\t\t\t\t<\/div>\n\t\t<div class=\"elementor-element elementor-element-a2f6625 e-grid e-con-boxed e-con e-parent\" data-id=\"a2f6625\" data-element_type=\"container\" data-e-type=\"container\">\n\t\t\t\t\t<div class=\"e-con-inner\">\n\t\t<div class=\"elementor-element elementor-element-4762928 e-con-full e-flex e-con e-child\" data-id=\"4762928\" data-element_type=\"container\" data-e-type=\"container\" data-settings=\"{&quot;background_background&quot;:&quot;classic&quot;}\">\n\t\t<div class=\"elementor-element elementor-element-60f6a90 e-con-full e-flex e-con e-child\" data-id=\"60f6a90\" data-element_type=\"container\" data-e-type=\"container\" data-settings=\"{&quot;background_background&quot;:&quot;classic&quot;}\">\n\t\t\t\t<\/div>\n\t\t<div class=\"elementor-element elementor-element-b8965d3 e-con-full e-flex e-con e-child\" data-id=\"b8965d3\" data-element_type=\"container\" data-e-type=\"container\">\n\t\t\t\t<div class=\"elementor-element elementor-element-7c0fc74 elementor-widget elementor-widget-heading\" data-id=\"7c0fc74\" data-element_type=\"widget\" data-e-type=\"widget\" data-widget_type=\"heading.default\">\n\t\t\t\t<div class=\"elementor-widget-container\">\n\t\t\t\t\t<h2 class=\"elementor-heading-title elementor-size-default\">Inova\u00e7\u00e3o social<\/h2>\t\t\t\t<\/div>\n\t\t\t\t<\/div>\n\t\t\t\t<div class=\"elementor-element elementor-element-009a638 elementor-widget elementor-widget-text-editor\" data-id=\"009a638\" data-element_type=\"widget\" data-e-type=\"widget\" data-widget_type=\"text-editor.default\">\n\t\t\t\t<div class=\"elementor-widget-container\">\n\t\t\t\t\t\t\t\t\t<p>Idealizamos projetos pioneiros e originais para responder a problemas graves da sociedade.<\/p>\t\t\t\t\t\t\t\t<\/div>\n\t\t\t\t<\/div>\n\t\t\t\t<div class=\"elementor-element elementor-element-20ecf0b elementor-widget elementor-widget-button-arrow-widget\" data-id=\"20ecf0b\" data-element_type=\"widget\" data-e-type=\"widget\" data-widget_type=\"button-arrow-widget.default\">\n\t\t\t\t<div class=\"elementor-widget-container\">\n\t\t\t\t\t\n        <div class=\"button-arrow-widget-container widget-69dd0facf2742\">\n            <a\n                href=\"\/pt\/inovacao\/social\/\"\n                class=\"button-arrow\"\n                href=\"\/pt\/inovacao\/social\/\">\n                <div class=\"btn-icon\">\n                                    <\/div>\n                <span class=\"btn-text\">Ver mais<\/span>\n                <div class=\"icon\"><\/div>\n            <\/a>\n        <\/div>\n\n\t\t\t\t<\/div>\n\t\t\t\t<\/div>\n\t\t\t\t<\/div>\n\t\t\t\t<\/div>\n\t\t<div class=\"elementor-element elementor-element-1424ec6 e-con-full e-flex e-con e-child\" data-id=\"1424ec6\" data-element_type=\"container\" data-e-type=\"container\" data-settings=\"{&quot;background_background&quot;:&quot;classic&quot;}\">\n\t\t<div class=\"elementor-element elementor-element-2d94f23 e-con-full e-flex e-con e-child\" data-id=\"2d94f23\" data-element_type=\"container\" data-e-type=\"container\" data-settings=\"{&quot;background_background&quot;:&quot;classic&quot;}\">\n\t\t\t\t<\/div>\n\t\t<div class=\"elementor-element elementor-element-8569e57 e-con-full e-flex e-con e-child\" data-id=\"8569e57\" data-element_type=\"container\" data-e-type=\"container\">\n\t\t\t\t<div class=\"elementor-element elementor-element-52b3a9f elementor-widget elementor-widget-heading\" data-id=\"52b3a9f\" data-element_type=\"widget\" data-e-type=\"widget\" data-widget_type=\"heading.default\">\n\t\t\t\t<div class=\"elementor-widget-container\">\n\t\t\t\t\t<h2 class=\"elementor-heading-title elementor-size-default\">Inova\u00e7\u00e3o tecnol\u00f3gica<\/h2>\t\t\t\t<\/div>\n\t\t\t\t<\/div>\n\t\t\t\t<div class=\"elementor-element elementor-element-e8a1427 elementor-widget elementor-widget-text-editor\" data-id=\"e8a1427\" data-element_type=\"widget\" data-e-type=\"widget\" data-widget_type=\"text-editor.default\">\n\t\t\t\t<div class=\"elementor-widget-container\">\n\t\t\t\t\t\t\t\t\t<p>Adaptamos as solu\u00e7\u00f5es \u00e0s necessidades dos nossos clientes e dos utentes dos servi\u00e7os que prestamos.<\/p>\t\t\t\t\t\t\t\t<\/div>\n\t\t\t\t<\/div>\n\t\t\t\t<div class=\"elementor-element elementor-element-17767f5 elementor-widget elementor-widget-button-arrow-widget\" data-id=\"17767f5\" data-element_type=\"widget\" data-e-type=\"widget\" data-widget_type=\"button-arrow-widget.default\">\n\t\t\t\t<div class=\"elementor-widget-container\">\n\t\t\t\t\t\n        <div class=\"button-arrow-widget-container widget-69dd0facf35f4\">\n            <a\n                href=\"\/pt\/inovacao\/tecnologica\/\"\n                class=\"button-arrow\"\n                href=\"\/pt\/inovacao\/tecnologica\/\">\n                <div class=\"btn-icon\">\n                                    <\/div>\n                <span class=\"btn-text\">Ver mais<\/span>\n                <div class=\"icon\"><\/div>\n            <\/a>\n        <\/div>\n\n\t\t\t\t<\/div>\n\t\t\t\t<\/div>\n\t\t\t\t<\/div>\n\t\t\t\t<\/div>\n\t\t\t\t\t<\/div>\n\t\t\t\t<\/div>\n\t\t\t\t<\/div>\n\t\t","protected":false},"excerpt":{"rendered":"<p>Inova\u00e7\u00e3o Na vanguarda do sector A globalidade da atividade da Clece \u00e9 complementada com solu\u00e7\u00f5es inovadoras numa vertente dupla: social e tecnol\u00f3gica. Para tal, contamos com o CleceLab, uma unidade especializada no desenvolvimento de projetos, permanentemente atenta \u00e0s \u00faltimas tend\u00eancias para as incorporar tanto nos seus pr\u00f3prios processos como nas solu\u00e7\u00f5es adaptadas \u00e0s necessidades de [&hellip;]<\/p>\n","protected":false},"author":3,"featured_media":0,"parent":0,"menu_order":0,"comment_status":"closed","ping_status":"closed","template":"","meta":{"_acf_changed":false,"footnotes":""},"class_list":["post-145240","page","type-page","status-publish","hentry"],"acf":[],"yoast_head":"<!-- This site is optimized with the Yoast SEO plugin v27.3 - https:\/\/yoast.com\/product\/yoast-seo-wordpress\/ -->\n<title>Inova\u00e7\u00e3o de vanguarda em todos os sectores | Clece<\/title>\n<meta name=\"description\" content=\"Oferecemos solu\u00e7\u00f5es inovadoras com uma abordagem social e tecnol\u00f3gica, adaptadas \u00e0s necessidades de cada servi\u00e7o. O CleceLab, na vanguarda do sector, \u00e9 a nossa unidade de desenvolvimento de projetos que acompanham as \u00faltimas tend\u00eancias.\" \/>\n<meta name=\"robots\" content=\"index, follow, max-snippet:-1, max-image-preview:large, max-video-preview:-1\" \/>\n<link rel=\"canonical\" href=\"https:\/\/clece.es\/pt\/inovacao\/\" \/>\n<meta property=\"og:locale\" content=\"pt_PT\" \/>\n<meta property=\"og:type\" content=\"article\" \/>\n<meta property=\"og:title\" content=\"Inova\u00e7\u00e3o de vanguarda em todos os sectores | Clece\" \/>\n<meta property=\"og:description\" content=\"Oferecemos solu\u00e7\u00f5es inovadoras com uma abordagem social e tecnol\u00f3gica, adaptadas \u00e0s necessidades de cada servi\u00e7o. O CleceLab, na vanguarda do sector, \u00e9 a nossa unidade de desenvolvimento de projetos que acompanham as \u00faltimas tend\u00eancias.\" \/>\n<meta property=\"og:url\" content=\"https:\/\/clece.es\/pt\/inovacao\/\" \/>\n<meta property=\"og:site_name\" content=\"Clece\" \/>\n<meta property=\"article:publisher\" content=\"https:\/\/www.facebook.com\/CleceSociedadAnonima\/\" \/>\n<meta property=\"article:modified_time\" content=\"2025-09-11T10:36:04+00:00\" \/>\n<meta property=\"og:image\" content=\"https:\/\/clece.es\/wp-content\/uploads\/2024\/11\/SIG_Innovacion_350x300px_Clece.jpg\" \/>\n\t<meta property=\"og:image:width\" content=\"350\" \/>\n\t<meta property=\"og:image:height\" content=\"300\" \/>\n\t<meta property=\"og:image:type\" content=\"image\/jpeg\" \/>\n<meta name=\"twitter:card\" content=\"summary_large_image\" \/>\n<meta name=\"twitter:title\" content=\"Inova\u00e7\u00e3o de vanguarda em todos os sectores | Clece\" \/>\n<meta name=\"twitter:description\" content=\"Oferecemos solu\u00e7\u00f5es inovadoras com uma abordagem social e tecnol\u00f3gica, adaptadas \u00e0s necessidades de cada servi\u00e7o. O CleceLab, na vanguarda do sector, \u00e9 a nossa unidade de desenvolvimento de projetos que acompanham as \u00faltimas tend\u00eancias.\" \/>\n<meta name=\"twitter:image\" content=\"https:\/\/clece.es\/wp-content\/uploads\/2024\/11\/SIG_Innovacion_350x300px_Clece.jpg\" \/>\n<meta name=\"twitter:site\" content=\"@Clece_\" \/>\n<meta name=\"twitter:label1\" content=\"Est. reading time\" \/>\n\t<meta name=\"twitter:data1\" content=\"1 minute\" \/>\n<script type=\"application\/ld+json\" class=\"yoast-schema-graph\">{\"@context\":\"https:\\\/\\\/schema.org\",\"@graph\":[{\"@type\":\"WebPage\",\"@id\":\"https:\\\/\\\/clece.es\\\/pt\\\/inovacao\\\/\",\"url\":\"https:\\\/\\\/clece.es\\\/pt\\\/inovacao\\\/\",\"name\":\"Inova\u00e7\u00e3o de vanguarda em todos os sectores | Clece\",\"isPartOf\":{\"@id\":\"https:\\\/\\\/clece.es\\\/es\\\/#website\"},\"datePublished\":\"2024-09-17T10:13:34+00:00\",\"dateModified\":\"2025-09-11T10:36:04+00:00\",\"description\":\"Oferecemos solu\u00e7\u00f5es inovadoras com uma abordagem social e tecnol\u00f3gica, adaptadas \u00e0s necessidades de cada servi\u00e7o. O CleceLab, na vanguarda do sector, \u00e9 a nossa unidade de desenvolvimento de projetos que acompanham as \u00faltimas tend\u00eancias.\",\"breadcrumb\":{\"@id\":\"https:\\\/\\\/clece.es\\\/pt\\\/inovacao\\\/#breadcrumb\"},\"inLanguage\":\"pt\",\"potentialAction\":[{\"@type\":\"ReadAction\",\"target\":[\"https:\\\/\\\/clece.es\\\/pt\\\/inovacao\\\/\"]}]},{\"@type\":\"BreadcrumbList\",\"@id\":\"https:\\\/\\\/clece.es\\\/pt\\\/inovacao\\\/#breadcrumb\",\"itemListElement\":[{\"@type\":\"ListItem\",\"position\":1,\"name\":\"Portada\",\"item\":\"https:\\\/\\\/clece.es\\\/es\\\/\"},{\"@type\":\"ListItem\",\"position\":2,\"name\":\"Inova\u00e7\u00e3o\"}]},{\"@type\":\"WebSite\",\"@id\":\"https:\\\/\\\/clece.es\\\/es\\\/#website\",\"url\":\"https:\\\/\\\/clece.es\\\/es\\\/\",\"name\":\"Clece\",\"description\":\"\",\"publisher\":{\"@id\":\"https:\\\/\\\/clece.es\\\/es\\\/#organization\"},\"potentialAction\":[{\"@type\":\"SearchAction\",\"target\":{\"@type\":\"EntryPoint\",\"urlTemplate\":\"https:\\\/\\\/clece.es\\\/es\\\/?s={search_term_string}\"},\"query-input\":{\"@type\":\"PropertyValueSpecification\",\"valueRequired\":true,\"valueName\":\"search_term_string\"}}],\"inLanguage\":\"pt\"},{\"@type\":\"Organization\",\"@id\":\"https:\\\/\\\/clece.es\\\/es\\\/#organization\",\"name\":\"Grupo Clece\",\"url\":\"https:\\\/\\\/clece.es\\\/es\\\/\",\"logo\":{\"@type\":\"ImageObject\",\"inLanguage\":\"pt\",\"@id\":\"https:\\\/\\\/clece.es\\\/es\\\/#\\\/schema\\\/logo\\\/image\\\/\",\"url\":\"https:\\\/\\\/sitio2.utopiasl.eu\\\/wp-content\\\/uploads\\\/2024\\\/10\\\/Logotipos_filiales_Clece_logotipo.png\",\"contentUrl\":\"https:\\\/\\\/sitio2.utopiasl.eu\\\/wp-content\\\/uploads\\\/2024\\\/10\\\/Logotipos_filiales_Clece_logotipo.png\",\"width\":5000,\"height\":5000,\"caption\":\"Grupo Clece\"},\"image\":{\"@id\":\"https:\\\/\\\/clece.es\\\/es\\\/#\\\/schema\\\/logo\\\/image\\\/\"},\"sameAs\":[\"https:\\\/\\\/www.facebook.com\\\/CleceSociedadAnonima\\\/\",\"https:\\\/\\\/x.com\\\/Clece_\",\"https:\\\/\\\/www.linkedin.com\\\/company\\\/clece-sa\\\/\"]}]}<\/script>\n<!-- \/ Yoast SEO plugin. -->","yoast_head_json":{"title":"Inova\u00e7\u00e3o de vanguarda em todos os sectores | Clece","description":"Oferecemos solu\u00e7\u00f5es inovadoras com uma abordagem social e tecnol\u00f3gica, adaptadas \u00e0s necessidades de cada servi\u00e7o. O CleceLab, na vanguarda do sector, \u00e9 a nossa unidade de desenvolvimento de projetos que acompanham as \u00faltimas tend\u00eancias.","robots":{"index":"index","follow":"follow","max-snippet":"max-snippet:-1","max-image-preview":"max-image-preview:large","max-video-preview":"max-video-preview:-1"},"canonical":"https:\/\/clece.es\/pt\/inovacao\/","og_locale":"pt_PT","og_type":"article","og_title":"Inova\u00e7\u00e3o de vanguarda em todos os sectores | Clece","og_description":"Oferecemos solu\u00e7\u00f5es inovadoras com uma abordagem social e tecnol\u00f3gica, adaptadas \u00e0s necessidades de cada servi\u00e7o. O CleceLab, na vanguarda do sector, \u00e9 a nossa unidade de desenvolvimento de projetos que acompanham as \u00faltimas tend\u00eancias.","og_url":"https:\/\/clece.es\/pt\/inovacao\/","og_site_name":"Clece","article_publisher":"https:\/\/www.facebook.com\/CleceSociedadAnonima\/","article_modified_time":"2025-09-11T10:36:04+00:00","og_image":[{"width":350,"height":300,"url":"https:\/\/clece.es\/wp-content\/uploads\/2024\/11\/SIG_Innovacion_350x300px_Clece.jpg","type":"image\/jpeg"}],"twitter_card":"summary_large_image","twitter_title":"Inova\u00e7\u00e3o de vanguarda em todos os sectores | Clece","twitter_description":"Oferecemos solu\u00e7\u00f5es inovadoras com uma abordagem social e tecnol\u00f3gica, adaptadas \u00e0s necessidades de cada servi\u00e7o. O CleceLab, na vanguarda do sector, \u00e9 a nossa unidade de desenvolvimento de projetos que acompanham as \u00faltimas tend\u00eancias.","twitter_image":"https:\/\/clece.es\/wp-content\/uploads\/2024\/11\/SIG_Innovacion_350x300px_Clece.jpg","twitter_site":"@Clece_","twitter_misc":{"Est. reading time":"1 minute"},"schema":{"@context":"https:\/\/schema.org","@graph":[{"@type":"WebPage","@id":"https:\/\/clece.es\/pt\/inovacao\/","url":"https:\/\/clece.es\/pt\/inovacao\/","name":"Inova\u00e7\u00e3o de vanguarda em todos os sectores | Clece","isPartOf":{"@id":"https:\/\/clece.es\/es\/#website"},"datePublished":"2024-09-17T10:13:34+00:00","dateModified":"2025-09-11T10:36:04+00:00","description":"Oferecemos solu\u00e7\u00f5es inovadoras com uma abordagem social e tecnol\u00f3gica, adaptadas \u00e0s necessidades de cada servi\u00e7o. O CleceLab, na vanguarda do sector, \u00e9 a nossa unidade de desenvolvimento de projetos que acompanham as \u00faltimas tend\u00eancias.","breadcrumb":{"@id":"https:\/\/clece.es\/pt\/inovacao\/#breadcrumb"},"inLanguage":"pt","potentialAction":[{"@type":"ReadAction","target":["https:\/\/clece.es\/pt\/inovacao\/"]}]},{"@type":"BreadcrumbList","@id":"https:\/\/clece.es\/pt\/inovacao\/#breadcrumb","itemListElement":[{"@type":"ListItem","position":1,"name":"Portada","item":"https:\/\/clece.es\/es\/"},{"@type":"ListItem","position":2,"name":"Inova\u00e7\u00e3o"}]},{"@type":"WebSite","@id":"https:\/\/clece.es\/es\/#website","url":"https:\/\/clece.es\/es\/","name":"Clece","description":"","publisher":{"@id":"https:\/\/clece.es\/es\/#organization"},"potentialAction":[{"@type":"SearchAction","target":{"@type":"EntryPoint","urlTemplate":"https:\/\/clece.es\/es\/?s={search_term_string}"},"query-input":{"@type":"PropertyValueSpecification","valueRequired":true,"valueName":"search_term_string"}}],"inLanguage":"pt"},{"@type":"Organization","@id":"https:\/\/clece.es\/es\/#organization","name":"Grupo Clece","url":"https:\/\/clece.es\/es\/","logo":{"@type":"ImageObject","inLanguage":"pt","@id":"https:\/\/clece.es\/es\/#\/schema\/logo\/image\/","url":"https:\/\/sitio2.utopiasl.eu\/wp-content\/uploads\/2024\/10\/Logotipos_filiales_Clece_logotipo.png","contentUrl":"https:\/\/sitio2.utopiasl.eu\/wp-content\/uploads\/2024\/10\/Logotipos_filiales_Clece_logotipo.png","width":5000,"height":5000,"caption":"Grupo Clece"},"image":{"@id":"https:\/\/clece.es\/es\/#\/schema\/logo\/image\/"},"sameAs":["https:\/\/www.facebook.com\/CleceSociedadAnonima\/","https:\/\/x.com\/Clece_","https:\/\/www.linkedin.com\/company\/clece-sa\/"]}]}},"_links":{"self":[{"href":"https:\/\/clece.es\/pt\/wp-json\/wp\/v2\/pages\/145240","targetHints":{"allow":["GET"]}}],"collection":[{"href":"https:\/\/clece.es\/pt\/wp-json\/wp\/v2\/pages"}],"about":[{"href":"https:\/\/clece.es\/pt\/wp-json\/wp\/v2\/types\/page"}],"author":[{"embeddable":true,"href":"https:\/\/clece.es\/pt\/wp-json\/wp\/v2\/users\/3"}],"replies":[{"embeddable":true,"href":"https:\/\/clece.es\/pt\/wp-json\/wp\/v2\/comments?post=145240"}],"version-history":[{"count":4,"href":"https:\/\/clece.es\/pt\/wp-json\/wp\/v2\/pages\/145240\/revisions"}],"predecessor-version":[{"id":149670,"href":"https:\/\/clece.es\/pt\/wp-json\/wp\/v2\/pages\/145240\/revisions\/149670"}],"wp:attachment":[{"href":"https:\/\/clece.es\/pt\/wp-json\/wp\/v2\/media?parent=145240"}],"curies":[{"name":"wp","href":"https:\/\/api.w.org\/{rel}","templated":true}]}}